{"id":1954,"date":"2019-05-22T19:22:21","date_gmt":"2019-05-22T19:22:21","guid":{"rendered":"http:\/\/icrpolska.e-ksperci.pl\/?page_id=1954"},"modified":"2022-09-07T23:07:25","modified_gmt":"2022-09-07T21:07:25","slug":"iso-22000","status":"publish","type":"page","link":"https:\/\/icrpolska.com\/cn\/certyfikacja-systemow\/iso-22000\/","title":{"rendered":"ISO 22000"},"content":{"rendered":"<p>ISO 22000\u89c4\u5b9a\u4e86\u98df\u54c1\u94fe\u7ec4\u7ec7\u7684\u98df\u54c1\u5b89\u5168\u7ba1\u7406\u4f53\u7cfb\u7684\u8981\u6c42\uff0c\u5fc5\u987b\u8bc1\u660e\u6709\u80fd\u529b\u63a7\u5236\u98df\u54c1\u5b89\u5168\u5371\u5bb3\uff0c\u4ee5\u786e\u4fdd\u98df\u54c1\u53ef\u4f9b\u4eba\u7c7b\u5b89\u5168\u98df\u7528\u3002<\/p>\n<p>\u8be5\u6807\u51c6\u9002\u7528\u4e8e\u6240\u6709\u53c2\u4e0e\u98df\u54c1\u94fe\u4efb\u4f55\u9636\u6bb5\u7684\u7ec4\u7ec7\uff0c\u65e0\u8bba\u5176\u89c4\u6a21\u5982\u4f55\uff0c\u5e76\u5e0c\u671b\u5b9e\u65bd\u80fd\u591f\u63d0\u4f9b\u5b89\u5168\u98df\u54c1\u7684\u7cfb\u7edf\u3002<\/p>\n<p><strong>ISO 22000\u6807\u51c6\u7684\u597d\u5904\uff1a<\/strong><\/p>\n<ul>\n<li>\u4f7f\u4f60\u80fd\u591f\u786e\u8ba4\u4f60\u5bf9\u63d0\u4f9b\u5b89\u5168\u3001\u9ad8\u8d28\u91cf\u98df\u54c1\u7684\u627f\u8bfa<\/li>\n<li>\u6709\u52a9\u4e8e\u9075\u5b88\u6cd5\u5f8b\u548c\u76d1\u7ba1\u4e49\u52a1<\/li>\n<li>\u589e\u52a0\u4e86\u6ee1\u8db3\u96f6\u552e\u5ba2\u6237\u8981\u6c42\u7684\u80fd\u529b\uff0c\u56e0\u6b64\u662f\u4e00\u79cd\u4ea4\u6613\u8bb8\u53ef\u8bc1<\/li>\n<li>\u9002\u7528\u4e8e\u53c2\u4e0e\u5168\u7403\u98df\u54c1\u4f9b\u5e94\u94fe\u7684\u6240\u6709\u7ec4\u7ec7<\/li>\n<li class=\"translation-block\">\u83b7\u5f97<strong>ISO 22000<\/strong>\u8ba4\u8bc1\u5c06\u63d0\u9ad8\u516c\u53f8\u7684\u58f0\u8a89\u3001\u54c1\u724c\u548c\u5f62\u8c61\u3002<\/li>\n<\/ul>","protected":false},"excerpt":{"rendered":"<p>ISO 22000 \u89c4\u5b9a\u4e86\u98df\u54c1\u94fe\u7ec4\u7ec7\u7684\u98df\u54c1\u5b89\u5168\u7ba1\u7406\u4f53\u7cfb\u8981\u6c42\uff0c\u8fd9\u4e9b\u7ec4\u7ec7\u5fc5\u987b\u8bc1\u660e\u6709\u80fd\u529b\u63a7\u5236\u98df\u54c1\u5b89\u5168\u5371\u5bb3\uff0c\u4ee5\u786e\u4fdd\u98df\u54c1\u53ef\u4f9b\u4eba\u7c7b\u5b89\u5168\u98df\u7528\u3002\u8be5\u6807\u51c6\u9002\u7528\u4e8e\u6240\u6709\u53c2\u4e0e\u98df\u7269\u94fe\u4efb\u4f55\u9636\u6bb5\u5e76\u5e0c\u671b\u5b9e\u65bd\u7cfb\u7edf\u7684\u7ec4\u7ec7\uff0c\u65e0\u8bba\u5176\u89c4\u6a21\u5927\u5c0f...&nbsp;<a href=\"https:\/\/icrpolska.com\/cn\/certyfikacja-systemow\/iso-22000\/\" rel=\"bookmark\">\u9605\u8bfb\u66f4\u591a \"<span class=\"screen-reader-text\">ISO 22000<\/span><\/a><\/p>","protected":false},"author":1,"featured_media":1067,"parent":162,"menu_order":0,"comment_status":"closed","ping_status":"closed","template":"","meta":{"neve_meta_sidebar":"","neve_meta_container":"","neve_meta_enable_content_width":"off","neve_meta_content_width":70,"neve_meta_title_alignment":"","neve_meta_author_avatar":"","neve_post_elements_order":"","neve_meta_disable_header":"","neve_meta_disable_footer":"","neve_meta_disable_title":"","footnotes":""},"class_list":["post-1954","page","type-page","status-publish","has-post-thumbnail","hentry"],"yoast_head":"<!-- This site is optimized with the Yoast SEO plugin v27.3 - https:\/\/yoast.com\/product\/yoast-seo-wordpress\/ -->\n<title>ISO 22000 - ICR POLSKA - badania i certyfikacja<\/title>\n<meta name=\"robots\" content=\"index, follow, max-snippet:-1, max-image-preview:large, max-video-preview:-1\" \/>\n<link rel=\"canonical\" href=\"https:\/\/icrpolska.com\/cn\/certyfikacja-systemow\/iso-22000\/\" \/>\n<meta property=\"og:locale\" content=\"zh_CN\" \/>\n<meta property=\"og:type\" content=\"article\" \/>\n<meta property=\"og:title\" content=\"ISO 22000 - ICR POLSKA - badania i certyfikacja\" \/>\n<meta property=\"og:description\" content=\"ISO 22000 okre\u015bla wymagania systemu zarz\u0105dzania bezpiecze\u0144stwem \u017cywno\u015bci w organizacjach z \u0142a\u0144cucha \u017cywno\u015bciowego, kt\u00f3re musz\u0105 wykaza\u0107 zdolno\u015b\u0107 do kontroli zagro\u017ce\u0144 bezpiecze\u0144stwa \u017cywno\u015bci w celu zapewnienia, \u017ce \u200b\u200b\u017cywno\u015b\u0107 jest bezpieczna w czasie spo\u017cycia przez ludzi. Standard ma zastosowanie we wszystkich organizacjach, niezale\u017cnie od wielko\u015bci, kt\u00f3re bior\u0105 udzia\u0142 w dowolnym etapie \u0142a\u0144cucha \u017cywno\u015bciowego i chc\u0105 wdro\u017cy\u0107 systemy,&hellip;&nbsp;\u9605\u8bfb\u66f4\u591a &raquo;ISO 22000\" \/>\n<meta property=\"og:url\" content=\"https:\/\/icrpolska.com\/cn\/certyfikacja-systemow\/iso-22000\/\" \/>\n<meta property=\"og:site_name\" content=\"ICR POLSKA - badania i certyfikacja\" \/>\n<meta property=\"article:modified_time\" content=\"2022-09-07T21:07:25+00:00\" \/>\n<meta name=\"twitter:card\" content=\"summary_large_image\" \/>\n<meta name=\"twitter:label1\" content=\"\u9884\u8ba1\u9605\u8bfb\u65f6\u95f4\" \/>\n\t<meta name=\"twitter:data1\" content=\"1 \u5206\" \/>\n<script type=\"application\/ld+json\" class=\"yoast-schema-graph\">{\"@context\":\"https:\\\/\\\/schema.org\",\"@graph\":[{\"@type\":\"WebPage\",\"@id\":\"https:\\\/\\\/icrpolska.com\\\/certyfikacja-systemow\\\/iso-22000\\\/\",\"url\":\"https:\\\/\\\/icrpolska.com\\\/certyfikacja-systemow\\\/iso-22000\\\/\",\"name\":\"ISO 22000 - ICR POLSKA - badania i certyfikacja\",\"isPartOf\":{\"@id\":\"https:\\\/\\\/icrpolska.com\\\/#website\"},\"primaryImageOfPage\":{\"@id\":\"https:\\\/\\\/icrpolska.com\\\/certyfikacja-systemow\\\/iso-22000\\\/#primaryimage\"},\"image\":{\"@id\":\"https:\\\/\\\/icrpolska.com\\\/certyfikacja-systemow\\\/iso-22000\\\/#primaryimage\"},\"thumbnailUrl\":\"\",\"datePublished\":\"2019-05-22T19:22:21+00:00\",\"dateModified\":\"2022-09-07T21:07:25+00:00\",\"breadcrumb\":{\"@id\":\"https:\\\/\\\/icrpolska.com\\\/certyfikacja-systemow\\\/iso-22000\\\/#breadcrumb\"},\"inLanguage\":\"zh-Hans\",\"potentialAction\":[{\"@type\":\"ReadAction\",\"target\":[\"https:\\\/\\\/icrpolska.com\\\/certyfikacja-systemow\\\/iso-22000\\\/\"]}]},{\"@type\":\"ImageObject\",\"inLanguage\":\"zh-Hans\",\"@id\":\"https:\\\/\\\/icrpolska.com\\\/certyfikacja-systemow\\\/iso-22000\\\/#primaryimage\",\"url\":\"\",\"contentUrl\":\"\"},{\"@type\":\"BreadcrumbList\",\"@id\":\"https:\\\/\\\/icrpolska.com\\\/certyfikacja-systemow\\\/iso-22000\\\/#breadcrumb\",\"itemListElement\":[{\"@type\":\"ListItem\",\"position\":1,\"name\":\"Strona g\u0142\u00f3wna\",\"item\":\"https:\\\/\\\/icrpolska.com\\\/\"},{\"@type\":\"ListItem\",\"position\":2,\"name\":\"Certyfikacja system\u00f3w ISO\",\"item\":\"https:\\\/\\\/icrpolska.com\\\/certyfikacja-systemow\\\/\"},{\"@type\":\"ListItem\",\"position\":3,\"name\":\"ISO 22000\"}]},{\"@type\":\"WebSite\",\"@id\":\"https:\\\/\\\/icrpolska.com\\\/#website\",\"url\":\"https:\\\/\\\/icrpolska.com\\\/\",\"name\":\"ICR POLSKA - badania i certyfikacja\",\"description\":\"CE certification, CE certificate, ISO certificate, RED testing, product testing and certification, electrical product testing, medical device testing, ATEX, IECEx, FCC, product certification, EMC testing, machinery certification, CE machines, training, electronic product testing, testing 2014\\\/53\\\/EU, drone certification, ISO 13485 certificate, ISO 9001 certificate, NC RfG, CPR\",\"publisher\":{\"@id\":\"https:\\\/\\\/icrpolska.com\\\/#\\\/schema\\\/person\\\/8601820fc0521fc7bf75ae141134fbfd\"},\"potentialAction\":[{\"@type\":\"SearchAction\",\"target\":{\"@type\":\"EntryPoint\",\"urlTemplate\":\"https:\\\/\\\/icrpolska.com\\\/?s={search_term_string}\"},\"query-input\":{\"@type\":\"PropertyValueSpecification\",\"valueRequired\":true,\"valueName\":\"search_term_string\"}}],\"inLanguage\":\"zh-Hans\"},{\"@type\":[\"Person\",\"Organization\"],\"@id\":\"https:\\\/\\\/icrpolska.com\\\/#\\\/schema\\\/person\\\/8601820fc0521fc7bf75ae141134fbfd\",\"name\":\"admin\",\"image\":{\"@type\":\"ImageObject\",\"inLanguage\":\"zh-Hans\",\"@id\":\"https:\\\/\\\/icrpolska.com\\\/wp-content\\\/uploads\\\/2019\\\/05\\\/cropped-logo-icr.32f04ad5-1-1.png\",\"url\":\"https:\\\/\\\/icrpolska.com\\\/wp-content\\\/uploads\\\/2019\\\/05\\\/cropped-logo-icr.32f04ad5-1-1.png\",\"contentUrl\":\"https:\\\/\\\/icrpolska.com\\\/wp-content\\\/uploads\\\/2019\\\/05\\\/cropped-logo-icr.32f04ad5-1-1.png\",\"width\":400,\"height\":148,\"caption\":\"admin\"},\"logo\":{\"@id\":\"https:\\\/\\\/icrpolska.com\\\/wp-content\\\/uploads\\\/2019\\\/05\\\/cropped-logo-icr.32f04ad5-1-1.png\"}}]}<\/script>\n<!-- \/ Yoast SEO plugin. -->","yoast_head_json":{"title":"ISO 22000 - ICR POLAND - \u6d4b\u8bd5\u548c\u8ba4\u8bc1","robots":{"index":"index","follow":"follow","max-snippet":"max-snippet:-1","max-image-preview":"max-image-preview:large","max-video-preview":"max-video-preview:-1"},"canonical":"https:\/\/icrpolska.com\/cn\/certyfikacja-systemow\/iso-22000\/","og_locale":"zh_CN","og_type":"article","og_title":"ISO 22000 - ICR POLSKA - badania i certyfikacja","og_description":"ISO 22000 okre\u015bla wymagania systemu zarz\u0105dzania bezpiecze\u0144stwem \u017cywno\u015bci w organizacjach z \u0142a\u0144cucha \u017cywno\u015bciowego, kt\u00f3re musz\u0105 wykaza\u0107 zdolno\u015b\u0107 do kontroli zagro\u017ce\u0144 bezpiecze\u0144stwa \u017cywno\u015bci w celu zapewnienia, \u017ce \u200b\u200b\u017cywno\u015b\u0107 jest bezpieczna w czasie spo\u017cycia przez ludzi. Standard ma zastosowanie we wszystkich organizacjach, niezale\u017cnie od wielko\u015bci, kt\u00f3re bior\u0105 udzia\u0142 w dowolnym etapie \u0142a\u0144cucha \u017cywno\u015bciowego i chc\u0105 wdro\u017cy\u0107 systemy,&hellip;&nbsp;\u9605\u8bfb\u66f4\u591a &raquo;ISO 22000","og_url":"https:\/\/icrpolska.com\/cn\/certyfikacja-systemow\/iso-22000\/","og_site_name":"ICR POLSKA - badania i certyfikacja","article_modified_time":"2022-09-07T21:07:25+00:00","twitter_card":"summary_large_image","twitter_misc":{"\u9884\u8ba1\u9605\u8bfb\u65f6\u95f4":"1 \u5206"},"schema":{"@context":"https:\/\/schema.org","@graph":[{"@type":"WebPage","@id":"https:\/\/icrpolska.com\/certyfikacja-systemow\/iso-22000\/","url":"https:\/\/icrpolska.com\/certyfikacja-systemow\/iso-22000\/","name":"ISO 22000 - ICR POLAND - \u6d4b\u8bd5\u548c\u8ba4\u8bc1","isPartOf":{"@id":"https:\/\/icrpolska.com\/#website"},"primaryImageOfPage":{"@id":"https:\/\/icrpolska.com\/certyfikacja-systemow\/iso-22000\/#primaryimage"},"image":{"@id":"https:\/\/icrpolska.com\/certyfikacja-systemow\/iso-22000\/#primaryimage"},"thumbnailUrl":"","datePublished":"2019-05-22T19:22:21+00:00","dateModified":"2022-09-07T21:07:25+00:00","breadcrumb":{"@id":"https:\/\/icrpolska.com\/certyfikacja-systemow\/iso-22000\/#breadcrumb"},"inLanguage":"zh-Hans","potentialAction":[{"@type":"ReadAction","target":["https:\/\/icrpolska.com\/certyfikacja-systemow\/iso-22000\/"]}]},{"@type":"ImageObject","inLanguage":"zh-Hans","@id":"https:\/\/icrpolska.com\/certyfikacja-systemow\/iso-22000\/#primaryimage","url":"","contentUrl":""},{"@type":"BreadcrumbList","@id":"https:\/\/icrpolska.com\/certyfikacja-systemow\/iso-22000\/#breadcrumb","itemListElement":[{"@type":"ListItem","position":1,"name":"Strona g\u0142\u00f3wna","item":"https:\/\/icrpolska.com\/"},{"@type":"ListItem","position":2,"name":"Certyfikacja system\u00f3w ISO","item":"https:\/\/icrpolska.com\/certyfikacja-systemow\/"},{"@type":"ListItem","position":3,"name":"ISO 22000"}]},{"@type":"WebSite","@id":"https:\/\/icrpolska.com\/#website","url":"https:\/\/icrpolska.com\/","name":"ICR\u6ce2\u5170 - \u6d4b\u8bd5\u548c\u8ba4\u8bc1","description":"CE \u8ba4\u8bc1\u3001CE \u8bc1\u4e66\u3001ISO \u8bc1\u4e66\u3001RED \u6d4b\u8bd5\u3001\u4ea7\u54c1\u6d4b\u8bd5\u548c\u8ba4\u8bc1\u3001\u7535\u6c14\u4ea7\u54c1\u6d4b\u8bd5\u3001\u533b\u7597\u8bbe\u5907\u6d4b\u8bd5\u3001ATEX\u3001IECEx\u3001FCC\u3001\u4ea7\u54c1\u8ba4\u8bc1\u3001EMC \u6d4b\u8bd5\u3001\u673a\u68b0\u8ba4\u8bc1\u3001CE \u673a\u5668\u3001\u57f9\u8bad\u3001\u7535\u5b50\u4ea7\u54c1\u6d4b\u8bd5\u30012014\/53\/EU \u6d4b\u8bd5\u3001\u65e0\u4eba\u673a\u8ba4\u8bc1\u3001ISO 13485 \u8bc1\u4e66\u3001ISO 9001 \u8bc1\u4e66\u3001NC RfG\u3001CPR","publisher":{"@id":"https:\/\/icrpolska.com\/#\/schema\/person\/8601820fc0521fc7bf75ae141134fbfd"},"potentialAction":[{"@type":"SearchAction","target":{"@type":"EntryPoint","urlTemplate":"https:\/\/icrpolska.com\/?s={search_term_string}"},"query-input":{"@type":"PropertyValueSpecification","valueRequired":true,"valueName":"search_term_string"}}],"inLanguage":"zh-Hans"},{"@type":["Person","Organization"],"@id":"https:\/\/icrpolska.com\/#\/schema\/person\/8601820fc0521fc7bf75ae141134fbfd","name":"\u7ba1\u7406\u5458","image":{"@type":"ImageObject","inLanguage":"zh-Hans","@id":"https:\/\/icrpolska.com\/wp-content\/uploads\/2019\/05\/cropped-logo-icr.32f04ad5-1-1.png","url":"https:\/\/icrpolska.com\/wp-content\/uploads\/2019\/05\/cropped-logo-icr.32f04ad5-1-1.png","contentUrl":"https:\/\/icrpolska.com\/wp-content\/uploads\/2019\/05\/cropped-logo-icr.32f04ad5-1-1.png","width":400,"height":148,"caption":"admin"},"logo":{"@id":"https:\/\/icrpolska.com\/wp-content\/uploads\/2019\/05\/cropped-logo-icr.32f04ad5-1-1.png"}}]}},"_links":{"self":[{"href":"https:\/\/icrpolska.com\/cn\/wp-json\/wp\/v2\/pages\/1954","targetHints":{"allow":["GET"]}}],"collection":[{"href":"https:\/\/icrpolska.com\/cn\/wp-json\/wp\/v2\/pages"}],"about":[{"href":"https:\/\/icrpolska.com\/cn\/wp-json\/wp\/v2\/types\/page"}],"author":[{"embeddable":true,"href":"https:\/\/icrpolska.com\/cn\/wp-json\/wp\/v2\/users\/1"}],"replies":[{"embeddable":true,"href":"https:\/\/icrpolska.com\/cn\/wp-json\/wp\/v2\/comments?post=1954"}],"version-history":[{"count":1,"href":"https:\/\/icrpolska.com\/cn\/wp-json\/wp\/v2\/pages\/1954\/revisions"}],"predecessor-version":[{"id":3293,"href":"https:\/\/icrpolska.com\/cn\/wp-json\/wp\/v2\/pages\/1954\/revisions\/3293"}],"up":[{"embeddable":true,"href":"https:\/\/icrpolska.com\/cn\/wp-json\/wp\/v2\/pages\/162"}],"wp:featuredmedia":[{"embeddable":true,"href":"https:\/\/icrpolska.com\/cn\/wp-json\/"}],"wp:attachment":[{"href":"https:\/\/icrpolska.com\/cn\/wp-json\/wp\/v2\/media?parent=1954"}],"curies":[{"name":"wp","href":"https:\/\/api.w.org\/{rel}","templated":true}]}}