{"id":1966,"date":"2019-05-22T19:48:15","date_gmt":"2019-05-22T19:48:15","guid":{"rendered":"http:\/\/icrpolska.e-ksperci.pl\/?page_id=1966"},"modified":"2023-02-19T18:09:03","modified_gmt":"2023-02-19T17:09:03","slug":"oznakowanie-ce","status":"publish","type":"page","link":"https:\/\/icrpolska.com\/cn\/certyfikacja-wyrobow\/oznakowanie-ce\/","title":{"rendered":"CE\u6807\u8bc6"},"content":{"rendered":"<p class=\"translation-block\">\u786e\u4fdd\u5ba2\u6237\u548c\u7528\u6237\u5bf9\u5e02\u573a\u4e0a\u73b0\u6709\u4ea7\u54c1\u7684<strong>\u4f7f\u7528\u5b89\u5168<\/strong>--\u4ece\u8d2d\u4e70\u5230\u5e9f\u5f03--\u662f\u5728\u4ea7\u54c1\u4e0a\u52a0\u8d34<strong>CE\u6807\u5fd7<\/strong>\u548c\u5236\u9020\u5546\/\u8fdb\u53e3\u5546\u7b7e\u53d1\u7684\u7b26\u5408\u6027\u58f0\u660e\u7684\u4e49\u52a1\u7684\u4e3b\u8981\u601d\u60f3\u3002<strong>\u7b26\u5408\u6027\u58f0\u660e<\/strong>\u662f\u786e\u8ba4\u5236\u9020\u5546\u5df2\u7ecf\u5bf9\u4ea7\u54c1\u662f\u5426\u7b26\u5408\u6b27\u76df\u6307\u4ee4\u548c\/\u6216\u6cd5\u89c4\u7684\u57fa\u672c\u8981\u6c42\u8fdb\u884c\u4e86\u8bc4\u4f30\u3002\u5bf9\u4e8e\u8bb8\u591a\u4ea7\u54c1\u6765\u8bf4\uff0c\u7b26\u5408\u6027\u58f0\u660e\u5fc5\u987b\u7531\u72ec\u7acb\u4e8e\u5236\u9020\u5546\/\u8fdb\u53e3\u5546\u7684\u5408\u683c\u7684\u72ec\u7acb\u673a\u6784\uff0c\u5373\u6240\u8c13\u7684\u901a\u77e5\u673a\u6784\u6765\u786e\u8ba4--\u8fd9\u5c31\u88ab\u79f0\u4e3a<strong>\u5f3a\u5236\u6027\u8ba4\u8bc1<\/strong>\u3002\u5bf9\u4e8e\u5176\u4ed6\u4ea7\u54c1\uff0c\u8bc1\u4e66\u662f\u4e00\u79cd\u81ea\u613f\u7684\u3001\u989d\u5916\u7684--<strong>\u6709\u76ca\u4e8e<\/strong>\u5236\u9020\u5546\u548c\u6700\u7ec8\u7528\u6237\u7684--<strong>\u786e\u8ba4<\/strong>\u4ea7\u54c1\u7279\u6027\uff0c\u786e\u4fdd\u5176<strong>\u5b89\u5168\u4f7f\u7528<\/strong>\u548c\u6700\u4f4e<strong>\u73af\u5883\u5f71\u54cd<\/strong>\u3002<\/p>\n<p class=\"translation-block\">ICR Polska Sp. z o. o.\u662f\u4e00\u5bb6\u7531\u6ce2\u5170\u8ba4\u8bc1\u4e2d\u5fc3\uff08PCA\uff09\u8ba4\u53ef\u7684\u4ea7\u54c1\u8ba4\u8bc1\u673a\u6784--\u8ba4\u8bc1\u53f7<a href=\"http:\/\/icrpolska.com\/wp-content\/uploads\/2019\/06\/AC_197.pdf\" target=\"_self\" rel=\"noopener noreferrer\">AC 197<\/a>\u3002\u5b83\u4e5f\u662f\u6b27\u6d32\u6307\u5b9a\u673a\u6784\uff08<a href=\"http:\/\/ec.europa.eu\/growth\/tools-databases\/nando\/index.cfm?fuseaction=notifiedbody.notifiedbody&amp;refe_cd=NANDO_INPUT_233263\" target=\"_self\" rel=\"noopener noreferrer\">NB No. 2703<\/a>\uff09\uff0c\u5bf9\u4e8e\u6211\u4eec\u8fdb\u884c\u5168\u9762\u5408\u683c\u8bc4\u4f30\u7684\u6307\u4ee4\uff1a\u673a\u5668\u5b89\u5168MD\uff08<a href=\"https:\/\/eur-lex.europa.eu\/legal-content\/PL\/TXT\/PDF\/?uri=CELEX:32006L0042&amp;from=PL\" target=\"_self\" rel=\"noopener noreferrer\">2006\/42\/EC<\/a>\uff09\uff1b\u7535\u78c1\u517c\u5bb9EMC\uff08<a href=\"https:\/\/eur-lex.europa.eu\/legal-content\/EN\/TXT\/PDF\/?uri=CELEX:32014L0030&amp;from=EN\" target=\"_self\" rel=\"noopener noreferrer\">2014\/30\/EU<\/a>\uff09\uff1bRED\u65e0\u7ebf\u7535\u8bbe\u5907\uff08<a href=\"https:\/\/eur-lex.europa.eu\/legal-content\/PL\/TXT\/PDF\/?uri=CELEX:32014L0053&amp;from=EN\" target=\"_self\" rel=\"noopener noreferrer\">2014\/53\/UE<\/a>\uff09\uff1b\u5728\u6f5c\u5728\u7206\u70b8\u6027\u73af\u5883\u4e2d\u64cd\u4f5c\u7684\u7535\u6c14\u8bbe\u5907ATEX\uff08<a href=\"https:\/\/eur-lex.europa.eu\/legal-content\/PL\/TXT\/PDF\/?uri=CELEX:32014L0034&amp;from=PL\" target=\"_self\" rel=\"noopener noreferrer\">2014\/34\/UE<\/a>\uff09\u3002<\/p>\n<p><img decoding=\"async\" class=\"size-medium wp-image-8778 alignleft\" src=\"https:\/\/icrpolska.com\/wp-content\/uploads\/2023\/02\/CE2703-300x104.png\" alt=\"\" width=\"300\" height=\"104\" srcset=\"https:\/\/icrpolska.com\/wp-content\/uploads\/2023\/02\/CE2703-300x104.png 300w, https:\/\/icrpolska.com\/wp-content\/uploads\/2023\/02\/CE2703-18x6.png 18w, https:\/\/icrpolska.com\/wp-content\/uploads\/2023\/02\/CE2703.png 555w\" sizes=\"(max-width: 300px) 100vw, 300px\" \/><\/p>\n<p class=\"translation-block\">\u5982\u679c\u751f\u4ea7\u7cfb\u7edf\u7684\u8bc4\u4f30\u662f\u5728\u901a\u77e5\u673a\u6784\u7684\u53c2\u4e0e\u4e0b\u8fdb\u884c\u7684\uff0c\u5219\u8be5\u673a\u6784\u7684\u8bc6\u522b\u53f7\u7801\u5c06\u8d34\u5728CE\u6807\u5fd7\u65c1\u8fb9\u3002\u8fd9\u79cd\u8bc4\u4f30\u5bf9\u4e8eATEX\u6307\u4ee4<a href=\"https:\/\/eur-lex.europa.eu\/legal-content\/PL\/TXT\/PDF\/?uri=CELEX:32014L0034&amp;from=PL\" target=\"_blank\" rel=\"noopener noreferrer\">2014\/34\/EU<\/a>\u548cMDR\u6cd5\u89c4<a href=\"https:\/\/eur-lex.europa.eu\/legal-content\/PL\/TXT\/PDF\/?uri=CELEX:32017R0745&amp;from=PL\" target=\"_blank\" rel=\"noopener\">\uff08EU\uff092017\/745<\/a>\u662f\u5f3a\u5236\u6027\u7684\u3002<\/p>\n<p class=\"translation-block\">\u6211\u4eec\u9080\u8bf7\u60a8<a href=\"mailto:icrpolska@icrqa.com\" target=\"_self\">\u8054\u7cfb\u6211\u4eec<\/a>\u4ee5\u4e86\u89e3\u66f4\u591a\u8be6\u60c5\u3002<\/p>","protected":false},"excerpt":{"rendered":"<p>\u786e\u4fdd\u5ba2\u6237\u548c\u7528\u6237\u5b89\u5168\u4f7f\u7528\u5e02\u573a\u4e0a\u7684\u4ea7\u54c1--\u4ece\u8d2d\u4e70\u5230\u62a5\u5e9f--\u662f\u5728\u4ea7\u54c1\u4e0a\u52a0\u8d34 CE \u6807\u5fd7\u7684\u4e49\u52a1\u548c\u5236\u9020\u5546\/\u8fdb\u53e3\u5546\u7b7e\u53d1\u5408\u683c\u58f0\u660e\u7684\u4e3b\u8981\u7406\u5ff5\u3002\u7b26\u5408\u6027\u58f0\u660e\u662f\u5bf9\u5236\u9020\u5546\u5df2\u5bf9\u4ea7\u54c1\u662f\u5426\u7b26\u5408\u6b27\u76df\u6307\u4ee4\u548c\/\u6216\u6cd5\u89c4\u7684\u57fa\u672c\u8981\u6c42\u8fdb\u884c\u8bc4\u4f30\u7684\u786e\u8ba4\u3002\u5bf9\u4e8e\u8bb8\u591a\u4ea7\u54c1\u6765\u8bf4\uff0c\u7b26\u5408\u6027\u58f0\u660e ...&nbsp;<a href=\"https:\/\/icrpolska.com\/cn\/certyfikacja-wyrobow\/oznakowanie-ce\/\" rel=\"bookmark\">\u9605\u8bfb\u66f4\u591a \"<span class=\"screen-reader-text\">CE\u6807\u8bc6<\/span><\/a><\/p>","protected":false},"author":1,"featured_media":1769,"parent":211,"menu_order":0,"comment_status":"closed","ping_status":"closed","template":"","meta":{"neve_meta_sidebar":"","neve_meta_container":"","neve_meta_enable_content_width":"off","neve_meta_content_width":70,"neve_meta_title_alignment":"","neve_meta_author_avatar":"","neve_post_elements_order":"","neve_meta_disable_header":"","neve_meta_disable_footer":"","neve_meta_disable_title":"","footnotes":""},"class_list":["post-1966","page","type-page","status-publish","has-post-thumbnail","hentry"],"yoast_head":"<!-- This site is optimized with the Yoast SEO plugin v27.3 - https:\/\/yoast.com\/product\/yoast-seo-wordpress\/ -->\n<title>Oznakowanie CE - ICR POLSKA - badania i certyfikacja<\/title>\n<meta name=\"robots\" content=\"index, follow, max-snippet:-1, max-image-preview:large, max-video-preview:-1\" \/>\n<link rel=\"canonical\" href=\"https:\/\/icrpolska.com\/cn\/certyfikacja-wyrobow\/oznakowanie-ce\/\" \/>\n<meta property=\"og:locale\" content=\"zh_CN\" \/>\n<meta property=\"og:type\" content=\"article\" \/>\n<meta property=\"og:title\" content=\"Oznakowanie CE - ICR POLSKA - badania i certyfikacja\" \/>\n<meta property=\"og:description\" content=\"Zapewnienie klientom i u\u017cytkownikom bezpiecze\u0144stwa u\u017cytkowania wyrob\u00f3w dost\u0119pnych na rynku \u2013 od zakupu do ich utylizacji \u2013 to g\u0142\u00f3wna idea obowi\u0105zku umieszczania na wyrobach oznakowania CE i deklaracji zgodno\u015bci wystawianej przez producenta\/importera. Deklaracja zgodno\u015bci jest potwierdzeniem przeprowadzenia przez producenta oceny zgodno\u015bci wyrobu z wymaganiami zasadniczymi dyrektyw i\/lub rozporz\u0105dze\u0144 Unii Europejskiej. Dla wielu wyrob\u00f3w deklaracja zgodno\u015bci&hellip;&nbsp;\u9605\u8bfb\u66f4\u591a &raquo;Oznakowanie CE\" \/>\n<meta property=\"og:url\" content=\"https:\/\/icrpolska.com\/cn\/certyfikacja-wyrobow\/oznakowanie-ce\/\" \/>\n<meta property=\"og:site_name\" content=\"ICR POLSKA - badania i certyfikacja\" \/>\n<meta property=\"article:modified_time\" content=\"2023-02-19T17:09:03+00:00\" \/>\n<meta name=\"twitter:card\" content=\"summary_large_image\" \/>\n<meta name=\"twitter:label1\" content=\"\u9884\u8ba1\u9605\u8bfb\u65f6\u95f4\" \/>\n\t<meta name=\"twitter:data1\" content=\"2 \u5206\" \/>\n<script type=\"application\/ld+json\" class=\"yoast-schema-graph\">{\"@context\":\"https:\\\/\\\/schema.org\",\"@graph\":[{\"@type\":\"WebPage\",\"@id\":\"https:\\\/\\\/icrpolska.com\\\/certyfikacja-wyrobow\\\/oznakowanie-ce\\\/\",\"url\":\"https:\\\/\\\/icrpolska.com\\\/certyfikacja-wyrobow\\\/oznakowanie-ce\\\/\",\"name\":\"Oznakowanie CE - ICR POLSKA - badania i certyfikacja\",\"isPartOf\":{\"@id\":\"https:\\\/\\\/icrpolska.com\\\/#website\"},\"primaryImageOfPage\":{\"@id\":\"https:\\\/\\\/icrpolska.com\\\/certyfikacja-wyrobow\\\/oznakowanie-ce\\\/#primaryimage\"},\"image\":{\"@id\":\"https:\\\/\\\/icrpolska.com\\\/certyfikacja-wyrobow\\\/oznakowanie-ce\\\/#primaryimage\"},\"thumbnailUrl\":\"\",\"datePublished\":\"2019-05-22T19:48:15+00:00\",\"dateModified\":\"2023-02-19T17:09:03+00:00\",\"breadcrumb\":{\"@id\":\"https:\\\/\\\/icrpolska.com\\\/certyfikacja-wyrobow\\\/oznakowanie-ce\\\/#breadcrumb\"},\"inLanguage\":\"zh-Hans\",\"potentialAction\":[{\"@type\":\"ReadAction\",\"target\":[\"https:\\\/\\\/icrpolska.com\\\/certyfikacja-wyrobow\\\/oznakowanie-ce\\\/\"]}]},{\"@type\":\"ImageObject\",\"inLanguage\":\"zh-Hans\",\"@id\":\"https:\\\/\\\/icrpolska.com\\\/certyfikacja-wyrobow\\\/oznakowanie-ce\\\/#primaryimage\",\"url\":\"\",\"contentUrl\":\"\"},{\"@type\":\"BreadcrumbList\",\"@id\":\"https:\\\/\\\/icrpolska.com\\\/certyfikacja-wyrobow\\\/oznakowanie-ce\\\/#breadcrumb\",\"itemListElement\":[{\"@type\":\"ListItem\",\"position\":1,\"name\":\"Strona g\u0142\u00f3wna\",\"item\":\"https:\\\/\\\/icrpolska.com\\\/\"},{\"@type\":\"ListItem\",\"position\":2,\"name\":\"Certyfikacja wyrob\u00f3w\",\"item\":\"https:\\\/\\\/icrpolska.com\\\/certyfikacja-wyrobow\\\/\"},{\"@type\":\"ListItem\",\"position\":3,\"name\":\"Oznakowanie CE\"}]},{\"@type\":\"WebSite\",\"@id\":\"https:\\\/\\\/icrpolska.com\\\/#website\",\"url\":\"https:\\\/\\\/icrpolska.com\\\/\",\"name\":\"ICR POLSKA - badania i certyfikacja\",\"description\":\"CE certification, CE certificate, ISO certificate, RED testing, product testing and certification, electrical product testing, medical device testing, ATEX, IECEx, FCC, product certification, EMC testing, machinery certification, CE machines, training, electronic product testing, testing 2014\\\/53\\\/EU, drone certification, ISO 13485 certificate, ISO 9001 certificate, NC RfG, CPR\",\"publisher\":{\"@id\":\"https:\\\/\\\/icrpolska.com\\\/#\\\/schema\\\/person\\\/8601820fc0521fc7bf75ae141134fbfd\"},\"potentialAction\":[{\"@type\":\"SearchAction\",\"target\":{\"@type\":\"EntryPoint\",\"urlTemplate\":\"https:\\\/\\\/icrpolska.com\\\/?s={search_term_string}\"},\"query-input\":{\"@type\":\"PropertyValueSpecification\",\"valueRequired\":true,\"valueName\":\"search_term_string\"}}],\"inLanguage\":\"zh-Hans\"},{\"@type\":[\"Person\",\"Organization\"],\"@id\":\"https:\\\/\\\/icrpolska.com\\\/#\\\/schema\\\/person\\\/8601820fc0521fc7bf75ae141134fbfd\",\"name\":\"admin\",\"image\":{\"@type\":\"ImageObject\",\"inLanguage\":\"zh-Hans\",\"@id\":\"https:\\\/\\\/icrpolska.com\\\/wp-content\\\/uploads\\\/2019\\\/05\\\/cropped-logo-icr.32f04ad5-1-1.png\",\"url\":\"https:\\\/\\\/icrpolska.com\\\/wp-content\\\/uploads\\\/2019\\\/05\\\/cropped-logo-icr.32f04ad5-1-1.png\",\"contentUrl\":\"https:\\\/\\\/icrpolska.com\\\/wp-content\\\/uploads\\\/2019\\\/05\\\/cropped-logo-icr.32f04ad5-1-1.png\",\"width\":400,\"height\":148,\"caption\":\"admin\"},\"logo\":{\"@id\":\"https:\\\/\\\/icrpolska.com\\\/wp-content\\\/uploads\\\/2019\\\/05\\\/cropped-logo-icr.32f04ad5-1-1.png\"}}]}<\/script>\n<!-- \/ Yoast SEO plugin. -->","yoast_head_json":{"title":"CE\u6807\u8bc6 - ICR\u6ce2\u5170 - \u6d4b\u8bd5\u548c\u8ba4\u8bc1","robots":{"index":"index","follow":"follow","max-snippet":"max-snippet:-1","max-image-preview":"max-image-preview:large","max-video-preview":"max-video-preview:-1"},"canonical":"https:\/\/icrpolska.com\/cn\/certyfikacja-wyrobow\/oznakowanie-ce\/","og_locale":"zh_CN","og_type":"article","og_title":"Oznakowanie CE - ICR POLSKA - badania i certyfikacja","og_description":"Zapewnienie klientom i u\u017cytkownikom bezpiecze\u0144stwa u\u017cytkowania wyrob\u00f3w dost\u0119pnych na rynku \u2013 od zakupu do ich utylizacji \u2013 to g\u0142\u00f3wna idea obowi\u0105zku umieszczania na wyrobach oznakowania CE i deklaracji zgodno\u015bci wystawianej przez producenta\/importera. Deklaracja zgodno\u015bci jest potwierdzeniem przeprowadzenia przez producenta oceny zgodno\u015bci wyrobu z wymaganiami zasadniczymi dyrektyw i\/lub rozporz\u0105dze\u0144 Unii Europejskiej. Dla wielu wyrob\u00f3w deklaracja zgodno\u015bci&hellip;&nbsp;\u9605\u8bfb\u66f4\u591a &raquo;Oznakowanie CE","og_url":"https:\/\/icrpolska.com\/cn\/certyfikacja-wyrobow\/oznakowanie-ce\/","og_site_name":"ICR POLSKA - badania i certyfikacja","article_modified_time":"2023-02-19T17:09:03+00:00","twitter_card":"summary_large_image","twitter_misc":{"\u9884\u8ba1\u9605\u8bfb\u65f6\u95f4":"2 \u5206"},"schema":{"@context":"https:\/\/schema.org","@graph":[{"@type":"WebPage","@id":"https:\/\/icrpolska.com\/certyfikacja-wyrobow\/oznakowanie-ce\/","url":"https:\/\/icrpolska.com\/certyfikacja-wyrobow\/oznakowanie-ce\/","name":"CE\u6807\u8bc6 - ICR\u6ce2\u5170 - \u6d4b\u8bd5\u548c\u8ba4\u8bc1","isPartOf":{"@id":"https:\/\/icrpolska.com\/#website"},"primaryImageOfPage":{"@id":"https:\/\/icrpolska.com\/certyfikacja-wyrobow\/oznakowanie-ce\/#primaryimage"},"image":{"@id":"https:\/\/icrpolska.com\/certyfikacja-wyrobow\/oznakowanie-ce\/#primaryimage"},"thumbnailUrl":"","datePublished":"2019-05-22T19:48:15+00:00","dateModified":"2023-02-19T17:09:03+00:00","breadcrumb":{"@id":"https:\/\/icrpolska.com\/certyfikacja-wyrobow\/oznakowanie-ce\/#breadcrumb"},"inLanguage":"zh-Hans","potentialAction":[{"@type":"ReadAction","target":["https:\/\/icrpolska.com\/certyfikacja-wyrobow\/oznakowanie-ce\/"]}]},{"@type":"ImageObject","inLanguage":"zh-Hans","@id":"https:\/\/icrpolska.com\/certyfikacja-wyrobow\/oznakowanie-ce\/#primaryimage","url":"","contentUrl":""},{"@type":"BreadcrumbList","@id":"https:\/\/icrpolska.com\/certyfikacja-wyrobow\/oznakowanie-ce\/#breadcrumb","itemListElement":[{"@type":"ListItem","position":1,"name":"Strona g\u0142\u00f3wna","item":"https:\/\/icrpolska.com\/"},{"@type":"ListItem","position":2,"name":"Certyfikacja wyrob\u00f3w","item":"https:\/\/icrpolska.com\/certyfikacja-wyrobow\/"},{"@type":"ListItem","position":3,"name":"Oznakowanie CE"}]},{"@type":"WebSite","@id":"https:\/\/icrpolska.com\/#website","url":"https:\/\/icrpolska.com\/","name":"ICR\u6ce2\u5170 - \u6d4b\u8bd5\u548c\u8ba4\u8bc1","description":"CE \u8ba4\u8bc1\u3001CE \u8bc1\u4e66\u3001ISO \u8bc1\u4e66\u3001RED \u6d4b\u8bd5\u3001\u4ea7\u54c1\u6d4b\u8bd5\u548c\u8ba4\u8bc1\u3001\u7535\u6c14\u4ea7\u54c1\u6d4b\u8bd5\u3001\u533b\u7597\u8bbe\u5907\u6d4b\u8bd5\u3001ATEX\u3001IECEx\u3001FCC\u3001\u4ea7\u54c1\u8ba4\u8bc1\u3001EMC \u6d4b\u8bd5\u3001\u673a\u68b0\u8ba4\u8bc1\u3001CE \u673a\u5668\u3001\u57f9\u8bad\u3001\u7535\u5b50\u4ea7\u54c1\u6d4b\u8bd5\u30012014\/53\/EU \u6d4b\u8bd5\u3001\u65e0\u4eba\u673a\u8ba4\u8bc1\u3001ISO 13485 \u8bc1\u4e66\u3001ISO 9001 \u8bc1\u4e66\u3001NC RfG\u3001CPR","publisher":{"@id":"https:\/\/icrpolska.com\/#\/schema\/person\/8601820fc0521fc7bf75ae141134fbfd"},"potentialAction":[{"@type":"SearchAction","target":{"@type":"EntryPoint","urlTemplate":"https:\/\/icrpolska.com\/?s={search_term_string}"},"query-input":{"@type":"PropertyValueSpecification","valueRequired":true,"valueName":"search_term_string"}}],"inLanguage":"zh-Hans"},{"@type":["Person","Organization"],"@id":"https:\/\/icrpolska.com\/#\/schema\/person\/8601820fc0521fc7bf75ae141134fbfd","name":"\u7ba1\u7406\u5458","image":{"@type":"ImageObject","inLanguage":"zh-Hans","@id":"https:\/\/icrpolska.com\/wp-content\/uploads\/2019\/05\/cropped-logo-icr.32f04ad5-1-1.png","url":"https:\/\/icrpolska.com\/wp-content\/uploads\/2019\/05\/cropped-logo-icr.32f04ad5-1-1.png","contentUrl":"https:\/\/icrpolska.com\/wp-content\/uploads\/2019\/05\/cropped-logo-icr.32f04ad5-1-1.png","width":400,"height":148,"caption":"admin"},"logo":{"@id":"https:\/\/icrpolska.com\/wp-content\/uploads\/2019\/05\/cropped-logo-icr.32f04ad5-1-1.png"}}]}},"_links":{"self":[{"href":"https:\/\/icrpolska.com\/cn\/wp-json\/wp\/v2\/pages\/1966","targetHints":{"allow":["GET"]}}],"collection":[{"href":"https:\/\/icrpolska.com\/cn\/wp-json\/wp\/v2\/pages"}],"about":[{"href":"https:\/\/icrpolska.com\/cn\/wp-json\/wp\/v2\/types\/page"}],"author":[{"embeddable":true,"href":"https:\/\/icrpolska.com\/cn\/wp-json\/wp\/v2\/users\/1"}],"replies":[{"embeddable":true,"href":"https:\/\/icrpolska.com\/cn\/wp-json\/wp\/v2\/comments?post=1966"}],"version-history":[{"count":11,"href":"https:\/\/icrpolska.com\/cn\/wp-json\/wp\/v2\/pages\/1966\/revisions"}],"predecessor-version":[{"id":8792,"href":"https:\/\/icrpolska.com\/cn\/wp-json\/wp\/v2\/pages\/1966\/revisions\/8792"}],"up":[{"embeddable":true,"href":"https:\/\/icrpolska.com\/cn\/wp-json\/wp\/v2\/pages\/211"}],"wp:featuredmedia":[{"embeddable":true,"href":"https:\/\/icrpolska.com\/cn\/wp-json\/"}],"wp:attachment":[{"href":"https:\/\/icrpolska.com\/cn\/wp-json\/wp\/v2\/media?parent=1966"}],"curies":[{"name":"wp","href":"https:\/\/api.w.org\/{rel}","templated":true}]}}