{"id":2577,"date":"2019-06-04T01:00:54","date_gmt":"2019-06-03T23:00:54","guid":{"rendered":"http:\/\/nowa.icrpolska.com\/?page_id=2577"},"modified":"2026-01-29T09:13:27","modified_gmt":"2026-01-29T08:13:27","slug":"icr-polska","status":"publish","type":"page","link":"https:\/\/icrpolska.com\/cn\/icr-polska\/","title":{"rendered":"ICR Polska"},"content":{"rendered":"<p>ICR Polska sp. z o.o.\u4f5c\u4e3a\u97e9\u56fd\u8ba4\u8bc1\u673a\u6784ICR Co.\u7684\u7b2c\u4e00\u4e2a\u6b27\u6d32\u5206\u652f\u673a\u6784\uff0c\u4e8e2015\u5e74\u5f00\u59cb\u6d3b\u52a8\u3002Ltd.\u7684\u7b2c\u4e00\u4e2a\u6b27\u6d32\u5206\u652f\u673a\u6784\u3002- \u56fd\u9645\u8ba4\u8bc1\u6ce8\u518c\u5904\u4f4d\u4e8e\u97e9\u56fd\u9996\u5c14\u65c1\u8fb9\u7684\u91d1\u6d66\u5e02\u3002<\/p>\n<div style=\"width: 720px;\" class=\"wp-video\"><video class=\"wp-video-shortcode\" id=\"video-2577-1\" width=\"720\" height=\"404\" loop autoplay preload=\"metadata\" controls=\"controls\"><source type=\"video\/mp4\" src=\"https:\/\/icrpolska.com\/wp-content\/uploads\/2021\/11\/introduction-of-icr-lab.mp4?_=1\" \/><a href=\"https:\/\/icrpolska.com\/wp-content\/uploads\/2021\/11\/introduction-of-icr-lab.mp4\">https:\/\/icrpolska.com\/wp-content\/uploads\/2021\/11\/introduction-of-icr-lab.mp4<\/a><\/video><\/div>\n<p><strong>\u97e9\u56fdICR<\/strong><\/p>\n<p>\u97e9\u56fdICR\u662f\u4e9a\u6d32\u4e00\u5bb6\u6210\u719f\u7684\u8ba4\u8bc1\u673a\u6784\uff0c\u5176\u4e3b\u8981\u5e02\u573a\u5305\u62ec\u97e9\u56fd\u3001\u4e2d\u56fd\u3001\u53f0\u6e7e\u3001\u8d8a\u5357\u3001\u7f8e\u56fd\u7b49\u3002\u9664\u5176\u4ed6\u5916\uff0c\u5b83\u5728\u8be5\u5730\u533a\u6700\u73b0\u4ee3\u5316\u7684\u5b9e\u9a8c\u5ba4\u4e4b\u4e00\u63d0\u4f9b\u8ba4\u53ef\uff08ISO\/IEC 17025\uff09\u6d4b\u8bd5\uff0c\u4ee5\u83b7\u5f97CE\u3001FCC\u3001IECEx\u3001IECEE-CB\u3001KC\u7b49\u3002<\/p>\n<p>\u66f4\u591a\u5173\u4e8eICR\u97e9\u56fd\u7684\u4fe1\u606f <a href=\"https:\/\/icrpolska.com\/wp-content\/uploads\/2019\/06\/20190121icr-brochureenglish_8e4.pdf\" target=\"_blank\" rel=\"noopener noreferrer\">\u5c0f\u518c\u5b50<\/a>\uff0c\u5173\u4e8e <a href=\"http:\/\/www.icrqa.com\/renewal_eng\/main\/main.asp\" target=\"_blank\" rel=\"noopener noreferrer\">\u7f51\u7ad9<\/a> \u548c\u65b0\u95fb\u901a\u8baf\u4e2d\u3002<\/p>\n<div id='gallery-1' class='gallery galleryid-2577 gallery-columns-2 gallery-size-large'><figure class='gallery-item'>\n\t\t\t<div class='gallery-icon landscape'>\n\t\t\t\t<a href='https:\/\/icrpolska.com\/wp-content\/uploads\/2019\/06\/DJI_0157-1024x683.jpg'><img fetchpriority=\"high\" decoding=\"async\" width=\"1024\" height=\"683\" src=\"https:\/\/icrpolska.com\/wp-content\/uploads\/2019\/06\/DJI_0157-1024x683-1024x683.jpg\" class=\"attachment-large size-large\" alt=\"\" srcset=\"https:\/\/icrpolska.com\/wp-content\/uploads\/2019\/06\/DJI_0157-1024x683.jpg 1024w, https:\/\/icrpolska.com\/wp-content\/uploads\/2019\/06\/DJI_0157-1024x683-300x200.jpg 300w, https:\/\/icrpolska.com\/wp-content\/uploads\/2019\/06\/DJI_0157-1024x683-768x512.jpg 768w\" sizes=\"(max-width: 1024px) 100vw, 1024px\" \/><\/a>\n\t\t\t<\/div><\/figure><figure class='gallery-item'>\n\t\t\t<div class='gallery-icon landscape'>\n\t\t\t\t<a href='https:\/\/icrpolska.com\/wp-content\/uploads\/2019\/06\/DSC5911-1024x683.jpg'><img decoding=\"async\" width=\"1024\" height=\"683\" src=\"https:\/\/icrpolska.com\/wp-content\/uploads\/2019\/06\/DSC5911-1024x683-1024x683.jpg\" class=\"attachment-large size-large\" alt=\"\" srcset=\"https:\/\/icrpolska.com\/wp-content\/uploads\/2019\/06\/DSC5911-1024x683.jpg 1024w, https:\/\/icrpolska.com\/wp-content\/uploads\/2019\/06\/DSC5911-1024x683-300x200.jpg 300w, https:\/\/icrpolska.com\/wp-content\/uploads\/2019\/06\/DSC5911-1024x683-768x512.jpg 768w\" sizes=\"(max-width: 1024px) 100vw, 1024px\" \/><\/a>\n\t\t\t<\/div><\/figure><figure class='gallery-item'>\n\t\t\t<div class='gallery-icon landscape'>\n\t\t\t\t<a href='https:\/\/icrpolska.com\/wp-content\/uploads\/2019\/06\/DSC5909-1024x683.jpg'><img decoding=\"async\" width=\"1024\" height=\"683\" src=\"https:\/\/icrpolska.com\/wp-content\/uploads\/2019\/06\/DSC5909-1024x683-1024x683.jpg\" class=\"attachment-large size-large\" alt=\"\" srcset=\"https:\/\/icrpolska.com\/wp-content\/uploads\/2019\/06\/DSC5909-1024x683.jpg 1024w, https:\/\/icrpolska.com\/wp-content\/uploads\/2019\/06\/DSC5909-1024x683-300x200.jpg 300w, https:\/\/icrpolska.com\/wp-content\/uploads\/2019\/06\/DSC5909-1024x683-768x512.jpg 768w\" sizes=\"(max-width: 1024px) 100vw, 1024px\" \/><\/a>\n\t\t\t<\/div><\/figure><figure class='gallery-item'>\n\t\t\t<div class='gallery-icon landscape'>\n\t\t\t\t<a href='https:\/\/icrpolska.com\/wp-content\/uploads\/2019\/06\/DJI_0145-1024x683.jpg'><img loading=\"lazy\" decoding=\"async\" width=\"1024\" height=\"683\" src=\"https:\/\/icrpolska.com\/wp-content\/uploads\/2019\/06\/DJI_0145-1024x683-1024x683.jpg\" class=\"attachment-large size-large\" alt=\"\" srcset=\"https:\/\/icrpolska.com\/wp-content\/uploads\/2019\/06\/DJI_0145-1024x683.jpg 1024w, https:\/\/icrpolska.com\/wp-content\/uploads\/2019\/06\/DJI_0145-1024x683-300x200.jpg 300w, https:\/\/icrpolska.com\/wp-content\/uploads\/2019\/06\/DJI_0145-1024x683-768x512.jpg 768w\" sizes=\"(max-width: 1024px) 100vw, 1024px\" \/><\/a>\n\t\t\t<\/div><\/figure>\n\t\t<\/div>\n\n<p><strong>\u6211\u4eec\u7684\u670d\u52a1<\/strong><\/p>\n<p>ICR Polska\u4e3b\u8981\u6839\u636e\u4e0e\u5ba2\u6237\u7684\u4e2a\u522b\u5b89\u6392\u63d0\u4f9b\u6d4b\u8bd5\u3001\u8ba4\u8bc1\u3001\u68c0\u9a8c\u3001\u5ba1\u8ba1\u548c\u5176\u4ed6\u6280\u672f-\u7ba1\u7406\u670d\u52a1\u3002<br \/>\n\u6211\u4eec\u8fd8\u534f\u52a9\u5ba2\u6237\u8fdb\u5165\u6b27\u6d32\u5e02\u573a\u3001\u6b27\u4e9a\u5173\u7a0e\u540c\u76df\u3001\u4e2d\u56fd\u3001\u97e9\u56fd\u3001\u7f8e\u56fd\u548c\u52a0\u62ff\u5927\u3002.<br \/>\n\u6211\u4eec\u7684\u5458\u5de5\u5728\u56fd\u5185\u548c\u56fd\u9645\u5b9e\u9a8c\u5ba4\u548c\u8ba4\u8bc1\u673a\u6784\u6709\u591a\u5e74\u7684\u7ecf\u9a8c\u3002<br \/>\nICR\u6ce2\u5170\u7684\u4e3b\u8981\u529e\u516c\u5ba4\u4f4d\u4e8e\u534e\u6c99\u7684Saska K\u0119pa\/Plac Przymierza 6\uff0c\u534e\u6c99\u3002<\/p>","protected":false},"excerpt":{"rendered":"<p>ICR Polska sp. z o.o. \u4f5c\u4e3a\u97e9\u56fd\u8ba4\u8bc1\u673a\u6784 ICR Co.Ltd. \u7684\u7b2c\u4e00\u4e2a\u6b27\u6d32\u5206\u652f\u673a\u6784\u3002- \u56fd\u9645\u8ba4\u8bc1\u6ce8\u518c\u673a\u6784\uff0c\u603b\u90e8\u4f4d\u4e8e\u97e9\u56fd\u9996\u5c14\u65c1\u8fb9\u7684\u91d1\u6d66\u5e02 ICR Korea ICR Korea \u662f\u4e9a\u6d32\u516c\u8ba4\u7684\u8ba4\u8bc1\u673a\u6784\uff0c\u5176\u4e3b\u8981\u5e02\u573a\u5305\u62ec\u97e9\u56fd\u3001\u4e2d\u56fd\u3001\u53f0\u6e7e\u3001\u8d8a\u5357\u3001\u7f8e\u56fd\u7b49\u3002\u5b83\u63d0\u4f9b...&nbsp;<a href=\"https:\/\/icrpolska.com\/cn\/icr-polska\/\" rel=\"bookmark\">\u9605\u8bfb\u66f4\u591a \"<span class=\"screen-reader-text\">ICR Polska<\/span><\/a><\/p>","protected":false},"author":1,"featured_media":0,"parent":0,"menu_order":0,"comment_status":"closed","ping_status":"closed","template":"","meta":{"neve_meta_sidebar":"left","neve_meta_container":"","neve_meta_enable_content_width":"off","neve_meta_content_width":70,"neve_meta_title_alignment":"","neve_meta_author_avatar":"","neve_post_elements_order":"","neve_meta_disable_header":"","neve_meta_disable_footer":"","neve_meta_disable_title":"","footnotes":""},"class_list":["post-2577","page","type-page","status-publish","hentry"],"yoast_head":"<!-- This site is optimized with the Yoast SEO plugin v27.3 - https:\/\/yoast.com\/product\/yoast-seo-wordpress\/ -->\n<title>ICR Polska - ICR POLSKA - badania i certyfikacja<\/title>\n<meta name=\"robots\" content=\"index, follow, max-snippet:-1, max-image-preview:large, max-video-preview:-1\" \/>\n<link rel=\"canonical\" href=\"https:\/\/icrpolska.com\/cn\/icr-polska\/\" \/>\n<meta property=\"og:locale\" content=\"zh_CN\" \/>\n<meta property=\"og:type\" content=\"article\" \/>\n<meta property=\"og:title\" content=\"ICR Polska - ICR POLSKA - badania i certyfikacja\" \/>\n<meta property=\"og:description\" content=\"ICR Polska sp. z o.o. rozpocz\u0119\u0142a swoj\u0105 dzia\u0142alno\u015b\u0107 w 2015 roku, jako pierwszy w Europie oddzia\u0142 Korea\u0144skiej jednostki certyfikuj\u0105cej ICR Co. Ltd. \u2013 International Certification Registrar z siedzib\u0105 w Gimpo-si obok Seulu, Korea Po\u0142udniowa ICR Korea ICR Korea jest uznan\u0105 jednostk\u0105 certyfikuj\u0105c\u0105 w Azji, kt\u00f3rej g\u0142\u00f3wnymi rynkami jest m.in. Korea, Chiny, Taiwan, Wietnam, USA. Oferuje&hellip;&nbsp;\u9605\u8bfb\u66f4\u591a &raquo;ICR Polska\" \/>\n<meta property=\"og:url\" content=\"https:\/\/icrpolska.com\/cn\/icr-polska\/\" \/>\n<meta property=\"og:site_name\" content=\"ICR POLSKA - badania i certyfikacja\" \/>\n<meta property=\"article:modified_time\" content=\"2026-01-29T08:13:27+00:00\" \/>\n<meta property=\"og:image\" content=\"https:\/\/icrpolska.com\/wp-content\/uploads\/2019\/06\/DJI_0157-1024x683-1024x683.jpg\" \/>\n<meta name=\"twitter:card\" content=\"summary_large_image\" \/>\n<meta name=\"twitter:label1\" content=\"\u9884\u8ba1\u9605\u8bfb\u65f6\u95f4\" \/>\n\t<meta name=\"twitter:data1\" content=\"1 \u5206\" \/>\n<script type=\"application\/ld+json\" class=\"yoast-schema-graph\">{\"@context\":\"https:\\\/\\\/schema.org\",\"@graph\":[{\"@type\":\"WebPage\",\"@id\":\"https:\\\/\\\/icrpolska.com\\\/icr-polska\\\/\",\"url\":\"https:\\\/\\\/icrpolska.com\\\/icr-polska\\\/\",\"name\":\"ICR Polska - ICR POLSKA - badania i certyfikacja\",\"isPartOf\":{\"@id\":\"https:\\\/\\\/icrpolska.com\\\/#website\"},\"datePublished\":\"2019-06-03T23:00:54+00:00\",\"dateModified\":\"2026-01-29T08:13:27+00:00\",\"breadcrumb\":{\"@id\":\"https:\\\/\\\/icrpolska.com\\\/icr-polska\\\/#breadcrumb\"},\"inLanguage\":\"zh-Hans\",\"potentialAction\":[{\"@type\":\"ReadAction\",\"target\":[\"https:\\\/\\\/icrpolska.com\\\/icr-polska\\\/\"]}]},{\"@type\":\"BreadcrumbList\",\"@id\":\"https:\\\/\\\/icrpolska.com\\\/icr-polska\\\/#breadcrumb\",\"itemListElement\":[{\"@type\":\"ListItem\",\"position\":1,\"name\":\"Strona g\u0142\u00f3wna\",\"item\":\"https:\\\/\\\/icrpolska.com\\\/\"},{\"@type\":\"ListItem\",\"position\":2,\"name\":\"ICR Polska\"}]},{\"@type\":\"WebSite\",\"@id\":\"https:\\\/\\\/icrpolska.com\\\/#website\",\"url\":\"https:\\\/\\\/icrpolska.com\\\/\",\"name\":\"ICR POLSKA - badania i certyfikacja\",\"description\":\"CE certification, CE certificate, ISO certificate, RED testing, product testing and certification, electrical product testing, medical device testing, ATEX, IECEx, FCC, product certification, EMC testing, machinery certification, CE machines, training, electronic product testing, testing 2014\\\/53\\\/EU, drone certification, ISO 13485 certificate, ISO 9001 certificate, NC RfG, CPR\",\"publisher\":{\"@id\":\"https:\\\/\\\/icrpolska.com\\\/#\\\/schema\\\/person\\\/8601820fc0521fc7bf75ae141134fbfd\"},\"potentialAction\":[{\"@type\":\"SearchAction\",\"target\":{\"@type\":\"EntryPoint\",\"urlTemplate\":\"https:\\\/\\\/icrpolska.com\\\/?s={search_term_string}\"},\"query-input\":{\"@type\":\"PropertyValueSpecification\",\"valueRequired\":true,\"valueName\":\"search_term_string\"}}],\"inLanguage\":\"zh-Hans\"},{\"@type\":[\"Person\",\"Organization\"],\"@id\":\"https:\\\/\\\/icrpolska.com\\\/#\\\/schema\\\/person\\\/8601820fc0521fc7bf75ae141134fbfd\",\"name\":\"admin\",\"image\":{\"@type\":\"ImageObject\",\"inLanguage\":\"zh-Hans\",\"@id\":\"https:\\\/\\\/icrpolska.com\\\/wp-content\\\/uploads\\\/2019\\\/05\\\/cropped-logo-icr.32f04ad5-1-1.png\",\"url\":\"https:\\\/\\\/icrpolska.com\\\/wp-content\\\/uploads\\\/2019\\\/05\\\/cropped-logo-icr.32f04ad5-1-1.png\",\"contentUrl\":\"https:\\\/\\\/icrpolska.com\\\/wp-content\\\/uploads\\\/2019\\\/05\\\/cropped-logo-icr.32f04ad5-1-1.png\",\"width\":400,\"height\":148,\"caption\":\"admin\"},\"logo\":{\"@id\":\"https:\\\/\\\/icrpolska.com\\\/wp-content\\\/uploads\\\/2019\\\/05\\\/cropped-logo-icr.32f04ad5-1-1.png\"}}]}<\/script>\n<!-- \/ Yoast SEO plugin. -->","yoast_head_json":{"title":"ICR\u6ce2\u5170 - ICR\u6ce2\u5170 - \u6d4b\u8bd5\u548c\u8ba4\u8bc1","robots":{"index":"index","follow":"follow","max-snippet":"max-snippet:-1","max-image-preview":"max-image-preview:large","max-video-preview":"max-video-preview:-1"},"canonical":"https:\/\/icrpolska.com\/cn\/icr-polska\/","og_locale":"zh_CN","og_type":"article","og_title":"ICR Polska - ICR POLSKA - badania i certyfikacja","og_description":"ICR Polska sp. z o.o. rozpocz\u0119\u0142a swoj\u0105 dzia\u0142alno\u015b\u0107 w 2015 roku, jako pierwszy w Europie oddzia\u0142 Korea\u0144skiej jednostki certyfikuj\u0105cej ICR Co. Ltd. \u2013 International Certification Registrar z siedzib\u0105 w Gimpo-si obok Seulu, Korea Po\u0142udniowa ICR Korea ICR Korea jest uznan\u0105 jednostk\u0105 certyfikuj\u0105c\u0105 w Azji, kt\u00f3rej g\u0142\u00f3wnymi rynkami jest m.in. Korea, Chiny, Taiwan, Wietnam, USA. Oferuje&hellip;&nbsp;\u9605\u8bfb\u66f4\u591a &raquo;ICR Polska","og_url":"https:\/\/icrpolska.com\/cn\/icr-polska\/","og_site_name":"ICR POLSKA - badania i certyfikacja","article_modified_time":"2026-01-29T08:13:27+00:00","og_image":[{"url":"https:\/\/icrpolska.com\/wp-content\/uploads\/2019\/06\/DJI_0157-1024x683-1024x683.jpg","type":"","width":"","height":""}],"twitter_card":"summary_large_image","twitter_misc":{"\u9884\u8ba1\u9605\u8bfb\u65f6\u95f4":"1 \u5206"},"schema":{"@context":"https:\/\/schema.org","@graph":[{"@type":"WebPage","@id":"https:\/\/icrpolska.com\/icr-polska\/","url":"https:\/\/icrpolska.com\/icr-polska\/","name":"ICR\u6ce2\u5170 - ICR\u6ce2\u5170 - \u6d4b\u8bd5\u548c\u8ba4\u8bc1","isPartOf":{"@id":"https:\/\/icrpolska.com\/#website"},"datePublished":"2019-06-03T23:00:54+00:00","dateModified":"2026-01-29T08:13:27+00:00","breadcrumb":{"@id":"https:\/\/icrpolska.com\/icr-polska\/#breadcrumb"},"inLanguage":"zh-Hans","potentialAction":[{"@type":"ReadAction","target":["https:\/\/icrpolska.com\/icr-polska\/"]}]},{"@type":"BreadcrumbList","@id":"https:\/\/icrpolska.com\/icr-polska\/#breadcrumb","itemListElement":[{"@type":"ListItem","position":1,"name":"Strona g\u0142\u00f3wna","item":"https:\/\/icrpolska.com\/"},{"@type":"ListItem","position":2,"name":"ICR Polska"}]},{"@type":"WebSite","@id":"https:\/\/icrpolska.com\/#website","url":"https:\/\/icrpolska.com\/","name":"ICR\u6ce2\u5170 - \u6d4b\u8bd5\u548c\u8ba4\u8bc1","description":"CE \u8ba4\u8bc1\u3001CE \u8bc1\u4e66\u3001ISO \u8bc1\u4e66\u3001RED \u6d4b\u8bd5\u3001\u4ea7\u54c1\u6d4b\u8bd5\u548c\u8ba4\u8bc1\u3001\u7535\u6c14\u4ea7\u54c1\u6d4b\u8bd5\u3001\u533b\u7597\u8bbe\u5907\u6d4b\u8bd5\u3001ATEX\u3001IECEx\u3001FCC\u3001\u4ea7\u54c1\u8ba4\u8bc1\u3001EMC \u6d4b\u8bd5\u3001\u673a\u68b0\u8ba4\u8bc1\u3001CE \u673a\u5668\u3001\u57f9\u8bad\u3001\u7535\u5b50\u4ea7\u54c1\u6d4b\u8bd5\u30012014\/53\/EU \u6d4b\u8bd5\u3001\u65e0\u4eba\u673a\u8ba4\u8bc1\u3001ISO 13485 \u8bc1\u4e66\u3001ISO 9001 \u8bc1\u4e66\u3001NC RfG\u3001CPR","publisher":{"@id":"https:\/\/icrpolska.com\/#\/schema\/person\/8601820fc0521fc7bf75ae141134fbfd"},"potentialAction":[{"@type":"SearchAction","target":{"@type":"EntryPoint","urlTemplate":"https:\/\/icrpolska.com\/?s={search_term_string}"},"query-input":{"@type":"PropertyValueSpecification","valueRequired":true,"valueName":"search_term_string"}}],"inLanguage":"zh-Hans"},{"@type":["Person","Organization"],"@id":"https:\/\/icrpolska.com\/#\/schema\/person\/8601820fc0521fc7bf75ae141134fbfd","name":"\u7ba1\u7406\u5458","image":{"@type":"ImageObject","inLanguage":"zh-Hans","@id":"https:\/\/icrpolska.com\/wp-content\/uploads\/2019\/05\/cropped-logo-icr.32f04ad5-1-1.png","url":"https:\/\/icrpolska.com\/wp-content\/uploads\/2019\/05\/cropped-logo-icr.32f04ad5-1-1.png","contentUrl":"https:\/\/icrpolska.com\/wp-content\/uploads\/2019\/05\/cropped-logo-icr.32f04ad5-1-1.png","width":400,"height":148,"caption":"admin"},"logo":{"@id":"https:\/\/icrpolska.com\/wp-content\/uploads\/2019\/05\/cropped-logo-icr.32f04ad5-1-1.png"}}]}},"_links":{"self":[{"href":"https:\/\/icrpolska.com\/cn\/wp-json\/wp\/v2\/pages\/2577","targetHints":{"allow":["GET"]}}],"collection":[{"href":"https:\/\/icrpolska.com\/cn\/wp-json\/wp\/v2\/pages"}],"about":[{"href":"https:\/\/icrpolska.com\/cn\/wp-json\/wp\/v2\/types\/page"}],"author":[{"embeddable":true,"href":"https:\/\/icrpolska.com\/cn\/wp-json\/wp\/v2\/users\/1"}],"replies":[{"embeddable":true,"href":"https:\/\/icrpolska.com\/cn\/wp-json\/wp\/v2\/comments?post=2577"}],"version-history":[{"count":26,"href":"https:\/\/icrpolska.com\/cn\/wp-json\/wp\/v2\/pages\/2577\/revisions"}],"predecessor-version":[{"id":17355,"href":"https:\/\/icrpolska.com\/cn\/wp-json\/wp\/v2\/pages\/2577\/revisions\/17355"}],"wp:attachment":[{"href":"https:\/\/icrpolska.com\/cn\/wp-json\/wp\/v2\/media?parent=2577"}],"curies":[{"name":"wp","href":"https:\/\/api.w.org\/{rel}","templated":true}]}}