{"id":1899,"date":"2019-05-22T06:51:40","date_gmt":"2019-05-22T06:51:40","guid":{"rendered":"http:\/\/icrpolska.e-ksperci.pl\/?page_id=1899"},"modified":"2022-09-07T23:02:26","modified_gmt":"2022-09-07T21:02:26","slug":"iso-9001","status":"publish","type":"page","link":"https:\/\/icrpolska.com\/en\/certyfikacja-systemow\/iso-9001\/","title":{"rendered":"ISO 9001 - International Organization for Standardization"},"content":{"rendered":"<h2>What is ISO 9001?<\/h2>\n<p class=\"translation-block\">ISO 9001 is a family of standards established by ISO (International Organization for Standardization), which relate to quality management systems and are designed to help organizations to meet the needs of customers and other <strong> interested parties <\/strong>.<\/p>\n<p>ISO 9001 is a certification system by veryfing (auditing) that the organization's quality management system complies with the ISO 9001 standard. The standard can cover all industrial sectors, not only for production, construction and services, but also for public services such as schools.<\/p>\n<h4>Key concepts of ISO 9001<\/h4>\n<ul>\n<li>Confirmation that the quality management system used is certified<\/li>\n<li>Process approach based on the assumption that all activities related to quality management are combined and contain inputs and outputs<\/li>\n<li>System provides continuous improvement<\/li>\n<li>All activities lead to customer satisfaction<\/li>\n<\/ul>\n<h4>Benefits of ISO 9001<\/h4>\n<p>In the times of unlimited global competition and emphasis on quality assurance of products and services, trust and responsibility for the product, all organizations providing products and services under the strong price competition and non-price competition develop quality management systems that put customer satisfaction first.<\/p>\n<p>The quality management system defines all the activities necessary to obtain consistent results for the client related to the product or service offered. Quality assurance policies are established, documented, implemented and maintained for continuous improvement.<\/p>\n<p>Certificate of compliance with the ISO 9001 standard is used as a method of introducing and developing a quality management system.<\/p>","protected":false},"excerpt":{"rendered":"<p>What is ISO 9001? ISO 9001 is a family of standards established by the ISO (International Organization for Standardization) that relate to quality management systems and are designed to help organisations meet the needs of customers and other stakeholders. ISO 9001 is a system for providing certification by verifying that an organisation's quality management system complies with ISO...&nbsp;<a href=\"https:\/\/icrpolska.com\/en\/certyfikacja-systemow\/iso-9001\/\" rel=\"bookmark\">Read More \"<span class=\"screen-reader-text\">ISO 9001 - International Organization for Standardization<\/span><\/a><\/p>","protected":false},"author":1,"featured_media":48,"parent":162,"menu_order":0,"comment_status":"closed","ping_status":"closed","template":"","meta":{"neve_meta_sidebar":"","neve_meta_container":"","neve_meta_enable_content_width":"off","neve_meta_content_width":70,"neve_meta_title_alignment":"","neve_meta_author_avatar":"","neve_post_elements_order":"","neve_meta_disable_header":"","neve_meta_disable_footer":"","neve_meta_disable_title":"","footnotes":""},"class_list":["post-1899","page","type-page","status-publish","has-post-thumbnail","hentry"],"yoast_head":"<!-- This site is optimized with the Yoast SEO plugin v27.3 - https:\/\/yoast.com\/product\/yoast-seo-wordpress\/ -->\n<title>ISO 9001 - International Organization for Standardization - ICR POLSKA - badania i certyfikacja<\/title>\n<meta name=\"robots\" content=\"index, follow, max-snippet:-1, max-image-preview:large, max-video-preview:-1\" \/>\n<link rel=\"canonical\" href=\"https:\/\/icrpolska.com\/en\/certyfikacja-systemow\/iso-9001\/\" \/>\n<meta property=\"og:locale\" content=\"en_GB\" \/>\n<meta property=\"og:type\" content=\"article\" \/>\n<meta property=\"og:title\" content=\"ISO 9001 - International Organization for Standardization - ICR POLSKA - badania i certyfikacja\" \/>\n<meta property=\"og:description\" content=\"Czym jest ISO 9001? ISO 9001 to rodzina norm ustanowionych przez ISO (International Organization for Standardization), kt\u00f3re odnosz\u0105 si\u0119 do system\u00f3w zarz\u0105dzania jako\u015bci\u0105 i maj\u0105 na celu pomoc organizacjom w zaspokajaniu potrzeb klient\u00f3w i innych zainteresowanych stron. ISO 9001 jest systemem zapewnienia certyfikacji przez sprawdzanie, czy system zarz\u0105dzania jako\u015bci\u0105 organizacji jest zgodny z norm\u0105 ISO&hellip;&nbsp;Read More &raquo;ISO 9001 &#8211; International Organization for Standardization\" \/>\n<meta property=\"og:url\" content=\"https:\/\/icrpolska.com\/en\/certyfikacja-systemow\/iso-9001\/\" \/>\n<meta property=\"og:site_name\" content=\"ICR POLSKA - badania i certyfikacja\" \/>\n<meta property=\"article:modified_time\" content=\"2022-09-07T21:02:26+00:00\" \/>\n<meta property=\"og:image\" content=\"https:\/\/icrpolska.com\/wp-content\/uploads\/2019\/05\/screencapture-icrpolska-e-ksperci-pl-systemy-2019-04-17-17_07_18-e1555513756585.png\" \/>\n\t<meta property=\"og:image:width\" content=\"664\" \/>\n\t<meta property=\"og:image:height\" content=\"621\" \/>\n\t<meta property=\"og:image:type\" content=\"image\/png\" \/>\n<meta name=\"twitter:card\" content=\"summary_large_image\" \/>\n<meta name=\"twitter:label1\" content=\"Estimated reading time\" \/>\n\t<meta name=\"twitter:data1\" content=\"2 minutes\" \/>\n<script type=\"application\/ld+json\" class=\"yoast-schema-graph\">{\"@context\":\"https:\\\/\\\/schema.org\",\"@graph\":[{\"@type\":\"WebPage\",\"@id\":\"https:\\\/\\\/icrpolska.com\\\/certyfikacja-systemow\\\/iso-9001\\\/\",\"url\":\"https:\\\/\\\/icrpolska.com\\\/certyfikacja-systemow\\\/iso-9001\\\/\",\"name\":\"ISO 9001 - International Organization for Standardization - ICR POLSKA - badania i certyfikacja\",\"isPartOf\":{\"@id\":\"https:\\\/\\\/icrpolska.com\\\/#website\"},\"primaryImageOfPage\":{\"@id\":\"https:\\\/\\\/icrpolska.com\\\/certyfikacja-systemow\\\/iso-9001\\\/#primaryimage\"},\"image\":{\"@id\":\"https:\\\/\\\/icrpolska.com\\\/certyfikacja-systemow\\\/iso-9001\\\/#primaryimage\"},\"thumbnailUrl\":\"https:\\\/\\\/icrpolska.com\\\/wp-content\\\/uploads\\\/2019\\\/05\\\/screencapture-icrpolska-e-ksperci-pl-systemy-2019-04-17-17_07_18-e1555513756585.png\",\"datePublished\":\"2019-05-22T06:51:40+00:00\",\"dateModified\":\"2022-09-07T21:02:26+00:00\",\"breadcrumb\":{\"@id\":\"https:\\\/\\\/icrpolska.com\\\/certyfikacja-systemow\\\/iso-9001\\\/#breadcrumb\"},\"inLanguage\":\"en-GB\",\"potentialAction\":[{\"@type\":\"ReadAction\",\"target\":[\"https:\\\/\\\/icrpolska.com\\\/certyfikacja-systemow\\\/iso-9001\\\/\"]}]},{\"@type\":\"ImageObject\",\"inLanguage\":\"en-GB\",\"@id\":\"https:\\\/\\\/icrpolska.com\\\/certyfikacja-systemow\\\/iso-9001\\\/#primaryimage\",\"url\":\"https:\\\/\\\/icrpolska.com\\\/wp-content\\\/uploads\\\/2019\\\/05\\\/screencapture-icrpolska-e-ksperci-pl-systemy-2019-04-17-17_07_18-e1555513756585.png\",\"contentUrl\":\"https:\\\/\\\/icrpolska.com\\\/wp-content\\\/uploads\\\/2019\\\/05\\\/screencapture-icrpolska-e-ksperci-pl-systemy-2019-04-17-17_07_18-e1555513756585.png\",\"width\":664,\"height\":621},{\"@type\":\"BreadcrumbList\",\"@id\":\"https:\\\/\\\/icrpolska.com\\\/certyfikacja-systemow\\\/iso-9001\\\/#breadcrumb\",\"itemListElement\":[{\"@type\":\"ListItem\",\"position\":1,\"name\":\"Strona g\u0142\u00f3wna\",\"item\":\"https:\\\/\\\/icrpolska.com\\\/\"},{\"@type\":\"ListItem\",\"position\":2,\"name\":\"Certyfikacja system\u00f3w ISO\",\"item\":\"https:\\\/\\\/icrpolska.com\\\/certyfikacja-systemow\\\/\"},{\"@type\":\"ListItem\",\"position\":3,\"name\":\"ISO 9001 &#8211; International Organization for Standardization\"}]},{\"@type\":\"WebSite\",\"@id\":\"https:\\\/\\\/icrpolska.com\\\/#website\",\"url\":\"https:\\\/\\\/icrpolska.com\\\/\",\"name\":\"ICR POLSKA - badania i certyfikacja\",\"description\":\"CE certification, CE certificate, ISO certificate, RED testing, product testing and certification, electrical product testing, medical device testing, ATEX, IECEx, FCC, product certification, EMC testing, machinery certification, CE machines, training, electronic product testing, testing 2014\\\/53\\\/EU, drone certification, ISO 13485 certificate, ISO 9001 certificate, NC RfG, CPR\",\"publisher\":{\"@id\":\"https:\\\/\\\/icrpolska.com\\\/#\\\/schema\\\/person\\\/8601820fc0521fc7bf75ae141134fbfd\"},\"potentialAction\":[{\"@type\":\"SearchAction\",\"target\":{\"@type\":\"EntryPoint\",\"urlTemplate\":\"https:\\\/\\\/icrpolska.com\\\/?s={search_term_string}\"},\"query-input\":{\"@type\":\"PropertyValueSpecification\",\"valueRequired\":true,\"valueName\":\"search_term_string\"}}],\"inLanguage\":\"en-GB\"},{\"@type\":[\"Person\",\"Organization\"],\"@id\":\"https:\\\/\\\/icrpolska.com\\\/#\\\/schema\\\/person\\\/8601820fc0521fc7bf75ae141134fbfd\",\"name\":\"admin\",\"image\":{\"@type\":\"ImageObject\",\"inLanguage\":\"en-GB\",\"@id\":\"https:\\\/\\\/icrpolska.com\\\/wp-content\\\/uploads\\\/2019\\\/05\\\/cropped-logo-icr.32f04ad5-1-1.png\",\"url\":\"https:\\\/\\\/icrpolska.com\\\/wp-content\\\/uploads\\\/2019\\\/05\\\/cropped-logo-icr.32f04ad5-1-1.png\",\"contentUrl\":\"https:\\\/\\\/icrpolska.com\\\/wp-content\\\/uploads\\\/2019\\\/05\\\/cropped-logo-icr.32f04ad5-1-1.png\",\"width\":400,\"height\":148,\"caption\":\"admin\"},\"logo\":{\"@id\":\"https:\\\/\\\/icrpolska.com\\\/wp-content\\\/uploads\\\/2019\\\/05\\\/cropped-logo-icr.32f04ad5-1-1.png\"}}]}<\/script>\n<!-- \/ Yoast SEO plugin. -->","yoast_head_json":{"title":"ISO 9001 - International Organization for Standardization - ICR POLAND - testing and certification","robots":{"index":"index","follow":"follow","max-snippet":"max-snippet:-1","max-image-preview":"max-image-preview:large","max-video-preview":"max-video-preview:-1"},"canonical":"https:\/\/icrpolska.com\/en\/certyfikacja-systemow\/iso-9001\/","og_locale":"en_GB","og_type":"article","og_title":"ISO 9001 - International Organization for Standardization - ICR POLSKA - badania i certyfikacja","og_description":"Czym jest ISO 9001? ISO 9001 to rodzina norm ustanowionych przez ISO (International Organization for Standardization), kt\u00f3re odnosz\u0105 si\u0119 do system\u00f3w zarz\u0105dzania jako\u015bci\u0105 i maj\u0105 na celu pomoc organizacjom w zaspokajaniu potrzeb klient\u00f3w i innych zainteresowanych stron. ISO 9001 jest systemem zapewnienia certyfikacji przez sprawdzanie, czy system zarz\u0105dzania jako\u015bci\u0105 organizacji jest zgodny z norm\u0105 ISO&hellip;&nbsp;Read More &raquo;ISO 9001 &#8211; International Organization for Standardization","og_url":"https:\/\/icrpolska.com\/en\/certyfikacja-systemow\/iso-9001\/","og_site_name":"ICR POLSKA - badania i certyfikacja","article_modified_time":"2022-09-07T21:02:26+00:00","og_image":[{"width":664,"height":621,"url":"https:\/\/icrpolska.com\/wp-content\/uploads\/2019\/05\/screencapture-icrpolska-e-ksperci-pl-systemy-2019-04-17-17_07_18-e1555513756585.png","type":"image\/png"}],"twitter_card":"summary_large_image","twitter_misc":{"Estimated reading time":"2 minutes"},"schema":{"@context":"https:\/\/schema.org","@graph":[{"@type":"WebPage","@id":"https:\/\/icrpolska.com\/certyfikacja-systemow\/iso-9001\/","url":"https:\/\/icrpolska.com\/certyfikacja-systemow\/iso-9001\/","name":"ISO 9001 - International Organization for Standardization - ICR POLAND - testing and certification","isPartOf":{"@id":"https:\/\/icrpolska.com\/#website"},"primaryImageOfPage":{"@id":"https:\/\/icrpolska.com\/certyfikacja-systemow\/iso-9001\/#primaryimage"},"image":{"@id":"https:\/\/icrpolska.com\/certyfikacja-systemow\/iso-9001\/#primaryimage"},"thumbnailUrl":"https:\/\/icrpolska.com\/wp-content\/uploads\/2019\/05\/screencapture-icrpolska-e-ksperci-pl-systemy-2019-04-17-17_07_18-e1555513756585.png","datePublished":"2019-05-22T06:51:40+00:00","dateModified":"2022-09-07T21:02:26+00:00","breadcrumb":{"@id":"https:\/\/icrpolska.com\/certyfikacja-systemow\/iso-9001\/#breadcrumb"},"inLanguage":"en-GB","potentialAction":[{"@type":"ReadAction","target":["https:\/\/icrpolska.com\/certyfikacja-systemow\/iso-9001\/"]}]},{"@type":"ImageObject","inLanguage":"en-GB","@id":"https:\/\/icrpolska.com\/certyfikacja-systemow\/iso-9001\/#primaryimage","url":"https:\/\/icrpolska.com\/wp-content\/uploads\/2019\/05\/screencapture-icrpolska-e-ksperci-pl-systemy-2019-04-17-17_07_18-e1555513756585.png","contentUrl":"https:\/\/icrpolska.com\/wp-content\/uploads\/2019\/05\/screencapture-icrpolska-e-ksperci-pl-systemy-2019-04-17-17_07_18-e1555513756585.png","width":664,"height":621},{"@type":"BreadcrumbList","@id":"https:\/\/icrpolska.com\/certyfikacja-systemow\/iso-9001\/#breadcrumb","itemListElement":[{"@type":"ListItem","position":1,"name":"Strona g\u0142\u00f3wna","item":"https:\/\/icrpolska.com\/"},{"@type":"ListItem","position":2,"name":"Certyfikacja system\u00f3w ISO","item":"https:\/\/icrpolska.com\/certyfikacja-systemow\/"},{"@type":"ListItem","position":3,"name":"ISO 9001 &#8211; International Organization for Standardization"}]},{"@type":"WebSite","@id":"https:\/\/icrpolska.com\/#website","url":"https:\/\/icrpolska.com\/","name":"ICR POLAND - testing and certification","description":"CE certification, CE certificate, ISO certificate, RED testing, product testing and certification, electrical product testing, medical device testing, ATEX, IECEx, FCC, product certification, EMC testing, machinery certification, CE machines, training, electronic product testing, testing 2014\/53\/EU, drone certification, ISO 13485 certificate, ISO 9001 certificate, NC RfG, CPR","publisher":{"@id":"https:\/\/icrpolska.com\/#\/schema\/person\/8601820fc0521fc7bf75ae141134fbfd"},"potentialAction":[{"@type":"SearchAction","target":{"@type":"EntryPoint","urlTemplate":"https:\/\/icrpolska.com\/?s={search_term_string}"},"query-input":{"@type":"PropertyValueSpecification","valueRequired":true,"valueName":"search_term_string"}}],"inLanguage":"en-GB"},{"@type":["Person","Organization"],"@id":"https:\/\/icrpolska.com\/#\/schema\/person\/8601820fc0521fc7bf75ae141134fbfd","name":"admin","image":{"@type":"ImageObject","inLanguage":"en-GB","@id":"https:\/\/icrpolska.com\/wp-content\/uploads\/2019\/05\/cropped-logo-icr.32f04ad5-1-1.png","url":"https:\/\/icrpolska.com\/wp-content\/uploads\/2019\/05\/cropped-logo-icr.32f04ad5-1-1.png","contentUrl":"https:\/\/icrpolska.com\/wp-content\/uploads\/2019\/05\/cropped-logo-icr.32f04ad5-1-1.png","width":400,"height":148,"caption":"admin"},"logo":{"@id":"https:\/\/icrpolska.com\/wp-content\/uploads\/2019\/05\/cropped-logo-icr.32f04ad5-1-1.png"}}]}},"_links":{"self":[{"href":"https:\/\/icrpolska.com\/en\/wp-json\/wp\/v2\/pages\/1899","targetHints":{"allow":["GET"]}}],"collection":[{"href":"https:\/\/icrpolska.com\/en\/wp-json\/wp\/v2\/pages"}],"about":[{"href":"https:\/\/icrpolska.com\/en\/wp-json\/wp\/v2\/types\/page"}],"author":[{"embeddable":true,"href":"https:\/\/icrpolska.com\/en\/wp-json\/wp\/v2\/users\/1"}],"replies":[{"embeddable":true,"href":"https:\/\/icrpolska.com\/en\/wp-json\/wp\/v2\/comments?post=1899"}],"version-history":[{"count":1,"href":"https:\/\/icrpolska.com\/en\/wp-json\/wp\/v2\/pages\/1899\/revisions"}],"predecessor-version":[{"id":2155,"href":"https:\/\/icrpolska.com\/en\/wp-json\/wp\/v2\/pages\/1899\/revisions\/2155"}],"up":[{"embeddable":true,"href":"https:\/\/icrpolska.com\/en\/wp-json\/wp\/v2\/pages\/162"}],"wp:featuredmedia":[{"embeddable":true,"href":"https:\/\/icrpolska.com\/en\/wp-json\/wp\/v2\/media\/48"}],"wp:attachment":[{"href":"https:\/\/icrpolska.com\/en\/wp-json\/wp\/v2\/media?parent=1899"}],"curies":[{"name":"wp","href":"https:\/\/api.w.org\/{rel}","templated":true}]}}