{"id":1951,"date":"2019-05-22T19:17:19","date_gmt":"2019-05-22T19:17:19","guid":{"rendered":"http:\/\/icrpolska.e-ksperci.pl\/?page_id=1951"},"modified":"2022-09-07T22:54:09","modified_gmt":"2022-09-07T20:54:09","slug":"pn-en-iso-14065","status":"publish","type":"page","link":"https:\/\/icrpolska.com\/en\/certyfikacja-systemow\/pn-en-iso-14065\/","title":{"rendered":"EN 14065"},"content":{"rendered":"<p class=\"translation-block\"><strong>EN 14065 <\/strong>standard describes the principles of developing a management system ensuring the microbiological quality of textiles after treatment in a laundry. The system established in accordance with this standard complies with the process approach known from ISO 9001, except for the requirements of point 7.3. The standard EN 14065 was established by CEN (European Committee for Standardization) on November 20, 2002, introduced into the Polish Norms collection in the original version in 2003, while the Polish version of the standard was introduced by the Polish Standardization Committee in April 2005. RABC (Risk Analysis and Biocontamination Control) is the European standard of conduct for traditional water laundries, as well as those that operate in the so-called the \"clean room\" concept.<\/p>\n<h4>Benefits of the EN 14065 standard:<\/h4>\n<ul>\n<li>ensuring hygiene conditions for staff,<\/li>\n<li>obtaining appropriate hygiene conditions for textiles being subject to laundry processes,<\/li>\n<li>ensuring compliance with laws and regulations,<\/li>\n<li>showing care for the quality of services and hygiene conditions for customers,<\/li>\n<li>facilitating access to new clients and business partners,<\/li>\n<li>solution for companies requiring a RABC certificate,<\/li>\n<li>increasing the company's competitiveness through the implementation and certification of the RABC system.<\/li>\n<\/ul>","protected":false},"excerpt":{"rendered":"<p>EN 14065 describes the principles for the development of a management system to ensure the microbiological quality of textiles after laundry treatment. The system established according to this standard follows the process approach known from ISO 9001, with the exception of the requirements of clause 7.3. EN 14065 was established by CEN (European Committee for Standardisation) on 20 November 2002, introduced into the set of Polish Standards in...&nbsp;<a href=\"https:\/\/icrpolska.com\/en\/certyfikacja-systemow\/pn-en-iso-14065\/\" rel=\"bookmark\">Read More \"<span class=\"screen-reader-text\">EN 14065<\/span><\/a><\/p>","protected":false},"author":1,"featured_media":1070,"parent":162,"menu_order":0,"comment_status":"closed","ping_status":"closed","template":"","meta":{"neve_meta_sidebar":"","neve_meta_container":"","neve_meta_enable_content_width":"off","neve_meta_content_width":70,"neve_meta_title_alignment":"","neve_meta_author_avatar":"","neve_post_elements_order":"","neve_meta_disable_header":"","neve_meta_disable_footer":"","neve_meta_disable_title":"","footnotes":""},"class_list":["post-1951","page","type-page","status-publish","has-post-thumbnail","hentry"],"yoast_head":"<!-- This site is optimized with the Yoast SEO plugin v27.3 - https:\/\/yoast.com\/product\/yoast-seo-wordpress\/ -->\n<title>EN 14065 - ICR POLSKA - badania i certyfikacja<\/title>\n<meta name=\"robots\" content=\"index, follow, max-snippet:-1, max-image-preview:large, max-video-preview:-1\" \/>\n<link rel=\"canonical\" href=\"https:\/\/icrpolska.com\/en\/certyfikacja-systemow\/pn-en-iso-14065\/\" \/>\n<meta property=\"og:locale\" content=\"en_GB\" \/>\n<meta property=\"og:type\" content=\"article\" \/>\n<meta property=\"og:title\" content=\"EN 14065 - ICR POLSKA - badania i certyfikacja\" \/>\n<meta property=\"og:description\" content=\"Norma EN 14065 opisuje zasady opracowania systemu zarz\u0105dzania zapewniaj\u0105cego jako\u015b\u0107 mikrobiologiczn\u0105 tekstyli\u00f3w po obr\u00f3bce w pralni. Ustanowiony wed\u0142ug tej normy system zgodny jest z podej\u015bciem procesowym znanym z ISO 9001, z wyj\u0105tkiem wymaga\u0144 pkt 7.3. Norma EN 14065 zosta\u0142a ustanowiona przez CEN (Europejski Komitet Normalizacyjny) 20 listopada 2002 r., wprowadzona do zbioru Polskich Norm w&hellip;&nbsp;Read More &raquo;EN 14065\" \/>\n<meta property=\"og:url\" content=\"https:\/\/icrpolska.com\/en\/certyfikacja-systemow\/pn-en-iso-14065\/\" \/>\n<meta property=\"og:site_name\" content=\"ICR POLSKA - badania i certyfikacja\" \/>\n<meta property=\"article:modified_time\" content=\"2022-09-07T20:54:09+00:00\" \/>\n<meta name=\"twitter:card\" content=\"summary_large_image\" \/>\n<meta name=\"twitter:label1\" content=\"Estimated reading time\" \/>\n\t<meta name=\"twitter:data1\" content=\"1 minute\" \/>\n<script type=\"application\/ld+json\" class=\"yoast-schema-graph\">{\"@context\":\"https:\\\/\\\/schema.org\",\"@graph\":[{\"@type\":\"WebPage\",\"@id\":\"https:\\\/\\\/icrpolska.com\\\/certyfikacja-systemow\\\/pn-en-iso-14065\\\/\",\"url\":\"https:\\\/\\\/icrpolska.com\\\/certyfikacja-systemow\\\/pn-en-iso-14065\\\/\",\"name\":\"EN 14065 - ICR POLSKA - badania i certyfikacja\",\"isPartOf\":{\"@id\":\"https:\\\/\\\/icrpolska.com\\\/#website\"},\"primaryImageOfPage\":{\"@id\":\"https:\\\/\\\/icrpolska.com\\\/certyfikacja-systemow\\\/pn-en-iso-14065\\\/#primaryimage\"},\"image\":{\"@id\":\"https:\\\/\\\/icrpolska.com\\\/certyfikacja-systemow\\\/pn-en-iso-14065\\\/#primaryimage\"},\"thumbnailUrl\":\"\",\"datePublished\":\"2019-05-22T19:17:19+00:00\",\"dateModified\":\"2022-09-07T20:54:09+00:00\",\"breadcrumb\":{\"@id\":\"https:\\\/\\\/icrpolska.com\\\/certyfikacja-systemow\\\/pn-en-iso-14065\\\/#breadcrumb\"},\"inLanguage\":\"en-GB\",\"potentialAction\":[{\"@type\":\"ReadAction\",\"target\":[\"https:\\\/\\\/icrpolska.com\\\/certyfikacja-systemow\\\/pn-en-iso-14065\\\/\"]}]},{\"@type\":\"ImageObject\",\"inLanguage\":\"en-GB\",\"@id\":\"https:\\\/\\\/icrpolska.com\\\/certyfikacja-systemow\\\/pn-en-iso-14065\\\/#primaryimage\",\"url\":\"\",\"contentUrl\":\"\"},{\"@type\":\"BreadcrumbList\",\"@id\":\"https:\\\/\\\/icrpolska.com\\\/certyfikacja-systemow\\\/pn-en-iso-14065\\\/#breadcrumb\",\"itemListElement\":[{\"@type\":\"ListItem\",\"position\":1,\"name\":\"Strona g\u0142\u00f3wna\",\"item\":\"https:\\\/\\\/icrpolska.com\\\/\"},{\"@type\":\"ListItem\",\"position\":2,\"name\":\"Certyfikacja system\u00f3w ISO\",\"item\":\"https:\\\/\\\/icrpolska.com\\\/certyfikacja-systemow\\\/\"},{\"@type\":\"ListItem\",\"position\":3,\"name\":\"EN 14065\"}]},{\"@type\":\"WebSite\",\"@id\":\"https:\\\/\\\/icrpolska.com\\\/#website\",\"url\":\"https:\\\/\\\/icrpolska.com\\\/\",\"name\":\"ICR POLSKA - badania i certyfikacja\",\"description\":\"CE certification, CE certificate, ISO certificate, RED testing, product testing and certification, electrical product testing, medical device testing, ATEX, IECEx, FCC, product certification, EMC testing, machinery certification, CE machines, training, electronic product testing, testing 2014\\\/53\\\/EU, drone certification, ISO 13485 certificate, ISO 9001 certificate, NC RfG, CPR\",\"publisher\":{\"@id\":\"https:\\\/\\\/icrpolska.com\\\/#\\\/schema\\\/person\\\/8601820fc0521fc7bf75ae141134fbfd\"},\"potentialAction\":[{\"@type\":\"SearchAction\",\"target\":{\"@type\":\"EntryPoint\",\"urlTemplate\":\"https:\\\/\\\/icrpolska.com\\\/?s={search_term_string}\"},\"query-input\":{\"@type\":\"PropertyValueSpecification\",\"valueRequired\":true,\"valueName\":\"search_term_string\"}}],\"inLanguage\":\"en-GB\"},{\"@type\":[\"Person\",\"Organization\"],\"@id\":\"https:\\\/\\\/icrpolska.com\\\/#\\\/schema\\\/person\\\/8601820fc0521fc7bf75ae141134fbfd\",\"name\":\"admin\",\"image\":{\"@type\":\"ImageObject\",\"inLanguage\":\"en-GB\",\"@id\":\"https:\\\/\\\/icrpolska.com\\\/wp-content\\\/uploads\\\/2019\\\/05\\\/cropped-logo-icr.32f04ad5-1-1.png\",\"url\":\"https:\\\/\\\/icrpolska.com\\\/wp-content\\\/uploads\\\/2019\\\/05\\\/cropped-logo-icr.32f04ad5-1-1.png\",\"contentUrl\":\"https:\\\/\\\/icrpolska.com\\\/wp-content\\\/uploads\\\/2019\\\/05\\\/cropped-logo-icr.32f04ad5-1-1.png\",\"width\":400,\"height\":148,\"caption\":\"admin\"},\"logo\":{\"@id\":\"https:\\\/\\\/icrpolska.com\\\/wp-content\\\/uploads\\\/2019\\\/05\\\/cropped-logo-icr.32f04ad5-1-1.png\"}}]}<\/script>\n<!-- \/ Yoast SEO plugin. -->","yoast_head_json":{"title":"EN 14065 - ICR POLAND - testing and certification","robots":{"index":"index","follow":"follow","max-snippet":"max-snippet:-1","max-image-preview":"max-image-preview:large","max-video-preview":"max-video-preview:-1"},"canonical":"https:\/\/icrpolska.com\/en\/certyfikacja-systemow\/pn-en-iso-14065\/","og_locale":"en_GB","og_type":"article","og_title":"EN 14065 - ICR POLSKA - badania i certyfikacja","og_description":"Norma EN 14065 opisuje zasady opracowania systemu zarz\u0105dzania zapewniaj\u0105cego jako\u015b\u0107 mikrobiologiczn\u0105 tekstyli\u00f3w po obr\u00f3bce w pralni. Ustanowiony wed\u0142ug tej normy system zgodny jest z podej\u015bciem procesowym znanym z ISO 9001, z wyj\u0105tkiem wymaga\u0144 pkt 7.3. Norma EN 14065 zosta\u0142a ustanowiona przez CEN (Europejski Komitet Normalizacyjny) 20 listopada 2002 r., wprowadzona do zbioru Polskich Norm w&hellip;&nbsp;Read More &raquo;EN 14065","og_url":"https:\/\/icrpolska.com\/en\/certyfikacja-systemow\/pn-en-iso-14065\/","og_site_name":"ICR POLSKA - badania i certyfikacja","article_modified_time":"2022-09-07T20:54:09+00:00","twitter_card":"summary_large_image","twitter_misc":{"Estimated reading time":"1 minute"},"schema":{"@context":"https:\/\/schema.org","@graph":[{"@type":"WebPage","@id":"https:\/\/icrpolska.com\/certyfikacja-systemow\/pn-en-iso-14065\/","url":"https:\/\/icrpolska.com\/certyfikacja-systemow\/pn-en-iso-14065\/","name":"EN 14065 - ICR POLAND - testing and certification","isPartOf":{"@id":"https:\/\/icrpolska.com\/#website"},"primaryImageOfPage":{"@id":"https:\/\/icrpolska.com\/certyfikacja-systemow\/pn-en-iso-14065\/#primaryimage"},"image":{"@id":"https:\/\/icrpolska.com\/certyfikacja-systemow\/pn-en-iso-14065\/#primaryimage"},"thumbnailUrl":"","datePublished":"2019-05-22T19:17:19+00:00","dateModified":"2022-09-07T20:54:09+00:00","breadcrumb":{"@id":"https:\/\/icrpolska.com\/certyfikacja-systemow\/pn-en-iso-14065\/#breadcrumb"},"inLanguage":"en-GB","potentialAction":[{"@type":"ReadAction","target":["https:\/\/icrpolska.com\/certyfikacja-systemow\/pn-en-iso-14065\/"]}]},{"@type":"ImageObject","inLanguage":"en-GB","@id":"https:\/\/icrpolska.com\/certyfikacja-systemow\/pn-en-iso-14065\/#primaryimage","url":"","contentUrl":""},{"@type":"BreadcrumbList","@id":"https:\/\/icrpolska.com\/certyfikacja-systemow\/pn-en-iso-14065\/#breadcrumb","itemListElement":[{"@type":"ListItem","position":1,"name":"Strona g\u0142\u00f3wna","item":"https:\/\/icrpolska.com\/"},{"@type":"ListItem","position":2,"name":"Certyfikacja system\u00f3w ISO","item":"https:\/\/icrpolska.com\/certyfikacja-systemow\/"},{"@type":"ListItem","position":3,"name":"EN 14065"}]},{"@type":"WebSite","@id":"https:\/\/icrpolska.com\/#website","url":"https:\/\/icrpolska.com\/","name":"ICR POLAND - testing and certification","description":"CE certification, CE certificate, ISO certificate, RED testing, product testing and certification, electrical product testing, medical device testing, ATEX, IECEx, FCC, product certification, EMC testing, machinery certification, CE machines, training, electronic product testing, testing 2014\/53\/EU, drone certification, ISO 13485 certificate, ISO 9001 certificate, NC RfG, CPR","publisher":{"@id":"https:\/\/icrpolska.com\/#\/schema\/person\/8601820fc0521fc7bf75ae141134fbfd"},"potentialAction":[{"@type":"SearchAction","target":{"@type":"EntryPoint","urlTemplate":"https:\/\/icrpolska.com\/?s={search_term_string}"},"query-input":{"@type":"PropertyValueSpecification","valueRequired":true,"valueName":"search_term_string"}}],"inLanguage":"en-GB"},{"@type":["Person","Organization"],"@id":"https:\/\/icrpolska.com\/#\/schema\/person\/8601820fc0521fc7bf75ae141134fbfd","name":"admin","image":{"@type":"ImageObject","inLanguage":"en-GB","@id":"https:\/\/icrpolska.com\/wp-content\/uploads\/2019\/05\/cropped-logo-icr.32f04ad5-1-1.png","url":"https:\/\/icrpolska.com\/wp-content\/uploads\/2019\/05\/cropped-logo-icr.32f04ad5-1-1.png","contentUrl":"https:\/\/icrpolska.com\/wp-content\/uploads\/2019\/05\/cropped-logo-icr.32f04ad5-1-1.png","width":400,"height":148,"caption":"admin"},"logo":{"@id":"https:\/\/icrpolska.com\/wp-content\/uploads\/2019\/05\/cropped-logo-icr.32f04ad5-1-1.png"}}]}},"_links":{"self":[{"href":"https:\/\/icrpolska.com\/en\/wp-json\/wp\/v2\/pages\/1951","targetHints":{"allow":["GET"]}}],"collection":[{"href":"https:\/\/icrpolska.com\/en\/wp-json\/wp\/v2\/pages"}],"about":[{"href":"https:\/\/icrpolska.com\/en\/wp-json\/wp\/v2\/types\/page"}],"author":[{"embeddable":true,"href":"https:\/\/icrpolska.com\/en\/wp-json\/wp\/v2\/users\/1"}],"replies":[{"embeddable":true,"href":"https:\/\/icrpolska.com\/en\/wp-json\/wp\/v2\/comments?post=1951"}],"version-history":[{"count":3,"href":"https:\/\/icrpolska.com\/en\/wp-json\/wp\/v2\/pages\/1951\/revisions"}],"predecessor-version":[{"id":3300,"href":"https:\/\/icrpolska.com\/en\/wp-json\/wp\/v2\/pages\/1951\/revisions\/3300"}],"up":[{"embeddable":true,"href":"https:\/\/icrpolska.com\/en\/wp-json\/wp\/v2\/pages\/162"}],"wp:featuredmedia":[{"embeddable":true,"href":"https:\/\/icrpolska.com\/en\/wp-json\/"}],"wp:attachment":[{"href":"https:\/\/icrpolska.com\/en\/wp-json\/wp\/v2\/media?parent=1951"}],"curies":[{"name":"wp","href":"https:\/\/api.w.org\/{rel}","templated":true}]}}