{"id":1954,"date":"2019-05-22T19:22:21","date_gmt":"2019-05-22T19:22:21","guid":{"rendered":"http:\/\/icrpolska.e-ksperci.pl\/?page_id=1954"},"modified":"2022-09-07T23:07:25","modified_gmt":"2022-09-07T21:07:25","slug":"iso-22000","status":"publish","type":"page","link":"https:\/\/icrpolska.com\/en\/certyfikacja-systemow\/iso-22000\/","title":{"rendered":"ISO 22000"},"content":{"rendered":"<p>ISO 22000 specifies the requirements of a food safety management system in food chain organisations that must demonstrate the ability to control food safety hazards to ensure that food is safe when consumed by humans.<\/p>\n<p>The standard is applicable in all organisations, regardless of the size, which are involved in any stage of the food chain and want to implement systems that will provide safe food.<\/p>\n<p><strong>Benefits of the ISO 22000 standard:<\/strong><\/p>\n<ul>\n<li>it allows you to confirm your commitment to providing safe, high-quality food products<\/li>\n<li>facilitates compliance with the obligations provided for by law and regulations<\/li>\n<li>it increases the ability to meet the requirements of retail recipients and therefore constitutes a commercial license<\/li>\n<li>applicable to all organisations participating in the global food supply chain<\/li>\n<li class=\"translation-block\">obtaining the <strong> ISO 22000 certification <\/strong> will improve the company's reputation, brand and image<\/li>\n<\/ul>","protected":false},"excerpt":{"rendered":"<p>ISO 22000 specifies the food safety management system requirements for food chain organisations that need to demonstrate the ability to control food safety hazards to ensure that food is safe for human consumption. The standard is applicable to all organisations, regardless of size, that are involved in any stage of the food chain and wish to implement systems,...&nbsp;<a href=\"https:\/\/icrpolska.com\/en\/certyfikacja-systemow\/iso-22000\/\" rel=\"bookmark\">Read More \"<span class=\"screen-reader-text\">ISO 22000<\/span><\/a><\/p>","protected":false},"author":1,"featured_media":1067,"parent":162,"menu_order":0,"comment_status":"closed","ping_status":"closed","template":"","meta":{"neve_meta_sidebar":"","neve_meta_container":"","neve_meta_enable_content_width":"off","neve_meta_content_width":70,"neve_meta_title_alignment":"","neve_meta_author_avatar":"","neve_post_elements_order":"","neve_meta_disable_header":"","neve_meta_disable_footer":"","neve_meta_disable_title":"","footnotes":""},"class_list":["post-1954","page","type-page","status-publish","has-post-thumbnail","hentry"],"yoast_head":"<!-- This site is optimized with the Yoast SEO plugin v27.3 - https:\/\/yoast.com\/product\/yoast-seo-wordpress\/ -->\n<title>ISO 22000 - ICR POLSKA - badania i certyfikacja<\/title>\n<meta name=\"robots\" content=\"index, follow, max-snippet:-1, max-image-preview:large, max-video-preview:-1\" \/>\n<link rel=\"canonical\" href=\"https:\/\/icrpolska.com\/en\/certyfikacja-systemow\/iso-22000\/\" \/>\n<meta property=\"og:locale\" content=\"en_GB\" \/>\n<meta property=\"og:type\" content=\"article\" \/>\n<meta property=\"og:title\" content=\"ISO 22000 - ICR POLSKA - badania i certyfikacja\" \/>\n<meta property=\"og:description\" content=\"ISO 22000 okre\u015bla wymagania systemu zarz\u0105dzania bezpiecze\u0144stwem \u017cywno\u015bci w organizacjach z \u0142a\u0144cucha \u017cywno\u015bciowego, kt\u00f3re musz\u0105 wykaza\u0107 zdolno\u015b\u0107 do kontroli zagro\u017ce\u0144 bezpiecze\u0144stwa \u017cywno\u015bci w celu zapewnienia, \u017ce \u200b\u200b\u017cywno\u015b\u0107 jest bezpieczna w czasie spo\u017cycia przez ludzi. Standard ma zastosowanie we wszystkich organizacjach, niezale\u017cnie od wielko\u015bci, kt\u00f3re bior\u0105 udzia\u0142 w dowolnym etapie \u0142a\u0144cucha \u017cywno\u015bciowego i chc\u0105 wdro\u017cy\u0107 systemy,&hellip;&nbsp;Read More &raquo;ISO 22000\" \/>\n<meta property=\"og:url\" content=\"https:\/\/icrpolska.com\/en\/certyfikacja-systemow\/iso-22000\/\" \/>\n<meta property=\"og:site_name\" content=\"ICR POLSKA - badania i certyfikacja\" \/>\n<meta property=\"article:modified_time\" content=\"2022-09-07T21:07:25+00:00\" \/>\n<meta name=\"twitter:card\" content=\"summary_large_image\" \/>\n<meta name=\"twitter:label1\" content=\"Estimated reading time\" \/>\n\t<meta name=\"twitter:data1\" content=\"1 minute\" \/>\n<script type=\"application\/ld+json\" class=\"yoast-schema-graph\">{\"@context\":\"https:\\\/\\\/schema.org\",\"@graph\":[{\"@type\":\"WebPage\",\"@id\":\"https:\\\/\\\/icrpolska.com\\\/certyfikacja-systemow\\\/iso-22000\\\/\",\"url\":\"https:\\\/\\\/icrpolska.com\\\/certyfikacja-systemow\\\/iso-22000\\\/\",\"name\":\"ISO 22000 - ICR POLSKA - badania i certyfikacja\",\"isPartOf\":{\"@id\":\"https:\\\/\\\/icrpolska.com\\\/#website\"},\"primaryImageOfPage\":{\"@id\":\"https:\\\/\\\/icrpolska.com\\\/certyfikacja-systemow\\\/iso-22000\\\/#primaryimage\"},\"image\":{\"@id\":\"https:\\\/\\\/icrpolska.com\\\/certyfikacja-systemow\\\/iso-22000\\\/#primaryimage\"},\"thumbnailUrl\":\"\",\"datePublished\":\"2019-05-22T19:22:21+00:00\",\"dateModified\":\"2022-09-07T21:07:25+00:00\",\"breadcrumb\":{\"@id\":\"https:\\\/\\\/icrpolska.com\\\/certyfikacja-systemow\\\/iso-22000\\\/#breadcrumb\"},\"inLanguage\":\"en-GB\",\"potentialAction\":[{\"@type\":\"ReadAction\",\"target\":[\"https:\\\/\\\/icrpolska.com\\\/certyfikacja-systemow\\\/iso-22000\\\/\"]}]},{\"@type\":\"ImageObject\",\"inLanguage\":\"en-GB\",\"@id\":\"https:\\\/\\\/icrpolska.com\\\/certyfikacja-systemow\\\/iso-22000\\\/#primaryimage\",\"url\":\"\",\"contentUrl\":\"\"},{\"@type\":\"BreadcrumbList\",\"@id\":\"https:\\\/\\\/icrpolska.com\\\/certyfikacja-systemow\\\/iso-22000\\\/#breadcrumb\",\"itemListElement\":[{\"@type\":\"ListItem\",\"position\":1,\"name\":\"Strona g\u0142\u00f3wna\",\"item\":\"https:\\\/\\\/icrpolska.com\\\/\"},{\"@type\":\"ListItem\",\"position\":2,\"name\":\"Certyfikacja system\u00f3w ISO\",\"item\":\"https:\\\/\\\/icrpolska.com\\\/certyfikacja-systemow\\\/\"},{\"@type\":\"ListItem\",\"position\":3,\"name\":\"ISO 22000\"}]},{\"@type\":\"WebSite\",\"@id\":\"https:\\\/\\\/icrpolska.com\\\/#website\",\"url\":\"https:\\\/\\\/icrpolska.com\\\/\",\"name\":\"ICR POLSKA - badania i certyfikacja\",\"description\":\"CE certification, CE certificate, ISO certificate, RED testing, product testing and certification, electrical product testing, medical device testing, ATEX, IECEx, FCC, product certification, EMC testing, machinery certification, CE machines, training, electronic product testing, testing 2014\\\/53\\\/EU, drone certification, ISO 13485 certificate, ISO 9001 certificate, NC RfG, CPR\",\"publisher\":{\"@id\":\"https:\\\/\\\/icrpolska.com\\\/#\\\/schema\\\/person\\\/8601820fc0521fc7bf75ae141134fbfd\"},\"potentialAction\":[{\"@type\":\"SearchAction\",\"target\":{\"@type\":\"EntryPoint\",\"urlTemplate\":\"https:\\\/\\\/icrpolska.com\\\/?s={search_term_string}\"},\"query-input\":{\"@type\":\"PropertyValueSpecification\",\"valueRequired\":true,\"valueName\":\"search_term_string\"}}],\"inLanguage\":\"en-GB\"},{\"@type\":[\"Person\",\"Organization\"],\"@id\":\"https:\\\/\\\/icrpolska.com\\\/#\\\/schema\\\/person\\\/8601820fc0521fc7bf75ae141134fbfd\",\"name\":\"admin\",\"image\":{\"@type\":\"ImageObject\",\"inLanguage\":\"en-GB\",\"@id\":\"https:\\\/\\\/icrpolska.com\\\/wp-content\\\/uploads\\\/2019\\\/05\\\/cropped-logo-icr.32f04ad5-1-1.png\",\"url\":\"https:\\\/\\\/icrpolska.com\\\/wp-content\\\/uploads\\\/2019\\\/05\\\/cropped-logo-icr.32f04ad5-1-1.png\",\"contentUrl\":\"https:\\\/\\\/icrpolska.com\\\/wp-content\\\/uploads\\\/2019\\\/05\\\/cropped-logo-icr.32f04ad5-1-1.png\",\"width\":400,\"height\":148,\"caption\":\"admin\"},\"logo\":{\"@id\":\"https:\\\/\\\/icrpolska.com\\\/wp-content\\\/uploads\\\/2019\\\/05\\\/cropped-logo-icr.32f04ad5-1-1.png\"}}]}<\/script>\n<!-- \/ Yoast SEO plugin. -->","yoast_head_json":{"title":"ISO 22000 - ICR POLAND - testing and certification","robots":{"index":"index","follow":"follow","max-snippet":"max-snippet:-1","max-image-preview":"max-image-preview:large","max-video-preview":"max-video-preview:-1"},"canonical":"https:\/\/icrpolska.com\/en\/certyfikacja-systemow\/iso-22000\/","og_locale":"en_GB","og_type":"article","og_title":"ISO 22000 - ICR POLSKA - badania i certyfikacja","og_description":"ISO 22000 okre\u015bla wymagania systemu zarz\u0105dzania bezpiecze\u0144stwem \u017cywno\u015bci w organizacjach z \u0142a\u0144cucha \u017cywno\u015bciowego, kt\u00f3re musz\u0105 wykaza\u0107 zdolno\u015b\u0107 do kontroli zagro\u017ce\u0144 bezpiecze\u0144stwa \u017cywno\u015bci w celu zapewnienia, \u017ce \u200b\u200b\u017cywno\u015b\u0107 jest bezpieczna w czasie spo\u017cycia przez ludzi. Standard ma zastosowanie we wszystkich organizacjach, niezale\u017cnie od wielko\u015bci, kt\u00f3re bior\u0105 udzia\u0142 w dowolnym etapie \u0142a\u0144cucha \u017cywno\u015bciowego i chc\u0105 wdro\u017cy\u0107 systemy,&hellip;&nbsp;Read More &raquo;ISO 22000","og_url":"https:\/\/icrpolska.com\/en\/certyfikacja-systemow\/iso-22000\/","og_site_name":"ICR POLSKA - badania i certyfikacja","article_modified_time":"2022-09-07T21:07:25+00:00","twitter_card":"summary_large_image","twitter_misc":{"Estimated reading time":"1 minute"},"schema":{"@context":"https:\/\/schema.org","@graph":[{"@type":"WebPage","@id":"https:\/\/icrpolska.com\/certyfikacja-systemow\/iso-22000\/","url":"https:\/\/icrpolska.com\/certyfikacja-systemow\/iso-22000\/","name":"ISO 22000 - ICR POLAND - testing and certification","isPartOf":{"@id":"https:\/\/icrpolska.com\/#website"},"primaryImageOfPage":{"@id":"https:\/\/icrpolska.com\/certyfikacja-systemow\/iso-22000\/#primaryimage"},"image":{"@id":"https:\/\/icrpolska.com\/certyfikacja-systemow\/iso-22000\/#primaryimage"},"thumbnailUrl":"","datePublished":"2019-05-22T19:22:21+00:00","dateModified":"2022-09-07T21:07:25+00:00","breadcrumb":{"@id":"https:\/\/icrpolska.com\/certyfikacja-systemow\/iso-22000\/#breadcrumb"},"inLanguage":"en-GB","potentialAction":[{"@type":"ReadAction","target":["https:\/\/icrpolska.com\/certyfikacja-systemow\/iso-22000\/"]}]},{"@type":"ImageObject","inLanguage":"en-GB","@id":"https:\/\/icrpolska.com\/certyfikacja-systemow\/iso-22000\/#primaryimage","url":"","contentUrl":""},{"@type":"BreadcrumbList","@id":"https:\/\/icrpolska.com\/certyfikacja-systemow\/iso-22000\/#breadcrumb","itemListElement":[{"@type":"ListItem","position":1,"name":"Strona g\u0142\u00f3wna","item":"https:\/\/icrpolska.com\/"},{"@type":"ListItem","position":2,"name":"Certyfikacja system\u00f3w ISO","item":"https:\/\/icrpolska.com\/certyfikacja-systemow\/"},{"@type":"ListItem","position":3,"name":"ISO 22000"}]},{"@type":"WebSite","@id":"https:\/\/icrpolska.com\/#website","url":"https:\/\/icrpolska.com\/","name":"ICR POLAND - testing and certification","description":"CE certification, CE certificate, ISO certificate, RED testing, product testing and certification, electrical product testing, medical device testing, ATEX, IECEx, FCC, product certification, EMC testing, machinery certification, CE machines, training, electronic product testing, testing 2014\/53\/EU, drone certification, ISO 13485 certificate, ISO 9001 certificate, NC RfG, CPR","publisher":{"@id":"https:\/\/icrpolska.com\/#\/schema\/person\/8601820fc0521fc7bf75ae141134fbfd"},"potentialAction":[{"@type":"SearchAction","target":{"@type":"EntryPoint","urlTemplate":"https:\/\/icrpolska.com\/?s={search_term_string}"},"query-input":{"@type":"PropertyValueSpecification","valueRequired":true,"valueName":"search_term_string"}}],"inLanguage":"en-GB"},{"@type":["Person","Organization"],"@id":"https:\/\/icrpolska.com\/#\/schema\/person\/8601820fc0521fc7bf75ae141134fbfd","name":"admin","image":{"@type":"ImageObject","inLanguage":"en-GB","@id":"https:\/\/icrpolska.com\/wp-content\/uploads\/2019\/05\/cropped-logo-icr.32f04ad5-1-1.png","url":"https:\/\/icrpolska.com\/wp-content\/uploads\/2019\/05\/cropped-logo-icr.32f04ad5-1-1.png","contentUrl":"https:\/\/icrpolska.com\/wp-content\/uploads\/2019\/05\/cropped-logo-icr.32f04ad5-1-1.png","width":400,"height":148,"caption":"admin"},"logo":{"@id":"https:\/\/icrpolska.com\/wp-content\/uploads\/2019\/05\/cropped-logo-icr.32f04ad5-1-1.png"}}]}},"_links":{"self":[{"href":"https:\/\/icrpolska.com\/en\/wp-json\/wp\/v2\/pages\/1954","targetHints":{"allow":["GET"]}}],"collection":[{"href":"https:\/\/icrpolska.com\/en\/wp-json\/wp\/v2\/pages"}],"about":[{"href":"https:\/\/icrpolska.com\/en\/wp-json\/wp\/v2\/types\/page"}],"author":[{"embeddable":true,"href":"https:\/\/icrpolska.com\/en\/wp-json\/wp\/v2\/users\/1"}],"replies":[{"embeddable":true,"href":"https:\/\/icrpolska.com\/en\/wp-json\/wp\/v2\/comments?post=1954"}],"version-history":[{"count":1,"href":"https:\/\/icrpolska.com\/en\/wp-json\/wp\/v2\/pages\/1954\/revisions"}],"predecessor-version":[{"id":3293,"href":"https:\/\/icrpolska.com\/en\/wp-json\/wp\/v2\/pages\/1954\/revisions\/3293"}],"up":[{"embeddable":true,"href":"https:\/\/icrpolska.com\/en\/wp-json\/wp\/v2\/pages\/162"}],"wp:featuredmedia":[{"embeddable":true,"href":"https:\/\/icrpolska.com\/en\/wp-json\/"}],"wp:attachment":[{"href":"https:\/\/icrpolska.com\/en\/wp-json\/wp\/v2\/media?parent=1954"}],"curies":[{"name":"wp","href":"https:\/\/api.w.org\/{rel}","templated":true}]}}