{"id":2019,"date":"2019-05-28T10:59:50","date_gmt":"2019-05-28T10:59:50","guid":{"rendered":"http:\/\/icrpolska.e-ksperci.pl\/?page_id=2019"},"modified":"2025-06-11T09:25:57","modified_gmt":"2025-06-11T07:25:57","slug":"emc-2014-30-ue-kompatybilnosc-elektromagnetyczna","status":"publish","type":"page","link":"https:\/\/icrpolska.com\/en\/certyfikacja-wyrobow\/emc-2014-30-ue-kompatybilnosc-elektromagnetyczna\/","title":{"rendered":"EMC 2014\/30\/EU \u2013 electromagnetic compatibility"},"content":{"rendered":"<p><span style=\"font-weight: 400;\">All electrical or electronic devices or installations interact with each other in a conductive manner (power supply network, connections to peripheral devices, equalizing connections, etc.) as well as in a radiated manner if the distance between them is small. The goal of electromagnetic compatibility (EMC) is to maintain emission levels of disturbances as well as levels of immunity to disturbances to the extent that they can work without failure. EMC means all existing and future techniques and technologies to reduce interference and improve immunity.\u00a0<\/span><\/p>\n<p class=\"translation-block\"><span style=\"font-weight: 400\"> Entries <a href=\"https:\/\/eur-lex.europa.eu\/legal-content\/EN\/TXT\/PDF\/?uri=CELEX:32014L0030&amp;from=PL\" target=\"_ self\" rel=\"noopener noreferrer\"> EMC directive <\/a> care to limit electromagnetic emissions of devices, to ensure that when used as intended, such devices do not interfere with radio and telecommunications connections, or other devices . <\/span><\/p>\n<p><span style=\"font-weight: 400;\">The directive also regulates the immunity of such devices and is intended to ensure that this equipment is not subject to interference by radio waves, radio or other impulse (BURST \/ SURGE) as well as electrostatic discharges, etc. if used as intended.<\/span><\/p>\n<p><span style=\"font-weight: 400;\">A summary of the positive mandatory assessment of the product in the field of electromagnetic compatibility is the issue of the EU Type Examination Certificate.<\/span><\/p>\n<p><strong>More:<\/strong><\/p>\n<p><a href=\"https:\/\/icrpolska.com\/wp-content\/uploads\/2019\/06\/Program-oceny-zgodno\u015bci-w-zakresie-EMC.pdf\" target=\"_blank\" rel=\"noopener noreferrer\"><img decoding=\"async\" class=\"alignnone wp-image-2679\" src=\"https:\/\/icrpolska.com\/wp-content\/uploads\/2019\/06\/adobe.jpg\" alt=\"\" width=\"20\" height=\"21\" srcset=\"https:\/\/icrpolska.com\/wp-content\/uploads\/2019\/06\/adobe.jpg 218w, https:\/\/icrpolska.com\/wp-content\/uploads\/2019\/06\/adobe-150x150.jpg 150w\" sizes=\"(max-width: 20px) 100vw, 20px\" \/><\/a><a href=\"https:\/\/icrpolska.com\/wp-content\/uploads\/2025\/06\/PC-P-07-02-Program-oceny-EMC_2-kol-15.pdf\" target=\"_blank\" rel=\"noopener noreferrer\"> Program of mandatory assessment on EMC (2014\/30\/EU)<\/a> + <a href=\"https:\/\/icrpolska.com\/wp-content\/uploads\/2025\/06\/F-P-07-34_6.pdf\" target=\"_blank\" rel=\"noopener noreferrer\">list of technical specifications<\/a><\/p>\n<p><a href=\"http:\/\/icrpolska.com\/wp-content\/uploads\/2019\/06\/Wniosek-o-certyfikacj\u0119-systemu.docx\"><img decoding=\"async\" class=\"alignnone wp-image-2678\" src=\"http:\/\/icrpolska.com\/wp-content\/uploads\/2019\/06\/word.jpg\" alt=\"\" width=\"20\" height=\"20\" srcset=\"https:\/\/icrpolska.com\/wp-content\/uploads\/2019\/06\/word.jpg 208w, https:\/\/icrpolska.com\/wp-content\/uploads\/2019\/06\/word-150x150.jpg 150w\" sizes=\"(max-width: 20px) 100vw, 20px\" \/><\/a><a href=\"https:\/\/icrpolska.com\/wp-content\/uploads\/2024\/03\/F-P-07-02_9.docx\" target=\"_blank\" rel=\"noopener noreferrer\">\u00a0Wniosek_Application_Mandatory Assessment<\/a><\/p>","protected":false},"excerpt":{"rendered":"<p>All electrical and electronic equipment or installations interact both in a conducted way (mains, connections to peripheral equipment, equipotential connections, etc.) and in a radiated way if the distance between them is small. The objective of electromagnetic compatibility (EMC) is to maintain levels of disturbance emissions as well as levels of immunity to disturbance to a degree that allows fault-free operation....&nbsp;<a href=\"https:\/\/icrpolska.com\/en\/certyfikacja-wyrobow\/emc-2014-30-ue-kompatybilnosc-elektromagnetyczna\/\" rel=\"bookmark\">Read More \"<span class=\"screen-reader-text\">EMC 2014\/30\/EU \u2013 electromagnetic compatibility<\/span><\/a><\/p>","protected":false},"author":1,"featured_media":1170,"parent":211,"menu_order":0,"comment_status":"closed","ping_status":"closed","template":"","meta":{"neve_meta_sidebar":"","neve_meta_container":"","neve_meta_enable_content_width":"off","neve_meta_content_width":70,"neve_meta_title_alignment":"","neve_meta_author_avatar":"","neve_post_elements_order":"","neve_meta_disable_header":"","neve_meta_disable_footer":"","neve_meta_disable_title":"","footnotes":""},"class_list":["post-2019","page","type-page","status-publish","has-post-thumbnail","hentry"],"yoast_head":"<!-- This site is optimized with the Yoast SEO plugin v27.3 - https:\/\/yoast.com\/product\/yoast-seo-wordpress\/ -->\n<title>EMC 2014\/30\/UE \u2013 kompatybilno\u015b\u0107 elektromagnetyczna - ICR POLSKA - badania i certyfikacja<\/title>\n<meta name=\"robots\" content=\"index, follow, max-snippet:-1, max-image-preview:large, max-video-preview:-1\" \/>\n<link rel=\"canonical\" href=\"https:\/\/icrpolska.com\/en\/certyfikacja-wyrobow\/emc-2014-30-ue-kompatybilnosc-elektromagnetyczna\/\" \/>\n<meta property=\"og:locale\" content=\"en_GB\" \/>\n<meta property=\"og:type\" content=\"article\" \/>\n<meta property=\"og:title\" content=\"EMC 2014\/30\/UE \u2013 kompatybilno\u015b\u0107 elektromagnetyczna - ICR POLSKA - badania i certyfikacja\" \/>\n<meta property=\"og:description\" content=\"Wszystkie urz\u0105dzenia lub instalacje elektryczne i elektroniczne oddzia\u0142uj\u0105 na siebie zar\u00f3wno w spos\u00f3b przewodzony (sie\u0107 zasilaj\u0105ca, po\u0142\u0105czenia z urz\u0105dzeniami peryferyjnymi, po\u0142\u0105czenia wyr\u00f3wnawcze itp.) jak r\u00f3wnie\u017c w spos\u00f3b promieniowany, je\u017celi odleg\u0142o\u015b\u0107 mi\u0119dzy nimi jest niewielka. Celem kompatybilno\u015bci elektromagnetycznej (EMC) jest utrzymanie poziom\u00f3w emisji zaburze\u0144, jak i poziom\u00f3w odporno\u015bci na zaburzenia w stopniu pozwalaj\u0105cym na bezawaryjn\u0105 wsp\u00f3\u0142prac\u0119.&hellip;&nbsp;Read More &raquo;EMC 2014\/30\/UE \u2013 kompatybilno\u015b\u0107 elektromagnetyczna\" \/>\n<meta property=\"og:url\" content=\"https:\/\/icrpolska.com\/en\/certyfikacja-wyrobow\/emc-2014-30-ue-kompatybilnosc-elektromagnetyczna\/\" \/>\n<meta property=\"og:site_name\" content=\"ICR POLSKA - badania i certyfikacja\" \/>\n<meta property=\"article:modified_time\" content=\"2025-06-11T07:25:57+00:00\" \/>\n<meta name=\"twitter:card\" content=\"summary_large_image\" \/>\n<meta name=\"twitter:label1\" content=\"Estimated reading time\" \/>\n\t<meta name=\"twitter:data1\" content=\"2 minutes\" \/>\n<script type=\"application\/ld+json\" class=\"yoast-schema-graph\">{\"@context\":\"https:\\\/\\\/schema.org\",\"@graph\":[{\"@type\":\"WebPage\",\"@id\":\"https:\\\/\\\/icrpolska.com\\\/certyfikacja-wyrobow\\\/emc-2014-30-ue-kompatybilnosc-elektromagnetyczna\\\/\",\"url\":\"https:\\\/\\\/icrpolska.com\\\/certyfikacja-wyrobow\\\/emc-2014-30-ue-kompatybilnosc-elektromagnetyczna\\\/\",\"name\":\"EMC 2014\\\/30\\\/UE \u2013 kompatybilno\u015b\u0107 elektromagnetyczna - ICR POLSKA - badania i certyfikacja\",\"isPartOf\":{\"@id\":\"https:\\\/\\\/icrpolska.com\\\/#website\"},\"primaryImageOfPage\":{\"@id\":\"https:\\\/\\\/icrpolska.com\\\/certyfikacja-wyrobow\\\/emc-2014-30-ue-kompatybilnosc-elektromagnetyczna\\\/#primaryimage\"},\"image\":{\"@id\":\"https:\\\/\\\/icrpolska.com\\\/certyfikacja-wyrobow\\\/emc-2014-30-ue-kompatybilnosc-elektromagnetyczna\\\/#primaryimage\"},\"thumbnailUrl\":\"\",\"datePublished\":\"2019-05-28T10:59:50+00:00\",\"dateModified\":\"2025-06-11T07:25:57+00:00\",\"breadcrumb\":{\"@id\":\"https:\\\/\\\/icrpolska.com\\\/certyfikacja-wyrobow\\\/emc-2014-30-ue-kompatybilnosc-elektromagnetyczna\\\/#breadcrumb\"},\"inLanguage\":\"en-GB\",\"potentialAction\":[{\"@type\":\"ReadAction\",\"target\":[\"https:\\\/\\\/icrpolska.com\\\/certyfikacja-wyrobow\\\/emc-2014-30-ue-kompatybilnosc-elektromagnetyczna\\\/\"]}]},{\"@type\":\"ImageObject\",\"inLanguage\":\"en-GB\",\"@id\":\"https:\\\/\\\/icrpolska.com\\\/certyfikacja-wyrobow\\\/emc-2014-30-ue-kompatybilnosc-elektromagnetyczna\\\/#primaryimage\",\"url\":\"\",\"contentUrl\":\"\"},{\"@type\":\"BreadcrumbList\",\"@id\":\"https:\\\/\\\/icrpolska.com\\\/certyfikacja-wyrobow\\\/emc-2014-30-ue-kompatybilnosc-elektromagnetyczna\\\/#breadcrumb\",\"itemListElement\":[{\"@type\":\"ListItem\",\"position\":1,\"name\":\"Strona g\u0142\u00f3wna\",\"item\":\"https:\\\/\\\/icrpolska.com\\\/\"},{\"@type\":\"ListItem\",\"position\":2,\"name\":\"Certyfikacja wyrob\u00f3w\",\"item\":\"https:\\\/\\\/icrpolska.com\\\/certyfikacja-wyrobow\\\/\"},{\"@type\":\"ListItem\",\"position\":3,\"name\":\"EMC 2014\\\/30\\\/UE \u2013 kompatybilno\u015b\u0107 elektromagnetyczna\"}]},{\"@type\":\"WebSite\",\"@id\":\"https:\\\/\\\/icrpolska.com\\\/#website\",\"url\":\"https:\\\/\\\/icrpolska.com\\\/\",\"name\":\"ICR POLSKA - badania i certyfikacja\",\"description\":\"CE certification, CE certificate, ISO certificate, RED testing, product testing and certification, electrical product testing, medical device testing, ATEX, IECEx, FCC, product certification, EMC testing, machinery certification, CE machines, training, electronic product testing, testing 2014\\\/53\\\/EU, drone certification, ISO 13485 certificate, ISO 9001 certificate, NC RfG, CPR\",\"publisher\":{\"@id\":\"https:\\\/\\\/icrpolska.com\\\/#\\\/schema\\\/person\\\/8601820fc0521fc7bf75ae141134fbfd\"},\"potentialAction\":[{\"@type\":\"SearchAction\",\"target\":{\"@type\":\"EntryPoint\",\"urlTemplate\":\"https:\\\/\\\/icrpolska.com\\\/?s={search_term_string}\"},\"query-input\":{\"@type\":\"PropertyValueSpecification\",\"valueRequired\":true,\"valueName\":\"search_term_string\"}}],\"inLanguage\":\"en-GB\"},{\"@type\":[\"Person\",\"Organization\"],\"@id\":\"https:\\\/\\\/icrpolska.com\\\/#\\\/schema\\\/person\\\/8601820fc0521fc7bf75ae141134fbfd\",\"name\":\"admin\",\"image\":{\"@type\":\"ImageObject\",\"inLanguage\":\"en-GB\",\"@id\":\"https:\\\/\\\/icrpolska.com\\\/wp-content\\\/uploads\\\/2019\\\/05\\\/cropped-logo-icr.32f04ad5-1-1.png\",\"url\":\"https:\\\/\\\/icrpolska.com\\\/wp-content\\\/uploads\\\/2019\\\/05\\\/cropped-logo-icr.32f04ad5-1-1.png\",\"contentUrl\":\"https:\\\/\\\/icrpolska.com\\\/wp-content\\\/uploads\\\/2019\\\/05\\\/cropped-logo-icr.32f04ad5-1-1.png\",\"width\":400,\"height\":148,\"caption\":\"admin\"},\"logo\":{\"@id\":\"https:\\\/\\\/icrpolska.com\\\/wp-content\\\/uploads\\\/2019\\\/05\\\/cropped-logo-icr.32f04ad5-1-1.png\"}}]}<\/script>\n<!-- \/ Yoast SEO plugin. -->","yoast_head_json":{"title":"EMC 2014\/30\/EU - electromagnetic compatibility - ICR POLAND - testing and certification","robots":{"index":"index","follow":"follow","max-snippet":"max-snippet:-1","max-image-preview":"max-image-preview:large","max-video-preview":"max-video-preview:-1"},"canonical":"https:\/\/icrpolska.com\/en\/certyfikacja-wyrobow\/emc-2014-30-ue-kompatybilnosc-elektromagnetyczna\/","og_locale":"en_GB","og_type":"article","og_title":"EMC 2014\/30\/UE \u2013 kompatybilno\u015b\u0107 elektromagnetyczna - ICR POLSKA - badania i certyfikacja","og_description":"Wszystkie urz\u0105dzenia lub instalacje elektryczne i elektroniczne oddzia\u0142uj\u0105 na siebie zar\u00f3wno w spos\u00f3b przewodzony (sie\u0107 zasilaj\u0105ca, po\u0142\u0105czenia z urz\u0105dzeniami peryferyjnymi, po\u0142\u0105czenia wyr\u00f3wnawcze itp.) jak r\u00f3wnie\u017c w spos\u00f3b promieniowany, je\u017celi odleg\u0142o\u015b\u0107 mi\u0119dzy nimi jest niewielka. Celem kompatybilno\u015bci elektromagnetycznej (EMC) jest utrzymanie poziom\u00f3w emisji zaburze\u0144, jak i poziom\u00f3w odporno\u015bci na zaburzenia w stopniu pozwalaj\u0105cym na bezawaryjn\u0105 wsp\u00f3\u0142prac\u0119.&hellip;&nbsp;Read More &raquo;EMC 2014\/30\/UE \u2013 kompatybilno\u015b\u0107 elektromagnetyczna","og_url":"https:\/\/icrpolska.com\/en\/certyfikacja-wyrobow\/emc-2014-30-ue-kompatybilnosc-elektromagnetyczna\/","og_site_name":"ICR POLSKA - badania i certyfikacja","article_modified_time":"2025-06-11T07:25:57+00:00","twitter_card":"summary_large_image","twitter_misc":{"Estimated reading time":"2 minutes"},"schema":{"@context":"https:\/\/schema.org","@graph":[{"@type":"WebPage","@id":"https:\/\/icrpolska.com\/certyfikacja-wyrobow\/emc-2014-30-ue-kompatybilnosc-elektromagnetyczna\/","url":"https:\/\/icrpolska.com\/certyfikacja-wyrobow\/emc-2014-30-ue-kompatybilnosc-elektromagnetyczna\/","name":"EMC 2014\/30\/EU - electromagnetic compatibility - ICR POLAND - testing and certification","isPartOf":{"@id":"https:\/\/icrpolska.com\/#website"},"primaryImageOfPage":{"@id":"https:\/\/icrpolska.com\/certyfikacja-wyrobow\/emc-2014-30-ue-kompatybilnosc-elektromagnetyczna\/#primaryimage"},"image":{"@id":"https:\/\/icrpolska.com\/certyfikacja-wyrobow\/emc-2014-30-ue-kompatybilnosc-elektromagnetyczna\/#primaryimage"},"thumbnailUrl":"","datePublished":"2019-05-28T10:59:50+00:00","dateModified":"2025-06-11T07:25:57+00:00","breadcrumb":{"@id":"https:\/\/icrpolska.com\/certyfikacja-wyrobow\/emc-2014-30-ue-kompatybilnosc-elektromagnetyczna\/#breadcrumb"},"inLanguage":"en-GB","potentialAction":[{"@type":"ReadAction","target":["https:\/\/icrpolska.com\/certyfikacja-wyrobow\/emc-2014-30-ue-kompatybilnosc-elektromagnetyczna\/"]}]},{"@type":"ImageObject","inLanguage":"en-GB","@id":"https:\/\/icrpolska.com\/certyfikacja-wyrobow\/emc-2014-30-ue-kompatybilnosc-elektromagnetyczna\/#primaryimage","url":"","contentUrl":""},{"@type":"BreadcrumbList","@id":"https:\/\/icrpolska.com\/certyfikacja-wyrobow\/emc-2014-30-ue-kompatybilnosc-elektromagnetyczna\/#breadcrumb","itemListElement":[{"@type":"ListItem","position":1,"name":"Strona g\u0142\u00f3wna","item":"https:\/\/icrpolska.com\/"},{"@type":"ListItem","position":2,"name":"Certyfikacja wyrob\u00f3w","item":"https:\/\/icrpolska.com\/certyfikacja-wyrobow\/"},{"@type":"ListItem","position":3,"name":"EMC 2014\/30\/UE \u2013 kompatybilno\u015b\u0107 elektromagnetyczna"}]},{"@type":"WebSite","@id":"https:\/\/icrpolska.com\/#website","url":"https:\/\/icrpolska.com\/","name":"ICR POLAND - testing and certification","description":"CE certification, CE certificate, ISO certificate, RED testing, product testing and certification, electrical product testing, medical device testing, ATEX, IECEx, FCC, product certification, EMC testing, machinery certification, CE machines, training, electronic product testing, testing 2014\/53\/EU, drone certification, ISO 13485 certificate, ISO 9001 certificate, NC RfG, CPR","publisher":{"@id":"https:\/\/icrpolska.com\/#\/schema\/person\/8601820fc0521fc7bf75ae141134fbfd"},"potentialAction":[{"@type":"SearchAction","target":{"@type":"EntryPoint","urlTemplate":"https:\/\/icrpolska.com\/?s={search_term_string}"},"query-input":{"@type":"PropertyValueSpecification","valueRequired":true,"valueName":"search_term_string"}}],"inLanguage":"en-GB"},{"@type":["Person","Organization"],"@id":"https:\/\/icrpolska.com\/#\/schema\/person\/8601820fc0521fc7bf75ae141134fbfd","name":"admin","image":{"@type":"ImageObject","inLanguage":"en-GB","@id":"https:\/\/icrpolska.com\/wp-content\/uploads\/2019\/05\/cropped-logo-icr.32f04ad5-1-1.png","url":"https:\/\/icrpolska.com\/wp-content\/uploads\/2019\/05\/cropped-logo-icr.32f04ad5-1-1.png","contentUrl":"https:\/\/icrpolska.com\/wp-content\/uploads\/2019\/05\/cropped-logo-icr.32f04ad5-1-1.png","width":400,"height":148,"caption":"admin"},"logo":{"@id":"https:\/\/icrpolska.com\/wp-content\/uploads\/2019\/05\/cropped-logo-icr.32f04ad5-1-1.png"}}]}},"_links":{"self":[{"href":"https:\/\/icrpolska.com\/en\/wp-json\/wp\/v2\/pages\/2019","targetHints":{"allow":["GET"]}}],"collection":[{"href":"https:\/\/icrpolska.com\/en\/wp-json\/wp\/v2\/pages"}],"about":[{"href":"https:\/\/icrpolska.com\/en\/wp-json\/wp\/v2\/types\/page"}],"author":[{"embeddable":true,"href":"https:\/\/icrpolska.com\/en\/wp-json\/wp\/v2\/users\/1"}],"replies":[{"embeddable":true,"href":"https:\/\/icrpolska.com\/en\/wp-json\/wp\/v2\/comments?post=2019"}],"version-history":[{"count":16,"href":"https:\/\/icrpolska.com\/en\/wp-json\/wp\/v2\/pages\/2019\/revisions"}],"predecessor-version":[{"id":17178,"href":"https:\/\/icrpolska.com\/en\/wp-json\/wp\/v2\/pages\/2019\/revisions\/17178"}],"up":[{"embeddable":true,"href":"https:\/\/icrpolska.com\/en\/wp-json\/wp\/v2\/pages\/211"}],"wp:featuredmedia":[{"embeddable":true,"href":"https:\/\/icrpolska.com\/en\/wp-json\/"}],"wp:attachment":[{"href":"https:\/\/icrpolska.com\/en\/wp-json\/wp\/v2\/media?parent=2019"}],"curies":[{"name":"wp","href":"https:\/\/api.w.org\/{rel}","templated":true}]}}