{"id":1918,"date":"2019-05-22T07:39:43","date_gmt":"2019-05-22T07:39:43","guid":{"rendered":"http:\/\/icrpolska.e-ksperci.pl\/?page_id=1918"},"modified":"2022-09-07T23:06:39","modified_gmt":"2022-09-07T21:06:39","slug":"iso-14001","status":"publish","type":"page","link":"https:\/\/icrpolska.com\/est\/certyfikacja-systemow\/iso-14001\/","title":{"rendered":"ISO 14001"},"content":{"rendered":"<p><strong>Mis on ISO 14001?<\/strong><\/p>\n<p class=\"translation-block\"><strong>ISO 14001<\/strong> on rahvusvaheline standard keskkonnajuhtimiss\u00fcsteemidele, mida reguleerib ISO.<\/p>\n<p class=\"translation-block\">T\u00e4psemalt on <strong>ISO 14001<\/strong> juhtimiss\u00fcsteem, mis n\u00f5uab organisatsiooni panust organisatsiooni keskkonnariskide pideva k\u00f5rvaldamise v\u00f5i v\u00e4hendamise n\u00e4ol, mis toimub organisatsiooni juhtimise k\u00e4igus tekkivate keskkonnaaspektide s\u00fcstemaatilise tuvastamise, hindamise, kontrollimise ja parandamise kaudu.<\/p>\n<p>N\u00f5uded keskkonnajuhtimiss\u00fcsteemile on kogu maailmas laienenud k\u00f5ikidele t\u00f6\u00f6stusvaldkondadele ja m\u00f5nes neist on keskkonnajuhtimiss\u00fcsteem kohustuslik tegur \u00e4rieesm\u00e4rkide saavutamiseks.<br \/>\nStandardit saab kohaldada mis tahes organisatsiooni suhtes mis tahes t\u00f6\u00f6stusharus, s\u00f5ltumata selle suurusest, nagu ka ISO 9001 (QMS).<\/p>\n<p>ISO 14001 v\u00f5ib parandada k\u00f5iki keskkonnajuhtimiss\u00fcsteeme, v\u00f5ttes arvesse, kontrollides ja kontrollides keskkonnam\u00f5ju organisatsioonile vastavalt juhtimiss\u00fcsteemi kontseptsiooni aluseks olevale \"Plan-Do-Check-Act\" mudelile.<\/p>\n<p><img fetchpriority=\"high\" decoding=\"async\" class=\"alignnone wp-image-2533 size-full\" src=\"http:\/\/icrpolska.com\/wp-content\/uploads\/2019\/06\/AdobeStock_43226126_iso14001_2000.jpg\" alt=\"ISO 14001\" width=\"2000\" height=\"1333\" srcset=\"https:\/\/icrpolska.com\/wp-content\/uploads\/2019\/06\/AdobeStock_43226126_iso14001_2000.jpg 2000w, https:\/\/icrpolska.com\/wp-content\/uploads\/2019\/06\/AdobeStock_43226126_iso14001_2000-300x200.jpg 300w, https:\/\/icrpolska.com\/wp-content\/uploads\/2019\/06\/AdobeStock_43226126_iso14001_2000-768x512.jpg 768w, https:\/\/icrpolska.com\/wp-content\/uploads\/2019\/06\/AdobeStock_43226126_iso14001_2000-1024x682.jpg 1024w\" sizes=\"(max-width: 2000px) 100vw, 2000px\" \/><\/p>\n<p><strong>ISO 14001 eelised:<\/strong><\/p>\n<ul>\n<li>Keskkonna kaitsmine tulevaste p\u00f5lvkondade jaoks;<\/li>\n<li>Standard, mida kasutatakse ettev\u00f5tete konkurentsiv\u00f5ime tugevdamise vahendina;<\/li>\n<li>Oskus ennetavalt tegeleda erinevate valitsusasutuste ja rahvusvaheliste gruppide poolt kehtestatud keskkonnaalaste eeskirjadega;<\/li>\n<li>Oskus tulla t\u00f5husalt toime sidusr\u00fchmade, sealhulgas klientide ja keskkonnaorganisatsioonide survega;<\/li>\n<li>Keskkonnariskide t\u00f5hus kontroll;<\/li>\n<li>Konkurentsiprotsessid;<\/li>\n<li>S\u00e4\u00e4stud;<\/li>\n<li>S\u00e4ilitada h\u00e4id suhteid sidusr\u00fchmadega, sealhulgas valitsusasutuste, kohalike kogukondade, klientide ja keskkonnaorganisatsioonidega;<\/li>\n<li>Klientide (investorite) rahulolu.<\/li>\n<\/ul>","protected":false},"excerpt":{"rendered":"<p>Mis on ISO 14001? ISO 14001 on rahvusvaheline standard keskkonnajuhtimiss\u00fcsteemidele, mida reguleerib ISO. T\u00e4psemalt \u00f6eldes on ISO 14001 juhtimiss\u00fcsteem, mis n\u00f5uab organisatsiooni panust organisatsiooni keskkonnariskide pidevasse k\u00f5rvaldamisse v\u00f5i v\u00e4hendamisse, tuvastades, hinnates, kontrollides ja parandades s\u00fcstemaatiliselt keskkonnaaspekte, mis tekivad organisatsiooni juhtimise k\u00e4igus. Juhtimiss\u00fcsteemi n\u00f5uded ...&nbsp;<a href=\"https:\/\/icrpolska.com\/est\/certyfikacja-systemow\/iso-14001\/\" rel=\"bookmark\">Loe edasi \"<span class=\"screen-reader-text\">ISO 14001<\/span><\/a><\/p>","protected":false},"author":1,"featured_media":1163,"parent":162,"menu_order":0,"comment_status":"closed","ping_status":"closed","template":"","meta":{"neve_meta_sidebar":"","neve_meta_container":"","neve_meta_enable_content_width":"off","neve_meta_content_width":70,"neve_meta_title_alignment":"","neve_meta_author_avatar":"","neve_post_elements_order":"","neve_meta_disable_header":"","neve_meta_disable_footer":"","neve_meta_disable_title":"","footnotes":""},"class_list":["post-1918","page","type-page","status-publish","has-post-thumbnail","hentry"],"yoast_head":"<!-- This site is optimized with the Yoast SEO plugin v27.3 - https:\/\/yoast.com\/product\/yoast-seo-wordpress\/ -->\n<title>ISO 14001 - ICR POLSKA - badania i certyfikacja<\/title>\n<meta name=\"robots\" content=\"index, follow, max-snippet:-1, max-image-preview:large, max-video-preview:-1\" \/>\n<link rel=\"canonical\" href=\"https:\/\/icrpolska.com\/est\/certyfikacja-systemow\/iso-14001\/\" \/>\n<meta property=\"og:locale\" content=\"et_EE\" \/>\n<meta property=\"og:type\" content=\"article\" \/>\n<meta property=\"og:title\" content=\"ISO 14001 - ICR POLSKA - badania i certyfikacja\" \/>\n<meta property=\"og:description\" content=\"Czym jest ISO 14001? ISO 14001 jest mi\u0119dzynarodowym standardem dla system\u00f3w zarz\u0105dzania \u015brodowiskowego regulowanym przez ISO. A dok\u0142adniej, ISO 14001 jest system zarz\u0105dzania, wymagaj\u0105cym wk\u0142adu organizacji w postaci ci\u0105g\u0142ego usuwania lub zmniejszania zagro\u017ce\u0144 \u015brodowiskowych, jakie napotyka organizacja, poprzez systematyczne identyfikowanie, ocenianie, kontrolowania i poprawianie aspekt\u00f3w \u015brodowiskowych, powstaj\u0105cych w trakcie zarz\u0105dzania organizacj\u0105. Wymagania dotycz\u0105ce systemu zarz\u0105dzania&hellip;&nbsp;Read More &raquo;ISO 14001\" \/>\n<meta property=\"og:url\" content=\"https:\/\/icrpolska.com\/est\/certyfikacja-systemow\/iso-14001\/\" \/>\n<meta property=\"og:site_name\" content=\"ICR POLSKA - badania i certyfikacja\" \/>\n<meta property=\"article:modified_time\" content=\"2022-09-07T21:06:39+00:00\" \/>\n<meta name=\"twitter:card\" content=\"summary_large_image\" \/>\n<meta name=\"twitter:label1\" content=\"Est. reading time\" \/>\n\t<meta name=\"twitter:data1\" content=\"2 minutit\" \/>\n<script type=\"application\/ld+json\" class=\"yoast-schema-graph\">{\"@context\":\"https:\\\/\\\/schema.org\",\"@graph\":[{\"@type\":\"WebPage\",\"@id\":\"https:\\\/\\\/icrpolska.com\\\/certyfikacja-systemow\\\/iso-14001\\\/\",\"url\":\"https:\\\/\\\/icrpolska.com\\\/certyfikacja-systemow\\\/iso-14001\\\/\",\"name\":\"ISO 14001 - ICR POLSKA - badania i certyfikacja\",\"isPartOf\":{\"@id\":\"https:\\\/\\\/icrpolska.com\\\/#website\"},\"primaryImageOfPage\":{\"@id\":\"https:\\\/\\\/icrpolska.com\\\/certyfikacja-systemow\\\/iso-14001\\\/#primaryimage\"},\"image\":{\"@id\":\"https:\\\/\\\/icrpolska.com\\\/certyfikacja-systemow\\\/iso-14001\\\/#primaryimage\"},\"thumbnailUrl\":\"\",\"datePublished\":\"2019-05-22T07:39:43+00:00\",\"dateModified\":\"2022-09-07T21:06:39+00:00\",\"breadcrumb\":{\"@id\":\"https:\\\/\\\/icrpolska.com\\\/certyfikacja-systemow\\\/iso-14001\\\/#breadcrumb\"},\"inLanguage\":\"et\",\"potentialAction\":[{\"@type\":\"ReadAction\",\"target\":[\"https:\\\/\\\/icrpolska.com\\\/certyfikacja-systemow\\\/iso-14001\\\/\"]}]},{\"@type\":\"ImageObject\",\"inLanguage\":\"et\",\"@id\":\"https:\\\/\\\/icrpolska.com\\\/certyfikacja-systemow\\\/iso-14001\\\/#primaryimage\",\"url\":\"\",\"contentUrl\":\"\"},{\"@type\":\"BreadcrumbList\",\"@id\":\"https:\\\/\\\/icrpolska.com\\\/certyfikacja-systemow\\\/iso-14001\\\/#breadcrumb\",\"itemListElement\":[{\"@type\":\"ListItem\",\"position\":1,\"name\":\"Strona g\u0142\u00f3wna\",\"item\":\"https:\\\/\\\/icrpolska.com\\\/\"},{\"@type\":\"ListItem\",\"position\":2,\"name\":\"Certyfikacja system\u00f3w ISO\",\"item\":\"https:\\\/\\\/icrpolska.com\\\/certyfikacja-systemow\\\/\"},{\"@type\":\"ListItem\",\"position\":3,\"name\":\"ISO 14001\"}]},{\"@type\":\"WebSite\",\"@id\":\"https:\\\/\\\/icrpolska.com\\\/#website\",\"url\":\"https:\\\/\\\/icrpolska.com\\\/\",\"name\":\"ICR POLSKA - badania i certyfikacja\",\"description\":\"CE certification, CE certificate, ISO certificate, RED testing, product testing and certification, electrical product testing, medical device testing, ATEX, IECEx, FCC, product certification, EMC testing, machinery certification, CE machines, training, electronic product testing, testing 2014\\\/53\\\/EU, drone certification, ISO 13485 certificate, ISO 9001 certificate, NC RfG, CPR\",\"publisher\":{\"@id\":\"https:\\\/\\\/icrpolska.com\\\/#\\\/schema\\\/person\\\/8601820fc0521fc7bf75ae141134fbfd\"},\"potentialAction\":[{\"@type\":\"SearchAction\",\"target\":{\"@type\":\"EntryPoint\",\"urlTemplate\":\"https:\\\/\\\/icrpolska.com\\\/?s={search_term_string}\"},\"query-input\":{\"@type\":\"PropertyValueSpecification\",\"valueRequired\":true,\"valueName\":\"search_term_string\"}}],\"inLanguage\":\"et\"},{\"@type\":[\"Person\",\"Organization\"],\"@id\":\"https:\\\/\\\/icrpolska.com\\\/#\\\/schema\\\/person\\\/8601820fc0521fc7bf75ae141134fbfd\",\"name\":\"admin\",\"image\":{\"@type\":\"ImageObject\",\"inLanguage\":\"et\",\"@id\":\"https:\\\/\\\/icrpolska.com\\\/wp-content\\\/uploads\\\/2019\\\/05\\\/cropped-logo-icr.32f04ad5-1-1.png\",\"url\":\"https:\\\/\\\/icrpolska.com\\\/wp-content\\\/uploads\\\/2019\\\/05\\\/cropped-logo-icr.32f04ad5-1-1.png\",\"contentUrl\":\"https:\\\/\\\/icrpolska.com\\\/wp-content\\\/uploads\\\/2019\\\/05\\\/cropped-logo-icr.32f04ad5-1-1.png\",\"width\":400,\"height\":148,\"caption\":\"admin\"},\"logo\":{\"@id\":\"https:\\\/\\\/icrpolska.com\\\/wp-content\\\/uploads\\\/2019\\\/05\\\/cropped-logo-icr.32f04ad5-1-1.png\"}}]}<\/script>\n<!-- \/ Yoast SEO plugin. -->","yoast_head_json":{"title":"ISO 14001 - ICR POLA - Testimine ja sertifitseerimine","robots":{"index":"index","follow":"follow","max-snippet":"max-snippet:-1","max-image-preview":"max-image-preview:large","max-video-preview":"max-video-preview:-1"},"canonical":"https:\/\/icrpolska.com\/est\/certyfikacja-systemow\/iso-14001\/","og_locale":"et_EE","og_type":"article","og_title":"ISO 14001 - ICR POLSKA - badania i certyfikacja","og_description":"Czym jest ISO 14001? ISO 14001 jest mi\u0119dzynarodowym standardem dla system\u00f3w zarz\u0105dzania \u015brodowiskowego regulowanym przez ISO. A dok\u0142adniej, ISO 14001 jest system zarz\u0105dzania, wymagaj\u0105cym wk\u0142adu organizacji w postaci ci\u0105g\u0142ego usuwania lub zmniejszania zagro\u017ce\u0144 \u015brodowiskowych, jakie napotyka organizacja, poprzez systematyczne identyfikowanie, ocenianie, kontrolowania i poprawianie aspekt\u00f3w \u015brodowiskowych, powstaj\u0105cych w trakcie zarz\u0105dzania organizacj\u0105. Wymagania dotycz\u0105ce systemu zarz\u0105dzania&hellip;&nbsp;Read More &raquo;ISO 14001","og_url":"https:\/\/icrpolska.com\/est\/certyfikacja-systemow\/iso-14001\/","og_site_name":"ICR POLSKA - badania i certyfikacja","article_modified_time":"2022-09-07T21:06:39+00:00","twitter_card":"summary_large_image","twitter_misc":{"Est. reading time":"2 minutit"},"schema":{"@context":"https:\/\/schema.org","@graph":[{"@type":"WebPage","@id":"https:\/\/icrpolska.com\/certyfikacja-systemow\/iso-14001\/","url":"https:\/\/icrpolska.com\/certyfikacja-systemow\/iso-14001\/","name":"ISO 14001 - ICR POLA - Testimine ja sertifitseerimine","isPartOf":{"@id":"https:\/\/icrpolska.com\/#website"},"primaryImageOfPage":{"@id":"https:\/\/icrpolska.com\/certyfikacja-systemow\/iso-14001\/#primaryimage"},"image":{"@id":"https:\/\/icrpolska.com\/certyfikacja-systemow\/iso-14001\/#primaryimage"},"thumbnailUrl":"","datePublished":"2019-05-22T07:39:43+00:00","dateModified":"2022-09-07T21:06:39+00:00","breadcrumb":{"@id":"https:\/\/icrpolska.com\/certyfikacja-systemow\/iso-14001\/#breadcrumb"},"inLanguage":"et","potentialAction":[{"@type":"ReadAction","target":["https:\/\/icrpolska.com\/certyfikacja-systemow\/iso-14001\/"]}]},{"@type":"ImageObject","inLanguage":"et","@id":"https:\/\/icrpolska.com\/certyfikacja-systemow\/iso-14001\/#primaryimage","url":"","contentUrl":""},{"@type":"BreadcrumbList","@id":"https:\/\/icrpolska.com\/certyfikacja-systemow\/iso-14001\/#breadcrumb","itemListElement":[{"@type":"ListItem","position":1,"name":"Strona g\u0142\u00f3wna","item":"https:\/\/icrpolska.com\/"},{"@type":"ListItem","position":2,"name":"Certyfikacja system\u00f3w ISO","item":"https:\/\/icrpolska.com\/certyfikacja-systemow\/"},{"@type":"ListItem","position":3,"name":"ISO 14001"}]},{"@type":"WebSite","@id":"https:\/\/icrpolska.com\/#website","url":"https:\/\/icrpolska.com\/","name":"ICR POLA - katsetamine ja sertifitseerimine","description":"CE sertifitseerimine, CE sertifikaat, ISO sertifikaat, RED testimine, toodete testimine ja sertifitseerimine, elektritoodete testimine, meditsiiniseadmete testimine, ATEX, IECEx, FCC, toodete sertifitseerimine, EMC testimine, masinate sertifitseerimine, CE masinad, koolitus, elektrooniliste toodete testimine, testimine 2014\/53\/EL, droonide sertifitseerimine, ISO 13485 sertifikaat, ISO 9001 sertifikaat, NC RfG, CPR","publisher":{"@id":"https:\/\/icrpolska.com\/#\/schema\/person\/8601820fc0521fc7bf75ae141134fbfd"},"potentialAction":[{"@type":"SearchAction","target":{"@type":"EntryPoint","urlTemplate":"https:\/\/icrpolska.com\/?s={search_term_string}"},"query-input":{"@type":"PropertyValueSpecification","valueRequired":true,"valueName":"search_term_string"}}],"inLanguage":"et"},{"@type":["Person","Organization"],"@id":"https:\/\/icrpolska.com\/#\/schema\/person\/8601820fc0521fc7bf75ae141134fbfd","name":"admin","image":{"@type":"ImageObject","inLanguage":"et","@id":"https:\/\/icrpolska.com\/wp-content\/uploads\/2019\/05\/cropped-logo-icr.32f04ad5-1-1.png","url":"https:\/\/icrpolska.com\/wp-content\/uploads\/2019\/05\/cropped-logo-icr.32f04ad5-1-1.png","contentUrl":"https:\/\/icrpolska.com\/wp-content\/uploads\/2019\/05\/cropped-logo-icr.32f04ad5-1-1.png","width":400,"height":148,"caption":"admin"},"logo":{"@id":"https:\/\/icrpolska.com\/wp-content\/uploads\/2019\/05\/cropped-logo-icr.32f04ad5-1-1.png"}}]}},"_links":{"self":[{"href":"https:\/\/icrpolska.com\/est\/wp-json\/wp\/v2\/pages\/1918","targetHints":{"allow":["GET"]}}],"collection":[{"href":"https:\/\/icrpolska.com\/est\/wp-json\/wp\/v2\/pages"}],"about":[{"href":"https:\/\/icrpolska.com\/est\/wp-json\/wp\/v2\/types\/page"}],"author":[{"embeddable":true,"href":"https:\/\/icrpolska.com\/est\/wp-json\/wp\/v2\/users\/1"}],"replies":[{"embeddable":true,"href":"https:\/\/icrpolska.com\/est\/wp-json\/wp\/v2\/comments?post=1918"}],"version-history":[{"count":6,"href":"https:\/\/icrpolska.com\/est\/wp-json\/wp\/v2\/pages\/1918\/revisions"}],"predecessor-version":[{"id":4752,"href":"https:\/\/icrpolska.com\/est\/wp-json\/wp\/v2\/pages\/1918\/revisions\/4752"}],"up":[{"embeddable":true,"href":"https:\/\/icrpolska.com\/est\/wp-json\/wp\/v2\/pages\/162"}],"wp:featuredmedia":[{"embeddable":true,"href":"https:\/\/icrpolska.com\/est\/wp-json\/"}],"wp:attachment":[{"href":"https:\/\/icrpolska.com\/est\/wp-json\/wp\/v2\/media?parent=1918"}],"curies":[{"name":"wp","href":"https:\/\/api.w.org\/{rel}","templated":true}]}}