{"id":1954,"date":"2019-05-22T19:22:21","date_gmt":"2019-05-22T19:22:21","guid":{"rendered":"http:\/\/icrpolska.e-ksperci.pl\/?page_id=1954"},"modified":"2022-09-07T23:07:25","modified_gmt":"2022-09-07T21:07:25","slug":"iso-22000","status":"publish","type":"page","link":"https:\/\/icrpolska.com\/est\/certyfikacja-systemow\/iso-22000\/","title":{"rendered":"ISO 22000"},"content":{"rendered":"<p>ISO 22000 m\u00e4\u00e4ratleb toiduohutuse juhtimiss\u00fcsteemi n\u00f5uded toiduahela organisatsioonidele, mis peavad n\u00e4itama v\u00f5imet kontrollida toiduohutusega seotud ohte, et tagada toidu ohutus inimtoiduks.<\/p>\n<p>Standard on kohaldatav k\u00f5igile organisatsioonidele, olenemata nende suurusest, kes on seotud toiduahela mis tahes etapiga ja soovivad rakendada s\u00fcsteeme, mis tagavad ohutu toidu.<\/p>\n<p><strong>ISO 22000 standardi eelised:<\/strong><\/p>\n<ul>\n<li>v\u00f5imaldab teil kinnitada oma p\u00fchendumust pakkuda ohutuid ja kvaliteetseid toiduaineid.<\/li>\n<li>h\u00f5lbustab \u00f5iguslike ja regulatiivsete kohustuste t\u00e4itmist<\/li>\n<li>suurendab v\u00f5imet rahuldada jaeklientide vajadusi ja on seega kauplemisluba<\/li>\n<li>kehtib k\u00f5igi \u00fclemaailmses toiduainete tarneahelas osalevate organisatsioonide suhtes.<\/li>\n<li class=\"translation-block\"><strong>ISO 22000<\/strong> sertifikaadi saavutamine parandab ettev\u00f5tte mainet, br\u00e4ndi ja mainet.<\/li>\n<\/ul>","protected":false},"excerpt":{"rendered":"<p>ISO 22000 m\u00e4\u00e4rab kindlaks toiduohutuse juhtimiss\u00fcsteemi n\u00f5uded toiduahela organisatsioonidele, kes peavad t\u00f5endama, et nad suudavad kontrollida toiduohutusega seotud ohte, et tagada toidu ohutus inimtoiduks. Standard on kohaldatav k\u00f5igile organisatsioonidele, olenemata nende suurusest, kes on seotud toiduahela mis tahes etapis ja soovivad rakendada s\u00fcsteeme,...&nbsp;<a href=\"https:\/\/icrpolska.com\/est\/certyfikacja-systemow\/iso-22000\/\" rel=\"bookmark\">Loe edasi \"<span class=\"screen-reader-text\">ISO 22000<\/span><\/a><\/p>","protected":false},"author":1,"featured_media":1067,"parent":162,"menu_order":0,"comment_status":"closed","ping_status":"closed","template":"","meta":{"neve_meta_sidebar":"","neve_meta_container":"","neve_meta_enable_content_width":"off","neve_meta_content_width":70,"neve_meta_title_alignment":"","neve_meta_author_avatar":"","neve_post_elements_order":"","neve_meta_disable_header":"","neve_meta_disable_footer":"","neve_meta_disable_title":"","footnotes":""},"class_list":["post-1954","page","type-page","status-publish","has-post-thumbnail","hentry"],"yoast_head":"<!-- This site is optimized with the Yoast SEO plugin v27.3 - https:\/\/yoast.com\/product\/yoast-seo-wordpress\/ -->\n<title>ISO 22000 - ICR POLSKA - badania i certyfikacja<\/title>\n<meta name=\"robots\" content=\"index, follow, max-snippet:-1, max-image-preview:large, max-video-preview:-1\" \/>\n<link rel=\"canonical\" href=\"https:\/\/icrpolska.com\/est\/certyfikacja-systemow\/iso-22000\/\" \/>\n<meta property=\"og:locale\" content=\"et_EE\" \/>\n<meta property=\"og:type\" content=\"article\" \/>\n<meta property=\"og:title\" content=\"ISO 22000 - ICR POLSKA - badania i certyfikacja\" \/>\n<meta property=\"og:description\" content=\"ISO 22000 okre\u015bla wymagania systemu zarz\u0105dzania bezpiecze\u0144stwem \u017cywno\u015bci w organizacjach z \u0142a\u0144cucha \u017cywno\u015bciowego, kt\u00f3re musz\u0105 wykaza\u0107 zdolno\u015b\u0107 do kontroli zagro\u017ce\u0144 bezpiecze\u0144stwa \u017cywno\u015bci w celu zapewnienia, \u017ce \u200b\u200b\u017cywno\u015b\u0107 jest bezpieczna w czasie spo\u017cycia przez ludzi. Standard ma zastosowanie we wszystkich organizacjach, niezale\u017cnie od wielko\u015bci, kt\u00f3re bior\u0105 udzia\u0142 w dowolnym etapie \u0142a\u0144cucha \u017cywno\u015bciowego i chc\u0105 wdro\u017cy\u0107 systemy,&hellip;&nbsp;Read More &raquo;ISO 22000\" \/>\n<meta property=\"og:url\" content=\"https:\/\/icrpolska.com\/est\/certyfikacja-systemow\/iso-22000\/\" \/>\n<meta property=\"og:site_name\" content=\"ICR POLSKA - badania i certyfikacja\" \/>\n<meta property=\"article:modified_time\" content=\"2022-09-07T21:07:25+00:00\" \/>\n<meta name=\"twitter:card\" content=\"summary_large_image\" \/>\n<meta name=\"twitter:label1\" content=\"Est. reading time\" \/>\n\t<meta name=\"twitter:data1\" content=\"1 minut\" \/>\n<script type=\"application\/ld+json\" class=\"yoast-schema-graph\">{\"@context\":\"https:\\\/\\\/schema.org\",\"@graph\":[{\"@type\":\"WebPage\",\"@id\":\"https:\\\/\\\/icrpolska.com\\\/certyfikacja-systemow\\\/iso-22000\\\/\",\"url\":\"https:\\\/\\\/icrpolska.com\\\/certyfikacja-systemow\\\/iso-22000\\\/\",\"name\":\"ISO 22000 - ICR POLSKA - badania i certyfikacja\",\"isPartOf\":{\"@id\":\"https:\\\/\\\/icrpolska.com\\\/#website\"},\"primaryImageOfPage\":{\"@id\":\"https:\\\/\\\/icrpolska.com\\\/certyfikacja-systemow\\\/iso-22000\\\/#primaryimage\"},\"image\":{\"@id\":\"https:\\\/\\\/icrpolska.com\\\/certyfikacja-systemow\\\/iso-22000\\\/#primaryimage\"},\"thumbnailUrl\":\"\",\"datePublished\":\"2019-05-22T19:22:21+00:00\",\"dateModified\":\"2022-09-07T21:07:25+00:00\",\"breadcrumb\":{\"@id\":\"https:\\\/\\\/icrpolska.com\\\/certyfikacja-systemow\\\/iso-22000\\\/#breadcrumb\"},\"inLanguage\":\"et\",\"potentialAction\":[{\"@type\":\"ReadAction\",\"target\":[\"https:\\\/\\\/icrpolska.com\\\/certyfikacja-systemow\\\/iso-22000\\\/\"]}]},{\"@type\":\"ImageObject\",\"inLanguage\":\"et\",\"@id\":\"https:\\\/\\\/icrpolska.com\\\/certyfikacja-systemow\\\/iso-22000\\\/#primaryimage\",\"url\":\"\",\"contentUrl\":\"\"},{\"@type\":\"BreadcrumbList\",\"@id\":\"https:\\\/\\\/icrpolska.com\\\/certyfikacja-systemow\\\/iso-22000\\\/#breadcrumb\",\"itemListElement\":[{\"@type\":\"ListItem\",\"position\":1,\"name\":\"Strona g\u0142\u00f3wna\",\"item\":\"https:\\\/\\\/icrpolska.com\\\/\"},{\"@type\":\"ListItem\",\"position\":2,\"name\":\"Certyfikacja system\u00f3w ISO\",\"item\":\"https:\\\/\\\/icrpolska.com\\\/certyfikacja-systemow\\\/\"},{\"@type\":\"ListItem\",\"position\":3,\"name\":\"ISO 22000\"}]},{\"@type\":\"WebSite\",\"@id\":\"https:\\\/\\\/icrpolska.com\\\/#website\",\"url\":\"https:\\\/\\\/icrpolska.com\\\/\",\"name\":\"ICR POLSKA - badania i certyfikacja\",\"description\":\"CE certification, CE certificate, ISO certificate, RED testing, product testing and certification, electrical product testing, medical device testing, ATEX, IECEx, FCC, product certification, EMC testing, machinery certification, CE machines, training, electronic product testing, testing 2014\\\/53\\\/EU, drone certification, ISO 13485 certificate, ISO 9001 certificate, NC RfG, CPR\",\"publisher\":{\"@id\":\"https:\\\/\\\/icrpolska.com\\\/#\\\/schema\\\/person\\\/8601820fc0521fc7bf75ae141134fbfd\"},\"potentialAction\":[{\"@type\":\"SearchAction\",\"target\":{\"@type\":\"EntryPoint\",\"urlTemplate\":\"https:\\\/\\\/icrpolska.com\\\/?s={search_term_string}\"},\"query-input\":{\"@type\":\"PropertyValueSpecification\",\"valueRequired\":true,\"valueName\":\"search_term_string\"}}],\"inLanguage\":\"et\"},{\"@type\":[\"Person\",\"Organization\"],\"@id\":\"https:\\\/\\\/icrpolska.com\\\/#\\\/schema\\\/person\\\/8601820fc0521fc7bf75ae141134fbfd\",\"name\":\"admin\",\"image\":{\"@type\":\"ImageObject\",\"inLanguage\":\"et\",\"@id\":\"https:\\\/\\\/icrpolska.com\\\/wp-content\\\/uploads\\\/2019\\\/05\\\/cropped-logo-icr.32f04ad5-1-1.png\",\"url\":\"https:\\\/\\\/icrpolska.com\\\/wp-content\\\/uploads\\\/2019\\\/05\\\/cropped-logo-icr.32f04ad5-1-1.png\",\"contentUrl\":\"https:\\\/\\\/icrpolska.com\\\/wp-content\\\/uploads\\\/2019\\\/05\\\/cropped-logo-icr.32f04ad5-1-1.png\",\"width\":400,\"height\":148,\"caption\":\"admin\"},\"logo\":{\"@id\":\"https:\\\/\\\/icrpolska.com\\\/wp-content\\\/uploads\\\/2019\\\/05\\\/cropped-logo-icr.32f04ad5-1-1.png\"}}]}<\/script>\n<!-- \/ Yoast SEO plugin. -->","yoast_head_json":{"title":"ISO 22000 - ICR POLA - katsetamine ja sertifitseerimine","robots":{"index":"index","follow":"follow","max-snippet":"max-snippet:-1","max-image-preview":"max-image-preview:large","max-video-preview":"max-video-preview:-1"},"canonical":"https:\/\/icrpolska.com\/est\/certyfikacja-systemow\/iso-22000\/","og_locale":"et_EE","og_type":"article","og_title":"ISO 22000 - ICR POLSKA - badania i certyfikacja","og_description":"ISO 22000 okre\u015bla wymagania systemu zarz\u0105dzania bezpiecze\u0144stwem \u017cywno\u015bci w organizacjach z \u0142a\u0144cucha \u017cywno\u015bciowego, kt\u00f3re musz\u0105 wykaza\u0107 zdolno\u015b\u0107 do kontroli zagro\u017ce\u0144 bezpiecze\u0144stwa \u017cywno\u015bci w celu zapewnienia, \u017ce \u200b\u200b\u017cywno\u015b\u0107 jest bezpieczna w czasie spo\u017cycia przez ludzi. Standard ma zastosowanie we wszystkich organizacjach, niezale\u017cnie od wielko\u015bci, kt\u00f3re bior\u0105 udzia\u0142 w dowolnym etapie \u0142a\u0144cucha \u017cywno\u015bciowego i chc\u0105 wdro\u017cy\u0107 systemy,&hellip;&nbsp;Read More &raquo;ISO 22000","og_url":"https:\/\/icrpolska.com\/est\/certyfikacja-systemow\/iso-22000\/","og_site_name":"ICR POLSKA - badania i certyfikacja","article_modified_time":"2022-09-07T21:07:25+00:00","twitter_card":"summary_large_image","twitter_misc":{"Est. reading time":"1 minut"},"schema":{"@context":"https:\/\/schema.org","@graph":[{"@type":"WebPage","@id":"https:\/\/icrpolska.com\/certyfikacja-systemow\/iso-22000\/","url":"https:\/\/icrpolska.com\/certyfikacja-systemow\/iso-22000\/","name":"ISO 22000 - ICR POLA - katsetamine ja sertifitseerimine","isPartOf":{"@id":"https:\/\/icrpolska.com\/#website"},"primaryImageOfPage":{"@id":"https:\/\/icrpolska.com\/certyfikacja-systemow\/iso-22000\/#primaryimage"},"image":{"@id":"https:\/\/icrpolska.com\/certyfikacja-systemow\/iso-22000\/#primaryimage"},"thumbnailUrl":"","datePublished":"2019-05-22T19:22:21+00:00","dateModified":"2022-09-07T21:07:25+00:00","breadcrumb":{"@id":"https:\/\/icrpolska.com\/certyfikacja-systemow\/iso-22000\/#breadcrumb"},"inLanguage":"et","potentialAction":[{"@type":"ReadAction","target":["https:\/\/icrpolska.com\/certyfikacja-systemow\/iso-22000\/"]}]},{"@type":"ImageObject","inLanguage":"et","@id":"https:\/\/icrpolska.com\/certyfikacja-systemow\/iso-22000\/#primaryimage","url":"","contentUrl":""},{"@type":"BreadcrumbList","@id":"https:\/\/icrpolska.com\/certyfikacja-systemow\/iso-22000\/#breadcrumb","itemListElement":[{"@type":"ListItem","position":1,"name":"Strona g\u0142\u00f3wna","item":"https:\/\/icrpolska.com\/"},{"@type":"ListItem","position":2,"name":"Certyfikacja system\u00f3w ISO","item":"https:\/\/icrpolska.com\/certyfikacja-systemow\/"},{"@type":"ListItem","position":3,"name":"ISO 22000"}]},{"@type":"WebSite","@id":"https:\/\/icrpolska.com\/#website","url":"https:\/\/icrpolska.com\/","name":"ICR POLA - katsetamine ja sertifitseerimine","description":"CE sertifitseerimine, CE sertifikaat, ISO sertifikaat, RED testimine, toodete testimine ja sertifitseerimine, elektritoodete testimine, meditsiiniseadmete testimine, ATEX, IECEx, FCC, toodete sertifitseerimine, EMC testimine, masinate sertifitseerimine, CE masinad, koolitus, elektrooniliste toodete testimine, testimine 2014\/53\/EL, droonide sertifitseerimine, ISO 13485 sertifikaat, ISO 9001 sertifikaat, NC RfG, CPR","publisher":{"@id":"https:\/\/icrpolska.com\/#\/schema\/person\/8601820fc0521fc7bf75ae141134fbfd"},"potentialAction":[{"@type":"SearchAction","target":{"@type":"EntryPoint","urlTemplate":"https:\/\/icrpolska.com\/?s={search_term_string}"},"query-input":{"@type":"PropertyValueSpecification","valueRequired":true,"valueName":"search_term_string"}}],"inLanguage":"et"},{"@type":["Person","Organization"],"@id":"https:\/\/icrpolska.com\/#\/schema\/person\/8601820fc0521fc7bf75ae141134fbfd","name":"admin","image":{"@type":"ImageObject","inLanguage":"et","@id":"https:\/\/icrpolska.com\/wp-content\/uploads\/2019\/05\/cropped-logo-icr.32f04ad5-1-1.png","url":"https:\/\/icrpolska.com\/wp-content\/uploads\/2019\/05\/cropped-logo-icr.32f04ad5-1-1.png","contentUrl":"https:\/\/icrpolska.com\/wp-content\/uploads\/2019\/05\/cropped-logo-icr.32f04ad5-1-1.png","width":400,"height":148,"caption":"admin"},"logo":{"@id":"https:\/\/icrpolska.com\/wp-content\/uploads\/2019\/05\/cropped-logo-icr.32f04ad5-1-1.png"}}]}},"_links":{"self":[{"href":"https:\/\/icrpolska.com\/est\/wp-json\/wp\/v2\/pages\/1954","targetHints":{"allow":["GET"]}}],"collection":[{"href":"https:\/\/icrpolska.com\/est\/wp-json\/wp\/v2\/pages"}],"about":[{"href":"https:\/\/icrpolska.com\/est\/wp-json\/wp\/v2\/types\/page"}],"author":[{"embeddable":true,"href":"https:\/\/icrpolska.com\/est\/wp-json\/wp\/v2\/users\/1"}],"replies":[{"embeddable":true,"href":"https:\/\/icrpolska.com\/est\/wp-json\/wp\/v2\/comments?post=1954"}],"version-history":[{"count":1,"href":"https:\/\/icrpolska.com\/est\/wp-json\/wp\/v2\/pages\/1954\/revisions"}],"predecessor-version":[{"id":3293,"href":"https:\/\/icrpolska.com\/est\/wp-json\/wp\/v2\/pages\/1954\/revisions\/3293"}],"up":[{"embeddable":true,"href":"https:\/\/icrpolska.com\/est\/wp-json\/wp\/v2\/pages\/162"}],"wp:featuredmedia":[{"embeddable":true,"href":"https:\/\/icrpolska.com\/est\/wp-json\/"}],"wp:attachment":[{"href":"https:\/\/icrpolska.com\/est\/wp-json\/wp\/v2\/media?parent=1954"}],"curies":[{"name":"wp","href":"https:\/\/api.w.org\/{rel}","templated":true}]}}