{"id":2130,"date":"2019-05-28T17:44:59","date_gmt":"2019-05-28T15:44:59","guid":{"rendered":"http:\/\/icrpolska.e-ksperci.pl\/?page_id=2130"},"modified":"2026-03-19T12:01:18","modified_gmt":"2026-03-19T11:01:18","slug":"certyfikacja-systemow-dla-wioskodawcy","status":"publish","type":"page","link":"https:\/\/icrpolska.com\/est\/certyfikacja-systemow\/certyfikacja-systemow-dla-wioskodawcy\/","title":{"rendered":"S\u00fcsteemide sertifitseerimine - taotlejale"},"content":{"rendered":"<p><img decoding=\"async\" class=\"alignnone wp-image-2678\" src=\"https:\/\/icrpolska.com\/wp-content\/uploads\/2019\/06\/word.jpg\" alt=\"\" width=\"20\" height=\"20\" srcset=\"https:\/\/icrpolska.com\/wp-content\/uploads\/2019\/06\/word.jpg 208w, https:\/\/icrpolska.com\/wp-content\/uploads\/2019\/06\/word-150x150.jpg 150w\" sizes=\"(max-width: 20px) 100vw, 20px\" \/><a href=\"https:\/\/icrpolska.com\/wp-content\/uploads\/2024\/10\/Wniosek__PL-EN-9.docx\" target=\"_blank\" rel=\"noopener noreferrer\">\u00a0S\u00fcsteemi sertifitseerimise taotlus<\/a><\/p>\n<p><img decoding=\"async\" class=\"alignnone wp-image-2678\" src=\"https:\/\/icrpolska.com\/wp-content\/uploads\/2019\/06\/word.jpg\" alt=\"\" width=\"20\" height=\"20\" srcset=\"https:\/\/icrpolska.com\/wp-content\/uploads\/2019\/06\/word.jpg 208w, https:\/\/icrpolska.com\/wp-content\/uploads\/2019\/06\/word-150x150.jpg 150w\" sizes=\"(max-width: 20px) 100vw, 20px\" \/><a href=\"https:\/\/icrpolska.com\/wp-content\/uploads\/2024\/10\/Wniosek-o-przeniesienie-certyfikacji-systemu-4.docx\" target=\"_blank\" rel=\"noopener noreferrer\"> Juhtimiss\u00fcsteemi sertifitseerimise \u00fcleandmise taotlus<\/a><\/p>\n<p><a href=\"https:\/\/icrpolska.com\/wp-content\/uploads\/2019\/06\/P-10-Przyjmowanie-ocena-i-podejmowanie-decyzji-odno\u015bnie-skarg-i-odwo\u0142a\u0144.pdf\" target=\"_blank\" rel=\"noopener noreferrer\"><img decoding=\"async\" class=\"alignnone wp-image-2679\" src=\"https:\/\/icrpolska.com\/wp-content\/uploads\/2019\/06\/adobe.jpg\" alt=\"\" width=\"20\" height=\"21\" srcset=\"https:\/\/icrpolska.com\/wp-content\/uploads\/2019\/06\/adobe.jpg 218w, https:\/\/icrpolska.com\/wp-content\/uploads\/2019\/06\/adobe-150x150.jpg 150w\" sizes=\"(max-width: 20px) 100vw, 20px\" \/><\/a><a href=\"https:\/\/icrpolska.com\/wp-content\/uploads\/2025\/01\/P-10_8.pdf\" target=\"_blank\" rel=\"noopener noreferrer\" data-wp-editing=\"1\"> P-10 Kaebuste ja kaebuste vastuv\u00f5tmine, hindamine ja nende kohta otsuste tegemine<\/a><\/p>\n<p><a href=\"https:\/\/icrpolska.com\/wp-content\/uploads\/2022\/01\/P-08.pdf\" target=\"_blank\" rel=\"noopener noreferrer\"><img decoding=\"async\" class=\"alignnone wp-image-2679\" src=\"https:\/\/icrpolska.com\/wp-content\/uploads\/2019\/06\/adobe.jpg\" alt=\"\" width=\"20\" height=\"21\" srcset=\"https:\/\/icrpolska.com\/wp-content\/uploads\/2019\/06\/adobe.jpg 218w, https:\/\/icrpolska.com\/wp-content\/uploads\/2019\/06\/adobe-150x150.jpg 150w\" sizes=\"(max-width: 20px) 100vw, 20px\" \/><\/a><a href=\"https:\/\/icrpolska.com\/wp-content\/uploads\/2024\/10\/P-08-Zasady-wykorzystywania-znaku-PL_ENG.pdf\"> Sertifikaatide ja vastavusm\u00e4rgiste kasutamise eeskirjad<\/a><\/p>\n<p><a href=\"https:\/\/icrpolska.com\/wp-content\/uploads\/2019\/06\/Informacja-dla-Wnioskodawc\u00f3w.pdf\" target=\"_blank\" rel=\"noopener noreferrer\"><img decoding=\"async\" class=\"alignnone wp-image-2679\" src=\"https:\/\/icrpolska.com\/wp-content\/uploads\/2019\/06\/adobe.jpg\" alt=\"\" width=\"20\" height=\"21\" srcset=\"https:\/\/icrpolska.com\/wp-content\/uploads\/2019\/06\/adobe.jpg 218w, https:\/\/icrpolska.com\/wp-content\/uploads\/2019\/06\/adobe-150x150.jpg 150w\" sizes=\"(max-width: 20px) 100vw, 20px\" \/><\/a><a href=\"https:\/\/icrpolska.com\/wp-content\/uploads\/2019\/06\/Informacja-dla-Wnioskodawc\u00f3w.pdf\" target=\"_blank\" rel=\"noopener noreferrer\">\u00a0<\/a><a href=\"https:\/\/icrpolska.com\/wp-content\/uploads\/2024\/10\/Informacja-dla-wnioskodawcow.pdf\" target=\"_blank\" rel=\"noopener noreferrer\">Teave taotlejatele<\/a><\/p>\n<p>&nbsp;<\/p>\n<p><img decoding=\"async\" class=\"alignnone wp-image-3362\" src=\"https:\/\/icrpolska.com\/wp-content\/uploads\/2019\/06\/Email-icon-e1560506652454.png\" alt=\"\" width=\"28\" height=\"20\" \/> <a href=\"mailto:icrpolska@icrqa.com?subject=Certificate%20confirmation&amp;body=Please,%20confirm%20the%20certificate%20whose%20scan%20was%20attached%0A\">Kinnitage sertifikaat<\/a><\/p>","protected":false},"excerpt":{"rendered":"<p>\u00a0S\u00fcsteemi sertifitseerimise taotlus Juhtimiss\u00fcsteemi sertifitseerimise \u00fcleandmise taotlus P-10 Kaebuste ja kaebuste vastuv\u00f5tmine, hindamine ja nende kohta otsuste tegemine Sertifikaatide ja vastavusm\u00e4rgiste kasutamise eeskirjad Teave taotlejatele Sertifikaadi kinnitamine<\/p>","protected":false},"author":1,"featured_media":892,"parent":162,"menu_order":0,"comment_status":"closed","ping_status":"closed","template":"","meta":{"neve_meta_sidebar":"","neve_meta_container":"","neve_meta_enable_content_width":"off","neve_meta_content_width":70,"neve_meta_title_alignment":"","neve_meta_author_avatar":"","neve_post_elements_order":"","neve_meta_disable_header":"","neve_meta_disable_footer":"","neve_meta_disable_title":"","footnotes":""},"class_list":["post-2130","page","type-page","status-publish","has-post-thumbnail","hentry"],"yoast_head":"<!-- This site is optimized with the Yoast SEO plugin v27.3 - https:\/\/yoast.com\/product\/yoast-seo-wordpress\/ -->\n<title>Certyfikacja System\u00f3w \u2013 dla Wnioskodawcy - ICR POLSKA - badania i certyfikacja<\/title>\n<meta name=\"robots\" content=\"index, follow, max-snippet:-1, max-image-preview:large, max-video-preview:-1\" \/>\n<link rel=\"canonical\" href=\"https:\/\/icrpolska.com\/est\/certyfikacja-systemow\/certyfikacja-systemow-dla-wioskodawcy\/\" \/>\n<meta property=\"og:locale\" content=\"et_EE\" \/>\n<meta property=\"og:type\" content=\"article\" \/>\n<meta property=\"og:title\" content=\"Certyfikacja System\u00f3w \u2013 dla Wnioskodawcy - ICR POLSKA - badania i certyfikacja\" \/>\n<meta property=\"og:description\" content=\"\u00a0Wniosek o certyfikacj\u0119 systemu Wniosek o przeniesienie certyfikacji systemu zarzadzania P-10 Przyjmowanie, ocena i podejmowanie decyzji odno\u015bnie do skarg i odwo\u0142a\u0144 Zasady wykorzystywania certyfikat\u00f3w i znak\u00f3w zgodno\u015bci \u00a0Informacja dla Wnioskodawc\u00f3w &nbsp; Potwierd\u017a certyfikat\" \/>\n<meta property=\"og:url\" content=\"https:\/\/icrpolska.com\/est\/certyfikacja-systemow\/certyfikacja-systemow-dla-wioskodawcy\/\" \/>\n<meta property=\"og:site_name\" content=\"ICR POLSKA - badania i certyfikacja\" \/>\n<meta property=\"article:modified_time\" content=\"2026-03-19T11:01:18+00:00\" \/>\n<meta name=\"twitter:card\" content=\"summary_large_image\" \/>\n<meta name=\"twitter:label1\" content=\"Est. reading time\" \/>\n\t<meta name=\"twitter:data1\" content=\"2 minutit\" \/>\n<script type=\"application\/ld+json\" class=\"yoast-schema-graph\">{\"@context\":\"https:\\\/\\\/schema.org\",\"@graph\":[{\"@type\":\"WebPage\",\"@id\":\"https:\\\/\\\/icrpolska.com\\\/certyfikacja-systemow\\\/certyfikacja-systemow-dla-wioskodawcy\\\/\",\"url\":\"https:\\\/\\\/icrpolska.com\\\/certyfikacja-systemow\\\/certyfikacja-systemow-dla-wioskodawcy\\\/\",\"name\":\"Certyfikacja System\u00f3w \u2013 dla Wnioskodawcy - ICR POLSKA - badania i certyfikacja\",\"isPartOf\":{\"@id\":\"https:\\\/\\\/icrpolska.com\\\/#website\"},\"primaryImageOfPage\":{\"@id\":\"https:\\\/\\\/icrpolska.com\\\/certyfikacja-systemow\\\/certyfikacja-systemow-dla-wioskodawcy\\\/#primaryimage\"},\"image\":{\"@id\":\"https:\\\/\\\/icrpolska.com\\\/certyfikacja-systemow\\\/certyfikacja-systemow-dla-wioskodawcy\\\/#primaryimage\"},\"thumbnailUrl\":\"\",\"datePublished\":\"2019-05-28T15:44:59+00:00\",\"dateModified\":\"2026-03-19T11:01:18+00:00\",\"breadcrumb\":{\"@id\":\"https:\\\/\\\/icrpolska.com\\\/certyfikacja-systemow\\\/certyfikacja-systemow-dla-wioskodawcy\\\/#breadcrumb\"},\"inLanguage\":\"et\",\"potentialAction\":[{\"@type\":\"ReadAction\",\"target\":[\"https:\\\/\\\/icrpolska.com\\\/certyfikacja-systemow\\\/certyfikacja-systemow-dla-wioskodawcy\\\/\"]}]},{\"@type\":\"ImageObject\",\"inLanguage\":\"et\",\"@id\":\"https:\\\/\\\/icrpolska.com\\\/certyfikacja-systemow\\\/certyfikacja-systemow-dla-wioskodawcy\\\/#primaryimage\",\"url\":\"\",\"contentUrl\":\"\"},{\"@type\":\"BreadcrumbList\",\"@id\":\"https:\\\/\\\/icrpolska.com\\\/certyfikacja-systemow\\\/certyfikacja-systemow-dla-wioskodawcy\\\/#breadcrumb\",\"itemListElement\":[{\"@type\":\"ListItem\",\"position\":1,\"name\":\"Strona g\u0142\u00f3wna\",\"item\":\"https:\\\/\\\/icrpolska.com\\\/\"},{\"@type\":\"ListItem\",\"position\":2,\"name\":\"Certyfikacja system\u00f3w ISO\",\"item\":\"https:\\\/\\\/icrpolska.com\\\/certyfikacja-systemow\\\/\"},{\"@type\":\"ListItem\",\"position\":3,\"name\":\"Certyfikacja System\u00f3w \u2013 dla Wnioskodawcy\"}]},{\"@type\":\"WebSite\",\"@id\":\"https:\\\/\\\/icrpolska.com\\\/#website\",\"url\":\"https:\\\/\\\/icrpolska.com\\\/\",\"name\":\"ICR POLSKA - badania i certyfikacja\",\"description\":\"CE certification, CE certificate, ISO certificate, RED testing, product testing and certification, electrical product testing, medical device testing, ATEX, IECEx, FCC, product certification, EMC testing, machinery certification, CE machines, training, electronic product testing, testing 2014\\\/53\\\/EU, drone certification, ISO 13485 certificate, ISO 9001 certificate, NC RfG, CPR\",\"publisher\":{\"@id\":\"https:\\\/\\\/icrpolska.com\\\/#\\\/schema\\\/person\\\/8601820fc0521fc7bf75ae141134fbfd\"},\"potentialAction\":[{\"@type\":\"SearchAction\",\"target\":{\"@type\":\"EntryPoint\",\"urlTemplate\":\"https:\\\/\\\/icrpolska.com\\\/?s={search_term_string}\"},\"query-input\":{\"@type\":\"PropertyValueSpecification\",\"valueRequired\":true,\"valueName\":\"search_term_string\"}}],\"inLanguage\":\"et\"},{\"@type\":[\"Person\",\"Organization\"],\"@id\":\"https:\\\/\\\/icrpolska.com\\\/#\\\/schema\\\/person\\\/8601820fc0521fc7bf75ae141134fbfd\",\"name\":\"admin\",\"image\":{\"@type\":\"ImageObject\",\"inLanguage\":\"et\",\"@id\":\"https:\\\/\\\/icrpolska.com\\\/wp-content\\\/uploads\\\/2019\\\/05\\\/cropped-logo-icr.32f04ad5-1-1.png\",\"url\":\"https:\\\/\\\/icrpolska.com\\\/wp-content\\\/uploads\\\/2019\\\/05\\\/cropped-logo-icr.32f04ad5-1-1.png\",\"contentUrl\":\"https:\\\/\\\/icrpolska.com\\\/wp-content\\\/uploads\\\/2019\\\/05\\\/cropped-logo-icr.32f04ad5-1-1.png\",\"width\":400,\"height\":148,\"caption\":\"admin\"},\"logo\":{\"@id\":\"https:\\\/\\\/icrpolska.com\\\/wp-content\\\/uploads\\\/2019\\\/05\\\/cropped-logo-icr.32f04ad5-1-1.png\"}}]}<\/script>\n<!-- \/ Yoast SEO plugin. -->","yoast_head_json":{"title":"S\u00fcsteemide sertifitseerimine - taotlejale - ICR POOLA - Testimine ja sertifitseerimine","robots":{"index":"index","follow":"follow","max-snippet":"max-snippet:-1","max-image-preview":"max-image-preview:large","max-video-preview":"max-video-preview:-1"},"canonical":"https:\/\/icrpolska.com\/est\/certyfikacja-systemow\/certyfikacja-systemow-dla-wioskodawcy\/","og_locale":"et_EE","og_type":"article","og_title":"Certyfikacja System\u00f3w \u2013 dla Wnioskodawcy - ICR POLSKA - badania i certyfikacja","og_description":"\u00a0Wniosek o certyfikacj\u0119 systemu Wniosek o przeniesienie certyfikacji systemu zarzadzania P-10 Przyjmowanie, ocena i podejmowanie decyzji odno\u015bnie do skarg i odwo\u0142a\u0144 Zasady wykorzystywania certyfikat\u00f3w i znak\u00f3w zgodno\u015bci \u00a0Informacja dla Wnioskodawc\u00f3w &nbsp; Potwierd\u017a certyfikat","og_url":"https:\/\/icrpolska.com\/est\/certyfikacja-systemow\/certyfikacja-systemow-dla-wioskodawcy\/","og_site_name":"ICR POLSKA - badania i certyfikacja","article_modified_time":"2026-03-19T11:01:18+00:00","twitter_card":"summary_large_image","twitter_misc":{"Est. reading time":"2 minutit"},"schema":{"@context":"https:\/\/schema.org","@graph":[{"@type":"WebPage","@id":"https:\/\/icrpolska.com\/certyfikacja-systemow\/certyfikacja-systemow-dla-wioskodawcy\/","url":"https:\/\/icrpolska.com\/certyfikacja-systemow\/certyfikacja-systemow-dla-wioskodawcy\/","name":"S\u00fcsteemide sertifitseerimine - taotlejale - ICR POOLA - Testimine ja sertifitseerimine","isPartOf":{"@id":"https:\/\/icrpolska.com\/#website"},"primaryImageOfPage":{"@id":"https:\/\/icrpolska.com\/certyfikacja-systemow\/certyfikacja-systemow-dla-wioskodawcy\/#primaryimage"},"image":{"@id":"https:\/\/icrpolska.com\/certyfikacja-systemow\/certyfikacja-systemow-dla-wioskodawcy\/#primaryimage"},"thumbnailUrl":"","datePublished":"2019-05-28T15:44:59+00:00","dateModified":"2026-03-19T11:01:18+00:00","breadcrumb":{"@id":"https:\/\/icrpolska.com\/certyfikacja-systemow\/certyfikacja-systemow-dla-wioskodawcy\/#breadcrumb"},"inLanguage":"et","potentialAction":[{"@type":"ReadAction","target":["https:\/\/icrpolska.com\/certyfikacja-systemow\/certyfikacja-systemow-dla-wioskodawcy\/"]}]},{"@type":"ImageObject","inLanguage":"et","@id":"https:\/\/icrpolska.com\/certyfikacja-systemow\/certyfikacja-systemow-dla-wioskodawcy\/#primaryimage","url":"","contentUrl":""},{"@type":"BreadcrumbList","@id":"https:\/\/icrpolska.com\/certyfikacja-systemow\/certyfikacja-systemow-dla-wioskodawcy\/#breadcrumb","itemListElement":[{"@type":"ListItem","position":1,"name":"Strona g\u0142\u00f3wna","item":"https:\/\/icrpolska.com\/"},{"@type":"ListItem","position":2,"name":"Certyfikacja system\u00f3w ISO","item":"https:\/\/icrpolska.com\/certyfikacja-systemow\/"},{"@type":"ListItem","position":3,"name":"Certyfikacja System\u00f3w \u2013 dla Wnioskodawcy"}]},{"@type":"WebSite","@id":"https:\/\/icrpolska.com\/#website","url":"https:\/\/icrpolska.com\/","name":"ICR POLA - katsetamine ja sertifitseerimine","description":"CE sertifitseerimine, CE sertifikaat, ISO sertifikaat, RED testimine, toodete testimine ja sertifitseerimine, elektritoodete testimine, meditsiiniseadmete testimine, ATEX, IECEx, FCC, toodete sertifitseerimine, EMC testimine, masinate sertifitseerimine, CE masinad, koolitus, elektrooniliste toodete testimine, testimine 2014\/53\/EL, droonide sertifitseerimine, ISO 13485 sertifikaat, ISO 9001 sertifikaat, NC RfG, CPR","publisher":{"@id":"https:\/\/icrpolska.com\/#\/schema\/person\/8601820fc0521fc7bf75ae141134fbfd"},"potentialAction":[{"@type":"SearchAction","target":{"@type":"EntryPoint","urlTemplate":"https:\/\/icrpolska.com\/?s={search_term_string}"},"query-input":{"@type":"PropertyValueSpecification","valueRequired":true,"valueName":"search_term_string"}}],"inLanguage":"et"},{"@type":["Person","Organization"],"@id":"https:\/\/icrpolska.com\/#\/schema\/person\/8601820fc0521fc7bf75ae141134fbfd","name":"admin","image":{"@type":"ImageObject","inLanguage":"et","@id":"https:\/\/icrpolska.com\/wp-content\/uploads\/2019\/05\/cropped-logo-icr.32f04ad5-1-1.png","url":"https:\/\/icrpolska.com\/wp-content\/uploads\/2019\/05\/cropped-logo-icr.32f04ad5-1-1.png","contentUrl":"https:\/\/icrpolska.com\/wp-content\/uploads\/2019\/05\/cropped-logo-icr.32f04ad5-1-1.png","width":400,"height":148,"caption":"admin"},"logo":{"@id":"https:\/\/icrpolska.com\/wp-content\/uploads\/2019\/05\/cropped-logo-icr.32f04ad5-1-1.png"}}]}},"_links":{"self":[{"href":"https:\/\/icrpolska.com\/est\/wp-json\/wp\/v2\/pages\/2130","targetHints":{"allow":["GET"]}}],"collection":[{"href":"https:\/\/icrpolska.com\/est\/wp-json\/wp\/v2\/pages"}],"about":[{"href":"https:\/\/icrpolska.com\/est\/wp-json\/wp\/v2\/types\/page"}],"author":[{"embeddable":true,"href":"https:\/\/icrpolska.com\/est\/wp-json\/wp\/v2\/users\/1"}],"replies":[{"embeddable":true,"href":"https:\/\/icrpolska.com\/est\/wp-json\/wp\/v2\/comments?post=2130"}],"version-history":[{"count":35,"href":"https:\/\/icrpolska.com\/est\/wp-json\/wp\/v2\/pages\/2130\/revisions"}],"predecessor-version":[{"id":17427,"href":"https:\/\/icrpolska.com\/est\/wp-json\/wp\/v2\/pages\/2130\/revisions\/17427"}],"up":[{"embeddable":true,"href":"https:\/\/icrpolska.com\/est\/wp-json\/wp\/v2\/pages\/162"}],"wp:featuredmedia":[{"embeddable":true,"href":"https:\/\/icrpolska.com\/est\/wp-json\/"}],"wp:attachment":[{"href":"https:\/\/icrpolska.com\/est\/wp-json\/wp\/v2\/media?parent=2130"}],"curies":[{"name":"wp","href":"https:\/\/api.w.org\/{rel}","templated":true}]}}