{"id":2364,"date":"2019-05-31T15:27:13","date_gmt":"2019-05-31T13:27:13","guid":{"rendered":"http:\/\/nowa.icrpolska.com\/?page_id=2364"},"modified":"2026-03-25T15:25:08","modified_gmt":"2026-03-25T14:25:08","slug":"certyfikacja-wyrobow-dla-wnioskodawcy","status":"publish","type":"page","link":"https:\/\/icrpolska.com\/est\/certyfikacja-wyrobow\/certyfikacja-wyrobow-dla-wnioskodawcy\/","title":{"rendered":"Toote sertifitseerimine - Taotleja jaoks"},"content":{"rendered":"<p><a href=\"https:\/\/icrpolska.com\/wp-content\/uploads\/2019\/06\/Wniosek-o-certyfikacj%C4%99-systemu.docx\"><img decoding=\"async\" class=\"alignnone wp-image-2678\" src=\"https:\/\/icrpolska.com\/wp-content\/uploads\/2019\/06\/word.jpg\" sizes=\"(max-width: 20px) 100vw, 20px\" srcset=\"https:\/\/icrpolska.com\/wp-content\/uploads\/2019\/06\/word.jpg 208w, https:\/\/icrpolska.com\/wp-content\/uploads\/2019\/06\/word-150x150.jpg 150w\" alt=\"\" width=\"20\" height=\"20\" \/><\/a><a href=\"https:\/\/icrpolska.com\/wp-content\/uploads\/2022\/10\/F-P-07-01_3.docx\" target=\"_blank\" rel=\"noopener noreferrer\">\u00a0Taotlus_taotlus_Vabatahtlik sertifitseerimine<\/a><\/p>\n<p><a href=\"https:\/\/icrpolska.com\/wp-content\/uploads\/2019\/06\/Wniosek-o-certyfikacj%C4%99-systemu.docx\"><img decoding=\"async\" class=\"alignnone wp-image-2678\" src=\"https:\/\/icrpolska.com\/wp-content\/uploads\/2019\/06\/word.jpg\" sizes=\"(max-width: 20px) 100vw, 20px\" srcset=\"https:\/\/icrpolska.com\/wp-content\/uploads\/2019\/06\/word.jpg 208w, https:\/\/icrpolska.com\/wp-content\/uploads\/2019\/06\/word-150x150.jpg 150w\" alt=\"\" width=\"20\" height=\"20\" \/><\/a><a href=\"https:\/\/icrpolska.com\/wp-content\/uploads\/2024\/03\/F-P-07-02_9.docx\" target=\"_blank\" rel=\"noopener noreferrer\">\u00a0Taotlus_taotlus_kohustuslik hindamine<\/a><\/p>\n<p><img decoding=\"async\" class=\"alignnone wp-image-2678\" src=\"http:\/\/icrpolska.com\/wp-content\/uploads\/2019\/06\/word.jpg\" alt=\"\" width=\"20\" height=\"20\" srcset=\"https:\/\/icrpolska.com\/wp-content\/uploads\/2019\/06\/word.jpg 208w, https:\/\/icrpolska.com\/wp-content\/uploads\/2019\/06\/word-150x150.jpg 150w\" sizes=\"(max-width: 20px) 100vw, 20px\" \/> <a href=\"https:\/\/icrpolska.com\/wp-content\/uploads\/2020\/12\/F-P-07-28.docx\" target=\"_blank\" rel=\"noopener noreferrer\">Taotlus tootmisprotsessi\/toote kvaliteedi kinnitamiseks<\/a> (EN ISO 80079-34)<\/p>\n<p><a href=\"https:\/\/icrpolska.com\/wp-content\/uploads\/2019\/06\/Wniosek-o-certyfikacj%C4%99-systemu.docx\"><img decoding=\"async\" class=\"alignnone wp-image-2678\" src=\"https:\/\/icrpolska.com\/wp-content\/uploads\/2019\/06\/word.jpg\" sizes=\"(max-width: 20px) 100vw, 20px\" srcset=\"https:\/\/icrpolska.com\/wp-content\/uploads\/2019\/06\/word.jpg 208w, https:\/\/icrpolska.com\/wp-content\/uploads\/2019\/06\/word-150x150.jpg 150w\" alt=\"\" width=\"20\" height=\"20\" \/><\/a> <a href=\"https:\/\/icrpolska.com\/wp-content\/uploads\/2020\/10\/F-P-07-03-2E-Wniosek-Application-on-TCF-storage.docx\">Registripidamise taotlus (2014\/34\/EL - moodul A+)<\/a><\/p>\n<p><a href=\"https:\/\/icrpolska.com\/wp-content\/uploads\/2022\/11\/F-P-07-01-1-1-wniosek-o-przeprowadzenie-oceny-sprzetu-2016-631.docx\" target=\"_blank\" rel=\"noopener\"><img decoding=\"async\" class=\"alignnone wp-image-2678\" src=\"https:\/\/icrpolska.com\/wp-content\/uploads\/2019\/06\/word.jpg\" sizes=\"(max-width: 20px) 100vw, 20px\" srcset=\"https:\/\/icrpolska.com\/wp-content\/uploads\/2019\/06\/word.jpg 208w, https:\/\/icrpolska.com\/wp-content\/uploads\/2019\/06\/word-150x150.jpg 150w\" alt=\"\" width=\"20\" height=\"20\" \/><\/a> <a href=\"https:\/\/icrpolska.com\/wp-content\/uploads\/2026\/01\/F-P-07-01-1-3-wniosek-o-przeprowadzenie-oceny-sprzetu-2016-631.docx\" target=\"_blank\" rel=\"noopener\">Taotlus seadmete hindamiseks (m\u00e4\u00e4rus (EL) 2016\/631)<\/a><\/p>\n<p><a href=\"https:\/\/icrpolska.com\/wp-content\/uploads\/2022\/11\/F-P-07-01-1-1-wniosek-o-przeprowadzenie-oceny-sprzetu-2016-631.docx\" target=\"_blank\" rel=\"noopener\"><img decoding=\"async\" class=\"alignnone wp-image-2678\" src=\"https:\/\/icrpolska.com\/wp-content\/uploads\/2019\/06\/word.jpg\" sizes=\"(max-width: 20px) 100vw, 20px\" srcset=\"https:\/\/icrpolska.com\/wp-content\/uploads\/2019\/06\/word.jpg 208w, https:\/\/icrpolska.com\/wp-content\/uploads\/2019\/06\/word-150x150.jpg 150w\" alt=\"\" width=\"20\" height=\"20\" \/><\/a> <a href=\"https:\/\/icrpolska.com\/wp-content\/uploads\/2026\/03\/F-P-07-02-Wniosek-Application_CPR.docx\">Tootmiskontrolli tehase vastavussertifikaadi taotlus - s\u00fcsteem 2+<\/a><\/p>\n<p><strong>Kui kasutatakse eri keeltes olevaid dokumente, kinnitab ICR Poola nende sisulist ja t\u00e4henduslikku vastavust.<\/strong><\/p>\n<p><a href=\"https:\/\/icrpolska.com\/wp-content\/uploads\/2019\/06\/Program-oceny-zgodno\u015bci-w-zakresie-MD.pdf\" target=\"_blank\" rel=\"noopener noreferrer\"><img decoding=\"async\" class=\"wp-image-2679 alignnone\" src=\"https:\/\/icrpolska.com\/wp-content\/uploads\/2019\/06\/adobe.jpg\" alt=\"\" width=\"20\" height=\"21\" srcset=\"https:\/\/icrpolska.com\/wp-content\/uploads\/2019\/06\/adobe.jpg 218w, https:\/\/icrpolska.com\/wp-content\/uploads\/2019\/06\/adobe-150x150.jpg 150w\" sizes=\"(max-width: 20px) 100vw, 20px\" \/><\/a><a href=\"https:\/\/icrpolska.com\/wp-content\/uploads\/2021\/01\/PC-P-07-03_16.pdf\" target=\"_blank\" rel=\"noopener noreferrer\">\u00a0MD vastavushindamisprogramm (2006\/42\/E\u00dc)<\/a> + <a href=\"https:\/\/icrpolska.com\/wp-content\/uploads\/2023\/11\/F-P-07-36_05a_MD.pdf\" target=\"_blank\" rel=\"noopener noreferrer\">tehniliste n\u00e4itajate loetelu<\/a><\/p>\n<p><a href=\"https:\/\/icrpolska.com\/wp-content\/uploads\/2019\/06\/Program-oceny-zgodno\u015bci-w-zakresie-EMC.pdf\" target=\"_blank\" rel=\"noopener noreferrer\"><img loading=\"lazy\" decoding=\"async\" class=\"alignnone wp-image-2679\" src=\"https:\/\/icrpolska.com\/wp-content\/uploads\/2019\/06\/adobe.jpg\" alt=\"\" width=\"20\" height=\"21\" srcset=\"https:\/\/icrpolska.com\/wp-content\/uploads\/2019\/06\/adobe.jpg 218w, https:\/\/icrpolska.com\/wp-content\/uploads\/2019\/06\/adobe-150x150.jpg 150w\" sizes=\"(max-width: 20px) 100vw, 20px\" \/><\/a><a href=\"https:\/\/icrpolska.com\/wp-content\/uploads\/2025\/06\/PC-P-07-02-Program-oceny-EMC_2-kol-15.pdf\" target=\"_blank\" rel=\"noopener noreferrer\"> EMC vastavushindamise programm (2014\/30\/EL)<\/a> + <a href=\"https:\/\/icrpolska.com\/wp-content\/uploads\/2025\/06\/F-P-07-34_6.pdf\" target=\"_blank\" rel=\"noopener noreferrer\">tehniliste n\u00e4itajate loetelu<\/a><\/p>\n<p><img loading=\"lazy\" decoding=\"async\" class=\"alignnone wp-image-2679\" src=\"https:\/\/icrpolska.com\/wp-content\/uploads\/2019\/06\/adobe.jpg\" alt=\"\" width=\"20\" height=\"21\" srcset=\"https:\/\/icrpolska.com\/wp-content\/uploads\/2019\/06\/adobe.jpg 218w, https:\/\/icrpolska.com\/wp-content\/uploads\/2019\/06\/adobe-150x150.jpg 150w\" sizes=\"(max-width: 20px) 100vw, 20px\" \/>\u00a0<a href=\"https:\/\/icrpolska.com\/wp-content\/uploads\/2025\/06\/PC-P-07-05-Program-oceny-zgodnosci-2-kol-10.pdf\" target=\"_blank\" rel=\"noopener noreferrer\">RED vastavushindamisprogramm (2014\/53\/EL)<\/a>\u00a0+ <a href=\"https:\/\/icrpolska.com\/wp-content\/uploads\/2025\/09\/F-P-07-31_20.pdf\" target=\"_blank\" rel=\"noopener noreferrer\">tehniliste n\u00e4itajate loetelu<\/a><\/p>\n<p><a href=\"https:\/\/icrpolska.com\/wp-content\/uploads\/2019\/06\/Program-oceny-zgodno\u015bci-w-zakresie-ATEX.pdf\" target=\"_blank\" rel=\"noopener noreferrer\"><img loading=\"lazy\" decoding=\"async\" class=\"alignnone wp-image-2679\" src=\"https:\/\/icrpolska.com\/wp-content\/uploads\/2019\/06\/adobe.jpg\" alt=\"\" width=\"20\" height=\"21\" srcset=\"https:\/\/icrpolska.com\/wp-content\/uploads\/2019\/06\/adobe.jpg 218w, https:\/\/icrpolska.com\/wp-content\/uploads\/2019\/06\/adobe-150x150.jpg 150w\" sizes=\"(max-width: 20px) 100vw, 20px\" \/><\/a><a href=\"https:\/\/icrpolska.com\/wp-content\/uploads\/2025\/06\/PC-P-07-06-Program-oceny-zgodnosci-2-kol-8.pdf\" target=\"_blank\" rel=\"noopener noreferrer\" data-wp-editing=\"1\">\u00a0ATEXi vastavushindamisprogramm (2014\/34\/EL)<\/a> + <a href=\"https:\/\/icrpolska.com\/wp-content\/uploads\/2022\/06\/F-P-07-35_03_ATEX.pdf\" target=\"_blank\" rel=\"noopener noreferrer\">tehniliste n\u00e4itajate loetelu<\/a><\/p>\n<p><a href=\"https:\/\/icrpolska.com\/wp-content\/uploads\/2019\/06\/Program-oceny-zgodno\u015bci-w-zakresie-ATEX.pdf\" target=\"_blank\" rel=\"noopener noreferrer\"><img loading=\"lazy\" decoding=\"async\" class=\"alignnone wp-image-2679\" src=\"https:\/\/icrpolska.com\/wp-content\/uploads\/2019\/06\/adobe.jpg\" alt=\"\" width=\"20\" height=\"21\" srcset=\"https:\/\/icrpolska.com\/wp-content\/uploads\/2019\/06\/adobe.jpg 218w, https:\/\/icrpolska.com\/wp-content\/uploads\/2019\/06\/adobe-150x150.jpg 150w\" sizes=\"(max-width: 20px) 100vw, 20px\" \/><\/a><a href=\"https:\/\/icrpolska.com\/wp-content\/uploads\/2025\/06\/PC-P-07-09-Program-oceny-zgodnosci-2-kol-3.pdf\" target=\"_blank\" rel=\"noopener noreferrer\" data-wp-editing=\"1\"> BSP\/DRONi vastavushindamisprogramm ((EL) 2019\/945)<\/a> + <a href=\"https:\/\/icrpolska.com\/wp-content\/uploads\/2022\/01\/F-P-07-38-1.pdf\" target=\"_blank\" rel=\"noopener noreferrer\">tehniliste n\u00e4itajate loetelu<\/a><\/p>\n<p><a href=\"https:\/\/icrpolska.com\/wp-content\/uploads\/2022\/11\/PC-P-07-10-2.pdf\" target=\"_blank\" rel=\"noopener noreferrer\"><img loading=\"lazy\" decoding=\"async\" class=\"alignnone wp-image-2679\" src=\"https:\/\/icrpolska.com\/wp-content\/uploads\/2019\/06\/adobe.jpg\" alt=\"\" width=\"20\" height=\"21\" srcset=\"https:\/\/icrpolska.com\/wp-content\/uploads\/2019\/06\/adobe.jpg 218w, https:\/\/icrpolska.com\/wp-content\/uploads\/2019\/06\/adobe-150x150.jpg 150w\" sizes=\"(max-width: 20px) 100vw, 20px\" \/><\/a> <a href=\"https:\/\/icrpolska.com\/wp-content\/uploads\/2025\/06\/PC-P-07-10-6-Program-oceny-zgodnosci-sieci-energetyczne.pdf\" target=\"_blank\" rel=\"noopener\">NC-seadmete vastavushindamisprogramm RfG (EL) 2016\/631<\/a><\/p>\n<p><a href=\"https:\/\/icrpolska.com\/wp-content\/uploads\/2022\/11\/PC-P-07-10-2.pdf\" target=\"_blank\" rel=\"noopener noreferrer\"><img loading=\"lazy\" decoding=\"async\" class=\"alignnone wp-image-2679\" src=\"https:\/\/icrpolska.com\/wp-content\/uploads\/2019\/06\/adobe.jpg\" alt=\"\" width=\"20\" height=\"21\" srcset=\"https:\/\/icrpolska.com\/wp-content\/uploads\/2019\/06\/adobe.jpg 218w, https:\/\/icrpolska.com\/wp-content\/uploads\/2019\/06\/adobe-150x150.jpg 150w\" sizes=\"(max-width: 20px) 100vw, 20px\" \/><\/a> <a href=\"https:\/\/icrpolska.com\/wp-content\/uploads\/2026\/03\/PC-P-07-01-Program-CPR.pdf\">Tehasetootmise kontrolli vastavustunnistuss\u00fcsteem - S\u00fcsteem 2+ - m\u00e4\u00e4rus (EL) 305\/2011<\/a><\/p>\n<p><a href=\"https:\/\/icrpolska.com\/wp-content\/uploads\/2019\/06\/POLITYKA-JAKO%C5%9ACI.pdf\"><img loading=\"lazy\" decoding=\"async\" class=\"alignnone wp-image-2679\" src=\"https:\/\/icrpolska.com\/wp-content\/uploads\/2019\/06\/adobe.jpg\" sizes=\"(max-width: 20px) 100vw, 20px\" srcset=\"https:\/\/icrpolska.com\/wp-content\/uploads\/2019\/06\/adobe.jpg 218w, https:\/\/icrpolska.com\/wp-content\/uploads\/2019\/06\/adobe-150x150.jpg 150w\" alt=\"\" width=\"20\" height=\"21\" \/><\/a><a href=\"https:\/\/icrpolska.com\/wp-content\/uploads\/2026\/02\/PC-P-07-07_PL-EN_23.pdf\" target=\"_blank\" rel=\"noopener noreferrer\">\u00a0Vabatahtlik tootesertifitseerimisprogramm<\/a><\/p>\n<p><a href=\"https:\/\/icrpolska.com\/wp-content\/uploads\/2019\/06\/POLITYKA-JAKO%C5%9ACI.pdf\"><img loading=\"lazy\" decoding=\"async\" class=\"alignnone wp-image-2679\" src=\"https:\/\/icrpolska.com\/wp-content\/uploads\/2019\/06\/adobe.jpg\" sizes=\"(max-width: 20px) 100vw, 20px\" srcset=\"https:\/\/icrpolska.com\/wp-content\/uploads\/2019\/06\/adobe.jpg 218w, https:\/\/icrpolska.com\/wp-content\/uploads\/2019\/06\/adobe-150x150.jpg 150w\" alt=\"\" width=\"20\" height=\"21\" \/><\/a><a href=\"https:\/\/icrpolska.com\/wp-content\/uploads\/2025\/01\/P-10_8.pdf\" target=\"_blank\" rel=\"noopener noreferrer\"> P-10 Kaebuste ja kaebuste vastuv\u00f5tmine, hindamine ja nende kohta otsuste tegemine<\/a><\/p>\n<p><a href=\"https:\/\/icrpolska.com\/wp-content\/uploads\/2022\/01\/P-08.pdf\" target=\"_blank\" rel=\"noopener noreferrer\"><img loading=\"lazy\" decoding=\"async\" class=\"alignnone wp-image-2679\" src=\"https:\/\/icrpolska.com\/wp-content\/uploads\/2019\/06\/adobe.jpg\" alt=\"\" width=\"20\" height=\"21\" srcset=\"https:\/\/icrpolska.com\/wp-content\/uploads\/2019\/06\/adobe.jpg 218w, https:\/\/icrpolska.com\/wp-content\/uploads\/2019\/06\/adobe-150x150.jpg 150w\" sizes=\"(max-width: 20px) 100vw, 20px\" \/><\/a><a href=\"https:\/\/icrpolska.com\/wp-content\/uploads\/2024\/10\/P-08-Zasady-wykorzystywania-znaku-PL_ENG.pdf\"> Sertifikaatide ja vastavusm\u00e4rgiste kasutamise eeskirjad<\/a><\/p>\n<p><a href=\"https:\/\/icrpolska.com\/wp-content\/uploads\/2019\/06\/POLITYKA-JAKO%C5%9ACI.pdf\"><img loading=\"lazy\" decoding=\"async\" class=\"alignnone wp-image-2679\" src=\"https:\/\/icrpolska.com\/wp-content\/uploads\/2019\/06\/adobe.jpg\" sizes=\"(max-width: 20px) 100vw, 20px\" srcset=\"https:\/\/icrpolska.com\/wp-content\/uploads\/2019\/06\/adobe.jpg 218w, https:\/\/icrpolska.com\/wp-content\/uploads\/2019\/06\/adobe-150x150.jpg 150w\" alt=\"\" width=\"20\" height=\"21\" \/><\/a><a href=\"https:\/\/icrpolska.com\/wp-content\/uploads\/2024\/10\/Informacja-dla-wnioskodawcow.pdf\" target=\"_blank\" rel=\"noopener noreferrer\">\u00a0Teave taotlejatele<\/a><\/p>\n<p>&nbsp;<\/p>\n<p><img loading=\"lazy\" decoding=\"async\" class=\"alignnone wp-image-3362\" src=\"https:\/\/icrpolska.com\/wp-content\/uploads\/2019\/06\/Email-icon-e1560506652454.png\" alt=\"\" width=\"28\" height=\"20\" \/> <a href=\"https:\/\/cert.icrpolska.com\">Kontrollida sertifikaadi staatust<\/a><\/p>","protected":false},"excerpt":{"rendered":"<p>\u00a0Taotlus_taotlus_Vabatahtlik sertifitseerimine Taotlus_taotlus_kohustuslik hindamine Taotlus tootmisprotsessi\/tootekvaliteedi kvaliteedi kinnitamiseks (EN ISO 80079-34) Taotlus arvestuse pidamiseks (2014\/34\/EL - moodul A+) Taotlus seadmete hindamiseks (m\u00e4\u00e4rus (EL) 2016\/631) Taotlus tehase tootmisohje n\u00f5uetele vastavuse sertifitseerimiseks - s\u00fcsteem 2+ Kui kasutatakse eri keeltes dokumente, kinnitab ICR Poland nende...&nbsp;<a href=\"https:\/\/icrpolska.com\/est\/certyfikacja-wyrobow\/certyfikacja-wyrobow-dla-wnioskodawcy\/\" rel=\"bookmark\">Loe edasi \"<span class=\"screen-reader-text\">Toote sertifitseerimine - Taotleja jaoks<\/span><\/a><\/p>","protected":false},"author":1,"featured_media":2355,"parent":211,"menu_order":0,"comment_status":"closed","ping_status":"closed","template":"","meta":{"neve_meta_sidebar":"","neve_meta_container":"","neve_meta_enable_content_width":"off","neve_meta_content_width":70,"neve_meta_title_alignment":"","neve_meta_author_avatar":"","neve_post_elements_order":"","neve_meta_disable_header":"","neve_meta_disable_footer":"","neve_meta_disable_title":"","footnotes":""},"class_list":["post-2364","page","type-page","status-publish","has-post-thumbnail","hentry"],"yoast_head":"<!-- This site is optimized with the Yoast SEO plugin v27.3 - https:\/\/yoast.com\/product\/yoast-seo-wordpress\/ -->\n<title>Certyfikacja Wyrob\u00f3w - Dla Wnioskodawcy - ICR POLSKA - badania i certyfikacja<\/title>\n<meta name=\"robots\" content=\"index, follow, max-snippet:-1, max-image-preview:large, max-video-preview:-1\" \/>\n<link rel=\"canonical\" href=\"https:\/\/icrpolska.com\/est\/certyfikacja-wyrobow\/certyfikacja-wyrobow-dla-wnioskodawcy\/\" \/>\n<meta property=\"og:locale\" content=\"et_EE\" \/>\n<meta property=\"og:type\" content=\"article\" \/>\n<meta property=\"og:title\" content=\"Certyfikacja Wyrob\u00f3w - Dla Wnioskodawcy - ICR POLSKA - badania i certyfikacja\" \/>\n<meta property=\"og:description\" content=\"\u00a0Wniosek_Application_Voluntary Certification \u00a0Wniosek_Application_Mandatory Assessment Wniosek o potwierdzenie jako\u015bci procesu produkcji \/ jako\u015bci produktu (EN ISO 80079-34) Wniosek o przechowywanie dokumentacji (2014\/34\/UE &#8211; Modu\u0142 A+) Wniosek o przeprowadzenie oceny sprz\u0119tu (Rozporz\u0105dzenie (UE) 2016\/631) Wniosek o przeprowadzenie procesu certyfikacji zgodno\u015bci zak\u0142adowej kontroli produkcji \u2013 system 2+ W przypadku wykorzystywania dokument\u00f3w w r\u00f3\u017cnych j\u0119zykach, ICR Polska potwierdza ich&hellip;&nbsp;Read More &raquo;Certyfikacja Wyrob\u00f3w &#8211; Dla Wnioskodawcy\" \/>\n<meta property=\"og:url\" content=\"https:\/\/icrpolska.com\/est\/certyfikacja-wyrobow\/certyfikacja-wyrobow-dla-wnioskodawcy\/\" \/>\n<meta property=\"og:site_name\" content=\"ICR POLSKA - badania i certyfikacja\" \/>\n<meta property=\"article:modified_time\" content=\"2026-03-25T14:25:08+00:00\" \/>\n<meta property=\"og:image\" content=\"https:\/\/icrpolska.com\/wp-content\/uploads\/2019\/05\/dla-wnioskodawcy-2.jpg\" \/>\n\t<meta property=\"og:image:width\" content=\"600\" \/>\n\t<meta property=\"og:image:height\" content=\"475\" \/>\n\t<meta property=\"og:image:type\" content=\"image\/jpeg\" \/>\n<meta name=\"twitter:card\" content=\"summary_large_image\" \/>\n<meta name=\"twitter:label1\" content=\"Est. reading time\" \/>\n\t<meta name=\"twitter:data1\" content=\"5 minutit\" \/>\n<script type=\"application\/ld+json\" class=\"yoast-schema-graph\">{\"@context\":\"https:\\\/\\\/schema.org\",\"@graph\":[{\"@type\":\"WebPage\",\"@id\":\"https:\\\/\\\/icrpolska.com\\\/certyfikacja-wyrobow\\\/certyfikacja-wyrobow-dla-wnioskodawcy\\\/\",\"url\":\"https:\\\/\\\/icrpolska.com\\\/certyfikacja-wyrobow\\\/certyfikacja-wyrobow-dla-wnioskodawcy\\\/\",\"name\":\"Certyfikacja Wyrob\u00f3w - Dla Wnioskodawcy - ICR POLSKA - badania i certyfikacja\",\"isPartOf\":{\"@id\":\"https:\\\/\\\/icrpolska.com\\\/#website\"},\"primaryImageOfPage\":{\"@id\":\"https:\\\/\\\/icrpolska.com\\\/certyfikacja-wyrobow\\\/certyfikacja-wyrobow-dla-wnioskodawcy\\\/#primaryimage\"},\"image\":{\"@id\":\"https:\\\/\\\/icrpolska.com\\\/certyfikacja-wyrobow\\\/certyfikacja-wyrobow-dla-wnioskodawcy\\\/#primaryimage\"},\"thumbnailUrl\":\"https:\\\/\\\/icrpolska.com\\\/wp-content\\\/uploads\\\/2019\\\/05\\\/dla-wnioskodawcy-2.jpg\",\"datePublished\":\"2019-05-31T13:27:13+00:00\",\"dateModified\":\"2026-03-25T14:25:08+00:00\",\"breadcrumb\":{\"@id\":\"https:\\\/\\\/icrpolska.com\\\/certyfikacja-wyrobow\\\/certyfikacja-wyrobow-dla-wnioskodawcy\\\/#breadcrumb\"},\"inLanguage\":\"et\",\"potentialAction\":[{\"@type\":\"ReadAction\",\"target\":[\"https:\\\/\\\/icrpolska.com\\\/certyfikacja-wyrobow\\\/certyfikacja-wyrobow-dla-wnioskodawcy\\\/\"]}]},{\"@type\":\"ImageObject\",\"inLanguage\":\"et\",\"@id\":\"https:\\\/\\\/icrpolska.com\\\/certyfikacja-wyrobow\\\/certyfikacja-wyrobow-dla-wnioskodawcy\\\/#primaryimage\",\"url\":\"https:\\\/\\\/icrpolska.com\\\/wp-content\\\/uploads\\\/2019\\\/05\\\/dla-wnioskodawcy-2.jpg\",\"contentUrl\":\"https:\\\/\\\/icrpolska.com\\\/wp-content\\\/uploads\\\/2019\\\/05\\\/dla-wnioskodawcy-2.jpg\",\"width\":600,\"height\":475},{\"@type\":\"BreadcrumbList\",\"@id\":\"https:\\\/\\\/icrpolska.com\\\/certyfikacja-wyrobow\\\/certyfikacja-wyrobow-dla-wnioskodawcy\\\/#breadcrumb\",\"itemListElement\":[{\"@type\":\"ListItem\",\"position\":1,\"name\":\"Strona g\u0142\u00f3wna\",\"item\":\"https:\\\/\\\/icrpolska.com\\\/\"},{\"@type\":\"ListItem\",\"position\":2,\"name\":\"Certyfikacja wyrob\u00f3w\",\"item\":\"https:\\\/\\\/icrpolska.com\\\/certyfikacja-wyrobow\\\/\"},{\"@type\":\"ListItem\",\"position\":3,\"name\":\"Certyfikacja Wyrob\u00f3w &#8211; Dla Wnioskodawcy\"}]},{\"@type\":\"WebSite\",\"@id\":\"https:\\\/\\\/icrpolska.com\\\/#website\",\"url\":\"https:\\\/\\\/icrpolska.com\\\/\",\"name\":\"ICR POLSKA - badania i certyfikacja\",\"description\":\"CE certification, CE certificate, ISO certificate, RED testing, product testing and certification, electrical product testing, medical device testing, ATEX, IECEx, FCC, product certification, EMC testing, machinery certification, CE machines, training, electronic product testing, testing 2014\\\/53\\\/EU, drone certification, ISO 13485 certificate, ISO 9001 certificate, NC RfG, CPR\",\"publisher\":{\"@id\":\"https:\\\/\\\/icrpolska.com\\\/#\\\/schema\\\/person\\\/8601820fc0521fc7bf75ae141134fbfd\"},\"potentialAction\":[{\"@type\":\"SearchAction\",\"target\":{\"@type\":\"EntryPoint\",\"urlTemplate\":\"https:\\\/\\\/icrpolska.com\\\/?s={search_term_string}\"},\"query-input\":{\"@type\":\"PropertyValueSpecification\",\"valueRequired\":true,\"valueName\":\"search_term_string\"}}],\"inLanguage\":\"et\"},{\"@type\":[\"Person\",\"Organization\"],\"@id\":\"https:\\\/\\\/icrpolska.com\\\/#\\\/schema\\\/person\\\/8601820fc0521fc7bf75ae141134fbfd\",\"name\":\"admin\",\"image\":{\"@type\":\"ImageObject\",\"inLanguage\":\"et\",\"@id\":\"https:\\\/\\\/icrpolska.com\\\/wp-content\\\/uploads\\\/2019\\\/05\\\/cropped-logo-icr.32f04ad5-1-1.png\",\"url\":\"https:\\\/\\\/icrpolska.com\\\/wp-content\\\/uploads\\\/2019\\\/05\\\/cropped-logo-icr.32f04ad5-1-1.png\",\"contentUrl\":\"https:\\\/\\\/icrpolska.com\\\/wp-content\\\/uploads\\\/2019\\\/05\\\/cropped-logo-icr.32f04ad5-1-1.png\",\"width\":400,\"height\":148,\"caption\":\"admin\"},\"logo\":{\"@id\":\"https:\\\/\\\/icrpolska.com\\\/wp-content\\\/uploads\\\/2019\\\/05\\\/cropped-logo-icr.32f04ad5-1-1.png\"}}]}<\/script>\n<!-- \/ Yoast SEO plugin. -->","yoast_head_json":{"title":"Toote sertifitseerimine - Taotleja jaoks - ICR POLA - katsetamine ja sertifitseerimine","robots":{"index":"index","follow":"follow","max-snippet":"max-snippet:-1","max-image-preview":"max-image-preview:large","max-video-preview":"max-video-preview:-1"},"canonical":"https:\/\/icrpolska.com\/est\/certyfikacja-wyrobow\/certyfikacja-wyrobow-dla-wnioskodawcy\/","og_locale":"et_EE","og_type":"article","og_title":"Certyfikacja Wyrob\u00f3w - Dla Wnioskodawcy - ICR POLSKA - badania i certyfikacja","og_description":"\u00a0Wniosek_Application_Voluntary Certification \u00a0Wniosek_Application_Mandatory Assessment Wniosek o potwierdzenie jako\u015bci procesu produkcji \/ jako\u015bci produktu (EN ISO 80079-34) Wniosek o przechowywanie dokumentacji (2014\/34\/UE &#8211; Modu\u0142 A+) Wniosek o przeprowadzenie oceny sprz\u0119tu (Rozporz\u0105dzenie (UE) 2016\/631) Wniosek o przeprowadzenie procesu certyfikacji zgodno\u015bci zak\u0142adowej kontroli produkcji \u2013 system 2+ W przypadku wykorzystywania dokument\u00f3w w r\u00f3\u017cnych j\u0119zykach, ICR Polska potwierdza ich&hellip;&nbsp;Read More &raquo;Certyfikacja Wyrob\u00f3w &#8211; Dla Wnioskodawcy","og_url":"https:\/\/icrpolska.com\/est\/certyfikacja-wyrobow\/certyfikacja-wyrobow-dla-wnioskodawcy\/","og_site_name":"ICR POLSKA - badania i certyfikacja","article_modified_time":"2026-03-25T14:25:08+00:00","og_image":[{"width":600,"height":475,"url":"https:\/\/icrpolska.com\/wp-content\/uploads\/2019\/05\/dla-wnioskodawcy-2.jpg","type":"image\/jpeg"}],"twitter_card":"summary_large_image","twitter_misc":{"Est. reading time":"5 minutit"},"schema":{"@context":"https:\/\/schema.org","@graph":[{"@type":"WebPage","@id":"https:\/\/icrpolska.com\/certyfikacja-wyrobow\/certyfikacja-wyrobow-dla-wnioskodawcy\/","url":"https:\/\/icrpolska.com\/certyfikacja-wyrobow\/certyfikacja-wyrobow-dla-wnioskodawcy\/","name":"Toote sertifitseerimine - Taotleja jaoks - ICR POLA - katsetamine ja sertifitseerimine","isPartOf":{"@id":"https:\/\/icrpolska.com\/#website"},"primaryImageOfPage":{"@id":"https:\/\/icrpolska.com\/certyfikacja-wyrobow\/certyfikacja-wyrobow-dla-wnioskodawcy\/#primaryimage"},"image":{"@id":"https:\/\/icrpolska.com\/certyfikacja-wyrobow\/certyfikacja-wyrobow-dla-wnioskodawcy\/#primaryimage"},"thumbnailUrl":"https:\/\/icrpolska.com\/wp-content\/uploads\/2019\/05\/dla-wnioskodawcy-2.jpg","datePublished":"2019-05-31T13:27:13+00:00","dateModified":"2026-03-25T14:25:08+00:00","breadcrumb":{"@id":"https:\/\/icrpolska.com\/certyfikacja-wyrobow\/certyfikacja-wyrobow-dla-wnioskodawcy\/#breadcrumb"},"inLanguage":"et","potentialAction":[{"@type":"ReadAction","target":["https:\/\/icrpolska.com\/certyfikacja-wyrobow\/certyfikacja-wyrobow-dla-wnioskodawcy\/"]}]},{"@type":"ImageObject","inLanguage":"et","@id":"https:\/\/icrpolska.com\/certyfikacja-wyrobow\/certyfikacja-wyrobow-dla-wnioskodawcy\/#primaryimage","url":"https:\/\/icrpolska.com\/wp-content\/uploads\/2019\/05\/dla-wnioskodawcy-2.jpg","contentUrl":"https:\/\/icrpolska.com\/wp-content\/uploads\/2019\/05\/dla-wnioskodawcy-2.jpg","width":600,"height":475},{"@type":"BreadcrumbList","@id":"https:\/\/icrpolska.com\/certyfikacja-wyrobow\/certyfikacja-wyrobow-dla-wnioskodawcy\/#breadcrumb","itemListElement":[{"@type":"ListItem","position":1,"name":"Strona g\u0142\u00f3wna","item":"https:\/\/icrpolska.com\/"},{"@type":"ListItem","position":2,"name":"Certyfikacja wyrob\u00f3w","item":"https:\/\/icrpolska.com\/certyfikacja-wyrobow\/"},{"@type":"ListItem","position":3,"name":"Certyfikacja Wyrob\u00f3w &#8211; Dla Wnioskodawcy"}]},{"@type":"WebSite","@id":"https:\/\/icrpolska.com\/#website","url":"https:\/\/icrpolska.com\/","name":"ICR POLA - katsetamine ja sertifitseerimine","description":"CE sertifitseerimine, CE sertifikaat, ISO sertifikaat, RED testimine, toodete testimine ja sertifitseerimine, elektritoodete testimine, meditsiiniseadmete testimine, ATEX, IECEx, FCC, toodete sertifitseerimine, EMC testimine, masinate sertifitseerimine, CE masinad, koolitus, elektrooniliste toodete testimine, testimine 2014\/53\/EL, droonide sertifitseerimine, ISO 13485 sertifikaat, ISO 9001 sertifikaat, NC RfG, CPR","publisher":{"@id":"https:\/\/icrpolska.com\/#\/schema\/person\/8601820fc0521fc7bf75ae141134fbfd"},"potentialAction":[{"@type":"SearchAction","target":{"@type":"EntryPoint","urlTemplate":"https:\/\/icrpolska.com\/?s={search_term_string}"},"query-input":{"@type":"PropertyValueSpecification","valueRequired":true,"valueName":"search_term_string"}}],"inLanguage":"et"},{"@type":["Person","Organization"],"@id":"https:\/\/icrpolska.com\/#\/schema\/person\/8601820fc0521fc7bf75ae141134fbfd","name":"admin","image":{"@type":"ImageObject","inLanguage":"et","@id":"https:\/\/icrpolska.com\/wp-content\/uploads\/2019\/05\/cropped-logo-icr.32f04ad5-1-1.png","url":"https:\/\/icrpolska.com\/wp-content\/uploads\/2019\/05\/cropped-logo-icr.32f04ad5-1-1.png","contentUrl":"https:\/\/icrpolska.com\/wp-content\/uploads\/2019\/05\/cropped-logo-icr.32f04ad5-1-1.png","width":400,"height":148,"caption":"admin"},"logo":{"@id":"https:\/\/icrpolska.com\/wp-content\/uploads\/2019\/05\/cropped-logo-icr.32f04ad5-1-1.png"}}]}},"_links":{"self":[{"href":"https:\/\/icrpolska.com\/est\/wp-json\/wp\/v2\/pages\/2364","targetHints":{"allow":["GET"]}}],"collection":[{"href":"https:\/\/icrpolska.com\/est\/wp-json\/wp\/v2\/pages"}],"about":[{"href":"https:\/\/icrpolska.com\/est\/wp-json\/wp\/v2\/types\/page"}],"author":[{"embeddable":true,"href":"https:\/\/icrpolska.com\/est\/wp-json\/wp\/v2\/users\/1"}],"replies":[{"embeddable":true,"href":"https:\/\/icrpolska.com\/est\/wp-json\/wp\/v2\/comments?post=2364"}],"version-history":[{"count":68,"href":"https:\/\/icrpolska.com\/est\/wp-json\/wp\/v2\/pages\/2364\/revisions"}],"predecessor-version":[{"id":17448,"href":"https:\/\/icrpolska.com\/est\/wp-json\/wp\/v2\/pages\/2364\/revisions\/17448"}],"up":[{"embeddable":true,"href":"https:\/\/icrpolska.com\/est\/wp-json\/wp\/v2\/pages\/211"}],"wp:featuredmedia":[{"embeddable":true,"href":"https:\/\/icrpolska.com\/est\/wp-json\/wp\/v2\/media\/2355"}],"wp:attachment":[{"href":"https:\/\/icrpolska.com\/est\/wp-json\/wp\/v2\/media?parent=2364"}],"curies":[{"name":"wp","href":"https:\/\/api.w.org\/{rel}","templated":true}]}}