{"id":1899,"date":"2019-05-22T06:51:40","date_gmt":"2019-05-22T06:51:40","guid":{"rendered":"http:\/\/icrpolska.e-ksperci.pl\/?page_id=1899"},"modified":"2022-09-07T23:02:26","modified_gmt":"2022-09-07T21:02:26","slug":"iso-9001","status":"publish","type":"page","link":"https:\/\/icrpolska.com\/fr\/certyfikacja-systemow\/iso-9001\/","title":{"rendered":"ISO 9001 - Organisation internationale de normalisation"},"content":{"rendered":"<h2>Qu'est-ce que l'ISO 9001 ?<\/h2>\n<p class=\"translation-block\">L'ISO 9001 est une famille de normes \u00e9tablies par l'ISO (Organisation internationale de normalisation) qui concernent les syst\u00e8mes de gestion de la qualit\u00e9 et sont con\u00e7ues pour aider les organisations \u00e0 r\u00e9pondre aux besoins des clients et des autres <strong>parties prenantes<\/strong>.<\/p>\n<p>La norme ISO 9001 est un syst\u00e8me de certification qui permet de v\u00e9rifier que le syst\u00e8me de gestion de la qualit\u00e9 d'un organisme est conforme \u00e0 la norme ISO 9001. La norme peut couvrir tous les secteurs industriels, concernant non seulement la fabrication, la construction et les services, mais aussi les secteurs de services publics tels que les \u00e9coles.<\/p>\n<h4>Concepts cl\u00e9s de l'ISO 9001<\/h4>\n<ul>\n<li>Confirmation que le syst\u00e8me de gestion de la qualit\u00e9 utilis\u00e9 est certifi\u00e9<\/li>\n<li>Une approche par processus bas\u00e9e sur l'hypoth\u00e8se que toutes les activit\u00e9s de gestion de la qualit\u00e9 sont interconnect\u00e9es et comprennent des intrants et des extrants.<\/li>\n<li>Le syst\u00e8me garantit une am\u00e9lioration continue<\/li>\n<li>Toutes les activit\u00e9s m\u00e8nent \u00e0 la satisfaction du client<\/li>\n<\/ul>\n<h4>Avantages de l'ISO 9001<\/h4>\n<p>\u00c0 l'\u00e8re de la concurrence mondiale illimit\u00e9e et de la pression exerc\u00e9e pour garantir la qualit\u00e9 des produits et des services, la confiance et la responsabilit\u00e9 des produits, toutes les organisations fournissant des produits et des services dans le cadre d'une concurrence intense, tarifaire ou non, mettent au point des syst\u00e8mes de gestion de la qualit\u00e9 qui placent la satisfaction du client au centre de leurs pr\u00e9occupations.<\/p>\n<p>Le syst\u00e8me de gestion de la qualit\u00e9 d\u00e9finit toutes les activit\u00e9s n\u00e9cessaires pour obtenir des r\u00e9sultats coh\u00e9rents pour le client en ce qui concerne le produit ou le service offert. Les principes d'assurance qualit\u00e9 sont \u00e9tablis, document\u00e9s, mis en \u0153uvre et maintenus en vue d'une am\u00e9lioration continue.<\/p>\n<p>La certification ISO 9001 est utilis\u00e9e comme m\u00e9thode d'introduction et de d\u00e9veloppement d'un syst\u00e8me de gestion de la qualit\u00e9.<\/p>","protected":false},"excerpt":{"rendered":"<p>Qu'est-ce que la norme ISO 9001 ? L'ISO 9001 est une famille de normes \u00e9tablies par l'ISO (Organisation internationale de normalisation) qui portent sur les syst\u00e8mes de gestion de la qualit\u00e9 et sont con\u00e7ues pour aider les organismes \u00e0 r\u00e9pondre aux besoins des clients et des autres parties prenantes. ISO 9001 est un syst\u00e8me de certification qui permet de v\u00e9rifier que le syst\u00e8me de gestion de la qualit\u00e9 d'un organisme est conforme \u00e0 la norme ISO...&nbsp;<a href=\"https:\/\/icrpolska.com\/fr\/certyfikacja-systemow\/iso-9001\/\" rel=\"bookmark\">Lire la suite \"<span class=\"screen-reader-text\">ISO 9001 - Organisation internationale de normalisation<\/span><\/a><\/p>","protected":false},"author":1,"featured_media":48,"parent":162,"menu_order":0,"comment_status":"closed","ping_status":"closed","template":"","meta":{"neve_meta_sidebar":"","neve_meta_container":"","neve_meta_enable_content_width":"off","neve_meta_content_width":70,"neve_meta_title_alignment":"","neve_meta_author_avatar":"","neve_post_elements_order":"","neve_meta_disable_header":"","neve_meta_disable_footer":"","neve_meta_disable_title":"","footnotes":""},"class_list":["post-1899","page","type-page","status-publish","has-post-thumbnail","hentry"],"yoast_head":"<!-- This site is optimized with the Yoast SEO plugin v27.3 - https:\/\/yoast.com\/product\/yoast-seo-wordpress\/ -->\n<title>ISO 9001 - International Organization for Standardization - ICR POLSKA - badania i certyfikacja<\/title>\n<meta name=\"robots\" content=\"index, follow, max-snippet:-1, max-image-preview:large, max-video-preview:-1\" \/>\n<link rel=\"canonical\" href=\"https:\/\/icrpolska.com\/fr\/certyfikacja-systemow\/iso-9001\/\" \/>\n<meta property=\"og:locale\" content=\"fr_FR\" \/>\n<meta property=\"og:type\" content=\"article\" \/>\n<meta property=\"og:title\" content=\"ISO 9001 - International Organization for Standardization - ICR POLSKA - badania i certyfikacja\" \/>\n<meta property=\"og:description\" content=\"Czym jest ISO 9001? ISO 9001 to rodzina norm ustanowionych przez ISO (International Organization for Standardization), kt\u00f3re odnosz\u0105 si\u0119 do system\u00f3w zarz\u0105dzania jako\u015bci\u0105 i maj\u0105 na celu pomoc organizacjom w zaspokajaniu potrzeb klient\u00f3w i innych zainteresowanych stron. ISO 9001 jest systemem zapewnienia certyfikacji przez sprawdzanie, czy system zarz\u0105dzania jako\u015bci\u0105 organizacji jest zgodny z norm\u0105 ISO&hellip;&nbsp;Lire la suite &raquo;ISO 9001 &#8211; International Organization for Standardization\" \/>\n<meta property=\"og:url\" content=\"https:\/\/icrpolska.com\/fr\/certyfikacja-systemow\/iso-9001\/\" \/>\n<meta property=\"og:site_name\" content=\"ICR POLSKA - badania i certyfikacja\" \/>\n<meta property=\"article:modified_time\" content=\"2022-09-07T21:02:26+00:00\" \/>\n<meta property=\"og:image\" content=\"https:\/\/icrpolska.com\/wp-content\/uploads\/2019\/05\/screencapture-icrpolska-e-ksperci-pl-systemy-2019-04-17-17_07_18-e1555513756585.png\" \/>\n\t<meta property=\"og:image:width\" content=\"664\" \/>\n\t<meta property=\"og:image:height\" content=\"621\" \/>\n\t<meta property=\"og:image:type\" content=\"image\/png\" \/>\n<meta name=\"twitter:card\" content=\"summary_large_image\" \/>\n<meta name=\"twitter:label1\" content=\"Dur\u00e9e de lecture estim\u00e9e\" \/>\n\t<meta name=\"twitter:data1\" content=\"2 minutes\" \/>\n<script type=\"application\/ld+json\" class=\"yoast-schema-graph\">{\"@context\":\"https:\\\/\\\/schema.org\",\"@graph\":[{\"@type\":\"WebPage\",\"@id\":\"https:\\\/\\\/icrpolska.com\\\/certyfikacja-systemow\\\/iso-9001\\\/\",\"url\":\"https:\\\/\\\/icrpolska.com\\\/certyfikacja-systemow\\\/iso-9001\\\/\",\"name\":\"ISO 9001 - International Organization for Standardization - ICR POLSKA - badania i certyfikacja\",\"isPartOf\":{\"@id\":\"https:\\\/\\\/icrpolska.com\\\/#website\"},\"primaryImageOfPage\":{\"@id\":\"https:\\\/\\\/icrpolska.com\\\/certyfikacja-systemow\\\/iso-9001\\\/#primaryimage\"},\"image\":{\"@id\":\"https:\\\/\\\/icrpolska.com\\\/certyfikacja-systemow\\\/iso-9001\\\/#primaryimage\"},\"thumbnailUrl\":\"https:\\\/\\\/icrpolska.com\\\/wp-content\\\/uploads\\\/2019\\\/05\\\/screencapture-icrpolska-e-ksperci-pl-systemy-2019-04-17-17_07_18-e1555513756585.png\",\"datePublished\":\"2019-05-22T06:51:40+00:00\",\"dateModified\":\"2022-09-07T21:02:26+00:00\",\"breadcrumb\":{\"@id\":\"https:\\\/\\\/icrpolska.com\\\/certyfikacja-systemow\\\/iso-9001\\\/#breadcrumb\"},\"inLanguage\":\"fr-FR\",\"potentialAction\":[{\"@type\":\"ReadAction\",\"target\":[\"https:\\\/\\\/icrpolska.com\\\/certyfikacja-systemow\\\/iso-9001\\\/\"]}]},{\"@type\":\"ImageObject\",\"inLanguage\":\"fr-FR\",\"@id\":\"https:\\\/\\\/icrpolska.com\\\/certyfikacja-systemow\\\/iso-9001\\\/#primaryimage\",\"url\":\"https:\\\/\\\/icrpolska.com\\\/wp-content\\\/uploads\\\/2019\\\/05\\\/screencapture-icrpolska-e-ksperci-pl-systemy-2019-04-17-17_07_18-e1555513756585.png\",\"contentUrl\":\"https:\\\/\\\/icrpolska.com\\\/wp-content\\\/uploads\\\/2019\\\/05\\\/screencapture-icrpolska-e-ksperci-pl-systemy-2019-04-17-17_07_18-e1555513756585.png\",\"width\":664,\"height\":621},{\"@type\":\"BreadcrumbList\",\"@id\":\"https:\\\/\\\/icrpolska.com\\\/certyfikacja-systemow\\\/iso-9001\\\/#breadcrumb\",\"itemListElement\":[{\"@type\":\"ListItem\",\"position\":1,\"name\":\"Strona g\u0142\u00f3wna\",\"item\":\"https:\\\/\\\/icrpolska.com\\\/\"},{\"@type\":\"ListItem\",\"position\":2,\"name\":\"Certyfikacja system\u00f3w ISO\",\"item\":\"https:\\\/\\\/icrpolska.com\\\/certyfikacja-systemow\\\/\"},{\"@type\":\"ListItem\",\"position\":3,\"name\":\"ISO 9001 &#8211; International Organization for Standardization\"}]},{\"@type\":\"WebSite\",\"@id\":\"https:\\\/\\\/icrpolska.com\\\/#website\",\"url\":\"https:\\\/\\\/icrpolska.com\\\/\",\"name\":\"ICR POLSKA - badania i certyfikacja\",\"description\":\"CE certification, CE certificate, ISO certificate, RED testing, product testing and certification, electrical product testing, medical device testing, ATEX, IECEx, FCC, product certification, EMC testing, machinery certification, CE machines, training, electronic product testing, testing 2014\\\/53\\\/EU, drone certification, ISO 13485 certificate, ISO 9001 certificate, NC RfG, CPR\",\"publisher\":{\"@id\":\"https:\\\/\\\/icrpolska.com\\\/#\\\/schema\\\/person\\\/8601820fc0521fc7bf75ae141134fbfd\"},\"potentialAction\":[{\"@type\":\"SearchAction\",\"target\":{\"@type\":\"EntryPoint\",\"urlTemplate\":\"https:\\\/\\\/icrpolska.com\\\/?s={search_term_string}\"},\"query-input\":{\"@type\":\"PropertyValueSpecification\",\"valueRequired\":true,\"valueName\":\"search_term_string\"}}],\"inLanguage\":\"fr-FR\"},{\"@type\":[\"Person\",\"Organization\"],\"@id\":\"https:\\\/\\\/icrpolska.com\\\/#\\\/schema\\\/person\\\/8601820fc0521fc7bf75ae141134fbfd\",\"name\":\"admin\",\"image\":{\"@type\":\"ImageObject\",\"inLanguage\":\"fr-FR\",\"@id\":\"https:\\\/\\\/icrpolska.com\\\/wp-content\\\/uploads\\\/2019\\\/05\\\/cropped-logo-icr.32f04ad5-1-1.png\",\"url\":\"https:\\\/\\\/icrpolska.com\\\/wp-content\\\/uploads\\\/2019\\\/05\\\/cropped-logo-icr.32f04ad5-1-1.png\",\"contentUrl\":\"https:\\\/\\\/icrpolska.com\\\/wp-content\\\/uploads\\\/2019\\\/05\\\/cropped-logo-icr.32f04ad5-1-1.png\",\"width\":400,\"height\":148,\"caption\":\"admin\"},\"logo\":{\"@id\":\"https:\\\/\\\/icrpolska.com\\\/wp-content\\\/uploads\\\/2019\\\/05\\\/cropped-logo-icr.32f04ad5-1-1.png\"}}]}<\/script>\n<!-- \/ Yoast SEO plugin. -->","yoast_head_json":{"title":"ISO 9001 - Organisation internationale de normalisation - ICR POLAND - essais et certification","robots":{"index":"index","follow":"follow","max-snippet":"max-snippet:-1","max-image-preview":"max-image-preview:large","max-video-preview":"max-video-preview:-1"},"canonical":"https:\/\/icrpolska.com\/fr\/certyfikacja-systemow\/iso-9001\/","og_locale":"fr_FR","og_type":"article","og_title":"ISO 9001 - International Organization for Standardization - ICR POLSKA - badania i certyfikacja","og_description":"Czym jest ISO 9001? ISO 9001 to rodzina norm ustanowionych przez ISO (International Organization for Standardization), kt\u00f3re odnosz\u0105 si\u0119 do system\u00f3w zarz\u0105dzania jako\u015bci\u0105 i maj\u0105 na celu pomoc organizacjom w zaspokajaniu potrzeb klient\u00f3w i innych zainteresowanych stron. ISO 9001 jest systemem zapewnienia certyfikacji przez sprawdzanie, czy system zarz\u0105dzania jako\u015bci\u0105 organizacji jest zgodny z norm\u0105 ISO&hellip;&nbsp;Lire la suite &raquo;ISO 9001 &#8211; International Organization for Standardization","og_url":"https:\/\/icrpolska.com\/fr\/certyfikacja-systemow\/iso-9001\/","og_site_name":"ICR POLSKA - badania i certyfikacja","article_modified_time":"2022-09-07T21:02:26+00:00","og_image":[{"width":664,"height":621,"url":"https:\/\/icrpolska.com\/wp-content\/uploads\/2019\/05\/screencapture-icrpolska-e-ksperci-pl-systemy-2019-04-17-17_07_18-e1555513756585.png","type":"image\/png"}],"twitter_card":"summary_large_image","twitter_misc":{"Dur\u00e9e de lecture estim\u00e9e":"2 minutes"},"schema":{"@context":"https:\/\/schema.org","@graph":[{"@type":"WebPage","@id":"https:\/\/icrpolska.com\/certyfikacja-systemow\/iso-9001\/","url":"https:\/\/icrpolska.com\/certyfikacja-systemow\/iso-9001\/","name":"ISO 9001 - Organisation internationale de normalisation - ICR POLAND - essais et certification","isPartOf":{"@id":"https:\/\/icrpolska.com\/#website"},"primaryImageOfPage":{"@id":"https:\/\/icrpolska.com\/certyfikacja-systemow\/iso-9001\/#primaryimage"},"image":{"@id":"https:\/\/icrpolska.com\/certyfikacja-systemow\/iso-9001\/#primaryimage"},"thumbnailUrl":"https:\/\/icrpolska.com\/wp-content\/uploads\/2019\/05\/screencapture-icrpolska-e-ksperci-pl-systemy-2019-04-17-17_07_18-e1555513756585.png","datePublished":"2019-05-22T06:51:40+00:00","dateModified":"2022-09-07T21:02:26+00:00","breadcrumb":{"@id":"https:\/\/icrpolska.com\/certyfikacja-systemow\/iso-9001\/#breadcrumb"},"inLanguage":"fr-FR","potentialAction":[{"@type":"ReadAction","target":["https:\/\/icrpolska.com\/certyfikacja-systemow\/iso-9001\/"]}]},{"@type":"ImageObject","inLanguage":"fr-FR","@id":"https:\/\/icrpolska.com\/certyfikacja-systemow\/iso-9001\/#primaryimage","url":"https:\/\/icrpolska.com\/wp-content\/uploads\/2019\/05\/screencapture-icrpolska-e-ksperci-pl-systemy-2019-04-17-17_07_18-e1555513756585.png","contentUrl":"https:\/\/icrpolska.com\/wp-content\/uploads\/2019\/05\/screencapture-icrpolska-e-ksperci-pl-systemy-2019-04-17-17_07_18-e1555513756585.png","width":664,"height":621},{"@type":"BreadcrumbList","@id":"https:\/\/icrpolska.com\/certyfikacja-systemow\/iso-9001\/#breadcrumb","itemListElement":[{"@type":"ListItem","position":1,"name":"Strona g\u0142\u00f3wna","item":"https:\/\/icrpolska.com\/"},{"@type":"ListItem","position":2,"name":"Certyfikacja system\u00f3w ISO","item":"https:\/\/icrpolska.com\/certyfikacja-systemow\/"},{"@type":"ListItem","position":3,"name":"ISO 9001 &#8211; International Organization for Standardization"}]},{"@type":"WebSite","@id":"https:\/\/icrpolska.com\/#website","url":"https:\/\/icrpolska.com\/","name":"ICR POLAND - essais et certification","description":"Certification CE, certificat CE, certificat ISO, essais RED, essais et certification de produits, essais de produits \u00e9lectriques, essais de dispositifs m\u00e9dicaux, ATEX, IECEx, FCC, certification de produits, essais CEM, certification de machines, machines CE, formation, essais de produits \u00e9lectroniques, essais 2014\/53\/UE, certification de drones, certificat ISO 13485, certificat ISO 9001, NC RfG, CPR","publisher":{"@id":"https:\/\/icrpolska.com\/#\/schema\/person\/8601820fc0521fc7bf75ae141134fbfd"},"potentialAction":[{"@type":"SearchAction","target":{"@type":"EntryPoint","urlTemplate":"https:\/\/icrpolska.com\/?s={search_term_string}"},"query-input":{"@type":"PropertyValueSpecification","valueRequired":true,"valueName":"search_term_string"}}],"inLanguage":"fr-FR"},{"@type":["Person","Organization"],"@id":"https:\/\/icrpolska.com\/#\/schema\/person\/8601820fc0521fc7bf75ae141134fbfd","name":"l'administration","image":{"@type":"ImageObject","inLanguage":"fr-FR","@id":"https:\/\/icrpolska.com\/wp-content\/uploads\/2019\/05\/cropped-logo-icr.32f04ad5-1-1.png","url":"https:\/\/icrpolska.com\/wp-content\/uploads\/2019\/05\/cropped-logo-icr.32f04ad5-1-1.png","contentUrl":"https:\/\/icrpolska.com\/wp-content\/uploads\/2019\/05\/cropped-logo-icr.32f04ad5-1-1.png","width":400,"height":148,"caption":"admin"},"logo":{"@id":"https:\/\/icrpolska.com\/wp-content\/uploads\/2019\/05\/cropped-logo-icr.32f04ad5-1-1.png"}}]}},"_links":{"self":[{"href":"https:\/\/icrpolska.com\/fr\/wp-json\/wp\/v2\/pages\/1899","targetHints":{"allow":["GET"]}}],"collection":[{"href":"https:\/\/icrpolska.com\/fr\/wp-json\/wp\/v2\/pages"}],"about":[{"href":"https:\/\/icrpolska.com\/fr\/wp-json\/wp\/v2\/types\/page"}],"author":[{"embeddable":true,"href":"https:\/\/icrpolska.com\/fr\/wp-json\/wp\/v2\/users\/1"}],"replies":[{"embeddable":true,"href":"https:\/\/icrpolska.com\/fr\/wp-json\/wp\/v2\/comments?post=1899"}],"version-history":[{"count":1,"href":"https:\/\/icrpolska.com\/fr\/wp-json\/wp\/v2\/pages\/1899\/revisions"}],"predecessor-version":[{"id":2155,"href":"https:\/\/icrpolska.com\/fr\/wp-json\/wp\/v2\/pages\/1899\/revisions\/2155"}],"up":[{"embeddable":true,"href":"https:\/\/icrpolska.com\/fr\/wp-json\/wp\/v2\/pages\/162"}],"wp:featuredmedia":[{"embeddable":true,"href":"https:\/\/icrpolska.com\/fr\/wp-json\/wp\/v2\/media\/48"}],"wp:attachment":[{"href":"https:\/\/icrpolska.com\/fr\/wp-json\/wp\/v2\/media?parent=1899"}],"curies":[{"name":"wp","href":"https:\/\/api.w.org\/{rel}","templated":true}]}}