{"id":1945,"date":"2019-05-22T19:08:36","date_gmt":"2019-05-22T19:08:36","guid":{"rendered":"http:\/\/icrpolska.e-ksperci.pl\/?page_id=1945"},"modified":"2022-09-07T23:06:54","modified_gmt":"2022-09-07T21:06:54","slug":"iso-45001-system-zarzadzania-bezpieczenstwem-i-higiena-pracy","status":"publish","type":"page","link":"https:\/\/icrpolska.com\/fr\/certyfikacja-systemow\/iso-45001-system-zarzadzania-bezpieczenstwem-i-higiena-pracy\/","title":{"rendered":"Syst\u00e8me de gestion de la sant\u00e9 et de la s\u00e9curit\u00e9 au travail ISO 45001"},"content":{"rendered":"<br \/>\n<h2>Qu'est-ce que la norme ISO 45001 ?<\/h2>\n<p class=\"translation-block\">&lt;L&#039;ISO 45001<\/strong> (Syst\u00e8me de gestion de la sant\u00e9 et de la s\u00e9curit\u00e9 au travail) est un syst\u00e8me de gestion con\u00e7u pour anticiper et pr\u00e9venir les risques pour la sant\u00e9 et la s\u00e9curit\u00e9 des employ\u00e9s qui peuvent survenir sur le lieu de travail. Le syst\u00e8me am\u00e9liore et g\u00e8re les \u00e9l\u00e9ments li\u00e9s \u00e0 la sant\u00e9 et \u00e0 la s\u00e9curit\u00e9 des employ\u00e9s.<\/p>\n<h4>Avantages de la norme ISO 45001 :<\/h4>\n<ul>\n<li>Capacit\u00e9 \u00e0 traiter de mani\u00e8re proactive les tendances internationales<\/li>\n<li>\u00c9liminer les obstacles \u00e0 la sant\u00e9 et \u00e0 la s\u00e9curit\u00e9 dans le commerce international afin de faciliter l'entr\u00e9e sur les march\u00e9s \u00e9trangers<\/li>\n<li>Garantie de libert\u00e9 vis-\u00e0-vis des groupes de pression internationaux tels que l'OIT et d'autres organisations internationales.<\/li>\n<li>Construction facile d'un syst\u00e8me int\u00e9gr\u00e9 avec ISO 9001 et ISO 14001, avec une structure similaire et la possibilit\u00e9 d'introduire des syst\u00e8mes efficaces de gestion de la qualit\u00e9, de l'environnement et de la s\u00e9curit\u00e9.<\/li>\n<li>Aspects li\u00e9s \u00e0 la sant\u00e9 et \u00e0 la s\u00e9curit\u00e9<\/li>\n<li>R\u00e9duction significative des accidents gr\u00e2ce \u00e0 une gestion\/pr\u00e9vention continue des risques potentiels sur le lieu de travail afin de prot\u00e9ger la vie et les biens.<\/li>\n<li>Aspect financier<\/li>\n<li>Avantages de la r\u00e9duction des co\u00fbts des accidents par la r\u00e9duction des accidents<\/li>\n<li>Stabilit\u00e9 des investissements pour les parties prenantes<\/li>\n<li>Capacit\u00e9 \u00e0 faire face \u00e0 la pression sociale<\/li>\n<li>R\u00e9pondre aux attentes du public en mati\u00e8re de s\u00e9curit\u00e9 accrue<\/li>\n<li>Stabilit\u00e9 accrue dans la gestion du travail<\/li>\n<li>Des lois et des r\u00e8glements renforc\u00e9s<\/li>\n<li>Capacit\u00e9 \u00e0 traiter de mani\u00e8re proactive les lois et r\u00e9glementations locales et internationales.<\/li>\n<li>Renforcement de la surveillance des communaut\u00e9s internationales du travail<\/li>\n<\/ul>","protected":false},"excerpt":{"rendered":"<p>Qu'est-ce que la norme ISO 45001 ? ISO 45001 (Syst\u00e8me de gestion de la sant\u00e9 et de la s\u00e9curit\u00e9 au travail) est un syst\u00e8me de gestion con\u00e7u pour pr\u00e9voir et pr\u00e9venir les risques pour la sant\u00e9 et la s\u00e9curit\u00e9 des employ\u00e9s qui peuvent survenir sur le lieu de travail. Le syst\u00e8me am\u00e9liore et g\u00e8re les \u00e9l\u00e9ments li\u00e9s \u00e0 la sant\u00e9 et \u00e0 la s\u00e9curit\u00e9 des employ\u00e9s. Avantages de l'ISO 45001 : Capacit\u00e9 \u00e0 traiter de mani\u00e8re proactive...&nbsp;<a href=\"https:\/\/icrpolska.com\/fr\/certyfikacja-systemow\/iso-45001-system-zarzadzania-bezpieczenstwem-i-higiena-pracy\/\" rel=\"bookmark\">Lire la suite \"<span class=\"screen-reader-text\">Syst\u00e8me de gestion de la sant\u00e9 et de la s\u00e9curit\u00e9 au travail ISO 45001<\/span><\/a><\/p>","protected":false},"author":1,"featured_media":1065,"parent":162,"menu_order":0,"comment_status":"closed","ping_status":"closed","template":"","meta":{"neve_meta_sidebar":"","neve_meta_container":"","neve_meta_enable_content_width":"off","neve_meta_content_width":70,"neve_meta_title_alignment":"","neve_meta_author_avatar":"","neve_post_elements_order":"","neve_meta_disable_header":"","neve_meta_disable_footer":"","neve_meta_disable_title":"","footnotes":""},"class_list":["post-1945","page","type-page","status-publish","has-post-thumbnail","hentry"],"yoast_head":"<!-- This site is optimized with the Yoast SEO plugin v27.3 - https:\/\/yoast.com\/product\/yoast-seo-wordpress\/ -->\n<title>ISO 45001 System Zarz\u0105dzania Bezpiecze\u0144stwem i Higien\u0105 Pracy - ICR POLSKA - badania i certyfikacja<\/title>\n<meta name=\"robots\" content=\"index, follow, max-snippet:-1, max-image-preview:large, max-video-preview:-1\" \/>\n<link rel=\"canonical\" href=\"https:\/\/icrpolska.com\/fr\/certyfikacja-systemow\/iso-45001-system-zarzadzania-bezpieczenstwem-i-higiena-pracy\/\" \/>\n<meta property=\"og:locale\" content=\"fr_FR\" \/>\n<meta property=\"og:type\" content=\"article\" \/>\n<meta property=\"og:title\" content=\"ISO 45001 System Zarz\u0105dzania Bezpiecze\u0144stwem i Higien\u0105 Pracy - ICR POLSKA - badania i certyfikacja\" \/>\n<meta property=\"og:description\" content=\"Czym jest ISO 45001? ISO 45001 (System Zarz\u0105dzania Bezpiecze\u0144stwem i Higien\u0105 Pracy) to system zarz\u0105dzania, kt\u00f3ry ma za zadanie przewidzie\u0107 zagro\u017cenia dla zdrowia i bezpiecze\u0144stwa pracownik\u00f3w, mog\u0105ce wyst\u0105pi\u0107 w miejscu pracy oraz zapobiec im. System poprawia oraz zarz\u0105dza elementami zwi\u0105zanymi z bezpiecze\u0144stwem i higien\u0105 pracy pracownik\u00f3w Korzy\u015bci wynikaj\u0105ce z ISO 45001: Zdolno\u015b\u0107 do aktywnego radzenia&hellip;&nbsp;Lire la suite &raquo;ISO 45001 System Zarz\u0105dzania Bezpiecze\u0144stwem i Higien\u0105 Pracy\" \/>\n<meta property=\"og:url\" content=\"https:\/\/icrpolska.com\/fr\/certyfikacja-systemow\/iso-45001-system-zarzadzania-bezpieczenstwem-i-higiena-pracy\/\" \/>\n<meta property=\"og:site_name\" content=\"ICR POLSKA - badania i certyfikacja\" \/>\n<meta property=\"article:modified_time\" content=\"2022-09-07T21:06:54+00:00\" \/>\n<meta name=\"twitter:card\" content=\"summary_large_image\" \/>\n<meta name=\"twitter:label1\" content=\"Dur\u00e9e de lecture estim\u00e9e\" \/>\n\t<meta name=\"twitter:data1\" content=\"2 minutes\" \/>\n<script type=\"application\/ld+json\" class=\"yoast-schema-graph\">{\"@context\":\"https:\\\/\\\/schema.org\",\"@graph\":[{\"@type\":\"WebPage\",\"@id\":\"https:\\\/\\\/icrpolska.com\\\/certyfikacja-systemow\\\/iso-45001-system-zarzadzania-bezpieczenstwem-i-higiena-pracy\\\/\",\"url\":\"https:\\\/\\\/icrpolska.com\\\/certyfikacja-systemow\\\/iso-45001-system-zarzadzania-bezpieczenstwem-i-higiena-pracy\\\/\",\"name\":\"ISO 45001 System Zarz\u0105dzania Bezpiecze\u0144stwem i Higien\u0105 Pracy - ICR POLSKA - badania i certyfikacja\",\"isPartOf\":{\"@id\":\"https:\\\/\\\/icrpolska.com\\\/#website\"},\"primaryImageOfPage\":{\"@id\":\"https:\\\/\\\/icrpolska.com\\\/certyfikacja-systemow\\\/iso-45001-system-zarzadzania-bezpieczenstwem-i-higiena-pracy\\\/#primaryimage\"},\"image\":{\"@id\":\"https:\\\/\\\/icrpolska.com\\\/certyfikacja-systemow\\\/iso-45001-system-zarzadzania-bezpieczenstwem-i-higiena-pracy\\\/#primaryimage\"},\"thumbnailUrl\":\"\",\"datePublished\":\"2019-05-22T19:08:36+00:00\",\"dateModified\":\"2022-09-07T21:06:54+00:00\",\"breadcrumb\":{\"@id\":\"https:\\\/\\\/icrpolska.com\\\/certyfikacja-systemow\\\/iso-45001-system-zarzadzania-bezpieczenstwem-i-higiena-pracy\\\/#breadcrumb\"},\"inLanguage\":\"fr-FR\",\"potentialAction\":[{\"@type\":\"ReadAction\",\"target\":[\"https:\\\/\\\/icrpolska.com\\\/certyfikacja-systemow\\\/iso-45001-system-zarzadzania-bezpieczenstwem-i-higiena-pracy\\\/\"]}]},{\"@type\":\"ImageObject\",\"inLanguage\":\"fr-FR\",\"@id\":\"https:\\\/\\\/icrpolska.com\\\/certyfikacja-systemow\\\/iso-45001-system-zarzadzania-bezpieczenstwem-i-higiena-pracy\\\/#primaryimage\",\"url\":\"\",\"contentUrl\":\"\"},{\"@type\":\"BreadcrumbList\",\"@id\":\"https:\\\/\\\/icrpolska.com\\\/certyfikacja-systemow\\\/iso-45001-system-zarzadzania-bezpieczenstwem-i-higiena-pracy\\\/#breadcrumb\",\"itemListElement\":[{\"@type\":\"ListItem\",\"position\":1,\"name\":\"Strona g\u0142\u00f3wna\",\"item\":\"https:\\\/\\\/icrpolska.com\\\/\"},{\"@type\":\"ListItem\",\"position\":2,\"name\":\"Certyfikacja system\u00f3w ISO\",\"item\":\"https:\\\/\\\/icrpolska.com\\\/certyfikacja-systemow\\\/\"},{\"@type\":\"ListItem\",\"position\":3,\"name\":\"ISO 45001 System Zarz\u0105dzania Bezpiecze\u0144stwem i Higien\u0105 Pracy\"}]},{\"@type\":\"WebSite\",\"@id\":\"https:\\\/\\\/icrpolska.com\\\/#website\",\"url\":\"https:\\\/\\\/icrpolska.com\\\/\",\"name\":\"ICR POLSKA - badania i certyfikacja\",\"description\":\"CE certification, CE certificate, ISO certificate, RED testing, product testing and certification, electrical product testing, medical device testing, ATEX, IECEx, FCC, product certification, EMC testing, machinery certification, CE machines, training, electronic product testing, testing 2014\\\/53\\\/EU, drone certification, ISO 13485 certificate, ISO 9001 certificate, NC RfG, CPR\",\"publisher\":{\"@id\":\"https:\\\/\\\/icrpolska.com\\\/#\\\/schema\\\/person\\\/8601820fc0521fc7bf75ae141134fbfd\"},\"potentialAction\":[{\"@type\":\"SearchAction\",\"target\":{\"@type\":\"EntryPoint\",\"urlTemplate\":\"https:\\\/\\\/icrpolska.com\\\/?s={search_term_string}\"},\"query-input\":{\"@type\":\"PropertyValueSpecification\",\"valueRequired\":true,\"valueName\":\"search_term_string\"}}],\"inLanguage\":\"fr-FR\"},{\"@type\":[\"Person\",\"Organization\"],\"@id\":\"https:\\\/\\\/icrpolska.com\\\/#\\\/schema\\\/person\\\/8601820fc0521fc7bf75ae141134fbfd\",\"name\":\"admin\",\"image\":{\"@type\":\"ImageObject\",\"inLanguage\":\"fr-FR\",\"@id\":\"https:\\\/\\\/icrpolska.com\\\/wp-content\\\/uploads\\\/2019\\\/05\\\/cropped-logo-icr.32f04ad5-1-1.png\",\"url\":\"https:\\\/\\\/icrpolska.com\\\/wp-content\\\/uploads\\\/2019\\\/05\\\/cropped-logo-icr.32f04ad5-1-1.png\",\"contentUrl\":\"https:\\\/\\\/icrpolska.com\\\/wp-content\\\/uploads\\\/2019\\\/05\\\/cropped-logo-icr.32f04ad5-1-1.png\",\"width\":400,\"height\":148,\"caption\":\"admin\"},\"logo\":{\"@id\":\"https:\\\/\\\/icrpolska.com\\\/wp-content\\\/uploads\\\/2019\\\/05\\\/cropped-logo-icr.32f04ad5-1-1.png\"}}]}<\/script>\n<!-- \/ Yoast SEO plugin. -->","yoast_head_json":{"title":"ISO 45001 Syst\u00e8me de gestion de la sant\u00e9 et de la s\u00e9curit\u00e9 au travail - ICR POLAND - testing and certification","robots":{"index":"index","follow":"follow","max-snippet":"max-snippet:-1","max-image-preview":"max-image-preview:large","max-video-preview":"max-video-preview:-1"},"canonical":"https:\/\/icrpolska.com\/fr\/certyfikacja-systemow\/iso-45001-system-zarzadzania-bezpieczenstwem-i-higiena-pracy\/","og_locale":"fr_FR","og_type":"article","og_title":"ISO 45001 System Zarz\u0105dzania Bezpiecze\u0144stwem i Higien\u0105 Pracy - ICR POLSKA - badania i certyfikacja","og_description":"Czym jest ISO 45001? ISO 45001 (System Zarz\u0105dzania Bezpiecze\u0144stwem i Higien\u0105 Pracy) to system zarz\u0105dzania, kt\u00f3ry ma za zadanie przewidzie\u0107 zagro\u017cenia dla zdrowia i bezpiecze\u0144stwa pracownik\u00f3w, mog\u0105ce wyst\u0105pi\u0107 w miejscu pracy oraz zapobiec im. System poprawia oraz zarz\u0105dza elementami zwi\u0105zanymi z bezpiecze\u0144stwem i higien\u0105 pracy pracownik\u00f3w Korzy\u015bci wynikaj\u0105ce z ISO 45001: Zdolno\u015b\u0107 do aktywnego radzenia&hellip;&nbsp;Lire la suite &raquo;ISO 45001 System Zarz\u0105dzania Bezpiecze\u0144stwem i Higien\u0105 Pracy","og_url":"https:\/\/icrpolska.com\/fr\/certyfikacja-systemow\/iso-45001-system-zarzadzania-bezpieczenstwem-i-higiena-pracy\/","og_site_name":"ICR POLSKA - badania i certyfikacja","article_modified_time":"2022-09-07T21:06:54+00:00","twitter_card":"summary_large_image","twitter_misc":{"Dur\u00e9e de lecture estim\u00e9e":"2 minutes"},"schema":{"@context":"https:\/\/schema.org","@graph":[{"@type":"WebPage","@id":"https:\/\/icrpolska.com\/certyfikacja-systemow\/iso-45001-system-zarzadzania-bezpieczenstwem-i-higiena-pracy\/","url":"https:\/\/icrpolska.com\/certyfikacja-systemow\/iso-45001-system-zarzadzania-bezpieczenstwem-i-higiena-pracy\/","name":"ISO 45001 Syst\u00e8me de gestion de la sant\u00e9 et de la s\u00e9curit\u00e9 au travail - ICR POLAND - testing and certification","isPartOf":{"@id":"https:\/\/icrpolska.com\/#website"},"primaryImageOfPage":{"@id":"https:\/\/icrpolska.com\/certyfikacja-systemow\/iso-45001-system-zarzadzania-bezpieczenstwem-i-higiena-pracy\/#primaryimage"},"image":{"@id":"https:\/\/icrpolska.com\/certyfikacja-systemow\/iso-45001-system-zarzadzania-bezpieczenstwem-i-higiena-pracy\/#primaryimage"},"thumbnailUrl":"","datePublished":"2019-05-22T19:08:36+00:00","dateModified":"2022-09-07T21:06:54+00:00","breadcrumb":{"@id":"https:\/\/icrpolska.com\/certyfikacja-systemow\/iso-45001-system-zarzadzania-bezpieczenstwem-i-higiena-pracy\/#breadcrumb"},"inLanguage":"fr-FR","potentialAction":[{"@type":"ReadAction","target":["https:\/\/icrpolska.com\/certyfikacja-systemow\/iso-45001-system-zarzadzania-bezpieczenstwem-i-higiena-pracy\/"]}]},{"@type":"ImageObject","inLanguage":"fr-FR","@id":"https:\/\/icrpolska.com\/certyfikacja-systemow\/iso-45001-system-zarzadzania-bezpieczenstwem-i-higiena-pracy\/#primaryimage","url":"","contentUrl":""},{"@type":"BreadcrumbList","@id":"https:\/\/icrpolska.com\/certyfikacja-systemow\/iso-45001-system-zarzadzania-bezpieczenstwem-i-higiena-pracy\/#breadcrumb","itemListElement":[{"@type":"ListItem","position":1,"name":"Strona g\u0142\u00f3wna","item":"https:\/\/icrpolska.com\/"},{"@type":"ListItem","position":2,"name":"Certyfikacja system\u00f3w ISO","item":"https:\/\/icrpolska.com\/certyfikacja-systemow\/"},{"@type":"ListItem","position":3,"name":"ISO 45001 System Zarz\u0105dzania Bezpiecze\u0144stwem i Higien\u0105 Pracy"}]},{"@type":"WebSite","@id":"https:\/\/icrpolska.com\/#website","url":"https:\/\/icrpolska.com\/","name":"ICR POLAND - essais et certification","description":"Certification CE, certificat CE, certificat ISO, essais RED, essais et certification de produits, essais de produits \u00e9lectriques, essais de dispositifs m\u00e9dicaux, ATEX, IECEx, FCC, certification de produits, essais CEM, certification de machines, machines CE, formation, essais de produits \u00e9lectroniques, essais 2014\/53\/UE, certification de drones, certificat ISO 13485, certificat ISO 9001, NC RfG, CPR","publisher":{"@id":"https:\/\/icrpolska.com\/#\/schema\/person\/8601820fc0521fc7bf75ae141134fbfd"},"potentialAction":[{"@type":"SearchAction","target":{"@type":"EntryPoint","urlTemplate":"https:\/\/icrpolska.com\/?s={search_term_string}"},"query-input":{"@type":"PropertyValueSpecification","valueRequired":true,"valueName":"search_term_string"}}],"inLanguage":"fr-FR"},{"@type":["Person","Organization"],"@id":"https:\/\/icrpolska.com\/#\/schema\/person\/8601820fc0521fc7bf75ae141134fbfd","name":"l'administration","image":{"@type":"ImageObject","inLanguage":"fr-FR","@id":"https:\/\/icrpolska.com\/wp-content\/uploads\/2019\/05\/cropped-logo-icr.32f04ad5-1-1.png","url":"https:\/\/icrpolska.com\/wp-content\/uploads\/2019\/05\/cropped-logo-icr.32f04ad5-1-1.png","contentUrl":"https:\/\/icrpolska.com\/wp-content\/uploads\/2019\/05\/cropped-logo-icr.32f04ad5-1-1.png","width":400,"height":148,"caption":"admin"},"logo":{"@id":"https:\/\/icrpolska.com\/wp-content\/uploads\/2019\/05\/cropped-logo-icr.32f04ad5-1-1.png"}}]}},"_links":{"self":[{"href":"https:\/\/icrpolska.com\/fr\/wp-json\/wp\/v2\/pages\/1945","targetHints":{"allow":["GET"]}}],"collection":[{"href":"https:\/\/icrpolska.com\/fr\/wp-json\/wp\/v2\/pages"}],"about":[{"href":"https:\/\/icrpolska.com\/fr\/wp-json\/wp\/v2\/types\/page"}],"author":[{"embeddable":true,"href":"https:\/\/icrpolska.com\/fr\/wp-json\/wp\/v2\/users\/1"}],"replies":[{"embeddable":true,"href":"https:\/\/icrpolska.com\/fr\/wp-json\/wp\/v2\/comments?post=1945"}],"version-history":[{"count":1,"href":"https:\/\/icrpolska.com\/fr\/wp-json\/wp\/v2\/pages\/1945\/revisions"}],"predecessor-version":[{"id":5635,"href":"https:\/\/icrpolska.com\/fr\/wp-json\/wp\/v2\/pages\/1945\/revisions\/5635"}],"up":[{"embeddable":true,"href":"https:\/\/icrpolska.com\/fr\/wp-json\/wp\/v2\/pages\/162"}],"wp:featuredmedia":[{"embeddable":true,"href":"https:\/\/icrpolska.com\/fr\/wp-json\/"}],"wp:attachment":[{"href":"https:\/\/icrpolska.com\/fr\/wp-json\/wp\/v2\/media?parent=1945"}],"curies":[{"name":"wp","href":"https:\/\/api.w.org\/{rel}","templated":true}]}}