{"id":1954,"date":"2019-05-22T19:22:21","date_gmt":"2019-05-22T19:22:21","guid":{"rendered":"http:\/\/icrpolska.e-ksperci.pl\/?page_id=1954"},"modified":"2022-09-07T23:07:25","modified_gmt":"2022-09-07T21:07:25","slug":"iso-22000","status":"publish","type":"page","link":"https:\/\/icrpolska.com\/fr\/certyfikacja-systemow\/iso-22000\/","title":{"rendered":"ISO 22000"},"content":{"rendered":"<p>La norme ISO 22000 sp\u00e9cifie les exigences d'un syst\u00e8me de management de la s\u00e9curit\u00e9 des denr\u00e9es alimentaires pour les organisations de la cha\u00eene alimentaire, qui doivent d\u00e9montrer leur capacit\u00e9 \u00e0 ma\u00eetriser les dangers li\u00e9s \u00e0 la s\u00e9curit\u00e9 des denr\u00e9es alimentaires afin de garantir que les denr\u00e9es alimentaires sont propres \u00e0 la consommation humaine.<\/p>\n<p>La norme s'applique \u00e0 toutes les organisations, quelle que soit leur taille, qui interviennent \u00e0 n'importe quel stade de la cha\u00eene alimentaire et qui souhaitent mettre en \u0153uvre des syst\u00e8mes permettant de garantir la s\u00e9curit\u00e9 des denr\u00e9es alimentaires.<\/p>\n<p><strong>Avantages de la norme ISO 22000 :<\/strong><\/p>\n<ul>\n<li>vous permet de confirmer votre engagement \u00e0 fournir des produits alimentaires s\u00fbrs et de haute qualit\u00e9<\/li>\n<li>facilite le respect des obligations l\u00e9gales et r\u00e9glementaires<\/li>\n<li>augmente la capacit\u00e9 \u00e0 r\u00e9pondre aux besoins des clients de d\u00e9tail et est donc une licence commerciale<\/li>\n<li>s'applique \u00e0 toutes les organisations impliqu\u00e9es dans la cha\u00eene d'approvisionnement alimentaire mondiale<\/li>\n<li class=\"translation-block\">l'obtention de la certification <strong>ISO 22000<\/strong> am\u00e9liorera la r\u00e9putation, la marque et l'image de l'entreprise<\/li>\n<\/ul>","protected":false},"excerpt":{"rendered":"<p>L'ISO 22000 sp\u00e9cifie les exigences relatives aux syst\u00e8mes de management de la s\u00e9curit\u00e9 des denr\u00e9es alimentaires pour les organismes de la cha\u00eene alimentaire qui doivent d\u00e9montrer leur capacit\u00e9 \u00e0 ma\u00eetriser les dangers li\u00e9s \u00e0 la s\u00e9curit\u00e9 des denr\u00e9es alimentaires afin de garantir que les denr\u00e9es alimentaires sont propres \u00e0 la consommation humaine. La norme s'applique \u00e0 tous les organismes, quelle que soit leur taille, qui interviennent \u00e0 n'importe quel stade de la cha\u00eene alimentaire et qui souhaitent mettre en place des syst\u00e8mes,...&nbsp;<a href=\"https:\/\/icrpolska.com\/fr\/certyfikacja-systemow\/iso-22000\/\" rel=\"bookmark\">Lire la suite \"<span class=\"screen-reader-text\">ISO 22000<\/span><\/a><\/p>","protected":false},"author":1,"featured_media":1067,"parent":162,"menu_order":0,"comment_status":"closed","ping_status":"closed","template":"","meta":{"neve_meta_sidebar":"","neve_meta_container":"","neve_meta_enable_content_width":"off","neve_meta_content_width":70,"neve_meta_title_alignment":"","neve_meta_author_avatar":"","neve_post_elements_order":"","neve_meta_disable_header":"","neve_meta_disable_footer":"","neve_meta_disable_title":"","footnotes":""},"class_list":["post-1954","page","type-page","status-publish","has-post-thumbnail","hentry"],"yoast_head":"<!-- This site is optimized with the Yoast SEO plugin v27.3 - https:\/\/yoast.com\/product\/yoast-seo-wordpress\/ -->\n<title>ISO 22000 - ICR POLSKA - badania i certyfikacja<\/title>\n<meta name=\"robots\" content=\"index, follow, max-snippet:-1, max-image-preview:large, max-video-preview:-1\" \/>\n<link rel=\"canonical\" href=\"https:\/\/icrpolska.com\/fr\/certyfikacja-systemow\/iso-22000\/\" \/>\n<meta property=\"og:locale\" content=\"fr_FR\" \/>\n<meta property=\"og:type\" content=\"article\" \/>\n<meta property=\"og:title\" content=\"ISO 22000 - ICR POLSKA - badania i certyfikacja\" \/>\n<meta property=\"og:description\" content=\"ISO 22000 okre\u015bla wymagania systemu zarz\u0105dzania bezpiecze\u0144stwem \u017cywno\u015bci w organizacjach z \u0142a\u0144cucha \u017cywno\u015bciowego, kt\u00f3re musz\u0105 wykaza\u0107 zdolno\u015b\u0107 do kontroli zagro\u017ce\u0144 bezpiecze\u0144stwa \u017cywno\u015bci w celu zapewnienia, \u017ce \u200b\u200b\u017cywno\u015b\u0107 jest bezpieczna w czasie spo\u017cycia przez ludzi. Standard ma zastosowanie we wszystkich organizacjach, niezale\u017cnie od wielko\u015bci, kt\u00f3re bior\u0105 udzia\u0142 w dowolnym etapie \u0142a\u0144cucha \u017cywno\u015bciowego i chc\u0105 wdro\u017cy\u0107 systemy,&hellip;&nbsp;Lire la suite &raquo;ISO 22000\" \/>\n<meta property=\"og:url\" content=\"https:\/\/icrpolska.com\/fr\/certyfikacja-systemow\/iso-22000\/\" \/>\n<meta property=\"og:site_name\" content=\"ICR POLSKA - badania i certyfikacja\" \/>\n<meta property=\"article:modified_time\" content=\"2022-09-07T21:07:25+00:00\" \/>\n<meta name=\"twitter:card\" content=\"summary_large_image\" \/>\n<meta name=\"twitter:label1\" content=\"Dur\u00e9e de lecture estim\u00e9e\" \/>\n\t<meta name=\"twitter:data1\" content=\"1 minute\" \/>\n<script type=\"application\/ld+json\" class=\"yoast-schema-graph\">{\"@context\":\"https:\\\/\\\/schema.org\",\"@graph\":[{\"@type\":\"WebPage\",\"@id\":\"https:\\\/\\\/icrpolska.com\\\/certyfikacja-systemow\\\/iso-22000\\\/\",\"url\":\"https:\\\/\\\/icrpolska.com\\\/certyfikacja-systemow\\\/iso-22000\\\/\",\"name\":\"ISO 22000 - ICR POLSKA - badania i certyfikacja\",\"isPartOf\":{\"@id\":\"https:\\\/\\\/icrpolska.com\\\/#website\"},\"primaryImageOfPage\":{\"@id\":\"https:\\\/\\\/icrpolska.com\\\/certyfikacja-systemow\\\/iso-22000\\\/#primaryimage\"},\"image\":{\"@id\":\"https:\\\/\\\/icrpolska.com\\\/certyfikacja-systemow\\\/iso-22000\\\/#primaryimage\"},\"thumbnailUrl\":\"\",\"datePublished\":\"2019-05-22T19:22:21+00:00\",\"dateModified\":\"2022-09-07T21:07:25+00:00\",\"breadcrumb\":{\"@id\":\"https:\\\/\\\/icrpolska.com\\\/certyfikacja-systemow\\\/iso-22000\\\/#breadcrumb\"},\"inLanguage\":\"fr-FR\",\"potentialAction\":[{\"@type\":\"ReadAction\",\"target\":[\"https:\\\/\\\/icrpolska.com\\\/certyfikacja-systemow\\\/iso-22000\\\/\"]}]},{\"@type\":\"ImageObject\",\"inLanguage\":\"fr-FR\",\"@id\":\"https:\\\/\\\/icrpolska.com\\\/certyfikacja-systemow\\\/iso-22000\\\/#primaryimage\",\"url\":\"\",\"contentUrl\":\"\"},{\"@type\":\"BreadcrumbList\",\"@id\":\"https:\\\/\\\/icrpolska.com\\\/certyfikacja-systemow\\\/iso-22000\\\/#breadcrumb\",\"itemListElement\":[{\"@type\":\"ListItem\",\"position\":1,\"name\":\"Strona g\u0142\u00f3wna\",\"item\":\"https:\\\/\\\/icrpolska.com\\\/\"},{\"@type\":\"ListItem\",\"position\":2,\"name\":\"Certyfikacja system\u00f3w ISO\",\"item\":\"https:\\\/\\\/icrpolska.com\\\/certyfikacja-systemow\\\/\"},{\"@type\":\"ListItem\",\"position\":3,\"name\":\"ISO 22000\"}]},{\"@type\":\"WebSite\",\"@id\":\"https:\\\/\\\/icrpolska.com\\\/#website\",\"url\":\"https:\\\/\\\/icrpolska.com\\\/\",\"name\":\"ICR POLSKA - badania i certyfikacja\",\"description\":\"CE certification, CE certificate, ISO certificate, RED testing, product testing and certification, electrical product testing, medical device testing, ATEX, IECEx, FCC, product certification, EMC testing, machinery certification, CE machines, training, electronic product testing, testing 2014\\\/53\\\/EU, drone certification, ISO 13485 certificate, ISO 9001 certificate, NC RfG, CPR\",\"publisher\":{\"@id\":\"https:\\\/\\\/icrpolska.com\\\/#\\\/schema\\\/person\\\/8601820fc0521fc7bf75ae141134fbfd\"},\"potentialAction\":[{\"@type\":\"SearchAction\",\"target\":{\"@type\":\"EntryPoint\",\"urlTemplate\":\"https:\\\/\\\/icrpolska.com\\\/?s={search_term_string}\"},\"query-input\":{\"@type\":\"PropertyValueSpecification\",\"valueRequired\":true,\"valueName\":\"search_term_string\"}}],\"inLanguage\":\"fr-FR\"},{\"@type\":[\"Person\",\"Organization\"],\"@id\":\"https:\\\/\\\/icrpolska.com\\\/#\\\/schema\\\/person\\\/8601820fc0521fc7bf75ae141134fbfd\",\"name\":\"admin\",\"image\":{\"@type\":\"ImageObject\",\"inLanguage\":\"fr-FR\",\"@id\":\"https:\\\/\\\/icrpolska.com\\\/wp-content\\\/uploads\\\/2019\\\/05\\\/cropped-logo-icr.32f04ad5-1-1.png\",\"url\":\"https:\\\/\\\/icrpolska.com\\\/wp-content\\\/uploads\\\/2019\\\/05\\\/cropped-logo-icr.32f04ad5-1-1.png\",\"contentUrl\":\"https:\\\/\\\/icrpolska.com\\\/wp-content\\\/uploads\\\/2019\\\/05\\\/cropped-logo-icr.32f04ad5-1-1.png\",\"width\":400,\"height\":148,\"caption\":\"admin\"},\"logo\":{\"@id\":\"https:\\\/\\\/icrpolska.com\\\/wp-content\\\/uploads\\\/2019\\\/05\\\/cropped-logo-icr.32f04ad5-1-1.png\"}}]}<\/script>\n<!-- \/ Yoast SEO plugin. -->","yoast_head_json":{"title":"ISO 22000 - ICR POLAND - essais et certification","robots":{"index":"index","follow":"follow","max-snippet":"max-snippet:-1","max-image-preview":"max-image-preview:large","max-video-preview":"max-video-preview:-1"},"canonical":"https:\/\/icrpolska.com\/fr\/certyfikacja-systemow\/iso-22000\/","og_locale":"fr_FR","og_type":"article","og_title":"ISO 22000 - ICR POLSKA - badania i certyfikacja","og_description":"ISO 22000 okre\u015bla wymagania systemu zarz\u0105dzania bezpiecze\u0144stwem \u017cywno\u015bci w organizacjach z \u0142a\u0144cucha \u017cywno\u015bciowego, kt\u00f3re musz\u0105 wykaza\u0107 zdolno\u015b\u0107 do kontroli zagro\u017ce\u0144 bezpiecze\u0144stwa \u017cywno\u015bci w celu zapewnienia, \u017ce \u200b\u200b\u017cywno\u015b\u0107 jest bezpieczna w czasie spo\u017cycia przez ludzi. Standard ma zastosowanie we wszystkich organizacjach, niezale\u017cnie od wielko\u015bci, kt\u00f3re bior\u0105 udzia\u0142 w dowolnym etapie \u0142a\u0144cucha \u017cywno\u015bciowego i chc\u0105 wdro\u017cy\u0107 systemy,&hellip;&nbsp;Lire la suite &raquo;ISO 22000","og_url":"https:\/\/icrpolska.com\/fr\/certyfikacja-systemow\/iso-22000\/","og_site_name":"ICR POLSKA - badania i certyfikacja","article_modified_time":"2022-09-07T21:07:25+00:00","twitter_card":"summary_large_image","twitter_misc":{"Dur\u00e9e de lecture estim\u00e9e":"1 minute"},"schema":{"@context":"https:\/\/schema.org","@graph":[{"@type":"WebPage","@id":"https:\/\/icrpolska.com\/certyfikacja-systemow\/iso-22000\/","url":"https:\/\/icrpolska.com\/certyfikacja-systemow\/iso-22000\/","name":"ISO 22000 - ICR POLAND - essais et certification","isPartOf":{"@id":"https:\/\/icrpolska.com\/#website"},"primaryImageOfPage":{"@id":"https:\/\/icrpolska.com\/certyfikacja-systemow\/iso-22000\/#primaryimage"},"image":{"@id":"https:\/\/icrpolska.com\/certyfikacja-systemow\/iso-22000\/#primaryimage"},"thumbnailUrl":"","datePublished":"2019-05-22T19:22:21+00:00","dateModified":"2022-09-07T21:07:25+00:00","breadcrumb":{"@id":"https:\/\/icrpolska.com\/certyfikacja-systemow\/iso-22000\/#breadcrumb"},"inLanguage":"fr-FR","potentialAction":[{"@type":"ReadAction","target":["https:\/\/icrpolska.com\/certyfikacja-systemow\/iso-22000\/"]}]},{"@type":"ImageObject","inLanguage":"fr-FR","@id":"https:\/\/icrpolska.com\/certyfikacja-systemow\/iso-22000\/#primaryimage","url":"","contentUrl":""},{"@type":"BreadcrumbList","@id":"https:\/\/icrpolska.com\/certyfikacja-systemow\/iso-22000\/#breadcrumb","itemListElement":[{"@type":"ListItem","position":1,"name":"Strona g\u0142\u00f3wna","item":"https:\/\/icrpolska.com\/"},{"@type":"ListItem","position":2,"name":"Certyfikacja system\u00f3w ISO","item":"https:\/\/icrpolska.com\/certyfikacja-systemow\/"},{"@type":"ListItem","position":3,"name":"ISO 22000"}]},{"@type":"WebSite","@id":"https:\/\/icrpolska.com\/#website","url":"https:\/\/icrpolska.com\/","name":"ICR POLAND - essais et certification","description":"Certification CE, certificat CE, certificat ISO, essais RED, essais et certification de produits, essais de produits \u00e9lectriques, essais de dispositifs m\u00e9dicaux, ATEX, IECEx, FCC, certification de produits, essais CEM, certification de machines, machines CE, formation, essais de produits \u00e9lectroniques, essais 2014\/53\/UE, certification de drones, certificat ISO 13485, certificat ISO 9001, NC RfG, CPR","publisher":{"@id":"https:\/\/icrpolska.com\/#\/schema\/person\/8601820fc0521fc7bf75ae141134fbfd"},"potentialAction":[{"@type":"SearchAction","target":{"@type":"EntryPoint","urlTemplate":"https:\/\/icrpolska.com\/?s={search_term_string}"},"query-input":{"@type":"PropertyValueSpecification","valueRequired":true,"valueName":"search_term_string"}}],"inLanguage":"fr-FR"},{"@type":["Person","Organization"],"@id":"https:\/\/icrpolska.com\/#\/schema\/person\/8601820fc0521fc7bf75ae141134fbfd","name":"l'administration","image":{"@type":"ImageObject","inLanguage":"fr-FR","@id":"https:\/\/icrpolska.com\/wp-content\/uploads\/2019\/05\/cropped-logo-icr.32f04ad5-1-1.png","url":"https:\/\/icrpolska.com\/wp-content\/uploads\/2019\/05\/cropped-logo-icr.32f04ad5-1-1.png","contentUrl":"https:\/\/icrpolska.com\/wp-content\/uploads\/2019\/05\/cropped-logo-icr.32f04ad5-1-1.png","width":400,"height":148,"caption":"admin"},"logo":{"@id":"https:\/\/icrpolska.com\/wp-content\/uploads\/2019\/05\/cropped-logo-icr.32f04ad5-1-1.png"}}]}},"_links":{"self":[{"href":"https:\/\/icrpolska.com\/fr\/wp-json\/wp\/v2\/pages\/1954","targetHints":{"allow":["GET"]}}],"collection":[{"href":"https:\/\/icrpolska.com\/fr\/wp-json\/wp\/v2\/pages"}],"about":[{"href":"https:\/\/icrpolska.com\/fr\/wp-json\/wp\/v2\/types\/page"}],"author":[{"embeddable":true,"href":"https:\/\/icrpolska.com\/fr\/wp-json\/wp\/v2\/users\/1"}],"replies":[{"embeddable":true,"href":"https:\/\/icrpolska.com\/fr\/wp-json\/wp\/v2\/comments?post=1954"}],"version-history":[{"count":1,"href":"https:\/\/icrpolska.com\/fr\/wp-json\/wp\/v2\/pages\/1954\/revisions"}],"predecessor-version":[{"id":3293,"href":"https:\/\/icrpolska.com\/fr\/wp-json\/wp\/v2\/pages\/1954\/revisions\/3293"}],"up":[{"embeddable":true,"href":"https:\/\/icrpolska.com\/fr\/wp-json\/wp\/v2\/pages\/162"}],"wp:featuredmedia":[{"embeddable":true,"href":"https:\/\/icrpolska.com\/fr\/wp-json\/"}],"wp:attachment":[{"href":"https:\/\/icrpolska.com\/fr\/wp-json\/wp\/v2\/media?parent=1954"}],"curies":[{"name":"wp","href":"https:\/\/api.w.org\/{rel}","templated":true}]}}