{"id":1966,"date":"2019-05-22T19:48:15","date_gmt":"2019-05-22T19:48:15","guid":{"rendered":"http:\/\/icrpolska.e-ksperci.pl\/?page_id=1966"},"modified":"2023-02-19T18:09:03","modified_gmt":"2023-02-19T17:09:03","slug":"oznakowanie-ce","status":"publish","type":"page","link":"https:\/\/icrpolska.com\/fr\/certyfikacja-wyrobow\/oznakowanie-ce\/","title":{"rendered":"Marquage CE"},"content":{"rendered":"<p class=\"translation-block\">Garantir aux clients et aux utilisateurs la <strong>s\u00e9curit\u00e9 d'utilisation<\/strong> des produits disponibles sur le march\u00e9 - de l'achat \u00e0 l'\u00e9limination - est l'id\u00e9e principale qui sous-tend l'obligation d'apposer le <strong>marquage CE<\/strong> et la d\u00e9claration de conformit\u00e9 d\u00e9livr\u00e9e par le fabricant\/importateur sur les produits. La <strong>d\u00e9claration de conformit\u00e9<\/strong> confirme que le fabricant a proc\u00e9d\u00e9 \u00e0 une \u00e9valuation de la conformit\u00e9 du produit aux exigences essentielles des directives et\/ou r\u00e8glements de l'Union europ\u00e9enne. Pour de nombreux produits, la d\u00e9claration de conformit\u00e9 doit \u00eatre confirm\u00e9e par un organisme comp\u00e9tent, ind\u00e9pendant du fabricant\/importateur, appel\u00e9 organisme notifi\u00e9 - on parle alors de <strong>certification obligatoire<\/strong>. Pour d'autres produits, le certificat est une <strong>confirmation<\/strong> volontaire et suppl\u00e9mentaire - <strong>b\u00e9n\u00e9fique<\/strong> pour le fabricant et l'utilisateur final - des propri\u00e9t\u00e9s du produit garantissant son <strong>utilisation s\u00fbre<\/strong> et son <strong>impact environnemental<\/strong> minimal.<\/p>\n<p class=\"translation-block\">ICR Polska Sp. z o. o. est un organisme de certification de produits accr\u00e9dit\u00e9 par le Centre polonais d'accr\u00e9ditation (PCA) - num\u00e9ro d'accr\u00e9ditation <a href=\"http:\/\/icrpolska.com\/wp-content\/uploads\/2019\/06\/AC_197.pdf\" target=\"_self\" rel=\"noopener noreferrer\">AC 197<\/a>. Il est \u00e9galement un organisme notifi\u00e9 europ\u00e9en (<a href=\"http:\/\/ec.europa.eu\/growth\/tools-databases\/nando\/index.cfm?fuseaction=notifiedbody.notifiedbody&amp;refe_cd=NANDO_INPUT_233263\" target=\"_self\" rel=\"noopener noreferrer\">NB No. 2703<\/a>) pour les directives pour lesquelles nous effectuons une \u00e9valuation compl\u00e8te de la conformit\u00e9 : s\u00e9curit\u00e9 des machines MD (<a href=\"https:\/\/eur-lex.europa.eu\/legal-content\/PL\/TXT\/PDF\/?uri=CELEX:32006L0042&amp;from=PL\" target=\"_self\" rel=\"noopener noreferrer\">2006\/42\/EC<\/a>) ; compatibilit\u00e9 \u00e9lectromagn\u00e9tique CEM (<a href=\"https:\/\/eur-lex.europa.eu\/legal-content\/EN\/TXT\/PDF\/?uri=CELEX:32014L0030&amp;from=EN\" target=\"_self\" rel=\"noopener noreferrer\">2014\/30\/EU<\/a>) ; \u00e9quipement radio RED (<a href=\"https:\/\/eur-lex.europa.eu\/legal-content\/PL\/TXT\/PDF\/ ?uri=CELEX:32014L0053&amp;from=EN\" target=\"_self\" rel=\"noopener noreferrer\">2014\/53\/UE<\/a>) ; mat\u00e9riel \u00e9lectrique fonctionnant dans des atmosph\u00e8res potentiellement explosives ATEX (<a href=\"https:\/\/eur-lex.europa.eu\/legal-content\/PL\/TXT\/PDF\/?uri=CELEX:32014L0034&amp;from=PL\" target=\"_self\" rel=\"noopener noreferrer\">2014\/34\/UE<\/a>).<\/p>\n<p><img decoding=\"async\" class=\"size-medium wp-image-8778 alignleft\" src=\"https:\/\/icrpolska.com\/wp-content\/uploads\/2023\/02\/CE2703-300x104.png\" alt=\"\" width=\"300\" height=\"104\" srcset=\"https:\/\/icrpolska.com\/wp-content\/uploads\/2023\/02\/CE2703-300x104.png 300w, https:\/\/icrpolska.com\/wp-content\/uploads\/2023\/02\/CE2703-18x6.png 18w, https:\/\/icrpolska.com\/wp-content\/uploads\/2023\/02\/CE2703.png 555w\" sizes=\"(max-width: 300px) 100vw, 300px\" \/><\/p>\n<p class=\"translation-block\">Si l'\u00e9valuation du syst\u00e8me de production a \u00e9t\u00e9 r\u00e9alis\u00e9e avec la participation d'un organisme notifi\u00e9, le num\u00e9ro d'identification de cet organisme est appos\u00e9 \u00e0 c\u00f4t\u00e9 du marquage CE. Cette \u00e9valuation est obligatoire pour la directive ATEX <a href=\"https:\/\/eur-lex.europa.eu\/legal-content\/PL\/TXT\/PDF\/?uri=CELEX:32014L0034&amp;from=PL\" target=\"_blank\" rel=\"noopener noreferrer\">2014\/34\/EU<\/a> et le r\u00e8glement MDR <a href=\"https:\/\/eur-lex.europa.eu\/legal-content\/PL\/TXT\/PDF\/?uri=CELEX:32017R0745&amp;from=PL\" target=\"_blank\" rel=\"noopener\">(EU)2017\/745<\/a>.<\/p>\n<p class=\"translation-block\">Nous vous invitons \u00e0 <a href=\"mailto:icrpolska@icrqa.com\" target=\"_self\">nous contacter<\/a> pour plus de d\u00e9tails.<\/p>","protected":false},"excerpt":{"rendered":"<p>Assurer aux clients et aux utilisateurs une utilisation s\u00fbre des produits disponibles sur le march\u00e9 - de l'achat \u00e0 la mise au rebut - est l'id\u00e9e principale qui sous-tend l'obligation d'apposer le marquage CE sur les produits et la d\u00e9claration de conformit\u00e9 d\u00e9livr\u00e9e par le fabricant\/importateur. La d\u00e9claration de conformit\u00e9 confirme que le fabricant a proc\u00e9d\u00e9 \u00e0 une \u00e9valuation de la conformit\u00e9 du produit aux exigences essentielles des directives et\/ou r\u00e8glements de l'Union europ\u00e9enne. Pour de nombreux produits, une d\u00e9claration de conformit\u00e9 ...&nbsp;<a href=\"https:\/\/icrpolska.com\/fr\/certyfikacja-wyrobow\/oznakowanie-ce\/\" rel=\"bookmark\">Lire la suite \"<span class=\"screen-reader-text\">Marquage CE<\/span><\/a><\/p>","protected":false},"author":1,"featured_media":1769,"parent":211,"menu_order":0,"comment_status":"closed","ping_status":"closed","template":"","meta":{"neve_meta_sidebar":"","neve_meta_container":"","neve_meta_enable_content_width":"off","neve_meta_content_width":70,"neve_meta_title_alignment":"","neve_meta_author_avatar":"","neve_post_elements_order":"","neve_meta_disable_header":"","neve_meta_disable_footer":"","neve_meta_disable_title":"","footnotes":""},"class_list":["post-1966","page","type-page","status-publish","has-post-thumbnail","hentry"],"yoast_head":"<!-- This site is optimized with the Yoast SEO plugin v27.3 - https:\/\/yoast.com\/product\/yoast-seo-wordpress\/ -->\n<title>Oznakowanie CE - ICR POLSKA - badania i certyfikacja<\/title>\n<meta name=\"robots\" content=\"index, follow, max-snippet:-1, max-image-preview:large, max-video-preview:-1\" \/>\n<link rel=\"canonical\" href=\"https:\/\/icrpolska.com\/fr\/certyfikacja-wyrobow\/oznakowanie-ce\/\" \/>\n<meta property=\"og:locale\" content=\"fr_FR\" \/>\n<meta property=\"og:type\" content=\"article\" \/>\n<meta property=\"og:title\" content=\"Oznakowanie CE - ICR POLSKA - badania i certyfikacja\" \/>\n<meta property=\"og:description\" content=\"Zapewnienie klientom i u\u017cytkownikom bezpiecze\u0144stwa u\u017cytkowania wyrob\u00f3w dost\u0119pnych na rynku \u2013 od zakupu do ich utylizacji \u2013 to g\u0142\u00f3wna idea obowi\u0105zku umieszczania na wyrobach oznakowania CE i deklaracji zgodno\u015bci wystawianej przez producenta\/importera. Deklaracja zgodno\u015bci jest potwierdzeniem przeprowadzenia przez producenta oceny zgodno\u015bci wyrobu z wymaganiami zasadniczymi dyrektyw i\/lub rozporz\u0105dze\u0144 Unii Europejskiej. Dla wielu wyrob\u00f3w deklaracja zgodno\u015bci&hellip;&nbsp;Lire la suite &raquo;Oznakowanie CE\" \/>\n<meta property=\"og:url\" content=\"https:\/\/icrpolska.com\/fr\/certyfikacja-wyrobow\/oznakowanie-ce\/\" \/>\n<meta property=\"og:site_name\" content=\"ICR POLSKA - badania i certyfikacja\" \/>\n<meta property=\"article:modified_time\" content=\"2023-02-19T17:09:03+00:00\" \/>\n<meta name=\"twitter:card\" content=\"summary_large_image\" \/>\n<meta name=\"twitter:label1\" content=\"Dur\u00e9e de lecture estim\u00e9e\" \/>\n\t<meta name=\"twitter:data1\" content=\"2 minutes\" \/>\n<script type=\"application\/ld+json\" class=\"yoast-schema-graph\">{\"@context\":\"https:\\\/\\\/schema.org\",\"@graph\":[{\"@type\":\"WebPage\",\"@id\":\"https:\\\/\\\/icrpolska.com\\\/certyfikacja-wyrobow\\\/oznakowanie-ce\\\/\",\"url\":\"https:\\\/\\\/icrpolska.com\\\/certyfikacja-wyrobow\\\/oznakowanie-ce\\\/\",\"name\":\"Oznakowanie CE - ICR POLSKA - badania i certyfikacja\",\"isPartOf\":{\"@id\":\"https:\\\/\\\/icrpolska.com\\\/#website\"},\"primaryImageOfPage\":{\"@id\":\"https:\\\/\\\/icrpolska.com\\\/certyfikacja-wyrobow\\\/oznakowanie-ce\\\/#primaryimage\"},\"image\":{\"@id\":\"https:\\\/\\\/icrpolska.com\\\/certyfikacja-wyrobow\\\/oznakowanie-ce\\\/#primaryimage\"},\"thumbnailUrl\":\"\",\"datePublished\":\"2019-05-22T19:48:15+00:00\",\"dateModified\":\"2023-02-19T17:09:03+00:00\",\"breadcrumb\":{\"@id\":\"https:\\\/\\\/icrpolska.com\\\/certyfikacja-wyrobow\\\/oznakowanie-ce\\\/#breadcrumb\"},\"inLanguage\":\"fr-FR\",\"potentialAction\":[{\"@type\":\"ReadAction\",\"target\":[\"https:\\\/\\\/icrpolska.com\\\/certyfikacja-wyrobow\\\/oznakowanie-ce\\\/\"]}]},{\"@type\":\"ImageObject\",\"inLanguage\":\"fr-FR\",\"@id\":\"https:\\\/\\\/icrpolska.com\\\/certyfikacja-wyrobow\\\/oznakowanie-ce\\\/#primaryimage\",\"url\":\"\",\"contentUrl\":\"\"},{\"@type\":\"BreadcrumbList\",\"@id\":\"https:\\\/\\\/icrpolska.com\\\/certyfikacja-wyrobow\\\/oznakowanie-ce\\\/#breadcrumb\",\"itemListElement\":[{\"@type\":\"ListItem\",\"position\":1,\"name\":\"Strona g\u0142\u00f3wna\",\"item\":\"https:\\\/\\\/icrpolska.com\\\/\"},{\"@type\":\"ListItem\",\"position\":2,\"name\":\"Certyfikacja wyrob\u00f3w\",\"item\":\"https:\\\/\\\/icrpolska.com\\\/certyfikacja-wyrobow\\\/\"},{\"@type\":\"ListItem\",\"position\":3,\"name\":\"Oznakowanie CE\"}]},{\"@type\":\"WebSite\",\"@id\":\"https:\\\/\\\/icrpolska.com\\\/#website\",\"url\":\"https:\\\/\\\/icrpolska.com\\\/\",\"name\":\"ICR POLSKA - badania i certyfikacja\",\"description\":\"CE certification, CE certificate, ISO certificate, RED testing, product testing and certification, electrical product testing, medical device testing, ATEX, IECEx, FCC, product certification, EMC testing, machinery certification, CE machines, training, electronic product testing, testing 2014\\\/53\\\/EU, drone certification, ISO 13485 certificate, ISO 9001 certificate, NC RfG, CPR\",\"publisher\":{\"@id\":\"https:\\\/\\\/icrpolska.com\\\/#\\\/schema\\\/person\\\/8601820fc0521fc7bf75ae141134fbfd\"},\"potentialAction\":[{\"@type\":\"SearchAction\",\"target\":{\"@type\":\"EntryPoint\",\"urlTemplate\":\"https:\\\/\\\/icrpolska.com\\\/?s={search_term_string}\"},\"query-input\":{\"@type\":\"PropertyValueSpecification\",\"valueRequired\":true,\"valueName\":\"search_term_string\"}}],\"inLanguage\":\"fr-FR\"},{\"@type\":[\"Person\",\"Organization\"],\"@id\":\"https:\\\/\\\/icrpolska.com\\\/#\\\/schema\\\/person\\\/8601820fc0521fc7bf75ae141134fbfd\",\"name\":\"admin\",\"image\":{\"@type\":\"ImageObject\",\"inLanguage\":\"fr-FR\",\"@id\":\"https:\\\/\\\/icrpolska.com\\\/wp-content\\\/uploads\\\/2019\\\/05\\\/cropped-logo-icr.32f04ad5-1-1.png\",\"url\":\"https:\\\/\\\/icrpolska.com\\\/wp-content\\\/uploads\\\/2019\\\/05\\\/cropped-logo-icr.32f04ad5-1-1.png\",\"contentUrl\":\"https:\\\/\\\/icrpolska.com\\\/wp-content\\\/uploads\\\/2019\\\/05\\\/cropped-logo-icr.32f04ad5-1-1.png\",\"width\":400,\"height\":148,\"caption\":\"admin\"},\"logo\":{\"@id\":\"https:\\\/\\\/icrpolska.com\\\/wp-content\\\/uploads\\\/2019\\\/05\\\/cropped-logo-icr.32f04ad5-1-1.png\"}}]}<\/script>\n<!-- \/ Yoast SEO plugin. -->","yoast_head_json":{"title":"Marquage CE - ICR POLAND - essais et certification","robots":{"index":"index","follow":"follow","max-snippet":"max-snippet:-1","max-image-preview":"max-image-preview:large","max-video-preview":"max-video-preview:-1"},"canonical":"https:\/\/icrpolska.com\/fr\/certyfikacja-wyrobow\/oznakowanie-ce\/","og_locale":"fr_FR","og_type":"article","og_title":"Oznakowanie CE - ICR POLSKA - badania i certyfikacja","og_description":"Zapewnienie klientom i u\u017cytkownikom bezpiecze\u0144stwa u\u017cytkowania wyrob\u00f3w dost\u0119pnych na rynku \u2013 od zakupu do ich utylizacji \u2013 to g\u0142\u00f3wna idea obowi\u0105zku umieszczania na wyrobach oznakowania CE i deklaracji zgodno\u015bci wystawianej przez producenta\/importera. Deklaracja zgodno\u015bci jest potwierdzeniem przeprowadzenia przez producenta oceny zgodno\u015bci wyrobu z wymaganiami zasadniczymi dyrektyw i\/lub rozporz\u0105dze\u0144 Unii Europejskiej. Dla wielu wyrob\u00f3w deklaracja zgodno\u015bci&hellip;&nbsp;Lire la suite &raquo;Oznakowanie CE","og_url":"https:\/\/icrpolska.com\/fr\/certyfikacja-wyrobow\/oznakowanie-ce\/","og_site_name":"ICR POLSKA - badania i certyfikacja","article_modified_time":"2023-02-19T17:09:03+00:00","twitter_card":"summary_large_image","twitter_misc":{"Dur\u00e9e de lecture estim\u00e9e":"2 minutes"},"schema":{"@context":"https:\/\/schema.org","@graph":[{"@type":"WebPage","@id":"https:\/\/icrpolska.com\/certyfikacja-wyrobow\/oznakowanie-ce\/","url":"https:\/\/icrpolska.com\/certyfikacja-wyrobow\/oznakowanie-ce\/","name":"Marquage CE - ICR POLAND - essais et certification","isPartOf":{"@id":"https:\/\/icrpolska.com\/#website"},"primaryImageOfPage":{"@id":"https:\/\/icrpolska.com\/certyfikacja-wyrobow\/oznakowanie-ce\/#primaryimage"},"image":{"@id":"https:\/\/icrpolska.com\/certyfikacja-wyrobow\/oznakowanie-ce\/#primaryimage"},"thumbnailUrl":"","datePublished":"2019-05-22T19:48:15+00:00","dateModified":"2023-02-19T17:09:03+00:00","breadcrumb":{"@id":"https:\/\/icrpolska.com\/certyfikacja-wyrobow\/oznakowanie-ce\/#breadcrumb"},"inLanguage":"fr-FR","potentialAction":[{"@type":"ReadAction","target":["https:\/\/icrpolska.com\/certyfikacja-wyrobow\/oznakowanie-ce\/"]}]},{"@type":"ImageObject","inLanguage":"fr-FR","@id":"https:\/\/icrpolska.com\/certyfikacja-wyrobow\/oznakowanie-ce\/#primaryimage","url":"","contentUrl":""},{"@type":"BreadcrumbList","@id":"https:\/\/icrpolska.com\/certyfikacja-wyrobow\/oznakowanie-ce\/#breadcrumb","itemListElement":[{"@type":"ListItem","position":1,"name":"Strona g\u0142\u00f3wna","item":"https:\/\/icrpolska.com\/"},{"@type":"ListItem","position":2,"name":"Certyfikacja wyrob\u00f3w","item":"https:\/\/icrpolska.com\/certyfikacja-wyrobow\/"},{"@type":"ListItem","position":3,"name":"Oznakowanie CE"}]},{"@type":"WebSite","@id":"https:\/\/icrpolska.com\/#website","url":"https:\/\/icrpolska.com\/","name":"ICR POLAND - essais et certification","description":"Certification CE, certificat CE, certificat ISO, essais RED, essais et certification de produits, essais de produits \u00e9lectriques, essais de dispositifs m\u00e9dicaux, ATEX, IECEx, FCC, certification de produits, essais CEM, certification de machines, machines CE, formation, essais de produits \u00e9lectroniques, essais 2014\/53\/UE, certification de drones, certificat ISO 13485, certificat ISO 9001, NC RfG, CPR","publisher":{"@id":"https:\/\/icrpolska.com\/#\/schema\/person\/8601820fc0521fc7bf75ae141134fbfd"},"potentialAction":[{"@type":"SearchAction","target":{"@type":"EntryPoint","urlTemplate":"https:\/\/icrpolska.com\/?s={search_term_string}"},"query-input":{"@type":"PropertyValueSpecification","valueRequired":true,"valueName":"search_term_string"}}],"inLanguage":"fr-FR"},{"@type":["Person","Organization"],"@id":"https:\/\/icrpolska.com\/#\/schema\/person\/8601820fc0521fc7bf75ae141134fbfd","name":"l'administration","image":{"@type":"ImageObject","inLanguage":"fr-FR","@id":"https:\/\/icrpolska.com\/wp-content\/uploads\/2019\/05\/cropped-logo-icr.32f04ad5-1-1.png","url":"https:\/\/icrpolska.com\/wp-content\/uploads\/2019\/05\/cropped-logo-icr.32f04ad5-1-1.png","contentUrl":"https:\/\/icrpolska.com\/wp-content\/uploads\/2019\/05\/cropped-logo-icr.32f04ad5-1-1.png","width":400,"height":148,"caption":"admin"},"logo":{"@id":"https:\/\/icrpolska.com\/wp-content\/uploads\/2019\/05\/cropped-logo-icr.32f04ad5-1-1.png"}}]}},"_links":{"self":[{"href":"https:\/\/icrpolska.com\/fr\/wp-json\/wp\/v2\/pages\/1966","targetHints":{"allow":["GET"]}}],"collection":[{"href":"https:\/\/icrpolska.com\/fr\/wp-json\/wp\/v2\/pages"}],"about":[{"href":"https:\/\/icrpolska.com\/fr\/wp-json\/wp\/v2\/types\/page"}],"author":[{"embeddable":true,"href":"https:\/\/icrpolska.com\/fr\/wp-json\/wp\/v2\/users\/1"}],"replies":[{"embeddable":true,"href":"https:\/\/icrpolska.com\/fr\/wp-json\/wp\/v2\/comments?post=1966"}],"version-history":[{"count":11,"href":"https:\/\/icrpolska.com\/fr\/wp-json\/wp\/v2\/pages\/1966\/revisions"}],"predecessor-version":[{"id":8792,"href":"https:\/\/icrpolska.com\/fr\/wp-json\/wp\/v2\/pages\/1966\/revisions\/8792"}],"up":[{"embeddable":true,"href":"https:\/\/icrpolska.com\/fr\/wp-json\/wp\/v2\/pages\/211"}],"wp:featuredmedia":[{"embeddable":true,"href":"https:\/\/icrpolska.com\/fr\/wp-json\/"}],"wp:attachment":[{"href":"https:\/\/icrpolska.com\/fr\/wp-json\/wp\/v2\/media?parent=1966"}],"curies":[{"name":"wp","href":"https:\/\/api.w.org\/{rel}","templated":true}]}}