{"id":2428,"date":"2019-06-03T12:35:18","date_gmt":"2019-06-03T10:35:18","guid":{"rendered":"http:\/\/nowa.icrpolska.com\/?page_id=2428"},"modified":"2025-12-16T08:40:48","modified_gmt":"2025-12-16T07:40:48","slug":"fcc","status":"publish","type":"page","link":"https:\/\/icrpolska.com\/fr\/fcc\/","title":{"rendered":"FCC \/ ISED \/ UL \/ CSA"},"content":{"rendered":"<p><img decoding=\"async\" class=\"alignleft wp-image-2682\" src=\"http:\/\/icrpolska.com\/wp-content\/uploads\/2019\/06\/FCC_New_Logo-300x252.png\" alt=\"FCC - Commission f\u00e9d\u00e9rale des communications\" width=\"150\" height=\"126\" srcset=\"https:\/\/icrpolska.com\/wp-content\/uploads\/2019\/06\/FCC_New_Logo-300x252.png 300w, https:\/\/icrpolska.com\/wp-content\/uploads\/2019\/06\/FCC_New_Logo-768x645.png 768w, https:\/\/icrpolska.com\/wp-content\/uploads\/2019\/06\/FCC_New_Logo-1024x860.png 1024w, https:\/\/icrpolska.com\/wp-content\/uploads\/2019\/06\/FCC_New_Logo.png 1200w\" sizes=\"(max-width: 150px) 100vw, 150px\" \/><\/p>\n<p><strong>FCC<\/strong>\u00a0\u2013 Federal Communications Commission \u2013 s'occupe de l'homologation des appareils de communication tels que la radio, la t\u00e9l\u00e9vision, les appareils sans fil, les appareils de communication par satellite destin\u00e9s \u00e0 \u00eatre utilis\u00e9s sur le territoire am\u00e9ricain. .<\/p>\n<p>La FCC a \u00e9tabli des crit\u00e8res qui d\u00e9terminent si un produit peut \u00eatre \u00e9tiquet\u00e9 par la FCC et enregistr\u00e9 en tant que produit autoris\u00e9.<\/p>\n<p>Tous les \u00e9quipements radio sont r\u00e9partis dans les groupes suivants :<\/p>\n<p>A : \u00c9quipements hertziens sans licence, y compris<\/p>\n<p>A1 : \u00c9metteurs de faible puissance fonctionnant \u00e0 des fr\u00e9quences inf\u00e9rieures \u00e0 1 GHz (\u00e0 l'exclusion des dispositifs \u00e0 \u00e9talement de spectre), syst\u00e8mes d'alarme, \u00e9metteurs non intentionnels de radiofr\u00e9quences (par exemple, ordinateurs personnels et p\u00e9riph\u00e9riques associ\u00e9s et \u00e9quipements d'interface TV) et \u00e9quipements ISM grand public soumis \u00e0 certification (par exemple, fours \u00e0 micro-ondes, \u00e9clairages RF et autres \u00e9quipements ISM grand public).<\/p>\n<p>A2 : \u00c9metteurs de faible puissance fonctionnant \u00e0 des fr\u00e9quences sup\u00e9rieures \u00e0 1 GHz, \u00e0 l'exception des dispositifs \u00e0 \u00e9talement de spectre.<\/p>\n<p>A4 : \u00c9quipements de l'infrastructure nationale d'information sans licence (UNII) et \u00e9metteurs de faible puissance utilisant des techniques d'\u00e9talement du spectre.<\/p>\n<p>B : \u00c9quipements hertziens sous licence.<\/p>\n<p>B1 : Services mobiles commerciaux dans 47 CFR Parts 20, 22 (mobile), 24, 25 et 27.<\/p>\n<p>B2 : Services de radiocommunication mobile g\u00e9n\u00e9rale dans les parties 22 (non cellulaire), 73, 74, 90, 95 et 97 du 47 CFR.<\/p>\n<p>ICR Polska, par l'interm\u00e9diaire du laboratoire ICR, permet de r\u00e9aliser des tests puis d'obtenir une certification sanctionn\u00e9e par l'obtention d'un certificat. <strong>Subvention FCC<\/strong> pour les produits, requis lors de leur mise sur le march\u00e9 am\u00e9ricain.<\/p>\n<p>Nous apportons \u00e9galement notre soutien aux fabricants lors de l'enregistrement aupr\u00e8s de la FCC.<\/p>\n<hr \/>\n<p><img decoding=\"async\" class=\"wp-image-9514 alignleft\" src=\"https:\/\/icrpolska.com\/wp-content\/uploads\/2023\/04\/ca-flag-300x162.jpg\" alt=\"\" width=\"285\" height=\"154\" srcset=\"https:\/\/icrpolska.com\/wp-content\/uploads\/2023\/04\/ca-flag-300x162.jpg 300w, https:\/\/icrpolska.com\/wp-content\/uploads\/2023\/04\/ca-flag-1024x554.jpg 1024w, https:\/\/icrpolska.com\/wp-content\/uploads\/2023\/04\/ca-flag-768x415.jpg 768w, https:\/\/icrpolska.com\/wp-content\/uploads\/2023\/04\/ca-flag-1536x830.jpg 1536w, https:\/\/icrpolska.com\/wp-content\/uploads\/2023\/04\/ca-flag-2048x1107.jpg 2048w, https:\/\/icrpolska.com\/wp-content\/uploads\/2023\/04\/ca-flag-18x10.jpg 18w\" sizes=\"(max-width: 285px) 100vw, 285px\" \/><\/p>\n<p><strong>ISED<\/strong>\u00a0- Innovation, sciences et d\u00e9veloppement \u00e9conomique Canada, la Direction des normes r\u00e9glementaires (DRS) \u00e9labore des normes techniques, des r\u00e8glements et des proc\u00e9dures pour les \u00e9quipements hertziens, les \u00e9quipements terminaux et les autres \u00e9quipements g\u00e9n\u00e9rateurs d'interf\u00e9rences utilis\u00e9s au Canada.<\/p>\n<p>L'ICR Pologne, par l'interm\u00e9diaire du laboratoire de l'ICR, permet d'effectuer des essais et d'obtenir la certification qui s'ensuit :<\/p>\n<p>\u2013 appareils radio conformes aux sp\u00e9cifications RSS-xxx<\/p>\n<p>\u2013 appareils causant des interf\u00e9rences selon les sp\u00e9cifications ICES-xxx<\/p>\n<p>dans le but de les marquer <strong>IC<\/strong>.<\/p>\n<p>Nous proposons \u00e9galement des tests de s\u00e9curit\u00e9 pour les produits \u00e9lectroniques, les machines industrielles et les produits antid\u00e9flagrants, conform\u00e9ment aux exigences suivantes <strong>UL<\/strong> (\u00c9tats-Unis) et <strong>CSA<\/strong> (Canada) en combinaison avec des audits chez les producteurs.<\/p>\n<p>Pour plus d'informations, veuillez contacter <a href=\"call: +48 22 115 70 62\">t\u00e9l\u00e9phone<\/a> ou par <a href=\"\/fr\/mailto : icrpolska@icrpolska.com\/\">courriel<\/a>.<\/p>","protected":false},"excerpt":{"rendered":"<p>La FCC - Federal Communications Commission - est charg\u00e9e d'approuver les appareils de communication tels que la radio, la t\u00e9l\u00e9vision, les \u00e9quipements de r\u00e9seau sans fil et les appareils de communication par satellite destin\u00e9s \u00e0 \u00eatre utilis\u00e9s aux \u00c9tats-Unis. La FCC a cr\u00e9\u00e9 des crit\u00e8res qui d\u00e9terminent si un produit peut \u00eatre \u00e9tiquet\u00e9 par la FCC et enregistr\u00e9 en tant que produit approuv\u00e9. Tous les \u00e9quipements radio sont r\u00e9partis dans les groupes suivants : A : Appareils radio sans licence, y compris.&nbsp;<a href=\"https:\/\/icrpolska.com\/fr\/fcc\/\" rel=\"bookmark\">Lire la suite \"<span class=\"screen-reader-text\">FCC \/ ISED \/ UL \/ CSA<\/span><\/a><\/p>","protected":false},"author":1,"featured_media":0,"parent":0,"menu_order":0,"comment_status":"closed","ping_status":"closed","template":"","meta":{"neve_meta_sidebar":"","neve_meta_container":"","neve_meta_enable_content_width":"off","neve_meta_content_width":70,"neve_meta_title_alignment":"","neve_meta_author_avatar":"","neve_post_elements_order":"","neve_meta_disable_header":"","neve_meta_disable_footer":"","neve_meta_disable_title":"","footnotes":""},"class_list":["post-2428","page","type-page","status-publish","hentry"],"yoast_head":"<!-- This site is optimized with the Yoast SEO plugin v27.3 - https:\/\/yoast.com\/product\/yoast-seo-wordpress\/ -->\n<title>FCC \/ ISED \/ UL \/ CSA - ICR POLSKA - badania i certyfikacja<\/title>\n<meta name=\"robots\" content=\"index, follow, max-snippet:-1, max-image-preview:large, max-video-preview:-1\" \/>\n<link rel=\"canonical\" href=\"https:\/\/icrpolska.com\/fr\/fcc\/\" \/>\n<meta property=\"og:locale\" content=\"fr_FR\" \/>\n<meta property=\"og:type\" content=\"article\" \/>\n<meta property=\"og:title\" content=\"FCC \/ ISED \/ UL \/ CSA - ICR POLSKA - badania i certyfikacja\" \/>\n<meta property=\"og:description\" content=\"FCC\u00a0\u2013 Federal Communications Commission \u2013 zajmuje si\u0119 dopuszczaniem urz\u0105dze\u0144 komunikacyjnych takich jak radio, telewizja, urz\u0105dzenie sieci bezprzewodowej, urz\u0105dzenia komunikacji satelitarnej do u\u017cytkowania na terenie U.S. . FCC stworzy\u0142a kryteria, kt\u00f3re warunkuj\u0105 mo\u017cliwo\u015b\u0107 oznakowania wyrobu FCC i rejestracji jako wyrobu dopuszczonego do obrotu. Wszystkie urz\u0105dzenie radiowe podzielono na nast\u0119puj\u0105ce grupy: A: Nielicencjonowane urz\u0105dzenia radiowe, w tym&hellip;&nbsp;Lire la suite &raquo;FCC \/ ISED \/ UL \/ CSA\" \/>\n<meta property=\"og:url\" content=\"https:\/\/icrpolska.com\/fr\/fcc\/\" \/>\n<meta property=\"og:site_name\" content=\"ICR POLSKA - badania i certyfikacja\" \/>\n<meta property=\"article:modified_time\" content=\"2025-12-16T07:40:48+00:00\" \/>\n<meta property=\"og:image\" content=\"https:\/\/icrpolska.com\/wp-content\/uploads\/2019\/06\/FCC_New_Logo.png\" \/>\n\t<meta property=\"og:image:width\" content=\"1200\" \/>\n\t<meta property=\"og:image:height\" content=\"1008\" \/>\n\t<meta property=\"og:image:type\" content=\"image\/png\" \/>\n<meta name=\"twitter:card\" content=\"summary_large_image\" \/>\n<meta name=\"twitter:label1\" content=\"Dur\u00e9e de lecture estim\u00e9e\" \/>\n\t<meta name=\"twitter:data1\" content=\"3 minutes\" \/>\n<script type=\"application\/ld+json\" class=\"yoast-schema-graph\">{\"@context\":\"https:\\\/\\\/schema.org\",\"@graph\":[{\"@type\":\"WebPage\",\"@id\":\"https:\\\/\\\/icrpolska.com\\\/fcc\\\/\",\"url\":\"https:\\\/\\\/icrpolska.com\\\/fcc\\\/\",\"name\":\"FCC \\\/ ISED \\\/ UL \\\/ CSA - ICR POLSKA - badania i certyfikacja\",\"isPartOf\":{\"@id\":\"https:\\\/\\\/icrpolska.com\\\/#website\"},\"primaryImageOfPage\":{\"@id\":\"https:\\\/\\\/icrpolska.com\\\/fcc\\\/#primaryimage\"},\"image\":{\"@id\":\"https:\\\/\\\/icrpolska.com\\\/fcc\\\/#primaryimage\"},\"thumbnailUrl\":\"http:\\\/\\\/icrpolska.com\\\/wp-content\\\/uploads\\\/2019\\\/06\\\/FCC_New_Logo-300x252.png\",\"datePublished\":\"2019-06-03T10:35:18+00:00\",\"dateModified\":\"2025-12-16T07:40:48+00:00\",\"breadcrumb\":{\"@id\":\"https:\\\/\\\/icrpolska.com\\\/fcc\\\/#breadcrumb\"},\"inLanguage\":\"fr-FR\",\"potentialAction\":[{\"@type\":\"ReadAction\",\"target\":[\"https:\\\/\\\/icrpolska.com\\\/fcc\\\/\"]}]},{\"@type\":\"ImageObject\",\"inLanguage\":\"fr-FR\",\"@id\":\"https:\\\/\\\/icrpolska.com\\\/fcc\\\/#primaryimage\",\"url\":\"http:\\\/\\\/icrpolska.com\\\/wp-content\\\/uploads\\\/2019\\\/06\\\/FCC_New_Logo-300x252.png\",\"contentUrl\":\"http:\\\/\\\/icrpolska.com\\\/wp-content\\\/uploads\\\/2019\\\/06\\\/FCC_New_Logo-300x252.png\"},{\"@type\":\"BreadcrumbList\",\"@id\":\"https:\\\/\\\/icrpolska.com\\\/fcc\\\/#breadcrumb\",\"itemListElement\":[{\"@type\":\"ListItem\",\"position\":1,\"name\":\"Strona g\u0142\u00f3wna\",\"item\":\"https:\\\/\\\/icrpolska.com\\\/\"},{\"@type\":\"ListItem\",\"position\":2,\"name\":\"FCC \\\/ ISED \\\/ UL \\\/ CSA\"}]},{\"@type\":\"WebSite\",\"@id\":\"https:\\\/\\\/icrpolska.com\\\/#website\",\"url\":\"https:\\\/\\\/icrpolska.com\\\/\",\"name\":\"ICR POLSKA - badania i certyfikacja\",\"description\":\"CE certification, CE certificate, ISO certificate, RED testing, product testing and certification, electrical product testing, medical device testing, ATEX, IECEx, FCC, product certification, EMC testing, machinery certification, CE machines, training, electronic product testing, testing 2014\\\/53\\\/EU, drone certification, ISO 13485 certificate, ISO 9001 certificate, NC RfG, CPR\",\"publisher\":{\"@id\":\"https:\\\/\\\/icrpolska.com\\\/#\\\/schema\\\/person\\\/8601820fc0521fc7bf75ae141134fbfd\"},\"potentialAction\":[{\"@type\":\"SearchAction\",\"target\":{\"@type\":\"EntryPoint\",\"urlTemplate\":\"https:\\\/\\\/icrpolska.com\\\/?s={search_term_string}\"},\"query-input\":{\"@type\":\"PropertyValueSpecification\",\"valueRequired\":true,\"valueName\":\"search_term_string\"}}],\"inLanguage\":\"fr-FR\"},{\"@type\":[\"Person\",\"Organization\"],\"@id\":\"https:\\\/\\\/icrpolska.com\\\/#\\\/schema\\\/person\\\/8601820fc0521fc7bf75ae141134fbfd\",\"name\":\"admin\",\"image\":{\"@type\":\"ImageObject\",\"inLanguage\":\"fr-FR\",\"@id\":\"https:\\\/\\\/icrpolska.com\\\/wp-content\\\/uploads\\\/2019\\\/05\\\/cropped-logo-icr.32f04ad5-1-1.png\",\"url\":\"https:\\\/\\\/icrpolska.com\\\/wp-content\\\/uploads\\\/2019\\\/05\\\/cropped-logo-icr.32f04ad5-1-1.png\",\"contentUrl\":\"https:\\\/\\\/icrpolska.com\\\/wp-content\\\/uploads\\\/2019\\\/05\\\/cropped-logo-icr.32f04ad5-1-1.png\",\"width\":400,\"height\":148,\"caption\":\"admin\"},\"logo\":{\"@id\":\"https:\\\/\\\/icrpolska.com\\\/wp-content\\\/uploads\\\/2019\\\/05\\\/cropped-logo-icr.32f04ad5-1-1.png\"}}]}<\/script>\n<!-- \/ Yoast SEO plugin. -->","yoast_head_json":{"title":"FCC \/ ISED \/ UL \/ CSA - ICR POLSKA - essais et certification","robots":{"index":"index","follow":"follow","max-snippet":"max-snippet:-1","max-image-preview":"max-image-preview:large","max-video-preview":"max-video-preview:-1"},"canonical":"https:\/\/icrpolska.com\/fr\/fcc\/","og_locale":"fr_FR","og_type":"article","og_title":"FCC \/ ISED \/ UL \/ CSA - ICR POLSKA - badania i certyfikacja","og_description":"FCC\u00a0\u2013 Federal Communications Commission \u2013 zajmuje si\u0119 dopuszczaniem urz\u0105dze\u0144 komunikacyjnych takich jak radio, telewizja, urz\u0105dzenie sieci bezprzewodowej, urz\u0105dzenia komunikacji satelitarnej do u\u017cytkowania na terenie U.S. . FCC stworzy\u0142a kryteria, kt\u00f3re warunkuj\u0105 mo\u017cliwo\u015b\u0107 oznakowania wyrobu FCC i rejestracji jako wyrobu dopuszczonego do obrotu. Wszystkie urz\u0105dzenie radiowe podzielono na nast\u0119puj\u0105ce grupy: A: Nielicencjonowane urz\u0105dzenia radiowe, w tym&hellip;&nbsp;Lire la suite &raquo;FCC \/ ISED \/ UL \/ CSA","og_url":"https:\/\/icrpolska.com\/fr\/fcc\/","og_site_name":"ICR POLSKA - badania i certyfikacja","article_modified_time":"2025-12-16T07:40:48+00:00","og_image":[{"width":1200,"height":1008,"url":"https:\/\/icrpolska.com\/wp-content\/uploads\/2019\/06\/FCC_New_Logo.png","type":"image\/png"}],"twitter_card":"summary_large_image","twitter_misc":{"Dur\u00e9e de lecture estim\u00e9e":"3 minutes"},"schema":{"@context":"https:\/\/schema.org","@graph":[{"@type":"WebPage","@id":"https:\/\/icrpolska.com\/fcc\/","url":"https:\/\/icrpolska.com\/fcc\/","name":"FCC \/ ISED \/ UL \/ CSA - ICR POLSKA - essais et certification","isPartOf":{"@id":"https:\/\/icrpolska.com\/#website"},"primaryImageOfPage":{"@id":"https:\/\/icrpolska.com\/fcc\/#primaryimage"},"image":{"@id":"https:\/\/icrpolska.com\/fcc\/#primaryimage"},"thumbnailUrl":"http:\/\/icrpolska.com\/wp-content\/uploads\/2019\/06\/FCC_New_Logo-300x252.png","datePublished":"2019-06-03T10:35:18+00:00","dateModified":"2025-12-16T07:40:48+00:00","breadcrumb":{"@id":"https:\/\/icrpolska.com\/fcc\/#breadcrumb"},"inLanguage":"fr-FR","potentialAction":[{"@type":"ReadAction","target":["https:\/\/icrpolska.com\/fcc\/"]}]},{"@type":"ImageObject","inLanguage":"fr-FR","@id":"https:\/\/icrpolska.com\/fcc\/#primaryimage","url":"http:\/\/icrpolska.com\/wp-content\/uploads\/2019\/06\/FCC_New_Logo-300x252.png","contentUrl":"http:\/\/icrpolska.com\/wp-content\/uploads\/2019\/06\/FCC_New_Logo-300x252.png"},{"@type":"BreadcrumbList","@id":"https:\/\/icrpolska.com\/fcc\/#breadcrumb","itemListElement":[{"@type":"ListItem","position":1,"name":"Strona g\u0142\u00f3wna","item":"https:\/\/icrpolska.com\/"},{"@type":"ListItem","position":2,"name":"FCC \/ ISED \/ UL \/ CSA"}]},{"@type":"WebSite","@id":"https:\/\/icrpolska.com\/#website","url":"https:\/\/icrpolska.com\/","name":"ICR POLAND - essais et certification","description":"Certification CE, certificat CE, certificat ISO, essais RED, essais et certification de produits, essais de produits \u00e9lectriques, essais de dispositifs m\u00e9dicaux, ATEX, IECEx, FCC, certification de produits, essais CEM, certification de machines, machines CE, formation, essais de produits \u00e9lectroniques, essais 2014\/53\/UE, certification de drones, certificat ISO 13485, certificat ISO 9001, NC RfG, CPR","publisher":{"@id":"https:\/\/icrpolska.com\/#\/schema\/person\/8601820fc0521fc7bf75ae141134fbfd"},"potentialAction":[{"@type":"SearchAction","target":{"@type":"EntryPoint","urlTemplate":"https:\/\/icrpolska.com\/?s={search_term_string}"},"query-input":{"@type":"PropertyValueSpecification","valueRequired":true,"valueName":"search_term_string"}}],"inLanguage":"fr-FR"},{"@type":["Person","Organization"],"@id":"https:\/\/icrpolska.com\/#\/schema\/person\/8601820fc0521fc7bf75ae141134fbfd","name":"l'administration","image":{"@type":"ImageObject","inLanguage":"fr-FR","@id":"https:\/\/icrpolska.com\/wp-content\/uploads\/2019\/05\/cropped-logo-icr.32f04ad5-1-1.png","url":"https:\/\/icrpolska.com\/wp-content\/uploads\/2019\/05\/cropped-logo-icr.32f04ad5-1-1.png","contentUrl":"https:\/\/icrpolska.com\/wp-content\/uploads\/2019\/05\/cropped-logo-icr.32f04ad5-1-1.png","width":400,"height":148,"caption":"admin"},"logo":{"@id":"https:\/\/icrpolska.com\/wp-content\/uploads\/2019\/05\/cropped-logo-icr.32f04ad5-1-1.png"}}]}},"_links":{"self":[{"href":"https:\/\/icrpolska.com\/fr\/wp-json\/wp\/v2\/pages\/2428","targetHints":{"allow":["GET"]}}],"collection":[{"href":"https:\/\/icrpolska.com\/fr\/wp-json\/wp\/v2\/pages"}],"about":[{"href":"https:\/\/icrpolska.com\/fr\/wp-json\/wp\/v2\/types\/page"}],"author":[{"embeddable":true,"href":"https:\/\/icrpolska.com\/fr\/wp-json\/wp\/v2\/users\/1"}],"replies":[{"embeddable":true,"href":"https:\/\/icrpolska.com\/fr\/wp-json\/wp\/v2\/comments?post=2428"}],"version-history":[{"count":17,"href":"https:\/\/icrpolska.com\/fr\/wp-json\/wp\/v2\/pages\/2428\/revisions"}],"predecessor-version":[{"id":17339,"href":"https:\/\/icrpolska.com\/fr\/wp-json\/wp\/v2\/pages\/2428\/revisions\/17339"}],"wp:attachment":[{"href":"https:\/\/icrpolska.com\/fr\/wp-json\/wp\/v2\/media?parent=2428"}],"curies":[{"name":"wp","href":"https:\/\/api.w.org\/{rel}","templated":true}]}}