{"id":7513,"date":"2023-01-05T19:21:41","date_gmt":"2023-01-05T18:21:41","guid":{"rendered":"https:\/\/icrpolska.com\/?page_id=7513"},"modified":"2026-01-16T14:40:02","modified_gmt":"2026-01-16T13:40:02","slug":"nc_rfg","status":"publish","type":"page","link":"https:\/\/icrpolska.com\/fr\/certyfikacja-wyrobow\/nc_rfg\/","title":{"rendered":"NC RfG"},"content":{"rendered":"<p><strong>Code du r\u00e9seau - Raccordement des unit\u00e9s de production aux r\u00e9seaux \u00e9lectriques<\/strong><\/p>\n<p>\u00c0 partir du 1er mai 2022, l'utilisation obligatoire d'un certificat de conformit\u00e9 est requise :<\/p>\n<ol>\n<li>R\u00e8glement (UE) 2016\/631 de la Commission du 14 avril 2016 \u00e9tablissant le code du r\u00e9seau concernant les exigences relatives \u00e0 la connexion des unit\u00e9s de production au r\u00e9seau (JO UE L 112\/1 du 27.4.2016),<\/li>\n<li>Exigences g\u00e9n\u00e9rales d'application d\u00e9coulant du r\u00e8glement (UE) 2016\/631 de la Commission du 14 avril 2016 \u00e9tablissant un code de r\u00e9seau relatif aux exigences de raccordement des unit\u00e9s de production au r\u00e9seau, approuv\u00e9 par d\u00e9cision du pr\u00e9sident de l'Office de r\u00e9gulation de l'\u00e9nergie.<\/li>\n<\/ol>\n<p>ICR Poland, sur la base de l'accr\u00e9ditation AC197 accord\u00e9e par l'APC, est un organisme de certification comp\u00e9tent pour \u00e9valuer les unit\u00e9s de production conform\u00e9ment aux exigences susmentionn\u00e9es.<\/p>\n<p>Nos certificats sont d\u00e9livr\u00e9s sur la base d'un programme de certification conforme au document PTPiREE \u201e Conditions et proc\u00e9dures d'utilisation des certificats dans le processus de raccordement des modules de production d'\u00e9nergie aux r\u00e9seaux \u00e9lectriques \u201d \u2013 Version 1.3 du 1er octobre 2024.<\/p>\n<p>Nous invitons les fabricants et les importateurs de modules de production d'\u00e9nergie \u00e0 utiliser nos services afin que les produits propos\u00e9s puissent \u00eatre connect\u00e9s aux r\u00e9seaux \u00e9lectriques de l'UE.<\/p>\n<p><img decoding=\"async\" class=\"alignnone wp-image-3362\" src=\"http:\/\/icrpolska.com\/wp-content\/uploads\/2019\/06\/Email-icon-e1560506652454.png\" alt=\"\" width=\"28\" height=\"20\" \/> <a href=\"mailto:icrpolska@icrqa.com?subject=NC_RfG%20Certificate&amp;body=I%20plan%20to%20certificate%20for%20NC_RfG.%0APlease,%20contact%20me%20to%20more%20information.%0A\">Contacter l'ICR Pologne<\/a><\/p>\n<p>Mettez un point d'honneur \u00e0 avoir au moins une longueur d'avance sur la concurrence.<\/p>\n<p><a href=\"https:\/\/icrpolska.com\/wp-content\/uploads\/2019\/06\/Program-oceny-zgodno\u015bci-w-zakresie-ATEX.pdf\" target=\"_blank\" rel=\"noopener noreferrer\"><img decoding=\"async\" class=\"alignnone wp-image-2679\" src=\"https:\/\/icrpolska.com\/wp-content\/uploads\/2019\/06\/adobe.jpg\" alt=\"\" width=\"20\" height=\"21\" srcset=\"https:\/\/icrpolska.com\/wp-content\/uploads\/2019\/06\/adobe.jpg 218w, https:\/\/icrpolska.com\/wp-content\/uploads\/2019\/06\/adobe-150x150.jpg 150w\" sizes=\"(max-width: 20px) 100vw, 20px\" \/> <\/a><a href=\"https:\/\/icrpolska.com\/wp-content\/uploads\/2025\/06\/PC-P-07-10-6-Program-oceny-zgodnosci-sieci-energetyczne.pdf\" target=\"_blank\" rel=\"noopener\">Programme d'\u00e9valuation de la conformit\u00e9 des \u00e9quipements NC RfG (EU) 2016\/631<\/a><\/p>\n<p><a href=\"https:\/\/icrpolska.com\/wp-content\/uploads\/2022\/11\/F-P-07-01-1-1-wniosek-o-przeprowadzenie-oceny-sprzetu-2016-631.docx\" target=\"_blank\" rel=\"noopener\"><img decoding=\"async\" class=\"alignnone wp-image-2678\" src=\"https:\/\/icrpolska.com\/wp-content\/uploads\/2019\/06\/word.jpg\" sizes=\"(max-width: 20px) 100vw, 20px\" srcset=\"https:\/\/icrpolska.com\/wp-content\/uploads\/2019\/06\/word.jpg 208w, https:\/\/icrpolska.com\/wp-content\/uploads\/2019\/06\/word-150x150.jpg 150w\" alt=\"\" width=\"20\" height=\"20\" \/><\/a> <a href=\"https:\/\/icrpolska.com\/wp-content\/uploads\/2026\/01\/F-P-07-01-1-3-wniosek-o-przeprowadzenie-oceny-sprzetu-2016-631.docx\" target=\"_blank\" rel=\"noopener\">Demande d'\u00e9valuation des \u00e9quipements (r\u00e8glement (UE) 2016\/631)<\/a><\/p>","protected":false},"excerpt":{"rendered":"<p>Code du r\u00e9seau - Raccordement des unit\u00e9s de production au r\u00e9seau \u00e9lectrique A partir du 1er mai 2022, il est obligatoire d'utiliser un certificat confirmant la conformit\u00e9 avec : R\u00e8glement (UE) 2016\/631 de la Commission du 14 avril 2016 \u00e9tablissant le code du r\u00e9seau \u00e9lectrique relatif aux exigences de raccordement des unit\u00e9s de production au r\u00e9seau (JO UE L 112\/1 du 27.4.2016), les exigences g\u00e9n\u00e9rales d'applicabilit\u00e9 en vertu du r\u00e8glement...&nbsp;<a href=\"https:\/\/icrpolska.com\/fr\/certyfikacja-wyrobow\/nc_rfg\/\" rel=\"bookmark\">Lire la suite \"<span class=\"screen-reader-text\">NC RfG<\/span><\/a><\/p>","protected":false},"author":2,"featured_media":0,"parent":211,"menu_order":0,"comment_status":"closed","ping_status":"closed","template":"","meta":{"neve_meta_sidebar":"left","neve_meta_container":"","neve_meta_enable_content_width":"off","neve_meta_content_width":100,"neve_meta_title_alignment":"","neve_meta_author_avatar":"","neve_post_elements_order":"","neve_meta_disable_header":"","neve_meta_disable_footer":"","neve_meta_disable_title":"","footnotes":""},"class_list":["post-7513","page","type-page","status-publish","hentry"],"yoast_head":"<!-- This site is optimized with the Yoast SEO plugin v27.3 - https:\/\/yoast.com\/product\/yoast-seo-wordpress\/ -->\n<title>NC RfG - ICR POLSKA - badania i certyfikacja<\/title>\n<meta name=\"robots\" content=\"index, follow, max-snippet:-1, max-image-preview:large, max-video-preview:-1\" \/>\n<link rel=\"canonical\" href=\"https:\/\/icrpolska.com\/fr\/certyfikacja-wyrobow\/nc_rfg\/\" \/>\n<meta property=\"og:locale\" content=\"fr_FR\" \/>\n<meta property=\"og:type\" content=\"article\" \/>\n<meta property=\"og:title\" content=\"NC RfG - ICR POLSKA - badania i certyfikacja\" \/>\n<meta property=\"og:description\" content=\"Kodeks sieciowy &#8211; przy\u0142\u0105czanie jednostek wytw\u00f3rczych do sieci elektroenergetycznych Od 1 maja 2022 r. jest wymagane obligatoryjne stosowanie certyfikatu potwierdzaj\u0105cego spe\u0142nienie: Rozporz\u0105dzenia Komisji (UE) 2016\/631 z dnia 14 kwietnia 2016 r. ustanawiaj\u0105cego kodeks sieci dotycz\u0105cy wymog\u00f3w w zakresie przy\u0142\u0105czenia jednostek wytw\u00f3rczych do sieci (Dz.U. UE L 112\/1 z 27.4.2016), Wymog\u00f3w Og\u00f3lnego Stosowania wynikaj\u0105cych z rozporz\u0105dzenia&hellip;&nbsp;Lire la suite &raquo;NC RfG\" \/>\n<meta property=\"og:url\" content=\"https:\/\/icrpolska.com\/fr\/certyfikacja-wyrobow\/nc_rfg\/\" \/>\n<meta property=\"og:site_name\" content=\"ICR POLSKA - badania i certyfikacja\" \/>\n<meta property=\"article:modified_time\" content=\"2026-01-16T13:40:02+00:00\" \/>\n<meta property=\"og:image\" content=\"https:\/\/icrpolska.com\/wp-content\/uploads\/2019\/06\/Email-icon-e1560506652454.png\" \/>\n\t<meta property=\"og:image:width\" content=\"35\" \/>\n\t<meta property=\"og:image:height\" content=\"25\" \/>\n\t<meta property=\"og:image:type\" content=\"image\/png\" \/>\n<meta name=\"twitter:card\" content=\"summary_large_image\" \/>\n<meta name=\"twitter:label1\" content=\"Dur\u00e9e de lecture estim\u00e9e\" \/>\n\t<meta name=\"twitter:data1\" content=\"2 minutes\" \/>\n<script type=\"application\/ld+json\" class=\"yoast-schema-graph\">{\"@context\":\"https:\\\/\\\/schema.org\",\"@graph\":[{\"@type\":\"WebPage\",\"@id\":\"https:\\\/\\\/icrpolska.com\\\/certyfikacja-wyrobow\\\/nc_rfg\\\/\",\"url\":\"https:\\\/\\\/icrpolska.com\\\/certyfikacja-wyrobow\\\/nc_rfg\\\/\",\"name\":\"NC RfG - ICR POLSKA - badania i certyfikacja\",\"isPartOf\":{\"@id\":\"https:\\\/\\\/icrpolska.com\\\/#website\"},\"primaryImageOfPage\":{\"@id\":\"https:\\\/\\\/icrpolska.com\\\/certyfikacja-wyrobow\\\/nc_rfg\\\/#primaryimage\"},\"image\":{\"@id\":\"https:\\\/\\\/icrpolska.com\\\/certyfikacja-wyrobow\\\/nc_rfg\\\/#primaryimage\"},\"thumbnailUrl\":\"http:\\\/\\\/icrpolska.com\\\/wp-content\\\/uploads\\\/2019\\\/06\\\/Email-icon-e1560506652454.png\",\"datePublished\":\"2023-01-05T18:21:41+00:00\",\"dateModified\":\"2026-01-16T13:40:02+00:00\",\"breadcrumb\":{\"@id\":\"https:\\\/\\\/icrpolska.com\\\/certyfikacja-wyrobow\\\/nc_rfg\\\/#breadcrumb\"},\"inLanguage\":\"fr-FR\",\"potentialAction\":[{\"@type\":\"ReadAction\",\"target\":[\"https:\\\/\\\/icrpolska.com\\\/certyfikacja-wyrobow\\\/nc_rfg\\\/\"]}]},{\"@type\":\"ImageObject\",\"inLanguage\":\"fr-FR\",\"@id\":\"https:\\\/\\\/icrpolska.com\\\/certyfikacja-wyrobow\\\/nc_rfg\\\/#primaryimage\",\"url\":\"http:\\\/\\\/icrpolska.com\\\/wp-content\\\/uploads\\\/2019\\\/06\\\/Email-icon-e1560506652454.png\",\"contentUrl\":\"http:\\\/\\\/icrpolska.com\\\/wp-content\\\/uploads\\\/2019\\\/06\\\/Email-icon-e1560506652454.png\"},{\"@type\":\"BreadcrumbList\",\"@id\":\"https:\\\/\\\/icrpolska.com\\\/certyfikacja-wyrobow\\\/nc_rfg\\\/#breadcrumb\",\"itemListElement\":[{\"@type\":\"ListItem\",\"position\":1,\"name\":\"Strona g\u0142\u00f3wna\",\"item\":\"https:\\\/\\\/icrpolska.com\\\/\"},{\"@type\":\"ListItem\",\"position\":2,\"name\":\"Certyfikacja wyrob\u00f3w\",\"item\":\"https:\\\/\\\/icrpolska.com\\\/certyfikacja-wyrobow\\\/\"},{\"@type\":\"ListItem\",\"position\":3,\"name\":\"NC RfG\"}]},{\"@type\":\"WebSite\",\"@id\":\"https:\\\/\\\/icrpolska.com\\\/#website\",\"url\":\"https:\\\/\\\/icrpolska.com\\\/\",\"name\":\"ICR POLSKA - badania i certyfikacja\",\"description\":\"CE certification, CE certificate, ISO certificate, RED testing, product testing and certification, electrical product testing, medical device testing, ATEX, IECEx, FCC, product certification, EMC testing, machinery certification, CE machines, training, electronic product testing, testing 2014\\\/53\\\/EU, drone certification, ISO 13485 certificate, ISO 9001 certificate, NC RfG, CPR\",\"publisher\":{\"@id\":\"https:\\\/\\\/icrpolska.com\\\/#\\\/schema\\\/person\\\/8601820fc0521fc7bf75ae141134fbfd\"},\"potentialAction\":[{\"@type\":\"SearchAction\",\"target\":{\"@type\":\"EntryPoint\",\"urlTemplate\":\"https:\\\/\\\/icrpolska.com\\\/?s={search_term_string}\"},\"query-input\":{\"@type\":\"PropertyValueSpecification\",\"valueRequired\":true,\"valueName\":\"search_term_string\"}}],\"inLanguage\":\"fr-FR\"},{\"@type\":[\"Person\",\"Organization\"],\"@id\":\"https:\\\/\\\/icrpolska.com\\\/#\\\/schema\\\/person\\\/8601820fc0521fc7bf75ae141134fbfd\",\"name\":\"admin\",\"image\":{\"@type\":\"ImageObject\",\"inLanguage\":\"fr-FR\",\"@id\":\"https:\\\/\\\/icrpolska.com\\\/wp-content\\\/uploads\\\/2019\\\/05\\\/cropped-logo-icr.32f04ad5-1-1.png\",\"url\":\"https:\\\/\\\/icrpolska.com\\\/wp-content\\\/uploads\\\/2019\\\/05\\\/cropped-logo-icr.32f04ad5-1-1.png\",\"contentUrl\":\"https:\\\/\\\/icrpolska.com\\\/wp-content\\\/uploads\\\/2019\\\/05\\\/cropped-logo-icr.32f04ad5-1-1.png\",\"width\":400,\"height\":148,\"caption\":\"admin\"},\"logo\":{\"@id\":\"https:\\\/\\\/icrpolska.com\\\/wp-content\\\/uploads\\\/2019\\\/05\\\/cropped-logo-icr.32f04ad5-1-1.png\"}}]}<\/script>\n<!-- \/ Yoast SEO plugin. -->","yoast_head_json":{"title":"NC RfG - ICR POLAND - essais et certification","robots":{"index":"index","follow":"follow","max-snippet":"max-snippet:-1","max-image-preview":"max-image-preview:large","max-video-preview":"max-video-preview:-1"},"canonical":"https:\/\/icrpolska.com\/fr\/certyfikacja-wyrobow\/nc_rfg\/","og_locale":"fr_FR","og_type":"article","og_title":"NC RfG - ICR POLSKA - badania i certyfikacja","og_description":"Kodeks sieciowy &#8211; przy\u0142\u0105czanie jednostek wytw\u00f3rczych do sieci elektroenergetycznych Od 1 maja 2022 r. jest wymagane obligatoryjne stosowanie certyfikatu potwierdzaj\u0105cego spe\u0142nienie: Rozporz\u0105dzenia Komisji (UE) 2016\/631 z dnia 14 kwietnia 2016 r. ustanawiaj\u0105cego kodeks sieci dotycz\u0105cy wymog\u00f3w w zakresie przy\u0142\u0105czenia jednostek wytw\u00f3rczych do sieci (Dz.U. UE L 112\/1 z 27.4.2016), Wymog\u00f3w Og\u00f3lnego Stosowania wynikaj\u0105cych z rozporz\u0105dzenia&hellip;&nbsp;Lire la suite &raquo;NC RfG","og_url":"https:\/\/icrpolska.com\/fr\/certyfikacja-wyrobow\/nc_rfg\/","og_site_name":"ICR POLSKA - badania i certyfikacja","article_modified_time":"2026-01-16T13:40:02+00:00","og_image":[{"width":35,"height":25,"url":"https:\/\/icrpolska.com\/wp-content\/uploads\/2019\/06\/Email-icon-e1560506652454.png","type":"image\/png"}],"twitter_card":"summary_large_image","twitter_misc":{"Dur\u00e9e de lecture estim\u00e9e":"2 minutes"},"schema":{"@context":"https:\/\/schema.org","@graph":[{"@type":"WebPage","@id":"https:\/\/icrpolska.com\/certyfikacja-wyrobow\/nc_rfg\/","url":"https:\/\/icrpolska.com\/certyfikacja-wyrobow\/nc_rfg\/","name":"NC RfG - ICR POLAND - essais et certification","isPartOf":{"@id":"https:\/\/icrpolska.com\/#website"},"primaryImageOfPage":{"@id":"https:\/\/icrpolska.com\/certyfikacja-wyrobow\/nc_rfg\/#primaryimage"},"image":{"@id":"https:\/\/icrpolska.com\/certyfikacja-wyrobow\/nc_rfg\/#primaryimage"},"thumbnailUrl":"http:\/\/icrpolska.com\/wp-content\/uploads\/2019\/06\/Email-icon-e1560506652454.png","datePublished":"2023-01-05T18:21:41+00:00","dateModified":"2026-01-16T13:40:02+00:00","breadcrumb":{"@id":"https:\/\/icrpolska.com\/certyfikacja-wyrobow\/nc_rfg\/#breadcrumb"},"inLanguage":"fr-FR","potentialAction":[{"@type":"ReadAction","target":["https:\/\/icrpolska.com\/certyfikacja-wyrobow\/nc_rfg\/"]}]},{"@type":"ImageObject","inLanguage":"fr-FR","@id":"https:\/\/icrpolska.com\/certyfikacja-wyrobow\/nc_rfg\/#primaryimage","url":"http:\/\/icrpolska.com\/wp-content\/uploads\/2019\/06\/Email-icon-e1560506652454.png","contentUrl":"http:\/\/icrpolska.com\/wp-content\/uploads\/2019\/06\/Email-icon-e1560506652454.png"},{"@type":"BreadcrumbList","@id":"https:\/\/icrpolska.com\/certyfikacja-wyrobow\/nc_rfg\/#breadcrumb","itemListElement":[{"@type":"ListItem","position":1,"name":"Strona g\u0142\u00f3wna","item":"https:\/\/icrpolska.com\/"},{"@type":"ListItem","position":2,"name":"Certyfikacja wyrob\u00f3w","item":"https:\/\/icrpolska.com\/certyfikacja-wyrobow\/"},{"@type":"ListItem","position":3,"name":"NC RfG"}]},{"@type":"WebSite","@id":"https:\/\/icrpolska.com\/#website","url":"https:\/\/icrpolska.com\/","name":"ICR POLAND - essais et certification","description":"Certification CE, certificat CE, certificat ISO, essais RED, essais et certification de produits, essais de produits \u00e9lectriques, essais de dispositifs m\u00e9dicaux, ATEX, IECEx, FCC, certification de produits, essais CEM, certification de machines, machines CE, formation, essais de produits \u00e9lectroniques, essais 2014\/53\/UE, certification de drones, certificat ISO 13485, certificat ISO 9001, NC RfG, CPR","publisher":{"@id":"https:\/\/icrpolska.com\/#\/schema\/person\/8601820fc0521fc7bf75ae141134fbfd"},"potentialAction":[{"@type":"SearchAction","target":{"@type":"EntryPoint","urlTemplate":"https:\/\/icrpolska.com\/?s={search_term_string}"},"query-input":{"@type":"PropertyValueSpecification","valueRequired":true,"valueName":"search_term_string"}}],"inLanguage":"fr-FR"},{"@type":["Person","Organization"],"@id":"https:\/\/icrpolska.com\/#\/schema\/person\/8601820fc0521fc7bf75ae141134fbfd","name":"l'administration","image":{"@type":"ImageObject","inLanguage":"fr-FR","@id":"https:\/\/icrpolska.com\/wp-content\/uploads\/2019\/05\/cropped-logo-icr.32f04ad5-1-1.png","url":"https:\/\/icrpolska.com\/wp-content\/uploads\/2019\/05\/cropped-logo-icr.32f04ad5-1-1.png","contentUrl":"https:\/\/icrpolska.com\/wp-content\/uploads\/2019\/05\/cropped-logo-icr.32f04ad5-1-1.png","width":400,"height":148,"caption":"admin"},"logo":{"@id":"https:\/\/icrpolska.com\/wp-content\/uploads\/2019\/05\/cropped-logo-icr.32f04ad5-1-1.png"}}]}},"_links":{"self":[{"href":"https:\/\/icrpolska.com\/fr\/wp-json\/wp\/v2\/pages\/7513","targetHints":{"allow":["GET"]}}],"collection":[{"href":"https:\/\/icrpolska.com\/fr\/wp-json\/wp\/v2\/pages"}],"about":[{"href":"https:\/\/icrpolska.com\/fr\/wp-json\/wp\/v2\/types\/page"}],"author":[{"embeddable":true,"href":"https:\/\/icrpolska.com\/fr\/wp-json\/wp\/v2\/users\/2"}],"replies":[{"embeddable":true,"href":"https:\/\/icrpolska.com\/fr\/wp-json\/wp\/v2\/comments?post=7513"}],"version-history":[{"count":20,"href":"https:\/\/icrpolska.com\/fr\/wp-json\/wp\/v2\/pages\/7513\/revisions"}],"predecessor-version":[{"id":17352,"href":"https:\/\/icrpolska.com\/fr\/wp-json\/wp\/v2\/pages\/7513\/revisions\/17352"}],"up":[{"embeddable":true,"href":"https:\/\/icrpolska.com\/fr\/wp-json\/wp\/v2\/pages\/211"}],"wp:attachment":[{"href":"https:\/\/icrpolska.com\/fr\/wp-json\/wp\/v2\/media?parent=7513"}],"curies":[{"name":"wp","href":"https:\/\/api.w.org\/{rel}","templated":true}]}}