{"id":1899,"date":"2019-05-22T06:51:40","date_gmt":"2019-05-22T06:51:40","guid":{"rendered":"http:\/\/icrpolska.e-ksperci.pl\/?page_id=1899"},"modified":"2022-09-07T23:02:26","modified_gmt":"2022-09-07T21:02:26","slug":"iso-9001","status":"publish","type":"page","link":"https:\/\/icrpolska.com\/kr\/certyfikacja-systemow\/iso-9001\/","title":{"rendered":"ISO 9001 - \uad6d\uc81c \ud45c\uc900\ud654 \uae30\uad6c"},"content":{"rendered":"<h2>ISO 9001\uc774\ub780 \ubb34\uc5c7\uc778\uac00\uc694?<\/h2>\n<p class=\"translation-block\">ISO 9001\uc740 ISO(\uad6d\uc81c\ud45c\uc900\ud654\uae30\uad6c)\uc5d0\uc11c \uc81c\uc815\ud55c \ud488\uc9c8 \uacbd\uc601 \uc2dc\uc2a4\ud15c\uacfc \uad00\ub828\ub41c \ud45c\uc900 \uc81c\ud488\uad70\uc73c\ub85c, \uc870\uc9c1\uc774 \uace0\uac1d \ubc0f \uae30\ud0c0 <strong>\uc774\ud574\uad00\uacc4\uc790\uc758 \uc694\uad6c\ub97c \ucda9\uc871\ud560 \uc218 \uc788\ub3c4\ub85d \uc124\uacc4\ub418\uc5c8\uc2b5\ub2c8\ub2e4.<\/p>\n<p>ISO 9001\uc740 \uc870\uc9c1\uc758 \ud488\uc9c8 \uacbd\uc601 \uc2dc\uc2a4\ud15c\uc774 ISO 9001 \ud45c\uc900\uc744 \uc900\uc218\ud558\ub294\uc9c0 \ud655\uc778\ud558\uc5ec \uc778\uc99d\uc744 \ubd80\uc5ec\ud558\ub294 \uc81c\ub3c4\uc785\ub2c8\ub2e4. \uc774 \ud45c\uc900\uc740 \uc81c\uc870, \uac74\uc124, \uc11c\ube44\uc2a4\ubfd0\ub9cc \uc544\ub2c8\ub77c \ud559\uad50\uc640 \uac19\uc740 \uacf5\uacf5 \uc11c\ube44\uc2a4 \ubd80\ubb38\uae4c\uc9c0 \ubaa8\ub4e0 \uc0b0\uc5c5 \ubd84\uc57c\uc5d0 \uc801\uc6a9\ub420 \uc218 \uc788\uc2b5\ub2c8\ub2e4.<\/p>\n<h4>ISO 9001\uc758 \uc8fc\uc694 \uac1c\ub150<\/h4>\n<ul>\n<li>\uc0ac\uc6a9 \uc911\uc778 \ud488\uc9c8 \uad00\ub9ac \uc2dc\uc2a4\ud15c\uc774 \uc778\uc99d\ub418\uc5c8\uc74c\uc744 \ud655\uc778\ud569\ub2c8\ub2e4.<\/li>\n<li>\ubaa8\ub4e0 \ud488\uc9c8 \uad00\ub9ac \ud65c\ub3d9\uc774 \uc11c\ub85c \uc5f0\uacb0\ub418\uc5b4 \uc788\uace0 \uc785\ub825\uacfc \ucd9c\ub825\uc744 \ud3ec\ud568\ud55c\ub2e4\ub294 \uac00\uc815\uc5d0 \uae30\ubc18\ud55c \ud504\ub85c\uc138\uc2a4 \uc811\uadfc \ubc29\uc2dd\uc785\ub2c8\ub2e4.<\/li>\n<li>\uc9c0\uc18d\uc801\uc778 \uac1c\uc120\uc744 \ubcf4\uc7a5\ud558\ub294 \uc2dc\uc2a4\ud15c<\/li>\n<li>\ubaa8\ub4e0 \ud65c\ub3d9\uc774 \uace0\uac1d \ub9cc\uc871\uc73c\ub85c \uc774\uc5b4\uc9d1\ub2c8\ub2e4.<\/li>\n<\/ul>\n<h4>ISO 9001\uc758 \uc774\uc810<\/h4>\n<p>\uae00\ub85c\ubc8c \ubb34\ud55c \uacbd\uc7c1\uacfc \uc81c\ud488 \ubc0f \uc11c\ube44\uc2a4 \ud488\uc9c8, \uc2e0\ub8b0, \uc81c\uc870\ubb3c \ucc45\uc784 \ubcf4\uc7a5\uc5d0 \ub300\ud55c \uc555\ubc15\uc774 \uac00\uc911\ub418\ub294 \uc2dc\ub300\uc5d0 \uce58\uc5f4\ud55c \uac00\uaca9 \ubc0f \ube44\uac00\uaca9 \uacbd\uc7c1 \uc18d\uc5d0\uc11c \uc81c\ud488\uacfc \uc11c\ube44\uc2a4\ub97c \uc81c\uacf5\ud558\ub294 \ubaa8\ub4e0 \uc870\uc9c1\uc740 \uace0\uac1d \ub9cc\uc871\uc744 \ucd5c\uc6b0\uc120\uc73c\ub85c \ud558\ub294 \ud488\uc9c8 \uad00\ub9ac \uc2dc\uc2a4\ud15c\uc744 \uac1c\ubc1c\ud558\uace0 \uc788\uc2b5\ub2c8\ub2e4.<\/p>\n<p>\ud488\uc9c8 \uad00\ub9ac \uc2dc\uc2a4\ud15c\uc740 \uc81c\uacf5\ub418\ub294 \uc81c\ud488 \ub610\ub294 \uc11c\ube44\uc2a4\uc640 \uad00\ub828\ud558\uc5ec \uace0\uac1d\uc5d0\uac8c \uc77c\uad00\ub41c \uacb0\uacfc\ub97c \ub2ec\uc131\ud558\ub294 \ub370 \ud544\uc694\ud55c \ubaa8\ub4e0 \ud65c\ub3d9\uc744 \uc815\uc758\ud569\ub2c8\ub2e4. \ud488\uc9c8 \ubcf4\uc99d \uc6d0\uce59\uc740 \uc9c0\uc18d\uc801\uc778 \uac1c\uc120\uc744 \uc704\ud574 \uc218\ub9bd, \ubb38\uc11c\ud654, \uad6c\ud604 \ubc0f \uc720\uc9c0 \uad00\ub9ac\ub429\ub2c8\ub2e4.<\/p>\n<p>ISO 9001 \uc778\uc99d\uc740 \ud488\uc9c8 \uad00\ub9ac \uc2dc\uc2a4\ud15c\uc744 \ub3c4\uc785\ud558\uace0 \ubc1c\uc804\uc2dc\ud0a4\ub294 \ubc29\ubc95\uc73c\ub85c \uc0ac\uc6a9\ub429\ub2c8\ub2e4.<\/p>","protected":false},"excerpt":{"rendered":"<p>ISO 9001\uc774\ub780 \ubb34\uc5c7\uc778\uac00\uc694? ISO 9001\uc740 ISO(\uad6d\uc81c\ud45c\uc900\ud654\uae30\uad6c)\uc5d0\uc11c \uc81c\uc815\ud55c \ud488\uc9c8 \uacbd\uc601 \uc2dc\uc2a4\ud15c\uacfc \uad00\ub828\ub41c \ud45c\uc900 \uc81c\ud488\uad70\uc73c\ub85c, \uc870\uc9c1\uc774 \uace0\uac1d \ubc0f \uae30\ud0c0 \uc774\ud574\uad00\uacc4\uc790\uc758 \uc694\uad6c\ub97c \ucda9\uc871\ud560 \uc218 \uc788\ub3c4\ub85d \uc124\uacc4\ub418\uc5c8\uc2b5\ub2c8\ub2e4. ISO 9001\uc740 \uc870\uc9c1\uc758 \ud488\uc9c8 \uacbd\uc601 \uc2dc\uc2a4\ud15c\uc774 ISO 9001\uc744 \uc900\uc218\ud558\ub294\uc9c0 \ud655\uc778\ud558\uc5ec \uc778\uc99d\uc744 \uc81c\uacf5\ud558\ub294 \uc2dc\uc2a4\ud15c\uc785\ub2c8\ub2e4.&nbsp;<a href=\"https:\/\/icrpolska.com\/kr\/certyfikacja-systemow\/iso-9001\/\" rel=\"bookmark\">\uc790\uc138\ud788 \ubcf4\uae30\"<span class=\"screen-reader-text\">ISO 9001 - \uad6d\uc81c \ud45c\uc900\ud654 \uae30\uad6c<\/span><\/a><\/p>","protected":false},"author":1,"featured_media":48,"parent":162,"menu_order":0,"comment_status":"closed","ping_status":"closed","template":"","meta":{"neve_meta_sidebar":"","neve_meta_container":"","neve_meta_enable_content_width":"off","neve_meta_content_width":70,"neve_meta_title_alignment":"","neve_meta_author_avatar":"","neve_post_elements_order":"","neve_meta_disable_header":"","neve_meta_disable_footer":"","neve_meta_disable_title":"","footnotes":""},"class_list":["post-1899","page","type-page","status-publish","has-post-thumbnail","hentry"],"yoast_head":"<!-- This site is optimized with the Yoast SEO plugin v27.3 - https:\/\/yoast.com\/product\/yoast-seo-wordpress\/ -->\n<title>ISO 9001 - International Organization for Standardization - ICR POLSKA - badania i certyfikacja<\/title>\n<meta name=\"robots\" content=\"index, follow, max-snippet:-1, max-image-preview:large, max-video-preview:-1\" \/>\n<link rel=\"canonical\" href=\"https:\/\/icrpolska.com\/kr\/certyfikacja-systemow\/iso-9001\/\" \/>\n<meta property=\"og:locale\" content=\"ko_KR\" \/>\n<meta property=\"og:type\" content=\"article\" \/>\n<meta property=\"og:title\" content=\"ISO 9001 - International Organization for Standardization - ICR POLSKA - badania i certyfikacja\" \/>\n<meta property=\"og:description\" content=\"Czym jest ISO 9001? ISO 9001 to rodzina norm ustanowionych przez ISO (International Organization for Standardization), kt\u00f3re odnosz\u0105 si\u0119 do system\u00f3w zarz\u0105dzania jako\u015bci\u0105 i maj\u0105 na celu pomoc organizacjom w zaspokajaniu potrzeb klient\u00f3w i innych zainteresowanych stron. ISO 9001 jest systemem zapewnienia certyfikacji przez sprawdzanie, czy system zarz\u0105dzania jako\u015bci\u0105 organizacji jest zgodny z norm\u0105 ISO&hellip;&nbsp;\ub354 \ubcf4\uae30 &raquo;ISO 9001 &#8211; International Organization for Standardization\" \/>\n<meta property=\"og:url\" content=\"https:\/\/icrpolska.com\/kr\/certyfikacja-systemow\/iso-9001\/\" \/>\n<meta property=\"og:site_name\" content=\"ICR POLSKA - badania i certyfikacja\" \/>\n<meta property=\"article:modified_time\" content=\"2022-09-07T21:02:26+00:00\" \/>\n<meta property=\"og:image\" content=\"https:\/\/icrpolska.com\/wp-content\/uploads\/2019\/05\/screencapture-icrpolska-e-ksperci-pl-systemy-2019-04-17-17_07_18-e1555513756585.png\" \/>\n\t<meta property=\"og:image:width\" content=\"664\" \/>\n\t<meta property=\"og:image:height\" content=\"621\" \/>\n\t<meta property=\"og:image:type\" content=\"image\/png\" \/>\n<meta name=\"twitter:card\" content=\"summary_large_image\" \/>\n<meta name=\"twitter:label1\" content=\"\uc608\uc0c1 \ub418\ub294 \ud310\ub3c5 \uc2dc\uac04\" \/>\n\t<meta name=\"twitter:data1\" content=\"2\ubd84\" \/>\n<script type=\"application\/ld+json\" class=\"yoast-schema-graph\">{\"@context\":\"https:\\\/\\\/schema.org\",\"@graph\":[{\"@type\":\"WebPage\",\"@id\":\"https:\\\/\\\/icrpolska.com\\\/certyfikacja-systemow\\\/iso-9001\\\/\",\"url\":\"https:\\\/\\\/icrpolska.com\\\/certyfikacja-systemow\\\/iso-9001\\\/\",\"name\":\"ISO 9001 - International Organization for Standardization - ICR POLSKA - badania i certyfikacja\",\"isPartOf\":{\"@id\":\"https:\\\/\\\/icrpolska.com\\\/#website\"},\"primaryImageOfPage\":{\"@id\":\"https:\\\/\\\/icrpolska.com\\\/certyfikacja-systemow\\\/iso-9001\\\/#primaryimage\"},\"image\":{\"@id\":\"https:\\\/\\\/icrpolska.com\\\/certyfikacja-systemow\\\/iso-9001\\\/#primaryimage\"},\"thumbnailUrl\":\"https:\\\/\\\/icrpolska.com\\\/wp-content\\\/uploads\\\/2019\\\/05\\\/screencapture-icrpolska-e-ksperci-pl-systemy-2019-04-17-17_07_18-e1555513756585.png\",\"datePublished\":\"2019-05-22T06:51:40+00:00\",\"dateModified\":\"2022-09-07T21:02:26+00:00\",\"breadcrumb\":{\"@id\":\"https:\\\/\\\/icrpolska.com\\\/certyfikacja-systemow\\\/iso-9001\\\/#breadcrumb\"},\"inLanguage\":\"ko-KR\",\"potentialAction\":[{\"@type\":\"ReadAction\",\"target\":[\"https:\\\/\\\/icrpolska.com\\\/certyfikacja-systemow\\\/iso-9001\\\/\"]}]},{\"@type\":\"ImageObject\",\"inLanguage\":\"ko-KR\",\"@id\":\"https:\\\/\\\/icrpolska.com\\\/certyfikacja-systemow\\\/iso-9001\\\/#primaryimage\",\"url\":\"https:\\\/\\\/icrpolska.com\\\/wp-content\\\/uploads\\\/2019\\\/05\\\/screencapture-icrpolska-e-ksperci-pl-systemy-2019-04-17-17_07_18-e1555513756585.png\",\"contentUrl\":\"https:\\\/\\\/icrpolska.com\\\/wp-content\\\/uploads\\\/2019\\\/05\\\/screencapture-icrpolska-e-ksperci-pl-systemy-2019-04-17-17_07_18-e1555513756585.png\",\"width\":664,\"height\":621},{\"@type\":\"BreadcrumbList\",\"@id\":\"https:\\\/\\\/icrpolska.com\\\/certyfikacja-systemow\\\/iso-9001\\\/#breadcrumb\",\"itemListElement\":[{\"@type\":\"ListItem\",\"position\":1,\"name\":\"Strona g\u0142\u00f3wna\",\"item\":\"https:\\\/\\\/icrpolska.com\\\/\"},{\"@type\":\"ListItem\",\"position\":2,\"name\":\"Certyfikacja system\u00f3w ISO\",\"item\":\"https:\\\/\\\/icrpolska.com\\\/certyfikacja-systemow\\\/\"},{\"@type\":\"ListItem\",\"position\":3,\"name\":\"ISO 9001 &#8211; International Organization for Standardization\"}]},{\"@type\":\"WebSite\",\"@id\":\"https:\\\/\\\/icrpolska.com\\\/#website\",\"url\":\"https:\\\/\\\/icrpolska.com\\\/\",\"name\":\"ICR POLSKA - badania i certyfikacja\",\"description\":\"CE certification, CE certificate, ISO certificate, RED testing, product testing and certification, electrical product testing, medical device testing, ATEX, IECEx, FCC, product certification, EMC testing, machinery certification, CE machines, training, electronic product testing, testing 2014\\\/53\\\/EU, drone certification, ISO 13485 certificate, ISO 9001 certificate, NC RfG, CPR\",\"publisher\":{\"@id\":\"https:\\\/\\\/icrpolska.com\\\/#\\\/schema\\\/person\\\/8601820fc0521fc7bf75ae141134fbfd\"},\"potentialAction\":[{\"@type\":\"SearchAction\",\"target\":{\"@type\":\"EntryPoint\",\"urlTemplate\":\"https:\\\/\\\/icrpolska.com\\\/?s={search_term_string}\"},\"query-input\":{\"@type\":\"PropertyValueSpecification\",\"valueRequired\":true,\"valueName\":\"search_term_string\"}}],\"inLanguage\":\"ko-KR\"},{\"@type\":[\"Person\",\"Organization\"],\"@id\":\"https:\\\/\\\/icrpolska.com\\\/#\\\/schema\\\/person\\\/8601820fc0521fc7bf75ae141134fbfd\",\"name\":\"admin\",\"image\":{\"@type\":\"ImageObject\",\"inLanguage\":\"ko-KR\",\"@id\":\"https:\\\/\\\/icrpolska.com\\\/wp-content\\\/uploads\\\/2019\\\/05\\\/cropped-logo-icr.32f04ad5-1-1.png\",\"url\":\"https:\\\/\\\/icrpolska.com\\\/wp-content\\\/uploads\\\/2019\\\/05\\\/cropped-logo-icr.32f04ad5-1-1.png\",\"contentUrl\":\"https:\\\/\\\/icrpolska.com\\\/wp-content\\\/uploads\\\/2019\\\/05\\\/cropped-logo-icr.32f04ad5-1-1.png\",\"width\":400,\"height\":148,\"caption\":\"admin\"},\"logo\":{\"@id\":\"https:\\\/\\\/icrpolska.com\\\/wp-content\\\/uploads\\\/2019\\\/05\\\/cropped-logo-icr.32f04ad5-1-1.png\"}}]}<\/script>\n<!-- \/ Yoast SEO plugin. -->","yoast_head_json":{"title":"ISO 9001 - \uad6d\uc81c \ud45c\uc900\ud654 \uae30\uad6c - ICR POLAND - \ud14c\uc2a4\ud2b8 \ubc0f \uc778\uc99d","robots":{"index":"index","follow":"follow","max-snippet":"max-snippet:-1","max-image-preview":"max-image-preview:large","max-video-preview":"max-video-preview:-1"},"canonical":"https:\/\/icrpolska.com\/kr\/certyfikacja-systemow\/iso-9001\/","og_locale":"ko_KR","og_type":"article","og_title":"ISO 9001 - International Organization for Standardization - ICR POLSKA - badania i certyfikacja","og_description":"Czym jest ISO 9001? ISO 9001 to rodzina norm ustanowionych przez ISO (International Organization for Standardization), kt\u00f3re odnosz\u0105 si\u0119 do system\u00f3w zarz\u0105dzania jako\u015bci\u0105 i maj\u0105 na celu pomoc organizacjom w zaspokajaniu potrzeb klient\u00f3w i innych zainteresowanych stron. ISO 9001 jest systemem zapewnienia certyfikacji przez sprawdzanie, czy system zarz\u0105dzania jako\u015bci\u0105 organizacji jest zgodny z norm\u0105 ISO&hellip;&nbsp;\ub354 \ubcf4\uae30 &raquo;ISO 9001 &#8211; International Organization for Standardization","og_url":"https:\/\/icrpolska.com\/kr\/certyfikacja-systemow\/iso-9001\/","og_site_name":"ICR POLSKA - badania i certyfikacja","article_modified_time":"2022-09-07T21:02:26+00:00","og_image":[{"width":664,"height":621,"url":"https:\/\/icrpolska.com\/wp-content\/uploads\/2019\/05\/screencapture-icrpolska-e-ksperci-pl-systemy-2019-04-17-17_07_18-e1555513756585.png","type":"image\/png"}],"twitter_card":"summary_large_image","twitter_misc":{"\uc608\uc0c1 \ub418\ub294 \ud310\ub3c5 \uc2dc\uac04":"2\ubd84"},"schema":{"@context":"https:\/\/schema.org","@graph":[{"@type":"WebPage","@id":"https:\/\/icrpolska.com\/certyfikacja-systemow\/iso-9001\/","url":"https:\/\/icrpolska.com\/certyfikacja-systemow\/iso-9001\/","name":"ISO 9001 - \uad6d\uc81c \ud45c\uc900\ud654 \uae30\uad6c - ICR POLAND - \ud14c\uc2a4\ud2b8 \ubc0f \uc778\uc99d","isPartOf":{"@id":"https:\/\/icrpolska.com\/#website"},"primaryImageOfPage":{"@id":"https:\/\/icrpolska.com\/certyfikacja-systemow\/iso-9001\/#primaryimage"},"image":{"@id":"https:\/\/icrpolska.com\/certyfikacja-systemow\/iso-9001\/#primaryimage"},"thumbnailUrl":"https:\/\/icrpolska.com\/wp-content\/uploads\/2019\/05\/screencapture-icrpolska-e-ksperci-pl-systemy-2019-04-17-17_07_18-e1555513756585.png","datePublished":"2019-05-22T06:51:40+00:00","dateModified":"2022-09-07T21:02:26+00:00","breadcrumb":{"@id":"https:\/\/icrpolska.com\/certyfikacja-systemow\/iso-9001\/#breadcrumb"},"inLanguage":"ko-KR","potentialAction":[{"@type":"ReadAction","target":["https:\/\/icrpolska.com\/certyfikacja-systemow\/iso-9001\/"]}]},{"@type":"ImageObject","inLanguage":"ko-KR","@id":"https:\/\/icrpolska.com\/certyfikacja-systemow\/iso-9001\/#primaryimage","url":"https:\/\/icrpolska.com\/wp-content\/uploads\/2019\/05\/screencapture-icrpolska-e-ksperci-pl-systemy-2019-04-17-17_07_18-e1555513756585.png","contentUrl":"https:\/\/icrpolska.com\/wp-content\/uploads\/2019\/05\/screencapture-icrpolska-e-ksperci-pl-systemy-2019-04-17-17_07_18-e1555513756585.png","width":664,"height":621},{"@type":"BreadcrumbList","@id":"https:\/\/icrpolska.com\/certyfikacja-systemow\/iso-9001\/#breadcrumb","itemListElement":[{"@type":"ListItem","position":1,"name":"Strona g\u0142\u00f3wna","item":"https:\/\/icrpolska.com\/"},{"@type":"ListItem","position":2,"name":"Certyfikacja system\u00f3w ISO","item":"https:\/\/icrpolska.com\/certyfikacja-systemow\/"},{"@type":"ListItem","position":3,"name":"ISO 9001 &#8211; International Organization for Standardization"}]},{"@type":"WebSite","@id":"https:\/\/icrpolska.com\/#website","url":"https:\/\/icrpolska.com\/","name":"ICR \ud3f4\ub780\ub4dc - \ud14c\uc2a4\ud2b8 \ubc0f \uc778\uc99d","description":"CE \uc778\uc99d, CE \uc778\uc99d\uc11c, ISO \uc778\uc99d\uc11c, RED \ud14c\uc2a4\ud2b8, \uc81c\ud488 \ud14c\uc2a4\ud2b8 \ubc0f \uc778\uc99d, \uc804\uae30 \uc81c\ud488 \ud14c\uc2a4\ud2b8, \uc758\ub8cc\uae30\uae30 \ud14c\uc2a4\ud2b8, ATEX, IECEx, FCC, \uc81c\ud488 \uc778\uc99d, EMC \ud14c\uc2a4\ud2b8, \uae30\uacc4 \uc778\uc99d, CE \uae30\uacc4, \uad50\uc721, \uc804\uc790 \uc81c\ud488 \ud14c\uc2a4\ud2b8, \ud14c\uc2a4\ud2b8 2014\/53\/EU, \ub4dc\ub860 \uc778\uc99d, ISO 13485 \uc778\uc99d\uc11c, ISO 9001 \uc778\uc99d\uc11c, NC RfG, CPR","publisher":{"@id":"https:\/\/icrpolska.com\/#\/schema\/person\/8601820fc0521fc7bf75ae141134fbfd"},"potentialAction":[{"@type":"SearchAction","target":{"@type":"EntryPoint","urlTemplate":"https:\/\/icrpolska.com\/?s={search_term_string}"},"query-input":{"@type":"PropertyValueSpecification","valueRequired":true,"valueName":"search_term_string"}}],"inLanguage":"ko-KR"},{"@type":["Person","Organization"],"@id":"https:\/\/icrpolska.com\/#\/schema\/person\/8601820fc0521fc7bf75ae141134fbfd","name":"\uad00\ub9ac\uc790","image":{"@type":"ImageObject","inLanguage":"ko-KR","@id":"https:\/\/icrpolska.com\/wp-content\/uploads\/2019\/05\/cropped-logo-icr.32f04ad5-1-1.png","url":"https:\/\/icrpolska.com\/wp-content\/uploads\/2019\/05\/cropped-logo-icr.32f04ad5-1-1.png","contentUrl":"https:\/\/icrpolska.com\/wp-content\/uploads\/2019\/05\/cropped-logo-icr.32f04ad5-1-1.png","width":400,"height":148,"caption":"admin"},"logo":{"@id":"https:\/\/icrpolska.com\/wp-content\/uploads\/2019\/05\/cropped-logo-icr.32f04ad5-1-1.png"}}]}},"_links":{"self":[{"href":"https:\/\/icrpolska.com\/kr\/wp-json\/wp\/v2\/pages\/1899","targetHints":{"allow":["GET"]}}],"collection":[{"href":"https:\/\/icrpolska.com\/kr\/wp-json\/wp\/v2\/pages"}],"about":[{"href":"https:\/\/icrpolska.com\/kr\/wp-json\/wp\/v2\/types\/page"}],"author":[{"embeddable":true,"href":"https:\/\/icrpolska.com\/kr\/wp-json\/wp\/v2\/users\/1"}],"replies":[{"embeddable":true,"href":"https:\/\/icrpolska.com\/kr\/wp-json\/wp\/v2\/comments?post=1899"}],"version-history":[{"count":1,"href":"https:\/\/icrpolska.com\/kr\/wp-json\/wp\/v2\/pages\/1899\/revisions"}],"predecessor-version":[{"id":2155,"href":"https:\/\/icrpolska.com\/kr\/wp-json\/wp\/v2\/pages\/1899\/revisions\/2155"}],"up":[{"embeddable":true,"href":"https:\/\/icrpolska.com\/kr\/wp-json\/wp\/v2\/pages\/162"}],"wp:featuredmedia":[{"embeddable":true,"href":"https:\/\/icrpolska.com\/kr\/wp-json\/wp\/v2\/media\/48"}],"wp:attachment":[{"href":"https:\/\/icrpolska.com\/kr\/wp-json\/wp\/v2\/media?parent=1899"}],"curies":[{"name":"wp","href":"https:\/\/api.w.org\/{rel}","templated":true}]}}