{"id":1945,"date":"2019-05-22T19:08:36","date_gmt":"2019-05-22T19:08:36","guid":{"rendered":"http:\/\/icrpolska.e-ksperci.pl\/?page_id=1945"},"modified":"2022-09-07T23:06:54","modified_gmt":"2022-09-07T21:06:54","slug":"iso-45001-system-zarzadzania-bezpieczenstwem-i-higiena-pracy","status":"publish","type":"page","link":"https:\/\/icrpolska.com\/kr\/certyfikacja-systemow\/iso-45001-system-zarzadzania-bezpieczenstwem-i-higiena-pracy\/","title":{"rendered":"ISO 45001 \uc0b0\uc5c5 \ubcf4\uac74 \ubc0f \uc548\uc804 \uad00\ub9ac \uc2dc\uc2a4\ud15c"},"content":{"rendered":"<br \/>\n<h2>ISO 45001\uc774\ub780 \ubb34\uc5c7\uc778\uac00\uc694?<\/h2>\n<p class=\"translation-block\"><strong>ISO 45001<\/strong>(\uc0b0\uc5c5\uc548\uc804\ubcf4\uac74\uacbd\uc601\uc2dc\uc2a4\ud15c)\uc740 \uc791\uc5c5\uc7a5\uc5d0\uc11c \ubc1c\uc0dd\ud560 \uc218 \uc788\ub294 \uc9c1\uc6d0\uc758 \ubcf4\uac74 \ubc0f \uc548\uc804 \uc704\ud5d8\uc744 \uc608\uce21\ud558\uace0 \uc608\ubc29\ud558\uae30 \uc704\ud55c \uad00\ub9ac \uc2dc\uc2a4\ud15c\uc785\ub2c8\ub2e4. \uc774 \uc2dc\uc2a4\ud15c\uc740 \uc9c1\uc6d0\uc758 \uac74\uac15 \ubc0f \uc548\uc804\uacfc \uad00\ub828\ub41c \uc694\uc18c\ub97c \uac1c\uc120\ud558\uace0 \uad00\ub9ac\ud569\ub2c8\ub2e4.<\/p>\n<h4>ISO 45001\uc758 \uc774\uc810:<\/h4>\n<ul>\n<li>\uad6d\uc81c \ud2b8\ub80c\ub4dc\uc5d0 \ub2a5\ub3d9\uc801\uc73c\ub85c \ub300\ucc98\ud558\ub294 \ub2a5\ub825<\/li>\n<li>\ud574\uc678 \uc2dc\uc7a5 \uc9c4\ucd9c\uc744 \ucd09\uc9c4\ud558\uae30 \uc704\ud574 \uad6d\uc81c \ubb34\uc5ed\uc5d0 \ub300\ud55c \ubcf4\uac74 \ubc0f \uc548\uc804 \uc7a5\ubcbd\uc744 \uc81c\uac70\ud569\ub2c8\ub2e4.<\/li>\n<li>ILO \ubc0f \uae30\ud0c0 \uad6d\uc81c \uc555\ub825 \ub2e8\uccb4\ub85c\ubd80\ud130\uc758 \uc790\uc720 \ubcf4\uc7a5<\/li>\n<li>ISO 9001 \ubc0f ISO 14001\uacfc \uc720\uc0ac\ud55c \uad6c\uc870\ub85c \ud1b5\ud569 \uc2dc\uc2a4\ud15c\uc744 \uc27d\uac8c \uad6c\ucd95\ud560 \uc218 \uc788\uc73c\uba70 \ud6a8\uacfc\uc801\uc778 \ud488\uc9c8\/\ud658\uacbd\/\uc548\uc804 \uad00\ub9ac \uc2dc\uc2a4\ud15c\uc744 \ub3c4\uc785\ud560 \uc218 \uc788\uc2b5\ub2c8\ub2e4.<\/li>\n<li>\uac74\uac15 \ubc0f \uc548\uc804 \uce21\uba74<\/li>\n<li>\uc791\uc5c5\uc7a5 \ub0b4 \uc7a0\uc7ac\uc801 \uc704\ud5d8\uc694\uc18c\ub97c \uc9c0\uc18d\uc801\uc73c\ub85c \uad00\ub9ac\/\uc608\ubc29\ud558\uc5ec \uc0dd\uba85\uacfc \uc7ac\uc0b0\uc744 \ubcf4\ud638\ud568\uc73c\ub85c\uc368 \uc0ac\uace0\ub97c \ud06c\uac8c \uc904\uc785\ub2c8\ub2e4.<\/li>\n<li>\uc7ac\ubb34 \uce21\uba74<\/li>\n<li>\uc0ac\uace0 \uac10\uc18c\ub97c \ud1b5\ud55c \uc0ac\uace0 \ube44\uc6a9 \uc808\uac10\uc758 \uc774\uc810<\/li>\n<li>\uc774\ud574\uad00\uacc4\uc790\ub97c \uc704\ud55c \ud22c\uc790 \uc548\uc815\uc131<\/li>\n<li>\uc0ac\ud68c\uc801 \uc555\ub825\uc5d0 \ub300\ucc98\ud558\ub294 \ub2a5\ub825<\/li>\n<li>\ubcf4\uc548 \uac15\ud654\uc5d0 \ub300\ud55c \ub300\uc911\uc758 \uae30\ub300 \ucda9\uc871<\/li>\n<li>\uc5c5\ubb34 \uad00\ub9ac\uc758 \uc548\uc815\uc131 \ud5a5\uc0c1<\/li>\n<li>\uac15\ud654\ub41c \ubc95\ub960 \ubc0f \uaddc\uc815<\/li>\n<li>\ud604\uc9c0 \ubc0f \uad6d\uc81c \ubc95\ub960 \ubc0f \uaddc\uc815\uc5d0 \ub2a5\ub3d9\uc801\uc73c\ub85c \ub300\ucc98\ud560 \uc218 \uc788\ub294 \ub2a5\ub825<\/li>\n<li>\uad6d\uc81c \ub178\ub3d9 \ucee4\ubba4\ub2c8\ud2f0\uc5d0 \ub300\ud55c \ubaa8\ub2c8\ud130\ub9c1 \uac15\ud654<\/li>\n<\/ul>","protected":false},"excerpt":{"rendered":"<p>ISO 45001\uc774\ub780 \ubb34\uc5c7\uc778\uac00\uc694? ISO 45001(\uc548\uc804\ubcf4\uac74\uacbd\uc601\uc2dc\uc2a4\ud15c)\uc740 \uc9c1\uc7a5\uc5d0\uc11c \ubc1c\uc0dd\ud560 \uc218 \uc788\ub294 \uc9c1\uc6d0\uc758 \uac74\uac15\uacfc \uc548\uc804\uc5d0 \ub300\ud55c \uc704\ud5d8\uc744 \uc608\uce21\ud558\uace0 \uc608\ubc29\ud558\uae30 \uc704\ud574 \uace0\uc548\ub41c \uacbd\uc601 \uc2dc\uc2a4\ud15c\uc785\ub2c8\ub2e4. \uc774 \uc2dc\uc2a4\ud15c\uc740 \uc9c1\uc6d0\uc758 \uac74\uac15 \ubc0f \uc548\uc804\uacfc \uad00\ub828\ub41c \uc694\uc18c\ub97c \uac1c\uc120\ud558\uace0 \uad00\ub9ac\ud569\ub2c8\ub2e4. ISO 45001\uc758 \uc774\uc810: \uc120\uc81c\uc801 \ub300\uc751 \ub2a5\ub825...&nbsp;<a href=\"https:\/\/icrpolska.com\/kr\/certyfikacja-systemow\/iso-45001-system-zarzadzania-bezpieczenstwem-i-higiena-pracy\/\" rel=\"bookmark\">\uc790\uc138\ud788 \ubcf4\uae30\"<span class=\"screen-reader-text\">ISO 45001 \uc0b0\uc5c5 \ubcf4\uac74 \ubc0f \uc548\uc804 \uad00\ub9ac \uc2dc\uc2a4\ud15c<\/span><\/a><\/p>","protected":false},"author":1,"featured_media":1065,"parent":162,"menu_order":0,"comment_status":"closed","ping_status":"closed","template":"","meta":{"neve_meta_sidebar":"","neve_meta_container":"","neve_meta_enable_content_width":"off","neve_meta_content_width":70,"neve_meta_title_alignment":"","neve_meta_author_avatar":"","neve_post_elements_order":"","neve_meta_disable_header":"","neve_meta_disable_footer":"","neve_meta_disable_title":"","footnotes":""},"class_list":["post-1945","page","type-page","status-publish","has-post-thumbnail","hentry"],"yoast_head":"<!-- This site is optimized with the Yoast SEO plugin v27.3 - https:\/\/yoast.com\/product\/yoast-seo-wordpress\/ -->\n<title>ISO 45001 System Zarz\u0105dzania Bezpiecze\u0144stwem i Higien\u0105 Pracy - ICR POLSKA - badania i certyfikacja<\/title>\n<meta name=\"robots\" content=\"index, follow, max-snippet:-1, max-image-preview:large, max-video-preview:-1\" \/>\n<link rel=\"canonical\" href=\"https:\/\/icrpolska.com\/kr\/certyfikacja-systemow\/iso-45001-system-zarzadzania-bezpieczenstwem-i-higiena-pracy\/\" \/>\n<meta property=\"og:locale\" content=\"ko_KR\" \/>\n<meta property=\"og:type\" content=\"article\" \/>\n<meta property=\"og:title\" content=\"ISO 45001 System Zarz\u0105dzania Bezpiecze\u0144stwem i Higien\u0105 Pracy - ICR POLSKA - badania i certyfikacja\" \/>\n<meta property=\"og:description\" content=\"Czym jest ISO 45001? ISO 45001 (System Zarz\u0105dzania Bezpiecze\u0144stwem i Higien\u0105 Pracy) to system zarz\u0105dzania, kt\u00f3ry ma za zadanie przewidzie\u0107 zagro\u017cenia dla zdrowia i bezpiecze\u0144stwa pracownik\u00f3w, mog\u0105ce wyst\u0105pi\u0107 w miejscu pracy oraz zapobiec im. System poprawia oraz zarz\u0105dza elementami zwi\u0105zanymi z bezpiecze\u0144stwem i higien\u0105 pracy pracownik\u00f3w Korzy\u015bci wynikaj\u0105ce z ISO 45001: Zdolno\u015b\u0107 do aktywnego radzenia&hellip;&nbsp;\ub354 \ubcf4\uae30 &raquo;ISO 45001 System Zarz\u0105dzania Bezpiecze\u0144stwem i Higien\u0105 Pracy\" \/>\n<meta property=\"og:url\" content=\"https:\/\/icrpolska.com\/kr\/certyfikacja-systemow\/iso-45001-system-zarzadzania-bezpieczenstwem-i-higiena-pracy\/\" \/>\n<meta property=\"og:site_name\" content=\"ICR POLSKA - badania i certyfikacja\" \/>\n<meta property=\"article:modified_time\" content=\"2022-09-07T21:06:54+00:00\" \/>\n<meta name=\"twitter:card\" content=\"summary_large_image\" \/>\n<meta name=\"twitter:label1\" content=\"\uc608\uc0c1 \ub418\ub294 \ud310\ub3c5 \uc2dc\uac04\" \/>\n\t<meta name=\"twitter:data1\" content=\"2\ubd84\" \/>\n<script type=\"application\/ld+json\" class=\"yoast-schema-graph\">{\"@context\":\"https:\\\/\\\/schema.org\",\"@graph\":[{\"@type\":\"WebPage\",\"@id\":\"https:\\\/\\\/icrpolska.com\\\/certyfikacja-systemow\\\/iso-45001-system-zarzadzania-bezpieczenstwem-i-higiena-pracy\\\/\",\"url\":\"https:\\\/\\\/icrpolska.com\\\/certyfikacja-systemow\\\/iso-45001-system-zarzadzania-bezpieczenstwem-i-higiena-pracy\\\/\",\"name\":\"ISO 45001 System Zarz\u0105dzania Bezpiecze\u0144stwem i Higien\u0105 Pracy - ICR POLSKA - badania i certyfikacja\",\"isPartOf\":{\"@id\":\"https:\\\/\\\/icrpolska.com\\\/#website\"},\"primaryImageOfPage\":{\"@id\":\"https:\\\/\\\/icrpolska.com\\\/certyfikacja-systemow\\\/iso-45001-system-zarzadzania-bezpieczenstwem-i-higiena-pracy\\\/#primaryimage\"},\"image\":{\"@id\":\"https:\\\/\\\/icrpolska.com\\\/certyfikacja-systemow\\\/iso-45001-system-zarzadzania-bezpieczenstwem-i-higiena-pracy\\\/#primaryimage\"},\"thumbnailUrl\":\"\",\"datePublished\":\"2019-05-22T19:08:36+00:00\",\"dateModified\":\"2022-09-07T21:06:54+00:00\",\"breadcrumb\":{\"@id\":\"https:\\\/\\\/icrpolska.com\\\/certyfikacja-systemow\\\/iso-45001-system-zarzadzania-bezpieczenstwem-i-higiena-pracy\\\/#breadcrumb\"},\"inLanguage\":\"ko-KR\",\"potentialAction\":[{\"@type\":\"ReadAction\",\"target\":[\"https:\\\/\\\/icrpolska.com\\\/certyfikacja-systemow\\\/iso-45001-system-zarzadzania-bezpieczenstwem-i-higiena-pracy\\\/\"]}]},{\"@type\":\"ImageObject\",\"inLanguage\":\"ko-KR\",\"@id\":\"https:\\\/\\\/icrpolska.com\\\/certyfikacja-systemow\\\/iso-45001-system-zarzadzania-bezpieczenstwem-i-higiena-pracy\\\/#primaryimage\",\"url\":\"\",\"contentUrl\":\"\"},{\"@type\":\"BreadcrumbList\",\"@id\":\"https:\\\/\\\/icrpolska.com\\\/certyfikacja-systemow\\\/iso-45001-system-zarzadzania-bezpieczenstwem-i-higiena-pracy\\\/#breadcrumb\",\"itemListElement\":[{\"@type\":\"ListItem\",\"position\":1,\"name\":\"Strona g\u0142\u00f3wna\",\"item\":\"https:\\\/\\\/icrpolska.com\\\/\"},{\"@type\":\"ListItem\",\"position\":2,\"name\":\"Certyfikacja system\u00f3w ISO\",\"item\":\"https:\\\/\\\/icrpolska.com\\\/certyfikacja-systemow\\\/\"},{\"@type\":\"ListItem\",\"position\":3,\"name\":\"ISO 45001 System Zarz\u0105dzania Bezpiecze\u0144stwem i Higien\u0105 Pracy\"}]},{\"@type\":\"WebSite\",\"@id\":\"https:\\\/\\\/icrpolska.com\\\/#website\",\"url\":\"https:\\\/\\\/icrpolska.com\\\/\",\"name\":\"ICR POLSKA - badania i certyfikacja\",\"description\":\"CE certification, CE certificate, ISO certificate, RED testing, product testing and certification, electrical product testing, medical device testing, ATEX, IECEx, FCC, product certification, EMC testing, machinery certification, CE machines, training, electronic product testing, testing 2014\\\/53\\\/EU, drone certification, ISO 13485 certificate, ISO 9001 certificate, NC RfG, CPR\",\"publisher\":{\"@id\":\"https:\\\/\\\/icrpolska.com\\\/#\\\/schema\\\/person\\\/8601820fc0521fc7bf75ae141134fbfd\"},\"potentialAction\":[{\"@type\":\"SearchAction\",\"target\":{\"@type\":\"EntryPoint\",\"urlTemplate\":\"https:\\\/\\\/icrpolska.com\\\/?s={search_term_string}\"},\"query-input\":{\"@type\":\"PropertyValueSpecification\",\"valueRequired\":true,\"valueName\":\"search_term_string\"}}],\"inLanguage\":\"ko-KR\"},{\"@type\":[\"Person\",\"Organization\"],\"@id\":\"https:\\\/\\\/icrpolska.com\\\/#\\\/schema\\\/person\\\/8601820fc0521fc7bf75ae141134fbfd\",\"name\":\"admin\",\"image\":{\"@type\":\"ImageObject\",\"inLanguage\":\"ko-KR\",\"@id\":\"https:\\\/\\\/icrpolska.com\\\/wp-content\\\/uploads\\\/2019\\\/05\\\/cropped-logo-icr.32f04ad5-1-1.png\",\"url\":\"https:\\\/\\\/icrpolska.com\\\/wp-content\\\/uploads\\\/2019\\\/05\\\/cropped-logo-icr.32f04ad5-1-1.png\",\"contentUrl\":\"https:\\\/\\\/icrpolska.com\\\/wp-content\\\/uploads\\\/2019\\\/05\\\/cropped-logo-icr.32f04ad5-1-1.png\",\"width\":400,\"height\":148,\"caption\":\"admin\"},\"logo\":{\"@id\":\"https:\\\/\\\/icrpolska.com\\\/wp-content\\\/uploads\\\/2019\\\/05\\\/cropped-logo-icr.32f04ad5-1-1.png\"}}]}<\/script>\n<!-- \/ Yoast SEO plugin. -->","yoast_head_json":{"title":"ISO 45001 \uc0b0\uc5c5 \ubcf4\uac74 \ubc0f \uc548\uc804 \uad00\ub9ac \uc2dc\uc2a4\ud15c - ICR POLAND - \uc2dc\ud5d8 \ubc0f \uc778\uc99d","robots":{"index":"index","follow":"follow","max-snippet":"max-snippet:-1","max-image-preview":"max-image-preview:large","max-video-preview":"max-video-preview:-1"},"canonical":"https:\/\/icrpolska.com\/kr\/certyfikacja-systemow\/iso-45001-system-zarzadzania-bezpieczenstwem-i-higiena-pracy\/","og_locale":"ko_KR","og_type":"article","og_title":"ISO 45001 System Zarz\u0105dzania Bezpiecze\u0144stwem i Higien\u0105 Pracy - ICR POLSKA - badania i certyfikacja","og_description":"Czym jest ISO 45001? ISO 45001 (System Zarz\u0105dzania Bezpiecze\u0144stwem i Higien\u0105 Pracy) to system zarz\u0105dzania, kt\u00f3ry ma za zadanie przewidzie\u0107 zagro\u017cenia dla zdrowia i bezpiecze\u0144stwa pracownik\u00f3w, mog\u0105ce wyst\u0105pi\u0107 w miejscu pracy oraz zapobiec im. System poprawia oraz zarz\u0105dza elementami zwi\u0105zanymi z bezpiecze\u0144stwem i higien\u0105 pracy pracownik\u00f3w Korzy\u015bci wynikaj\u0105ce z ISO 45001: Zdolno\u015b\u0107 do aktywnego radzenia&hellip;&nbsp;\ub354 \ubcf4\uae30 &raquo;ISO 45001 System Zarz\u0105dzania Bezpiecze\u0144stwem i Higien\u0105 Pracy","og_url":"https:\/\/icrpolska.com\/kr\/certyfikacja-systemow\/iso-45001-system-zarzadzania-bezpieczenstwem-i-higiena-pracy\/","og_site_name":"ICR POLSKA - badania i certyfikacja","article_modified_time":"2022-09-07T21:06:54+00:00","twitter_card":"summary_large_image","twitter_misc":{"\uc608\uc0c1 \ub418\ub294 \ud310\ub3c5 \uc2dc\uac04":"2\ubd84"},"schema":{"@context":"https:\/\/schema.org","@graph":[{"@type":"WebPage","@id":"https:\/\/icrpolska.com\/certyfikacja-systemow\/iso-45001-system-zarzadzania-bezpieczenstwem-i-higiena-pracy\/","url":"https:\/\/icrpolska.com\/certyfikacja-systemow\/iso-45001-system-zarzadzania-bezpieczenstwem-i-higiena-pracy\/","name":"ISO 45001 \uc0b0\uc5c5 \ubcf4\uac74 \ubc0f \uc548\uc804 \uad00\ub9ac \uc2dc\uc2a4\ud15c - ICR POLAND - \uc2dc\ud5d8 \ubc0f \uc778\uc99d","isPartOf":{"@id":"https:\/\/icrpolska.com\/#website"},"primaryImageOfPage":{"@id":"https:\/\/icrpolska.com\/certyfikacja-systemow\/iso-45001-system-zarzadzania-bezpieczenstwem-i-higiena-pracy\/#primaryimage"},"image":{"@id":"https:\/\/icrpolska.com\/certyfikacja-systemow\/iso-45001-system-zarzadzania-bezpieczenstwem-i-higiena-pracy\/#primaryimage"},"thumbnailUrl":"","datePublished":"2019-05-22T19:08:36+00:00","dateModified":"2022-09-07T21:06:54+00:00","breadcrumb":{"@id":"https:\/\/icrpolska.com\/certyfikacja-systemow\/iso-45001-system-zarzadzania-bezpieczenstwem-i-higiena-pracy\/#breadcrumb"},"inLanguage":"ko-KR","potentialAction":[{"@type":"ReadAction","target":["https:\/\/icrpolska.com\/certyfikacja-systemow\/iso-45001-system-zarzadzania-bezpieczenstwem-i-higiena-pracy\/"]}]},{"@type":"ImageObject","inLanguage":"ko-KR","@id":"https:\/\/icrpolska.com\/certyfikacja-systemow\/iso-45001-system-zarzadzania-bezpieczenstwem-i-higiena-pracy\/#primaryimage","url":"","contentUrl":""},{"@type":"BreadcrumbList","@id":"https:\/\/icrpolska.com\/certyfikacja-systemow\/iso-45001-system-zarzadzania-bezpieczenstwem-i-higiena-pracy\/#breadcrumb","itemListElement":[{"@type":"ListItem","position":1,"name":"Strona g\u0142\u00f3wna","item":"https:\/\/icrpolska.com\/"},{"@type":"ListItem","position":2,"name":"Certyfikacja system\u00f3w ISO","item":"https:\/\/icrpolska.com\/certyfikacja-systemow\/"},{"@type":"ListItem","position":3,"name":"ISO 45001 System Zarz\u0105dzania Bezpiecze\u0144stwem i Higien\u0105 Pracy"}]},{"@type":"WebSite","@id":"https:\/\/icrpolska.com\/#website","url":"https:\/\/icrpolska.com\/","name":"ICR \ud3f4\ub780\ub4dc - \ud14c\uc2a4\ud2b8 \ubc0f \uc778\uc99d","description":"CE \uc778\uc99d, CE \uc778\uc99d\uc11c, ISO \uc778\uc99d\uc11c, RED \ud14c\uc2a4\ud2b8, \uc81c\ud488 \ud14c\uc2a4\ud2b8 \ubc0f \uc778\uc99d, \uc804\uae30 \uc81c\ud488 \ud14c\uc2a4\ud2b8, \uc758\ub8cc\uae30\uae30 \ud14c\uc2a4\ud2b8, ATEX, IECEx, FCC, \uc81c\ud488 \uc778\uc99d, EMC \ud14c\uc2a4\ud2b8, \uae30\uacc4 \uc778\uc99d, CE \uae30\uacc4, \uad50\uc721, \uc804\uc790 \uc81c\ud488 \ud14c\uc2a4\ud2b8, \ud14c\uc2a4\ud2b8 2014\/53\/EU, \ub4dc\ub860 \uc778\uc99d, ISO 13485 \uc778\uc99d\uc11c, ISO 9001 \uc778\uc99d\uc11c, NC RfG, CPR","publisher":{"@id":"https:\/\/icrpolska.com\/#\/schema\/person\/8601820fc0521fc7bf75ae141134fbfd"},"potentialAction":[{"@type":"SearchAction","target":{"@type":"EntryPoint","urlTemplate":"https:\/\/icrpolska.com\/?s={search_term_string}"},"query-input":{"@type":"PropertyValueSpecification","valueRequired":true,"valueName":"search_term_string"}}],"inLanguage":"ko-KR"},{"@type":["Person","Organization"],"@id":"https:\/\/icrpolska.com\/#\/schema\/person\/8601820fc0521fc7bf75ae141134fbfd","name":"\uad00\ub9ac\uc790","image":{"@type":"ImageObject","inLanguage":"ko-KR","@id":"https:\/\/icrpolska.com\/wp-content\/uploads\/2019\/05\/cropped-logo-icr.32f04ad5-1-1.png","url":"https:\/\/icrpolska.com\/wp-content\/uploads\/2019\/05\/cropped-logo-icr.32f04ad5-1-1.png","contentUrl":"https:\/\/icrpolska.com\/wp-content\/uploads\/2019\/05\/cropped-logo-icr.32f04ad5-1-1.png","width":400,"height":148,"caption":"admin"},"logo":{"@id":"https:\/\/icrpolska.com\/wp-content\/uploads\/2019\/05\/cropped-logo-icr.32f04ad5-1-1.png"}}]}},"_links":{"self":[{"href":"https:\/\/icrpolska.com\/kr\/wp-json\/wp\/v2\/pages\/1945","targetHints":{"allow":["GET"]}}],"collection":[{"href":"https:\/\/icrpolska.com\/kr\/wp-json\/wp\/v2\/pages"}],"about":[{"href":"https:\/\/icrpolska.com\/kr\/wp-json\/wp\/v2\/types\/page"}],"author":[{"embeddable":true,"href":"https:\/\/icrpolska.com\/kr\/wp-json\/wp\/v2\/users\/1"}],"replies":[{"embeddable":true,"href":"https:\/\/icrpolska.com\/kr\/wp-json\/wp\/v2\/comments?post=1945"}],"version-history":[{"count":1,"href":"https:\/\/icrpolska.com\/kr\/wp-json\/wp\/v2\/pages\/1945\/revisions"}],"predecessor-version":[{"id":5635,"href":"https:\/\/icrpolska.com\/kr\/wp-json\/wp\/v2\/pages\/1945\/revisions\/5635"}],"up":[{"embeddable":true,"href":"https:\/\/icrpolska.com\/kr\/wp-json\/wp\/v2\/pages\/162"}],"wp:featuredmedia":[{"embeddable":true,"href":"https:\/\/icrpolska.com\/kr\/wp-json\/"}],"wp:attachment":[{"href":"https:\/\/icrpolska.com\/kr\/wp-json\/wp\/v2\/media?parent=1945"}],"curies":[{"name":"wp","href":"https:\/\/api.w.org\/{rel}","templated":true}]}}