{"id":1951,"date":"2019-05-22T19:17:19","date_gmt":"2019-05-22T19:17:19","guid":{"rendered":"http:\/\/icrpolska.e-ksperci.pl\/?page_id=1951"},"modified":"2022-09-07T22:54:09","modified_gmt":"2022-09-07T20:54:09","slug":"pn-en-iso-14065","status":"publish","type":"page","link":"https:\/\/icrpolska.com\/kr\/certyfikacja-systemow\/pn-en-iso-14065\/","title":{"rendered":"EN 14065"},"content":{"rendered":"<p class=\"translation-block\">\ud45c\uc900 <strong>EN 14065<\/strong>\ub294 \uc138\ud0c1 \ucc98\ub9ac \ud6c4 \uc12c\uc720\uc758 \ubbf8\uc0dd\ubb3c\ud559\uc801 \ud488\uc9c8\uc744 \ubcf4\uc7a5\ud558\uae30 \uc704\ud55c \uad00\ub9ac \uc2dc\uc2a4\ud15c\uc744 \uac1c\ubc1c\ud558\uae30 \uc704\ud55c \uc6d0\uce59\uc744 \uc124\uba85\ud569\ub2c8\ub2e4. \uc774 \ud45c\uc900\uc5d0 \ub530\ub77c \uc218\ub9bd\ub41c \uc2dc\uc2a4\ud15c\uc740 7.3\ud56d\uc758 \uc694\uad6c \uc0ac\ud56d\uc744 \uc81c\uc678\ud558\uace0\ub294 ISO 9001\uc5d0\uc11c \uc54c\ub824\uc9c4 \ud504\ub85c\uc138\uc2a4 \uc811\uadfc \ubc29\uc2dd\uc744 \ub530\ub985\ub2c8\ub2e4. EN 14065\ub294 2002\ub144 11\uc6d4 20\uc77c CEN(\uc720\ub7fd \ud45c\uc900\ud654 \uc704\uc6d0\ud68c)\uc5d0\uc11c \uc81c\uc815\ub418\uc5c8\uc73c\uba70, 2003\ub144\uc5d0 \uc6d0\ub798 \ubc84\uc804\uc758 \ud3f4\ub780\ub4dc \ud45c\uc900 \uc138\ud2b8\uc5d0 \ub3c4\uc785\ub418\uc5c8\uace0, 2005\ub144 4\uc6d4\uc5d0\ub294 \ud3f4\ub780\ub4dc \ud45c\uc900\ud654 \uc704\uc6d0\ud68c\uc5d0\uc11c \ud3f4\ub780\ub4dc \ubc84\uc804\uc758 \ud45c\uc900\uc744 \ub3c4\uc785\ud588\uc2b5\ub2c8\ub2e4. RABC(\uc704\ud5d8 \ubd84\uc11d \ubc0f \uc0dd\ubb3c \uc624\uc5fc \uad00\ub9ac)\ub294 \uc804\ud1b5\uc801\uc778 \uc218\uacc4 \uc138\ud0c1\uc18c\uc640 \uc18c\uc704 '\ud074\ub9b0\ub8f8' \uac1c\ub150\uc73c\ub85c \uc6b4\uc601\ub418\ub294 \uc138\ud0c1\uc18c\uc5d0 \ub300\ud55c \uc720\ub7fd \ud45c\uc900 \ud589\ub3d9 \uc9c0\uce68\uc785\ub2c8\ub2e4.<\/p>\n<h4>EN 14065\uc758 \uc774\uc810:<\/h4>\n<ul>\n<li>\uc9c1\uc6d0\uc758 \uc704\uc0dd \uc0c1\ud0dc\ub97c \ubcf4\uc7a5\ud569\ub2c8\ub2e4,<\/li>\n<li>\uc138\ud0c1\ub418\ub294 \uc9c1\ubb3c\uc5d0 \uc801\ud569\ud55c \uc704\uc0dd \uc870\uac74\uc744 \ub2ec\uc131\ud569\ub2c8\ub2e4,<\/li>\n<li>\ubc95\ub960 \ubc0f \uaddc\uc815 \uc900\uc218\ub97c \ubcf4\uc7a5\ud569\ub2c8\ub2e4,<\/li>\n<li>\uace0\uac1d\uc5d0 \ub300\ud55c \uc11c\ube44\uc2a4 \ud488\uc9c8\uacfc \uc704\uc0dd \uc0c1\ud0dc\uc5d0 \ub300\ud55c \uad00\uc2ec\uc744 \ubcf4\uc5ec\uc90d\ub2c8\ub2e4,<\/li>\n<li>\uc0c8\ub85c\uc6b4 \uace0\uac1d\uacfc \ube44\uc988\ub2c8\uc2a4 \ud30c\ud2b8\ub108\uc5d0 \ub300\ud55c \uc811\uadfc\uc744 \uc6a9\uc774\ud558\uac8c \ud569\ub2c8\ub2e4,<\/li>\n<li>RABC \uc778\uc99d\uc774 \ud544\uc694\ud55c \uae30\uc5c5\uc744 \uc704\ud55c \uc194\ub8e8\uc158\uc785\ub2c8\ub2e4,<\/li>\n<li>RABC \uc2dc\uc2a4\ud15c\uc758 \uad6c\ud604 \ubc0f \uc778\uc99d\uc744 \ud1b5\ud574 \ud68c\uc0ac\uc758 \uacbd\uc7c1\ub825\uc744 \ub192\uc785\ub2c8\ub2e4.<\/li>\n<\/ul>","protected":false},"excerpt":{"rendered":"<p>EN 14065\ub294 \uc138\ud0c1 \ucc98\ub9ac \ud6c4 \uc12c\uc720\uc758 \ubbf8\uc0dd\ubb3c\ud559\uc801 \ud488\uc9c8\uc744 \ubcf4\uc7a5\ud558\uae30 \uc704\ud55c \uad00\ub9ac \uc2dc\uc2a4\ud15c \uac1c\ubc1c \uc6d0\uce59\uc744 \uc124\uba85\ud569\ub2c8\ub2e4. \uc774 \ud45c\uc900\uc5d0 \ub530\ub77c \uc218\ub9bd\ub41c \uc2dc\uc2a4\ud15c\uc740 7.3\ud56d\uc758 \uc694\uad6c \uc0ac\ud56d\uc744 \uc81c\uc678\ud558\uace0 ISO 9001\uc5d0\uc11c \uc54c\ub824\uc9c4 \ud504\ub85c\uc138\uc2a4 \uc811\uadfc \ubc29\uc2dd\uc744 \ub530\ub985\ub2c8\ub2e4. EN 14065\ub294 2002\ub144 11\uc6d4 20\uc77c CEN(\uc720\ub7fd \ud45c\uc900\ud654 \uc704\uc6d0\ud68c)\uc5d0 \uc758\ud574 \uc81c\uc815\ub418\uc5c8\uc73c\uba70, \ud3f4\ub780\ub4dc \ud45c\uc900 \uc138\ud2b8\uc5d0 \ub3c4\uc785\ub418\uc5b4 ...&nbsp;<a href=\"https:\/\/icrpolska.com\/kr\/certyfikacja-systemow\/pn-en-iso-14065\/\" rel=\"bookmark\">\uc790\uc138\ud788 \ubcf4\uae30\"<span class=\"screen-reader-text\">EN 14065<\/span><\/a><\/p>","protected":false},"author":1,"featured_media":1070,"parent":162,"menu_order":0,"comment_status":"closed","ping_status":"closed","template":"","meta":{"neve_meta_sidebar":"","neve_meta_container":"","neve_meta_enable_content_width":"off","neve_meta_content_width":70,"neve_meta_title_alignment":"","neve_meta_author_avatar":"","neve_post_elements_order":"","neve_meta_disable_header":"","neve_meta_disable_footer":"","neve_meta_disable_title":"","footnotes":""},"class_list":["post-1951","page","type-page","status-publish","has-post-thumbnail","hentry"],"yoast_head":"<!-- This site is optimized with the Yoast SEO plugin v27.3 - https:\/\/yoast.com\/product\/yoast-seo-wordpress\/ -->\n<title>EN 14065 - ICR POLSKA - badania i certyfikacja<\/title>\n<meta name=\"robots\" content=\"index, follow, max-snippet:-1, max-image-preview:large, max-video-preview:-1\" \/>\n<link rel=\"canonical\" href=\"https:\/\/icrpolska.com\/kr\/certyfikacja-systemow\/pn-en-iso-14065\/\" \/>\n<meta property=\"og:locale\" content=\"ko_KR\" \/>\n<meta property=\"og:type\" content=\"article\" \/>\n<meta property=\"og:title\" content=\"EN 14065 - ICR POLSKA - badania i certyfikacja\" \/>\n<meta property=\"og:description\" content=\"Norma EN 14065 opisuje zasady opracowania systemu zarz\u0105dzania zapewniaj\u0105cego jako\u015b\u0107 mikrobiologiczn\u0105 tekstyli\u00f3w po obr\u00f3bce w pralni. Ustanowiony wed\u0142ug tej normy system zgodny jest z podej\u015bciem procesowym znanym z ISO 9001, z wyj\u0105tkiem wymaga\u0144 pkt 7.3. Norma EN 14065 zosta\u0142a ustanowiona przez CEN (Europejski Komitet Normalizacyjny) 20 listopada 2002 r., wprowadzona do zbioru Polskich Norm w&hellip;&nbsp;\ub354 \ubcf4\uae30 &raquo;EN 14065\" \/>\n<meta property=\"og:url\" content=\"https:\/\/icrpolska.com\/kr\/certyfikacja-systemow\/pn-en-iso-14065\/\" \/>\n<meta property=\"og:site_name\" content=\"ICR POLSKA - badania i certyfikacja\" \/>\n<meta property=\"article:modified_time\" content=\"2022-09-07T20:54:09+00:00\" \/>\n<meta name=\"twitter:card\" content=\"summary_large_image\" \/>\n<meta name=\"twitter:label1\" content=\"\uc608\uc0c1 \ub418\ub294 \ud310\ub3c5 \uc2dc\uac04\" \/>\n\t<meta name=\"twitter:data1\" content=\"1\ubd84\" \/>\n<script type=\"application\/ld+json\" class=\"yoast-schema-graph\">{\"@context\":\"https:\\\/\\\/schema.org\",\"@graph\":[{\"@type\":\"WebPage\",\"@id\":\"https:\\\/\\\/icrpolska.com\\\/certyfikacja-systemow\\\/pn-en-iso-14065\\\/\",\"url\":\"https:\\\/\\\/icrpolska.com\\\/certyfikacja-systemow\\\/pn-en-iso-14065\\\/\",\"name\":\"EN 14065 - ICR POLSKA - badania i certyfikacja\",\"isPartOf\":{\"@id\":\"https:\\\/\\\/icrpolska.com\\\/#website\"},\"primaryImageOfPage\":{\"@id\":\"https:\\\/\\\/icrpolska.com\\\/certyfikacja-systemow\\\/pn-en-iso-14065\\\/#primaryimage\"},\"image\":{\"@id\":\"https:\\\/\\\/icrpolska.com\\\/certyfikacja-systemow\\\/pn-en-iso-14065\\\/#primaryimage\"},\"thumbnailUrl\":\"\",\"datePublished\":\"2019-05-22T19:17:19+00:00\",\"dateModified\":\"2022-09-07T20:54:09+00:00\",\"breadcrumb\":{\"@id\":\"https:\\\/\\\/icrpolska.com\\\/certyfikacja-systemow\\\/pn-en-iso-14065\\\/#breadcrumb\"},\"inLanguage\":\"ko-KR\",\"potentialAction\":[{\"@type\":\"ReadAction\",\"target\":[\"https:\\\/\\\/icrpolska.com\\\/certyfikacja-systemow\\\/pn-en-iso-14065\\\/\"]}]},{\"@type\":\"ImageObject\",\"inLanguage\":\"ko-KR\",\"@id\":\"https:\\\/\\\/icrpolska.com\\\/certyfikacja-systemow\\\/pn-en-iso-14065\\\/#primaryimage\",\"url\":\"\",\"contentUrl\":\"\"},{\"@type\":\"BreadcrumbList\",\"@id\":\"https:\\\/\\\/icrpolska.com\\\/certyfikacja-systemow\\\/pn-en-iso-14065\\\/#breadcrumb\",\"itemListElement\":[{\"@type\":\"ListItem\",\"position\":1,\"name\":\"Strona g\u0142\u00f3wna\",\"item\":\"https:\\\/\\\/icrpolska.com\\\/\"},{\"@type\":\"ListItem\",\"position\":2,\"name\":\"Certyfikacja system\u00f3w ISO\",\"item\":\"https:\\\/\\\/icrpolska.com\\\/certyfikacja-systemow\\\/\"},{\"@type\":\"ListItem\",\"position\":3,\"name\":\"EN 14065\"}]},{\"@type\":\"WebSite\",\"@id\":\"https:\\\/\\\/icrpolska.com\\\/#website\",\"url\":\"https:\\\/\\\/icrpolska.com\\\/\",\"name\":\"ICR POLSKA - badania i certyfikacja\",\"description\":\"CE certification, CE certificate, ISO certificate, RED testing, product testing and certification, electrical product testing, medical device testing, ATEX, IECEx, FCC, product certification, EMC testing, machinery certification, CE machines, training, electronic product testing, testing 2014\\\/53\\\/EU, drone certification, ISO 13485 certificate, ISO 9001 certificate, NC RfG, CPR\",\"publisher\":{\"@id\":\"https:\\\/\\\/icrpolska.com\\\/#\\\/schema\\\/person\\\/8601820fc0521fc7bf75ae141134fbfd\"},\"potentialAction\":[{\"@type\":\"SearchAction\",\"target\":{\"@type\":\"EntryPoint\",\"urlTemplate\":\"https:\\\/\\\/icrpolska.com\\\/?s={search_term_string}\"},\"query-input\":{\"@type\":\"PropertyValueSpecification\",\"valueRequired\":true,\"valueName\":\"search_term_string\"}}],\"inLanguage\":\"ko-KR\"},{\"@type\":[\"Person\",\"Organization\"],\"@id\":\"https:\\\/\\\/icrpolska.com\\\/#\\\/schema\\\/person\\\/8601820fc0521fc7bf75ae141134fbfd\",\"name\":\"admin\",\"image\":{\"@type\":\"ImageObject\",\"inLanguage\":\"ko-KR\",\"@id\":\"https:\\\/\\\/icrpolska.com\\\/wp-content\\\/uploads\\\/2019\\\/05\\\/cropped-logo-icr.32f04ad5-1-1.png\",\"url\":\"https:\\\/\\\/icrpolska.com\\\/wp-content\\\/uploads\\\/2019\\\/05\\\/cropped-logo-icr.32f04ad5-1-1.png\",\"contentUrl\":\"https:\\\/\\\/icrpolska.com\\\/wp-content\\\/uploads\\\/2019\\\/05\\\/cropped-logo-icr.32f04ad5-1-1.png\",\"width\":400,\"height\":148,\"caption\":\"admin\"},\"logo\":{\"@id\":\"https:\\\/\\\/icrpolska.com\\\/wp-content\\\/uploads\\\/2019\\\/05\\\/cropped-logo-icr.32f04ad5-1-1.png\"}}]}<\/script>\n<!-- \/ Yoast SEO plugin. -->","yoast_head_json":{"title":"EN 14065 - ICR \ud3f4\ub780\ub4dc - \ud14c\uc2a4\ud2b8 \ubc0f \uc778\uc99d","robots":{"index":"index","follow":"follow","max-snippet":"max-snippet:-1","max-image-preview":"max-image-preview:large","max-video-preview":"max-video-preview:-1"},"canonical":"https:\/\/icrpolska.com\/kr\/certyfikacja-systemow\/pn-en-iso-14065\/","og_locale":"ko_KR","og_type":"article","og_title":"EN 14065 - ICR POLSKA - badania i certyfikacja","og_description":"Norma EN 14065 opisuje zasady opracowania systemu zarz\u0105dzania zapewniaj\u0105cego jako\u015b\u0107 mikrobiologiczn\u0105 tekstyli\u00f3w po obr\u00f3bce w pralni. Ustanowiony wed\u0142ug tej normy system zgodny jest z podej\u015bciem procesowym znanym z ISO 9001, z wyj\u0105tkiem wymaga\u0144 pkt 7.3. Norma EN 14065 zosta\u0142a ustanowiona przez CEN (Europejski Komitet Normalizacyjny) 20 listopada 2002 r., wprowadzona do zbioru Polskich Norm w&hellip;&nbsp;\ub354 \ubcf4\uae30 &raquo;EN 14065","og_url":"https:\/\/icrpolska.com\/kr\/certyfikacja-systemow\/pn-en-iso-14065\/","og_site_name":"ICR POLSKA - badania i certyfikacja","article_modified_time":"2022-09-07T20:54:09+00:00","twitter_card":"summary_large_image","twitter_misc":{"\uc608\uc0c1 \ub418\ub294 \ud310\ub3c5 \uc2dc\uac04":"1\ubd84"},"schema":{"@context":"https:\/\/schema.org","@graph":[{"@type":"WebPage","@id":"https:\/\/icrpolska.com\/certyfikacja-systemow\/pn-en-iso-14065\/","url":"https:\/\/icrpolska.com\/certyfikacja-systemow\/pn-en-iso-14065\/","name":"EN 14065 - ICR \ud3f4\ub780\ub4dc - \ud14c\uc2a4\ud2b8 \ubc0f \uc778\uc99d","isPartOf":{"@id":"https:\/\/icrpolska.com\/#website"},"primaryImageOfPage":{"@id":"https:\/\/icrpolska.com\/certyfikacja-systemow\/pn-en-iso-14065\/#primaryimage"},"image":{"@id":"https:\/\/icrpolska.com\/certyfikacja-systemow\/pn-en-iso-14065\/#primaryimage"},"thumbnailUrl":"","datePublished":"2019-05-22T19:17:19+00:00","dateModified":"2022-09-07T20:54:09+00:00","breadcrumb":{"@id":"https:\/\/icrpolska.com\/certyfikacja-systemow\/pn-en-iso-14065\/#breadcrumb"},"inLanguage":"ko-KR","potentialAction":[{"@type":"ReadAction","target":["https:\/\/icrpolska.com\/certyfikacja-systemow\/pn-en-iso-14065\/"]}]},{"@type":"ImageObject","inLanguage":"ko-KR","@id":"https:\/\/icrpolska.com\/certyfikacja-systemow\/pn-en-iso-14065\/#primaryimage","url":"","contentUrl":""},{"@type":"BreadcrumbList","@id":"https:\/\/icrpolska.com\/certyfikacja-systemow\/pn-en-iso-14065\/#breadcrumb","itemListElement":[{"@type":"ListItem","position":1,"name":"Strona g\u0142\u00f3wna","item":"https:\/\/icrpolska.com\/"},{"@type":"ListItem","position":2,"name":"Certyfikacja system\u00f3w ISO","item":"https:\/\/icrpolska.com\/certyfikacja-systemow\/"},{"@type":"ListItem","position":3,"name":"EN 14065"}]},{"@type":"WebSite","@id":"https:\/\/icrpolska.com\/#website","url":"https:\/\/icrpolska.com\/","name":"ICR \ud3f4\ub780\ub4dc - \ud14c\uc2a4\ud2b8 \ubc0f \uc778\uc99d","description":"CE \uc778\uc99d, CE \uc778\uc99d\uc11c, ISO \uc778\uc99d\uc11c, RED \ud14c\uc2a4\ud2b8, \uc81c\ud488 \ud14c\uc2a4\ud2b8 \ubc0f \uc778\uc99d, \uc804\uae30 \uc81c\ud488 \ud14c\uc2a4\ud2b8, \uc758\ub8cc\uae30\uae30 \ud14c\uc2a4\ud2b8, ATEX, IECEx, FCC, \uc81c\ud488 \uc778\uc99d, EMC \ud14c\uc2a4\ud2b8, \uae30\uacc4 \uc778\uc99d, CE \uae30\uacc4, \uad50\uc721, \uc804\uc790 \uc81c\ud488 \ud14c\uc2a4\ud2b8, \ud14c\uc2a4\ud2b8 2014\/53\/EU, \ub4dc\ub860 \uc778\uc99d, ISO 13485 \uc778\uc99d\uc11c, ISO 9001 \uc778\uc99d\uc11c, NC RfG, CPR","publisher":{"@id":"https:\/\/icrpolska.com\/#\/schema\/person\/8601820fc0521fc7bf75ae141134fbfd"},"potentialAction":[{"@type":"SearchAction","target":{"@type":"EntryPoint","urlTemplate":"https:\/\/icrpolska.com\/?s={search_term_string}"},"query-input":{"@type":"PropertyValueSpecification","valueRequired":true,"valueName":"search_term_string"}}],"inLanguage":"ko-KR"},{"@type":["Person","Organization"],"@id":"https:\/\/icrpolska.com\/#\/schema\/person\/8601820fc0521fc7bf75ae141134fbfd","name":"\uad00\ub9ac\uc790","image":{"@type":"ImageObject","inLanguage":"ko-KR","@id":"https:\/\/icrpolska.com\/wp-content\/uploads\/2019\/05\/cropped-logo-icr.32f04ad5-1-1.png","url":"https:\/\/icrpolska.com\/wp-content\/uploads\/2019\/05\/cropped-logo-icr.32f04ad5-1-1.png","contentUrl":"https:\/\/icrpolska.com\/wp-content\/uploads\/2019\/05\/cropped-logo-icr.32f04ad5-1-1.png","width":400,"height":148,"caption":"admin"},"logo":{"@id":"https:\/\/icrpolska.com\/wp-content\/uploads\/2019\/05\/cropped-logo-icr.32f04ad5-1-1.png"}}]}},"_links":{"self":[{"href":"https:\/\/icrpolska.com\/kr\/wp-json\/wp\/v2\/pages\/1951","targetHints":{"allow":["GET"]}}],"collection":[{"href":"https:\/\/icrpolska.com\/kr\/wp-json\/wp\/v2\/pages"}],"about":[{"href":"https:\/\/icrpolska.com\/kr\/wp-json\/wp\/v2\/types\/page"}],"author":[{"embeddable":true,"href":"https:\/\/icrpolska.com\/kr\/wp-json\/wp\/v2\/users\/1"}],"replies":[{"embeddable":true,"href":"https:\/\/icrpolska.com\/kr\/wp-json\/wp\/v2\/comments?post=1951"}],"version-history":[{"count":3,"href":"https:\/\/icrpolska.com\/kr\/wp-json\/wp\/v2\/pages\/1951\/revisions"}],"predecessor-version":[{"id":3300,"href":"https:\/\/icrpolska.com\/kr\/wp-json\/wp\/v2\/pages\/1951\/revisions\/3300"}],"up":[{"embeddable":true,"href":"https:\/\/icrpolska.com\/kr\/wp-json\/wp\/v2\/pages\/162"}],"wp:featuredmedia":[{"embeddable":true,"href":"https:\/\/icrpolska.com\/kr\/wp-json\/"}],"wp:attachment":[{"href":"https:\/\/icrpolska.com\/kr\/wp-json\/wp\/v2\/media?parent=1951"}],"curies":[{"name":"wp","href":"https:\/\/api.w.org\/{rel}","templated":true}]}}