{"id":1966,"date":"2019-05-22T19:48:15","date_gmt":"2019-05-22T19:48:15","guid":{"rendered":"http:\/\/icrpolska.e-ksperci.pl\/?page_id=1966"},"modified":"2023-02-19T18:09:03","modified_gmt":"2023-02-19T17:09:03","slug":"oznakowanie-ce","status":"publish","type":"page","link":"https:\/\/icrpolska.com\/kr\/certyfikacja-wyrobow\/oznakowanie-ce\/","title":{"rendered":"CE \ub9c8\ud06c"},"content":{"rendered":"<p class=\"translation-block\">\uad6c\ub9e4\ubd80\ud130 \ud3d0\uae30\uae4c\uc9c0 \uc2dc\uc911\uc5d0 \ud310\ub9e4\ub418\ub294 \uc81c\ud488\uc758 <strong>\uc0ac\uc6a9 \uc548\uc804<\/strong>\uc744 \uace0\uac1d\uacfc \uc0ac\uc6a9\uc790\uc5d0\uac8c \ubcf4\uc7a5\ud558\ub294 \uac83\uc774 \uc81c\uc870\/\uc218\uc785\uc5c5\uccb4\uac00 \uc81c\ud488\uc5d0 <strong>CE \ub9c8\ud06c\uc640 \uc801\ud569\uc131 \uc120\uc5b8\uc744 \ubd80\ucc29\ud574\uc57c \ud558\ub294 \uc758\ubb34\uc758 \uc8fc\uc694 \uac1c\ub150\uc785\ub2c8\ub2e4. \uc801\ud569\uc131 \uc120\uc5b8\uc740 \uc81c\uc870\uc5c5\uccb4\uac00 \uc720\ub7fd\uc5f0\ud569 \uc9c0\uce68 \ubc0f\/\ub610\ub294 \uaddc\uc815\uc758 \ud544\uc218 \uc694\uac74\uc5d0 \ub300\ud55c \uc81c\ud488\uc758 \uc801\ud569\uc131 \ud3c9\uac00\ub97c \uc218\ud589\ud588\uc74c\uc744 \ud655\uc778\ud558\ub294 \uac83\uc785\ub2c8\ub2e4. \ub9ce\uc740 \uc81c\ud488\uc758 \uacbd\uc6b0 \uc801\ud569\uc131 \uc120\uc5b8\uc740 \uc81c\uc870\uc5c5\uccb4\/\uc218\uc785\uc5c5\uccb4\ub85c\ubd80\ud130 \ub3c5\ub9bd\ub41c \uc720\ub2a5\ud558\uace0 \ub3c5\ub9bd\uc801\uc778 \uae30\uad00(\uc18c\uc704 \uacf5\uc778 \uae30\uad00)\uc758 \ud655\uc778\uc744 \ubc1b\uc544\uc57c \ud558\uba70, \uc774\ub97c <strong>\uac15\uc81c \uc778\uc99d<\/strong>\uc774\ub77c\uace0 \ud569\ub2c8\ub2e4. \uae30\ud0c0 \uc81c\ud488\uc758 \uacbd\uc6b0, \uc774 \uc778\uc99d\uc740 \uc81c\uc870\uc5c5\uccb4\uc640 \ucd5c\uc885 \uc0ac\uc6a9\uc790 \ubaa8\ub450\uc5d0\uac8c <strong>\uc774\uc775\uc774 \ub418\ub294 \uc790\ubc1c\uc801\uc778 \ucd94\uac00 \uc778\uc99d\uc73c\ub85c, \uc81c\ud488\uc758 <strong>\uc548\uc804\ud55c \uc0ac\uc6a9\uacfc \ucd5c\uc18c\ud55c\uc758 <strong>\ud658\uacbd \uc601\ud5a5\uc744 \ubcf4\uc7a5\ud558\ub294 \uc81c\ud488 \uc18d\uc131\uc5d0 \ub300\ud55c <strong>\ud655\uc778<\/strong>\uc785\ub2c8\ub2e4.<\/p>\n<p class=\"translation-block\">ICR Polska Sp. z o. o.\ub294 \ud3f4\ub780\ub4dc \uc778\uc99d \uc13c\ud130(PCA)\uc758 \uc778\uc99d\uc744 \ubc1b\uc740 \uc81c\ud488 \uc778\uc99d \uae30\uad00\uc73c\ub85c, \uc778\uc99d \ubc88\ud638\ub294 <a href=\"http:\/\/icrpolska.com\/wp-content\/uploads\/2019\/06\/AC_197.pdf\" target=\"_self\" rel=\"noopener noreferrer\">AC 197<\/a>\uc785\ub2c8\ub2e4. \ub610\ud55c \ub2f9\uc0ac\uac00 \uc804\uccb4 \uc801\ud569\uc131 \ud3c9\uac00\ub97c \uc218\ud589\ud558\ub294 \uc9c0\uce68\uc5d0 \ub300\ud55c \uc720\ub7fd \uc778\uc99d \uae30\uad00(<a href=\"http:\/\/ec.europa.eu\/growth\/tools-databases\/nando\/index.cfm?fuseaction=notifiedbody.notifiedbody&amp;refe_cd=NANDO_INPUT_233263\" target=\"_self\" rel=\"noopener noreferrer\">NB No. 2703<\/a>)\uc785\ub2c8\ub2e4: \uae30\uacc4 \uc548\uc804 MD(<a href=\"https:\/\/eur-lex.europa.eu\/legal-content\/PL\/TXT\/PDF\/?uri=CELEX:32006L0042&amp;from=PL\" target=\"_self\" rel=\"noopener noreferrer\">2006\/42\/EC<\/a>); \uc804\uc790\uae30 \uc801\ud569\uc131 EMC(<a href=\"https:\/\/eur-lex.europa.eu\/legal-content\/EN\/TXT\/PDF\/?uri=CELEX:32014L0030&amp;from=EN\" target=\"_self\" rel=\"noopener noreferrer\">2014\/30\/EU<\/a>); RED \ubb34\uc120 \uc7a5\ube44(<a href=\"https:\/\/eur-lex.europa.eu\/legal-content\/PL\/TXT\/PDF\/?uri=CELEX:32014L0053&amp;rom=EN\" target=\"_self\" rel=\"noopener noreferrer\">2014\/53\/UE<\/a>); \ud3ed\ubc1c \uac00\ub2a5\uc131\uc774 \uc788\ub294 \ud658\uacbd\uc5d0\uc11c \uc791\ub3d9\ud558\ub294 \uc804\uae30 \uc7a5\ube44 ATEX(<a href=\"https:\/\/eur-lex.europa.eu\/legal-content\/PL\/TXT\/PDF\/?uri=CELEX:32014L0034&amp;from=PL\" target=\"_self\" rel=\"noopener noreferrer\">2014\/34\/UE<\/a>).<\/p>\n<p><img decoding=\"async\" class=\"size-medium wp-image-8778 alignleft\" src=\"https:\/\/icrpolska.com\/wp-content\/uploads\/2023\/02\/CE2703-300x104.png\" alt=\"\" width=\"300\" height=\"104\" srcset=\"https:\/\/icrpolska.com\/wp-content\/uploads\/2023\/02\/CE2703-300x104.png 300w, https:\/\/icrpolska.com\/wp-content\/uploads\/2023\/02\/CE2703-18x6.png 18w, https:\/\/icrpolska.com\/wp-content\/uploads\/2023\/02\/CE2703.png 555w\" sizes=\"(max-width: 300px) 100vw, 300px\" \/><\/p>\n<p class=\"translation-block\">\uc778\uc99d \uae30\uad00\uc758 \ucc38\uc5ec\ub85c \uc0dd\uc0b0 \uc2dc\uc2a4\ud15c \ud3c9\uac00\uac00 \uc218\ud589\ub41c \uacbd\uc6b0, \ud574\ub2f9 \uae30\uad00\uc758 \uc2dd\ubcc4 \ubc88\ud638\uac00 CE \ub9c8\ud06c \uc606\uc5d0 \ubd80\ucc29\ub429\ub2c8\ub2e4. \uc774\ub7ec\ud55c \ud3c9\uac00\ub294 ATEX \uc9c0\uce68 <a href=\"https:\/\/eur-lex.europa.eu\/legal-content\/PL\/TXT\/PDF\/?uri=CELEX:32014L0034&amp;from=PL\" target=\"_blank\" rel=\"noopener noreferrer\">2014\/34\/EU<\/a> \ubc0f MDR \uaddc\uc815 <a href=\"https:\/\/eur-lex.europa.eu\/legal-content\/PL\/TXT\/PDF\/?uri=CELEX:32017R0745&amp;from=PL\" target=\"_blank\" rel=\"noopener\">(EU)2017\/745<\/a>\uc5d0 \uc758\ubb34\uc801\uc73c\ub85c \uc801\uc6a9\ub418\uace0 \uc788\uc2b5\ub2c8\ub2e4.<\/p>\n<p class=\"translation-block\">\uc790\uc138\ud55c \ub0b4\uc6a9\uc740 <a href=\"mailto:icrpolska@icrqa.com\" target=\"_self\">\ubb38\uc758<\/a>\ub85c \ubb38\uc758\ud574 \uc8fc\uc2dc\uae30 \ubc14\ub78d\ub2c8\ub2e4.<\/p>","protected":false},"excerpt":{"rendered":"<p>\uad6c\ub9e4\ubd80\ud130 \ud3d0\uae30\uae4c\uc9c0 \uc2dc\uc911\uc5d0 \ud310\ub9e4\ub418\ub294 \uc81c\ud488\uc744 \uace0\uac1d\uacfc \uc0ac\uc6a9\uc790\uac00 \uc548\uc804\ud558\uac8c \uc0ac\uc6a9\ud560 \uc218 \uc788\ub3c4\ub85d \ubcf4\uc7a5\ud558\ub294 \uac83\uc774 \uc81c\ud488\uc5d0 CE \ub9c8\ud06c\ub97c \ubd80\ucc29\ud558\uace0 \uc81c\uc870\uc5c5\uccb4\/\uc218\uc785\uc5c5\uccb4\uac00 \ubc1c\ud589\ud558\ub294 \uc801\ud569\uc131 \uc120\uc5b8\uc744 \uc758\ubb34\ud654\ud558\ub294 \uc8fc\uc694 \uac1c\ub150\uc785\ub2c8\ub2e4. \uc801\ud569\uc131 \uc120\uc5b8\uc740 \uc81c\uc870\uc5c5\uccb4\uac00 \uc720\ub7fd \uc5f0\ud569 \uc9c0\uce68 \ubc0f\/\ub610\ub294 \uaddc\uc815\uc758 \ud544\uc218 \uc694\uad6c \uc0ac\ud56d\uc5d0 \ub300\ud55c \uc81c\ud488\uc758 \uc801\ud569\uc131 \ud3c9\uac00\ub97c \uc218\ud589\ud588\uc74c\uc744 \ud655\uc778\ud558\ub294 \uac83\uc785\ub2c8\ub2e4. \ub9ce\uc740 \uc81c\ud488\uc758 \uacbd\uc6b0 \uc801\ud569\uc131 \uc120\uc5b8\uc740 ...&nbsp;<a href=\"https:\/\/icrpolska.com\/kr\/certyfikacja-wyrobow\/oznakowanie-ce\/\" rel=\"bookmark\">\uc790\uc138\ud788 \ubcf4\uae30\"<span class=\"screen-reader-text\">CE \ub9c8\ud06c<\/span><\/a><\/p>","protected":false},"author":1,"featured_media":1769,"parent":211,"menu_order":0,"comment_status":"closed","ping_status":"closed","template":"","meta":{"neve_meta_sidebar":"","neve_meta_container":"","neve_meta_enable_content_width":"off","neve_meta_content_width":70,"neve_meta_title_alignment":"","neve_meta_author_avatar":"","neve_post_elements_order":"","neve_meta_disable_header":"","neve_meta_disable_footer":"","neve_meta_disable_title":"","footnotes":""},"class_list":["post-1966","page","type-page","status-publish","has-post-thumbnail","hentry"],"yoast_head":"<!-- This site is optimized with the Yoast SEO plugin v27.3 - https:\/\/yoast.com\/product\/yoast-seo-wordpress\/ -->\n<title>Oznakowanie CE - ICR POLSKA - badania i certyfikacja<\/title>\n<meta name=\"robots\" content=\"index, follow, max-snippet:-1, max-image-preview:large, max-video-preview:-1\" \/>\n<link rel=\"canonical\" href=\"https:\/\/icrpolska.com\/kr\/certyfikacja-wyrobow\/oznakowanie-ce\/\" \/>\n<meta property=\"og:locale\" content=\"ko_KR\" \/>\n<meta property=\"og:type\" content=\"article\" \/>\n<meta property=\"og:title\" content=\"Oznakowanie CE - ICR POLSKA - badania i certyfikacja\" \/>\n<meta property=\"og:description\" content=\"Zapewnienie klientom i u\u017cytkownikom bezpiecze\u0144stwa u\u017cytkowania wyrob\u00f3w dost\u0119pnych na rynku \u2013 od zakupu do ich utylizacji \u2013 to g\u0142\u00f3wna idea obowi\u0105zku umieszczania na wyrobach oznakowania CE i deklaracji zgodno\u015bci wystawianej przez producenta\/importera. Deklaracja zgodno\u015bci jest potwierdzeniem przeprowadzenia przez producenta oceny zgodno\u015bci wyrobu z wymaganiami zasadniczymi dyrektyw i\/lub rozporz\u0105dze\u0144 Unii Europejskiej. Dla wielu wyrob\u00f3w deklaracja zgodno\u015bci&hellip;&nbsp;\ub354 \ubcf4\uae30 &raquo;Oznakowanie CE\" \/>\n<meta property=\"og:url\" content=\"https:\/\/icrpolska.com\/kr\/certyfikacja-wyrobow\/oznakowanie-ce\/\" \/>\n<meta property=\"og:site_name\" content=\"ICR POLSKA - badania i certyfikacja\" \/>\n<meta property=\"article:modified_time\" content=\"2023-02-19T17:09:03+00:00\" \/>\n<meta name=\"twitter:card\" content=\"summary_large_image\" \/>\n<meta name=\"twitter:label1\" content=\"\uc608\uc0c1 \ub418\ub294 \ud310\ub3c5 \uc2dc\uac04\" \/>\n\t<meta name=\"twitter:data1\" content=\"2\ubd84\" \/>\n<script type=\"application\/ld+json\" class=\"yoast-schema-graph\">{\"@context\":\"https:\\\/\\\/schema.org\",\"@graph\":[{\"@type\":\"WebPage\",\"@id\":\"https:\\\/\\\/icrpolska.com\\\/certyfikacja-wyrobow\\\/oznakowanie-ce\\\/\",\"url\":\"https:\\\/\\\/icrpolska.com\\\/certyfikacja-wyrobow\\\/oznakowanie-ce\\\/\",\"name\":\"Oznakowanie CE - ICR POLSKA - badania i certyfikacja\",\"isPartOf\":{\"@id\":\"https:\\\/\\\/icrpolska.com\\\/#website\"},\"primaryImageOfPage\":{\"@id\":\"https:\\\/\\\/icrpolska.com\\\/certyfikacja-wyrobow\\\/oznakowanie-ce\\\/#primaryimage\"},\"image\":{\"@id\":\"https:\\\/\\\/icrpolska.com\\\/certyfikacja-wyrobow\\\/oznakowanie-ce\\\/#primaryimage\"},\"thumbnailUrl\":\"\",\"datePublished\":\"2019-05-22T19:48:15+00:00\",\"dateModified\":\"2023-02-19T17:09:03+00:00\",\"breadcrumb\":{\"@id\":\"https:\\\/\\\/icrpolska.com\\\/certyfikacja-wyrobow\\\/oznakowanie-ce\\\/#breadcrumb\"},\"inLanguage\":\"ko-KR\",\"potentialAction\":[{\"@type\":\"ReadAction\",\"target\":[\"https:\\\/\\\/icrpolska.com\\\/certyfikacja-wyrobow\\\/oznakowanie-ce\\\/\"]}]},{\"@type\":\"ImageObject\",\"inLanguage\":\"ko-KR\",\"@id\":\"https:\\\/\\\/icrpolska.com\\\/certyfikacja-wyrobow\\\/oznakowanie-ce\\\/#primaryimage\",\"url\":\"\",\"contentUrl\":\"\"},{\"@type\":\"BreadcrumbList\",\"@id\":\"https:\\\/\\\/icrpolska.com\\\/certyfikacja-wyrobow\\\/oznakowanie-ce\\\/#breadcrumb\",\"itemListElement\":[{\"@type\":\"ListItem\",\"position\":1,\"name\":\"Strona g\u0142\u00f3wna\",\"item\":\"https:\\\/\\\/icrpolska.com\\\/\"},{\"@type\":\"ListItem\",\"position\":2,\"name\":\"Certyfikacja wyrob\u00f3w\",\"item\":\"https:\\\/\\\/icrpolska.com\\\/certyfikacja-wyrobow\\\/\"},{\"@type\":\"ListItem\",\"position\":3,\"name\":\"Oznakowanie CE\"}]},{\"@type\":\"WebSite\",\"@id\":\"https:\\\/\\\/icrpolska.com\\\/#website\",\"url\":\"https:\\\/\\\/icrpolska.com\\\/\",\"name\":\"ICR POLSKA - badania i certyfikacja\",\"description\":\"CE certification, CE certificate, ISO certificate, RED testing, product testing and certification, electrical product testing, medical device testing, ATEX, IECEx, FCC, product certification, EMC testing, machinery certification, CE machines, training, electronic product testing, testing 2014\\\/53\\\/EU, drone certification, ISO 13485 certificate, ISO 9001 certificate, NC RfG, CPR\",\"publisher\":{\"@id\":\"https:\\\/\\\/icrpolska.com\\\/#\\\/schema\\\/person\\\/8601820fc0521fc7bf75ae141134fbfd\"},\"potentialAction\":[{\"@type\":\"SearchAction\",\"target\":{\"@type\":\"EntryPoint\",\"urlTemplate\":\"https:\\\/\\\/icrpolska.com\\\/?s={search_term_string}\"},\"query-input\":{\"@type\":\"PropertyValueSpecification\",\"valueRequired\":true,\"valueName\":\"search_term_string\"}}],\"inLanguage\":\"ko-KR\"},{\"@type\":[\"Person\",\"Organization\"],\"@id\":\"https:\\\/\\\/icrpolska.com\\\/#\\\/schema\\\/person\\\/8601820fc0521fc7bf75ae141134fbfd\",\"name\":\"admin\",\"image\":{\"@type\":\"ImageObject\",\"inLanguage\":\"ko-KR\",\"@id\":\"https:\\\/\\\/icrpolska.com\\\/wp-content\\\/uploads\\\/2019\\\/05\\\/cropped-logo-icr.32f04ad5-1-1.png\",\"url\":\"https:\\\/\\\/icrpolska.com\\\/wp-content\\\/uploads\\\/2019\\\/05\\\/cropped-logo-icr.32f04ad5-1-1.png\",\"contentUrl\":\"https:\\\/\\\/icrpolska.com\\\/wp-content\\\/uploads\\\/2019\\\/05\\\/cropped-logo-icr.32f04ad5-1-1.png\",\"width\":400,\"height\":148,\"caption\":\"admin\"},\"logo\":{\"@id\":\"https:\\\/\\\/icrpolska.com\\\/wp-content\\\/uploads\\\/2019\\\/05\\\/cropped-logo-icr.32f04ad5-1-1.png\"}}]}<\/script>\n<!-- \/ Yoast SEO plugin. -->","yoast_head_json":{"title":"CE \ub9c8\ud06c - ICR \ud3f4\ub780\ub4dc - \ud14c\uc2a4\ud2b8 \ubc0f \uc778\uc99d","robots":{"index":"index","follow":"follow","max-snippet":"max-snippet:-1","max-image-preview":"max-image-preview:large","max-video-preview":"max-video-preview:-1"},"canonical":"https:\/\/icrpolska.com\/kr\/certyfikacja-wyrobow\/oznakowanie-ce\/","og_locale":"ko_KR","og_type":"article","og_title":"Oznakowanie CE - ICR POLSKA - badania i certyfikacja","og_description":"Zapewnienie klientom i u\u017cytkownikom bezpiecze\u0144stwa u\u017cytkowania wyrob\u00f3w dost\u0119pnych na rynku \u2013 od zakupu do ich utylizacji \u2013 to g\u0142\u00f3wna idea obowi\u0105zku umieszczania na wyrobach oznakowania CE i deklaracji zgodno\u015bci wystawianej przez producenta\/importera. Deklaracja zgodno\u015bci jest potwierdzeniem przeprowadzenia przez producenta oceny zgodno\u015bci wyrobu z wymaganiami zasadniczymi dyrektyw i\/lub rozporz\u0105dze\u0144 Unii Europejskiej. Dla wielu wyrob\u00f3w deklaracja zgodno\u015bci&hellip;&nbsp;\ub354 \ubcf4\uae30 &raquo;Oznakowanie CE","og_url":"https:\/\/icrpolska.com\/kr\/certyfikacja-wyrobow\/oznakowanie-ce\/","og_site_name":"ICR POLSKA - badania i certyfikacja","article_modified_time":"2023-02-19T17:09:03+00:00","twitter_card":"summary_large_image","twitter_misc":{"\uc608\uc0c1 \ub418\ub294 \ud310\ub3c5 \uc2dc\uac04":"2\ubd84"},"schema":{"@context":"https:\/\/schema.org","@graph":[{"@type":"WebPage","@id":"https:\/\/icrpolska.com\/certyfikacja-wyrobow\/oznakowanie-ce\/","url":"https:\/\/icrpolska.com\/certyfikacja-wyrobow\/oznakowanie-ce\/","name":"CE \ub9c8\ud06c - ICR \ud3f4\ub780\ub4dc - \ud14c\uc2a4\ud2b8 \ubc0f \uc778\uc99d","isPartOf":{"@id":"https:\/\/icrpolska.com\/#website"},"primaryImageOfPage":{"@id":"https:\/\/icrpolska.com\/certyfikacja-wyrobow\/oznakowanie-ce\/#primaryimage"},"image":{"@id":"https:\/\/icrpolska.com\/certyfikacja-wyrobow\/oznakowanie-ce\/#primaryimage"},"thumbnailUrl":"","datePublished":"2019-05-22T19:48:15+00:00","dateModified":"2023-02-19T17:09:03+00:00","breadcrumb":{"@id":"https:\/\/icrpolska.com\/certyfikacja-wyrobow\/oznakowanie-ce\/#breadcrumb"},"inLanguage":"ko-KR","potentialAction":[{"@type":"ReadAction","target":["https:\/\/icrpolska.com\/certyfikacja-wyrobow\/oznakowanie-ce\/"]}]},{"@type":"ImageObject","inLanguage":"ko-KR","@id":"https:\/\/icrpolska.com\/certyfikacja-wyrobow\/oznakowanie-ce\/#primaryimage","url":"","contentUrl":""},{"@type":"BreadcrumbList","@id":"https:\/\/icrpolska.com\/certyfikacja-wyrobow\/oznakowanie-ce\/#breadcrumb","itemListElement":[{"@type":"ListItem","position":1,"name":"Strona g\u0142\u00f3wna","item":"https:\/\/icrpolska.com\/"},{"@type":"ListItem","position":2,"name":"Certyfikacja wyrob\u00f3w","item":"https:\/\/icrpolska.com\/certyfikacja-wyrobow\/"},{"@type":"ListItem","position":3,"name":"Oznakowanie CE"}]},{"@type":"WebSite","@id":"https:\/\/icrpolska.com\/#website","url":"https:\/\/icrpolska.com\/","name":"ICR \ud3f4\ub780\ub4dc - \ud14c\uc2a4\ud2b8 \ubc0f \uc778\uc99d","description":"CE \uc778\uc99d, CE \uc778\uc99d\uc11c, ISO \uc778\uc99d\uc11c, RED \ud14c\uc2a4\ud2b8, \uc81c\ud488 \ud14c\uc2a4\ud2b8 \ubc0f \uc778\uc99d, \uc804\uae30 \uc81c\ud488 \ud14c\uc2a4\ud2b8, \uc758\ub8cc\uae30\uae30 \ud14c\uc2a4\ud2b8, ATEX, IECEx, FCC, \uc81c\ud488 \uc778\uc99d, EMC \ud14c\uc2a4\ud2b8, \uae30\uacc4 \uc778\uc99d, CE \uae30\uacc4, \uad50\uc721, \uc804\uc790 \uc81c\ud488 \ud14c\uc2a4\ud2b8, \ud14c\uc2a4\ud2b8 2014\/53\/EU, \ub4dc\ub860 \uc778\uc99d, ISO 13485 \uc778\uc99d\uc11c, ISO 9001 \uc778\uc99d\uc11c, NC RfG, CPR","publisher":{"@id":"https:\/\/icrpolska.com\/#\/schema\/person\/8601820fc0521fc7bf75ae141134fbfd"},"potentialAction":[{"@type":"SearchAction","target":{"@type":"EntryPoint","urlTemplate":"https:\/\/icrpolska.com\/?s={search_term_string}"},"query-input":{"@type":"PropertyValueSpecification","valueRequired":true,"valueName":"search_term_string"}}],"inLanguage":"ko-KR"},{"@type":["Person","Organization"],"@id":"https:\/\/icrpolska.com\/#\/schema\/person\/8601820fc0521fc7bf75ae141134fbfd","name":"\uad00\ub9ac\uc790","image":{"@type":"ImageObject","inLanguage":"ko-KR","@id":"https:\/\/icrpolska.com\/wp-content\/uploads\/2019\/05\/cropped-logo-icr.32f04ad5-1-1.png","url":"https:\/\/icrpolska.com\/wp-content\/uploads\/2019\/05\/cropped-logo-icr.32f04ad5-1-1.png","contentUrl":"https:\/\/icrpolska.com\/wp-content\/uploads\/2019\/05\/cropped-logo-icr.32f04ad5-1-1.png","width":400,"height":148,"caption":"admin"},"logo":{"@id":"https:\/\/icrpolska.com\/wp-content\/uploads\/2019\/05\/cropped-logo-icr.32f04ad5-1-1.png"}}]}},"_links":{"self":[{"href":"https:\/\/icrpolska.com\/kr\/wp-json\/wp\/v2\/pages\/1966","targetHints":{"allow":["GET"]}}],"collection":[{"href":"https:\/\/icrpolska.com\/kr\/wp-json\/wp\/v2\/pages"}],"about":[{"href":"https:\/\/icrpolska.com\/kr\/wp-json\/wp\/v2\/types\/page"}],"author":[{"embeddable":true,"href":"https:\/\/icrpolska.com\/kr\/wp-json\/wp\/v2\/users\/1"}],"replies":[{"embeddable":true,"href":"https:\/\/icrpolska.com\/kr\/wp-json\/wp\/v2\/comments?post=1966"}],"version-history":[{"count":11,"href":"https:\/\/icrpolska.com\/kr\/wp-json\/wp\/v2\/pages\/1966\/revisions"}],"predecessor-version":[{"id":8792,"href":"https:\/\/icrpolska.com\/kr\/wp-json\/wp\/v2\/pages\/1966\/revisions\/8792"}],"up":[{"embeddable":true,"href":"https:\/\/icrpolska.com\/kr\/wp-json\/wp\/v2\/pages\/211"}],"wp:featuredmedia":[{"embeddable":true,"href":"https:\/\/icrpolska.com\/kr\/wp-json\/"}],"wp:attachment":[{"href":"https:\/\/icrpolska.com\/kr\/wp-json\/wp\/v2\/media?parent=1966"}],"curies":[{"name":"wp","href":"https:\/\/api.w.org\/{rel}","templated":true}]}}