{"id":2428,"date":"2019-06-03T12:35:18","date_gmt":"2019-06-03T10:35:18","guid":{"rendered":"http:\/\/nowa.icrpolska.com\/?page_id=2428"},"modified":"2025-12-16T08:40:48","modified_gmt":"2025-12-16T07:40:48","slug":"fcc","status":"publish","type":"page","link":"https:\/\/icrpolska.com\/kr\/fcc\/","title":{"rendered":"FCC \/ ISED \/ UL \/ CSA"},"content":{"rendered":"<p><img decoding=\"async\" class=\"alignleft wp-image-2682\" src=\"http:\/\/icrpolska.com\/wp-content\/uploads\/2019\/06\/FCC_New_Logo-300x252.png\" alt=\"FCC - \uc5f0\ubc29 \ud1b5\uc2e0 \uc704\uc6d0\ud68c\" width=\"150\" height=\"126\" srcset=\"https:\/\/icrpolska.com\/wp-content\/uploads\/2019\/06\/FCC_New_Logo-300x252.png 300w, https:\/\/icrpolska.com\/wp-content\/uploads\/2019\/06\/FCC_New_Logo-768x645.png 768w, https:\/\/icrpolska.com\/wp-content\/uploads\/2019\/06\/FCC_New_Logo-1024x860.png 1024w, https:\/\/icrpolska.com\/wp-content\/uploads\/2019\/06\/FCC_New_Logo.png 1200w\" sizes=\"(max-width: 150px) 100vw, 150px\" \/><\/p>\n<p><strong>FCC<\/strong>\u00a0\u2013 \uc5f0\ubc29\ud1b5\uc2e0\uc704\uc6d0\ud68c(Federal Communications Commission) \u2013 \ub77c\ub514\uc624, \ud154\ub808\ube44\uc804, \ubb34\uc120 \ub124\ud2b8\uc6cc\ud06c \uc7a5\ube44, \uc704\uc131 \ud1b5\uc2e0 \uc7a5\ube44 \ub4f1 \ud1b5\uc2e0 \uc7a5\ube44\uc758 \ubbf8\uad6d \ub0b4 \uc0ac\uc6a9 \ud5c8\uac00\ub97c \ub2f4\ub2f9\ud569\ub2c8\ub2e4. .<\/p>\n<p>FCC\ub294 \uc81c\ud488\uc5d0 FCC \ub77c\ubca8\uc744 \ubd80\ucc29\ud558\uace0 \uc2b9\uc778\ub41c \uc81c\ud488\uc73c\ub85c \ub4f1\ub85d\ud560 \uc218 \uc788\ub294\uc9c0 \uc5ec\ubd80\ub97c \uacb0\uc815\ud558\ub294 \uae30\uc900\uc744 \ub9cc\ub4e4\uc5c8\uc2b5\ub2c8\ub2e4.<\/p>\n<p>\ubaa8\ub4e0 \ubb34\uc120 \uc7a5\ube44\ub294 \ub2e4\uc74c \uadf8\ub8f9\uc73c\ub85c \ub098\ub269\ub2c8\ub2e4:<\/p>\n<p>A: \ub2e4\uc74c\uc744 \ud3ec\ud568\ud55c \ubb34\ud5c8\uac00 \ubb34\uc120 \uc7a5\ube44<\/p>\n<p>A1: 1GHz \ubbf8\ub9cc\uc758 \uc8fc\ud30c\uc218\uc5d0\uc11c \uc791\ub3d9\ud558\ub294 \uc800\uc804\ub825 \uc1a1\uc2e0\uae30(\ud655\uc0b0 \uc2a4\ud399\ud2b8\ub7fc \uc7a5\uce58 \uc81c\uc678), \uacbd\ubcf4 \uc2dc\uc2a4\ud15c, \uc758\ub3c4\uce58 \uc54a\uac8c RF\ub97c \ubc29\ucd9c\ud558\ub294 \uac1c\uc778\uc6a9 \ucef4\ud4e8\ud130 \ubc0f \uad00\ub828 \uc8fc\ubcc0\uae30\uae30\uc640 TV \uc778\ud130\ud398\uc774\uc2a4 \uc7a5\ube44, \uc778\uc99d \ub300\uc0c1 \uc18c\ube44\uc790 ISM \uc7a5\ube44(\uc608: \uc804\uc790\ub808\uc778\uc9c0, RF \uc870\uba85 \ubc0f \uae30\ud0c0 \uc18c\ube44\uc790 ISM \uc7a5\ube44).<\/p>\n<p>A2: \uc2a4\ud504\ub808\ub4dc \uc2a4\ud399\ud2b8\ub7fc \uc7a5\uce58\ub97c \uc81c\uc678\ud55c 1GHz \uc774\uc0c1\uc758 \uc8fc\ud30c\uc218\uc5d0\uc11c \uc791\ub3d9\ud558\ub294 \uc800\uc804\ub825 \uc1a1\uc2e0\uae30.<\/p>\n<p>A4: \ub77c\uc774\uc120\uc2a4\uac00 \uc5c6\ub294 \uad6d\uac00 \uc815\ubcf4 \uc778\ud504\ub77c(UNII) \uc7a5\ube44 \ubc0f \ud655\uc0b0 \uc2a4\ud399\ud2b8\ub7fc \uae30\uc220\uc744 \uc0ac\uc6a9\ud558\ub294 \uc800\uc804\ub825 \uc1a1\uc2e0\uae30.<\/p>\n<p>B: \ud5c8\uac00\ub41c \ubb34\uc120 \uc7a5\ube44.<\/p>\n<p>B1: 47 CFR \ud30c\ud2b8 20, 22(\ubaa8\ubc14\uc77c), 24, 25, 27\uc758 \uc0c1\uc5c5\uc6a9 \ubaa8\ubc14\uc77c \uc11c\ube44\uc2a4.<\/p>\n<p>B2: 47 CFR \ud30c\ud2b8 22(\ube44\uc140\ub8f0\ub7ec), 73, 74, 90, 95 \ubc0f 97\uc758 \uc77c\ubc18 \ubaa8\ubc14\uc77c \ub77c\ub514\uc624 \uc11c\ube44\uc2a4.<\/p>\n<p>ICR \ud3f4\ub780\ub4dc\ub294 ICR \uc2e4\ud5d8\uc2e4\uc744 \ud1b5\ud574 \uac80\uc0ac\ub97c \uc218\ud589\ud558\uace0, \uc774\ud6c4 \uc778\uc99d\uc744 \uc644\ub8cc\ud558\uc5ec \ud68d\ub4dd\ud560 \uc218 \uc788\ub3c4\ub85d \ud569\ub2c8\ub2e4. <strong>FCC \ubcf4\uc870\uae08<\/strong> \ubbf8\uad6d \uc2dc\uc7a5\uc5d0 \uc81c\ud488\uc744 \ucd9c\uc2dc\ud560 \ub54c \ud544\uc694\ud55c \uc0ac\ud56d.<\/p>\n<p>\ub610\ud55c FCC \ub4f1\ub85d \uacfc\uc815\uc5d0\uc11c \uc81c\uc870\uc5c5\uccb4\ub97c \uc9c0\uc6d0\ud569\ub2c8\ub2e4.<\/p>\n<hr \/>\n<p><img decoding=\"async\" class=\"wp-image-9514 alignleft\" src=\"https:\/\/icrpolska.com\/wp-content\/uploads\/2023\/04\/ca-flag-300x162.jpg\" alt=\"\" width=\"285\" height=\"154\" srcset=\"https:\/\/icrpolska.com\/wp-content\/uploads\/2023\/04\/ca-flag-300x162.jpg 300w, https:\/\/icrpolska.com\/wp-content\/uploads\/2023\/04\/ca-flag-1024x554.jpg 1024w, https:\/\/icrpolska.com\/wp-content\/uploads\/2023\/04\/ca-flag-768x415.jpg 768w, https:\/\/icrpolska.com\/wp-content\/uploads\/2023\/04\/ca-flag-1536x830.jpg 1536w, https:\/\/icrpolska.com\/wp-content\/uploads\/2023\/04\/ca-flag-2048x1107.jpg 2048w, https:\/\/icrpolska.com\/wp-content\/uploads\/2023\/04\/ca-flag-18x10.jpg 18w\" sizes=\"(max-width: 285px) 100vw, 285px\" \/><\/p>\n<p><strong>ISED<\/strong>\u00a0- \uce90\ub098\ub2e4 \ud601\uc2e0, \uacfc\ud559 \ubc0f \uacbd\uc81c \uac1c\ubc1c\ubd80 \uaddc\uc81c \ud45c\uc900\uad6d(DRS)\uc740 \uce90\ub098\ub2e4\uc5d0\uc11c \uc0ac\uc6a9\ub418\ub294 \ubb34\uc120 \uc7a5\ube44, \ub2e8\ub9d0 \uc7a5\ube44 \ubc0f \uae30\ud0c0 \uac04\uc12d\uc744 \uc720\ubc1c\ud558\ub294 \uc7a5\ube44\uc5d0 \ub300\ud55c \uae30\uc220 \ud45c\uc900, \uaddc\uc815 \ubc0f \uc808\ucc28\ub97c \uac1c\ubc1c\ud569\ub2c8\ub2e4.<\/p>\n<p>ICR \ud3f4\ub780\ub4dc\ub294 ICR \uc5f0\uad6c\uc18c\ub97c \ud1b5\ud574 \ud14c\uc2a4\ud2b8 \ubc0f \ud6c4\uc18d \uc778\uc99d\uc744 \uc9c0\uc6d0\ud569\ub2c8\ub2e4:<\/p>\n<p>\u2013 RSS-xxx \uc0ac\uc591\uc5d0 \ub530\ub978 \ubb34\uc120 \uc7a5\ube44<\/p>\n<p>\u2013 ICES-xxx \uc0ac\uc591\uc5d0 \ub530\ub978 \uac04\uc12d\uc744 \uc720\ubc1c\ud558\ub294 \uc7a5\uce58<\/p>\n<p>\uadf8\ub4e4\uc744 \ud45c\uc2dc\ud558\uae30 \uc704\ud55c \ubaa9\uc801 <strong>IC<\/strong>.<\/p>\n<p>\ub610\ud55c \uc804\uc790 \uc81c\ud488, \uc0b0\uc5c5\uc6a9 \uae30\uacc4, \ubc29\ud3ed \uc81c\ud488\uc5d0 \ub300\ud55c \uc548\uc804\uc131 \uc2dc\ud5d8\uc744 \uc694\uad6c \uc0ac\ud56d\uc5d0 \ub530\ub77c \uc81c\uacf5\ud569\ub2c8\ub2e4. <strong>UL<\/strong> (\ubbf8\uad6d) \ubc0f <strong>CSA<\/strong> (\uce90\ub098\ub2e4)\uc640 \uc81c\uc870\uc5c5\uccb4 \uac10\uc0ac\uc640 \uc5f0\uacc4\ud558\uc5ec.<\/p>\n<p>\uc790\uc138\ud55c \ub0b4\uc6a9\uc740 \ub2e4\uc74c \uc5f0\ub77d\ucc98\ub85c \ubb38\uc758\ud558\uc2dc\uae30 \ubc14\ub78d\ub2c8\ub2e4. <a href=\"call: +48 22 115 70 62\">\uc804\ud654<\/a> \ub610\ub294 <a href=\"\/kr\/\uba54\uc77c: icrpolska@icrpolska.com\/\">\uc774\uba54\uc77c<\/a>.<\/p>","protected":false},"excerpt":{"rendered":"<p>FCC(\uc5f0\ubc29\ud1b5\uc2e0\uc704\uc6d0\ud68c)\ub294 \ub77c\ub514\uc624, \ud154\ub808\ube44\uc804, \ubb34\uc120 \ub124\ud2b8\uc6cc\ud06c \uc7a5\ube44, \uc704\uc131 \ud1b5\uc2e0 \uc7a5\ube44 \ub4f1 \ud1b5\uc2e0 \uc7a5\ube44\uc758 \ubbf8\uad6d \ub0b4 \uc0ac\uc6a9 \ud5c8\uac00\ub97c \ub2f4\ub2f9\ud569\ub2c8\ub2e4. FCC\ub294 \uc81c\ud488\uc5d0 FCC \ub9c8\ud06c\ub97c \ubd80\ucc29\ud558\uace0 \uc2dc\ud310 \ud5c8\uac00 \uc81c\ud488\uc73c\ub85c \ub4f1\ub85d\ud560 \uc218 \uc788\ub294 \uae30\uc900\uc744 \ub9c8\ub828\ud588\uc2b5\ub2c8\ub2e4. \ubaa8\ub4e0 \ubb34\uc120 \uc7a5\uce58\ub294 \ub2e4\uc74c\uacfc \uac19\uc740 \uadf8\ub8f9\uc73c\ub85c \ubd84\ub958\ub429\ub2c8\ub2e4: A: \ube44\uba74\ud5c8 \ubb34\uc120 \uc7a5\uce58, \ud3ec\ud568\ud558\uc5ec\u2026&nbsp;<a href=\"https:\/\/icrpolska.com\/kr\/fcc\/\" rel=\"bookmark\">\uc790\uc138\ud788 \ubcf4\uae30\"<span class=\"screen-reader-text\">FCC \/ ISED \/ UL \/ CSA<\/span><\/a><\/p>","protected":false},"author":1,"featured_media":0,"parent":0,"menu_order":0,"comment_status":"closed","ping_status":"closed","template":"","meta":{"neve_meta_sidebar":"","neve_meta_container":"","neve_meta_enable_content_width":"off","neve_meta_content_width":70,"neve_meta_title_alignment":"","neve_meta_author_avatar":"","neve_post_elements_order":"","neve_meta_disable_header":"","neve_meta_disable_footer":"","neve_meta_disable_title":"","footnotes":""},"class_list":["post-2428","page","type-page","status-publish","hentry"],"yoast_head":"<!-- This site is optimized with the Yoast SEO plugin v27.3 - https:\/\/yoast.com\/product\/yoast-seo-wordpress\/ -->\n<title>FCC \/ ISED \/ UL \/ CSA - ICR POLSKA - badania i certyfikacja<\/title>\n<meta name=\"robots\" content=\"index, follow, max-snippet:-1, max-image-preview:large, max-video-preview:-1\" \/>\n<link rel=\"canonical\" href=\"https:\/\/icrpolska.com\/kr\/fcc\/\" \/>\n<meta property=\"og:locale\" content=\"ko_KR\" \/>\n<meta property=\"og:type\" content=\"article\" \/>\n<meta property=\"og:title\" content=\"FCC \/ ISED \/ UL \/ CSA - ICR POLSKA - badania i certyfikacja\" \/>\n<meta property=\"og:description\" content=\"FCC\u00a0\u2013 Federal Communications Commission \u2013 zajmuje si\u0119 dopuszczaniem urz\u0105dze\u0144 komunikacyjnych takich jak radio, telewizja, urz\u0105dzenie sieci bezprzewodowej, urz\u0105dzenia komunikacji satelitarnej do u\u017cytkowania na terenie U.S. . FCC stworzy\u0142a kryteria, kt\u00f3re warunkuj\u0105 mo\u017cliwo\u015b\u0107 oznakowania wyrobu FCC i rejestracji jako wyrobu dopuszczonego do obrotu. Wszystkie urz\u0105dzenie radiowe podzielono na nast\u0119puj\u0105ce grupy: A: Nielicencjonowane urz\u0105dzenia radiowe, w tym&hellip;&nbsp;\ub354 \ubcf4\uae30 &raquo;FCC \/ ISED \/ UL \/ CSA\" \/>\n<meta property=\"og:url\" content=\"https:\/\/icrpolska.com\/kr\/fcc\/\" \/>\n<meta property=\"og:site_name\" content=\"ICR POLSKA - badania i certyfikacja\" \/>\n<meta property=\"article:modified_time\" content=\"2025-12-16T07:40:48+00:00\" \/>\n<meta property=\"og:image\" content=\"https:\/\/icrpolska.com\/wp-content\/uploads\/2019\/06\/FCC_New_Logo.png\" \/>\n\t<meta property=\"og:image:width\" content=\"1200\" \/>\n\t<meta property=\"og:image:height\" content=\"1008\" \/>\n\t<meta property=\"og:image:type\" content=\"image\/png\" \/>\n<meta name=\"twitter:card\" content=\"summary_large_image\" \/>\n<meta name=\"twitter:label1\" content=\"\uc608\uc0c1 \ub418\ub294 \ud310\ub3c5 \uc2dc\uac04\" \/>\n\t<meta name=\"twitter:data1\" content=\"3\ubd84\" \/>\n<script type=\"application\/ld+json\" class=\"yoast-schema-graph\">{\"@context\":\"https:\\\/\\\/schema.org\",\"@graph\":[{\"@type\":\"WebPage\",\"@id\":\"https:\\\/\\\/icrpolska.com\\\/fcc\\\/\",\"url\":\"https:\\\/\\\/icrpolska.com\\\/fcc\\\/\",\"name\":\"FCC \\\/ ISED \\\/ UL \\\/ CSA - ICR POLSKA - badania i certyfikacja\",\"isPartOf\":{\"@id\":\"https:\\\/\\\/icrpolska.com\\\/#website\"},\"primaryImageOfPage\":{\"@id\":\"https:\\\/\\\/icrpolska.com\\\/fcc\\\/#primaryimage\"},\"image\":{\"@id\":\"https:\\\/\\\/icrpolska.com\\\/fcc\\\/#primaryimage\"},\"thumbnailUrl\":\"http:\\\/\\\/icrpolska.com\\\/wp-content\\\/uploads\\\/2019\\\/06\\\/FCC_New_Logo-300x252.png\",\"datePublished\":\"2019-06-03T10:35:18+00:00\",\"dateModified\":\"2025-12-16T07:40:48+00:00\",\"breadcrumb\":{\"@id\":\"https:\\\/\\\/icrpolska.com\\\/fcc\\\/#breadcrumb\"},\"inLanguage\":\"ko-KR\",\"potentialAction\":[{\"@type\":\"ReadAction\",\"target\":[\"https:\\\/\\\/icrpolska.com\\\/fcc\\\/\"]}]},{\"@type\":\"ImageObject\",\"inLanguage\":\"ko-KR\",\"@id\":\"https:\\\/\\\/icrpolska.com\\\/fcc\\\/#primaryimage\",\"url\":\"http:\\\/\\\/icrpolska.com\\\/wp-content\\\/uploads\\\/2019\\\/06\\\/FCC_New_Logo-300x252.png\",\"contentUrl\":\"http:\\\/\\\/icrpolska.com\\\/wp-content\\\/uploads\\\/2019\\\/06\\\/FCC_New_Logo-300x252.png\"},{\"@type\":\"BreadcrumbList\",\"@id\":\"https:\\\/\\\/icrpolska.com\\\/fcc\\\/#breadcrumb\",\"itemListElement\":[{\"@type\":\"ListItem\",\"position\":1,\"name\":\"Strona g\u0142\u00f3wna\",\"item\":\"https:\\\/\\\/icrpolska.com\\\/\"},{\"@type\":\"ListItem\",\"position\":2,\"name\":\"FCC \\\/ ISED \\\/ UL \\\/ CSA\"}]},{\"@type\":\"WebSite\",\"@id\":\"https:\\\/\\\/icrpolska.com\\\/#website\",\"url\":\"https:\\\/\\\/icrpolska.com\\\/\",\"name\":\"ICR POLSKA - badania i certyfikacja\",\"description\":\"CE certification, CE certificate, ISO certificate, RED testing, product testing and certification, electrical product testing, medical device testing, ATEX, IECEx, FCC, product certification, EMC testing, machinery certification, CE machines, training, electronic product testing, testing 2014\\\/53\\\/EU, drone certification, ISO 13485 certificate, ISO 9001 certificate, NC RfG, CPR\",\"publisher\":{\"@id\":\"https:\\\/\\\/icrpolska.com\\\/#\\\/schema\\\/person\\\/8601820fc0521fc7bf75ae141134fbfd\"},\"potentialAction\":[{\"@type\":\"SearchAction\",\"target\":{\"@type\":\"EntryPoint\",\"urlTemplate\":\"https:\\\/\\\/icrpolska.com\\\/?s={search_term_string}\"},\"query-input\":{\"@type\":\"PropertyValueSpecification\",\"valueRequired\":true,\"valueName\":\"search_term_string\"}}],\"inLanguage\":\"ko-KR\"},{\"@type\":[\"Person\",\"Organization\"],\"@id\":\"https:\\\/\\\/icrpolska.com\\\/#\\\/schema\\\/person\\\/8601820fc0521fc7bf75ae141134fbfd\",\"name\":\"admin\",\"image\":{\"@type\":\"ImageObject\",\"inLanguage\":\"ko-KR\",\"@id\":\"https:\\\/\\\/icrpolska.com\\\/wp-content\\\/uploads\\\/2019\\\/05\\\/cropped-logo-icr.32f04ad5-1-1.png\",\"url\":\"https:\\\/\\\/icrpolska.com\\\/wp-content\\\/uploads\\\/2019\\\/05\\\/cropped-logo-icr.32f04ad5-1-1.png\",\"contentUrl\":\"https:\\\/\\\/icrpolska.com\\\/wp-content\\\/uploads\\\/2019\\\/05\\\/cropped-logo-icr.32f04ad5-1-1.png\",\"width\":400,\"height\":148,\"caption\":\"admin\"},\"logo\":{\"@id\":\"https:\\\/\\\/icrpolska.com\\\/wp-content\\\/uploads\\\/2019\\\/05\\\/cropped-logo-icr.32f04ad5-1-1.png\"}}]}<\/script>\n<!-- \/ Yoast SEO plugin. -->","yoast_head_json":{"title":"FCC \/ ISED \/ UL \/ CSA - ICR \ud3f4\ub780\ub4dc - \uc2dc\ud5d8 \ubc0f \uc778\uc99d","robots":{"index":"index","follow":"follow","max-snippet":"max-snippet:-1","max-image-preview":"max-image-preview:large","max-video-preview":"max-video-preview:-1"},"canonical":"https:\/\/icrpolska.com\/kr\/fcc\/","og_locale":"ko_KR","og_type":"article","og_title":"FCC \/ ISED \/ UL \/ CSA - ICR POLSKA - badania i certyfikacja","og_description":"FCC\u00a0\u2013 Federal Communications Commission \u2013 zajmuje si\u0119 dopuszczaniem urz\u0105dze\u0144 komunikacyjnych takich jak radio, telewizja, urz\u0105dzenie sieci bezprzewodowej, urz\u0105dzenia komunikacji satelitarnej do u\u017cytkowania na terenie U.S. . FCC stworzy\u0142a kryteria, kt\u00f3re warunkuj\u0105 mo\u017cliwo\u015b\u0107 oznakowania wyrobu FCC i rejestracji jako wyrobu dopuszczonego do obrotu. Wszystkie urz\u0105dzenie radiowe podzielono na nast\u0119puj\u0105ce grupy: A: Nielicencjonowane urz\u0105dzenia radiowe, w tym&hellip;&nbsp;\ub354 \ubcf4\uae30 &raquo;FCC \/ ISED \/ UL \/ CSA","og_url":"https:\/\/icrpolska.com\/kr\/fcc\/","og_site_name":"ICR POLSKA - badania i certyfikacja","article_modified_time":"2025-12-16T07:40:48+00:00","og_image":[{"width":1200,"height":1008,"url":"https:\/\/icrpolska.com\/wp-content\/uploads\/2019\/06\/FCC_New_Logo.png","type":"image\/png"}],"twitter_card":"summary_large_image","twitter_misc":{"\uc608\uc0c1 \ub418\ub294 \ud310\ub3c5 \uc2dc\uac04":"3\ubd84"},"schema":{"@context":"https:\/\/schema.org","@graph":[{"@type":"WebPage","@id":"https:\/\/icrpolska.com\/fcc\/","url":"https:\/\/icrpolska.com\/fcc\/","name":"FCC \/ ISED \/ UL \/ CSA - ICR \ud3f4\ub780\ub4dc - \uc2dc\ud5d8 \ubc0f \uc778\uc99d","isPartOf":{"@id":"https:\/\/icrpolska.com\/#website"},"primaryImageOfPage":{"@id":"https:\/\/icrpolska.com\/fcc\/#primaryimage"},"image":{"@id":"https:\/\/icrpolska.com\/fcc\/#primaryimage"},"thumbnailUrl":"http:\/\/icrpolska.com\/wp-content\/uploads\/2019\/06\/FCC_New_Logo-300x252.png","datePublished":"2019-06-03T10:35:18+00:00","dateModified":"2025-12-16T07:40:48+00:00","breadcrumb":{"@id":"https:\/\/icrpolska.com\/fcc\/#breadcrumb"},"inLanguage":"ko-KR","potentialAction":[{"@type":"ReadAction","target":["https:\/\/icrpolska.com\/fcc\/"]}]},{"@type":"ImageObject","inLanguage":"ko-KR","@id":"https:\/\/icrpolska.com\/fcc\/#primaryimage","url":"http:\/\/icrpolska.com\/wp-content\/uploads\/2019\/06\/FCC_New_Logo-300x252.png","contentUrl":"http:\/\/icrpolska.com\/wp-content\/uploads\/2019\/06\/FCC_New_Logo-300x252.png"},{"@type":"BreadcrumbList","@id":"https:\/\/icrpolska.com\/fcc\/#breadcrumb","itemListElement":[{"@type":"ListItem","position":1,"name":"Strona g\u0142\u00f3wna","item":"https:\/\/icrpolska.com\/"},{"@type":"ListItem","position":2,"name":"FCC \/ ISED \/ UL \/ CSA"}]},{"@type":"WebSite","@id":"https:\/\/icrpolska.com\/#website","url":"https:\/\/icrpolska.com\/","name":"ICR \ud3f4\ub780\ub4dc - \ud14c\uc2a4\ud2b8 \ubc0f \uc778\uc99d","description":"CE \uc778\uc99d, CE \uc778\uc99d\uc11c, ISO \uc778\uc99d\uc11c, RED \ud14c\uc2a4\ud2b8, \uc81c\ud488 \ud14c\uc2a4\ud2b8 \ubc0f \uc778\uc99d, \uc804\uae30 \uc81c\ud488 \ud14c\uc2a4\ud2b8, \uc758\ub8cc\uae30\uae30 \ud14c\uc2a4\ud2b8, ATEX, IECEx, FCC, \uc81c\ud488 \uc778\uc99d, EMC \ud14c\uc2a4\ud2b8, \uae30\uacc4 \uc778\uc99d, CE \uae30\uacc4, \uad50\uc721, \uc804\uc790 \uc81c\ud488 \ud14c\uc2a4\ud2b8, \ud14c\uc2a4\ud2b8 2014\/53\/EU, \ub4dc\ub860 \uc778\uc99d, ISO 13485 \uc778\uc99d\uc11c, ISO 9001 \uc778\uc99d\uc11c, NC RfG, CPR","publisher":{"@id":"https:\/\/icrpolska.com\/#\/schema\/person\/8601820fc0521fc7bf75ae141134fbfd"},"potentialAction":[{"@type":"SearchAction","target":{"@type":"EntryPoint","urlTemplate":"https:\/\/icrpolska.com\/?s={search_term_string}"},"query-input":{"@type":"PropertyValueSpecification","valueRequired":true,"valueName":"search_term_string"}}],"inLanguage":"ko-KR"},{"@type":["Person","Organization"],"@id":"https:\/\/icrpolska.com\/#\/schema\/person\/8601820fc0521fc7bf75ae141134fbfd","name":"\uad00\ub9ac\uc790","image":{"@type":"ImageObject","inLanguage":"ko-KR","@id":"https:\/\/icrpolska.com\/wp-content\/uploads\/2019\/05\/cropped-logo-icr.32f04ad5-1-1.png","url":"https:\/\/icrpolska.com\/wp-content\/uploads\/2019\/05\/cropped-logo-icr.32f04ad5-1-1.png","contentUrl":"https:\/\/icrpolska.com\/wp-content\/uploads\/2019\/05\/cropped-logo-icr.32f04ad5-1-1.png","width":400,"height":148,"caption":"admin"},"logo":{"@id":"https:\/\/icrpolska.com\/wp-content\/uploads\/2019\/05\/cropped-logo-icr.32f04ad5-1-1.png"}}]}},"_links":{"self":[{"href":"https:\/\/icrpolska.com\/kr\/wp-json\/wp\/v2\/pages\/2428","targetHints":{"allow":["GET"]}}],"collection":[{"href":"https:\/\/icrpolska.com\/kr\/wp-json\/wp\/v2\/pages"}],"about":[{"href":"https:\/\/icrpolska.com\/kr\/wp-json\/wp\/v2\/types\/page"}],"author":[{"embeddable":true,"href":"https:\/\/icrpolska.com\/kr\/wp-json\/wp\/v2\/users\/1"}],"replies":[{"embeddable":true,"href":"https:\/\/icrpolska.com\/kr\/wp-json\/wp\/v2\/comments?post=2428"}],"version-history":[{"count":17,"href":"https:\/\/icrpolska.com\/kr\/wp-json\/wp\/v2\/pages\/2428\/revisions"}],"predecessor-version":[{"id":17339,"href":"https:\/\/icrpolska.com\/kr\/wp-json\/wp\/v2\/pages\/2428\/revisions\/17339"}],"wp:attachment":[{"href":"https:\/\/icrpolska.com\/kr\/wp-json\/wp\/v2\/media?parent=2428"}],"curies":[{"name":"wp","href":"https:\/\/api.w.org\/{rel}","templated":true}]}}