{"id":7513,"date":"2023-01-05T19:21:41","date_gmt":"2023-01-05T18:21:41","guid":{"rendered":"https:\/\/icrpolska.com\/?page_id=7513"},"modified":"2026-01-16T14:40:02","modified_gmt":"2026-01-16T13:40:02","slug":"nc_rfg","status":"publish","type":"page","link":"https:\/\/icrpolska.com\/kr\/certyfikacja-wyrobow\/nc_rfg\/","title":{"rendered":"NC RfG"},"content":{"rendered":"<p><strong>\uadf8\ub9ac\ub4dc \ucf54\ub4dc - \uc804\ub825 \ub124\ud2b8\uc6cc\ud06c\uc5d0 \ubc1c\uc804 \uc7a5\uce58 \uc5f0\uacb0<\/strong><\/p>\n<p>2022\ub144 5\uc6d4 1\uc77c\ubd80\ud130\ub294 \uaddc\uc815 \uc900\uc218 \uc778\uc99d\uc11c\ub97c \uc758\ubb34\uc801\uc73c\ub85c \uc0ac\uc6a9\ud574\uc57c \ud569\ub2c8\ub2e4:<\/p>\n<ol>\n<li>2016\ub144 4\uc6d4 14\uc77c\uc758 \uc704\uc6d0\ud68c \uaddc\uc815(EU) 2016\/631\uc740 \ubc1c\uc804 \uc7a5\uce58\ub97c \uadf8\ub9ac\ub4dc\uc5d0 \uc5f0\uacb0\ud558\uae30 \uc704\ud55c \uc694\uac74\uc5d0 \ub300\ud55c \uadf8\ub9ac\ub4dc \ucf54\ub4dc\ub97c \uaddc\uc815\ud558\uace0 \uc788\uc2b5\ub2c8\ub2e4(2016\ub144 4\uc6d4 27\uc77c\uc758 OJ EU L 112\/1),<\/li>\n<li>EU \uc9d1\ud589\uc704\uc6d0\ud68c \uaddc\uc815 2016\/631\ud638(2016\ub144 4\uc6d4 14\uc77c)\uc5d0 \ub530\ub978 \uc77c\ubc18\uc801 \uc801\uc6a9 \uc694\uac74 \u2013 \ubc1c\uc804 \uc124\ube44\uc758 \uacc4\ud1b5 \uc5f0\uacc4 \uc694\uac74\uc5d0 \uad00\ud55c \uacc4\ud1b5 \uaddc\uc815\uc744 \uc81c\uc815\ud558\ub294 \uaddc\uc815 \u2013 \uc5d0\ub108\uc9c0 \uaddc\uc81c\uccad\uc7a5\uc758 \uacb0\uc815\uc73c\ub85c \uc2b9\uc778\ub428.<\/li>\n<\/ol>\n<p>ICR Poland\ub294 PCA\uac00 \ubd80\uc5ec\ud55c AC197 \uc778\uc99d\uc744 \uae30\ubc18\uc73c\ub85c \uc704\uc5d0\uc11c \uc5b8\uae09\ud55c \uc694\uad6c \uc0ac\ud56d\uc5d0 \ub530\ub77c \ubc1c\uc804 \ub2e8\uc704\ub97c \ud3c9\uac00\ud560 \uc218 \uc788\ub294 \uc5ed\ub7c9\uc744 \uac16\ucd98 \uc778\uc99d \uae30\uad00\uc785\ub2c8\ub2e4.<\/p>\n<p>\ub2f9\uc0ac\uc758 \uc778\uc99d\uc11c\ub294 PTPiREE \ubb38\uc11c \u300c\ubc1c\uc804 \ubaa8\ub4c8\uc758 \uc804\ub825\ub9dd \uc5f0\uacb0 \uacfc\uc815\uc5d0\uc11c \uc778\uc99d\uc11c \uc0ac\uc6a9 \uc870\uac74 \ubc0f \uc808\ucc28\u300d \u2013 2024\ub144 10\uc6d4 1\uc77c\uc790 \ubc84\uc804 1.3\uc5d0 \ubd80\ud569\ud558\ub294 \uc778\uc99d \ud504\ub85c\uadf8\ub7a8\uc5d0 \uadfc\uac70\ud558\uc5ec \ubc1c\uae09\ub429\ub2c8\ub2e4.<\/p>\n<p>\ubc1c\uc804 \ubaa8\ub4c8 \uc81c\uc870\uc5c5\uccb4 \ubc0f \uc218\uc785\uc5c5\uccb4\uac00 \ub2f9\uc0ac\uc758 \uc11c\ube44\uc2a4\ub97c \ud65c\uc6a9\ud558\uc5ec \uc81c\uacf5\ub418\ub294 \uc81c\ud488\uc744 EU \ub0b4 \uc804\ub825\ub9dd\uc5d0 \uc5f0\uacb0\ud560 \uc218 \uc788\ub3c4\ub85d \ucd08\ub300\ud569\ub2c8\ub2e4.<\/p>\n<p><img decoding=\"async\" class=\"alignnone wp-image-3362\" src=\"http:\/\/icrpolska.com\/wp-content\/uploads\/2019\/06\/Email-icon-e1560506652454.png\" alt=\"\" width=\"28\" height=\"20\" \/> <a href=\"mailto:icrpolska@icrqa.com?subject=NC_RfG%20Certificate&amp;body=I%20plan%20to%20certificate%20for%20NC_RfG.%0APlease,%20contact%20me%20to%20more%20information.%0A\">ICR \ud3f4\ub780\ub4dc\uc5d0 \ubb38\uc758<\/a><\/p>\n<p>\uacbd\uc7c1\uc0ac\ubcf4\ub2e4 \ud55c \ubc1c\uc774\ub77c\ub3c4 \ub354 \uc55e\uc11c \ub098\uac00\uae30 \uc704\ud574 \ub178\ub825\ud558\uc138\uc694.<\/p>\n<p><a href=\"https:\/\/icrpolska.com\/wp-content\/uploads\/2019\/06\/Program-oceny-zgodno\u015bci-w-zakresie-ATEX.pdf\" target=\"_blank\" rel=\"noopener noreferrer\"><img decoding=\"async\" class=\"alignnone wp-image-2679\" src=\"https:\/\/icrpolska.com\/wp-content\/uploads\/2019\/06\/adobe.jpg\" alt=\"\" width=\"20\" height=\"21\" srcset=\"https:\/\/icrpolska.com\/wp-content\/uploads\/2019\/06\/adobe.jpg 218w, https:\/\/icrpolska.com\/wp-content\/uploads\/2019\/06\/adobe-150x150.jpg 150w\" sizes=\"(max-width: 20px) 100vw, 20px\" \/> <\/a><a href=\"https:\/\/icrpolska.com\/wp-content\/uploads\/2025\/06\/PC-P-07-10-6-Program-oceny-zgodnosci-sieci-energetyczne.pdf\" target=\"_blank\" rel=\"noopener\">NC \uc7a5\ube44 \uc801\ud569\uc131 \ud3c9\uac00 \ud504\ub85c\uadf8\ub7a8 RfG(EU) 2016\/631<\/a><\/p>\n<p><a href=\"https:\/\/icrpolska.com\/wp-content\/uploads\/2022\/11\/F-P-07-01-1-1-wniosek-o-przeprowadzenie-oceny-sprzetu-2016-631.docx\" target=\"_blank\" rel=\"noopener\"><img decoding=\"async\" class=\"alignnone wp-image-2678\" src=\"https:\/\/icrpolska.com\/wp-content\/uploads\/2019\/06\/word.jpg\" sizes=\"(max-width: 20px) 100vw, 20px\" srcset=\"https:\/\/icrpolska.com\/wp-content\/uploads\/2019\/06\/word.jpg 208w, https:\/\/icrpolska.com\/wp-content\/uploads\/2019\/06\/word-150x150.jpg 150w\" alt=\"\" width=\"20\" height=\"20\" \/><\/a> <a href=\"https:\/\/icrpolska.com\/wp-content\/uploads\/2026\/01\/F-P-07-01-1-3-wniosek-o-przeprowadzenie-oceny-sprzetu-2016-631.docx\" target=\"_blank\" rel=\"noopener\">\uc7a5\ube44 \ud3c9\uac00 \uc2e0\uccad(\uaddc\uc815 (EU) 2016\/631)<\/a><\/p>","protected":false},"excerpt":{"rendered":"<p>\uadf8\ub9ac\ub4dc \ucf54\ub4dc - \ubc1c\uc804 \uc7a5\uce58\ub97c \uc804\ub825\ub9dd\uc5d0 \uc5f0\uacb0 2022\ub144 5\uc6d4 1\uc77c\ubd80\ud130\ub294 \uc900\uc218 \uc5ec\ubd80\ub97c \ud655\uc778\ud558\ub294 \uc778\uc99d\uc11c\ub97c \uc0ac\uc6a9\ud574\uc57c \ud569\ub2c8\ub2e4: \ubc1c\uc804 \uc7a5\uce58\ub97c \uc804\ub825\ub9dd\uc5d0 \uc5f0\uacb0\ud558\uae30 \uc704\ud55c \uc694\uac74\uc5d0 \ub300\ud55c \uadf8\ub9ac\ub4dc \ucf54\ub4dc(2016\ub144 4\uc6d4 14\uc77c\uc758 \uc704\uc6d0\ud68c \uaddc\uc815 (EU) 2016\/631), \uaddc\uc815\uc5d0 \ub530\ub978 \uc77c\ubc18 \uc801\uc6a9 \uc694\uac74(2016\ub144 4\uc6d4 27\uc77c\uc758 OJ EU L 112\/1), \uaddc\uc815\uc758 \uc77c\ubc18 \uc801\uc6a9 \uc694\uac74...&nbsp;<a href=\"https:\/\/icrpolska.com\/kr\/certyfikacja-wyrobow\/nc_rfg\/\" rel=\"bookmark\">\uc790\uc138\ud788 \ubcf4\uae30\"<span class=\"screen-reader-text\">NC RfG<\/span><\/a><\/p>","protected":false},"author":2,"featured_media":0,"parent":211,"menu_order":0,"comment_status":"closed","ping_status":"closed","template":"","meta":{"neve_meta_sidebar":"left","neve_meta_container":"","neve_meta_enable_content_width":"off","neve_meta_content_width":100,"neve_meta_title_alignment":"","neve_meta_author_avatar":"","neve_post_elements_order":"","neve_meta_disable_header":"","neve_meta_disable_footer":"","neve_meta_disable_title":"","footnotes":""},"class_list":["post-7513","page","type-page","status-publish","hentry"],"yoast_head":"<!-- This site is optimized with the Yoast SEO plugin v27.3 - https:\/\/yoast.com\/product\/yoast-seo-wordpress\/ -->\n<title>NC RfG - ICR POLSKA - badania i certyfikacja<\/title>\n<meta name=\"robots\" content=\"index, follow, max-snippet:-1, max-image-preview:large, max-video-preview:-1\" \/>\n<link rel=\"canonical\" href=\"https:\/\/icrpolska.com\/kr\/certyfikacja-wyrobow\/nc_rfg\/\" \/>\n<meta property=\"og:locale\" content=\"ko_KR\" \/>\n<meta property=\"og:type\" content=\"article\" \/>\n<meta property=\"og:title\" content=\"NC RfG - ICR POLSKA - badania i certyfikacja\" \/>\n<meta property=\"og:description\" content=\"Kodeks sieciowy &#8211; przy\u0142\u0105czanie jednostek wytw\u00f3rczych do sieci elektroenergetycznych Od 1 maja 2022 r. jest wymagane obligatoryjne stosowanie certyfikatu potwierdzaj\u0105cego spe\u0142nienie: Rozporz\u0105dzenia Komisji (UE) 2016\/631 z dnia 14 kwietnia 2016 r. ustanawiaj\u0105cego kodeks sieci dotycz\u0105cy wymog\u00f3w w zakresie przy\u0142\u0105czenia jednostek wytw\u00f3rczych do sieci (Dz.U. UE L 112\/1 z 27.4.2016), Wymog\u00f3w Og\u00f3lnego Stosowania wynikaj\u0105cych z rozporz\u0105dzenia&hellip;&nbsp;\ub354 \ubcf4\uae30 &raquo;NC RfG\" \/>\n<meta property=\"og:url\" content=\"https:\/\/icrpolska.com\/kr\/certyfikacja-wyrobow\/nc_rfg\/\" \/>\n<meta property=\"og:site_name\" content=\"ICR POLSKA - badania i certyfikacja\" \/>\n<meta property=\"article:modified_time\" content=\"2026-01-16T13:40:02+00:00\" \/>\n<meta property=\"og:image\" content=\"https:\/\/icrpolska.com\/wp-content\/uploads\/2019\/06\/Email-icon-e1560506652454.png\" \/>\n\t<meta property=\"og:image:width\" content=\"35\" \/>\n\t<meta property=\"og:image:height\" content=\"25\" \/>\n\t<meta property=\"og:image:type\" content=\"image\/png\" \/>\n<meta name=\"twitter:card\" content=\"summary_large_image\" \/>\n<meta name=\"twitter:label1\" content=\"\uc608\uc0c1 \ub418\ub294 \ud310\ub3c5 \uc2dc\uac04\" \/>\n\t<meta name=\"twitter:data1\" content=\"2\ubd84\" \/>\n<script type=\"application\/ld+json\" class=\"yoast-schema-graph\">{\"@context\":\"https:\\\/\\\/schema.org\",\"@graph\":[{\"@type\":\"WebPage\",\"@id\":\"https:\\\/\\\/icrpolska.com\\\/certyfikacja-wyrobow\\\/nc_rfg\\\/\",\"url\":\"https:\\\/\\\/icrpolska.com\\\/certyfikacja-wyrobow\\\/nc_rfg\\\/\",\"name\":\"NC RfG - ICR POLSKA - badania i certyfikacja\",\"isPartOf\":{\"@id\":\"https:\\\/\\\/icrpolska.com\\\/#website\"},\"primaryImageOfPage\":{\"@id\":\"https:\\\/\\\/icrpolska.com\\\/certyfikacja-wyrobow\\\/nc_rfg\\\/#primaryimage\"},\"image\":{\"@id\":\"https:\\\/\\\/icrpolska.com\\\/certyfikacja-wyrobow\\\/nc_rfg\\\/#primaryimage\"},\"thumbnailUrl\":\"http:\\\/\\\/icrpolska.com\\\/wp-content\\\/uploads\\\/2019\\\/06\\\/Email-icon-e1560506652454.png\",\"datePublished\":\"2023-01-05T18:21:41+00:00\",\"dateModified\":\"2026-01-16T13:40:02+00:00\",\"breadcrumb\":{\"@id\":\"https:\\\/\\\/icrpolska.com\\\/certyfikacja-wyrobow\\\/nc_rfg\\\/#breadcrumb\"},\"inLanguage\":\"ko-KR\",\"potentialAction\":[{\"@type\":\"ReadAction\",\"target\":[\"https:\\\/\\\/icrpolska.com\\\/certyfikacja-wyrobow\\\/nc_rfg\\\/\"]}]},{\"@type\":\"ImageObject\",\"inLanguage\":\"ko-KR\",\"@id\":\"https:\\\/\\\/icrpolska.com\\\/certyfikacja-wyrobow\\\/nc_rfg\\\/#primaryimage\",\"url\":\"http:\\\/\\\/icrpolska.com\\\/wp-content\\\/uploads\\\/2019\\\/06\\\/Email-icon-e1560506652454.png\",\"contentUrl\":\"http:\\\/\\\/icrpolska.com\\\/wp-content\\\/uploads\\\/2019\\\/06\\\/Email-icon-e1560506652454.png\"},{\"@type\":\"BreadcrumbList\",\"@id\":\"https:\\\/\\\/icrpolska.com\\\/certyfikacja-wyrobow\\\/nc_rfg\\\/#breadcrumb\",\"itemListElement\":[{\"@type\":\"ListItem\",\"position\":1,\"name\":\"Strona g\u0142\u00f3wna\",\"item\":\"https:\\\/\\\/icrpolska.com\\\/\"},{\"@type\":\"ListItem\",\"position\":2,\"name\":\"Certyfikacja wyrob\u00f3w\",\"item\":\"https:\\\/\\\/icrpolska.com\\\/certyfikacja-wyrobow\\\/\"},{\"@type\":\"ListItem\",\"position\":3,\"name\":\"NC RfG\"}]},{\"@type\":\"WebSite\",\"@id\":\"https:\\\/\\\/icrpolska.com\\\/#website\",\"url\":\"https:\\\/\\\/icrpolska.com\\\/\",\"name\":\"ICR POLSKA - badania i certyfikacja\",\"description\":\"CE certification, CE certificate, ISO certificate, RED testing, product testing and certification, electrical product testing, medical device testing, ATEX, IECEx, FCC, product certification, EMC testing, machinery certification, CE machines, training, electronic product testing, testing 2014\\\/53\\\/EU, drone certification, ISO 13485 certificate, ISO 9001 certificate, NC RfG, CPR\",\"publisher\":{\"@id\":\"https:\\\/\\\/icrpolska.com\\\/#\\\/schema\\\/person\\\/8601820fc0521fc7bf75ae141134fbfd\"},\"potentialAction\":[{\"@type\":\"SearchAction\",\"target\":{\"@type\":\"EntryPoint\",\"urlTemplate\":\"https:\\\/\\\/icrpolska.com\\\/?s={search_term_string}\"},\"query-input\":{\"@type\":\"PropertyValueSpecification\",\"valueRequired\":true,\"valueName\":\"search_term_string\"}}],\"inLanguage\":\"ko-KR\"},{\"@type\":[\"Person\",\"Organization\"],\"@id\":\"https:\\\/\\\/icrpolska.com\\\/#\\\/schema\\\/person\\\/8601820fc0521fc7bf75ae141134fbfd\",\"name\":\"admin\",\"image\":{\"@type\":\"ImageObject\",\"inLanguage\":\"ko-KR\",\"@id\":\"https:\\\/\\\/icrpolska.com\\\/wp-content\\\/uploads\\\/2019\\\/05\\\/cropped-logo-icr.32f04ad5-1-1.png\",\"url\":\"https:\\\/\\\/icrpolska.com\\\/wp-content\\\/uploads\\\/2019\\\/05\\\/cropped-logo-icr.32f04ad5-1-1.png\",\"contentUrl\":\"https:\\\/\\\/icrpolska.com\\\/wp-content\\\/uploads\\\/2019\\\/05\\\/cropped-logo-icr.32f04ad5-1-1.png\",\"width\":400,\"height\":148,\"caption\":\"admin\"},\"logo\":{\"@id\":\"https:\\\/\\\/icrpolska.com\\\/wp-content\\\/uploads\\\/2019\\\/05\\\/cropped-logo-icr.32f04ad5-1-1.png\"}}]}<\/script>\n<!-- \/ Yoast SEO plugin. -->","yoast_head_json":{"title":"NC RfG - ICR \ud3f4\ub780\ub4dc - \ud14c\uc2a4\ud2b8 \ubc0f \uc778\uc99d","robots":{"index":"index","follow":"follow","max-snippet":"max-snippet:-1","max-image-preview":"max-image-preview:large","max-video-preview":"max-video-preview:-1"},"canonical":"https:\/\/icrpolska.com\/kr\/certyfikacja-wyrobow\/nc_rfg\/","og_locale":"ko_KR","og_type":"article","og_title":"NC RfG - ICR POLSKA - badania i certyfikacja","og_description":"Kodeks sieciowy &#8211; przy\u0142\u0105czanie jednostek wytw\u00f3rczych do sieci elektroenergetycznych Od 1 maja 2022 r. jest wymagane obligatoryjne stosowanie certyfikatu potwierdzaj\u0105cego spe\u0142nienie: Rozporz\u0105dzenia Komisji (UE) 2016\/631 z dnia 14 kwietnia 2016 r. ustanawiaj\u0105cego kodeks sieci dotycz\u0105cy wymog\u00f3w w zakresie przy\u0142\u0105czenia jednostek wytw\u00f3rczych do sieci (Dz.U. UE L 112\/1 z 27.4.2016), Wymog\u00f3w Og\u00f3lnego Stosowania wynikaj\u0105cych z rozporz\u0105dzenia&hellip;&nbsp;\ub354 \ubcf4\uae30 &raquo;NC RfG","og_url":"https:\/\/icrpolska.com\/kr\/certyfikacja-wyrobow\/nc_rfg\/","og_site_name":"ICR POLSKA - badania i certyfikacja","article_modified_time":"2026-01-16T13:40:02+00:00","og_image":[{"width":35,"height":25,"url":"https:\/\/icrpolska.com\/wp-content\/uploads\/2019\/06\/Email-icon-e1560506652454.png","type":"image\/png"}],"twitter_card":"summary_large_image","twitter_misc":{"\uc608\uc0c1 \ub418\ub294 \ud310\ub3c5 \uc2dc\uac04":"2\ubd84"},"schema":{"@context":"https:\/\/schema.org","@graph":[{"@type":"WebPage","@id":"https:\/\/icrpolska.com\/certyfikacja-wyrobow\/nc_rfg\/","url":"https:\/\/icrpolska.com\/certyfikacja-wyrobow\/nc_rfg\/","name":"NC RfG - ICR \ud3f4\ub780\ub4dc - \ud14c\uc2a4\ud2b8 \ubc0f \uc778\uc99d","isPartOf":{"@id":"https:\/\/icrpolska.com\/#website"},"primaryImageOfPage":{"@id":"https:\/\/icrpolska.com\/certyfikacja-wyrobow\/nc_rfg\/#primaryimage"},"image":{"@id":"https:\/\/icrpolska.com\/certyfikacja-wyrobow\/nc_rfg\/#primaryimage"},"thumbnailUrl":"http:\/\/icrpolska.com\/wp-content\/uploads\/2019\/06\/Email-icon-e1560506652454.png","datePublished":"2023-01-05T18:21:41+00:00","dateModified":"2026-01-16T13:40:02+00:00","breadcrumb":{"@id":"https:\/\/icrpolska.com\/certyfikacja-wyrobow\/nc_rfg\/#breadcrumb"},"inLanguage":"ko-KR","potentialAction":[{"@type":"ReadAction","target":["https:\/\/icrpolska.com\/certyfikacja-wyrobow\/nc_rfg\/"]}]},{"@type":"ImageObject","inLanguage":"ko-KR","@id":"https:\/\/icrpolska.com\/certyfikacja-wyrobow\/nc_rfg\/#primaryimage","url":"http:\/\/icrpolska.com\/wp-content\/uploads\/2019\/06\/Email-icon-e1560506652454.png","contentUrl":"http:\/\/icrpolska.com\/wp-content\/uploads\/2019\/06\/Email-icon-e1560506652454.png"},{"@type":"BreadcrumbList","@id":"https:\/\/icrpolska.com\/certyfikacja-wyrobow\/nc_rfg\/#breadcrumb","itemListElement":[{"@type":"ListItem","position":1,"name":"Strona g\u0142\u00f3wna","item":"https:\/\/icrpolska.com\/"},{"@type":"ListItem","position":2,"name":"Certyfikacja wyrob\u00f3w","item":"https:\/\/icrpolska.com\/certyfikacja-wyrobow\/"},{"@type":"ListItem","position":3,"name":"NC RfG"}]},{"@type":"WebSite","@id":"https:\/\/icrpolska.com\/#website","url":"https:\/\/icrpolska.com\/","name":"ICR \ud3f4\ub780\ub4dc - \ud14c\uc2a4\ud2b8 \ubc0f \uc778\uc99d","description":"CE \uc778\uc99d, CE \uc778\uc99d\uc11c, ISO \uc778\uc99d\uc11c, RED \ud14c\uc2a4\ud2b8, \uc81c\ud488 \ud14c\uc2a4\ud2b8 \ubc0f \uc778\uc99d, \uc804\uae30 \uc81c\ud488 \ud14c\uc2a4\ud2b8, \uc758\ub8cc\uae30\uae30 \ud14c\uc2a4\ud2b8, ATEX, IECEx, FCC, \uc81c\ud488 \uc778\uc99d, EMC \ud14c\uc2a4\ud2b8, \uae30\uacc4 \uc778\uc99d, CE \uae30\uacc4, \uad50\uc721, \uc804\uc790 \uc81c\ud488 \ud14c\uc2a4\ud2b8, \ud14c\uc2a4\ud2b8 2014\/53\/EU, \ub4dc\ub860 \uc778\uc99d, ISO 13485 \uc778\uc99d\uc11c, ISO 9001 \uc778\uc99d\uc11c, NC RfG, CPR","publisher":{"@id":"https:\/\/icrpolska.com\/#\/schema\/person\/8601820fc0521fc7bf75ae141134fbfd"},"potentialAction":[{"@type":"SearchAction","target":{"@type":"EntryPoint","urlTemplate":"https:\/\/icrpolska.com\/?s={search_term_string}"},"query-input":{"@type":"PropertyValueSpecification","valueRequired":true,"valueName":"search_term_string"}}],"inLanguage":"ko-KR"},{"@type":["Person","Organization"],"@id":"https:\/\/icrpolska.com\/#\/schema\/person\/8601820fc0521fc7bf75ae141134fbfd","name":"\uad00\ub9ac\uc790","image":{"@type":"ImageObject","inLanguage":"ko-KR","@id":"https:\/\/icrpolska.com\/wp-content\/uploads\/2019\/05\/cropped-logo-icr.32f04ad5-1-1.png","url":"https:\/\/icrpolska.com\/wp-content\/uploads\/2019\/05\/cropped-logo-icr.32f04ad5-1-1.png","contentUrl":"https:\/\/icrpolska.com\/wp-content\/uploads\/2019\/05\/cropped-logo-icr.32f04ad5-1-1.png","width":400,"height":148,"caption":"admin"},"logo":{"@id":"https:\/\/icrpolska.com\/wp-content\/uploads\/2019\/05\/cropped-logo-icr.32f04ad5-1-1.png"}}]}},"_links":{"self":[{"href":"https:\/\/icrpolska.com\/kr\/wp-json\/wp\/v2\/pages\/7513","targetHints":{"allow":["GET"]}}],"collection":[{"href":"https:\/\/icrpolska.com\/kr\/wp-json\/wp\/v2\/pages"}],"about":[{"href":"https:\/\/icrpolska.com\/kr\/wp-json\/wp\/v2\/types\/page"}],"author":[{"embeddable":true,"href":"https:\/\/icrpolska.com\/kr\/wp-json\/wp\/v2\/users\/2"}],"replies":[{"embeddable":true,"href":"https:\/\/icrpolska.com\/kr\/wp-json\/wp\/v2\/comments?post=7513"}],"version-history":[{"count":20,"href":"https:\/\/icrpolska.com\/kr\/wp-json\/wp\/v2\/pages\/7513\/revisions"}],"predecessor-version":[{"id":17352,"href":"https:\/\/icrpolska.com\/kr\/wp-json\/wp\/v2\/pages\/7513\/revisions\/17352"}],"up":[{"embeddable":true,"href":"https:\/\/icrpolska.com\/kr\/wp-json\/wp\/v2\/pages\/211"}],"wp:attachment":[{"href":"https:\/\/icrpolska.com\/kr\/wp-json\/wp\/v2\/media?parent=7513"}],"curies":[{"name":"wp","href":"https:\/\/api.w.org\/{rel}","templated":true}]}}