{"id":1918,"date":"2019-05-22T07:39:43","date_gmt":"2019-05-22T07:39:43","guid":{"rendered":"http:\/\/icrpolska.e-ksperci.pl\/?page_id=1918"},"modified":"2022-09-07T23:06:39","modified_gmt":"2022-09-07T21:06:39","slug":"iso-14001","status":"publish","type":"page","link":"https:\/\/icrpolska.com\/lt\/certyfikacja-systemow\/iso-14001\/","title":{"rendered":"ISO 14001"},"content":{"rendered":"<p><strong>Kas yra ISO 14001?<\/strong><\/p>\n<p class=\"translation-block\"><strong>ISO 14001<\/strong> yra tarptautinis aplinkos apsaugos vadybos sistem\u0173 standartas, kur\u012f reglamentuoja ISO.<\/p>\n<p class=\"translation-block\">Tiksliau, <strong>ISO 14001<\/strong> yra vadybos sistema, reikalaujanti organizacijos ind\u0117lio, kuris pasirei\u0161kia nuolatiniu organizacijos aplinkosaugin\u0117s rizikos \u0161alinimu arba ma\u017einimu, sistemingai nustatant, vertinant, kontroliuojant ir gerinant aplinkosauginius aspektus, kylan\u010dius organizacijos valdymo metu.<\/p>\n<p>Aplinkosaugos vadybos sistemos reikalavimai visame pasaulyje apima visas pramon\u0117s sritis, o kai kuriose i\u0161 j\u0173 aplinkosaugos vadybos sistema yra privalomas veiksnys siekiant verslo tiksl\u0173.<br \/>\n\u0160\u012f standart\u0105, kaip ir ISO 9001 (QMS), galima taikyti bet kurios pramon\u0117s \u0161akos organizacijoms, nepriklausomai nuo j\u0173 dyd\u017eio.<\/p>\n<p>ISO 14001 gali patobulinti visas aplinkos apsaugos vadybos sistemas, atsi\u017evelgiant \u012f organizacijos poveik\u012f aplinkai, j\u012f kontroliuojant ir tikrinant pagal vadybos sistemos koncepcijos pagrind\u0105 - model\u012f \"Planuok, daryk, tikrink ir veik\".<\/p>\n<p><img fetchpriority=\"high\" decoding=\"async\" class=\"alignnone wp-image-2533 size-full\" src=\"http:\/\/icrpolska.com\/wp-content\/uploads\/2019\/06\/AdobeStock_43226126_iso14001_2000.jpg\" alt=\"ISO 14001\" width=\"2000\" height=\"1333\" srcset=\"https:\/\/icrpolska.com\/wp-content\/uploads\/2019\/06\/AdobeStock_43226126_iso14001_2000.jpg 2000w, https:\/\/icrpolska.com\/wp-content\/uploads\/2019\/06\/AdobeStock_43226126_iso14001_2000-300x200.jpg 300w, https:\/\/icrpolska.com\/wp-content\/uploads\/2019\/06\/AdobeStock_43226126_iso14001_2000-768x512.jpg 768w, https:\/\/icrpolska.com\/wp-content\/uploads\/2019\/06\/AdobeStock_43226126_iso14001_2000-1024x682.jpg 1024w\" sizes=\"(max-width: 2000px) 100vw, 2000px\" \/><\/p>\n<p><strong>ISO 14001 privalumai:<\/strong><\/p>\n<ul>\n<li>Aplinkos apsauga ateities kartoms;<\/li>\n<li>Standartas naudojamas kaip priemon\u0117 \u012fmoni\u0173 konkurencingumui stiprinti;<\/li>\n<li>Geb\u0117jimas aktyviai dirbti su \u012fvairiais aplinkos apsaugos reglamentais, kuriuos nustato vyriausybin\u0117s institucijos ir tarptautin\u0117s grup\u0117s;<\/li>\n<li>Geb\u0117jimas veiksmingai reaguoti \u012f suinteresuot\u0173j\u0173 \u0161ali\u0173, \u012fskaitant klientus ir aplinkosaugos organizacijas, spaudim\u0105;<\/li>\n<li>Veiksminga aplinkos rizikos kontrol\u0117;<\/li>\n<li>Konkurenciniai procesai;<\/li>\n<li>Taupymas;<\/li>\n<li>palaikyti gerus santykius su suinteresuotosiomis \u0161alimis, \u012fskaitant vyriausybines agent\u016bras, vietos bendruomenes, klientus ir aplinkosaugos organizacijas;<\/li>\n<li>Klient\u0173 (investuotoj\u0173) pasitenkinimas.<\/li>\n<\/ul>","protected":false},"excerpt":{"rendered":"<p>Kas yra ISO 14001? ISO 14001 yra tarptautinis aplinkosaugos vadybos sistem\u0173 standartas, kur\u012f reglamentuoja ISO. Tiksliau, ISO 14001 yra vadybos sistema, pagal kuri\u0105 reikalaujama, kad organizacija prisid\u0117t\u0173 prie nuolatinio aplinkosaugin\u0117s rizikos, su kuria susiduria organizacija, \u0161alinimo ar ma\u017einimo, sistemingai nustatant, vertinant, kontroliuojant ir gerinant aplinkosauginius aspektus, kylan\u010dius valdant organizacij\u0105. Vadybos sistemai keliami reikalavimai ...&nbsp;<a href=\"https:\/\/icrpolska.com\/lt\/certyfikacja-systemow\/iso-14001\/\" rel=\"bookmark\">Skaityti daugiau \"<span class=\"screen-reader-text\">ISO 14001<\/span><\/a><\/p>","protected":false},"author":1,"featured_media":1163,"parent":162,"menu_order":0,"comment_status":"closed","ping_status":"closed","template":"","meta":{"neve_meta_sidebar":"","neve_meta_container":"","neve_meta_enable_content_width":"off","neve_meta_content_width":70,"neve_meta_title_alignment":"","neve_meta_author_avatar":"","neve_post_elements_order":"","neve_meta_disable_header":"","neve_meta_disable_footer":"","neve_meta_disable_title":"","footnotes":""},"class_list":["post-1918","page","type-page","status-publish","has-post-thumbnail","hentry"],"yoast_head":"<!-- This site is optimized with the Yoast SEO plugin v27.3 - https:\/\/yoast.com\/product\/yoast-seo-wordpress\/ -->\n<title>ISO 14001 - ICR POLSKA - badania i certyfikacja<\/title>\n<meta name=\"robots\" content=\"index, follow, max-snippet:-1, max-image-preview:large, max-video-preview:-1\" \/>\n<link rel=\"canonical\" href=\"https:\/\/icrpolska.com\/lt\/certyfikacja-systemow\/iso-14001\/\" \/>\n<meta property=\"og:locale\" content=\"lt_LT\" \/>\n<meta property=\"og:type\" content=\"article\" \/>\n<meta property=\"og:title\" content=\"ISO 14001 - ICR POLSKA - badania i certyfikacja\" \/>\n<meta property=\"og:description\" content=\"Czym jest ISO 14001? ISO 14001 jest mi\u0119dzynarodowym standardem dla system\u00f3w zarz\u0105dzania \u015brodowiskowego regulowanym przez ISO. A dok\u0142adniej, ISO 14001 jest system zarz\u0105dzania, wymagaj\u0105cym wk\u0142adu organizacji w postaci ci\u0105g\u0142ego usuwania lub zmniejszania zagro\u017ce\u0144 \u015brodowiskowych, jakie napotyka organizacja, poprzez systematyczne identyfikowanie, ocenianie, kontrolowania i poprawianie aspekt\u00f3w \u015brodowiskowych, powstaj\u0105cych w trakcie zarz\u0105dzania organizacj\u0105. Wymagania dotycz\u0105ce systemu zarz\u0105dzania&hellip;&nbsp;Read More &raquo;ISO 14001\" \/>\n<meta property=\"og:url\" content=\"https:\/\/icrpolska.com\/lt\/certyfikacja-systemow\/iso-14001\/\" \/>\n<meta property=\"og:site_name\" content=\"ICR POLSKA - badania i certyfikacja\" \/>\n<meta property=\"article:modified_time\" content=\"2022-09-07T21:06:39+00:00\" \/>\n<meta name=\"twitter:card\" content=\"summary_large_image\" \/>\n<meta name=\"twitter:label1\" content=\"Est. reading time\" \/>\n\t<meta name=\"twitter:data1\" content=\"2 minut\u0117s\" \/>\n<script type=\"application\/ld+json\" class=\"yoast-schema-graph\">{\"@context\":\"https:\\\/\\\/schema.org\",\"@graph\":[{\"@type\":\"WebPage\",\"@id\":\"https:\\\/\\\/icrpolska.com\\\/certyfikacja-systemow\\\/iso-14001\\\/\",\"url\":\"https:\\\/\\\/icrpolska.com\\\/certyfikacja-systemow\\\/iso-14001\\\/\",\"name\":\"ISO 14001 - ICR POLSKA - badania i certyfikacja\",\"isPartOf\":{\"@id\":\"https:\\\/\\\/icrpolska.com\\\/#website\"},\"primaryImageOfPage\":{\"@id\":\"https:\\\/\\\/icrpolska.com\\\/certyfikacja-systemow\\\/iso-14001\\\/#primaryimage\"},\"image\":{\"@id\":\"https:\\\/\\\/icrpolska.com\\\/certyfikacja-systemow\\\/iso-14001\\\/#primaryimage\"},\"thumbnailUrl\":\"\",\"datePublished\":\"2019-05-22T07:39:43+00:00\",\"dateModified\":\"2022-09-07T21:06:39+00:00\",\"breadcrumb\":{\"@id\":\"https:\\\/\\\/icrpolska.com\\\/certyfikacja-systemow\\\/iso-14001\\\/#breadcrumb\"},\"inLanguage\":\"lt-LT\",\"potentialAction\":[{\"@type\":\"ReadAction\",\"target\":[\"https:\\\/\\\/icrpolska.com\\\/certyfikacja-systemow\\\/iso-14001\\\/\"]}]},{\"@type\":\"ImageObject\",\"inLanguage\":\"lt-LT\",\"@id\":\"https:\\\/\\\/icrpolska.com\\\/certyfikacja-systemow\\\/iso-14001\\\/#primaryimage\",\"url\":\"\",\"contentUrl\":\"\"},{\"@type\":\"BreadcrumbList\",\"@id\":\"https:\\\/\\\/icrpolska.com\\\/certyfikacja-systemow\\\/iso-14001\\\/#breadcrumb\",\"itemListElement\":[{\"@type\":\"ListItem\",\"position\":1,\"name\":\"Strona g\u0142\u00f3wna\",\"item\":\"https:\\\/\\\/icrpolska.com\\\/\"},{\"@type\":\"ListItem\",\"position\":2,\"name\":\"Certyfikacja system\u00f3w ISO\",\"item\":\"https:\\\/\\\/icrpolska.com\\\/certyfikacja-systemow\\\/\"},{\"@type\":\"ListItem\",\"position\":3,\"name\":\"ISO 14001\"}]},{\"@type\":\"WebSite\",\"@id\":\"https:\\\/\\\/icrpolska.com\\\/#website\",\"url\":\"https:\\\/\\\/icrpolska.com\\\/\",\"name\":\"ICR POLSKA - badania i certyfikacja\",\"description\":\"CE certification, CE certificate, ISO certificate, RED testing, product testing and certification, electrical product testing, medical device testing, ATEX, IECEx, FCC, product certification, EMC testing, machinery certification, CE machines, training, electronic product testing, testing 2014\\\/53\\\/EU, drone certification, ISO 13485 certificate, ISO 9001 certificate, NC RfG, CPR\",\"publisher\":{\"@id\":\"https:\\\/\\\/icrpolska.com\\\/#\\\/schema\\\/person\\\/8601820fc0521fc7bf75ae141134fbfd\"},\"potentialAction\":[{\"@type\":\"SearchAction\",\"target\":{\"@type\":\"EntryPoint\",\"urlTemplate\":\"https:\\\/\\\/icrpolska.com\\\/?s={search_term_string}\"},\"query-input\":{\"@type\":\"PropertyValueSpecification\",\"valueRequired\":true,\"valueName\":\"search_term_string\"}}],\"inLanguage\":\"lt-LT\"},{\"@type\":[\"Person\",\"Organization\"],\"@id\":\"https:\\\/\\\/icrpolska.com\\\/#\\\/schema\\\/person\\\/8601820fc0521fc7bf75ae141134fbfd\",\"name\":\"admin\",\"image\":{\"@type\":\"ImageObject\",\"inLanguage\":\"lt-LT\",\"@id\":\"https:\\\/\\\/icrpolska.com\\\/wp-content\\\/uploads\\\/2019\\\/05\\\/cropped-logo-icr.32f04ad5-1-1.png\",\"url\":\"https:\\\/\\\/icrpolska.com\\\/wp-content\\\/uploads\\\/2019\\\/05\\\/cropped-logo-icr.32f04ad5-1-1.png\",\"contentUrl\":\"https:\\\/\\\/icrpolska.com\\\/wp-content\\\/uploads\\\/2019\\\/05\\\/cropped-logo-icr.32f04ad5-1-1.png\",\"width\":400,\"height\":148,\"caption\":\"admin\"},\"logo\":{\"@id\":\"https:\\\/\\\/icrpolska.com\\\/wp-content\\\/uploads\\\/2019\\\/05\\\/cropped-logo-icr.32f04ad5-1-1.png\"}}]}<\/script>\n<!-- \/ Yoast SEO plugin. -->","yoast_head_json":{"title":"ISO 14001 - ICR POLAND - Testavimas ir sertifikavimas","robots":{"index":"index","follow":"follow","max-snippet":"max-snippet:-1","max-image-preview":"max-image-preview:large","max-video-preview":"max-video-preview:-1"},"canonical":"https:\/\/icrpolska.com\/lt\/certyfikacja-systemow\/iso-14001\/","og_locale":"lt_LT","og_type":"article","og_title":"ISO 14001 - ICR POLSKA - badania i certyfikacja","og_description":"Czym jest ISO 14001? ISO 14001 jest mi\u0119dzynarodowym standardem dla system\u00f3w zarz\u0105dzania \u015brodowiskowego regulowanym przez ISO. A dok\u0142adniej, ISO 14001 jest system zarz\u0105dzania, wymagaj\u0105cym wk\u0142adu organizacji w postaci ci\u0105g\u0142ego usuwania lub zmniejszania zagro\u017ce\u0144 \u015brodowiskowych, jakie napotyka organizacja, poprzez systematyczne identyfikowanie, ocenianie, kontrolowania i poprawianie aspekt\u00f3w \u015brodowiskowych, powstaj\u0105cych w trakcie zarz\u0105dzania organizacj\u0105. Wymagania dotycz\u0105ce systemu zarz\u0105dzania&hellip;&nbsp;Read More &raquo;ISO 14001","og_url":"https:\/\/icrpolska.com\/lt\/certyfikacja-systemow\/iso-14001\/","og_site_name":"ICR POLSKA - badania i certyfikacja","article_modified_time":"2022-09-07T21:06:39+00:00","twitter_card":"summary_large_image","twitter_misc":{"Est. reading time":"2 minut\u0117s"},"schema":{"@context":"https:\/\/schema.org","@graph":[{"@type":"WebPage","@id":"https:\/\/icrpolska.com\/certyfikacja-systemow\/iso-14001\/","url":"https:\/\/icrpolska.com\/certyfikacja-systemow\/iso-14001\/","name":"ISO 14001 - ICR POLAND - Testavimas ir sertifikavimas","isPartOf":{"@id":"https:\/\/icrpolska.com\/#website"},"primaryImageOfPage":{"@id":"https:\/\/icrpolska.com\/certyfikacja-systemow\/iso-14001\/#primaryimage"},"image":{"@id":"https:\/\/icrpolska.com\/certyfikacja-systemow\/iso-14001\/#primaryimage"},"thumbnailUrl":"","datePublished":"2019-05-22T07:39:43+00:00","dateModified":"2022-09-07T21:06:39+00:00","breadcrumb":{"@id":"https:\/\/icrpolska.com\/certyfikacja-systemow\/iso-14001\/#breadcrumb"},"inLanguage":"lt-LT","potentialAction":[{"@type":"ReadAction","target":["https:\/\/icrpolska.com\/certyfikacja-systemow\/iso-14001\/"]}]},{"@type":"ImageObject","inLanguage":"lt-LT","@id":"https:\/\/icrpolska.com\/certyfikacja-systemow\/iso-14001\/#primaryimage","url":"","contentUrl":""},{"@type":"BreadcrumbList","@id":"https:\/\/icrpolska.com\/certyfikacja-systemow\/iso-14001\/#breadcrumb","itemListElement":[{"@type":"ListItem","position":1,"name":"Strona g\u0142\u00f3wna","item":"https:\/\/icrpolska.com\/"},{"@type":"ListItem","position":2,"name":"Certyfikacja system\u00f3w ISO","item":"https:\/\/icrpolska.com\/certyfikacja-systemow\/"},{"@type":"ListItem","position":3,"name":"ISO 14001"}]},{"@type":"WebSite","@id":"https:\/\/icrpolska.com\/#website","url":"https:\/\/icrpolska.com\/","name":"ICR POLAND - bandymai ir sertifikavimas","description":"CE sertifikavimas, CE sertifikatas, ISO sertifikatas, RED testavimas, gamini\u0173 testavimas ir sertifikavimas, elektros gamini\u0173 testavimas, medicinos prietais\u0173 testavimas, ATEX, IECEx, FCC, gamini\u0173 sertifikavimas, EMC testavimas, ma\u0161in\u0173 sertifikavimas, CE ma\u0161inos, mokymai, elektronini\u0173 gamini\u0173 testavimas, testavimas 2014\/53\/ES, dron\u0173 sertifikavimas, ISO 13485 sertifikatas, ISO 9001 sertifikatas, NC RfG, CPR","publisher":{"@id":"https:\/\/icrpolska.com\/#\/schema\/person\/8601820fc0521fc7bf75ae141134fbfd"},"potentialAction":[{"@type":"SearchAction","target":{"@type":"EntryPoint","urlTemplate":"https:\/\/icrpolska.com\/?s={search_term_string}"},"query-input":{"@type":"PropertyValueSpecification","valueRequired":true,"valueName":"search_term_string"}}],"inLanguage":"lt-LT"},{"@type":["Person","Organization"],"@id":"https:\/\/icrpolska.com\/#\/schema\/person\/8601820fc0521fc7bf75ae141134fbfd","name":"administratorius","image":{"@type":"ImageObject","inLanguage":"lt-LT","@id":"https:\/\/icrpolska.com\/wp-content\/uploads\/2019\/05\/cropped-logo-icr.32f04ad5-1-1.png","url":"https:\/\/icrpolska.com\/wp-content\/uploads\/2019\/05\/cropped-logo-icr.32f04ad5-1-1.png","contentUrl":"https:\/\/icrpolska.com\/wp-content\/uploads\/2019\/05\/cropped-logo-icr.32f04ad5-1-1.png","width":400,"height":148,"caption":"admin"},"logo":{"@id":"https:\/\/icrpolska.com\/wp-content\/uploads\/2019\/05\/cropped-logo-icr.32f04ad5-1-1.png"}}]}},"_links":{"self":[{"href":"https:\/\/icrpolska.com\/lt\/wp-json\/wp\/v2\/pages\/1918","targetHints":{"allow":["GET"]}}],"collection":[{"href":"https:\/\/icrpolska.com\/lt\/wp-json\/wp\/v2\/pages"}],"about":[{"href":"https:\/\/icrpolska.com\/lt\/wp-json\/wp\/v2\/types\/page"}],"author":[{"embeddable":true,"href":"https:\/\/icrpolska.com\/lt\/wp-json\/wp\/v2\/users\/1"}],"replies":[{"embeddable":true,"href":"https:\/\/icrpolska.com\/lt\/wp-json\/wp\/v2\/comments?post=1918"}],"version-history":[{"count":6,"href":"https:\/\/icrpolska.com\/lt\/wp-json\/wp\/v2\/pages\/1918\/revisions"}],"predecessor-version":[{"id":4752,"href":"https:\/\/icrpolska.com\/lt\/wp-json\/wp\/v2\/pages\/1918\/revisions\/4752"}],"up":[{"embeddable":true,"href":"https:\/\/icrpolska.com\/lt\/wp-json\/wp\/v2\/pages\/162"}],"wp:featuredmedia":[{"embeddable":true,"href":"https:\/\/icrpolska.com\/lt\/wp-json\/"}],"wp:attachment":[{"href":"https:\/\/icrpolska.com\/lt\/wp-json\/wp\/v2\/media?parent=1918"}],"curies":[{"name":"wp","href":"https:\/\/api.w.org\/{rel}","templated":true}]}}