{"id":2051,"date":"2019-05-28T11:18:42","date_gmt":"2019-05-28T11:18:42","guid":{"rendered":"http:\/\/icrpolska.e-ksperci.pl\/?page_id=2051"},"modified":"2024-12-10T14:26:51","modified_gmt":"2024-12-10T13:26:51","slug":"wyroby-ex","status":"publish","type":"page","link":"https:\/\/icrpolska.com\/lt\/badania-wyrobow\/wyroby-ex\/","title":{"rendered":"Ex produktai"},"content":{"rendered":"<p><span style=\"font-weight: 400;\"><img fetchpriority=\"high\" decoding=\"async\" class=\"alignleft wp-image-4035 size-medium\" src=\"https:\/\/icrpolska.com\/wp-content\/uploads\/2020\/11\/Building-4-300x225.jpg\" alt=\"Ex produktai\" width=\"300\" height=\"225\" srcset=\"https:\/\/icrpolska.com\/wp-content\/uploads\/2020\/11\/Building-4-300x225.jpg 300w, https:\/\/icrpolska.com\/wp-content\/uploads\/2020\/11\/Building-4-1024x768.jpg 1024w, https:\/\/icrpolska.com\/wp-content\/uploads\/2020\/11\/Building-4-768x576.jpg 768w, https:\/\/icrpolska.com\/wp-content\/uploads\/2020\/11\/Building-4-1536x1152.jpg 1536w, https:\/\/icrpolska.com\/wp-content\/uploads\/2020\/11\/Building-4-2048x1536.jpg 2048w, https:\/\/icrpolska.com\/wp-content\/uploads\/2020\/11\/Building-4-16x12.jpg 16w\" sizes=\"(max-width: 300px) 100vw, 300px\" \/><\/span><span style=\"font-weight: 400;\">M\u016bs\u0173 akredituotoje laboratorijoje atliekami bandymai, patvirtinantys, kad elektriniai ir neelektriniai gaminiai ir apsaugos sistemos, skirti naudoti potencialiai sprogioje aplinkoje, atitinka ATEX direktyvos reikalavimus ir Europos EN bei tarptautini\u0173 IEC\/ISO standart\u0173 reikalavimus. M\u016bs\u0173 laboratorija taip pat yra pripa\u017einta laboratorija, veikianti pasaulin\u0117je IECEx sistemoje.\u00a0<\/span><\/p>\n<p><span style=\"font-weight: 400;\"><span style=\"color: #ff0000;\">\u21d0<\/span> <span style=\"color: #999999;\"><em>ICR - Ex bandym\u0173 laboratorijos pastatas<\/em><\/span><\/span><\/p>\n<p><a href=\"https:\/\/icrpolska.com\/wp-content\/uploads\/2020\/11\/Explosive-test-chamber-scaled.jpg\" target=\"_blank\" rel=\"noopener noreferrer\"><span style=\"font-weight: 400;\"><img decoding=\"async\" class=\"alignright wp-image-4037 size-medium\" src=\"https:\/\/icrpolska.com\/wp-content\/uploads\/2020\/11\/Explosive-test-chamber-300x225.jpg\" alt=\"Ex produktai\" width=\"300\" height=\"225\" srcset=\"https:\/\/icrpolska.com\/wp-content\/uploads\/2020\/11\/Explosive-test-chamber-300x225.jpg 300w, https:\/\/icrpolska.com\/wp-content\/uploads\/2020\/11\/Explosive-test-chamber-1024x768.jpg 1024w, https:\/\/icrpolska.com\/wp-content\/uploads\/2020\/11\/Explosive-test-chamber-768x576.jpg 768w, https:\/\/icrpolska.com\/wp-content\/uploads\/2020\/11\/Explosive-test-chamber-1536x1152.jpg 1536w, https:\/\/icrpolska.com\/wp-content\/uploads\/2020\/11\/Explosive-test-chamber-2048x1536.jpg 2048w, https:\/\/icrpolska.com\/wp-content\/uploads\/2020\/11\/Explosive-test-chamber-16x12.jpg 16w\" sizes=\"(max-width: 300px) 100vw, 300px\" \/><\/span><\/a><\/p>\n<p>&nbsp;<\/p>\n<p>&nbsp;<\/p>\n<p>&nbsp;<\/p>\n<p><span style=\"font-weight: 400;\">M\u016bs\u0173 taikymo sritis apima vis\u0173 grupi\u0173 ir kategorij\u0173 gaminius, skirtus naudoti potencialiai sprogioje duj\u0173, dulki\u0173 ar mi\u0161rioje aplinkoje.<\/span><\/p>\n<p style=\"text-align: right;\"><span style=\"font-weight: 400;\"><span style=\"color: #999999;\"><em>Sprogmen\u0173 bandymo kamera<\/em><\/span> <span style=\"color: #ff0000;\">\u21d2<\/span><\/span><\/p>\n<p>&nbsp;<\/p>","protected":false},"excerpt":{"rendered":"<p>M\u016bs\u0173 akredituotoje laboratorijoje atliekami bandymai, patvirtinantys, kad elektriniai ir neelektriniai gaminiai ir apsaugos sistemos, skirti naudoti potencialiai sprogioje aplinkoje, atitinka ATEX direktyvos reikalavimus ir Europos EN bei tarptautini\u0173 IEC\/ISO standart\u0173 reikalavimus. M\u016bs\u0173 laboratorija taip pat yra pripa\u017einta laboratorija pagal pasaulin\u0119 IECEx sistem\u0105.  \u21d0 ICR - Ex bandym\u0173 laboratorijos pastatas ...&nbsp;<a href=\"https:\/\/icrpolska.com\/lt\/badania-wyrobow\/wyroby-ex\/\" rel=\"bookmark\">Skaityti daugiau \"<span class=\"screen-reader-text\">Ex produktai<\/span><\/a><\/p>","protected":false},"author":1,"featured_media":1785,"parent":979,"menu_order":0,"comment_status":"closed","ping_status":"closed","template":"","meta":{"neve_meta_sidebar":"","neve_meta_container":"","neve_meta_enable_content_width":"off","neve_meta_content_width":70,"neve_meta_title_alignment":"","neve_meta_author_avatar":"","neve_post_elements_order":"","neve_meta_disable_header":"","neve_meta_disable_footer":"","neve_meta_disable_title":"","footnotes":""},"class_list":["post-2051","page","type-page","status-publish","has-post-thumbnail","hentry"],"yoast_head":"<!-- This site is optimized with the Yoast SEO plugin v27.3 - https:\/\/yoast.com\/product\/yoast-seo-wordpress\/ -->\n<title>Wyroby Ex - ICR POLSKA - badania i certyfikacja<\/title>\n<meta name=\"robots\" content=\"index, follow, max-snippet:-1, max-image-preview:large, max-video-preview:-1\" \/>\n<link rel=\"canonical\" href=\"https:\/\/icrpolska.com\/lt\/badania-wyrobow\/wyroby-ex\/\" \/>\n<meta property=\"og:locale\" content=\"lt_LT\" \/>\n<meta property=\"og:type\" content=\"article\" \/>\n<meta property=\"og:title\" content=\"Wyroby Ex - ICR POLSKA - badania i certyfikacja\" \/>\n<meta property=\"og:description\" content=\"Wykonujemy badania potwierdzaj\u0105ce zgodno\u015b\u0107 z wymaganiami dyrektywy ATEX oraz wymaganiami norm europejskich EN i mi\u0119dzynarodowych IEC\/ISO wyrob\u00f3w elektrycznych i nieelektrycznych oraz system\u00f3w ochronnych przeznaczonych do pracy w atmosferach potencjalnie wybuchowych wykonywane w naszym akredytowanym laboratorium. Nasze laboratorium jest te\u017c uznanym laboratorium dzia\u0142aj\u0105cym w \u015bwiatowym systemie IECEx.\u00a0 \u21d0 ICR &#8211; budynek laboratorium bada\u0144 Ex &nbsp; &nbsp;&hellip;&nbsp;Read More &raquo;Wyroby Ex\" \/>\n<meta property=\"og:url\" content=\"https:\/\/icrpolska.com\/lt\/badania-wyrobow\/wyroby-ex\/\" \/>\n<meta property=\"og:site_name\" content=\"ICR POLSKA - badania i certyfikacja\" \/>\n<meta property=\"article:modified_time\" content=\"2024-12-10T13:26:51+00:00\" \/>\n<meta name=\"twitter:card\" content=\"summary_large_image\" \/>\n<meta name=\"twitter:label1\" content=\"Est. reading time\" \/>\n\t<meta name=\"twitter:data1\" content=\"1 minut\u0117\" \/>\n<script type=\"application\/ld+json\" class=\"yoast-schema-graph\">{\"@context\":\"https:\\\/\\\/schema.org\",\"@graph\":[{\"@type\":\"WebPage\",\"@id\":\"https:\\\/\\\/icrpolska.com\\\/badania-wyrobow\\\/wyroby-ex\\\/\",\"url\":\"https:\\\/\\\/icrpolska.com\\\/badania-wyrobow\\\/wyroby-ex\\\/\",\"name\":\"Wyroby Ex - ICR POLSKA - badania i certyfikacja\",\"isPartOf\":{\"@id\":\"https:\\\/\\\/icrpolska.com\\\/#website\"},\"primaryImageOfPage\":{\"@id\":\"https:\\\/\\\/icrpolska.com\\\/badania-wyrobow\\\/wyroby-ex\\\/#primaryimage\"},\"image\":{\"@id\":\"https:\\\/\\\/icrpolska.com\\\/badania-wyrobow\\\/wyroby-ex\\\/#primaryimage\"},\"thumbnailUrl\":\"\",\"datePublished\":\"2019-05-28T11:18:42+00:00\",\"dateModified\":\"2024-12-10T13:26:51+00:00\",\"breadcrumb\":{\"@id\":\"https:\\\/\\\/icrpolska.com\\\/badania-wyrobow\\\/wyroby-ex\\\/#breadcrumb\"},\"inLanguage\":\"lt-LT\",\"potentialAction\":[{\"@type\":\"ReadAction\",\"target\":[\"https:\\\/\\\/icrpolska.com\\\/badania-wyrobow\\\/wyroby-ex\\\/\"]}]},{\"@type\":\"ImageObject\",\"inLanguage\":\"lt-LT\",\"@id\":\"https:\\\/\\\/icrpolska.com\\\/badania-wyrobow\\\/wyroby-ex\\\/#primaryimage\",\"url\":\"\",\"contentUrl\":\"\"},{\"@type\":\"BreadcrumbList\",\"@id\":\"https:\\\/\\\/icrpolska.com\\\/badania-wyrobow\\\/wyroby-ex\\\/#breadcrumb\",\"itemListElement\":[{\"@type\":\"ListItem\",\"position\":1,\"name\":\"Strona g\u0142\u00f3wna\",\"item\":\"https:\\\/\\\/icrpolska.com\\\/\"},{\"@type\":\"ListItem\",\"position\":2,\"name\":\"Badania wyrob\u00f3w\",\"item\":\"https:\\\/\\\/icrpolska.com\\\/badania-wyrobow\\\/\"},{\"@type\":\"ListItem\",\"position\":3,\"name\":\"Wyroby Ex\"}]},{\"@type\":\"WebSite\",\"@id\":\"https:\\\/\\\/icrpolska.com\\\/#website\",\"url\":\"https:\\\/\\\/icrpolska.com\\\/\",\"name\":\"ICR POLSKA - badania i certyfikacja\",\"description\":\"CE certification, CE certificate, ISO certificate, RED testing, product testing and certification, electrical product testing, medical device testing, ATEX, IECEx, FCC, product certification, EMC testing, machinery certification, CE machines, training, electronic product testing, testing 2014\\\/53\\\/EU, drone certification, ISO 13485 certificate, ISO 9001 certificate, NC RfG, CPR\",\"publisher\":{\"@id\":\"https:\\\/\\\/icrpolska.com\\\/#\\\/schema\\\/person\\\/8601820fc0521fc7bf75ae141134fbfd\"},\"potentialAction\":[{\"@type\":\"SearchAction\",\"target\":{\"@type\":\"EntryPoint\",\"urlTemplate\":\"https:\\\/\\\/icrpolska.com\\\/?s={search_term_string}\"},\"query-input\":{\"@type\":\"PropertyValueSpecification\",\"valueRequired\":true,\"valueName\":\"search_term_string\"}}],\"inLanguage\":\"lt-LT\"},{\"@type\":[\"Person\",\"Organization\"],\"@id\":\"https:\\\/\\\/icrpolska.com\\\/#\\\/schema\\\/person\\\/8601820fc0521fc7bf75ae141134fbfd\",\"name\":\"admin\",\"image\":{\"@type\":\"ImageObject\",\"inLanguage\":\"lt-LT\",\"@id\":\"https:\\\/\\\/icrpolska.com\\\/wp-content\\\/uploads\\\/2019\\\/05\\\/cropped-logo-icr.32f04ad5-1-1.png\",\"url\":\"https:\\\/\\\/icrpolska.com\\\/wp-content\\\/uploads\\\/2019\\\/05\\\/cropped-logo-icr.32f04ad5-1-1.png\",\"contentUrl\":\"https:\\\/\\\/icrpolska.com\\\/wp-content\\\/uploads\\\/2019\\\/05\\\/cropped-logo-icr.32f04ad5-1-1.png\",\"width\":400,\"height\":148,\"caption\":\"admin\"},\"logo\":{\"@id\":\"https:\\\/\\\/icrpolska.com\\\/wp-content\\\/uploads\\\/2019\\\/05\\\/cropped-logo-icr.32f04ad5-1-1.png\"}}]}<\/script>\n<!-- \/ Yoast SEO plugin. -->","yoast_head_json":{"title":"Ex produktai - ICR POLSKA - bandymai ir sertifikavimas","robots":{"index":"index","follow":"follow","max-snippet":"max-snippet:-1","max-image-preview":"max-image-preview:large","max-video-preview":"max-video-preview:-1"},"canonical":"https:\/\/icrpolska.com\/lt\/badania-wyrobow\/wyroby-ex\/","og_locale":"lt_LT","og_type":"article","og_title":"Wyroby Ex - ICR POLSKA - badania i certyfikacja","og_description":"Wykonujemy badania potwierdzaj\u0105ce zgodno\u015b\u0107 z wymaganiami dyrektywy ATEX oraz wymaganiami norm europejskich EN i mi\u0119dzynarodowych IEC\/ISO wyrob\u00f3w elektrycznych i nieelektrycznych oraz system\u00f3w ochronnych przeznaczonych do pracy w atmosferach potencjalnie wybuchowych wykonywane w naszym akredytowanym laboratorium. Nasze laboratorium jest te\u017c uznanym laboratorium dzia\u0142aj\u0105cym w \u015bwiatowym systemie IECEx.\u00a0 \u21d0 ICR &#8211; budynek laboratorium bada\u0144 Ex &nbsp; &nbsp;&hellip;&nbsp;Read More &raquo;Wyroby Ex","og_url":"https:\/\/icrpolska.com\/lt\/badania-wyrobow\/wyroby-ex\/","og_site_name":"ICR POLSKA - badania i certyfikacja","article_modified_time":"2024-12-10T13:26:51+00:00","twitter_card":"summary_large_image","twitter_misc":{"Est. reading time":"1 minut\u0117"},"schema":{"@context":"https:\/\/schema.org","@graph":[{"@type":"WebPage","@id":"https:\/\/icrpolska.com\/badania-wyrobow\/wyroby-ex\/","url":"https:\/\/icrpolska.com\/badania-wyrobow\/wyroby-ex\/","name":"Ex produktai - ICR POLSKA - bandymai ir sertifikavimas","isPartOf":{"@id":"https:\/\/icrpolska.com\/#website"},"primaryImageOfPage":{"@id":"https:\/\/icrpolska.com\/badania-wyrobow\/wyroby-ex\/#primaryimage"},"image":{"@id":"https:\/\/icrpolska.com\/badania-wyrobow\/wyroby-ex\/#primaryimage"},"thumbnailUrl":"","datePublished":"2019-05-28T11:18:42+00:00","dateModified":"2024-12-10T13:26:51+00:00","breadcrumb":{"@id":"https:\/\/icrpolska.com\/badania-wyrobow\/wyroby-ex\/#breadcrumb"},"inLanguage":"lt-LT","potentialAction":[{"@type":"ReadAction","target":["https:\/\/icrpolska.com\/badania-wyrobow\/wyroby-ex\/"]}]},{"@type":"ImageObject","inLanguage":"lt-LT","@id":"https:\/\/icrpolska.com\/badania-wyrobow\/wyroby-ex\/#primaryimage","url":"","contentUrl":""},{"@type":"BreadcrumbList","@id":"https:\/\/icrpolska.com\/badania-wyrobow\/wyroby-ex\/#breadcrumb","itemListElement":[{"@type":"ListItem","position":1,"name":"Strona g\u0142\u00f3wna","item":"https:\/\/icrpolska.com\/"},{"@type":"ListItem","position":2,"name":"Badania wyrob\u00f3w","item":"https:\/\/icrpolska.com\/badania-wyrobow\/"},{"@type":"ListItem","position":3,"name":"Wyroby Ex"}]},{"@type":"WebSite","@id":"https:\/\/icrpolska.com\/#website","url":"https:\/\/icrpolska.com\/","name":"ICR POLAND - bandymai ir sertifikavimas","description":"CE sertifikavimas, CE sertifikatas, ISO sertifikatas, RED testavimas, gamini\u0173 testavimas ir sertifikavimas, elektros gamini\u0173 testavimas, medicinos prietais\u0173 testavimas, ATEX, IECEx, FCC, gamini\u0173 sertifikavimas, EMC testavimas, ma\u0161in\u0173 sertifikavimas, CE ma\u0161inos, mokymai, elektronini\u0173 gamini\u0173 testavimas, testavimas 2014\/53\/ES, dron\u0173 sertifikavimas, ISO 13485 sertifikatas, ISO 9001 sertifikatas, NC RfG, CPR","publisher":{"@id":"https:\/\/icrpolska.com\/#\/schema\/person\/8601820fc0521fc7bf75ae141134fbfd"},"potentialAction":[{"@type":"SearchAction","target":{"@type":"EntryPoint","urlTemplate":"https:\/\/icrpolska.com\/?s={search_term_string}"},"query-input":{"@type":"PropertyValueSpecification","valueRequired":true,"valueName":"search_term_string"}}],"inLanguage":"lt-LT"},{"@type":["Person","Organization"],"@id":"https:\/\/icrpolska.com\/#\/schema\/person\/8601820fc0521fc7bf75ae141134fbfd","name":"administratorius","image":{"@type":"ImageObject","inLanguage":"lt-LT","@id":"https:\/\/icrpolska.com\/wp-content\/uploads\/2019\/05\/cropped-logo-icr.32f04ad5-1-1.png","url":"https:\/\/icrpolska.com\/wp-content\/uploads\/2019\/05\/cropped-logo-icr.32f04ad5-1-1.png","contentUrl":"https:\/\/icrpolska.com\/wp-content\/uploads\/2019\/05\/cropped-logo-icr.32f04ad5-1-1.png","width":400,"height":148,"caption":"admin"},"logo":{"@id":"https:\/\/icrpolska.com\/wp-content\/uploads\/2019\/05\/cropped-logo-icr.32f04ad5-1-1.png"}}]}},"_links":{"self":[{"href":"https:\/\/icrpolska.com\/lt\/wp-json\/wp\/v2\/pages\/2051","targetHints":{"allow":["GET"]}}],"collection":[{"href":"https:\/\/icrpolska.com\/lt\/wp-json\/wp\/v2\/pages"}],"about":[{"href":"https:\/\/icrpolska.com\/lt\/wp-json\/wp\/v2\/types\/page"}],"author":[{"embeddable":true,"href":"https:\/\/icrpolska.com\/lt\/wp-json\/wp\/v2\/users\/1"}],"replies":[{"embeddable":true,"href":"https:\/\/icrpolska.com\/lt\/wp-json\/wp\/v2\/comments?post=2051"}],"version-history":[{"count":13,"href":"https:\/\/icrpolska.com\/lt\/wp-json\/wp\/v2\/pages\/2051\/revisions"}],"predecessor-version":[{"id":14887,"href":"https:\/\/icrpolska.com\/lt\/wp-json\/wp\/v2\/pages\/2051\/revisions\/14887"}],"up":[{"embeddable":true,"href":"https:\/\/icrpolska.com\/lt\/wp-json\/wp\/v2\/pages\/979"}],"wp:featuredmedia":[{"embeddable":true,"href":"https:\/\/icrpolska.com\/lt\/wp-json\/"}],"wp:attachment":[{"href":"https:\/\/icrpolska.com\/lt\/wp-json\/wp\/v2\/media?parent=2051"}],"curies":[{"name":"wp","href":"https:\/\/api.w.org\/{rel}","templated":true}]}}