{"id":1899,"date":"2019-05-22T06:51:40","date_gmt":"2019-05-22T06:51:40","guid":{"rendered":"http:\/\/icrpolska.e-ksperci.pl\/?page_id=1899"},"modified":"2022-09-07T23:02:26","modified_gmt":"2022-09-07T21:02:26","slug":"iso-9001","status":"publish","type":"page","link":"https:\/\/icrpolska.com\/lv\/certyfikacja-systemow\/iso-9001\/","title":{"rendered":"ISO 9001 - Starptautisk\u0101 standartiz\u0101cijas organiz\u0101cija"},"content":{"rendered":"<h2>Kas ir ISO 9001?<\/h2>\n<p class=\"translation-block\">ISO 9001 ir ISO (Starptautisk\u0101s standartiz\u0101cijas organiz\u0101cijas) standartu kopums, kas attiecas uz kvalit\u0101tes vad\u012bbas sist\u0113m\u0101m un ir izstr\u0101d\u0101ts, lai pal\u012bdz\u0113tu organiz\u0101cij\u0101m apmierin\u0101t klientu un citu ieinteres\u0113to pu\u0161u vajadz\u012bbas <strong>.<\/p>\n<p>ISO 9001 ir sist\u0113ma, kas nodro\u0161ina sertifik\u0101ciju, p\u0101rbaudot, vai organiz\u0101cijas kvalit\u0101tes vad\u012bbas sist\u0113ma atbilst ISO 9001 standartam. Standarts var attiekties uz vis\u0101m r\u016bpniec\u012bbas nozar\u0113m, ne tikai uz ra\u017eo\u0161anu, b\u016bvniec\u012bbu un pakalpojumiem, bet ar\u012b uz sabiedrisko pakalpojumu nozar\u0113m, piem\u0113ram, skol\u0101m.<\/p>\n<h4>ISO 9001 galvenie j\u0113dzieni<\/h4>\n<ul>\n<li>Apstiprin\u0101jums, ka izmantot\u0101 kvalit\u0101tes vad\u012bbas sist\u0113ma ir sertific\u0113ta.<\/li>\n<li>Procesu pieeja, kuras pamat\u0101 ir pie\u0146\u0113mums, ka visas kvalit\u0101tes vad\u012bbas darb\u012bbas ir savstarp\u0113ji saist\u012btas un ietver ieejas un izejas datus.<\/li>\n<li>Sist\u0113ma nodro\u0161ina nep\u0101rtrauktu uzlabo\u0161anu<\/li>\n<li>Visas darb\u012bbas veicina klientu apmierin\u0101t\u012bbu<\/li>\n<\/ul>\n<h4>ISO 9001 priek\u0161roc\u012bbas<\/h4>\n<p>Neierobe\u017eotas glob\u0101l\u0101s konkurences un spiediena laikmet\u0101, kad ir j\u0101nodro\u0161ina produktu un pakalpojumu kvalit\u0101te, uztic\u012bba un atbild\u012bba par produktiem, visas organiz\u0101cijas, kas nodro\u0161ina produktus un pakalpojumus intens\u012bvas cenu un ar cen\u0101m nesaist\u012btas konkurences apst\u0101k\u013cos, izstr\u0101d\u0101 kvalit\u0101tes vad\u012bbas sist\u0113mas, kur\u0101s klientu apmierin\u0101t\u012bba ir pirmaj\u0101 viet\u0101.<\/p>\n<p>Kvalit\u0101tes vad\u012bbas sist\u0113ma defin\u0113 visas darb\u012bbas, kas nepiecie\u0161amas, lai klientam sasniegtu konsekventus rezult\u0101tus saist\u012bb\u0101 ar pied\u0101v\u0101to produktu vai pakalpojumu. Kvalit\u0101tes nodro\u0161in\u0101\u0161anas principi tiek noteikti, dokument\u0113ti, ieviesti un uztur\u0113ti nep\u0101rtrauktai uzlabo\u0161anai.<\/p>\n<p>ISO 9001 sertifik\u0101cija tiek izmantota k\u0101 kvalit\u0101tes vad\u012bbas sist\u0113mas ievie\u0161anas un att\u012bst\u012bbas metode.<\/p>","protected":false},"excerpt":{"rendered":"<p>Kas ir ISO 9001? ISO 9001 ir ISO (Starptautisk\u0101s standartiz\u0101cijas organiz\u0101cijas) standartu kopums, kas attiecas uz kvalit\u0101tes vad\u012bbas sist\u0113m\u0101m un ir izstr\u0101d\u0101ts, lai pal\u012bdz\u0113tu organiz\u0101cij\u0101m apmierin\u0101t klientu un citu ieinteres\u0113to personu vajadz\u012bbas. ISO 9001 ir sist\u0113ma, kas nodro\u0161ina sertifik\u0101ciju, p\u0101rbaudot, vai organiz\u0101cijas kvalit\u0101tes vad\u012bbas sist\u0113ma atbilst ISO...&nbsp;<a href=\"https:\/\/icrpolska.com\/lv\/certyfikacja-systemow\/iso-9001\/\" rel=\"bookmark\">Las\u012bt vair\u0101k \"<span class=\"screen-reader-text\">ISO 9001 - Starptautisk\u0101 standartiz\u0101cijas organiz\u0101cija<\/span><\/a><\/p>","protected":false},"author":1,"featured_media":48,"parent":162,"menu_order":0,"comment_status":"closed","ping_status":"closed","template":"","meta":{"neve_meta_sidebar":"","neve_meta_container":"","neve_meta_enable_content_width":"off","neve_meta_content_width":70,"neve_meta_title_alignment":"","neve_meta_author_avatar":"","neve_post_elements_order":"","neve_meta_disable_header":"","neve_meta_disable_footer":"","neve_meta_disable_title":"","footnotes":""},"class_list":["post-1899","page","type-page","status-publish","has-post-thumbnail","hentry"],"yoast_head":"<!-- This site is optimized with the Yoast SEO plugin v27.3 - https:\/\/yoast.com\/product\/yoast-seo-wordpress\/ -->\n<title>ISO 9001 - International Organization for Standardization - ICR POLSKA - badania i certyfikacja<\/title>\n<meta name=\"robots\" content=\"index, follow, max-snippet:-1, max-image-preview:large, max-video-preview:-1\" \/>\n<link rel=\"canonical\" href=\"https:\/\/icrpolska.com\/lv\/certyfikacja-systemow\/iso-9001\/\" \/>\n<meta property=\"og:locale\" content=\"lv_LV\" \/>\n<meta property=\"og:type\" content=\"article\" \/>\n<meta property=\"og:title\" content=\"ISO 9001 - International Organization for Standardization - ICR POLSKA - badania i certyfikacja\" \/>\n<meta property=\"og:description\" content=\"Czym jest ISO 9001? ISO 9001 to rodzina norm ustanowionych przez ISO (International Organization for Standardization), kt\u00f3re odnosz\u0105 si\u0119 do system\u00f3w zarz\u0105dzania jako\u015bci\u0105 i maj\u0105 na celu pomoc organizacjom w zaspokajaniu potrzeb klient\u00f3w i innych zainteresowanych stron. ISO 9001 jest systemem zapewnienia certyfikacji przez sprawdzanie, czy system zarz\u0105dzania jako\u015bci\u0105 organizacji jest zgodny z norm\u0105 ISO&hellip;&nbsp;Read More &raquo;ISO 9001 &#8211; International Organization for Standardization\" \/>\n<meta property=\"og:url\" content=\"https:\/\/icrpolska.com\/lv\/certyfikacja-systemow\/iso-9001\/\" \/>\n<meta property=\"og:site_name\" content=\"ICR POLSKA - badania i certyfikacja\" \/>\n<meta property=\"article:modified_time\" content=\"2022-09-07T21:02:26+00:00\" \/>\n<meta property=\"og:image\" content=\"https:\/\/icrpolska.com\/wp-content\/uploads\/2019\/05\/screencapture-icrpolska-e-ksperci-pl-systemy-2019-04-17-17_07_18-e1555513756585.png\" \/>\n\t<meta property=\"og:image:width\" content=\"664\" \/>\n\t<meta property=\"og:image:height\" content=\"621\" \/>\n\t<meta property=\"og:image:type\" content=\"image\/png\" \/>\n<meta name=\"twitter:card\" content=\"summary_large_image\" \/>\n<meta name=\"twitter:label1\" content=\"Est. reading time\" \/>\n\t<meta name=\"twitter:data1\" content=\"2 min\u016btes\" \/>\n<script type=\"application\/ld+json\" class=\"yoast-schema-graph\">{\"@context\":\"https:\\\/\\\/schema.org\",\"@graph\":[{\"@type\":\"WebPage\",\"@id\":\"https:\\\/\\\/icrpolska.com\\\/certyfikacja-systemow\\\/iso-9001\\\/\",\"url\":\"https:\\\/\\\/icrpolska.com\\\/certyfikacja-systemow\\\/iso-9001\\\/\",\"name\":\"ISO 9001 - International Organization for Standardization - ICR POLSKA - badania i certyfikacja\",\"isPartOf\":{\"@id\":\"https:\\\/\\\/icrpolska.com\\\/#website\"},\"primaryImageOfPage\":{\"@id\":\"https:\\\/\\\/icrpolska.com\\\/certyfikacja-systemow\\\/iso-9001\\\/#primaryimage\"},\"image\":{\"@id\":\"https:\\\/\\\/icrpolska.com\\\/certyfikacja-systemow\\\/iso-9001\\\/#primaryimage\"},\"thumbnailUrl\":\"https:\\\/\\\/icrpolska.com\\\/wp-content\\\/uploads\\\/2019\\\/05\\\/screencapture-icrpolska-e-ksperci-pl-systemy-2019-04-17-17_07_18-e1555513756585.png\",\"datePublished\":\"2019-05-22T06:51:40+00:00\",\"dateModified\":\"2022-09-07T21:02:26+00:00\",\"breadcrumb\":{\"@id\":\"https:\\\/\\\/icrpolska.com\\\/certyfikacja-systemow\\\/iso-9001\\\/#breadcrumb\"},\"inLanguage\":\"lv-LV\",\"potentialAction\":[{\"@type\":\"ReadAction\",\"target\":[\"https:\\\/\\\/icrpolska.com\\\/certyfikacja-systemow\\\/iso-9001\\\/\"]}]},{\"@type\":\"ImageObject\",\"inLanguage\":\"lv-LV\",\"@id\":\"https:\\\/\\\/icrpolska.com\\\/certyfikacja-systemow\\\/iso-9001\\\/#primaryimage\",\"url\":\"https:\\\/\\\/icrpolska.com\\\/wp-content\\\/uploads\\\/2019\\\/05\\\/screencapture-icrpolska-e-ksperci-pl-systemy-2019-04-17-17_07_18-e1555513756585.png\",\"contentUrl\":\"https:\\\/\\\/icrpolska.com\\\/wp-content\\\/uploads\\\/2019\\\/05\\\/screencapture-icrpolska-e-ksperci-pl-systemy-2019-04-17-17_07_18-e1555513756585.png\",\"width\":664,\"height\":621},{\"@type\":\"BreadcrumbList\",\"@id\":\"https:\\\/\\\/icrpolska.com\\\/certyfikacja-systemow\\\/iso-9001\\\/#breadcrumb\",\"itemListElement\":[{\"@type\":\"ListItem\",\"position\":1,\"name\":\"Strona g\u0142\u00f3wna\",\"item\":\"https:\\\/\\\/icrpolska.com\\\/\"},{\"@type\":\"ListItem\",\"position\":2,\"name\":\"Certyfikacja system\u00f3w ISO\",\"item\":\"https:\\\/\\\/icrpolska.com\\\/certyfikacja-systemow\\\/\"},{\"@type\":\"ListItem\",\"position\":3,\"name\":\"ISO 9001 &#8211; International Organization for Standardization\"}]},{\"@type\":\"WebSite\",\"@id\":\"https:\\\/\\\/icrpolska.com\\\/#website\",\"url\":\"https:\\\/\\\/icrpolska.com\\\/\",\"name\":\"ICR POLSKA - badania i certyfikacja\",\"description\":\"CE certification, CE certificate, ISO certificate, RED testing, product testing and certification, electrical product testing, medical device testing, ATEX, IECEx, FCC, product certification, EMC testing, machinery certification, CE machines, training, electronic product testing, testing 2014\\\/53\\\/EU, drone certification, ISO 13485 certificate, ISO 9001 certificate, NC RfG, CPR\",\"publisher\":{\"@id\":\"https:\\\/\\\/icrpolska.com\\\/#\\\/schema\\\/person\\\/8601820fc0521fc7bf75ae141134fbfd\"},\"potentialAction\":[{\"@type\":\"SearchAction\",\"target\":{\"@type\":\"EntryPoint\",\"urlTemplate\":\"https:\\\/\\\/icrpolska.com\\\/?s={search_term_string}\"},\"query-input\":{\"@type\":\"PropertyValueSpecification\",\"valueRequired\":true,\"valueName\":\"search_term_string\"}}],\"inLanguage\":\"lv-LV\"},{\"@type\":[\"Person\",\"Organization\"],\"@id\":\"https:\\\/\\\/icrpolska.com\\\/#\\\/schema\\\/person\\\/8601820fc0521fc7bf75ae141134fbfd\",\"name\":\"admin\",\"image\":{\"@type\":\"ImageObject\",\"inLanguage\":\"lv-LV\",\"@id\":\"https:\\\/\\\/icrpolska.com\\\/wp-content\\\/uploads\\\/2019\\\/05\\\/cropped-logo-icr.32f04ad5-1-1.png\",\"url\":\"https:\\\/\\\/icrpolska.com\\\/wp-content\\\/uploads\\\/2019\\\/05\\\/cropped-logo-icr.32f04ad5-1-1.png\",\"contentUrl\":\"https:\\\/\\\/icrpolska.com\\\/wp-content\\\/uploads\\\/2019\\\/05\\\/cropped-logo-icr.32f04ad5-1-1.png\",\"width\":400,\"height\":148,\"caption\":\"admin\"},\"logo\":{\"@id\":\"https:\\\/\\\/icrpolska.com\\\/wp-content\\\/uploads\\\/2019\\\/05\\\/cropped-logo-icr.32f04ad5-1-1.png\"}}]}<\/script>\n<!-- \/ Yoast SEO plugin. -->","yoast_head_json":{"title":"ISO 9001 - Starptautisk\u0101 standartiz\u0101cijas organiz\u0101cija - ICR POLIJA - test\u0113\u0161ana un sertifik\u0101cija","robots":{"index":"index","follow":"follow","max-snippet":"max-snippet:-1","max-image-preview":"max-image-preview:large","max-video-preview":"max-video-preview:-1"},"canonical":"https:\/\/icrpolska.com\/lv\/certyfikacja-systemow\/iso-9001\/","og_locale":"lv_LV","og_type":"article","og_title":"ISO 9001 - International Organization for Standardization - ICR POLSKA - badania i certyfikacja","og_description":"Czym jest ISO 9001? ISO 9001 to rodzina norm ustanowionych przez ISO (International Organization for Standardization), kt\u00f3re odnosz\u0105 si\u0119 do system\u00f3w zarz\u0105dzania jako\u015bci\u0105 i maj\u0105 na celu pomoc organizacjom w zaspokajaniu potrzeb klient\u00f3w i innych zainteresowanych stron. ISO 9001 jest systemem zapewnienia certyfikacji przez sprawdzanie, czy system zarz\u0105dzania jako\u015bci\u0105 organizacji jest zgodny z norm\u0105 ISO&hellip;&nbsp;Read More &raquo;ISO 9001 &#8211; International Organization for Standardization","og_url":"https:\/\/icrpolska.com\/lv\/certyfikacja-systemow\/iso-9001\/","og_site_name":"ICR POLSKA - badania i certyfikacja","article_modified_time":"2022-09-07T21:02:26+00:00","og_image":[{"width":664,"height":621,"url":"https:\/\/icrpolska.com\/wp-content\/uploads\/2019\/05\/screencapture-icrpolska-e-ksperci-pl-systemy-2019-04-17-17_07_18-e1555513756585.png","type":"image\/png"}],"twitter_card":"summary_large_image","twitter_misc":{"Est. reading time":"2 min\u016btes"},"schema":{"@context":"https:\/\/schema.org","@graph":[{"@type":"WebPage","@id":"https:\/\/icrpolska.com\/certyfikacja-systemow\/iso-9001\/","url":"https:\/\/icrpolska.com\/certyfikacja-systemow\/iso-9001\/","name":"ISO 9001 - Starptautisk\u0101 standartiz\u0101cijas organiz\u0101cija - ICR POLIJA - test\u0113\u0161ana un sertifik\u0101cija","isPartOf":{"@id":"https:\/\/icrpolska.com\/#website"},"primaryImageOfPage":{"@id":"https:\/\/icrpolska.com\/certyfikacja-systemow\/iso-9001\/#primaryimage"},"image":{"@id":"https:\/\/icrpolska.com\/certyfikacja-systemow\/iso-9001\/#primaryimage"},"thumbnailUrl":"https:\/\/icrpolska.com\/wp-content\/uploads\/2019\/05\/screencapture-icrpolska-e-ksperci-pl-systemy-2019-04-17-17_07_18-e1555513756585.png","datePublished":"2019-05-22T06:51:40+00:00","dateModified":"2022-09-07T21:02:26+00:00","breadcrumb":{"@id":"https:\/\/icrpolska.com\/certyfikacja-systemow\/iso-9001\/#breadcrumb"},"inLanguage":"lv-LV","potentialAction":[{"@type":"ReadAction","target":["https:\/\/icrpolska.com\/certyfikacja-systemow\/iso-9001\/"]}]},{"@type":"ImageObject","inLanguage":"lv-LV","@id":"https:\/\/icrpolska.com\/certyfikacja-systemow\/iso-9001\/#primaryimage","url":"https:\/\/icrpolska.com\/wp-content\/uploads\/2019\/05\/screencapture-icrpolska-e-ksperci-pl-systemy-2019-04-17-17_07_18-e1555513756585.png","contentUrl":"https:\/\/icrpolska.com\/wp-content\/uploads\/2019\/05\/screencapture-icrpolska-e-ksperci-pl-systemy-2019-04-17-17_07_18-e1555513756585.png","width":664,"height":621},{"@type":"BreadcrumbList","@id":"https:\/\/icrpolska.com\/certyfikacja-systemow\/iso-9001\/#breadcrumb","itemListElement":[{"@type":"ListItem","position":1,"name":"Strona g\u0142\u00f3wna","item":"https:\/\/icrpolska.com\/"},{"@type":"ListItem","position":2,"name":"Certyfikacja system\u00f3w ISO","item":"https:\/\/icrpolska.com\/certyfikacja-systemow\/"},{"@type":"ListItem","position":3,"name":"ISO 9001 &#8211; International Organization for Standardization"}]},{"@type":"WebSite","@id":"https:\/\/icrpolska.com\/#website","url":"https:\/\/icrpolska.com\/","name":"ICR POLIJA - test\u0113\u0161ana un sertifik\u0101cija","description":"CE sertifik\u0101cija, CE sertifik\u0101ts, ISO sertifik\u0101ts, RED test\u0113\u0161ana, produktu test\u0113\u0161ana un sertifik\u0101cija, elektrisko produktu test\u0113\u0161ana, medic\u012bnas ier\u012b\u010du test\u0113\u0161ana, ATEX, IECEx, FCC, produktu sertifik\u0101cija, EMC test\u0113\u0161ana, ma\u0161\u012bnu sertifik\u0101cija, CE iek\u0101rtas, apm\u0101c\u012bba, elektronisko produktu test\u0113\u0161ana, test\u0113\u0161ana 2014\/53\/ES, dronu sertifik\u0101cija, ISO 13485 sertifik\u0101ts, ISO 9001 sertifik\u0101ts, NC RfG, CPR","publisher":{"@id":"https:\/\/icrpolska.com\/#\/schema\/person\/8601820fc0521fc7bf75ae141134fbfd"},"potentialAction":[{"@type":"SearchAction","target":{"@type":"EntryPoint","urlTemplate":"https:\/\/icrpolska.com\/?s={search_term_string}"},"query-input":{"@type":"PropertyValueSpecification","valueRequired":true,"valueName":"search_term_string"}}],"inLanguage":"lv-LV"},{"@type":["Person","Organization"],"@id":"https:\/\/icrpolska.com\/#\/schema\/person\/8601820fc0521fc7bf75ae141134fbfd","name":"administrators","image":{"@type":"ImageObject","inLanguage":"lv-LV","@id":"https:\/\/icrpolska.com\/wp-content\/uploads\/2019\/05\/cropped-logo-icr.32f04ad5-1-1.png","url":"https:\/\/icrpolska.com\/wp-content\/uploads\/2019\/05\/cropped-logo-icr.32f04ad5-1-1.png","contentUrl":"https:\/\/icrpolska.com\/wp-content\/uploads\/2019\/05\/cropped-logo-icr.32f04ad5-1-1.png","width":400,"height":148,"caption":"admin"},"logo":{"@id":"https:\/\/icrpolska.com\/wp-content\/uploads\/2019\/05\/cropped-logo-icr.32f04ad5-1-1.png"}}]}},"_links":{"self":[{"href":"https:\/\/icrpolska.com\/lv\/wp-json\/wp\/v2\/pages\/1899","targetHints":{"allow":["GET"]}}],"collection":[{"href":"https:\/\/icrpolska.com\/lv\/wp-json\/wp\/v2\/pages"}],"about":[{"href":"https:\/\/icrpolska.com\/lv\/wp-json\/wp\/v2\/types\/page"}],"author":[{"embeddable":true,"href":"https:\/\/icrpolska.com\/lv\/wp-json\/wp\/v2\/users\/1"}],"replies":[{"embeddable":true,"href":"https:\/\/icrpolska.com\/lv\/wp-json\/wp\/v2\/comments?post=1899"}],"version-history":[{"count":1,"href":"https:\/\/icrpolska.com\/lv\/wp-json\/wp\/v2\/pages\/1899\/revisions"}],"predecessor-version":[{"id":2155,"href":"https:\/\/icrpolska.com\/lv\/wp-json\/wp\/v2\/pages\/1899\/revisions\/2155"}],"up":[{"embeddable":true,"href":"https:\/\/icrpolska.com\/lv\/wp-json\/wp\/v2\/pages\/162"}],"wp:featuredmedia":[{"embeddable":true,"href":"https:\/\/icrpolska.com\/lv\/wp-json\/wp\/v2\/media\/48"}],"wp:attachment":[{"href":"https:\/\/icrpolska.com\/lv\/wp-json\/wp\/v2\/media?parent=1899"}],"curies":[{"name":"wp","href":"https:\/\/api.w.org\/{rel}","templated":true}]}}