{"id":2017,"date":"2019-05-28T10:56:22","date_gmt":"2019-05-28T10:56:22","guid":{"rendered":"http:\/\/icrpolska.e-ksperci.pl\/?page_id=2017"},"modified":"2024-03-26T11:59:34","modified_gmt":"2024-03-26T10:59:34","slug":"md-2006-42-we-bezpieczenstwo-maszyn","status":"publish","type":"page","link":"https:\/\/icrpolska.com\/lv\/certyfikacja-wyrobow\/md-2006-42-we-bezpieczenstwo-maszyn\/","title":{"rendered":"MD 2006\/42\/EK - Ma\u0161\u012bnu dro\u0161\u012bba"},"content":{"rendered":"<p><span style=\"font-weight: 400;\">Ma\u0161\u012bnu direkt\u012bvas oblig\u0101t\u0101 atbilst\u012bbas nov\u0113rt\u0113\u0161anas programma attiecas uz \u0161\u012bs direkt\u012bvas IV pielikum\u0101 uzskait\u012btajiem ra\u017eojumiem. Tie ietver:<\/span><\/p>\n<ul>\n<li style=\"font-weight: 400;\"><span style=\"font-weight: 400;\">Meh\u0101nisk\u0101s, hidraulisk\u0101s un pneimatisk\u0101s preses, ieskaitot preses bremzes, met\u0101lu aukstajai apstr\u0101dei;<\/span><\/li>\n<li style=\"font-weight: 400;\"><span style=\"font-weight: 400;\">Plastmasas iesmidzin\u0101\u0161anas ma\u0161\u012bnas vai preses ar manu\u0101lu iekrau\u0161anu vai izkrau\u0161anu;<\/span><\/li>\n<li style=\"font-weight: 400;\"><span style=\"font-weight: 400;\">Gumijas izstr\u0101d\u0101jumu iesmidzin\u0101\u0161anas ma\u0161\u012bnas vai preses ar manu\u0101lu padevi vai izkrau\u0161anu;<\/span><\/li>\n<li style=\"font-weight: 400;\"><span style=\"font-weight: 400;\">Ripz\u0101\u0123i, lentz\u0101\u0123i;<\/span><\/li>\n<li style=\"font-weight: 400;\"><span style=\"font-weight: 400;\">Pl\u0101not\u0101ji;<\/span><\/li>\n<li style=\"font-weight: 400;\"><span style=\"font-weight: 400;\">Fr\u0113zma\u0161\u012bnas;<\/span><\/li>\n<li style=\"font-weight: 400;\"><span style=\"font-weight: 400;\">Transportl\u012bdzek\u013cu apkopes lifti;<\/span><\/li>\n<li style=\"font-weight: 400;\"><span style=\"font-weight: 400;\">Iek\u0101rtas cilv\u0113ku vai cilv\u0113ku un pre\u010du cel\u0161anai, kas saist\u012btas ar kritiena risku no vair\u0101k nek\u0101 3 metru augstuma.<\/span><\/li>\n<\/ul>\n<p><span style=\"font-weight: 400;\">k\u0101 ar\u012b:<\/span><\/p>\n<ul>\n<li style=\"font-weight: 400;\"><span style=\"font-weight: 400;\">Aizsardz\u012bbas ier\u012bces, kas paredz\u0113tas cilv\u0113ku kl\u0101tb\u016btnes noteik\u0161anai;<\/span><\/li>\n<li style=\"font-weight: 400;\"><span style=\"font-weight: 400;\">lo\u0123isk\u0101s sh\u0113mas dro\u0161\u012bbas funkciju nodro\u0161in\u0101\u0161anai.<\/span><\/li>\n<\/ul>\n<p><span style=\"font-weight: 400;\">Ma\u0161\u012bnu direkt\u012bvas darb\u012bbas jom\u0101 ietilpsto\u0161a ra\u017eojuma pozit\u012bvu oblig\u0101to nov\u0113rt\u0113\u0161anu apkopo, izsniedzot EK tipa p\u0101rbaudes sertifik\u0101tu (EK tipa sertifik\u0101ts).<\/span><\/p>\n<p><strong>Vair\u0101k:<\/strong><\/p>\n<p><a href=\"https:\/\/icrpolska.com\/wp-content\/uploads\/2019\/06\/Program-oceny-zgodno\u015bci-w-zakresie-MD.pdf\" target=\"_blank\" rel=\"noopener noreferrer\"><img decoding=\"async\" class=\"wp-image-2679 alignnone\" src=\"https:\/\/icrpolska.com\/wp-content\/uploads\/2019\/06\/adobe.jpg\" alt=\"\" width=\"20\" height=\"21\" srcset=\"https:\/\/icrpolska.com\/wp-content\/uploads\/2019\/06\/adobe.jpg 218w, https:\/\/icrpolska.com\/wp-content\/uploads\/2019\/06\/adobe-150x150.jpg 150w\" sizes=\"(max-width: 20px) 100vw, 20px\" \/><\/a><a href=\"https:\/\/icrpolska.com\/wp-content\/uploads\/2021\/01\/PC-P-07-03_16.pdf\" target=\"_blank\" rel=\"noopener noreferrer\">\u00a0MD atbilst\u012bbas nov\u0113rt\u0113\u0161anas programma (2006\/42\/EK)<\/a><a href=\"https:\/\/icrpolska.com\/wp-content\/uploads\/2020\/10\/PC-P-07-03_Program_MD15.pdf\" target=\"_blank\" rel=\"noopener noreferrer\"> + <\/a><a href=\"https:\/\/icrpolska.com\/wp-content\/uploads\/2023\/11\/F-P-07-36_05a_MD.pdf\" target=\"_blank\" rel=\"noopener noreferrer\">tehnisko specifik\u0101ciju saraksts<\/a><\/p>\n<p><a href=\"http:\/\/icrpolska.com\/wp-content\/uploads\/2019\/06\/Wniosek-o-certyfikacj\u0119-systemu.docx\"><img decoding=\"async\" class=\"alignnone wp-image-2678\" src=\"http:\/\/icrpolska.com\/wp-content\/uploads\/2019\/06\/word.jpg\" alt=\"\" width=\"20\" height=\"20\" srcset=\"https:\/\/icrpolska.com\/wp-content\/uploads\/2019\/06\/word.jpg 208w, https:\/\/icrpolska.com\/wp-content\/uploads\/2019\/06\/word-150x150.jpg 150w\" sizes=\"(max-width: 20px) 100vw, 20px\" \/><\/a><a href=\"https:\/\/icrpolska.com\/wp-content\/uploads\/2024\/03\/F-P-07-02_9.docx\" target=\"_blank\" rel=\"noopener noreferrer\">\u00a0Pieteikums_Pieteikums_Oblig\u0101tais nov\u0113rt\u0113jums<\/a><\/p>","protected":false},"excerpt":{"rendered":"<p>Ma\u0161\u012bnu direkt\u012bvas oblig\u0101t\u0101 atbilst\u012bbas nov\u0113rt\u0113\u0161anas programma attiecas uz \u0161\u012bs direkt\u012bvas IV pielikum\u0101 uzskait\u012btajiem ra\u017eojumiem. Tie ietver: Meh\u0101nisk\u0101s, hidraulisk\u0101s un pneimatisk\u0101s preses, ieskaitot preses bremzes, met\u0101la aukstajai apstr\u0101dei; plastmasas izstr\u0101d\u0101jumu iesmidzin\u0101\u0161anas ma\u0161\u012bnas vai preses ar manu\u0101lu iekrau\u0161anu vai izkrau\u0161anu; gumijas izstr\u0101d\u0101jumu iesmidzin\u0101\u0161anas ma\u0161\u012bnas vai preses ar manu\u0101lu iekrau\u0161anu vai izkrau\u0161anu;.....&nbsp;<a href=\"https:\/\/icrpolska.com\/lv\/certyfikacja-wyrobow\/md-2006-42-we-bezpieczenstwo-maszyn\/\" rel=\"bookmark\">Las\u012bt vair\u0101k \"<span class=\"screen-reader-text\">MD 2006\/42\/EK - Ma\u0161\u012bnu dro\u0161\u012bba<\/span><\/a><\/p>","protected":false},"author":1,"featured_media":1147,"parent":211,"menu_order":0,"comment_status":"closed","ping_status":"closed","template":"","meta":{"neve_meta_sidebar":"","neve_meta_container":"","neve_meta_enable_content_width":"off","neve_meta_content_width":70,"neve_meta_title_alignment":"","neve_meta_author_avatar":"","neve_post_elements_order":"","neve_meta_disable_header":"","neve_meta_disable_footer":"","neve_meta_disable_title":"","footnotes":""},"class_list":["post-2017","page","type-page","status-publish","has-post-thumbnail","hentry"],"yoast_head":"<!-- This site is optimized with the Yoast SEO plugin v27.3 - https:\/\/yoast.com\/product\/yoast-seo-wordpress\/ -->\n<title>MD 2006\/42\/WE \u2013 bezpiecze\u0144stwo maszyn - ICR POLSKA - badania i certyfikacja<\/title>\n<meta name=\"robots\" content=\"index, follow, max-snippet:-1, max-image-preview:large, max-video-preview:-1\" \/>\n<link rel=\"canonical\" href=\"https:\/\/icrpolska.com\/lv\/certyfikacja-wyrobow\/md-2006-42-we-bezpieczenstwo-maszyn\/\" \/>\n<meta property=\"og:locale\" content=\"lv_LV\" \/>\n<meta property=\"og:type\" content=\"article\" \/>\n<meta property=\"og:title\" content=\"MD 2006\/42\/WE \u2013 bezpiecze\u0144stwo maszyn - ICR POLSKA - badania i certyfikacja\" \/>\n<meta property=\"og:description\" content=\"Programem obowi\u0105zkowej oceny zgodno\u015bci w zakresie dyrektywy maszynowej obj\u0119te s\u0105 wyroby wymienione w Za\u0142\u0105czniku IV Dyrektywy. S\u0105 to m.in.: Prasy mechaniczne, hydrauliczne i pneumatyczne, w tym prasy kraw\u0119dziowe, do obr\u00f3bki metali na zimno; Wtryskarki lub prasy do tworzyw sztucznych, z r\u0119cznym podawaniem lub odbieraniem; Wtryskarki lub prasy do wyrob\u00f3w gumowych, z r\u0119cznym podawaniem lub odbieraniem;&hellip;&nbsp;Read More &raquo;MD 2006\/42\/WE \u2013 bezpiecze\u0144stwo maszyn\" \/>\n<meta property=\"og:url\" content=\"https:\/\/icrpolska.com\/lv\/certyfikacja-wyrobow\/md-2006-42-we-bezpieczenstwo-maszyn\/\" \/>\n<meta property=\"og:site_name\" content=\"ICR POLSKA - badania i certyfikacja\" \/>\n<meta property=\"article:modified_time\" content=\"2024-03-26T10:59:34+00:00\" \/>\n<meta name=\"twitter:card\" content=\"summary_large_image\" \/>\n<meta name=\"twitter:label1\" content=\"Est. reading time\" \/>\n\t<meta name=\"twitter:data1\" content=\"2 min\u016btes\" \/>\n<script type=\"application\/ld+json\" class=\"yoast-schema-graph\">{\"@context\":\"https:\\\/\\\/schema.org\",\"@graph\":[{\"@type\":\"WebPage\",\"@id\":\"https:\\\/\\\/icrpolska.com\\\/certyfikacja-wyrobow\\\/md-2006-42-we-bezpieczenstwo-maszyn\\\/\",\"url\":\"https:\\\/\\\/icrpolska.com\\\/certyfikacja-wyrobow\\\/md-2006-42-we-bezpieczenstwo-maszyn\\\/\",\"name\":\"MD 2006\\\/42\\\/WE \u2013 bezpiecze\u0144stwo maszyn - ICR POLSKA - badania i certyfikacja\",\"isPartOf\":{\"@id\":\"https:\\\/\\\/icrpolska.com\\\/#website\"},\"primaryImageOfPage\":{\"@id\":\"https:\\\/\\\/icrpolska.com\\\/certyfikacja-wyrobow\\\/md-2006-42-we-bezpieczenstwo-maszyn\\\/#primaryimage\"},\"image\":{\"@id\":\"https:\\\/\\\/icrpolska.com\\\/certyfikacja-wyrobow\\\/md-2006-42-we-bezpieczenstwo-maszyn\\\/#primaryimage\"},\"thumbnailUrl\":\"\",\"datePublished\":\"2019-05-28T10:56:22+00:00\",\"dateModified\":\"2024-03-26T10:59:34+00:00\",\"breadcrumb\":{\"@id\":\"https:\\\/\\\/icrpolska.com\\\/certyfikacja-wyrobow\\\/md-2006-42-we-bezpieczenstwo-maszyn\\\/#breadcrumb\"},\"inLanguage\":\"lv-LV\",\"potentialAction\":[{\"@type\":\"ReadAction\",\"target\":[\"https:\\\/\\\/icrpolska.com\\\/certyfikacja-wyrobow\\\/md-2006-42-we-bezpieczenstwo-maszyn\\\/\"]}]},{\"@type\":\"ImageObject\",\"inLanguage\":\"lv-LV\",\"@id\":\"https:\\\/\\\/icrpolska.com\\\/certyfikacja-wyrobow\\\/md-2006-42-we-bezpieczenstwo-maszyn\\\/#primaryimage\",\"url\":\"\",\"contentUrl\":\"\"},{\"@type\":\"BreadcrumbList\",\"@id\":\"https:\\\/\\\/icrpolska.com\\\/certyfikacja-wyrobow\\\/md-2006-42-we-bezpieczenstwo-maszyn\\\/#breadcrumb\",\"itemListElement\":[{\"@type\":\"ListItem\",\"position\":1,\"name\":\"Strona g\u0142\u00f3wna\",\"item\":\"https:\\\/\\\/icrpolska.com\\\/\"},{\"@type\":\"ListItem\",\"position\":2,\"name\":\"Certyfikacja wyrob\u00f3w\",\"item\":\"https:\\\/\\\/icrpolska.com\\\/certyfikacja-wyrobow\\\/\"},{\"@type\":\"ListItem\",\"position\":3,\"name\":\"MD 2006\\\/42\\\/WE \u2013 bezpiecze\u0144stwo maszyn\"}]},{\"@type\":\"WebSite\",\"@id\":\"https:\\\/\\\/icrpolska.com\\\/#website\",\"url\":\"https:\\\/\\\/icrpolska.com\\\/\",\"name\":\"ICR POLSKA - badania i certyfikacja\",\"description\":\"CE certification, CE certificate, ISO certificate, RED testing, product testing and certification, electrical product testing, medical device testing, ATEX, IECEx, FCC, product certification, EMC testing, machinery certification, CE machines, training, electronic product testing, testing 2014\\\/53\\\/EU, drone certification, ISO 13485 certificate, ISO 9001 certificate, NC RfG, CPR\",\"publisher\":{\"@id\":\"https:\\\/\\\/icrpolska.com\\\/#\\\/schema\\\/person\\\/8601820fc0521fc7bf75ae141134fbfd\"},\"potentialAction\":[{\"@type\":\"SearchAction\",\"target\":{\"@type\":\"EntryPoint\",\"urlTemplate\":\"https:\\\/\\\/icrpolska.com\\\/?s={search_term_string}\"},\"query-input\":{\"@type\":\"PropertyValueSpecification\",\"valueRequired\":true,\"valueName\":\"search_term_string\"}}],\"inLanguage\":\"lv-LV\"},{\"@type\":[\"Person\",\"Organization\"],\"@id\":\"https:\\\/\\\/icrpolska.com\\\/#\\\/schema\\\/person\\\/8601820fc0521fc7bf75ae141134fbfd\",\"name\":\"admin\",\"image\":{\"@type\":\"ImageObject\",\"inLanguage\":\"lv-LV\",\"@id\":\"https:\\\/\\\/icrpolska.com\\\/wp-content\\\/uploads\\\/2019\\\/05\\\/cropped-logo-icr.32f04ad5-1-1.png\",\"url\":\"https:\\\/\\\/icrpolska.com\\\/wp-content\\\/uploads\\\/2019\\\/05\\\/cropped-logo-icr.32f04ad5-1-1.png\",\"contentUrl\":\"https:\\\/\\\/icrpolska.com\\\/wp-content\\\/uploads\\\/2019\\\/05\\\/cropped-logo-icr.32f04ad5-1-1.png\",\"width\":400,\"height\":148,\"caption\":\"admin\"},\"logo\":{\"@id\":\"https:\\\/\\\/icrpolska.com\\\/wp-content\\\/uploads\\\/2019\\\/05\\\/cropped-logo-icr.32f04ad5-1-1.png\"}}]}<\/script>\n<!-- \/ Yoast SEO plugin. -->","yoast_head_json":{"title":"MD 2006\/42\/EK - Ma\u0161\u012bnu dro\u0161\u012bba - ICR POLIJA - Test\u0113\u0161ana un sertifik\u0101cija","robots":{"index":"index","follow":"follow","max-snippet":"max-snippet:-1","max-image-preview":"max-image-preview:large","max-video-preview":"max-video-preview:-1"},"canonical":"https:\/\/icrpolska.com\/lv\/certyfikacja-wyrobow\/md-2006-42-we-bezpieczenstwo-maszyn\/","og_locale":"lv_LV","og_type":"article","og_title":"MD 2006\/42\/WE \u2013 bezpiecze\u0144stwo maszyn - ICR POLSKA - badania i certyfikacja","og_description":"Programem obowi\u0105zkowej oceny zgodno\u015bci w zakresie dyrektywy maszynowej obj\u0119te s\u0105 wyroby wymienione w Za\u0142\u0105czniku IV Dyrektywy. S\u0105 to m.in.: Prasy mechaniczne, hydrauliczne i pneumatyczne, w tym prasy kraw\u0119dziowe, do obr\u00f3bki metali na zimno; Wtryskarki lub prasy do tworzyw sztucznych, z r\u0119cznym podawaniem lub odbieraniem; Wtryskarki lub prasy do wyrob\u00f3w gumowych, z r\u0119cznym podawaniem lub odbieraniem;&hellip;&nbsp;Read More &raquo;MD 2006\/42\/WE \u2013 bezpiecze\u0144stwo maszyn","og_url":"https:\/\/icrpolska.com\/lv\/certyfikacja-wyrobow\/md-2006-42-we-bezpieczenstwo-maszyn\/","og_site_name":"ICR POLSKA - badania i certyfikacja","article_modified_time":"2024-03-26T10:59:34+00:00","twitter_card":"summary_large_image","twitter_misc":{"Est. reading time":"2 min\u016btes"},"schema":{"@context":"https:\/\/schema.org","@graph":[{"@type":"WebPage","@id":"https:\/\/icrpolska.com\/certyfikacja-wyrobow\/md-2006-42-we-bezpieczenstwo-maszyn\/","url":"https:\/\/icrpolska.com\/certyfikacja-wyrobow\/md-2006-42-we-bezpieczenstwo-maszyn\/","name":"MD 2006\/42\/EK - Ma\u0161\u012bnu dro\u0161\u012bba - ICR POLIJA - Test\u0113\u0161ana un sertifik\u0101cija","isPartOf":{"@id":"https:\/\/icrpolska.com\/#website"},"primaryImageOfPage":{"@id":"https:\/\/icrpolska.com\/certyfikacja-wyrobow\/md-2006-42-we-bezpieczenstwo-maszyn\/#primaryimage"},"image":{"@id":"https:\/\/icrpolska.com\/certyfikacja-wyrobow\/md-2006-42-we-bezpieczenstwo-maszyn\/#primaryimage"},"thumbnailUrl":"","datePublished":"2019-05-28T10:56:22+00:00","dateModified":"2024-03-26T10:59:34+00:00","breadcrumb":{"@id":"https:\/\/icrpolska.com\/certyfikacja-wyrobow\/md-2006-42-we-bezpieczenstwo-maszyn\/#breadcrumb"},"inLanguage":"lv-LV","potentialAction":[{"@type":"ReadAction","target":["https:\/\/icrpolska.com\/certyfikacja-wyrobow\/md-2006-42-we-bezpieczenstwo-maszyn\/"]}]},{"@type":"ImageObject","inLanguage":"lv-LV","@id":"https:\/\/icrpolska.com\/certyfikacja-wyrobow\/md-2006-42-we-bezpieczenstwo-maszyn\/#primaryimage","url":"","contentUrl":""},{"@type":"BreadcrumbList","@id":"https:\/\/icrpolska.com\/certyfikacja-wyrobow\/md-2006-42-we-bezpieczenstwo-maszyn\/#breadcrumb","itemListElement":[{"@type":"ListItem","position":1,"name":"Strona g\u0142\u00f3wna","item":"https:\/\/icrpolska.com\/"},{"@type":"ListItem","position":2,"name":"Certyfikacja wyrob\u00f3w","item":"https:\/\/icrpolska.com\/certyfikacja-wyrobow\/"},{"@type":"ListItem","position":3,"name":"MD 2006\/42\/WE \u2013 bezpiecze\u0144stwo maszyn"}]},{"@type":"WebSite","@id":"https:\/\/icrpolska.com\/#website","url":"https:\/\/icrpolska.com\/","name":"ICR POLIJA - test\u0113\u0161ana un sertifik\u0101cija","description":"CE sertifik\u0101cija, CE sertifik\u0101ts, ISO sertifik\u0101ts, RED test\u0113\u0161ana, produktu test\u0113\u0161ana un sertifik\u0101cija, elektrisko produktu test\u0113\u0161ana, medic\u012bnas ier\u012b\u010du test\u0113\u0161ana, ATEX, IECEx, FCC, produktu sertifik\u0101cija, EMC test\u0113\u0161ana, ma\u0161\u012bnu sertifik\u0101cija, CE iek\u0101rtas, apm\u0101c\u012bba, elektronisko produktu test\u0113\u0161ana, test\u0113\u0161ana 2014\/53\/ES, dronu sertifik\u0101cija, ISO 13485 sertifik\u0101ts, ISO 9001 sertifik\u0101ts, NC RfG, CPR","publisher":{"@id":"https:\/\/icrpolska.com\/#\/schema\/person\/8601820fc0521fc7bf75ae141134fbfd"},"potentialAction":[{"@type":"SearchAction","target":{"@type":"EntryPoint","urlTemplate":"https:\/\/icrpolska.com\/?s={search_term_string}"},"query-input":{"@type":"PropertyValueSpecification","valueRequired":true,"valueName":"search_term_string"}}],"inLanguage":"lv-LV"},{"@type":["Person","Organization"],"@id":"https:\/\/icrpolska.com\/#\/schema\/person\/8601820fc0521fc7bf75ae141134fbfd","name":"administrators","image":{"@type":"ImageObject","inLanguage":"lv-LV","@id":"https:\/\/icrpolska.com\/wp-content\/uploads\/2019\/05\/cropped-logo-icr.32f04ad5-1-1.png","url":"https:\/\/icrpolska.com\/wp-content\/uploads\/2019\/05\/cropped-logo-icr.32f04ad5-1-1.png","contentUrl":"https:\/\/icrpolska.com\/wp-content\/uploads\/2019\/05\/cropped-logo-icr.32f04ad5-1-1.png","width":400,"height":148,"caption":"admin"},"logo":{"@id":"https:\/\/icrpolska.com\/wp-content\/uploads\/2019\/05\/cropped-logo-icr.32f04ad5-1-1.png"}}]}},"_links":{"self":[{"href":"https:\/\/icrpolska.com\/lv\/wp-json\/wp\/v2\/pages\/2017","targetHints":{"allow":["GET"]}}],"collection":[{"href":"https:\/\/icrpolska.com\/lv\/wp-json\/wp\/v2\/pages"}],"about":[{"href":"https:\/\/icrpolska.com\/lv\/wp-json\/wp\/v2\/types\/page"}],"author":[{"embeddable":true,"href":"https:\/\/icrpolska.com\/lv\/wp-json\/wp\/v2\/users\/1"}],"replies":[{"embeddable":true,"href":"https:\/\/icrpolska.com\/lv\/wp-json\/wp\/v2\/comments?post=2017"}],"version-history":[{"count":11,"href":"https:\/\/icrpolska.com\/lv\/wp-json\/wp\/v2\/pages\/2017\/revisions"}],"predecessor-version":[{"id":12968,"href":"https:\/\/icrpolska.com\/lv\/wp-json\/wp\/v2\/pages\/2017\/revisions\/12968"}],"up":[{"embeddable":true,"href":"https:\/\/icrpolska.com\/lv\/wp-json\/wp\/v2\/pages\/211"}],"wp:featuredmedia":[{"embeddable":true,"href":"https:\/\/icrpolska.com\/lv\/wp-json\/"}],"wp:attachment":[{"href":"https:\/\/icrpolska.com\/lv\/wp-json\/wp\/v2\/media?parent=2017"}],"curies":[{"name":"wp","href":"https:\/\/api.w.org\/{rel}","templated":true}]}}