{"id":2031,"date":"2019-05-28T11:04:53","date_gmt":"2019-05-28T11:04:53","guid":{"rendered":"http:\/\/icrpolska.e-ksperci.pl\/?page_id=2031"},"modified":"2025-06-11T09:31:36","modified_gmt":"2025-06-11T07:31:36","slug":"atex-2014-34-ue-urzadzenia-pracujace-w-atmosferze-potencjalnie-wybuchowej","status":"publish","type":"page","link":"https:\/\/icrpolska.com\/lv\/certyfikacja-wyrobow\/atex-2014-34-ue-urzadzenia-pracujace-w-atmosferze-potencjalnie-wybuchowej\/","title":{"rendered":"ATEX 2014\/34\/ES - iek\u0101rtas, kas darbojas spr\u0101dzienb\u012bstam\u0101 vid\u0113"},"content":{"rendered":"<p class=\"translation-block\"><a href=\"https:\/\/eur-lex.europa.eu\/legal-content\/PL\/TXT\/PDF\/?uri=CELEX:32014L0034&amp;from=PL\" target=\"_self\" rel=\"noopener noreferrer\">ATEX direkt\u012bv\u0101<\/a> ir ietvertas b\u016btisk\u0101s pras\u012bbas <span style=\"font-weight: 400\">produktiem, kas paredz\u0113ti lieto\u0161anai spr\u0101dzienb\u012bstam\u0101 vid\u0113. <\/span>Izstr\u0101d\u0101jumi ir iedal\u012bti grup\u0101s:<\/p>\n<ul>\n<li style=\"font-weight: 400;\"><span style=\"font-weight: 400;\">I grupa - iek\u0101rtas, kas paredz\u0113tas lieto\u0161anai pazemes raktuv\u0113s un raktuvju virszemes da\u013c\u0101s, kur\u0101s past\u0101v spr\u0101dzienb\u012bstam\u012bba. <\/span><\/li>\n<li style=\"font-weight: 400;\"><span style=\"font-weight: 400;\">II grupa - visp\u0101r\u0113jas noz\u012bmes iek\u0101rtas.<\/span><\/li>\n<\/ul>\n<p><span style=\"font-weight: 400;\">\u0160aj\u0101 grup\u0101 var b\u016bt 3 iek\u0101rtu kategorijas:<\/span><\/p>\n<ol>\n<li style=\"font-weight: 400;\"><span style=\"font-weight: 400;\">\u00a0ietver iek\u0101rtas, kas konstru\u0113tas t\u0101, lai sp\u0113tu darboties saska\u0146\u0101 ar ra\u017eot\u0101ja noteiktajiem ekspluat\u0101cijas parametriem un nodro\u0161in\u0101tu \u013coti augstu aizsardz\u012bbas l\u012bmeni; \u0161\u012bs kategorijas iek\u0101rtas ir paredz\u0113tas lieto\u0161anai zon\u0101s, kur\u0101s spr\u0101dzienb\u012bstama vide, ko rada gaisa un g\u0101zu mais\u012bjumi, tvaiki, miglas vai gaisa un putek\u013cu mais\u012bjumi, rodas past\u0101v\u012bgi, bie\u017ei vai ilgsto\u0161i; \u0161\u012bs kategorijas iek\u0101rt\u0101m j\u0101nodro\u0161ina vajadz\u012bgais aizsardz\u012bbas l\u012bmenis pat retu ar iek\u0101rtu saist\u012btu negad\u012bjumu gad\u012bjum\u0101, un t\u0101m ir rakstur\u012bgi neatkar\u012bgi aizsardz\u012bbas l\u012bdzek\u013ci, kas nodro\u0161ina vajadz\u012bgo aizsardz\u012bbas l\u012bmeni pat tad, ja divi boj\u0101jumi rodas neatkar\u012bgi viens no otra.<\/span><\/li>\n<li style=\"font-weight: 400;\"><span style=\"font-weight: 400;\">iek\u0101rtas, kas konstru\u0113tas t\u0101, lai sp\u0113tu darboties saska\u0146\u0101 ar ra\u017eot\u0101ja noteiktajiem ekspluat\u0101cijas parametriem un nodro\u0161in\u0101tu augstu aizsardz\u012bbas l\u012bmeni; \u0161\u012bs kategorijas iek\u0101rtas ir paredz\u0113tas lieto\u0161anai zon\u0101s, kur\u0101s laiku pa laikam var rasties spr\u0101dzienb\u012bstama vide, ko rada g\u0101zes, tvaiki, migla vai gaisa un putek\u013cu mais\u012bjumi; aizsardz\u012bbas l\u012bdzek\u013ci, kas attiecas uz \u0161\u012bs kategorijas iek\u0101rt\u0101m, nodro\u0161ina vajadz\u012bgo aizsardz\u012bbas l\u012bmeni pat bie\u017eu trauc\u0113jumu un iek\u0101rtu boj\u0101jumu gad\u012bjum\u0101, kas ir rakstur\u012bgi iek\u0101rtas uzst\u0101d\u012b\u0161anas vietai.<\/span><\/li>\n<li style=\"font-weight: 400;\"><span style=\"font-weight: 400;\">iek\u0101rtas, kas konstru\u0113tas t\u0101, lai sp\u0113tu darboties saska\u0146\u0101 ar ra\u017eot\u0101ja noteiktajiem ekspluat\u0101cijas parametriem un nodro\u0161in\u0101tu norm\u0101lu aizsardz\u012bbas l\u012bmeni; \u0161\u012bs kategorijas iek\u0101rtas ir paredz\u0113tas lieto\u0161anai zon\u0101s, kur\u0101s g\u0101zu, tvaiku, miglas vai gaisa un putek\u013cu mais\u012bjumu izrais\u012bta spr\u0101dzienb\u012bstama vide ir maz ticama, vai, ja t\u0101 rodas, maz ticams, ka t\u0101 rad\u012bsies \u013coti bie\u017ei un tikai uz \u012bsu laiku; \u0161\u012bs kategorijas iek\u0101rtas nodro\u0161ina nepiecie\u0161amo aizsardz\u012bbas l\u012bmeni norm\u0101las darb\u012bbas laik\u0101.<\/span><\/li>\n<\/ol>\n<p><span style=\"font-weight: 400;\">Tikai II grupas 3. kategorijas iek\u0101rt\u0101m un neelektrisk\u0101m 2. vai M2 kategorijas iek\u0101rt\u0101m ra\u017eot\u0101js var izmantot iek\u0161\u0113jo ra\u017eo\u0161anas kontroli (A modulis).<\/span><\/p>\n<p><span style=\"font-weight: 400;\">Citos gad\u012bjumos atbilst\u012bbas apstiprin\u0101\u0161ana j\u0101veic ar pazi\u0146ot\u0101s iest\u0101des starpniec\u012bbu. Ir iesp\u0113jami \u0161\u0101di risin\u0101jumi:<\/span><\/p>\n<ul>\n<li style=\"font-weight: 400;\"><span style=\"font-weight: 400;\">1. vai M1 kategorijas ier\u012bc\u0113m:\u00a0<\/span><span style=\"font-weight: 400;\"><br \/>\n<\/span><span style=\"font-weight: 400;\">EK tipa p\u0101rbaude (B modulis) kop\u0101 ar atbilst\u012bbu tipam, pamatojoties uz ra\u017eojuma verifik\u0101ciju (F modulis), vai kop\u0101 ar atbilst\u012bbu tipam, pamatojoties uz ra\u017eo\u0161anas procesa kvalit\u0101tes nodro\u0161in\u0101\u0161anu (D modulis);<\/span><\/li>\n<li style=\"font-weight: 400;\"><span style=\"font-weight: 400;\">kategorijas elektroiek\u0101rt\u0101m un iek\u0161dedzes dzin\u0113jiem:\u00a0<\/span><span style=\"font-weight: 400;\"><br \/>\n<\/span><span style=\"font-weight: 400;\">EK tipa p\u0101rbaude (B modulis) kop\u0101 ar apstiprin\u0101jumu par atbilst\u012bbu tipam, pamatojoties uz produkta kvalit\u0101tes nodro\u0161in\u0101\u0161anu (E modulis), vai kop\u0101 ar apstiprin\u0101jumu par atbilst\u012bbu tipam, pamatojoties uz iek\u0161\u0113jo ra\u017eo\u0161anas kontroli un produkta test\u0113\u0161anu uzraudz\u012bb\u0101 (C1 modulis);<\/span><\/li>\n<li style=\"font-weight: 400;\"><span style=\"font-weight: 400;\">vis\u0101m iek\u0101rtu kategorij\u0101m:<\/span><span style=\"font-weight: 400;\"><br \/>\n<\/span><span style=\"font-weight: 400;\">atbilst\u012bbas apstiprin\u0101jums, pamatojoties uz vien\u012bbas verifik\u0101ciju (G modulis).<\/span><\/li>\n<\/ul>\n<p><span style=\"font-weight: 400;\">Iek\u0101rtas mar\u0137\u0113jum\u0101 ir iek\u013cauta inform\u0101cija gan par pa\u0161as iek\u0101rtas \u012bpa\u0161\u012bb\u0101m, dro\u0161\u012bbas pas\u0101kumiem un izmantotaj\u0101m sist\u0113m\u0101m, gan ar\u012b par ekspluat\u0101cijas apst\u0101k\u013ciem, t. i., spr\u0101dzienb\u012bstamo zonu, apk\u0101rt\u0113j\u0101s temperat\u016bras diapazonu vai savienojamo iek\u0101rtu.<\/span><\/p>\n<p>Pozit\u012bvs oblig\u0101tais ra\u017eojuma nov\u0113rt\u0113jums attiec\u012bb\u0101 uz t\u0101 darbu spr\u0101dzienb\u012bstam\u0101 vid\u0113 tiek apkopots, p\u0101rbaudot ra\u017eojuma mar\u0137\u0113jumu un izsniedzot ES tipa p\u0101rbaudes sertifik\u0101tu (ES tipa sertifik\u0101ts) un\/vai kvalit\u0101tes nodro\u0161in\u0101\u0161anas pazi\u0146ojumu (QAN) saska\u0146\u0101 ar standartu EN ISO\/IEC 80079-34.<b><\/b><\/p>\n<p><strong>Vair\u0101k:<\/strong><\/p>\n<p><a href=\"https:\/\/icrpolska.com\/wp-content\/uploads\/2019\/06\/Program-oceny-zgodno\u015bci-w-zakresie-ATEX.pdf\" target=\"_blank\" rel=\"noopener noreferrer\"><img decoding=\"async\" class=\"alignnone wp-image-2679\" src=\"https:\/\/icrpolska.com\/wp-content\/uploads\/2019\/06\/adobe.jpg\" alt=\"\" width=\"20\" height=\"21\" srcset=\"https:\/\/icrpolska.com\/wp-content\/uploads\/2019\/06\/adobe.jpg 218w, https:\/\/icrpolska.com\/wp-content\/uploads\/2019\/06\/adobe-150x150.jpg 150w\" sizes=\"(max-width: 20px) 100vw, 20px\" \/><\/a><a href=\"https:\/\/icrpolska.com\/wp-content\/uploads\/2025\/06\/PC-P-07-06-Program-oceny-zgodnosci-2-kol-8.pdf\" target=\"_blank\" rel=\"noopener noreferrer\" data-wp-editing=\"1\">\u00a0ATEX atbilst\u012bbas nov\u0113rt\u0113\u0161anas programma (2014\/34\/ES)<\/a> + <a href=\"https:\/\/icrpolska.com\/wp-content\/uploads\/2022\/06\/F-P-07-35_03_ATEX.pdf\" target=\"_blank\" rel=\"noopener noreferrer\">tehnisko specifik\u0101ciju saraksts<\/a><\/p>\n<p><img decoding=\"async\" class=\"alignnone wp-image-2678\" src=\"http:\/\/icrpolska.com\/wp-content\/uploads\/2019\/06\/word.jpg\" alt=\"\" width=\"20\" height=\"20\" srcset=\"https:\/\/icrpolska.com\/wp-content\/uploads\/2019\/06\/word.jpg 208w, https:\/\/icrpolska.com\/wp-content\/uploads\/2019\/06\/word-150x150.jpg 150w\" sizes=\"(max-width: 20px) 100vw, 20px\" \/><a href=\"https:\/\/icrpolska.com\/wp-content\/uploads\/2024\/03\/F-P-07-02_9.docx\" target=\"_blank\" rel=\"noopener noreferrer\">\u00a0Pieteikums_Pieteikums_Oblig\u0101tais nov\u0113rt\u0113jums<\/a><\/p>\n<p><img decoding=\"async\" class=\"alignnone wp-image-2678\" src=\"http:\/\/icrpolska.com\/wp-content\/uploads\/2019\/06\/word.jpg\" alt=\"\" width=\"20\" height=\"20\" srcset=\"https:\/\/icrpolska.com\/wp-content\/uploads\/2019\/06\/word.jpg 208w, https:\/\/icrpolska.com\/wp-content\/uploads\/2019\/06\/word-150x150.jpg 150w\" sizes=\"(max-width: 20px) 100vw, 20px\" \/> <a href=\"https:\/\/icrpolska.com\/wp-content\/uploads\/2020\/12\/F-P-07-28.docx\" target=\"_blank\" rel=\"noopener noreferrer\">Pieteikums ra\u017eo\u0161anas procesa kvalit\u0101tes\/produkta kvalit\u0101tes apstiprin\u0101\u0161anai<\/a><\/p>\n<p><a href=\"https:\/\/icrpolska.com\/wp-content\/uploads\/2019\/06\/Wniosek-o-certyfikacj%C4%99-systemu.docx\"><img decoding=\"async\" class=\"alignnone wp-image-2678\" src=\"https:\/\/icrpolska.com\/wp-content\/uploads\/2019\/06\/word.jpg\" sizes=\"(max-width: 20px) 100vw, 20px\" srcset=\"https:\/\/icrpolska.com\/wp-content\/uploads\/2019\/06\/word.jpg 208w, https:\/\/icrpolska.com\/wp-content\/uploads\/2019\/06\/word-150x150.jpg 150w\" alt=\"\" width=\"20\" height=\"20\" \/><\/a> <a href=\"https:\/\/icrpolska.com\/wp-content\/uploads\/2020\/10\/F-P-07-03-2E-Wniosek-Application-on-TCF-storage.docx\">Piepras\u012bjums veikt uzskaiti (2014\/34\/ES - A1 modulis)<\/a><\/p>","protected":false},"excerpt":{"rendered":"<p>ATEX direkt\u012bv\u0101 ir ietvertas b\u016btiskas pras\u012bbas izstr\u0101d\u0101jumiem, kas paredz\u0113ti lieto\u0161anai spr\u0101dzienb\u012bstam\u0101 vid\u0113. \u0160ie ra\u017eojumi ir iedal\u012bti grup\u0101s: I grupa - iek\u0101rtas, kas paredz\u0113tas lieto\u0161anai pazemes raktuv\u0113s un spr\u0101dzienb\u012bstam\u0101s raktuvju virszemes da\u013c\u0101s. II grupa - iek\u0101rtas visp\u0101r\u0113jai lieto\u0161anai. \u0160aj\u0101 grup\u0101 var b\u016bt 3 iek\u0101rtu kategorijas: taj\u0101 ietilpst iek\u0101rtas, kas paredz\u0113tas...&nbsp;<a href=\"https:\/\/icrpolska.com\/lv\/certyfikacja-wyrobow\/atex-2014-34-ue-urzadzenia-pracujace-w-atmosferze-potencjalnie-wybuchowej\/\" rel=\"bookmark\">Las\u012bt vair\u0101k \"<span class=\"screen-reader-text\">ATEX 2014\/34\/ES - iek\u0101rtas, kas darbojas spr\u0101dzienb\u012bstam\u0101 vid\u0113<\/span><\/a><\/p>","protected":false},"author":1,"featured_media":1034,"parent":211,"menu_order":0,"comment_status":"closed","ping_status":"closed","template":"","meta":{"neve_meta_sidebar":"","neve_meta_container":"","neve_meta_enable_content_width":"off","neve_meta_content_width":70,"neve_meta_title_alignment":"","neve_meta_author_avatar":"","neve_post_elements_order":"","neve_meta_disable_header":"","neve_meta_disable_footer":"","neve_meta_disable_title":"","footnotes":""},"class_list":["post-2031","page","type-page","status-publish","has-post-thumbnail","hentry"],"yoast_head":"<!-- This site is optimized with the Yoast SEO plugin v27.3 - https:\/\/yoast.com\/product\/yoast-seo-wordpress\/ -->\n<title>ATEX 2014\/34\/UE \u2013 urz\u0105dzenia pracuj\u0105ce w atmosferze potencjalnie wybuchowej - ICR POLSKA - badania i certyfikacja<\/title>\n<meta name=\"robots\" content=\"index, follow, max-snippet:-1, max-image-preview:large, max-video-preview:-1\" \/>\n<link rel=\"canonical\" href=\"https:\/\/icrpolska.com\/lv\/certyfikacja-wyrobow\/atex-2014-34-ue-urzadzenia-pracujace-w-atmosferze-potencjalnie-wybuchowej\/\" \/>\n<meta property=\"og:locale\" content=\"lv_LV\" \/>\n<meta property=\"og:type\" content=\"article\" \/>\n<meta property=\"og:title\" content=\"ATEX 2014\/34\/UE \u2013 urz\u0105dzenia pracuj\u0105ce w atmosferze potencjalnie wybuchowej - ICR POLSKA - badania i certyfikacja\" \/>\n<meta property=\"og:description\" content=\"Dyrektywa ATEX zawiera wymagania zasadnicze odno\u015bnie do wyrob\u00f3w przeznaczonych do pracy w atmosferze potencjalnie wybuchowej. Wyroby te s\u0105 podzielone na grupy: Grupa I &#8211; urz\u0105dzenia przeznaczone do pracy w podziemiach kopalnianych, oraz naziemnych cz\u0119\u015bciach kopal\u0144 zagro\u017conych wybuchem. Grupa II \u2013 urz\u0105dzenia og\u00f3lnego zastosowania. W grupie tej mog\u0105 wyst\u0119powa\u0107 3 kategorie urz\u0105dze\u0144: \u00a0obejmuje urz\u0105dzenia zaprojektowane tak,&hellip;&nbsp;Read More &raquo;ATEX 2014\/34\/UE \u2013 urz\u0105dzenia pracuj\u0105ce w atmosferze potencjalnie wybuchowej\" \/>\n<meta property=\"og:url\" content=\"https:\/\/icrpolska.com\/lv\/certyfikacja-wyrobow\/atex-2014-34-ue-urzadzenia-pracujace-w-atmosferze-potencjalnie-wybuchowej\/\" \/>\n<meta property=\"og:site_name\" content=\"ICR POLSKA - badania i certyfikacja\" \/>\n<meta property=\"article:modified_time\" content=\"2025-06-11T07:31:36+00:00\" \/>\n<meta name=\"twitter:card\" content=\"summary_large_image\" \/>\n<meta name=\"twitter:label1\" content=\"Est. reading time\" \/>\n\t<meta name=\"twitter:data1\" content=\"4 min\u016btes\" \/>\n<script type=\"application\/ld+json\" class=\"yoast-schema-graph\">{\"@context\":\"https:\\\/\\\/schema.org\",\"@graph\":[{\"@type\":\"WebPage\",\"@id\":\"https:\\\/\\\/icrpolska.com\\\/certyfikacja-wyrobow\\\/atex-2014-34-ue-urzadzenia-pracujace-w-atmosferze-potencjalnie-wybuchowej\\\/\",\"url\":\"https:\\\/\\\/icrpolska.com\\\/certyfikacja-wyrobow\\\/atex-2014-34-ue-urzadzenia-pracujace-w-atmosferze-potencjalnie-wybuchowej\\\/\",\"name\":\"ATEX 2014\\\/34\\\/UE \u2013 urz\u0105dzenia pracuj\u0105ce w atmosferze potencjalnie wybuchowej - ICR POLSKA - badania i certyfikacja\",\"isPartOf\":{\"@id\":\"https:\\\/\\\/icrpolska.com\\\/#website\"},\"primaryImageOfPage\":{\"@id\":\"https:\\\/\\\/icrpolska.com\\\/certyfikacja-wyrobow\\\/atex-2014-34-ue-urzadzenia-pracujace-w-atmosferze-potencjalnie-wybuchowej\\\/#primaryimage\"},\"image\":{\"@id\":\"https:\\\/\\\/icrpolska.com\\\/certyfikacja-wyrobow\\\/atex-2014-34-ue-urzadzenia-pracujace-w-atmosferze-potencjalnie-wybuchowej\\\/#primaryimage\"},\"thumbnailUrl\":\"\",\"datePublished\":\"2019-05-28T11:04:53+00:00\",\"dateModified\":\"2025-06-11T07:31:36+00:00\",\"breadcrumb\":{\"@id\":\"https:\\\/\\\/icrpolska.com\\\/certyfikacja-wyrobow\\\/atex-2014-34-ue-urzadzenia-pracujace-w-atmosferze-potencjalnie-wybuchowej\\\/#breadcrumb\"},\"inLanguage\":\"lv-LV\",\"potentialAction\":[{\"@type\":\"ReadAction\",\"target\":[\"https:\\\/\\\/icrpolska.com\\\/certyfikacja-wyrobow\\\/atex-2014-34-ue-urzadzenia-pracujace-w-atmosferze-potencjalnie-wybuchowej\\\/\"]}]},{\"@type\":\"ImageObject\",\"inLanguage\":\"lv-LV\",\"@id\":\"https:\\\/\\\/icrpolska.com\\\/certyfikacja-wyrobow\\\/atex-2014-34-ue-urzadzenia-pracujace-w-atmosferze-potencjalnie-wybuchowej\\\/#primaryimage\",\"url\":\"\",\"contentUrl\":\"\"},{\"@type\":\"BreadcrumbList\",\"@id\":\"https:\\\/\\\/icrpolska.com\\\/certyfikacja-wyrobow\\\/atex-2014-34-ue-urzadzenia-pracujace-w-atmosferze-potencjalnie-wybuchowej\\\/#breadcrumb\",\"itemListElement\":[{\"@type\":\"ListItem\",\"position\":1,\"name\":\"Strona g\u0142\u00f3wna\",\"item\":\"https:\\\/\\\/icrpolska.com\\\/\"},{\"@type\":\"ListItem\",\"position\":2,\"name\":\"Certyfikacja wyrob\u00f3w\",\"item\":\"https:\\\/\\\/icrpolska.com\\\/certyfikacja-wyrobow\\\/\"},{\"@type\":\"ListItem\",\"position\":3,\"name\":\"ATEX 2014\\\/34\\\/UE \u2013 urz\u0105dzenia pracuj\u0105ce w atmosferze potencjalnie wybuchowej\"}]},{\"@type\":\"WebSite\",\"@id\":\"https:\\\/\\\/icrpolska.com\\\/#website\",\"url\":\"https:\\\/\\\/icrpolska.com\\\/\",\"name\":\"ICR POLSKA - badania i certyfikacja\",\"description\":\"CE certification, CE certificate, ISO certificate, RED testing, product testing and certification, electrical product testing, medical device testing, ATEX, IECEx, FCC, product certification, EMC testing, machinery certification, CE machines, training, electronic product testing, testing 2014\\\/53\\\/EU, drone certification, ISO 13485 certificate, ISO 9001 certificate, NC RfG, CPR\",\"publisher\":{\"@id\":\"https:\\\/\\\/icrpolska.com\\\/#\\\/schema\\\/person\\\/8601820fc0521fc7bf75ae141134fbfd\"},\"potentialAction\":[{\"@type\":\"SearchAction\",\"target\":{\"@type\":\"EntryPoint\",\"urlTemplate\":\"https:\\\/\\\/icrpolska.com\\\/?s={search_term_string}\"},\"query-input\":{\"@type\":\"PropertyValueSpecification\",\"valueRequired\":true,\"valueName\":\"search_term_string\"}}],\"inLanguage\":\"lv-LV\"},{\"@type\":[\"Person\",\"Organization\"],\"@id\":\"https:\\\/\\\/icrpolska.com\\\/#\\\/schema\\\/person\\\/8601820fc0521fc7bf75ae141134fbfd\",\"name\":\"admin\",\"image\":{\"@type\":\"ImageObject\",\"inLanguage\":\"lv-LV\",\"@id\":\"https:\\\/\\\/icrpolska.com\\\/wp-content\\\/uploads\\\/2019\\\/05\\\/cropped-logo-icr.32f04ad5-1-1.png\",\"url\":\"https:\\\/\\\/icrpolska.com\\\/wp-content\\\/uploads\\\/2019\\\/05\\\/cropped-logo-icr.32f04ad5-1-1.png\",\"contentUrl\":\"https:\\\/\\\/icrpolska.com\\\/wp-content\\\/uploads\\\/2019\\\/05\\\/cropped-logo-icr.32f04ad5-1-1.png\",\"width\":400,\"height\":148,\"caption\":\"admin\"},\"logo\":{\"@id\":\"https:\\\/\\\/icrpolska.com\\\/wp-content\\\/uploads\\\/2019\\\/05\\\/cropped-logo-icr.32f04ad5-1-1.png\"}}]}<\/script>\n<!-- \/ Yoast SEO plugin. -->","yoast_head_json":{"title":"ATEX 2014\/34\/ES - iek\u0101rtas, kas darbojas spr\u0101dzienb\u012bstam\u0101 vid\u0113 - ICR POLIJA - test\u0113\u0161ana un sertifik\u0101cija","robots":{"index":"index","follow":"follow","max-snippet":"max-snippet:-1","max-image-preview":"max-image-preview:large","max-video-preview":"max-video-preview:-1"},"canonical":"https:\/\/icrpolska.com\/lv\/certyfikacja-wyrobow\/atex-2014-34-ue-urzadzenia-pracujace-w-atmosferze-potencjalnie-wybuchowej\/","og_locale":"lv_LV","og_type":"article","og_title":"ATEX 2014\/34\/UE \u2013 urz\u0105dzenia pracuj\u0105ce w atmosferze potencjalnie wybuchowej - ICR POLSKA - badania i certyfikacja","og_description":"Dyrektywa ATEX zawiera wymagania zasadnicze odno\u015bnie do wyrob\u00f3w przeznaczonych do pracy w atmosferze potencjalnie wybuchowej. Wyroby te s\u0105 podzielone na grupy: Grupa I &#8211; urz\u0105dzenia przeznaczone do pracy w podziemiach kopalnianych, oraz naziemnych cz\u0119\u015bciach kopal\u0144 zagro\u017conych wybuchem. Grupa II \u2013 urz\u0105dzenia og\u00f3lnego zastosowania. W grupie tej mog\u0105 wyst\u0119powa\u0107 3 kategorie urz\u0105dze\u0144: \u00a0obejmuje urz\u0105dzenia zaprojektowane tak,&hellip;&nbsp;Read More &raquo;ATEX 2014\/34\/UE \u2013 urz\u0105dzenia pracuj\u0105ce w atmosferze potencjalnie wybuchowej","og_url":"https:\/\/icrpolska.com\/lv\/certyfikacja-wyrobow\/atex-2014-34-ue-urzadzenia-pracujace-w-atmosferze-potencjalnie-wybuchowej\/","og_site_name":"ICR POLSKA - badania i certyfikacja","article_modified_time":"2025-06-11T07:31:36+00:00","twitter_card":"summary_large_image","twitter_misc":{"Est. reading time":"4 min\u016btes"},"schema":{"@context":"https:\/\/schema.org","@graph":[{"@type":"WebPage","@id":"https:\/\/icrpolska.com\/certyfikacja-wyrobow\/atex-2014-34-ue-urzadzenia-pracujace-w-atmosferze-potencjalnie-wybuchowej\/","url":"https:\/\/icrpolska.com\/certyfikacja-wyrobow\/atex-2014-34-ue-urzadzenia-pracujace-w-atmosferze-potencjalnie-wybuchowej\/","name":"ATEX 2014\/34\/ES - iek\u0101rtas, kas darbojas spr\u0101dzienb\u012bstam\u0101 vid\u0113 - ICR POLIJA - test\u0113\u0161ana un sertifik\u0101cija","isPartOf":{"@id":"https:\/\/icrpolska.com\/#website"},"primaryImageOfPage":{"@id":"https:\/\/icrpolska.com\/certyfikacja-wyrobow\/atex-2014-34-ue-urzadzenia-pracujace-w-atmosferze-potencjalnie-wybuchowej\/#primaryimage"},"image":{"@id":"https:\/\/icrpolska.com\/certyfikacja-wyrobow\/atex-2014-34-ue-urzadzenia-pracujace-w-atmosferze-potencjalnie-wybuchowej\/#primaryimage"},"thumbnailUrl":"","datePublished":"2019-05-28T11:04:53+00:00","dateModified":"2025-06-11T07:31:36+00:00","breadcrumb":{"@id":"https:\/\/icrpolska.com\/certyfikacja-wyrobow\/atex-2014-34-ue-urzadzenia-pracujace-w-atmosferze-potencjalnie-wybuchowej\/#breadcrumb"},"inLanguage":"lv-LV","potentialAction":[{"@type":"ReadAction","target":["https:\/\/icrpolska.com\/certyfikacja-wyrobow\/atex-2014-34-ue-urzadzenia-pracujace-w-atmosferze-potencjalnie-wybuchowej\/"]}]},{"@type":"ImageObject","inLanguage":"lv-LV","@id":"https:\/\/icrpolska.com\/certyfikacja-wyrobow\/atex-2014-34-ue-urzadzenia-pracujace-w-atmosferze-potencjalnie-wybuchowej\/#primaryimage","url":"","contentUrl":""},{"@type":"BreadcrumbList","@id":"https:\/\/icrpolska.com\/certyfikacja-wyrobow\/atex-2014-34-ue-urzadzenia-pracujace-w-atmosferze-potencjalnie-wybuchowej\/#breadcrumb","itemListElement":[{"@type":"ListItem","position":1,"name":"Strona g\u0142\u00f3wna","item":"https:\/\/icrpolska.com\/"},{"@type":"ListItem","position":2,"name":"Certyfikacja wyrob\u00f3w","item":"https:\/\/icrpolska.com\/certyfikacja-wyrobow\/"},{"@type":"ListItem","position":3,"name":"ATEX 2014\/34\/UE \u2013 urz\u0105dzenia pracuj\u0105ce w atmosferze potencjalnie wybuchowej"}]},{"@type":"WebSite","@id":"https:\/\/icrpolska.com\/#website","url":"https:\/\/icrpolska.com\/","name":"ICR POLIJA - test\u0113\u0161ana un sertifik\u0101cija","description":"CE sertifik\u0101cija, CE sertifik\u0101ts, ISO sertifik\u0101ts, RED test\u0113\u0161ana, produktu test\u0113\u0161ana un sertifik\u0101cija, elektrisko produktu test\u0113\u0161ana, medic\u012bnas ier\u012b\u010du test\u0113\u0161ana, ATEX, IECEx, FCC, produktu sertifik\u0101cija, EMC test\u0113\u0161ana, ma\u0161\u012bnu sertifik\u0101cija, CE iek\u0101rtas, apm\u0101c\u012bba, elektronisko produktu test\u0113\u0161ana, test\u0113\u0161ana 2014\/53\/ES, dronu sertifik\u0101cija, ISO 13485 sertifik\u0101ts, ISO 9001 sertifik\u0101ts, NC RfG, CPR","publisher":{"@id":"https:\/\/icrpolska.com\/#\/schema\/person\/8601820fc0521fc7bf75ae141134fbfd"},"potentialAction":[{"@type":"SearchAction","target":{"@type":"EntryPoint","urlTemplate":"https:\/\/icrpolska.com\/?s={search_term_string}"},"query-input":{"@type":"PropertyValueSpecification","valueRequired":true,"valueName":"search_term_string"}}],"inLanguage":"lv-LV"},{"@type":["Person","Organization"],"@id":"https:\/\/icrpolska.com\/#\/schema\/person\/8601820fc0521fc7bf75ae141134fbfd","name":"administrators","image":{"@type":"ImageObject","inLanguage":"lv-LV","@id":"https:\/\/icrpolska.com\/wp-content\/uploads\/2019\/05\/cropped-logo-icr.32f04ad5-1-1.png","url":"https:\/\/icrpolska.com\/wp-content\/uploads\/2019\/05\/cropped-logo-icr.32f04ad5-1-1.png","contentUrl":"https:\/\/icrpolska.com\/wp-content\/uploads\/2019\/05\/cropped-logo-icr.32f04ad5-1-1.png","width":400,"height":148,"caption":"admin"},"logo":{"@id":"https:\/\/icrpolska.com\/wp-content\/uploads\/2019\/05\/cropped-logo-icr.32f04ad5-1-1.png"}}]}},"_links":{"self":[{"href":"https:\/\/icrpolska.com\/lv\/wp-json\/wp\/v2\/pages\/2031","targetHints":{"allow":["GET"]}}],"collection":[{"href":"https:\/\/icrpolska.com\/lv\/wp-json\/wp\/v2\/pages"}],"about":[{"href":"https:\/\/icrpolska.com\/lv\/wp-json\/wp\/v2\/types\/page"}],"author":[{"embeddable":true,"href":"https:\/\/icrpolska.com\/lv\/wp-json\/wp\/v2\/users\/1"}],"replies":[{"embeddable":true,"href":"https:\/\/icrpolska.com\/lv\/wp-json\/wp\/v2\/comments?post=2031"}],"version-history":[{"count":13,"href":"https:\/\/icrpolska.com\/lv\/wp-json\/wp\/v2\/pages\/2031\/revisions"}],"predecessor-version":[{"id":17182,"href":"https:\/\/icrpolska.com\/lv\/wp-json\/wp\/v2\/pages\/2031\/revisions\/17182"}],"up":[{"embeddable":true,"href":"https:\/\/icrpolska.com\/lv\/wp-json\/wp\/v2\/pages\/211"}],"wp:featuredmedia":[{"embeddable":true,"href":"https:\/\/icrpolska.com\/lv\/wp-json\/"}],"wp:attachment":[{"href":"https:\/\/icrpolska.com\/lv\/wp-json\/wp\/v2\/media?parent=2031"}],"curies":[{"name":"wp","href":"https:\/\/api.w.org\/{rel}","templated":true}]}}