{"id":2039,"date":"2019-05-28T11:08:53","date_gmt":"2019-05-28T11:08:53","guid":{"rendered":"http:\/\/icrpolska.e-ksperci.pl\/?page_id=2039"},"modified":"2026-02-17T10:15:25","modified_gmt":"2026-02-17T09:15:25","slug":"certyfikacja-dobrowolna","status":"publish","type":"page","link":"https:\/\/icrpolska.com\/lv\/certyfikacja-wyrobow\/certyfikacja-dobrowolna\/","title":{"rendered":"Br\u012bvpr\u0101t\u012bga sertifik\u0101cija"},"content":{"rendered":"<p><span style=\"font-weight: 400;\">T\u0101 d\u0113v\u0113taj\u0101 jom\u0101 <\/span><b>br\u012bvpr\u0101t\u012bga sertifik\u0101cija<\/b><span style=\"font-weight: 400;\"> - kur\u0101 ra\u017eot\u0101js\/import\u0113t\u0101js, sertific\u0113jot ra\u017eojumu, ieg\u016bst papildu <\/span><b>atbilst\u012bbas apstiprin\u0101jums<\/b><span style=\"font-weight: 400;\"> kas ietverti t\u0101 atbilst\u012bbas deklar\u0101cij\u0101 - m\u0113s nov\u0113rt\u0113jam produkta atbilst\u012bbu ar to saist\u012bto standartu pras\u012bb\u0101m. M\u016bsu akredit\u0101cijas jom\u0101 ir \u0161\u0101di produkti:<\/span><\/p>\n<ul>\n<li style=\"font-weight: 400;\"><span style=\"font-weight: 400;\">elektriskais <\/span><b>medic\u012bnas ier\u012bces<\/b><span style=\"font-weight: 400;\"> 1. klases;<\/span><\/li>\n<li style=\"font-weight: 400;\"><b>galvaniskie elementi un baterijas<\/b><span style=\"font-weight: 400;\">;<\/span><\/li>\n<li style=\"font-weight: 400;\"><b>sadz\u012bves elektroier\u012bces<\/b><span style=\"font-weight: 400;\">: ieskaitot pl\u012btis un pl\u012btis, cepe\u0161kr\u0101snis, sald\u0113\u0161anas iek\u0101rtas, trauku mazg\u0101jam\u0101s ma\u0161\u012bnas, ve\u013casma\u0161\u012bnas un ve\u013cas \u017e\u0101v\u0113tavas, putek\u013cu s\u016bc\u0113jus un citas saus\u0101s un mitr\u0101s t\u012br\u012b\u0161anas iek\u0101rtas;<\/span><\/li>\n<li style=\"font-weight: 400;\"><span style=\"font-weight: 400;\">higi\u0113nas un person\u012bg\u0101s higi\u0113nas ier\u012bces;<\/span><\/li>\n<li style=\"font-weight: 400;\"><b>sild\u012bt\u0101ji<\/b><span style=\"font-weight: 400;\"> elektr\u012bbas un g\u0101zes;<\/span><\/li>\n<li style=\"font-weight: 400;\"><span style=\"font-weight: 400;\">ventilatori, ventilatori un gaisa kondicionieri; <\/span><\/li>\n<li style=\"font-weight: 400;\"><span style=\"font-weight: 400;\">pl\u012btis un <\/span><b>sald\u0113\u0161anas iek\u0101rtas<\/b><span style=\"font-weight: 400;\"> paredz\u0113ts mazumtirdzniec\u012bbai un \u0113din\u0101\u0161anai<\/span><\/li>\n<li style=\"font-weight: 400;\"><span style=\"font-weight: 400;\">elektriskie un elektroniskie m\u0113rinstrumenti;<\/span><\/li>\n<li style=\"font-weight: 400;\"><span style=\"font-weight: 400;\">rokas un portat\u012bvie elektroinstrumenti;<\/span><\/li>\n<li style=\"font-weight: 400;\"><span style=\"font-weight: 400;\">audio, video un audiovizu\u0101l\u0101s iek\u0101rtas, ier\u012bces. <\/span><b>inform\u0101cijas tehnolo\u0123ijas<\/b><span style=\"font-weight: 400;\">, biroja iek\u0101rtas un vad\u012bbas apar\u0101ti sadz\u012bves vajadz\u012bb\u0101m;<\/span><\/li>\n<li style=\"font-weight: 400;\"><span style=\"font-weight: 400;\">izplat\u012b\u0161anas autom\u0101ti un tirdzniec\u012bbas autom\u0101ti;<\/span><\/li>\n<li style=\"font-weight: 400;\"><span style=\"font-weight: 400;\">elektrisk\u0101s piedzi\u0146as un rot\u0113jo\u0161\u0101s ma\u0161\u012bnas: indukcijas, sinhronie un komut\u0101cijas motori; <\/span><b>taisngrie\u017ei, p\u0101rveidot\u0101ji<\/b><span style=\"font-weight: 400;\"> un stabiliz\u0113ti baro\u0161anas avoti, transformatori un drose\u013ci.<\/span><\/li>\n<li style=\"font-weight: 400;\"><span style=\"font-weight: 400;\">hidraulisk\u0101s un pneimatisk\u0101s piedzi\u0146as un vad\u012bbas ier\u012bces; bez\u0161\u0137embu apstr\u0101des iek\u0101rtas, piem\u0113ram, preses, iesmidzin\u0101\u0161anas ma\u0161\u012bnas; gumijas un plastmasas r\u016bpniec\u012bbas iek\u0101rtas un visi aizsardz\u012bbas l\u012bdzek\u013ci. <\/span><b>ma\u0161\u012bnu dro\u0161\u012bba<\/b>;<\/li>\n<li>un daudz ko citu...<\/li>\n<\/ul>\n<p><b>Vair\u0101k:<\/b><\/p>\n<p><img decoding=\"async\" class=\"wp-image-2679 alignnone\" src=\"http:\/\/icrpolska.com\/wp-content\/uploads\/2019\/06\/adobe.jpg\" alt=\"\" width=\"20\" height=\"21\" srcset=\"https:\/\/icrpolska.com\/wp-content\/uploads\/2019\/06\/adobe.jpg 218w, https:\/\/icrpolska.com\/wp-content\/uploads\/2019\/06\/adobe-150x150.jpg 150w\" sizes=\"(max-width: 20px) 100vw, 20px\" \/><a href=\"https:\/\/icrpolska.com\/wp-content\/uploads\/2026\/02\/PC-P-07-07_PL-EN_23.pdf\" target=\"_blank\" rel=\"noopener noreferrer\">\u00a0Br\u012bvpr\u0101t\u012bga produktu sertifik\u0101cijas programma<\/a><\/p>\n<p><a href=\"http:\/\/icrpolska.com\/wp-content\/uploads\/2019\/06\/Wniosek-o-certyfikacj\u0119-systemu.docx\"><img decoding=\"async\" class=\"alignnone wp-image-2678\" src=\"http:\/\/icrpolska.com\/wp-content\/uploads\/2019\/06\/word.jpg\" alt=\"\" width=\"20\" height=\"20\" srcset=\"https:\/\/icrpolska.com\/wp-content\/uploads\/2019\/06\/word.jpg 208w, https:\/\/icrpolska.com\/wp-content\/uploads\/2019\/06\/word-150x150.jpg 150w\" sizes=\"(max-width: 20px) 100vw, 20px\" \/><\/a><a href=\"https:\/\/icrpolska.com\/wp-content\/uploads\/2022\/10\/F-P-07-01_3.docx\" target=\"_blank\" rel=\"noopener noreferrer\"> Pieteikums_Pieteikums_Voluntary Certification<\/a><\/p>","protected":false},"excerpt":{"rendered":"<p>T\u0101 saukt\u0101s br\u012bvpr\u0101t\u012bg\u0101s sertifik\u0101cijas jom\u0101, kad ra\u017eot\u0101js\/import\u0113t\u0101js, kas sertific\u0113 produktu, ieg\u016bst papildu apstiprin\u0101jumu, ka tas atbilst atbilst\u012bbas deklar\u0101cij\u0101 ietvertaj\u0101m pras\u012bb\u0101m, m\u0113s nov\u0113rt\u0113jam produkta atbilst\u012bbu ar to saist\u012bto standartu pras\u012bb\u0101m. M\u016bsu akredit\u0101cijas darb\u012bbas jom\u0101 ir \u0161\u0101di ra\u017eojumi: 1. klases medic\u012bnas elektroier\u012bces; galvaniskie elementi un baterijas; sadz\u012bves elektroier\u012bces: m.in.....&nbsp;<a href=\"https:\/\/icrpolska.com\/lv\/certyfikacja-wyrobow\/certyfikacja-dobrowolna\/\" rel=\"bookmark\">Las\u012bt vair\u0101k \"<span class=\"screen-reader-text\">Br\u012bvpr\u0101t\u012bga sertifik\u0101cija<\/span><\/a><\/p>","protected":false},"author":1,"featured_media":1040,"parent":211,"menu_order":0,"comment_status":"closed","ping_status":"closed","template":"","meta":{"neve_meta_sidebar":"","neve_meta_container":"","neve_meta_enable_content_width":"off","neve_meta_content_width":70,"neve_meta_title_alignment":"","neve_meta_author_avatar":"","neve_post_elements_order":"","neve_meta_disable_header":"","neve_meta_disable_footer":"","neve_meta_disable_title":"","footnotes":""},"class_list":["post-2039","page","type-page","status-publish","has-post-thumbnail","hentry"],"yoast_head":"<!-- This site is optimized with the Yoast SEO plugin v27.3 - https:\/\/yoast.com\/product\/yoast-seo-wordpress\/ -->\n<title>Certyfikacja dobrowolna - ICR POLSKA - badania i certyfikacja<\/title>\n<meta name=\"robots\" content=\"index, follow, max-snippet:-1, max-image-preview:large, max-video-preview:-1\" \/>\n<link rel=\"canonical\" href=\"https:\/\/icrpolska.com\/lv\/certyfikacja-wyrobow\/certyfikacja-dobrowolna\/\" \/>\n<meta property=\"og:locale\" content=\"lv_LV\" \/>\n<meta property=\"og:type\" content=\"article\" \/>\n<meta property=\"og:title\" content=\"Certyfikacja dobrowolna - ICR POLSKA - badania i certyfikacja\" \/>\n<meta property=\"og:description\" content=\"W obszarze tak zwanej certyfikacji dobrowolnej \u2013 w kt\u00f3rej producent\/importer certyfikuj\u0105c wyr\u00f3b uzyskuje dodatkowe potwierdzenie spe\u0142nienia wymaga\u0144 zawartych przez niego w deklaracji zgodno\u015bci \u2013 oceniamy zgodno\u015b\u0107 wyrobu z wymaganiami odnosz\u0105cych si\u0119 do niego norm. W\u015br\u00f3d wyrob\u00f3w obj\u0119tych naszym zakresem akredytacji s\u0105 m.in.: elektryczne wyroby medyczne klasy 1; ogniwa galwaniczne i baterie; domowe urz\u0105dzenia elektryczne: m.in.&hellip;&nbsp;Read More &raquo;Certyfikacja dobrowolna\" \/>\n<meta property=\"og:url\" content=\"https:\/\/icrpolska.com\/lv\/certyfikacja-wyrobow\/certyfikacja-dobrowolna\/\" \/>\n<meta property=\"og:site_name\" content=\"ICR POLSKA - badania i certyfikacja\" \/>\n<meta property=\"article:modified_time\" content=\"2026-02-17T09:15:25+00:00\" \/>\n<meta name=\"twitter:card\" content=\"summary_large_image\" \/>\n<meta name=\"twitter:label1\" content=\"Est. reading time\" \/>\n\t<meta name=\"twitter:data1\" content=\"2 min\u016btes\" \/>\n<script type=\"application\/ld+json\" class=\"yoast-schema-graph\">{\"@context\":\"https:\\\/\\\/schema.org\",\"@graph\":[{\"@type\":\"WebPage\",\"@id\":\"https:\\\/\\\/icrpolska.com\\\/certyfikacja-wyrobow\\\/certyfikacja-dobrowolna\\\/\",\"url\":\"https:\\\/\\\/icrpolska.com\\\/certyfikacja-wyrobow\\\/certyfikacja-dobrowolna\\\/\",\"name\":\"Certyfikacja dobrowolna - ICR POLSKA - badania i certyfikacja\",\"isPartOf\":{\"@id\":\"https:\\\/\\\/icrpolska.com\\\/#website\"},\"primaryImageOfPage\":{\"@id\":\"https:\\\/\\\/icrpolska.com\\\/certyfikacja-wyrobow\\\/certyfikacja-dobrowolna\\\/#primaryimage\"},\"image\":{\"@id\":\"https:\\\/\\\/icrpolska.com\\\/certyfikacja-wyrobow\\\/certyfikacja-dobrowolna\\\/#primaryimage\"},\"thumbnailUrl\":\"\",\"datePublished\":\"2019-05-28T11:08:53+00:00\",\"dateModified\":\"2026-02-17T09:15:25+00:00\",\"breadcrumb\":{\"@id\":\"https:\\\/\\\/icrpolska.com\\\/certyfikacja-wyrobow\\\/certyfikacja-dobrowolna\\\/#breadcrumb\"},\"inLanguage\":\"lv-LV\",\"potentialAction\":[{\"@type\":\"ReadAction\",\"target\":[\"https:\\\/\\\/icrpolska.com\\\/certyfikacja-wyrobow\\\/certyfikacja-dobrowolna\\\/\"]}]},{\"@type\":\"ImageObject\",\"inLanguage\":\"lv-LV\",\"@id\":\"https:\\\/\\\/icrpolska.com\\\/certyfikacja-wyrobow\\\/certyfikacja-dobrowolna\\\/#primaryimage\",\"url\":\"\",\"contentUrl\":\"\"},{\"@type\":\"BreadcrumbList\",\"@id\":\"https:\\\/\\\/icrpolska.com\\\/certyfikacja-wyrobow\\\/certyfikacja-dobrowolna\\\/#breadcrumb\",\"itemListElement\":[{\"@type\":\"ListItem\",\"position\":1,\"name\":\"Strona g\u0142\u00f3wna\",\"item\":\"https:\\\/\\\/icrpolska.com\\\/\"},{\"@type\":\"ListItem\",\"position\":2,\"name\":\"Certyfikacja wyrob\u00f3w\",\"item\":\"https:\\\/\\\/icrpolska.com\\\/certyfikacja-wyrobow\\\/\"},{\"@type\":\"ListItem\",\"position\":3,\"name\":\"Certyfikacja dobrowolna\"}]},{\"@type\":\"WebSite\",\"@id\":\"https:\\\/\\\/icrpolska.com\\\/#website\",\"url\":\"https:\\\/\\\/icrpolska.com\\\/\",\"name\":\"ICR POLSKA - badania i certyfikacja\",\"description\":\"CE certification, CE certificate, ISO certificate, RED testing, product testing and certification, electrical product testing, medical device testing, ATEX, IECEx, FCC, product certification, EMC testing, machinery certification, CE machines, training, electronic product testing, testing 2014\\\/53\\\/EU, drone certification, ISO 13485 certificate, ISO 9001 certificate, NC RfG, CPR\",\"publisher\":{\"@id\":\"https:\\\/\\\/icrpolska.com\\\/#\\\/schema\\\/person\\\/8601820fc0521fc7bf75ae141134fbfd\"},\"potentialAction\":[{\"@type\":\"SearchAction\",\"target\":{\"@type\":\"EntryPoint\",\"urlTemplate\":\"https:\\\/\\\/icrpolska.com\\\/?s={search_term_string}\"},\"query-input\":{\"@type\":\"PropertyValueSpecification\",\"valueRequired\":true,\"valueName\":\"search_term_string\"}}],\"inLanguage\":\"lv-LV\"},{\"@type\":[\"Person\",\"Organization\"],\"@id\":\"https:\\\/\\\/icrpolska.com\\\/#\\\/schema\\\/person\\\/8601820fc0521fc7bf75ae141134fbfd\",\"name\":\"admin\",\"image\":{\"@type\":\"ImageObject\",\"inLanguage\":\"lv-LV\",\"@id\":\"https:\\\/\\\/icrpolska.com\\\/wp-content\\\/uploads\\\/2019\\\/05\\\/cropped-logo-icr.32f04ad5-1-1.png\",\"url\":\"https:\\\/\\\/icrpolska.com\\\/wp-content\\\/uploads\\\/2019\\\/05\\\/cropped-logo-icr.32f04ad5-1-1.png\",\"contentUrl\":\"https:\\\/\\\/icrpolska.com\\\/wp-content\\\/uploads\\\/2019\\\/05\\\/cropped-logo-icr.32f04ad5-1-1.png\",\"width\":400,\"height\":148,\"caption\":\"admin\"},\"logo\":{\"@id\":\"https:\\\/\\\/icrpolska.com\\\/wp-content\\\/uploads\\\/2019\\\/05\\\/cropped-logo-icr.32f04ad5-1-1.png\"}}]}<\/script>\n<!-- \/ Yoast SEO plugin. -->","yoast_head_json":{"title":"Br\u012bvpr\u0101t\u012bg\u0101 sertifik\u0101cija - ICR POLIJA - test\u0113\u0161ana un sertifik\u0101cija","robots":{"index":"index","follow":"follow","max-snippet":"max-snippet:-1","max-image-preview":"max-image-preview:large","max-video-preview":"max-video-preview:-1"},"canonical":"https:\/\/icrpolska.com\/lv\/certyfikacja-wyrobow\/certyfikacja-dobrowolna\/","og_locale":"lv_LV","og_type":"article","og_title":"Certyfikacja dobrowolna - ICR POLSKA - badania i certyfikacja","og_description":"W obszarze tak zwanej certyfikacji dobrowolnej \u2013 w kt\u00f3rej producent\/importer certyfikuj\u0105c wyr\u00f3b uzyskuje dodatkowe potwierdzenie spe\u0142nienia wymaga\u0144 zawartych przez niego w deklaracji zgodno\u015bci \u2013 oceniamy zgodno\u015b\u0107 wyrobu z wymaganiami odnosz\u0105cych si\u0119 do niego norm. W\u015br\u00f3d wyrob\u00f3w obj\u0119tych naszym zakresem akredytacji s\u0105 m.in.: elektryczne wyroby medyczne klasy 1; ogniwa galwaniczne i baterie; domowe urz\u0105dzenia elektryczne: m.in.&hellip;&nbsp;Read More &raquo;Certyfikacja dobrowolna","og_url":"https:\/\/icrpolska.com\/lv\/certyfikacja-wyrobow\/certyfikacja-dobrowolna\/","og_site_name":"ICR POLSKA - badania i certyfikacja","article_modified_time":"2026-02-17T09:15:25+00:00","twitter_card":"summary_large_image","twitter_misc":{"Est. reading time":"2 min\u016btes"},"schema":{"@context":"https:\/\/schema.org","@graph":[{"@type":"WebPage","@id":"https:\/\/icrpolska.com\/certyfikacja-wyrobow\/certyfikacja-dobrowolna\/","url":"https:\/\/icrpolska.com\/certyfikacja-wyrobow\/certyfikacja-dobrowolna\/","name":"Br\u012bvpr\u0101t\u012bg\u0101 sertifik\u0101cija - ICR POLIJA - test\u0113\u0161ana un sertifik\u0101cija","isPartOf":{"@id":"https:\/\/icrpolska.com\/#website"},"primaryImageOfPage":{"@id":"https:\/\/icrpolska.com\/certyfikacja-wyrobow\/certyfikacja-dobrowolna\/#primaryimage"},"image":{"@id":"https:\/\/icrpolska.com\/certyfikacja-wyrobow\/certyfikacja-dobrowolna\/#primaryimage"},"thumbnailUrl":"","datePublished":"2019-05-28T11:08:53+00:00","dateModified":"2026-02-17T09:15:25+00:00","breadcrumb":{"@id":"https:\/\/icrpolska.com\/certyfikacja-wyrobow\/certyfikacja-dobrowolna\/#breadcrumb"},"inLanguage":"lv-LV","potentialAction":[{"@type":"ReadAction","target":["https:\/\/icrpolska.com\/certyfikacja-wyrobow\/certyfikacja-dobrowolna\/"]}]},{"@type":"ImageObject","inLanguage":"lv-LV","@id":"https:\/\/icrpolska.com\/certyfikacja-wyrobow\/certyfikacja-dobrowolna\/#primaryimage","url":"","contentUrl":""},{"@type":"BreadcrumbList","@id":"https:\/\/icrpolska.com\/certyfikacja-wyrobow\/certyfikacja-dobrowolna\/#breadcrumb","itemListElement":[{"@type":"ListItem","position":1,"name":"Strona g\u0142\u00f3wna","item":"https:\/\/icrpolska.com\/"},{"@type":"ListItem","position":2,"name":"Certyfikacja wyrob\u00f3w","item":"https:\/\/icrpolska.com\/certyfikacja-wyrobow\/"},{"@type":"ListItem","position":3,"name":"Certyfikacja dobrowolna"}]},{"@type":"WebSite","@id":"https:\/\/icrpolska.com\/#website","url":"https:\/\/icrpolska.com\/","name":"ICR POLIJA - test\u0113\u0161ana un sertifik\u0101cija","description":"CE sertifik\u0101cija, CE sertifik\u0101ts, ISO sertifik\u0101ts, RED test\u0113\u0161ana, produktu test\u0113\u0161ana un sertifik\u0101cija, elektrisko produktu test\u0113\u0161ana, medic\u012bnas ier\u012b\u010du test\u0113\u0161ana, ATEX, IECEx, FCC, produktu sertifik\u0101cija, EMC test\u0113\u0161ana, ma\u0161\u012bnu sertifik\u0101cija, CE iek\u0101rtas, apm\u0101c\u012bba, elektronisko produktu test\u0113\u0161ana, test\u0113\u0161ana 2014\/53\/ES, dronu sertifik\u0101cija, ISO 13485 sertifik\u0101ts, ISO 9001 sertifik\u0101ts, NC RfG, CPR","publisher":{"@id":"https:\/\/icrpolska.com\/#\/schema\/person\/8601820fc0521fc7bf75ae141134fbfd"},"potentialAction":[{"@type":"SearchAction","target":{"@type":"EntryPoint","urlTemplate":"https:\/\/icrpolska.com\/?s={search_term_string}"},"query-input":{"@type":"PropertyValueSpecification","valueRequired":true,"valueName":"search_term_string"}}],"inLanguage":"lv-LV"},{"@type":["Person","Organization"],"@id":"https:\/\/icrpolska.com\/#\/schema\/person\/8601820fc0521fc7bf75ae141134fbfd","name":"administrators","image":{"@type":"ImageObject","inLanguage":"lv-LV","@id":"https:\/\/icrpolska.com\/wp-content\/uploads\/2019\/05\/cropped-logo-icr.32f04ad5-1-1.png","url":"https:\/\/icrpolska.com\/wp-content\/uploads\/2019\/05\/cropped-logo-icr.32f04ad5-1-1.png","contentUrl":"https:\/\/icrpolska.com\/wp-content\/uploads\/2019\/05\/cropped-logo-icr.32f04ad5-1-1.png","width":400,"height":148,"caption":"admin"},"logo":{"@id":"https:\/\/icrpolska.com\/wp-content\/uploads\/2019\/05\/cropped-logo-icr.32f04ad5-1-1.png"}}]}},"_links":{"self":[{"href":"https:\/\/icrpolska.com\/lv\/wp-json\/wp\/v2\/pages\/2039","targetHints":{"allow":["GET"]}}],"collection":[{"href":"https:\/\/icrpolska.com\/lv\/wp-json\/wp\/v2\/pages"}],"about":[{"href":"https:\/\/icrpolska.com\/lv\/wp-json\/wp\/v2\/types\/page"}],"author":[{"embeddable":true,"href":"https:\/\/icrpolska.com\/lv\/wp-json\/wp\/v2\/users\/1"}],"replies":[{"embeddable":true,"href":"https:\/\/icrpolska.com\/lv\/wp-json\/wp\/v2\/comments?post=2039"}],"version-history":[{"count":9,"href":"https:\/\/icrpolska.com\/lv\/wp-json\/wp\/v2\/pages\/2039\/revisions"}],"predecessor-version":[{"id":17402,"href":"https:\/\/icrpolska.com\/lv\/wp-json\/wp\/v2\/pages\/2039\/revisions\/17402"}],"up":[{"embeddable":true,"href":"https:\/\/icrpolska.com\/lv\/wp-json\/wp\/v2\/pages\/211"}],"wp:featuredmedia":[{"embeddable":true,"href":"https:\/\/icrpolska.com\/lv\/wp-json\/"}],"wp:attachment":[{"href":"https:\/\/icrpolska.com\/lv\/wp-json\/wp\/v2\/media?parent=2039"}],"curies":[{"name":"wp","href":"https:\/\/api.w.org\/{rel}","templated":true}]}}