{"id":2428,"date":"2019-06-03T12:35:18","date_gmt":"2019-06-03T10:35:18","guid":{"rendered":"http:\/\/nowa.icrpolska.com\/?page_id=2428"},"modified":"2025-12-16T08:40:48","modified_gmt":"2025-12-16T07:40:48","slug":"fcc","status":"publish","type":"page","link":"https:\/\/icrpolska.com\/lv\/fcc\/","title":{"rendered":"FCC \/ ISED \/ UL \/ CSA"},"content":{"rendered":"<p><img decoding=\"async\" class=\"alignleft wp-image-2682\" src=\"http:\/\/icrpolska.com\/wp-content\/uploads\/2019\/06\/FCC_New_Logo-300x252.png\" alt=\"FCC - Feder\u0101l\u0101 sakaru komisija\" width=\"150\" height=\"126\" srcset=\"https:\/\/icrpolska.com\/wp-content\/uploads\/2019\/06\/FCC_New_Logo-300x252.png 300w, https:\/\/icrpolska.com\/wp-content\/uploads\/2019\/06\/FCC_New_Logo-768x645.png 768w, https:\/\/icrpolska.com\/wp-content\/uploads\/2019\/06\/FCC_New_Logo-1024x860.png 1024w, https:\/\/icrpolska.com\/wp-content\/uploads\/2019\/06\/FCC_New_Logo.png 1200w\" sizes=\"(max-width: 150px) 100vw, 150px\" \/><\/p>\n<p><strong>FCC<\/strong>\u00a0\u2013 Feder\u0101l\u0101 komunik\u0101ciju komisija \u2013 nodarbojas ar komunik\u0101ciju iek\u0101rtu, piem\u0113ram, radio, telev\u012bzijas, bezvadu t\u012bkla iek\u0101rtu, satel\u012btu komunik\u0101ciju iek\u0101rtu, at\u013cau\u0161anu lieto\u0161anai ASV teritorij\u0101. .<\/p>\n<p>FCC ir izstr\u0101d\u0101jusi krit\u0113rijus, p\u0113c kuriem nosaka, vai FCC var mar\u0137\u0113t produktu un re\u0123istr\u0113t to k\u0101 at\u013cautu produktu.<\/p>\n<p>Visas radioiek\u0101rtas ir iedal\u012btas \u0161\u0101d\u0101s grup\u0101s:<\/p>\n<p>A: Nelicenc\u0113tas radioiek\u0101rtas, tostarp<\/p>\n<p>A1: Mazjaudas raid\u012bt\u0101ji, kas darbojas frekvenc\u0113s, kas zem\u0101kas par 1 GHz (iz\u0146emot izklied\u0113t\u0101 spektra ier\u012bces), signaliz\u0101cijas sist\u0113mas, net\u012b\u0161i raido\u0161as radiofrekvences (piem\u0113ram, person\u0101lie datori un ar tiem saist\u012bt\u0101s perif\u0113rijas ier\u012bces un TV saskarnes iek\u0101rtas) un pat\u0113r\u0113t\u0101ju ISM iek\u0101rtas, uz kur\u0101m attiecas sertifik\u0101cija (piem\u0113ram, mikrovi\u013c\u0146u kr\u0101snis, RF apgaismojums un citas pat\u0113r\u0113t\u0101ju ISM iek\u0101rtas).<\/p>\n<p>A2: Mazas jaudas raid\u012bt\u0101ji, kas darbojas frekvenc\u0113s virs 1 GHz, iz\u0146emot izklied\u0113t\u0101 spektra ier\u012bces.<\/p>\n<p>A4: Nelicenc\u0113tas valsts inform\u0101cijas infrastrukt\u016bras (UNII) iek\u0101rtas un mazjaudas raid\u012bt\u0101ji, kas izmanto izklied\u0113t\u0101 spektra metodes.<\/p>\n<p>B: Licenc\u0113tas radioiek\u0101rtas.<\/p>\n<p>B1: komerci\u0101lie mobilie pakalpojumi, kas min\u0113ti 47 CFR 20., 22. (mobilie), 24., 25. un 27. da\u013c\u0101.<\/p>\n<p>B2: Visp\u0101r\u0113jie mobilie radiosakaru pakalpojumi, kas min\u0113ti 47 CFR 22. (bez \u0161\u016bnu), 73., 74., 90., 95. un 97. da\u013c\u0101.<\/p>\n<p>ICR Polska, izmantojot ICR laboratoriju, nodro\u0161ina p\u0113t\u012bjumu veik\u0161anu un sertifik\u0101ciju, kas nosl\u0113dzas ar sertifik\u0101ta sa\u0146em\u0161anu. <strong>FCC dot\u0101cija<\/strong> produktiem, kas nepiecie\u0161ams, lai tos laistu ASV tirg\u016b.<\/p>\n<p>M\u0113s ar\u012b sniedzam atbalstu ra\u017eot\u0101jiem FCC re\u0123istr\u0101cijas laik\u0101.<\/p>\n<hr \/>\n<p><img decoding=\"async\" class=\"wp-image-9514 alignleft\" src=\"https:\/\/icrpolska.com\/wp-content\/uploads\/2023\/04\/ca-flag-300x162.jpg\" alt=\"\" width=\"285\" height=\"154\" srcset=\"https:\/\/icrpolska.com\/wp-content\/uploads\/2023\/04\/ca-flag-300x162.jpg 300w, https:\/\/icrpolska.com\/wp-content\/uploads\/2023\/04\/ca-flag-1024x554.jpg 1024w, https:\/\/icrpolska.com\/wp-content\/uploads\/2023\/04\/ca-flag-768x415.jpg 768w, https:\/\/icrpolska.com\/wp-content\/uploads\/2023\/04\/ca-flag-1536x830.jpg 1536w, https:\/\/icrpolska.com\/wp-content\/uploads\/2023\/04\/ca-flag-2048x1107.jpg 2048w, https:\/\/icrpolska.com\/wp-content\/uploads\/2023\/04\/ca-flag-18x10.jpg 18w\" sizes=\"(max-width: 285px) 100vw, 285px\" \/><\/p>\n<p><strong>ISED<\/strong>\u00a0- Kan\u0101das Inov\u0101ciju, zin\u0101tnes un ekonomisk\u0101s att\u012bst\u012bbas direktor\u0101ts (DRS) izstr\u0101d\u0101 tehniskos standartus, noteikumus un proced\u016bras attiec\u012bb\u0101 uz Kan\u0101d\u0101 izmantotaj\u0101m radioiek\u0101rt\u0101m, termin\u0101la iek\u0101rt\u0101m un cit\u0101m trauc\u0113jumus rado\u0161\u0101m iek\u0101rt\u0101m.<\/p>\n<p>ICR Polija ar ICR laboratorijas starpniec\u012bbu nodro\u0161ina test\u0113\u0161anu un turpm\u0101ko sertifik\u0101ciju:<\/p>\n<p>\u2013 radioiek\u0101rtas saska\u0146\u0101 ar RSS-xxx specifik\u0101cij\u0101m<\/p>\n<p>\u2013 iek\u0101rtas, kas rada trauc\u0113jumus saska\u0146\u0101 ar ICES-xxx specifik\u0101cij\u0101m<\/p>\n<p>ar m\u0113r\u0137i tos mar\u0137\u0113t <strong>IC<\/strong>.<\/p>\n<p>M\u0113s pied\u0101v\u0101jam ar\u012b elektronisko izstr\u0101d\u0101jumu, r\u016bpniecisko ma\u0161\u012bnu un pretuzliesmojo\u0161o izstr\u0101d\u0101jumu dro\u0161\u012bbas p\u0101rbaudes atbilsto\u0161i pras\u012bb\u0101m. <strong>UL<\/strong> (ASV) un <strong>CSA<\/strong> (Kan\u0101da) kop\u0101 ar ra\u017eot\u0101ju rev\u012bzij\u0101m.<\/p>\n<p>Lai ieg\u016btu vair\u0101k inform\u0101cijas, sazinieties ar <a href=\"call: +48 22 115 70 62\">t\u0101lrunis<\/a> vai <a href=\"mailto: icrpolska@icrpolska.com\">e-pastu<\/a>.<\/p>","protected":false},"excerpt":{"rendered":"<p>FCC (Federal Communications Commission) nodarbojas ar t\u0101du sakaru iek\u0101rtu k\u0101 radio, telev\u012bzija, bezvadu t\u012bkla iek\u0101rtas un satel\u012btsakaru iek\u0101rtas at\u013cau\u0161anu lieto\u0161anai ASV teritorij\u0101. FCC ir izstr\u0101d\u0101jusi krit\u0113rijus, kas nosaka iesp\u0113ju mar\u0137\u0113t produktu ar FCC z\u012bmi un re\u0123istr\u0113t to k\u0101 produktu, kas at\u013cauts tirdzniec\u012bb\u0101. Visas radioiek\u0101rtas ir iedal\u012btas \u0161\u0101d\u0101s grup\u0101s: A: Nelicenc\u0113tas radioiek\u0101rtas, tostarp...&nbsp;<a href=\"https:\/\/icrpolska.com\/lv\/fcc\/\" rel=\"bookmark\">Las\u012bt vair\u0101k \"<span class=\"screen-reader-text\">FCC \/ ISED \/ UL \/ CSA<\/span><\/a><\/p>","protected":false},"author":1,"featured_media":0,"parent":0,"menu_order":0,"comment_status":"closed","ping_status":"closed","template":"","meta":{"neve_meta_sidebar":"","neve_meta_container":"","neve_meta_enable_content_width":"off","neve_meta_content_width":70,"neve_meta_title_alignment":"","neve_meta_author_avatar":"","neve_post_elements_order":"","neve_meta_disable_header":"","neve_meta_disable_footer":"","neve_meta_disable_title":"","footnotes":""},"class_list":["post-2428","page","type-page","status-publish","hentry"],"yoast_head":"<!-- This site is optimized with the Yoast SEO plugin v27.3 - https:\/\/yoast.com\/product\/yoast-seo-wordpress\/ -->\n<title>FCC \/ ISED \/ UL \/ CSA - ICR POLSKA - badania i certyfikacja<\/title>\n<meta name=\"robots\" content=\"index, follow, max-snippet:-1, max-image-preview:large, max-video-preview:-1\" \/>\n<link rel=\"canonical\" href=\"https:\/\/icrpolska.com\/lv\/fcc\/\" \/>\n<meta property=\"og:locale\" content=\"lv_LV\" \/>\n<meta property=\"og:type\" content=\"article\" \/>\n<meta property=\"og:title\" content=\"FCC \/ ISED \/ UL \/ CSA - ICR POLSKA - badania i certyfikacja\" \/>\n<meta property=\"og:description\" content=\"FCC\u00a0\u2013 Federal Communications Commission \u2013 zajmuje si\u0119 dopuszczaniem urz\u0105dze\u0144 komunikacyjnych takich jak radio, telewizja, urz\u0105dzenie sieci bezprzewodowej, urz\u0105dzenia komunikacji satelitarnej do u\u017cytkowania na terenie U.S. . FCC stworzy\u0142a kryteria, kt\u00f3re warunkuj\u0105 mo\u017cliwo\u015b\u0107 oznakowania wyrobu FCC i rejestracji jako wyrobu dopuszczonego do obrotu. Wszystkie urz\u0105dzenie radiowe podzielono na nast\u0119puj\u0105ce grupy: A: Nielicencjonowane urz\u0105dzenia radiowe, w tym&hellip;&nbsp;Read More &raquo;FCC \/ ISED \/ UL \/ CSA\" \/>\n<meta property=\"og:url\" content=\"https:\/\/icrpolska.com\/lv\/fcc\/\" \/>\n<meta property=\"og:site_name\" content=\"ICR POLSKA - badania i certyfikacja\" \/>\n<meta property=\"article:modified_time\" content=\"2025-12-16T07:40:48+00:00\" \/>\n<meta property=\"og:image\" content=\"https:\/\/icrpolska.com\/wp-content\/uploads\/2019\/06\/FCC_New_Logo.png\" \/>\n\t<meta property=\"og:image:width\" content=\"1200\" \/>\n\t<meta property=\"og:image:height\" content=\"1008\" \/>\n\t<meta property=\"og:image:type\" content=\"image\/png\" \/>\n<meta name=\"twitter:card\" content=\"summary_large_image\" \/>\n<meta name=\"twitter:label1\" content=\"Est. reading time\" \/>\n\t<meta name=\"twitter:data1\" content=\"3 min\u016btes\" \/>\n<script type=\"application\/ld+json\" class=\"yoast-schema-graph\">{\"@context\":\"https:\\\/\\\/schema.org\",\"@graph\":[{\"@type\":\"WebPage\",\"@id\":\"https:\\\/\\\/icrpolska.com\\\/fcc\\\/\",\"url\":\"https:\\\/\\\/icrpolska.com\\\/fcc\\\/\",\"name\":\"FCC \\\/ ISED \\\/ UL \\\/ CSA - ICR POLSKA - badania i certyfikacja\",\"isPartOf\":{\"@id\":\"https:\\\/\\\/icrpolska.com\\\/#website\"},\"primaryImageOfPage\":{\"@id\":\"https:\\\/\\\/icrpolska.com\\\/fcc\\\/#primaryimage\"},\"image\":{\"@id\":\"https:\\\/\\\/icrpolska.com\\\/fcc\\\/#primaryimage\"},\"thumbnailUrl\":\"http:\\\/\\\/icrpolska.com\\\/wp-content\\\/uploads\\\/2019\\\/06\\\/FCC_New_Logo-300x252.png\",\"datePublished\":\"2019-06-03T10:35:18+00:00\",\"dateModified\":\"2025-12-16T07:40:48+00:00\",\"breadcrumb\":{\"@id\":\"https:\\\/\\\/icrpolska.com\\\/fcc\\\/#breadcrumb\"},\"inLanguage\":\"lv-LV\",\"potentialAction\":[{\"@type\":\"ReadAction\",\"target\":[\"https:\\\/\\\/icrpolska.com\\\/fcc\\\/\"]}]},{\"@type\":\"ImageObject\",\"inLanguage\":\"lv-LV\",\"@id\":\"https:\\\/\\\/icrpolska.com\\\/fcc\\\/#primaryimage\",\"url\":\"http:\\\/\\\/icrpolska.com\\\/wp-content\\\/uploads\\\/2019\\\/06\\\/FCC_New_Logo-300x252.png\",\"contentUrl\":\"http:\\\/\\\/icrpolska.com\\\/wp-content\\\/uploads\\\/2019\\\/06\\\/FCC_New_Logo-300x252.png\"},{\"@type\":\"BreadcrumbList\",\"@id\":\"https:\\\/\\\/icrpolska.com\\\/fcc\\\/#breadcrumb\",\"itemListElement\":[{\"@type\":\"ListItem\",\"position\":1,\"name\":\"Strona g\u0142\u00f3wna\",\"item\":\"https:\\\/\\\/icrpolska.com\\\/\"},{\"@type\":\"ListItem\",\"position\":2,\"name\":\"FCC \\\/ ISED \\\/ UL \\\/ CSA\"}]},{\"@type\":\"WebSite\",\"@id\":\"https:\\\/\\\/icrpolska.com\\\/#website\",\"url\":\"https:\\\/\\\/icrpolska.com\\\/\",\"name\":\"ICR POLSKA - badania i certyfikacja\",\"description\":\"CE certification, CE certificate, ISO certificate, RED testing, product testing and certification, electrical product testing, medical device testing, ATEX, IECEx, FCC, product certification, EMC testing, machinery certification, CE machines, training, electronic product testing, testing 2014\\\/53\\\/EU, drone certification, ISO 13485 certificate, ISO 9001 certificate, NC RfG, CPR\",\"publisher\":{\"@id\":\"https:\\\/\\\/icrpolska.com\\\/#\\\/schema\\\/person\\\/8601820fc0521fc7bf75ae141134fbfd\"},\"potentialAction\":[{\"@type\":\"SearchAction\",\"target\":{\"@type\":\"EntryPoint\",\"urlTemplate\":\"https:\\\/\\\/icrpolska.com\\\/?s={search_term_string}\"},\"query-input\":{\"@type\":\"PropertyValueSpecification\",\"valueRequired\":true,\"valueName\":\"search_term_string\"}}],\"inLanguage\":\"lv-LV\"},{\"@type\":[\"Person\",\"Organization\"],\"@id\":\"https:\\\/\\\/icrpolska.com\\\/#\\\/schema\\\/person\\\/8601820fc0521fc7bf75ae141134fbfd\",\"name\":\"admin\",\"image\":{\"@type\":\"ImageObject\",\"inLanguage\":\"lv-LV\",\"@id\":\"https:\\\/\\\/icrpolska.com\\\/wp-content\\\/uploads\\\/2019\\\/05\\\/cropped-logo-icr.32f04ad5-1-1.png\",\"url\":\"https:\\\/\\\/icrpolska.com\\\/wp-content\\\/uploads\\\/2019\\\/05\\\/cropped-logo-icr.32f04ad5-1-1.png\",\"contentUrl\":\"https:\\\/\\\/icrpolska.com\\\/wp-content\\\/uploads\\\/2019\\\/05\\\/cropped-logo-icr.32f04ad5-1-1.png\",\"width\":400,\"height\":148,\"caption\":\"admin\"},\"logo\":{\"@id\":\"https:\\\/\\\/icrpolska.com\\\/wp-content\\\/uploads\\\/2019\\\/05\\\/cropped-logo-icr.32f04ad5-1-1.png\"}}]}<\/script>\n<!-- \/ Yoast SEO plugin. -->","yoast_head_json":{"title":"FCC \/ ISED \/ UL \/ CSA \u2013 ICR POLSKA \u2013 p\u0113t\u012bjumi un sertifik\u0101cija","robots":{"index":"index","follow":"follow","max-snippet":"max-snippet:-1","max-image-preview":"max-image-preview:large","max-video-preview":"max-video-preview:-1"},"canonical":"https:\/\/icrpolska.com\/lv\/fcc\/","og_locale":"lv_LV","og_type":"article","og_title":"FCC \/ ISED \/ UL \/ CSA - ICR POLSKA - badania i certyfikacja","og_description":"FCC\u00a0\u2013 Federal Communications Commission \u2013 zajmuje si\u0119 dopuszczaniem urz\u0105dze\u0144 komunikacyjnych takich jak radio, telewizja, urz\u0105dzenie sieci bezprzewodowej, urz\u0105dzenia komunikacji satelitarnej do u\u017cytkowania na terenie U.S. . FCC stworzy\u0142a kryteria, kt\u00f3re warunkuj\u0105 mo\u017cliwo\u015b\u0107 oznakowania wyrobu FCC i rejestracji jako wyrobu dopuszczonego do obrotu. Wszystkie urz\u0105dzenie radiowe podzielono na nast\u0119puj\u0105ce grupy: A: Nielicencjonowane urz\u0105dzenia radiowe, w tym&hellip;&nbsp;Read More &raquo;FCC \/ ISED \/ UL \/ CSA","og_url":"https:\/\/icrpolska.com\/lv\/fcc\/","og_site_name":"ICR POLSKA - badania i certyfikacja","article_modified_time":"2025-12-16T07:40:48+00:00","og_image":[{"width":1200,"height":1008,"url":"https:\/\/icrpolska.com\/wp-content\/uploads\/2019\/06\/FCC_New_Logo.png","type":"image\/png"}],"twitter_card":"summary_large_image","twitter_misc":{"Est. reading time":"3 min\u016btes"},"schema":{"@context":"https:\/\/schema.org","@graph":[{"@type":"WebPage","@id":"https:\/\/icrpolska.com\/fcc\/","url":"https:\/\/icrpolska.com\/fcc\/","name":"FCC \/ ISED \/ UL \/ CSA \u2013 ICR POLSKA \u2013 p\u0113t\u012bjumi un sertifik\u0101cija","isPartOf":{"@id":"https:\/\/icrpolska.com\/#website"},"primaryImageOfPage":{"@id":"https:\/\/icrpolska.com\/fcc\/#primaryimage"},"image":{"@id":"https:\/\/icrpolska.com\/fcc\/#primaryimage"},"thumbnailUrl":"http:\/\/icrpolska.com\/wp-content\/uploads\/2019\/06\/FCC_New_Logo-300x252.png","datePublished":"2019-06-03T10:35:18+00:00","dateModified":"2025-12-16T07:40:48+00:00","breadcrumb":{"@id":"https:\/\/icrpolska.com\/fcc\/#breadcrumb"},"inLanguage":"lv-LV","potentialAction":[{"@type":"ReadAction","target":["https:\/\/icrpolska.com\/fcc\/"]}]},{"@type":"ImageObject","inLanguage":"lv-LV","@id":"https:\/\/icrpolska.com\/fcc\/#primaryimage","url":"http:\/\/icrpolska.com\/wp-content\/uploads\/2019\/06\/FCC_New_Logo-300x252.png","contentUrl":"http:\/\/icrpolska.com\/wp-content\/uploads\/2019\/06\/FCC_New_Logo-300x252.png"},{"@type":"BreadcrumbList","@id":"https:\/\/icrpolska.com\/fcc\/#breadcrumb","itemListElement":[{"@type":"ListItem","position":1,"name":"Strona g\u0142\u00f3wna","item":"https:\/\/icrpolska.com\/"},{"@type":"ListItem","position":2,"name":"FCC \/ ISED \/ UL \/ CSA"}]},{"@type":"WebSite","@id":"https:\/\/icrpolska.com\/#website","url":"https:\/\/icrpolska.com\/","name":"ICR POLIJA - test\u0113\u0161ana un sertifik\u0101cija","description":"CE sertifik\u0101cija, CE sertifik\u0101ts, ISO sertifik\u0101ts, RED test\u0113\u0161ana, produktu test\u0113\u0161ana un sertifik\u0101cija, elektrisko produktu test\u0113\u0161ana, medic\u012bnas ier\u012b\u010du test\u0113\u0161ana, ATEX, IECEx, FCC, produktu sertifik\u0101cija, EMC test\u0113\u0161ana, ma\u0161\u012bnu sertifik\u0101cija, CE iek\u0101rtas, apm\u0101c\u012bba, elektronisko produktu test\u0113\u0161ana, test\u0113\u0161ana 2014\/53\/ES, dronu sertifik\u0101cija, ISO 13485 sertifik\u0101ts, ISO 9001 sertifik\u0101ts, NC RfG, CPR","publisher":{"@id":"https:\/\/icrpolska.com\/#\/schema\/person\/8601820fc0521fc7bf75ae141134fbfd"},"potentialAction":[{"@type":"SearchAction","target":{"@type":"EntryPoint","urlTemplate":"https:\/\/icrpolska.com\/?s={search_term_string}"},"query-input":{"@type":"PropertyValueSpecification","valueRequired":true,"valueName":"search_term_string"}}],"inLanguage":"lv-LV"},{"@type":["Person","Organization"],"@id":"https:\/\/icrpolska.com\/#\/schema\/person\/8601820fc0521fc7bf75ae141134fbfd","name":"administrators","image":{"@type":"ImageObject","inLanguage":"lv-LV","@id":"https:\/\/icrpolska.com\/wp-content\/uploads\/2019\/05\/cropped-logo-icr.32f04ad5-1-1.png","url":"https:\/\/icrpolska.com\/wp-content\/uploads\/2019\/05\/cropped-logo-icr.32f04ad5-1-1.png","contentUrl":"https:\/\/icrpolska.com\/wp-content\/uploads\/2019\/05\/cropped-logo-icr.32f04ad5-1-1.png","width":400,"height":148,"caption":"admin"},"logo":{"@id":"https:\/\/icrpolska.com\/wp-content\/uploads\/2019\/05\/cropped-logo-icr.32f04ad5-1-1.png"}}]}},"_links":{"self":[{"href":"https:\/\/icrpolska.com\/lv\/wp-json\/wp\/v2\/pages\/2428","targetHints":{"allow":["GET"]}}],"collection":[{"href":"https:\/\/icrpolska.com\/lv\/wp-json\/wp\/v2\/pages"}],"about":[{"href":"https:\/\/icrpolska.com\/lv\/wp-json\/wp\/v2\/types\/page"}],"author":[{"embeddable":true,"href":"https:\/\/icrpolska.com\/lv\/wp-json\/wp\/v2\/users\/1"}],"replies":[{"embeddable":true,"href":"https:\/\/icrpolska.com\/lv\/wp-json\/wp\/v2\/comments?post=2428"}],"version-history":[{"count":17,"href":"https:\/\/icrpolska.com\/lv\/wp-json\/wp\/v2\/pages\/2428\/revisions"}],"predecessor-version":[{"id":17339,"href":"https:\/\/icrpolska.com\/lv\/wp-json\/wp\/v2\/pages\/2428\/revisions\/17339"}],"wp:attachment":[{"href":"https:\/\/icrpolska.com\/lv\/wp-json\/wp\/v2\/media?parent=2428"}],"curies":[{"name":"wp","href":"https:\/\/api.w.org\/{rel}","templated":true}]}}