{"id":3437,"date":"2019-09-03T13:20:11","date_gmt":"2019-09-03T11:20:11","guid":{"rendered":"http:\/\/icrpolska.com\/?page_id=3437"},"modified":"2025-11-18T07:47:22","modified_gmt":"2025-11-18T06:47:22","slug":"energystar","status":"publish","type":"page","link":"https:\/\/icrpolska.com\/lv\/energystar\/","title":{"rendered":"EnergyStar"},"content":{"rendered":"<p>&nbsp;<\/p>\n<p>ICR Poland ir p\u0101rtraucis sniegt pakalpojumus \u0161aj\u0101 jom\u0101.<\/p>","protected":false},"excerpt":{"rendered":"<p>&nbsp; ICR Poland ir p\u0101rtraucis sniegt pakalpojumus \u0161aj\u0101 jom\u0101.<\/p>","protected":false},"author":2,"featured_media":0,"parent":0,"menu_order":0,"comment_status":"closed","ping_status":"closed","template":"","meta":{"neve_meta_sidebar":"","neve_meta_container":"","neve_meta_enable_content_width":"off","neve_meta_content_width":70,"neve_meta_title_alignment":"","neve_meta_author_avatar":"","neve_post_elements_order":"","neve_meta_disable_header":"","neve_meta_disable_footer":"","neve_meta_disable_title":"","footnotes":""},"class_list":["post-3437","page","type-page","status-publish","hentry"],"yoast_head":"<!-- This site is optimized with the Yoast SEO plugin v27.3 - https:\/\/yoast.com\/product\/yoast-seo-wordpress\/ -->\n<title>EnergyStar - ICR POLSKA - badania i certyfikacja<\/title>\n<meta name=\"robots\" content=\"index, follow, max-snippet:-1, max-image-preview:large, max-video-preview:-1\" \/>\n<link rel=\"canonical\" href=\"https:\/\/icrpolska.com\/lv\/energystar\/\" \/>\n<meta property=\"og:locale\" content=\"lv_LV\" \/>\n<meta property=\"og:type\" content=\"article\" \/>\n<meta property=\"og:title\" content=\"EnergyStar - ICR POLSKA - badania i certyfikacja\" \/>\n<meta property=\"og:description\" content=\"&nbsp; ICR Polska zaprzesta\u0142a \u015bwiadczenia us\u0142ug w tym zakresie.\" \/>\n<meta property=\"og:url\" content=\"https:\/\/icrpolska.com\/lv\/energystar\/\" \/>\n<meta property=\"og:site_name\" content=\"ICR POLSKA - badania i certyfikacja\" \/>\n<meta property=\"article:modified_time\" content=\"2025-11-18T06:47:22+00:00\" \/>\n<meta name=\"twitter:card\" content=\"summary_large_image\" \/>\n<meta name=\"twitter:label1\" content=\"Est. reading time\" \/>\n\t<meta name=\"twitter:data1\" content=\"1 min\u016bte\" \/>\n<script type=\"application\/ld+json\" class=\"yoast-schema-graph\">{\"@context\":\"https:\\\/\\\/schema.org\",\"@graph\":[{\"@type\":\"WebPage\",\"@id\":\"https:\\\/\\\/icrpolska.com\\\/energystar\\\/\",\"url\":\"https:\\\/\\\/icrpolska.com\\\/energystar\\\/\",\"name\":\"EnergyStar - ICR POLSKA - badania i certyfikacja\",\"isPartOf\":{\"@id\":\"https:\\\/\\\/icrpolska.com\\\/#website\"},\"datePublished\":\"2019-09-03T11:20:11+00:00\",\"dateModified\":\"2025-11-18T06:47:22+00:00\",\"breadcrumb\":{\"@id\":\"https:\\\/\\\/icrpolska.com\\\/energystar\\\/#breadcrumb\"},\"inLanguage\":\"lv-LV\",\"potentialAction\":[{\"@type\":\"ReadAction\",\"target\":[\"https:\\\/\\\/icrpolska.com\\\/energystar\\\/\"]}]},{\"@type\":\"BreadcrumbList\",\"@id\":\"https:\\\/\\\/icrpolska.com\\\/energystar\\\/#breadcrumb\",\"itemListElement\":[{\"@type\":\"ListItem\",\"position\":1,\"name\":\"Strona g\u0142\u00f3wna\",\"item\":\"https:\\\/\\\/icrpolska.com\\\/\"},{\"@type\":\"ListItem\",\"position\":2,\"name\":\"EnergyStar\"}]},{\"@type\":\"WebSite\",\"@id\":\"https:\\\/\\\/icrpolska.com\\\/#website\",\"url\":\"https:\\\/\\\/icrpolska.com\\\/\",\"name\":\"ICR POLSKA - badania i certyfikacja\",\"description\":\"CE certification, CE certificate, ISO certificate, RED testing, product testing and certification, electrical product testing, medical device testing, ATEX, IECEx, FCC, product certification, EMC testing, machinery certification, CE machines, training, electronic product testing, testing 2014\\\/53\\\/EU, drone certification, ISO 13485 certificate, ISO 9001 certificate, NC RfG, CPR\",\"publisher\":{\"@id\":\"https:\\\/\\\/icrpolska.com\\\/#\\\/schema\\\/person\\\/8601820fc0521fc7bf75ae141134fbfd\"},\"potentialAction\":[{\"@type\":\"SearchAction\",\"target\":{\"@type\":\"EntryPoint\",\"urlTemplate\":\"https:\\\/\\\/icrpolska.com\\\/?s={search_term_string}\"},\"query-input\":{\"@type\":\"PropertyValueSpecification\",\"valueRequired\":true,\"valueName\":\"search_term_string\"}}],\"inLanguage\":\"lv-LV\"},{\"@type\":[\"Person\",\"Organization\"],\"@id\":\"https:\\\/\\\/icrpolska.com\\\/#\\\/schema\\\/person\\\/8601820fc0521fc7bf75ae141134fbfd\",\"name\":\"admin\",\"image\":{\"@type\":\"ImageObject\",\"inLanguage\":\"lv-LV\",\"@id\":\"https:\\\/\\\/icrpolska.com\\\/wp-content\\\/uploads\\\/2019\\\/05\\\/cropped-logo-icr.32f04ad5-1-1.png\",\"url\":\"https:\\\/\\\/icrpolska.com\\\/wp-content\\\/uploads\\\/2019\\\/05\\\/cropped-logo-icr.32f04ad5-1-1.png\",\"contentUrl\":\"https:\\\/\\\/icrpolska.com\\\/wp-content\\\/uploads\\\/2019\\\/05\\\/cropped-logo-icr.32f04ad5-1-1.png\",\"width\":400,\"height\":148,\"caption\":\"admin\"},\"logo\":{\"@id\":\"https:\\\/\\\/icrpolska.com\\\/wp-content\\\/uploads\\\/2019\\\/05\\\/cropped-logo-icr.32f04ad5-1-1.png\"}}]}<\/script>\n<!-- \/ Yoast SEO plugin. -->","yoast_head_json":{"title":"EnergyStar - ICR POLIJA - test\u0113\u0161ana un sertifik\u0101cija","robots":{"index":"index","follow":"follow","max-snippet":"max-snippet:-1","max-image-preview":"max-image-preview:large","max-video-preview":"max-video-preview:-1"},"canonical":"https:\/\/icrpolska.com\/lv\/energystar\/","og_locale":"lv_LV","og_type":"article","og_title":"EnergyStar - ICR POLSKA - badania i certyfikacja","og_description":"&nbsp; ICR Polska zaprzesta\u0142a \u015bwiadczenia us\u0142ug w tym zakresie.","og_url":"https:\/\/icrpolska.com\/lv\/energystar\/","og_site_name":"ICR POLSKA - badania i certyfikacja","article_modified_time":"2025-11-18T06:47:22+00:00","twitter_card":"summary_large_image","twitter_misc":{"Est. reading time":"1 min\u016bte"},"schema":{"@context":"https:\/\/schema.org","@graph":[{"@type":"WebPage","@id":"https:\/\/icrpolska.com\/energystar\/","url":"https:\/\/icrpolska.com\/energystar\/","name":"EnergyStar - ICR POLIJA - test\u0113\u0161ana un sertifik\u0101cija","isPartOf":{"@id":"https:\/\/icrpolska.com\/#website"},"datePublished":"2019-09-03T11:20:11+00:00","dateModified":"2025-11-18T06:47:22+00:00","breadcrumb":{"@id":"https:\/\/icrpolska.com\/energystar\/#breadcrumb"},"inLanguage":"lv-LV","potentialAction":[{"@type":"ReadAction","target":["https:\/\/icrpolska.com\/energystar\/"]}]},{"@type":"BreadcrumbList","@id":"https:\/\/icrpolska.com\/energystar\/#breadcrumb","itemListElement":[{"@type":"ListItem","position":1,"name":"Strona g\u0142\u00f3wna","item":"https:\/\/icrpolska.com\/"},{"@type":"ListItem","position":2,"name":"EnergyStar"}]},{"@type":"WebSite","@id":"https:\/\/icrpolska.com\/#website","url":"https:\/\/icrpolska.com\/","name":"ICR POLIJA - test\u0113\u0161ana un sertifik\u0101cija","description":"CE sertifik\u0101cija, CE sertifik\u0101ts, ISO sertifik\u0101ts, RED test\u0113\u0161ana, produktu test\u0113\u0161ana un sertifik\u0101cija, elektrisko produktu test\u0113\u0161ana, medic\u012bnas ier\u012b\u010du test\u0113\u0161ana, ATEX, IECEx, FCC, produktu sertifik\u0101cija, EMC test\u0113\u0161ana, ma\u0161\u012bnu sertifik\u0101cija, CE iek\u0101rtas, apm\u0101c\u012bba, elektronisko produktu test\u0113\u0161ana, test\u0113\u0161ana 2014\/53\/ES, dronu sertifik\u0101cija, ISO 13485 sertifik\u0101ts, ISO 9001 sertifik\u0101ts, NC RfG, CPR","publisher":{"@id":"https:\/\/icrpolska.com\/#\/schema\/person\/8601820fc0521fc7bf75ae141134fbfd"},"potentialAction":[{"@type":"SearchAction","target":{"@type":"EntryPoint","urlTemplate":"https:\/\/icrpolska.com\/?s={search_term_string}"},"query-input":{"@type":"PropertyValueSpecification","valueRequired":true,"valueName":"search_term_string"}}],"inLanguage":"lv-LV"},{"@type":["Person","Organization"],"@id":"https:\/\/icrpolska.com\/#\/schema\/person\/8601820fc0521fc7bf75ae141134fbfd","name":"administrators","image":{"@type":"ImageObject","inLanguage":"lv-LV","@id":"https:\/\/icrpolska.com\/wp-content\/uploads\/2019\/05\/cropped-logo-icr.32f04ad5-1-1.png","url":"https:\/\/icrpolska.com\/wp-content\/uploads\/2019\/05\/cropped-logo-icr.32f04ad5-1-1.png","contentUrl":"https:\/\/icrpolska.com\/wp-content\/uploads\/2019\/05\/cropped-logo-icr.32f04ad5-1-1.png","width":400,"height":148,"caption":"admin"},"logo":{"@id":"https:\/\/icrpolska.com\/wp-content\/uploads\/2019\/05\/cropped-logo-icr.32f04ad5-1-1.png"}}]}},"_links":{"self":[{"href":"https:\/\/icrpolska.com\/lv\/wp-json\/wp\/v2\/pages\/3437","targetHints":{"allow":["GET"]}}],"collection":[{"href":"https:\/\/icrpolska.com\/lv\/wp-json\/wp\/v2\/pages"}],"about":[{"href":"https:\/\/icrpolska.com\/lv\/wp-json\/wp\/v2\/types\/page"}],"author":[{"embeddable":true,"href":"https:\/\/icrpolska.com\/lv\/wp-json\/wp\/v2\/users\/2"}],"replies":[{"embeddable":true,"href":"https:\/\/icrpolska.com\/lv\/wp-json\/wp\/v2\/comments?post=3437"}],"version-history":[{"count":9,"href":"https:\/\/icrpolska.com\/lv\/wp-json\/wp\/v2\/pages\/3437\/revisions"}],"predecessor-version":[{"id":17305,"href":"https:\/\/icrpolska.com\/lv\/wp-json\/wp\/v2\/pages\/3437\/revisions\/17305"}],"wp:attachment":[{"href":"https:\/\/icrpolska.com\/lv\/wp-json\/wp\/v2\/media?parent=3437"}],"curies":[{"name":"wp","href":"https:\/\/api.w.org\/{rel}","templated":true}]}}