{"id":3528,"date":"2019-09-30T19:10:29","date_gmt":"2019-09-30T17:10:29","guid":{"rendered":"http:\/\/icrpolska.com\/?page_id=3528"},"modified":"2025-12-09T12:04:20","modified_gmt":"2025-12-09T11:04:20","slug":"certyfikacja-dronow","status":"publish","type":"page","link":"https:\/\/icrpolska.com\/lv\/certyfikacja-wyrobow\/certyfikacja-dronow\/","title":{"rendered":"DRON sertifik\u0101cija"},"content":{"rendered":"<p><img fetchpriority=\"high\" decoding=\"async\" class=\"wp-image-3490 alignleft\" src=\"https:\/\/icrpolska.com\/wp-content\/uploads\/2019\/09\/dron_01-e1569844024980-300x170.jpg\" alt=\"BSP (DRON) sertifik\u0101cija\" width=\"408\" height=\"231\" srcset=\"https:\/\/icrpolska.com\/wp-content\/uploads\/2019\/09\/dron_01-e1569844024980-300x170.jpg 300w, https:\/\/icrpolska.com\/wp-content\/uploads\/2019\/09\/dron_01-e1569844024980-768x434.jpg 768w, https:\/\/icrpolska.com\/wp-content\/uploads\/2019\/09\/dron_01-e1569844024980.jpg 960w\" sizes=\"(max-width: 408px) 100vw, 408px\" \/>Ar droniem saist\u012bt\u0101s jaut\u0101jumi ir reglament\u0113ti Komisijas dele\u0123\u0113taj\u0101 regul\u0101 (ES) Nr.\u00a0<a href=\"https:\/\/eur-lex.europa.eu\/legal-content\/PL\/TXT\/PDF\/?uri=CELEX:32019R0945&amp;from=PL\">2019\/945<\/a> \u201ePar bezpilota gaisa ku\u0123u sist\u0113m\u0101m un bezpilota gaisa ku\u0123u sist\u0113mu operatoriem  no tre\u0161\u0101m valst\u012bm\u201d<\/p>\n<p>\u0160\u012b regula nosaka pras\u012bbas bezpilota gaisa ku\u0123u (BSP) sist\u0113mu projekt\u0113\u0161anai un ra\u017eo\u0161anai, kas paredz\u0113tas ekspluat\u0101cijai saska\u0146\u0101 ar izpildregulas 2019\/947 noteikumiem un nosac\u012bjumiem, k\u0101 ar\u012b papildu elementiem, kas paredz\u0113ti att\u0101lajai identifik\u0101cijai. Taj\u0101 ar\u012b noteikts bezpilota gaisa ku\u0123u sist\u0113mu veidi, kuru projekt\u0113\u0161ana, ra\u017eo\u0161ana un uztur\u0113\u0161ana ir sertific\u0113jama.<\/p>\n<p>\u0160aj\u0101 regul\u0101 ir noteikti ar\u012b noteikumi, kas piem\u0113rojami bezpilota gaisa ku\u0123u sist\u0113mu (SBSP) operatoriem no tre\u0161\u0101m valst\u012bm, ja tie veic bezpilota gaisa ku\u0123u sist\u0113mu darb\u012bbas vienotaj\u0101 Eiropas gaisa telp\u0101 saska\u0146\u0101 ar Izpildregulu (ES) 2019\/947.<\/p>\n<p>Regula attiecas uz:<\/p>\n<p>\u2013 SBSP, kas paredz\u0113ti ekspluat\u0101cijai saska\u0146\u0101 ar noteikumiem un nosac\u012bjumiem, kas piem\u0113rojami SBSP darb\u012bb\u0101m \u201eatv\u0113rt\u0101\u201d kategorij\u0101, vai uz kuriem attiecas pazi\u0146ojumi par darb\u012bb\u0101m \u201e\u012bpa\u0161\u0101\u201d kategorijas SBSP darb\u012bb\u0101s saska\u0146\u0101 ar Regulu (ES) 2019\/947;<\/p>\n<p>\u2013 SBSP, kas ekspluat\u0113ti saska\u0146\u0101 ar noteikumiem un nosac\u012bjumiem, kas piem\u0113rojami SBSP darb\u012bb\u0101m kategorij\u0101s \u201esertific\u0113ts\u201d un \u201e\u012bpa\u0161s\u201d saska\u0146\u0101 ar izpildregul\u0101 (ES) 2019\/947;<\/p>\n<p>\u2013 bezpilota gaisa ku\u0123u sist\u0113mu operatori, kuru galven\u0101 darb\u012bbas vieta, re\u0123istr\u0101cijas vieta vai dz\u012bvesvieta atrodas tre\u0161\u0101 valst\u012b, ja bezpilota gaisa ku\u0123u sist\u0113mu darb\u012bba notiek Savien\u012bb\u0101.<\/p>\n<p>ICR Polska Sp. z o.o., k\u0101 notific\u0113ta iest\u0101de Nr. 2703, apmierinot ra\u017eot\u0101ju, import\u0113t\u0101ju un lietot\u0101ju vajadz\u012bbas, veic bezpilota gaisa ku\u0123u (DRON) atbilst\u012bbas nov\u0113rt\u0113\u0161anu un sertific\u0113\u0161anu darb\u012bbai \u201eatv\u0113rt\u0101s\u201d kategorijas ietvaros (C0, C1, C2, C3, C4) un \u201e\u012bpa\u0161aj\u0101\u201d C5 un C5 kategorij\u0101.<\/p>\n<p>Lidojumiem, kas tiek veikti, izmantojot bezpilota gaisa ku\u0123i, kas pieder pie \u201e\u012bpa\u0161\u0101s\u201d kategorijas, kas nav C5 un C6, ir nepiecie\u0161ama atsevi\u0161\u0137a Civil\u0101s avi\u0101cijas p\u0101rvaldes izsniegta at\u013cauja. M\u0113s sniedzam tehnisko atbalstu \u0161aj\u0101 jom\u0101.<\/p>\n<p>Bezpilota gaisa ku\u0123i, kas apr\u012bkoti ar radio p\u0101rraides modu\u013ciem, ir j\u0101atbilst Direkt\u012bvas 2014\/53\/ES pras\u012bb\u0101m. ICR Polska Sp. z o.o. ir ar\u012b notific\u0113ta iest\u0101de \u0161aj\u0101 jom\u0101.<\/p>\n<p>M\u0113s veicam visus nepiecie\u0161amos drona laboratorijas p\u0113t\u012bjumus un sertific\u0113\u0161anu. Aicin\u0101m sazin\u0101ties ar mums.<\/p>\n<p><strong>J\u016bs varat sertific\u0113t savu DRON jau \u0161odien ICR Polska Ltd.<\/strong><\/p>\n<p><img decoding=\"async\" class=\"alignnone wp-image-3362\" src=\"http:\/\/icrpolska.com\/wp-content\/uploads\/2019\/06\/Email-icon-e1560506652454.png\" alt=\"\" width=\"28\" height=\"20\" \/> <a href=\"mailto:icrpolska@icrqa.com?subject=DRON%20Certificate&amp;body=I%20plan%20to%20certificate%20DRON.%0APlease,%20contact%20me%20to%20more%20information.%0A\">Sazinieties ar ICR Poland<\/a><\/p>\n<p>Cen\u0161ieties b\u016bt vismaz vienu soli priek\u0161\u0101 konkurentiem.<\/p>\n<p><a href=\"https:\/\/icrpolska.com\/wp-content\/uploads\/2019\/06\/Program-oceny-zgodno\u015bci-w-zakresie-ATEX.pdf\" target=\"_blank\" rel=\"noopener noreferrer\"><img decoding=\"async\" class=\"alignnone wp-image-2679\" src=\"https:\/\/icrpolska.com\/wp-content\/uploads\/2019\/06\/adobe.jpg\" alt=\"\" width=\"20\" height=\"21\" srcset=\"https:\/\/icrpolska.com\/wp-content\/uploads\/2019\/06\/adobe.jpg 218w, https:\/\/icrpolska.com\/wp-content\/uploads\/2019\/06\/adobe-150x150.jpg 150w\" sizes=\"(max-width: 20px) 100vw, 20px\" \/><\/a><a href=\"https:\/\/icrpolska.com\/wp-content\/uploads\/2025\/06\/PC-P-07-09-Program-oceny-zgodnosci-2-kol-3.pdf\" target=\"_blank\" rel=\"noopener noreferrer\" data-wp-editing=\"1\"> Atbilst\u012bbas nov\u0113rt\u0113\u0161anas programma BSP\/DRON ((ES) 2019\/945)<\/a> + <a href=\"https:\/\/icrpolska.com\/wp-content\/uploads\/2022\/01\/F-P-07-38-1.pdf\" target=\"_blank\" rel=\"noopener noreferrer\">tehnisko specifik\u0101ciju saraksts<\/a><\/p>","protected":false},"excerpt":{"rendered":"<p>Ar droniem saist\u012bt\u0101s jaut\u0101jumi ir reglament\u0113ti Komisijas dele\u0123\u0113taj\u0101 Regul\u0101 (ES) Nr. 2019\/945 \u201ePar bezpilota gaisa ku\u0123u sist\u0113m\u0101m un bezpilota gaisa ku\u0123u sist\u0113mu operatoriem no tre\u0161\u0101m valst\u012bm\u201d. \u0160\u012b regula nosaka pras\u012bbas bezpilota gaisa ku\u0123u (BSP) sist\u0113mu projekt\u0113\u0161anai un ra\u017eo\u0161anai, kas paredz\u0113tas ekspluat\u0101cijai saska\u0146\u0101 ar izpildregulas 2019\/947 noteikumiem un nosac\u012bjumiem, k\u0101 ar\u012b papildu elementiem, kas paredz\u0113ti...&nbsp;<a href=\"https:\/\/icrpolska.com\/lv\/certyfikacja-wyrobow\/certyfikacja-dronow\/\" rel=\"bookmark\">Las\u012bt vair\u0101k \"<span class=\"screen-reader-text\">DRON sertifik\u0101cija<\/span><\/a><\/p>","protected":false},"author":2,"featured_media":0,"parent":211,"menu_order":0,"comment_status":"closed","ping_status":"closed","template":"","meta":{"neve_meta_sidebar":"","neve_meta_container":"","neve_meta_enable_content_width":"off","neve_meta_content_width":70,"neve_meta_title_alignment":"","neve_meta_author_avatar":"","neve_post_elements_order":"","neve_meta_disable_header":"","neve_meta_disable_footer":"","neve_meta_disable_title":"","footnotes":""},"class_list":["post-3528","page","type-page","status-publish","hentry"],"yoast_head":"<!-- This site is optimized with the Yoast SEO plugin v27.3 - https:\/\/yoast.com\/product\/yoast-seo-wordpress\/ -->\n<title>Certyfikacja DRON\u00f3w - ICR POLSKA - badania i certyfikacja<\/title>\n<meta name=\"robots\" content=\"index, follow, max-snippet:-1, max-image-preview:large, max-video-preview:-1\" \/>\n<link rel=\"canonical\" href=\"https:\/\/icrpolska.com\/lv\/certyfikacja-wyrobow\/certyfikacja-dronow\/\" \/>\n<meta property=\"og:locale\" content=\"lv_LV\" \/>\n<meta property=\"og:type\" content=\"article\" \/>\n<meta property=\"og:title\" content=\"Certyfikacja DRON\u00f3w - ICR POLSKA - badania i certyfikacja\" \/>\n<meta property=\"og:description\" content=\"Kwestie zwi\u0105zane z dronami reguluje rozporz\u0105dzenie delegowane Komisji (UE) nr\u00a02019\/945 \u201eW sprawie system\u00f3w bezza\u0142ogowych statk\u00f3w powietrznych oraz operator\u00f3w system\u00f3w bezza\u0142ogowych statk\u00f3w \u00a0powietrznych z pa\u0144stw trzecich\u201d Rozporz\u0105dzenie to ustanawia wymogi dotycz\u0105ce projektowania i produkcji system\u00f3w bezza\u0142ogowych statk\u00f3w powietrznych (BSP), przeznaczonych do eksploatacji zgodnie z zasadami i warunkami okre\u015blonymi w rozporz\u0105dzeniu wykonawczym 2019\/947, oraz dodatkowych element\u00f3w s\u0142u\u017c\u0105cych&hellip;&nbsp;Read More &raquo;Certyfikacja DRON\u00f3w\" \/>\n<meta property=\"og:url\" content=\"https:\/\/icrpolska.com\/lv\/certyfikacja-wyrobow\/certyfikacja-dronow\/\" \/>\n<meta property=\"og:site_name\" content=\"ICR POLSKA - badania i certyfikacja\" \/>\n<meta property=\"article:modified_time\" content=\"2025-12-09T11:04:20+00:00\" \/>\n<meta property=\"og:image\" content=\"https:\/\/icrpolska.com\/wp-content\/uploads\/2019\/09\/dron_01-e1569844024980.jpg\" \/>\n\t<meta property=\"og:image:width\" content=\"960\" \/>\n\t<meta property=\"og:image:height\" content=\"543\" \/>\n\t<meta property=\"og:image:type\" content=\"image\/jpeg\" \/>\n<meta name=\"twitter:card\" content=\"summary_large_image\" \/>\n<meta name=\"twitter:label1\" content=\"Est. reading time\" \/>\n\t<meta name=\"twitter:data1\" content=\"3 min\u016btes\" \/>\n<script type=\"application\/ld+json\" class=\"yoast-schema-graph\">{\"@context\":\"https:\\\/\\\/schema.org\",\"@graph\":[{\"@type\":\"WebPage\",\"@id\":\"https:\\\/\\\/icrpolska.com\\\/certyfikacja-wyrobow\\\/certyfikacja-dronow\\\/\",\"url\":\"https:\\\/\\\/icrpolska.com\\\/certyfikacja-wyrobow\\\/certyfikacja-dronow\\\/\",\"name\":\"Certyfikacja DRON\u00f3w - ICR POLSKA - badania i certyfikacja\",\"isPartOf\":{\"@id\":\"https:\\\/\\\/icrpolska.com\\\/#website\"},\"primaryImageOfPage\":{\"@id\":\"https:\\\/\\\/icrpolska.com\\\/certyfikacja-wyrobow\\\/certyfikacja-dronow\\\/#primaryimage\"},\"image\":{\"@id\":\"https:\\\/\\\/icrpolska.com\\\/certyfikacja-wyrobow\\\/certyfikacja-dronow\\\/#primaryimage\"},\"thumbnailUrl\":\"https:\\\/\\\/icrpolska.com\\\/wp-content\\\/uploads\\\/2019\\\/09\\\/dron_01-e1569844024980-300x170.jpg\",\"datePublished\":\"2019-09-30T17:10:29+00:00\",\"dateModified\":\"2025-12-09T11:04:20+00:00\",\"breadcrumb\":{\"@id\":\"https:\\\/\\\/icrpolska.com\\\/certyfikacja-wyrobow\\\/certyfikacja-dronow\\\/#breadcrumb\"},\"inLanguage\":\"lv-LV\",\"potentialAction\":[{\"@type\":\"ReadAction\",\"target\":[\"https:\\\/\\\/icrpolska.com\\\/certyfikacja-wyrobow\\\/certyfikacja-dronow\\\/\"]}]},{\"@type\":\"ImageObject\",\"inLanguage\":\"lv-LV\",\"@id\":\"https:\\\/\\\/icrpolska.com\\\/certyfikacja-wyrobow\\\/certyfikacja-dronow\\\/#primaryimage\",\"url\":\"https:\\\/\\\/icrpolska.com\\\/wp-content\\\/uploads\\\/2019\\\/09\\\/dron_01-e1569844024980-300x170.jpg\",\"contentUrl\":\"https:\\\/\\\/icrpolska.com\\\/wp-content\\\/uploads\\\/2019\\\/09\\\/dron_01-e1569844024980-300x170.jpg\"},{\"@type\":\"BreadcrumbList\",\"@id\":\"https:\\\/\\\/icrpolska.com\\\/certyfikacja-wyrobow\\\/certyfikacja-dronow\\\/#breadcrumb\",\"itemListElement\":[{\"@type\":\"ListItem\",\"position\":1,\"name\":\"Strona g\u0142\u00f3wna\",\"item\":\"https:\\\/\\\/icrpolska.com\\\/\"},{\"@type\":\"ListItem\",\"position\":2,\"name\":\"Certyfikacja wyrob\u00f3w\",\"item\":\"https:\\\/\\\/icrpolska.com\\\/certyfikacja-wyrobow\\\/\"},{\"@type\":\"ListItem\",\"position\":3,\"name\":\"Certyfikacja DRON\u00f3w\"}]},{\"@type\":\"WebSite\",\"@id\":\"https:\\\/\\\/icrpolska.com\\\/#website\",\"url\":\"https:\\\/\\\/icrpolska.com\\\/\",\"name\":\"ICR POLSKA - badania i certyfikacja\",\"description\":\"CE certification, CE certificate, ISO certificate, RED testing, product testing and certification, electrical product testing, medical device testing, ATEX, IECEx, FCC, product certification, EMC testing, machinery certification, CE machines, training, electronic product testing, testing 2014\\\/53\\\/EU, drone certification, ISO 13485 certificate, ISO 9001 certificate, NC RfG, CPR\",\"publisher\":{\"@id\":\"https:\\\/\\\/icrpolska.com\\\/#\\\/schema\\\/person\\\/8601820fc0521fc7bf75ae141134fbfd\"},\"potentialAction\":[{\"@type\":\"SearchAction\",\"target\":{\"@type\":\"EntryPoint\",\"urlTemplate\":\"https:\\\/\\\/icrpolska.com\\\/?s={search_term_string}\"},\"query-input\":{\"@type\":\"PropertyValueSpecification\",\"valueRequired\":true,\"valueName\":\"search_term_string\"}}],\"inLanguage\":\"lv-LV\"},{\"@type\":[\"Person\",\"Organization\"],\"@id\":\"https:\\\/\\\/icrpolska.com\\\/#\\\/schema\\\/person\\\/8601820fc0521fc7bf75ae141134fbfd\",\"name\":\"admin\",\"image\":{\"@type\":\"ImageObject\",\"inLanguage\":\"lv-LV\",\"@id\":\"https:\\\/\\\/icrpolska.com\\\/wp-content\\\/uploads\\\/2019\\\/05\\\/cropped-logo-icr.32f04ad5-1-1.png\",\"url\":\"https:\\\/\\\/icrpolska.com\\\/wp-content\\\/uploads\\\/2019\\\/05\\\/cropped-logo-icr.32f04ad5-1-1.png\",\"contentUrl\":\"https:\\\/\\\/icrpolska.com\\\/wp-content\\\/uploads\\\/2019\\\/05\\\/cropped-logo-icr.32f04ad5-1-1.png\",\"width\":400,\"height\":148,\"caption\":\"admin\"},\"logo\":{\"@id\":\"https:\\\/\\\/icrpolska.com\\\/wp-content\\\/uploads\\\/2019\\\/05\\\/cropped-logo-icr.32f04ad5-1-1.png\"}}]}<\/script>\n<!-- \/ Yoast SEO plugin. -->","yoast_head_json":{"title":"DRON sertifik\u0101cija - ICR POLIJA - test\u0113\u0161ana un sertifik\u0101cija","robots":{"index":"index","follow":"follow","max-snippet":"max-snippet:-1","max-image-preview":"max-image-preview:large","max-video-preview":"max-video-preview:-1"},"canonical":"https:\/\/icrpolska.com\/lv\/certyfikacja-wyrobow\/certyfikacja-dronow\/","og_locale":"lv_LV","og_type":"article","og_title":"Certyfikacja DRON\u00f3w - ICR POLSKA - badania i certyfikacja","og_description":"Kwestie zwi\u0105zane z dronami reguluje rozporz\u0105dzenie delegowane Komisji (UE) nr\u00a02019\/945 \u201eW sprawie system\u00f3w bezza\u0142ogowych statk\u00f3w powietrznych oraz operator\u00f3w system\u00f3w bezza\u0142ogowych statk\u00f3w \u00a0powietrznych z pa\u0144stw trzecich\u201d Rozporz\u0105dzenie to ustanawia wymogi dotycz\u0105ce projektowania i produkcji system\u00f3w bezza\u0142ogowych statk\u00f3w powietrznych (BSP), przeznaczonych do eksploatacji zgodnie z zasadami i warunkami okre\u015blonymi w rozporz\u0105dzeniu wykonawczym 2019\/947, oraz dodatkowych element\u00f3w s\u0142u\u017c\u0105cych&hellip;&nbsp;Read More &raquo;Certyfikacja DRON\u00f3w","og_url":"https:\/\/icrpolska.com\/lv\/certyfikacja-wyrobow\/certyfikacja-dronow\/","og_site_name":"ICR POLSKA - badania i certyfikacja","article_modified_time":"2025-12-09T11:04:20+00:00","og_image":[{"width":960,"height":543,"url":"https:\/\/icrpolska.com\/wp-content\/uploads\/2019\/09\/dron_01-e1569844024980.jpg","type":"image\/jpeg"}],"twitter_card":"summary_large_image","twitter_misc":{"Est. reading time":"3 min\u016btes"},"schema":{"@context":"https:\/\/schema.org","@graph":[{"@type":"WebPage","@id":"https:\/\/icrpolska.com\/certyfikacja-wyrobow\/certyfikacja-dronow\/","url":"https:\/\/icrpolska.com\/certyfikacja-wyrobow\/certyfikacja-dronow\/","name":"DRON sertifik\u0101cija - ICR POLIJA - test\u0113\u0161ana un sertifik\u0101cija","isPartOf":{"@id":"https:\/\/icrpolska.com\/#website"},"primaryImageOfPage":{"@id":"https:\/\/icrpolska.com\/certyfikacja-wyrobow\/certyfikacja-dronow\/#primaryimage"},"image":{"@id":"https:\/\/icrpolska.com\/certyfikacja-wyrobow\/certyfikacja-dronow\/#primaryimage"},"thumbnailUrl":"https:\/\/icrpolska.com\/wp-content\/uploads\/2019\/09\/dron_01-e1569844024980-300x170.jpg","datePublished":"2019-09-30T17:10:29+00:00","dateModified":"2025-12-09T11:04:20+00:00","breadcrumb":{"@id":"https:\/\/icrpolska.com\/certyfikacja-wyrobow\/certyfikacja-dronow\/#breadcrumb"},"inLanguage":"lv-LV","potentialAction":[{"@type":"ReadAction","target":["https:\/\/icrpolska.com\/certyfikacja-wyrobow\/certyfikacja-dronow\/"]}]},{"@type":"ImageObject","inLanguage":"lv-LV","@id":"https:\/\/icrpolska.com\/certyfikacja-wyrobow\/certyfikacja-dronow\/#primaryimage","url":"https:\/\/icrpolska.com\/wp-content\/uploads\/2019\/09\/dron_01-e1569844024980-300x170.jpg","contentUrl":"https:\/\/icrpolska.com\/wp-content\/uploads\/2019\/09\/dron_01-e1569844024980-300x170.jpg"},{"@type":"BreadcrumbList","@id":"https:\/\/icrpolska.com\/certyfikacja-wyrobow\/certyfikacja-dronow\/#breadcrumb","itemListElement":[{"@type":"ListItem","position":1,"name":"Strona g\u0142\u00f3wna","item":"https:\/\/icrpolska.com\/"},{"@type":"ListItem","position":2,"name":"Certyfikacja wyrob\u00f3w","item":"https:\/\/icrpolska.com\/certyfikacja-wyrobow\/"},{"@type":"ListItem","position":3,"name":"Certyfikacja DRON\u00f3w"}]},{"@type":"WebSite","@id":"https:\/\/icrpolska.com\/#website","url":"https:\/\/icrpolska.com\/","name":"ICR POLIJA - test\u0113\u0161ana un sertifik\u0101cija","description":"CE sertifik\u0101cija, CE sertifik\u0101ts, ISO sertifik\u0101ts, RED test\u0113\u0161ana, produktu test\u0113\u0161ana un sertifik\u0101cija, elektrisko produktu test\u0113\u0161ana, medic\u012bnas ier\u012b\u010du test\u0113\u0161ana, ATEX, IECEx, FCC, produktu sertifik\u0101cija, EMC test\u0113\u0161ana, ma\u0161\u012bnu sertifik\u0101cija, CE iek\u0101rtas, apm\u0101c\u012bba, elektronisko produktu test\u0113\u0161ana, test\u0113\u0161ana 2014\/53\/ES, dronu sertifik\u0101cija, ISO 13485 sertifik\u0101ts, ISO 9001 sertifik\u0101ts, NC RfG, CPR","publisher":{"@id":"https:\/\/icrpolska.com\/#\/schema\/person\/8601820fc0521fc7bf75ae141134fbfd"},"potentialAction":[{"@type":"SearchAction","target":{"@type":"EntryPoint","urlTemplate":"https:\/\/icrpolska.com\/?s={search_term_string}"},"query-input":{"@type":"PropertyValueSpecification","valueRequired":true,"valueName":"search_term_string"}}],"inLanguage":"lv-LV"},{"@type":["Person","Organization"],"@id":"https:\/\/icrpolska.com\/#\/schema\/person\/8601820fc0521fc7bf75ae141134fbfd","name":"administrators","image":{"@type":"ImageObject","inLanguage":"lv-LV","@id":"https:\/\/icrpolska.com\/wp-content\/uploads\/2019\/05\/cropped-logo-icr.32f04ad5-1-1.png","url":"https:\/\/icrpolska.com\/wp-content\/uploads\/2019\/05\/cropped-logo-icr.32f04ad5-1-1.png","contentUrl":"https:\/\/icrpolska.com\/wp-content\/uploads\/2019\/05\/cropped-logo-icr.32f04ad5-1-1.png","width":400,"height":148,"caption":"admin"},"logo":{"@id":"https:\/\/icrpolska.com\/wp-content\/uploads\/2019\/05\/cropped-logo-icr.32f04ad5-1-1.png"}}]}},"_links":{"self":[{"href":"https:\/\/icrpolska.com\/lv\/wp-json\/wp\/v2\/pages\/3528","targetHints":{"allow":["GET"]}}],"collection":[{"href":"https:\/\/icrpolska.com\/lv\/wp-json\/wp\/v2\/pages"}],"about":[{"href":"https:\/\/icrpolska.com\/lv\/wp-json\/wp\/v2\/types\/page"}],"author":[{"embeddable":true,"href":"https:\/\/icrpolska.com\/lv\/wp-json\/wp\/v2\/users\/2"}],"replies":[{"embeddable":true,"href":"https:\/\/icrpolska.com\/lv\/wp-json\/wp\/v2\/comments?post=3528"}],"version-history":[{"count":15,"href":"https:\/\/icrpolska.com\/lv\/wp-json\/wp\/v2\/pages\/3528\/revisions"}],"predecessor-version":[{"id":17311,"href":"https:\/\/icrpolska.com\/lv\/wp-json\/wp\/v2\/pages\/3528\/revisions\/17311"}],"up":[{"embeddable":true,"href":"https:\/\/icrpolska.com\/lv\/wp-json\/wp\/v2\/pages\/211"}],"wp:attachment":[{"href":"https:\/\/icrpolska.com\/lv\/wp-json\/wp\/v2\/media?parent=3528"}],"curies":[{"name":"wp","href":"https:\/\/api.w.org\/{rel}","templated":true}]}}