{"id":1954,"date":"2019-05-22T19:22:21","date_gmt":"2019-05-22T19:22:21","guid":{"rendered":"http:\/\/icrpolska.e-ksperci.pl\/?page_id=1954"},"modified":"2022-09-07T23:07:25","modified_gmt":"2022-09-07T21:07:25","slug":"iso-22000","status":"publish","type":"page","link":"https:\/\/icrpolska.com\/ua\/certyfikacja-systemow\/iso-22000\/","title":{"rendered":"ISO 22000"},"content":{"rendered":"<p>ISO 22000 \u0432\u0438\u0437\u043d\u0430\u0447\u0430\u0454 \u0432\u0438\u043c\u043e\u0433\u0438 \u0434\u043e \u0441\u0438\u0441\u0442\u0435\u043c\u0438 \u0443\u043f\u0440\u0430\u0432\u043b\u0456\u043d\u043d\u044f \u0431\u0435\u0437\u043f\u0435\u0447\u043d\u0456\u0441\u0442\u044e \u0445\u0430\u0440\u0447\u043e\u0432\u0438\u0445 \u043f\u0440\u043e\u0434\u0443\u043a\u0442\u0456\u0432 \u0434\u043b\u044f \u043e\u0440\u0433\u0430\u043d\u0456\u0437\u0430\u0446\u0456\u0439 \u0445\u0430\u0440\u0447\u043e\u0432\u043e\u0433\u043e \u043b\u0430\u043d\u0446\u044e\u0433\u0430, \u044f\u043a\u0456 \u043f\u043e\u0432\u0438\u043d\u043d\u0456 \u043f\u0440\u043e\u0434\u0435\u043c\u043e\u043d\u0441\u0442\u0440\u0443\u0432\u0430\u0442\u0438 \u0437\u0434\u0430\u0442\u043d\u0456\u0441\u0442\u044c \u043a\u043e\u043d\u0442\u0440\u043e\u043b\u044e\u0432\u0430\u0442\u0438 \u0437\u0430\u0433\u0440\u043e\u0437\u0438 \u0431\u0435\u0437\u043f\u0435\u0447\u043d\u043e\u0441\u0442\u0456 \u0445\u0430\u0440\u0447\u043e\u0432\u0438\u0445 \u043f\u0440\u043e\u0434\u0443\u043a\u0442\u0456\u0432, \u0449\u043e\u0431 \u0433\u0430\u0440\u0430\u043d\u0442\u0443\u0432\u0430\u0442\u0438, \u0449\u043e \u0445\u0430\u0440\u0447\u043e\u0432\u0456 \u043f\u0440\u043e\u0434\u0443\u043a\u0442\u0438 \u0454 \u0431\u0435\u0437\u043f\u0435\u0447\u043d\u0438\u043c\u0438 \u0434\u043b\u044f \u0441\u043f\u043e\u0436\u0438\u0432\u0430\u043d\u043d\u044f \u043b\u044e\u0434\u0438\u043d\u043e\u044e.<\/p>\n<p>\u0421\u0442\u0430\u043d\u0434\u0430\u0440\u0442 \u0437\u0430\u0441\u0442\u043e\u0441\u043e\u0432\u0443\u0454\u0442\u044c\u0441\u044f \u0434\u043e \u0432\u0441\u0456\u0445 \u043e\u0440\u0433\u0430\u043d\u0456\u0437\u0430\u0446\u0456\u0439, \u043d\u0435\u0437\u0430\u043b\u0435\u0436\u043d\u043e \u0432\u0456\u0434 \u0440\u043e\u0437\u043c\u0456\u0440\u0443, \u044f\u043a\u0456 \u0437\u0430\u0434\u0456\u044f\u043d\u0456 \u043d\u0430 \u0431\u0443\u0434\u044c-\u044f\u043a\u043e\u043c\u0443 \u0435\u0442\u0430\u043f\u0456 \u0445\u0430\u0440\u0447\u043e\u0432\u043e\u0433\u043e \u043b\u0430\u043d\u0446\u044e\u0433\u0430 \u0456 \u0445\u043e\u0447\u0443\u0442\u044c \u0432\u043f\u0440\u043e\u0432\u0430\u0434\u0438\u0442\u0438 \u0441\u0438\u0441\u0442\u0435\u043c\u0438, \u0449\u043e \u0437\u0430\u0431\u0435\u0437\u043f\u0435\u0447\u0443\u044e\u0442\u044c \u043f\u043e\u0441\u0442\u0430\u0447\u0430\u043d\u043d\u044f \u0431\u0435\u0437\u043f\u0435\u0447\u043d\u0438\u0445 \u0445\u0430\u0440\u0447\u043e\u0432\u0438\u0445 \u043f\u0440\u043e\u0434\u0443\u043a\u0442\u0456\u0432.<\/p>\n<p><strong>\u041f\u0435\u0440\u0435\u0432\u0430\u0433\u0438 \u0441\u0442\u0430\u043d\u0434\u0430\u0440\u0442\u0443 ISO 22000:<\/strong><\/p>\n<ul>\n<li>\u0434\u043e\u0437\u0432\u043e\u043b\u044f\u0454 \u0432\u0430\u043c \u043f\u0456\u0434\u0442\u0432\u0435\u0440\u0434\u0438\u0442\u0438 \u0441\u0432\u043e\u044e \u043f\u0440\u0438\u0445\u0438\u043b\u044c\u043d\u0456\u0441\u0442\u044c \u0434\u043e \u043d\u0430\u0434\u0430\u043d\u043d\u044f \u0431\u0435\u0437\u043f\u0435\u0447\u043d\u0438\u0445 \u0442\u0430 \u044f\u043a\u0456\u0441\u043d\u0438\u0445 \u0445\u0430\u0440\u0447\u043e\u0432\u0438\u0445 \u043f\u0440\u043e\u0434\u0443\u043a\u0442\u0456\u0432<\/li>\n<li>\u0441\u043f\u0440\u0438\u044f\u0454 \u0434\u043e\u0442\u0440\u0438\u043c\u0430\u043d\u043d\u044e \u0437\u0430\u043a\u043e\u043d\u043e\u0434\u0430\u0432\u0447\u0438\u0445 \u0442\u0430 \u0440\u0435\u0433\u0443\u043b\u044f\u0442\u043e\u0440\u043d\u0438\u0445 \u0437\u043e\u0431\u043e\u0432'\u044f\u0437\u0430\u043d\u044c<\/li>\n<li>\u043f\u0456\u0434\u0432\u0438\u0449\u0443\u0454 \u0437\u0434\u0430\u0442\u043d\u0456\u0441\u0442\u044c \u0437\u0430\u0434\u043e\u0432\u043e\u043b\u044c\u043d\u044f\u0442\u0438 \u0432\u0438\u043c\u043e\u0433\u0438 \u0440\u043e\u0437\u0434\u0440\u0456\u0431\u043d\u0438\u0445 \u043a\u043b\u0456\u0454\u043d\u0442\u0456\u0432 \u0456, \u043e\u0442\u0436\u0435, \u0454 \u0442\u043e\u0440\u0433\u043e\u0432\u0435\u043b\u044c\u043d\u043e\u044e \u043b\u0456\u0446\u0435\u043d\u0437\u0456\u0454\u044e<\/li>\n<li>\u0441\u0442\u043e\u0441\u0443\u0454\u0442\u044c\u0441\u044f \u0432\u0441\u0456\u0445 \u043e\u0440\u0433\u0430\u043d\u0456\u0437\u0430\u0446\u0456\u0439, \u0437\u0430\u043b\u0443\u0447\u0435\u043d\u0438\u0445 \u0434\u043e \u0433\u043b\u043e\u0431\u0430\u043b\u044c\u043d\u043e\u0433\u043e \u043b\u0430\u043d\u0446\u044e\u0433\u0430 \u043f\u043e\u0441\u0442\u0430\u0447\u0430\u043d\u043d\u044f \u043f\u0440\u043e\u0434\u043e\u0432\u043e\u043b\u044c\u0441\u0442\u0432\u0430<\/li>\n<li class=\"translation-block\">\u043e\u0442\u0440\u0438\u043c\u0430\u043d\u043d\u044f \u0441\u0435\u0440\u0442\u0438\u0444\u0456\u043a\u0430\u0446\u0456\u0457 <strong>ISO 22000<\/strong> \u043f\u043e\u043a\u0440\u0430\u0449\u0438\u0442\u044c \u0440\u0435\u043f\u0443\u0442\u0430\u0446\u0456\u044e, \u0431\u0440\u0435\u043d\u0434 \u0442\u0430 \u0456\u043c\u0456\u0434\u0436 \u043a\u043e\u043c\u043f\u0430\u043d\u0456\u0457<\/li>\n<\/ul>","protected":false},"excerpt":{"rendered":"<p>ISO 22000 \u0432\u0441\u0442\u0430\u043d\u043e\u0432\u043b\u044e\u0454 \u0432\u0438\u043c\u043e\u0433\u0438 \u0434\u043e \u0441\u0438\u0441\u0442\u0435\u043c\u0438 \u0443\u043f\u0440\u0430\u0432\u043b\u0456\u043d\u043d\u044f \u0431\u0435\u0437\u043f\u0435\u0447\u043d\u0456\u0441\u0442\u044e \u0445\u0430\u0440\u0447\u043e\u0432\u0438\u0445 \u043f\u0440\u043e\u0434\u0443\u043a\u0442\u0456\u0432 \u0434\u043b\u044f \u043e\u0440\u0433\u0430\u043d\u0456\u0437\u0430\u0446\u0456\u0439 \u0445\u0430\u0440\u0447\u043e\u0432\u043e\u0433\u043e \u043b\u0430\u043d\u0446\u044e\u0433\u0430, \u044f\u043a\u0456 \u043f\u043e\u0432\u0438\u043d\u043d\u0456 \u043f\u0440\u043e\u0434\u0435\u043c\u043e\u043d\u0441\u0442\u0440\u0443\u0432\u0430\u0442\u0438 \u0437\u0434\u0430\u0442\u043d\u0456\u0441\u0442\u044c \u043a\u043e\u043d\u0442\u0440\u043e\u043b\u044e\u0432\u0430\u0442\u0438 \u0437\u0430\u0433\u0440\u043e\u0437\u0438 \u0431\u0435\u0437\u043f\u0435\u0447\u043d\u043e\u0441\u0442\u0456 \u0445\u0430\u0440\u0447\u043e\u0432\u0438\u0445 \u043f\u0440\u043e\u0434\u0443\u043a\u0442\u0456\u0432, \u0449\u043e\u0431 \u0433\u0430\u0440\u0430\u043d\u0442\u0443\u0432\u0430\u0442\u0438, \u0449\u043e \u0445\u0430\u0440\u0447\u043e\u0432\u0456 \u043f\u0440\u043e\u0434\u0443\u043a\u0442\u0438 \u0454 \u0431\u0435\u0437\u043f\u0435\u0447\u043d\u0438\u043c\u0438 \u0434\u043b\u044f \u0441\u043f\u043e\u0436\u0438\u0432\u0430\u043d\u043d\u044f \u043b\u044e\u0434\u0438\u043d\u043e\u044e. \u0421\u0442\u0430\u043d\u0434\u0430\u0440\u0442 \u0437\u0430\u0441\u0442\u043e\u0441\u043e\u0432\u0443\u0454\u0442\u044c\u0441\u044f \u0434\u043e \u0432\u0441\u0456\u0445 \u043e\u0440\u0433\u0430\u043d\u0456\u0437\u0430\u0446\u0456\u0439, \u043d\u0435\u0437\u0430\u043b\u0435\u0436\u043d\u043e \u0432\u0456\u0434 \u0440\u043e\u0437\u043c\u0456\u0440\u0443, \u044f\u043a\u0456 \u0437\u0430\u0434\u0456\u044f\u043d\u0456 \u043d\u0430 \u0431\u0443\u0434\u044c-\u044f\u043a\u043e\u043c\u0443 \u0435\u0442\u0430\u043f\u0456 \u0445\u0430\u0440\u0447\u043e\u0432\u043e\u0433\u043e \u043b\u0430\u043d\u0446\u044e\u0433\u0430 \u0456 \u0431\u0430\u0436\u0430\u044e\u0442\u044c \u0432\u043f\u0440\u043e\u0432\u0430\u0434\u0438\u0442\u0438 \u0441\u0438\u0441\u0442\u0435\u043c\u0438,...&nbsp;<a href=\"https:\/\/icrpolska.com\/ua\/certyfikacja-systemow\/iso-22000\/\" rel=\"bookmark\">\u0427\u0438\u0442\u0430\u0442\u0438 \u0434\u0430\u043b\u0456 \"<span class=\"screen-reader-text\">ISO 22000<\/span><\/a><\/p>","protected":false},"author":1,"featured_media":1067,"parent":162,"menu_order":0,"comment_status":"closed","ping_status":"closed","template":"","meta":{"neve_meta_sidebar":"","neve_meta_container":"","neve_meta_enable_content_width":"off","neve_meta_content_width":70,"neve_meta_title_alignment":"","neve_meta_author_avatar":"","neve_post_elements_order":"","neve_meta_disable_header":"","neve_meta_disable_footer":"","neve_meta_disable_title":"","footnotes":""},"class_list":["post-1954","page","type-page","status-publish","has-post-thumbnail","hentry"],"yoast_head":"<!-- This site is optimized with the Yoast SEO plugin v27.3 - https:\/\/yoast.com\/product\/yoast-seo-wordpress\/ -->\n<title>ISO 22000 - ICR POLSKA - badania i certyfikacja<\/title>\n<meta name=\"robots\" content=\"index, follow, max-snippet:-1, max-image-preview:large, max-video-preview:-1\" \/>\n<link rel=\"canonical\" href=\"https:\/\/icrpolska.com\/ua\/certyfikacja-systemow\/iso-22000\/\" \/>\n<meta property=\"og:locale\" content=\"uk_UA\" \/>\n<meta property=\"og:type\" content=\"article\" \/>\n<meta property=\"og:title\" content=\"ISO 22000 - ICR POLSKA - badania i certyfikacja\" \/>\n<meta property=\"og:description\" content=\"ISO 22000 okre\u015bla wymagania systemu zarz\u0105dzania bezpiecze\u0144stwem \u017cywno\u015bci w organizacjach z \u0142a\u0144cucha \u017cywno\u015bciowego, kt\u00f3re musz\u0105 wykaza\u0107 zdolno\u015b\u0107 do kontroli zagro\u017ce\u0144 bezpiecze\u0144stwa \u017cywno\u015bci w celu zapewnienia, \u017ce \u200b\u200b\u017cywno\u015b\u0107 jest bezpieczna w czasie spo\u017cycia przez ludzi. Standard ma zastosowanie we wszystkich organizacjach, niezale\u017cnie od wielko\u015bci, kt\u00f3re bior\u0105 udzia\u0142 w dowolnym etapie \u0142a\u0144cucha \u017cywno\u015bciowego i chc\u0105 wdro\u017cy\u0107 systemy,&hellip;&nbsp;\u0427\u0438\u0442\u0430\u0442\u0438 \u0434\u0430\u043b\u0456 &raquo;ISO 22000\" \/>\n<meta property=\"og:url\" content=\"https:\/\/icrpolska.com\/ua\/certyfikacja-systemow\/iso-22000\/\" \/>\n<meta property=\"og:site_name\" content=\"ICR POLSKA - badania i certyfikacja\" \/>\n<meta property=\"article:modified_time\" content=\"2022-09-07T21:07:25+00:00\" \/>\n<meta name=\"twitter:card\" content=\"summary_large_image\" \/>\n<meta name=\"twitter:label1\" content=\"\u041f\u0440\u0438\u0431\u043b. \u0447\u0430\u0441 \u0447\u0438\u0442\u0430\u043d\u043d\u044f\" \/>\n\t<meta name=\"twitter:data1\" content=\"1 \u0445\u0432\u0438\u043b\u0438\u043d\u0430\" \/>\n<script type=\"application\/ld+json\" class=\"yoast-schema-graph\">{\"@context\":\"https:\\\/\\\/schema.org\",\"@graph\":[{\"@type\":\"WebPage\",\"@id\":\"https:\\\/\\\/icrpolska.com\\\/certyfikacja-systemow\\\/iso-22000\\\/\",\"url\":\"https:\\\/\\\/icrpolska.com\\\/certyfikacja-systemow\\\/iso-22000\\\/\",\"name\":\"ISO 22000 - ICR POLSKA - badania i certyfikacja\",\"isPartOf\":{\"@id\":\"https:\\\/\\\/icrpolska.com\\\/#website\"},\"primaryImageOfPage\":{\"@id\":\"https:\\\/\\\/icrpolska.com\\\/certyfikacja-systemow\\\/iso-22000\\\/#primaryimage\"},\"image\":{\"@id\":\"https:\\\/\\\/icrpolska.com\\\/certyfikacja-systemow\\\/iso-22000\\\/#primaryimage\"},\"thumbnailUrl\":\"\",\"datePublished\":\"2019-05-22T19:22:21+00:00\",\"dateModified\":\"2022-09-07T21:07:25+00:00\",\"breadcrumb\":{\"@id\":\"https:\\\/\\\/icrpolska.com\\\/certyfikacja-systemow\\\/iso-22000\\\/#breadcrumb\"},\"inLanguage\":\"uk\",\"potentialAction\":[{\"@type\":\"ReadAction\",\"target\":[\"https:\\\/\\\/icrpolska.com\\\/certyfikacja-systemow\\\/iso-22000\\\/\"]}]},{\"@type\":\"ImageObject\",\"inLanguage\":\"uk\",\"@id\":\"https:\\\/\\\/icrpolska.com\\\/certyfikacja-systemow\\\/iso-22000\\\/#primaryimage\",\"url\":\"\",\"contentUrl\":\"\"},{\"@type\":\"BreadcrumbList\",\"@id\":\"https:\\\/\\\/icrpolska.com\\\/certyfikacja-systemow\\\/iso-22000\\\/#breadcrumb\",\"itemListElement\":[{\"@type\":\"ListItem\",\"position\":1,\"name\":\"Strona g\u0142\u00f3wna\",\"item\":\"https:\\\/\\\/icrpolska.com\\\/\"},{\"@type\":\"ListItem\",\"position\":2,\"name\":\"Certyfikacja system\u00f3w ISO\",\"item\":\"https:\\\/\\\/icrpolska.com\\\/certyfikacja-systemow\\\/\"},{\"@type\":\"ListItem\",\"position\":3,\"name\":\"ISO 22000\"}]},{\"@type\":\"WebSite\",\"@id\":\"https:\\\/\\\/icrpolska.com\\\/#website\",\"url\":\"https:\\\/\\\/icrpolska.com\\\/\",\"name\":\"ICR POLSKA - badania i certyfikacja\",\"description\":\"CE certification, CE certificate, ISO certificate, RED testing, product testing and certification, electrical product testing, medical device testing, ATEX, IECEx, FCC, product certification, EMC testing, machinery certification, CE machines, training, electronic product testing, testing 2014\\\/53\\\/EU, drone certification, ISO 13485 certificate, ISO 9001 certificate, NC RfG, CPR\",\"publisher\":{\"@id\":\"https:\\\/\\\/icrpolska.com\\\/#\\\/schema\\\/person\\\/8601820fc0521fc7bf75ae141134fbfd\"},\"potentialAction\":[{\"@type\":\"SearchAction\",\"target\":{\"@type\":\"EntryPoint\",\"urlTemplate\":\"https:\\\/\\\/icrpolska.com\\\/?s={search_term_string}\"},\"query-input\":{\"@type\":\"PropertyValueSpecification\",\"valueRequired\":true,\"valueName\":\"search_term_string\"}}],\"inLanguage\":\"uk\"},{\"@type\":[\"Person\",\"Organization\"],\"@id\":\"https:\\\/\\\/icrpolska.com\\\/#\\\/schema\\\/person\\\/8601820fc0521fc7bf75ae141134fbfd\",\"name\":\"admin\",\"image\":{\"@type\":\"ImageObject\",\"inLanguage\":\"uk\",\"@id\":\"https:\\\/\\\/icrpolska.com\\\/wp-content\\\/uploads\\\/2019\\\/05\\\/cropped-logo-icr.32f04ad5-1-1.png\",\"url\":\"https:\\\/\\\/icrpolska.com\\\/wp-content\\\/uploads\\\/2019\\\/05\\\/cropped-logo-icr.32f04ad5-1-1.png\",\"contentUrl\":\"https:\\\/\\\/icrpolska.com\\\/wp-content\\\/uploads\\\/2019\\\/05\\\/cropped-logo-icr.32f04ad5-1-1.png\",\"width\":400,\"height\":148,\"caption\":\"admin\"},\"logo\":{\"@id\":\"https:\\\/\\\/icrpolska.com\\\/wp-content\\\/uploads\\\/2019\\\/05\\\/cropped-logo-icr.32f04ad5-1-1.png\"}}]}<\/script>\n<!-- \/ Yoast SEO plugin. -->","yoast_head_json":{"title":"ISO 22000 - ICR POLAND - \u0432\u0438\u043f\u0440\u043e\u0431\u0443\u0432\u0430\u043d\u043d\u044f \u0442\u0430 \u0441\u0435\u0440\u0442\u0438\u0444\u0456\u043a\u0430\u0446\u0456\u044f","robots":{"index":"index","follow":"follow","max-snippet":"max-snippet:-1","max-image-preview":"max-image-preview:large","max-video-preview":"max-video-preview:-1"},"canonical":"https:\/\/icrpolska.com\/ua\/certyfikacja-systemow\/iso-22000\/","og_locale":"uk_UA","og_type":"article","og_title":"ISO 22000 - ICR POLSKA - badania i certyfikacja","og_description":"ISO 22000 okre\u015bla wymagania systemu zarz\u0105dzania bezpiecze\u0144stwem \u017cywno\u015bci w organizacjach z \u0142a\u0144cucha \u017cywno\u015bciowego, kt\u00f3re musz\u0105 wykaza\u0107 zdolno\u015b\u0107 do kontroli zagro\u017ce\u0144 bezpiecze\u0144stwa \u017cywno\u015bci w celu zapewnienia, \u017ce \u200b\u200b\u017cywno\u015b\u0107 jest bezpieczna w czasie spo\u017cycia przez ludzi. Standard ma zastosowanie we wszystkich organizacjach, niezale\u017cnie od wielko\u015bci, kt\u00f3re bior\u0105 udzia\u0142 w dowolnym etapie \u0142a\u0144cucha \u017cywno\u015bciowego i chc\u0105 wdro\u017cy\u0107 systemy,&hellip;&nbsp;\u0427\u0438\u0442\u0430\u0442\u0438 \u0434\u0430\u043b\u0456 &raquo;ISO 22000","og_url":"https:\/\/icrpolska.com\/ua\/certyfikacja-systemow\/iso-22000\/","og_site_name":"ICR POLSKA - badania i certyfikacja","article_modified_time":"2022-09-07T21:07:25+00:00","twitter_card":"summary_large_image","twitter_misc":{"\u041f\u0440\u0438\u0431\u043b. \u0447\u0430\u0441 \u0447\u0438\u0442\u0430\u043d\u043d\u044f":"1 \u0445\u0432\u0438\u043b\u0438\u043d\u0430"},"schema":{"@context":"https:\/\/schema.org","@graph":[{"@type":"WebPage","@id":"https:\/\/icrpolska.com\/certyfikacja-systemow\/iso-22000\/","url":"https:\/\/icrpolska.com\/certyfikacja-systemow\/iso-22000\/","name":"ISO 22000 - ICR POLAND - \u0432\u0438\u043f\u0440\u043e\u0431\u0443\u0432\u0430\u043d\u043d\u044f \u0442\u0430 \u0441\u0435\u0440\u0442\u0438\u0444\u0456\u043a\u0430\u0446\u0456\u044f","isPartOf":{"@id":"https:\/\/icrpolska.com\/#website"},"primaryImageOfPage":{"@id":"https:\/\/icrpolska.com\/certyfikacja-systemow\/iso-22000\/#primaryimage"},"image":{"@id":"https:\/\/icrpolska.com\/certyfikacja-systemow\/iso-22000\/#primaryimage"},"thumbnailUrl":"","datePublished":"2019-05-22T19:22:21+00:00","dateModified":"2022-09-07T21:07:25+00:00","breadcrumb":{"@id":"https:\/\/icrpolska.com\/certyfikacja-systemow\/iso-22000\/#breadcrumb"},"inLanguage":"uk","potentialAction":[{"@type":"ReadAction","target":["https:\/\/icrpolska.com\/certyfikacja-systemow\/iso-22000\/"]}]},{"@type":"ImageObject","inLanguage":"uk","@id":"https:\/\/icrpolska.com\/certyfikacja-systemow\/iso-22000\/#primaryimage","url":"","contentUrl":""},{"@type":"BreadcrumbList","@id":"https:\/\/icrpolska.com\/certyfikacja-systemow\/iso-22000\/#breadcrumb","itemListElement":[{"@type":"ListItem","position":1,"name":"Strona g\u0142\u00f3wna","item":"https:\/\/icrpolska.com\/"},{"@type":"ListItem","position":2,"name":"Certyfikacja system\u00f3w ISO","item":"https:\/\/icrpolska.com\/certyfikacja-systemow\/"},{"@type":"ListItem","position":3,"name":"ISO 22000"}]},{"@type":"WebSite","@id":"https:\/\/icrpolska.com\/#website","url":"https:\/\/icrpolska.com\/","name":"ICR POLAND - \u0442\u0435\u0441\u0442\u0443\u0432\u0430\u043d\u043d\u044f \u0442\u0430 \u0441\u0435\u0440\u0442\u0438\u0444\u0456\u043a\u0430\u0446\u0456\u044f","description":"\u0421\u0435\u0440\u0442\u0438\u0444\u0456\u043a\u0430\u0446\u0456\u044f CE, \u0441\u0435\u0440\u0442\u0438\u0444\u0456\u043a\u0430\u0442 CE, \u0441\u0435\u0440\u0442\u0438\u0444\u0456\u043a\u0430\u0442 ISO, \u0432\u0438\u043f\u0440\u043e\u0431\u0443\u0432\u0430\u043d\u043d\u044f RED, \u0432\u0438\u043f\u0440\u043e\u0431\u0443\u0432\u0430\u043d\u043d\u044f \u0442\u0430 \u0441\u0435\u0440\u0442\u0438\u0444\u0456\u043a\u0430\u0446\u0456\u044f \u043f\u0440\u043e\u0434\u0443\u043a\u0446\u0456\u0457, \u0432\u0438\u043f\u0440\u043e\u0431\u0443\u0432\u0430\u043d\u043d\u044f \u0435\u043b\u0435\u043a\u0442\u0440\u043e\u0442\u0435\u0445\u043d\u0456\u0447\u043d\u0438\u0445 \u0432\u0438\u0440\u043e\u0431\u0456\u0432, \u0432\u0438\u043f\u0440\u043e\u0431\u0443\u0432\u0430\u043d\u043d\u044f \u043c\u0435\u0434\u0438\u0447\u043d\u0438\u0445 \u0432\u0438\u0440\u043e\u0431\u0456\u0432, ATEX, IECEx, FCC, \u0441\u0435\u0440\u0442\u0438\u0444\u0456\u043a\u0430\u0446\u0456\u044f \u043f\u0440\u043e\u0434\u0443\u043a\u0446\u0456\u0457, \u0432\u0438\u043f\u0440\u043e\u0431\u0443\u0432\u0430\u043d\u043d\u044f \u0415\u041c\u0421, \u0441\u0435\u0440\u0442\u0438\u0444\u0456\u043a\u0430\u0446\u0456\u044f \u043c\u0430\u0448\u0438\u043d, \u043c\u0430\u0448\u0438\u043d\u0438 CE, \u043d\u0430\u0432\u0447\u0430\u043d\u043d\u044f, \u0432\u0438\u043f\u0440\u043e\u0431\u0443\u0432\u0430\u043d\u043d\u044f \u0435\u043b\u0435\u043a\u0442\u0440\u043e\u043d\u043d\u0438\u0445 \u0432\u0438\u0440\u043e\u0431\u0456\u0432, \u0432\u0438\u043f\u0440\u043e\u0431\u0443\u0432\u0430\u043d\u043d\u044f 2014\/53\/EU, \u0441\u0435\u0440\u0442\u0438\u0444\u0456\u043a\u0430\u0446\u0456\u044f \u0431\u0435\u0437\u043f\u0456\u043b\u043e\u0442\u043d\u0438\u043a\u0456\u0432, \u0441\u0435\u0440\u0442\u0438\u0444\u0456\u043a\u0430\u0442 ISO 13485, \u0441\u0435\u0440\u0442\u0438\u0444\u0456\u043a\u0430\u0442 ISO 9001, NC RfG, CPR","publisher":{"@id":"https:\/\/icrpolska.com\/#\/schema\/person\/8601820fc0521fc7bf75ae141134fbfd"},"potentialAction":[{"@type":"SearchAction","target":{"@type":"EntryPoint","urlTemplate":"https:\/\/icrpolska.com\/?s={search_term_string}"},"query-input":{"@type":"PropertyValueSpecification","valueRequired":true,"valueName":"search_term_string"}}],"inLanguage":"uk"},{"@type":["Person","Organization"],"@id":"https:\/\/icrpolska.com\/#\/schema\/person\/8601820fc0521fc7bf75ae141134fbfd","name":"\u0430\u0434\u043c\u0456\u043d\u0456\u0441\u0442\u0440\u0430\u0442\u043e\u0440","image":{"@type":"ImageObject","inLanguage":"uk","@id":"https:\/\/icrpolska.com\/wp-content\/uploads\/2019\/05\/cropped-logo-icr.32f04ad5-1-1.png","url":"https:\/\/icrpolska.com\/wp-content\/uploads\/2019\/05\/cropped-logo-icr.32f04ad5-1-1.png","contentUrl":"https:\/\/icrpolska.com\/wp-content\/uploads\/2019\/05\/cropped-logo-icr.32f04ad5-1-1.png","width":400,"height":148,"caption":"admin"},"logo":{"@id":"https:\/\/icrpolska.com\/wp-content\/uploads\/2019\/05\/cropped-logo-icr.32f04ad5-1-1.png"}}]}},"_links":{"self":[{"href":"https:\/\/icrpolska.com\/ua\/wp-json\/wp\/v2\/pages\/1954","targetHints":{"allow":["GET"]}}],"collection":[{"href":"https:\/\/icrpolska.com\/ua\/wp-json\/wp\/v2\/pages"}],"about":[{"href":"https:\/\/icrpolska.com\/ua\/wp-json\/wp\/v2\/types\/page"}],"author":[{"embeddable":true,"href":"https:\/\/icrpolska.com\/ua\/wp-json\/wp\/v2\/users\/1"}],"replies":[{"embeddable":true,"href":"https:\/\/icrpolska.com\/ua\/wp-json\/wp\/v2\/comments?post=1954"}],"version-history":[{"count":1,"href":"https:\/\/icrpolska.com\/ua\/wp-json\/wp\/v2\/pages\/1954\/revisions"}],"predecessor-version":[{"id":3293,"href":"https:\/\/icrpolska.com\/ua\/wp-json\/wp\/v2\/pages\/1954\/revisions\/3293"}],"up":[{"embeddable":true,"href":"https:\/\/icrpolska.com\/ua\/wp-json\/wp\/v2\/pages\/162"}],"wp:featuredmedia":[{"embeddable":true,"href":"https:\/\/icrpolska.com\/ua\/wp-json\/"}],"wp:attachment":[{"href":"https:\/\/icrpolska.com\/ua\/wp-json\/wp\/v2\/media?parent=1954"}],"curies":[{"name":"wp","href":"https:\/\/api.w.org\/{rel}","templated":true}]}}