{"id":2017,"date":"2019-05-28T10:56:22","date_gmt":"2019-05-28T10:56:22","guid":{"rendered":"http:\/\/icrpolska.e-ksperci.pl\/?page_id=2017"},"modified":"2024-03-26T11:59:34","modified_gmt":"2024-03-26T10:59:34","slug":"md-2006-42-we-bezpieczenstwo-maszyn","status":"publish","type":"page","link":"https:\/\/icrpolska.com\/ua\/certyfikacja-wyrobow\/md-2006-42-we-bezpieczenstwo-maszyn\/","title":{"rendered":"MD 2006\/42\/EC - \u0411\u0435\u0437\u043f\u0435\u043a\u0430 \u043c\u0430\u0448\u0438\u043d \u0456 \u043c\u0435\u0445\u0430\u043d\u0456\u0437\u043c\u0456\u0432"},"content":{"rendered":"<p><span style=\"font-weight: 400;\">\u041e\u0431\u043e\u0432'\u044f\u0437\u043a\u043e\u0432\u0430 \u043f\u0440\u043e\u0433\u0440\u0430\u043c\u0430 \u043e\u0446\u0456\u043d\u043a\u0438 \u0432\u0456\u0434\u043f\u043e\u0432\u0456\u0434\u043d\u043e\u0441\u0442\u0456 \u0414\u0438\u0440\u0435\u043a\u0442\u0438\u0432\u0438 \u043f\u0440\u043e \u043c\u0430\u0448\u0438\u043d\u043d\u0435 \u043e\u0431\u043b\u0430\u0434\u043d\u0430\u043d\u043d\u044f \u043e\u0445\u043e\u043f\u043b\u044e\u0454 \u043f\u0440\u043e\u0434\u0443\u043a\u0446\u0456\u044e, \u043f\u0435\u0440\u0435\u0440\u0430\u0445\u043e\u0432\u0430\u043d\u0443 \u0432 \u0414\u043e\u0434\u0430\u0442\u043a\u0443 IV \u0434\u043e \u0414\u0438\u0440\u0435\u043a\u0442\u0438\u0432\u0438. \u0414\u043e \u043d\u0438\u0445 \u0432\u0456\u0434\u043d\u043e\u0441\u044f\u0442\u044c\u0441\u044f<\/span><\/p>\n<ul>\n<li style=\"font-weight: 400;\"><span style=\"font-weight: 400;\">\u041c\u0435\u0445\u0430\u043d\u0456\u0447\u043d\u0456, \u0433\u0456\u0434\u0440\u0430\u0432\u043b\u0456\u0447\u043d\u0456 \u0442\u0430 \u043f\u043d\u0435\u0432\u043c\u0430\u0442\u0438\u0447\u043d\u0456 \u043f\u0440\u0435\u0441\u0438, \u0432\u043a\u043b\u044e\u0447\u0430\u044e\u0447\u0438 \u043f\u0440\u0435\u0441-\u0433\u0430\u043b\u044c\u043c\u0430, \u0434\u043b\u044f \u0445\u043e\u043b\u043e\u0434\u043d\u043e\u0457 \u043e\u0431\u0440\u043e\u0431\u043a\u0438 \u043c\u0435\u0442\u0430\u043b\u0456\u0432;<\/span><\/li>\n<li style=\"font-weight: 400;\"><span style=\"font-weight: 400;\">\u041c\u0430\u0448\u0438\u043d\u0438 \u0434\u043b\u044f \u043b\u0438\u0442\u0442\u044f \u043f\u043b\u0430\u0441\u0442\u043c\u0430\u0441 \u043f\u0456\u0434 \u0442\u0438\u0441\u043a\u043e\u043c \u0430\u0431\u043e \u043f\u0440\u0435\u0441\u0438, \u0437 \u0440\u0443\u0447\u043d\u0438\u043c \u0437\u0430\u0432\u0430\u043d\u0442\u0430\u0436\u0435\u043d\u043d\u044f\u043c \u0456 \u0440\u043e\u0437\u0432\u0430\u043d\u0442\u0430\u0436\u0435\u043d\u043d\u044f\u043c;<\/span><\/li>\n<li style=\"font-weight: 400;\"><span style=\"font-weight: 400;\">\u041c\u0430\u0448\u0438\u043d\u0438 \u0434\u043b\u044f \u043b\u0438\u0442\u0442\u044f \u043f\u0456\u0434 \u0442\u0438\u0441\u043a\u043e\u043c \u0430\u0431\u043e \u043f\u0440\u0435\u0441\u0438 \u0434\u043b\u044f \u0433\u0443\u043c\u043e\u0432\u0438\u0445 \u0432\u0438\u0440\u043e\u0431\u0456\u0432, \u0437 \u0440\u0443\u0447\u043d\u0438\u043c \u0437\u0430\u0432\u0430\u043d\u0442\u0430\u0436\u0435\u043d\u043d\u044f\u043c \u0430\u0431\u043e \u0432\u0438\u0432\u0430\u043d\u0442\u0430\u0436\u0435\u043d\u043d\u044f\u043c;<\/span><\/li>\n<li style=\"font-weight: 400;\"><span style=\"font-weight: 400;\">\u0426\u0438\u0440\u043a\u0443\u043b\u044f\u0440\u043d\u0456 \u043f\u0438\u043b\u043a\u0438, \u0441\u0442\u0440\u0456\u0447\u043a\u043e\u0432\u0456 \u043f\u0438\u043b\u043a\u0438;<\/span><\/li>\n<li style=\"font-weight: 400;\"><span style=\"font-weight: 400;\">\u0420\u0443\u0431\u0430\u043d\u043e\u043a;<\/span><\/li>\n<li style=\"font-weight: 400;\"><span style=\"font-weight: 400;\">\u0424\u0440\u0435\u0437\u0435\u0440\u043d\u0456 \u0432\u0435\u0440\u0441\u0442\u0430\u0442\u0438;<\/span><\/li>\n<li style=\"font-weight: 400;\"><span style=\"font-weight: 400;\">\u041f\u0456\u0434\u0439\u043e\u043c\u043d\u0438\u043a\u0438 \u0434\u043b\u044f \u043e\u0431\u0441\u043b\u0443\u0433\u043e\u0432\u0443\u0432\u0430\u043d\u043d\u044f \u0430\u0432\u0442\u043e\u043c\u043e\u0431\u0456\u043b\u0456\u0432;<\/span><\/li>\n<li style=\"font-weight: 400;\"><span style=\"font-weight: 400;\">\u041e\u0431\u043b\u0430\u0434\u043d\u0430\u043d\u043d\u044f \u0434\u043b\u044f \u043f\u0456\u0434\u0439\u043e\u043c\u0443 \u043b\u044e\u0434\u0435\u0439 \u0430\u0431\u043e \u043b\u044e\u0434\u0435\u0439 \u0456 \u0432\u0430\u043d\u0442\u0430\u0436\u0456\u0432 \u0437 \u0440\u0438\u0437\u0438\u043a\u043e\u043c \u043f\u0430\u0434\u0456\u043d\u043d\u044f \u0437 \u0432\u0438\u0441\u043e\u0442\u0438 \u043f\u043e\u043d\u0430\u0434 3 \u043c\u0435\u0442\u0440\u0438<\/span><\/li>\n<\/ul>\n<p><span style=\"font-weight: 400;\">\u0430 \u0442\u0430\u043a\u043e\u0436:<\/span><\/p>\n<ul>\n<li style=\"font-weight: 400;\"><span style=\"font-weight: 400;\">\u0417\u0430\u0445\u0438\u0441\u043d\u0456 \u043f\u0440\u0438\u0441\u0442\u0440\u043e\u0457, \u043f\u0440\u0438\u0437\u043d\u0430\u0447\u0435\u043d\u0456 \u0434\u043b\u044f \u0432\u0438\u044f\u0432\u043b\u0435\u043d\u043d\u044f \u043f\u0440\u0438\u0441\u0443\u0442\u043d\u043e\u0441\u0442\u0456 \u043b\u044e\u0434\u0435\u0439;<\/span><\/li>\n<li style=\"font-weight: 400;\"><span style=\"font-weight: 400;\">\u041b\u043e\u0433\u0456\u0447\u043d\u0456 \u0441\u0445\u0435\u043c\u0438 \u0434\u043b\u044f \u0437\u0430\u0431\u0435\u0437\u043f\u0435\u0447\u0435\u043d\u043d\u044f \u0444\u0443\u043d\u043a\u0446\u0456\u0439 \u0431\u0435\u0437\u043f\u0435\u043a\u0438.<\/span><\/li>\n<\/ul>\n<p><span style=\"font-weight: 400;\">\u041f\u043e\u0437\u0438\u0442\u0438\u0432\u043d\u0430 \u043e\u0431\u043e\u0432'\u044f\u0437\u043a\u043e\u0432\u0430 \u043e\u0446\u0456\u043d\u043a\u0430 \u043f\u0440\u043e\u0434\u0443\u043a\u0442\u0443, \u0449\u043e \u043f\u0456\u0434\u043f\u0430\u0434\u0430\u0454 \u043f\u0456\u0434 \u0434\u0456\u044e \u0414\u0438\u0440\u0435\u043a\u0442\u0438\u0432\u0438 \u043f\u0440\u043e \u043c\u0430\u0448\u0438\u043d\u043d\u0435 \u043e\u0431\u043b\u0430\u0434\u043d\u0430\u043d\u043d\u044f, \u043f\u0456\u0434\u0441\u0443\u043c\u043e\u0432\u0443\u0454\u0442\u044c\u0441\u044f \u0432\u0438\u0434\u0430\u0447\u0435\u044e \u0441\u0435\u0440\u0442\u0438\u0444\u0456\u043a\u0430\u0442\u0430 \u043f\u0435\u0440\u0435\u0432\u0456\u0440\u043a\u0438 \u0442\u0438\u043f\u0443 \u0404\u0421 (\u0441\u0435\u0440\u0442\u0438\u0444\u0456\u043a\u0430\u0442 \u0442\u0438\u043f\u0443 \u0404\u0421).<\/span><\/p>\n<p><strong>\u0427\u0438\u0442\u0430\u0439\u0442\u0435 \u0434\u0430\u043b\u0456:<\/strong><\/p>\n<p><a href=\"https:\/\/icrpolska.com\/wp-content\/uploads\/2019\/06\/Program-oceny-zgodno\u015bci-w-zakresie-MD.pdf\" target=\"_blank\" rel=\"noopener noreferrer\"><img decoding=\"async\" class=\"wp-image-2679 alignnone\" src=\"https:\/\/icrpolska.com\/wp-content\/uploads\/2019\/06\/adobe.jpg\" alt=\"\" width=\"20\" height=\"21\" srcset=\"https:\/\/icrpolska.com\/wp-content\/uploads\/2019\/06\/adobe.jpg 218w, https:\/\/icrpolska.com\/wp-content\/uploads\/2019\/06\/adobe-150x150.jpg 150w\" sizes=\"(max-width: 20px) 100vw, 20px\" \/><\/a><a href=\"https:\/\/icrpolska.com\/wp-content\/uploads\/2021\/01\/PC-P-07-03_16.pdf\" target=\"_blank\" rel=\"noopener noreferrer\">\u00a0\u041f\u0440\u043e\u0433\u0440\u0430\u043c\u0430 \u043e\u0446\u0456\u043d\u043a\u0438 MD (2006\/42\/E\u0421)<\/a><a href=\"https:\/\/icrpolska.com\/wp-content\/uploads\/2020\/10\/PC-P-07-03_Program_MD15.pdf\" target=\"_blank\" rel=\"noopener noreferrer\"> + <\/a><a href=\"https:\/\/icrpolska.com\/wp-content\/uploads\/2023\/11\/F-P-07-36_05a_MD.pdf\" target=\"_blank\" rel=\"noopener noreferrer\">\u043f\u0435\u0440\u0435\u043b\u0456\u043a \u0442\u0435\u0445\u043d\u0456\u0447\u043d\u0438\u0445 \u0445\u0430\u0440\u0430\u043a\u0442\u0435\u0440\u0438\u0441\u0442\u0438\u043a<\/a><\/p>\n<p><a href=\"http:\/\/icrpolska.com\/wp-content\/uploads\/2019\/06\/Wniosek-o-certyfikacj\u0119-systemu.docx\"><img decoding=\"async\" class=\"alignnone wp-image-2678\" src=\"http:\/\/icrpolska.com\/wp-content\/uploads\/2019\/06\/word.jpg\" alt=\"\" width=\"20\" height=\"20\" srcset=\"https:\/\/icrpolska.com\/wp-content\/uploads\/2019\/06\/word.jpg 208w, https:\/\/icrpolska.com\/wp-content\/uploads\/2019\/06\/word-150x150.jpg 150w\" sizes=\"(max-width: 20px) 100vw, 20px\" \/><\/a><a href=\"https:\/\/icrpolska.com\/wp-content\/uploads\/2024\/03\/F-P-07-02_9.docx\" target=\"_blank\" rel=\"noopener noreferrer\">\u00a0\u0417\u0430\u044f\u0432\u043a\u0430_\u0417\u0430\u044f\u0432\u043a\u0430_\u041e\u0431\u043e\u0432'\u044f\u0437\u043a\u043e\u0432\u0430 \u043e\u0446\u0456\u043d\u043a\u0430<\/a><\/p>","protected":false},"excerpt":{"rendered":"<p>\u041e\u0431\u043e\u0432'\u044f\u0437\u043a\u043e\u0432\u0430 \u043f\u0440\u043e\u0433\u0440\u0430\u043c\u0430 \u043e\u0446\u0456\u043d\u043a\u0438 \u0432\u0456\u0434\u043f\u043e\u0432\u0456\u0434\u043d\u043e\u0441\u0442\u0456 \u0414\u0438\u0440\u0435\u043a\u0442\u0438\u0432\u0438 \u043f\u0440\u043e \u043c\u0430\u0448\u0438\u043d\u043d\u0435 \u043e\u0431\u043b\u0430\u0434\u043d\u0430\u043d\u043d\u044f \u043e\u0445\u043e\u043f\u043b\u044e\u0454 \u043f\u0440\u043e\u0434\u0443\u043a\u0446\u0456\u044e, \u043f\u0435\u0440\u0435\u0440\u0430\u0445\u043e\u0432\u0430\u043d\u0443 \u0432 \u0414\u043e\u0434\u0430\u0442\u043a\u0443 IV \u0434\u043e \u0414\u0438\u0440\u0435\u043a\u0442\u0438\u0432\u0438. \u0414\u043e \u043d\u0438\u0445 \u0432\u0456\u0434\u043d\u043e\u0441\u044f\u0442\u044c\u0441\u044f: \u043c\u0435\u0445\u0430\u043d\u0456\u0447\u043d\u0456, \u0433\u0456\u0434\u0440\u0430\u0432\u043b\u0456\u0447\u043d\u0456 \u0442\u0430 \u043f\u043d\u0435\u0432\u043c\u0430\u0442\u0438\u0447\u043d\u0456 \u043f\u0440\u0435\u0441\u0438, \u0432\u043a\u043b\u044e\u0447\u0430\u044e\u0447\u0438 \u043f\u0440\u0435\u0441-\u0433\u0430\u043b\u044c\u043c\u0430, \u0434\u043b\u044f \u0445\u043e\u043b\u043e\u0434\u043d\u043e\u0457 \u043e\u0431\u0440\u043e\u0431\u043a\u0438 \u043c\u0435\u0442\u0430\u043b\u0456\u0432; \u043c\u0430\u0448\u0438\u043d\u0438 \u0434\u043b\u044f \u043b\u0438\u0442\u0442\u044f \u043f\u0456\u0434 \u0442\u0438\u0441\u043a\u043e\u043c \u0430\u0431\u043e \u043f\u0440\u0435\u0441\u0438 \u0434\u043b\u044f \u043f\u043b\u0430\u0441\u0442\u043c\u0430\u0441 \u0437 \u0440\u0443\u0447\u043d\u0438\u043c \u0437\u0430\u0432\u0430\u043d\u0442\u0430\u0436\u0435\u043d\u043d\u044f\u043c \u0430\u0431\u043e \u0440\u043e\u0437\u0432\u0430\u043d\u0442\u0430\u0436\u0435\u043d\u043d\u044f\u043c; \u043c\u0430\u0448\u0438\u043d\u0438 \u0434\u043b\u044f \u043b\u0438\u0442\u0442\u044f \u043f\u0456\u0434 \u0442\u0438\u0441\u043a\u043e\u043c \u0430\u0431\u043e \u043f\u0440\u0435\u0441\u0438 \u0434\u043b\u044f \u0433\u0443\u043c\u043e\u0432\u0438\u0445 \u0432\u0438\u0440\u043e\u0431\u0456\u0432 \u0437 \u0440\u0443\u0447\u043d\u0438\u043c \u0437\u0430\u0432\u0430\u043d\u0442\u0430\u0436\u0435\u043d\u043d\u044f\u043c \u0430\u0431\u043e \u0440\u043e\u0437\u0432\u0430\u043d\u0442\u0430\u0436\u0435\u043d\u043d\u044f\u043c;....&nbsp;<a href=\"https:\/\/icrpolska.com\/ua\/certyfikacja-wyrobow\/md-2006-42-we-bezpieczenstwo-maszyn\/\" rel=\"bookmark\">\u0427\u0438\u0442\u0430\u0442\u0438 \u0434\u0430\u043b\u0456 \"<span class=\"screen-reader-text\">MD 2006\/42\/EC - \u0411\u0435\u0437\u043f\u0435\u043a\u0430 \u043c\u0430\u0448\u0438\u043d \u0456 \u043c\u0435\u0445\u0430\u043d\u0456\u0437\u043c\u0456\u0432<\/span><\/a><\/p>","protected":false},"author":1,"featured_media":1147,"parent":211,"menu_order":0,"comment_status":"closed","ping_status":"closed","template":"","meta":{"neve_meta_sidebar":"","neve_meta_container":"","neve_meta_enable_content_width":"off","neve_meta_content_width":70,"neve_meta_title_alignment":"","neve_meta_author_avatar":"","neve_post_elements_order":"","neve_meta_disable_header":"","neve_meta_disable_footer":"","neve_meta_disable_title":"","footnotes":""},"class_list":["post-2017","page","type-page","status-publish","has-post-thumbnail","hentry"],"yoast_head":"<!-- This site is optimized with the Yoast SEO plugin v27.3 - https:\/\/yoast.com\/product\/yoast-seo-wordpress\/ -->\n<title>MD 2006\/42\/WE \u2013 bezpiecze\u0144stwo maszyn - ICR POLSKA - badania i certyfikacja<\/title>\n<meta name=\"robots\" content=\"index, follow, max-snippet:-1, max-image-preview:large, max-video-preview:-1\" \/>\n<link rel=\"canonical\" href=\"https:\/\/icrpolska.com\/ua\/certyfikacja-wyrobow\/md-2006-42-we-bezpieczenstwo-maszyn\/\" \/>\n<meta property=\"og:locale\" content=\"uk_UA\" \/>\n<meta property=\"og:type\" content=\"article\" \/>\n<meta property=\"og:title\" content=\"MD 2006\/42\/WE \u2013 bezpiecze\u0144stwo maszyn - ICR POLSKA - badania i certyfikacja\" \/>\n<meta property=\"og:description\" content=\"Programem obowi\u0105zkowej oceny zgodno\u015bci w zakresie dyrektywy maszynowej obj\u0119te s\u0105 wyroby wymienione w Za\u0142\u0105czniku IV Dyrektywy. S\u0105 to m.in.: Prasy mechaniczne, hydrauliczne i pneumatyczne, w tym prasy kraw\u0119dziowe, do obr\u00f3bki metali na zimno; Wtryskarki lub prasy do tworzyw sztucznych, z r\u0119cznym podawaniem lub odbieraniem; Wtryskarki lub prasy do wyrob\u00f3w gumowych, z r\u0119cznym podawaniem lub odbieraniem;&hellip;&nbsp;\u0427\u0438\u0442\u0430\u0442\u0438 \u0434\u0430\u043b\u0456 &raquo;MD 2006\/42\/WE \u2013 bezpiecze\u0144stwo maszyn\" \/>\n<meta property=\"og:url\" content=\"https:\/\/icrpolska.com\/ua\/certyfikacja-wyrobow\/md-2006-42-we-bezpieczenstwo-maszyn\/\" \/>\n<meta property=\"og:site_name\" content=\"ICR POLSKA - badania i certyfikacja\" \/>\n<meta property=\"article:modified_time\" content=\"2024-03-26T10:59:34+00:00\" \/>\n<meta name=\"twitter:card\" content=\"summary_large_image\" \/>\n<meta name=\"twitter:label1\" content=\"\u041f\u0440\u0438\u0431\u043b. \u0447\u0430\u0441 \u0447\u0438\u0442\u0430\u043d\u043d\u044f\" \/>\n\t<meta name=\"twitter:data1\" content=\"2 \u0445\u0432\u0438\u043b\u0438\u043d\u0438\" \/>\n<script type=\"application\/ld+json\" class=\"yoast-schema-graph\">{\"@context\":\"https:\\\/\\\/schema.org\",\"@graph\":[{\"@type\":\"WebPage\",\"@id\":\"https:\\\/\\\/icrpolska.com\\\/certyfikacja-wyrobow\\\/md-2006-42-we-bezpieczenstwo-maszyn\\\/\",\"url\":\"https:\\\/\\\/icrpolska.com\\\/certyfikacja-wyrobow\\\/md-2006-42-we-bezpieczenstwo-maszyn\\\/\",\"name\":\"MD 2006\\\/42\\\/WE \u2013 bezpiecze\u0144stwo maszyn - ICR POLSKA - badania i certyfikacja\",\"isPartOf\":{\"@id\":\"https:\\\/\\\/icrpolska.com\\\/#website\"},\"primaryImageOfPage\":{\"@id\":\"https:\\\/\\\/icrpolska.com\\\/certyfikacja-wyrobow\\\/md-2006-42-we-bezpieczenstwo-maszyn\\\/#primaryimage\"},\"image\":{\"@id\":\"https:\\\/\\\/icrpolska.com\\\/certyfikacja-wyrobow\\\/md-2006-42-we-bezpieczenstwo-maszyn\\\/#primaryimage\"},\"thumbnailUrl\":\"\",\"datePublished\":\"2019-05-28T10:56:22+00:00\",\"dateModified\":\"2024-03-26T10:59:34+00:00\",\"breadcrumb\":{\"@id\":\"https:\\\/\\\/icrpolska.com\\\/certyfikacja-wyrobow\\\/md-2006-42-we-bezpieczenstwo-maszyn\\\/#breadcrumb\"},\"inLanguage\":\"uk\",\"potentialAction\":[{\"@type\":\"ReadAction\",\"target\":[\"https:\\\/\\\/icrpolska.com\\\/certyfikacja-wyrobow\\\/md-2006-42-we-bezpieczenstwo-maszyn\\\/\"]}]},{\"@type\":\"ImageObject\",\"inLanguage\":\"uk\",\"@id\":\"https:\\\/\\\/icrpolska.com\\\/certyfikacja-wyrobow\\\/md-2006-42-we-bezpieczenstwo-maszyn\\\/#primaryimage\",\"url\":\"\",\"contentUrl\":\"\"},{\"@type\":\"BreadcrumbList\",\"@id\":\"https:\\\/\\\/icrpolska.com\\\/certyfikacja-wyrobow\\\/md-2006-42-we-bezpieczenstwo-maszyn\\\/#breadcrumb\",\"itemListElement\":[{\"@type\":\"ListItem\",\"position\":1,\"name\":\"Strona g\u0142\u00f3wna\",\"item\":\"https:\\\/\\\/icrpolska.com\\\/\"},{\"@type\":\"ListItem\",\"position\":2,\"name\":\"Certyfikacja wyrob\u00f3w\",\"item\":\"https:\\\/\\\/icrpolska.com\\\/certyfikacja-wyrobow\\\/\"},{\"@type\":\"ListItem\",\"position\":3,\"name\":\"MD 2006\\\/42\\\/WE \u2013 bezpiecze\u0144stwo maszyn\"}]},{\"@type\":\"WebSite\",\"@id\":\"https:\\\/\\\/icrpolska.com\\\/#website\",\"url\":\"https:\\\/\\\/icrpolska.com\\\/\",\"name\":\"ICR POLSKA - badania i certyfikacja\",\"description\":\"CE certification, CE certificate, ISO certificate, RED testing, product testing and certification, electrical product testing, medical device testing, ATEX, IECEx, FCC, product certification, EMC testing, machinery certification, CE machines, training, electronic product testing, testing 2014\\\/53\\\/EU, drone certification, ISO 13485 certificate, ISO 9001 certificate, NC RfG, CPR\",\"publisher\":{\"@id\":\"https:\\\/\\\/icrpolska.com\\\/#\\\/schema\\\/person\\\/8601820fc0521fc7bf75ae141134fbfd\"},\"potentialAction\":[{\"@type\":\"SearchAction\",\"target\":{\"@type\":\"EntryPoint\",\"urlTemplate\":\"https:\\\/\\\/icrpolska.com\\\/?s={search_term_string}\"},\"query-input\":{\"@type\":\"PropertyValueSpecification\",\"valueRequired\":true,\"valueName\":\"search_term_string\"}}],\"inLanguage\":\"uk\"},{\"@type\":[\"Person\",\"Organization\"],\"@id\":\"https:\\\/\\\/icrpolska.com\\\/#\\\/schema\\\/person\\\/8601820fc0521fc7bf75ae141134fbfd\",\"name\":\"admin\",\"image\":{\"@type\":\"ImageObject\",\"inLanguage\":\"uk\",\"@id\":\"https:\\\/\\\/icrpolska.com\\\/wp-content\\\/uploads\\\/2019\\\/05\\\/cropped-logo-icr.32f04ad5-1-1.png\",\"url\":\"https:\\\/\\\/icrpolska.com\\\/wp-content\\\/uploads\\\/2019\\\/05\\\/cropped-logo-icr.32f04ad5-1-1.png\",\"contentUrl\":\"https:\\\/\\\/icrpolska.com\\\/wp-content\\\/uploads\\\/2019\\\/05\\\/cropped-logo-icr.32f04ad5-1-1.png\",\"width\":400,\"height\":148,\"caption\":\"admin\"},\"logo\":{\"@id\":\"https:\\\/\\\/icrpolska.com\\\/wp-content\\\/uploads\\\/2019\\\/05\\\/cropped-logo-icr.32f04ad5-1-1.png\"}}]}<\/script>\n<!-- \/ Yoast SEO plugin. -->","yoast_head_json":{"title":"MD 2006\/42\/EC - \u0411\u0435\u0437\u043f\u0435\u043a\u0430 \u043c\u0430\u0448\u0438\u043d - ICR POLAND - \u0412\u0438\u043f\u0440\u043e\u0431\u0443\u0432\u0430\u043d\u043d\u044f \u0442\u0430 \u0441\u0435\u0440\u0442\u0438\u0444\u0456\u043a\u0430\u0446\u0456\u044f","robots":{"index":"index","follow":"follow","max-snippet":"max-snippet:-1","max-image-preview":"max-image-preview:large","max-video-preview":"max-video-preview:-1"},"canonical":"https:\/\/icrpolska.com\/ua\/certyfikacja-wyrobow\/md-2006-42-we-bezpieczenstwo-maszyn\/","og_locale":"uk_UA","og_type":"article","og_title":"MD 2006\/42\/WE \u2013 bezpiecze\u0144stwo maszyn - ICR POLSKA - badania i certyfikacja","og_description":"Programem obowi\u0105zkowej oceny zgodno\u015bci w zakresie dyrektywy maszynowej obj\u0119te s\u0105 wyroby wymienione w Za\u0142\u0105czniku IV Dyrektywy. S\u0105 to m.in.: Prasy mechaniczne, hydrauliczne i pneumatyczne, w tym prasy kraw\u0119dziowe, do obr\u00f3bki metali na zimno; Wtryskarki lub prasy do tworzyw sztucznych, z r\u0119cznym podawaniem lub odbieraniem; Wtryskarki lub prasy do wyrob\u00f3w gumowych, z r\u0119cznym podawaniem lub odbieraniem;&hellip;&nbsp;\u0427\u0438\u0442\u0430\u0442\u0438 \u0434\u0430\u043b\u0456 &raquo;MD 2006\/42\/WE \u2013 bezpiecze\u0144stwo maszyn","og_url":"https:\/\/icrpolska.com\/ua\/certyfikacja-wyrobow\/md-2006-42-we-bezpieczenstwo-maszyn\/","og_site_name":"ICR POLSKA - badania i certyfikacja","article_modified_time":"2024-03-26T10:59:34+00:00","twitter_card":"summary_large_image","twitter_misc":{"\u041f\u0440\u0438\u0431\u043b. \u0447\u0430\u0441 \u0447\u0438\u0442\u0430\u043d\u043d\u044f":"2 \u0445\u0432\u0438\u043b\u0438\u043d\u0438"},"schema":{"@context":"https:\/\/schema.org","@graph":[{"@type":"WebPage","@id":"https:\/\/icrpolska.com\/certyfikacja-wyrobow\/md-2006-42-we-bezpieczenstwo-maszyn\/","url":"https:\/\/icrpolska.com\/certyfikacja-wyrobow\/md-2006-42-we-bezpieczenstwo-maszyn\/","name":"MD 2006\/42\/EC - \u0411\u0435\u0437\u043f\u0435\u043a\u0430 \u043c\u0430\u0448\u0438\u043d - ICR POLAND - \u0412\u0438\u043f\u0440\u043e\u0431\u0443\u0432\u0430\u043d\u043d\u044f \u0442\u0430 \u0441\u0435\u0440\u0442\u0438\u0444\u0456\u043a\u0430\u0446\u0456\u044f","isPartOf":{"@id":"https:\/\/icrpolska.com\/#website"},"primaryImageOfPage":{"@id":"https:\/\/icrpolska.com\/certyfikacja-wyrobow\/md-2006-42-we-bezpieczenstwo-maszyn\/#primaryimage"},"image":{"@id":"https:\/\/icrpolska.com\/certyfikacja-wyrobow\/md-2006-42-we-bezpieczenstwo-maszyn\/#primaryimage"},"thumbnailUrl":"","datePublished":"2019-05-28T10:56:22+00:00","dateModified":"2024-03-26T10:59:34+00:00","breadcrumb":{"@id":"https:\/\/icrpolska.com\/certyfikacja-wyrobow\/md-2006-42-we-bezpieczenstwo-maszyn\/#breadcrumb"},"inLanguage":"uk","potentialAction":[{"@type":"ReadAction","target":["https:\/\/icrpolska.com\/certyfikacja-wyrobow\/md-2006-42-we-bezpieczenstwo-maszyn\/"]}]},{"@type":"ImageObject","inLanguage":"uk","@id":"https:\/\/icrpolska.com\/certyfikacja-wyrobow\/md-2006-42-we-bezpieczenstwo-maszyn\/#primaryimage","url":"","contentUrl":""},{"@type":"BreadcrumbList","@id":"https:\/\/icrpolska.com\/certyfikacja-wyrobow\/md-2006-42-we-bezpieczenstwo-maszyn\/#breadcrumb","itemListElement":[{"@type":"ListItem","position":1,"name":"Strona g\u0142\u00f3wna","item":"https:\/\/icrpolska.com\/"},{"@type":"ListItem","position":2,"name":"Certyfikacja wyrob\u00f3w","item":"https:\/\/icrpolska.com\/certyfikacja-wyrobow\/"},{"@type":"ListItem","position":3,"name":"MD 2006\/42\/WE \u2013 bezpiecze\u0144stwo maszyn"}]},{"@type":"WebSite","@id":"https:\/\/icrpolska.com\/#website","url":"https:\/\/icrpolska.com\/","name":"ICR POLAND - \u0442\u0435\u0441\u0442\u0443\u0432\u0430\u043d\u043d\u044f \u0442\u0430 \u0441\u0435\u0440\u0442\u0438\u0444\u0456\u043a\u0430\u0446\u0456\u044f","description":"\u0421\u0435\u0440\u0442\u0438\u0444\u0456\u043a\u0430\u0446\u0456\u044f CE, \u0441\u0435\u0440\u0442\u0438\u0444\u0456\u043a\u0430\u0442 CE, \u0441\u0435\u0440\u0442\u0438\u0444\u0456\u043a\u0430\u0442 ISO, \u0432\u0438\u043f\u0440\u043e\u0431\u0443\u0432\u0430\u043d\u043d\u044f RED, \u0432\u0438\u043f\u0440\u043e\u0431\u0443\u0432\u0430\u043d\u043d\u044f \u0442\u0430 \u0441\u0435\u0440\u0442\u0438\u0444\u0456\u043a\u0430\u0446\u0456\u044f \u043f\u0440\u043e\u0434\u0443\u043a\u0446\u0456\u0457, \u0432\u0438\u043f\u0440\u043e\u0431\u0443\u0432\u0430\u043d\u043d\u044f \u0435\u043b\u0435\u043a\u0442\u0440\u043e\u0442\u0435\u0445\u043d\u0456\u0447\u043d\u0438\u0445 \u0432\u0438\u0440\u043e\u0431\u0456\u0432, \u0432\u0438\u043f\u0440\u043e\u0431\u0443\u0432\u0430\u043d\u043d\u044f \u043c\u0435\u0434\u0438\u0447\u043d\u0438\u0445 \u0432\u0438\u0440\u043e\u0431\u0456\u0432, ATEX, IECEx, FCC, \u0441\u0435\u0440\u0442\u0438\u0444\u0456\u043a\u0430\u0446\u0456\u044f \u043f\u0440\u043e\u0434\u0443\u043a\u0446\u0456\u0457, \u0432\u0438\u043f\u0440\u043e\u0431\u0443\u0432\u0430\u043d\u043d\u044f \u0415\u041c\u0421, \u0441\u0435\u0440\u0442\u0438\u0444\u0456\u043a\u0430\u0446\u0456\u044f \u043c\u0430\u0448\u0438\u043d, \u043c\u0430\u0448\u0438\u043d\u0438 CE, \u043d\u0430\u0432\u0447\u0430\u043d\u043d\u044f, \u0432\u0438\u043f\u0440\u043e\u0431\u0443\u0432\u0430\u043d\u043d\u044f \u0435\u043b\u0435\u043a\u0442\u0440\u043e\u043d\u043d\u0438\u0445 \u0432\u0438\u0440\u043e\u0431\u0456\u0432, \u0432\u0438\u043f\u0440\u043e\u0431\u0443\u0432\u0430\u043d\u043d\u044f 2014\/53\/EU, \u0441\u0435\u0440\u0442\u0438\u0444\u0456\u043a\u0430\u0446\u0456\u044f \u0431\u0435\u0437\u043f\u0456\u043b\u043e\u0442\u043d\u0438\u043a\u0456\u0432, \u0441\u0435\u0440\u0442\u0438\u0444\u0456\u043a\u0430\u0442 ISO 13485, \u0441\u0435\u0440\u0442\u0438\u0444\u0456\u043a\u0430\u0442 ISO 9001, NC RfG, CPR","publisher":{"@id":"https:\/\/icrpolska.com\/#\/schema\/person\/8601820fc0521fc7bf75ae141134fbfd"},"potentialAction":[{"@type":"SearchAction","target":{"@type":"EntryPoint","urlTemplate":"https:\/\/icrpolska.com\/?s={search_term_string}"},"query-input":{"@type":"PropertyValueSpecification","valueRequired":true,"valueName":"search_term_string"}}],"inLanguage":"uk"},{"@type":["Person","Organization"],"@id":"https:\/\/icrpolska.com\/#\/schema\/person\/8601820fc0521fc7bf75ae141134fbfd","name":"\u0430\u0434\u043c\u0456\u043d\u0456\u0441\u0442\u0440\u0430\u0442\u043e\u0440","image":{"@type":"ImageObject","inLanguage":"uk","@id":"https:\/\/icrpolska.com\/wp-content\/uploads\/2019\/05\/cropped-logo-icr.32f04ad5-1-1.png","url":"https:\/\/icrpolska.com\/wp-content\/uploads\/2019\/05\/cropped-logo-icr.32f04ad5-1-1.png","contentUrl":"https:\/\/icrpolska.com\/wp-content\/uploads\/2019\/05\/cropped-logo-icr.32f04ad5-1-1.png","width":400,"height":148,"caption":"admin"},"logo":{"@id":"https:\/\/icrpolska.com\/wp-content\/uploads\/2019\/05\/cropped-logo-icr.32f04ad5-1-1.png"}}]}},"_links":{"self":[{"href":"https:\/\/icrpolska.com\/ua\/wp-json\/wp\/v2\/pages\/2017","targetHints":{"allow":["GET"]}}],"collection":[{"href":"https:\/\/icrpolska.com\/ua\/wp-json\/wp\/v2\/pages"}],"about":[{"href":"https:\/\/icrpolska.com\/ua\/wp-json\/wp\/v2\/types\/page"}],"author":[{"embeddable":true,"href":"https:\/\/icrpolska.com\/ua\/wp-json\/wp\/v2\/users\/1"}],"replies":[{"embeddable":true,"href":"https:\/\/icrpolska.com\/ua\/wp-json\/wp\/v2\/comments?post=2017"}],"version-history":[{"count":11,"href":"https:\/\/icrpolska.com\/ua\/wp-json\/wp\/v2\/pages\/2017\/revisions"}],"predecessor-version":[{"id":12968,"href":"https:\/\/icrpolska.com\/ua\/wp-json\/wp\/v2\/pages\/2017\/revisions\/12968"}],"up":[{"embeddable":true,"href":"https:\/\/icrpolska.com\/ua\/wp-json\/wp\/v2\/pages\/211"}],"wp:featuredmedia":[{"embeddable":true,"href":"https:\/\/icrpolska.com\/ua\/wp-json\/"}],"wp:attachment":[{"href":"https:\/\/icrpolska.com\/ua\/wp-json\/wp\/v2\/media?parent=2017"}],"curies":[{"name":"wp","href":"https:\/\/api.w.org\/{rel}","templated":true}]}}