{"id":2019,"date":"2019-05-28T10:59:50","date_gmt":"2019-05-28T10:59:50","guid":{"rendered":"http:\/\/icrpolska.e-ksperci.pl\/?page_id=2019"},"modified":"2025-06-11T09:25:57","modified_gmt":"2025-06-11T07:25:57","slug":"emc-2014-30-ue-kompatybilnosc-elektromagnetyczna","status":"publish","type":"page","link":"https:\/\/icrpolska.com\/ua\/certyfikacja-wyrobow\/emc-2014-30-ue-kompatybilnosc-elektromagnetyczna\/","title":{"rendered":"EMC 2014\/30\/EU - \u0435\u043b\u0435\u043a\u0442\u0440\u043e\u043c\u0430\u0433\u043d\u0456\u0442\u043d\u0430 \u0441\u0443\u043c\u0456\u0441\u043d\u0456\u0441\u0442\u044c"},"content":{"rendered":"<p><span style=\"font-weight: 400;\">\u0412\u0441\u0435 \u0435\u043b\u0435\u043a\u0442\u0440\u0438\u0447\u043d\u0435 \u0442\u0430 \u0435\u043b\u0435\u043a\u0442\u0440\u043e\u043d\u043d\u0435 \u043e\u0431\u043b\u0430\u0434\u043d\u0430\u043d\u043d\u044f \u0430\u0431\u043e \u0443\u0441\u0442\u0430\u043d\u043e\u0432\u043a\u0438 \u0432\u0437\u0430\u0454\u043c\u043e\u0434\u0456\u044e\u0442\u044c \u044f\u043a \u043f\u0440\u043e\u0432\u0456\u0434\u043d\u0438\u043c \u0441\u043f\u043e\u0441\u043e\u0431\u043e\u043c (\u043c\u0435\u0440\u0435\u0436\u0430, \u0437'\u0454\u0434\u043d\u0430\u043d\u043d\u044f \u0437 \u043f\u0435\u0440\u0438\u0444\u0435\u0440\u0456\u0439\u043d\u0438\u043c \u043e\u0431\u043b\u0430\u0434\u043d\u0430\u043d\u043d\u044f\u043c, \u0435\u043a\u0432\u0456\u043f\u043e\u0442\u0435\u043d\u0446\u0456\u0430\u043b\u044c\u043d\u0456 \u0437'\u0454\u0434\u043d\u0430\u043d\u043d\u044f \u0442\u043e\u0449\u043e), \u0442\u0430\u043a \u0456 \u0432\u0438\u043f\u0440\u043e\u043c\u0456\u043d\u044e\u0432\u0430\u043d\u0438\u043c \u0441\u043f\u043e\u0441\u043e\u0431\u043e\u043c, \u044f\u043a\u0449\u043e \u0432\u0456\u0434\u0441\u0442\u0430\u043d\u044c \u043c\u0456\u0436 \u043d\u0438\u043c\u0438 \u043d\u0435\u0432\u0435\u043b\u0438\u043a\u0430. \u041c\u0435\u0442\u043e\u044e \u0435\u043b\u0435\u043a\u0442\u0440\u043e\u043c\u0430\u0433\u043d\u0456\u0442\u043d\u043e\u0457 \u0441\u0443\u043c\u0456\u0441\u043d\u043e\u0441\u0442\u0456 (\u0415\u041c\u0421) \u0454 \u043f\u0456\u0434\u0442\u0440\u0438\u043c\u0430\u043d\u043d\u044f \u0440\u0456\u0432\u043d\u0456\u0432 \u0432\u0438\u043f\u0440\u043e\u043c\u0456\u043d\u044e\u0432\u0430\u043d\u043d\u044f \u0437\u0430\u0432\u0430\u0434, \u0430 \u0442\u0430\u043a\u043e\u0436 \u0440\u0456\u0432\u043d\u0456\u0432 \u0441\u0442\u0456\u0439\u043a\u043e\u0441\u0442\u0456 \u0434\u043e \u0437\u0430\u0432\u0430\u0434 \u043d\u0430 \u0440\u0456\u0432\u043d\u0456, \u0449\u043e \u0437\u0430\u0431\u0435\u0437\u043f\u0435\u0447\u0443\u0454 \u0431\u0435\u0437\u0432\u0456\u0434\u043c\u043e\u0432\u043d\u0443 \u0440\u043e\u0431\u043e\u0442\u0443. \u0415\u041c\u0421 \u0432\u0456\u0434\u043d\u043e\u0441\u0438\u0442\u044c\u0441\u044f \u0434\u043e \u0432\u0441\u0456\u0445 \u0456\u0441\u043d\u0443\u044e\u0447\u0438\u0445 \u0456 \u043c\u0430\u0439\u0431\u0443\u0442\u043d\u0456\u0445 \u043c\u0435\u0442\u043e\u0434\u0456\u0432 \u0456 \u0442\u0435\u0445\u043d\u043e\u043b\u043e\u0433\u0456\u0439, \u0441\u043f\u0440\u044f\u043c\u043e\u0432\u0430\u043d\u0438\u0445 \u043d\u0430 \u0437\u043c\u0435\u043d\u0448\u0435\u043d\u043d\u044f \u0437\u0430\u0432\u0430\u0434 \u0456 \u043f\u0456\u0434\u0432\u0438\u0449\u0435\u043d\u043d\u044f \u0441\u0442\u0456\u0439\u043a\u043e\u0441\u0442\u0456 \u0434\u043e \u043d\u0438\u0445.\u00a0<\/span><\/p>\n<p class=\"translation-block\"><span style=\"font-weight: 400\">\u041f\u043e\u043b\u043e\u0436\u0435\u043d\u043d\u044f <a href=\"https:\/\/eur-lex.europa.eu\/legal-content\/PL\/TXT\/PDF\/?uri=CELEX:32014L0030&amp;from=PL\" target=\"_self\" rel=\"noopener noreferrer\">\u0414\u0438\u0440\u0435\u043a\u0442\u0438\u0432\u0438 \u0415\u041c\u0421<\/a> \u0441\u043f\u0440\u044f\u043c\u043e\u0432\u0430\u043d\u0456 \u043d\u0430 \u043e\u0431\u043c\u0435\u0436\u0435\u043d\u043d\u044f \u0435\u043b\u0435\u043a\u0442\u0440\u043e\u043c\u0430\u0433\u043d\u0456\u0442\u043d\u0438\u0445 \u0432\u0438\u043f\u0440\u043e\u043c\u0456\u043d\u044e\u0432\u0430\u043d\u044c \u043e\u0431\u043b\u0430\u0434\u043d\u0430\u043d\u043d\u044f \u0437 \u043c\u0435\u0442\u043e\u044e \u0437\u0430\u0431\u0435\u0437\u043f\u0435\u0447\u0435\u043d\u043d\u044f \u0442\u043e\u0433\u043e, \u0449\u043e\u0431 \u043f\u0440\u0438 \u0432\u0438\u043a\u043e\u0440\u0438\u0441\u0442\u0430\u043d\u043d\u0456 \u0437\u0430 \u043f\u0440\u0438\u0437\u043d\u0430\u0447\u0435\u043d\u043d\u044f\u043c \u0442\u0430\u043a\u0435 \u043e\u0431\u043b\u0430\u0434\u043d\u0430\u043d\u043d\u044f \u043d\u0435 \u0441\u0442\u0432\u043e\u0440\u044e\u0432\u0430\u043b\u043e \u043f\u0435\u0440\u0435\u0448\u043a\u043e\u0434 \u0434\u043b\u044f \u0440\u0430\u0434\u0456\u043e- \u0442\u0430 \u0442\u0435\u043b\u0435\u043a\u043e\u043c\u0443\u043d\u0456\u043a\u0430\u0446\u0456\u0439\u043d\u0438\u0445 \u0437'\u0454\u0434\u043d\u0430\u043d\u044c \u0430\u0431\u043e \u0440\u043e\u0431\u043e\u0442\u0438 \u0456\u043d\u0448\u043e\u0433\u043e \u043e\u0431\u043b\u0430\u0434\u043d\u0430\u043d\u043d\u044f.<\/span>.<\/p>\n<p><span style=\"font-weight: 400;\">\u0414\u0438\u0440\u0435\u043a\u0442\u0438\u0432\u0430 \u0442\u0430\u043a\u043e\u0436 \u0440\u0435\u0433\u0443\u043b\u044e\u0454 \u0441\u0442\u0456\u0439\u043a\u0456\u0441\u0442\u044c \u0442\u0430\u043a\u043e\u0433\u043e \u043e\u0431\u043b\u0430\u0434\u043d\u0430\u043d\u043d\u044f \u0434\u043e \u043f\u0435\u0440\u0435\u0448\u043a\u043e\u0434 \u0456 \u043f\u043e\u043a\u043b\u0438\u043a\u0430\u043d\u0430 \u0433\u0430\u0440\u0430\u043d\u0442\u0443\u0432\u0430\u0442\u0438, \u0449\u043e \u043d\u0430 \u0446\u0435 \u043e\u0431\u043b\u0430\u0434\u043d\u0430\u043d\u043d\u044f \u043d\u0435 \u0432\u043f\u043b\u0438\u0432\u0430\u044e\u0442\u044c \u0440\u0430\u0434\u0456\u043e\u0445\u0432\u0438\u043b\u044c\u043e\u0432\u0456 \u0432\u0438\u043f\u0440\u043e\u043c\u0456\u043d\u044e\u0432\u0430\u043d\u043d\u044f, \u0430 \u0442\u0430\u043a\u043e\u0436 \u043f\u0440\u043e\u0432\u0435\u0434\u0435\u043d\u0456 \u0440\u0430\u0434\u0456\u043e- \u0442\u0430 \u0456\u043d\u0448\u0456 \u0456\u043c\u043f\u0443\u043b\u044c\u0441\u043d\u0456 \u043f\u0435\u0440\u0435\u0448\u043a\u043e\u0434\u0438 (BURST \/ SURGE) \u0456 \u0435\u043b\u0435\u043a\u0442\u0440\u043e\u0441\u0442\u0430\u0442\u0438\u0447\u043d\u0456 \u0440\u043e\u0437\u0440\u044f\u0434\u0438 \u0456 \u0442.\u0434., \u043a\u043e\u043b\u0438 \u0432\u043e\u043d\u043e \u0432\u0438\u043a\u043e\u0440\u0438\u0441\u0442\u043e\u0432\u0443\u0454\u0442\u044c\u0441\u044f \u0437\u0430 \u043f\u0440\u0438\u0437\u043d\u0430\u0447\u0435\u043d\u043d\u044f\u043c.<\/span><\/p>\n<p><span style=\"font-weight: 400;\">\u0423\u0441\u043f\u0456\u0448\u043d\u0435 \u043f\u0440\u043e\u0445\u043e\u0434\u0436\u0435\u043d\u043d\u044f \u043e\u0431\u043e\u0432'\u044f\u0437\u043a\u043e\u0432\u043e\u0457 \u043e\u0446\u0456\u043d\u043a\u0438 \u0435\u043b\u0435\u043a\u0442\u0440\u043e\u043c\u0430\u0433\u043d\u0456\u0442\u043d\u043e\u0457 \u0441\u0443\u043c\u0456\u0441\u043d\u043e\u0441\u0442\u0456 \u043f\u0440\u043e\u0434\u0443\u043a\u0446\u0456\u0457 \u0437\u0430\u0432\u0435\u0440\u0448\u0443\u0454\u0442\u044c\u0441\u044f \u0432\u0438\u0434\u0430\u0447\u0435\u044e \u0441\u0435\u0440\u0442\u0438\u0444\u0456\u043a\u0430\u0442\u0430 \u0432\u0456\u0434\u043f\u043e\u0432\u0456\u0434\u043d\u043e\u0441\u0442\u0456 \u0442\u0438\u043f\u0443 \u0404\u0421 (\u0441\u0435\u0440\u0442\u0438\u0444\u0456\u043a\u0430\u0442 \u0442\u0438\u043f\u0443 \u0404\u0421).<\/span><\/p>\n<p><strong>\u0427\u0438\u0442\u0430\u0439\u0442\u0435 \u0434\u0430\u043b\u0456:<\/strong><\/p>\n<p><a href=\"https:\/\/icrpolska.com\/wp-content\/uploads\/2019\/06\/Program-oceny-zgodno\u015bci-w-zakresie-EMC.pdf\" target=\"_blank\" rel=\"noopener noreferrer\"><img decoding=\"async\" class=\"alignnone wp-image-2679\" src=\"https:\/\/icrpolska.com\/wp-content\/uploads\/2019\/06\/adobe.jpg\" alt=\"\" width=\"20\" height=\"21\" srcset=\"https:\/\/icrpolska.com\/wp-content\/uploads\/2019\/06\/adobe.jpg 218w, https:\/\/icrpolska.com\/wp-content\/uploads\/2019\/06\/adobe-150x150.jpg 150w\" sizes=\"(max-width: 20px) 100vw, 20px\" \/><\/a><a href=\"https:\/\/icrpolska.com\/wp-content\/uploads\/2025\/06\/PC-P-07-02-Program-oceny-EMC_2-kol-15.pdf\" target=\"_blank\" rel=\"noopener noreferrer\"> \u041f\u0440\u043e\u0433\u0440\u0430\u043c\u0430 \u043e\u0446\u0456\u043d\u043a\u0438 \u0432\u0456\u0434\u043f\u043e\u0432\u0456\u0434\u043d\u043e\u0441\u0442\u0456 \u0435\u043b\u0435\u043a\u0442\u0440\u043e\u043c\u0430\u0433\u043d\u0456\u0442\u043d\u043e\u0457 \u0441\u0443\u043c\u0456\u0441\u043d\u043e\u0441\u0442\u0456 (2014\/30\/EU)<\/a> + <a href=\"https:\/\/icrpolska.com\/wp-content\/uploads\/2025\/06\/F-P-07-34_6.pdf\" target=\"_blank\" rel=\"noopener noreferrer\">\u043f\u0435\u0440\u0435\u043b\u0456\u043a \u0442\u0435\u0445\u043d\u0456\u0447\u043d\u0438\u0445 \u0445\u0430\u0440\u0430\u043a\u0442\u0435\u0440\u0438\u0441\u0442\u0438\u043a<\/a><\/p>\n<p><a href=\"http:\/\/icrpolska.com\/wp-content\/uploads\/2019\/06\/Wniosek-o-certyfikacj\u0119-systemu.docx\"><img decoding=\"async\" class=\"alignnone wp-image-2678\" src=\"http:\/\/icrpolska.com\/wp-content\/uploads\/2019\/06\/word.jpg\" alt=\"\" width=\"20\" height=\"20\" srcset=\"https:\/\/icrpolska.com\/wp-content\/uploads\/2019\/06\/word.jpg 208w, https:\/\/icrpolska.com\/wp-content\/uploads\/2019\/06\/word-150x150.jpg 150w\" sizes=\"(max-width: 20px) 100vw, 20px\" \/><\/a><a href=\"https:\/\/icrpolska.com\/wp-content\/uploads\/2024\/03\/F-P-07-02_9.docx\" target=\"_blank\" rel=\"noopener noreferrer\">\u00a0\u0417\u0430\u044f\u0432\u043a\u0430_\u0417\u0430\u044f\u0432\u043a\u0430_\u041e\u0431\u043e\u0432'\u044f\u0437\u043a\u043e\u0432\u0430 \u043e\u0446\u0456\u043d\u043a\u0430<\/a><\/p>","protected":false},"excerpt":{"rendered":"<p>\u0412\u0441\u0435 \u0435\u043b\u0435\u043a\u0442\u0440\u0438\u0447\u043d\u0435 \u0442\u0430 \u0435\u043b\u0435\u043a\u0442\u0440\u043e\u043d\u043d\u0435 \u043e\u0431\u043b\u0430\u0434\u043d\u0430\u043d\u043d\u044f \u0430\u0431\u043e \u0443\u0441\u0442\u0430\u043d\u043e\u0432\u043a\u0438 \u0432\u0437\u0430\u0454\u043c\u043e\u0434\u0456\u044e\u0442\u044c \u044f\u043a \u043f\u0440\u043e\u0432\u0456\u0434\u043d\u0438\u043c \u0441\u043f\u043e\u0441\u043e\u0431\u043e\u043c (\u043c\u0435\u0440\u0435\u0436\u0430, \u0437'\u0454\u0434\u043d\u0430\u043d\u043d\u044f \u0437 \u043f\u0435\u0440\u0438\u0444\u0435\u0440\u0456\u0439\u043d\u0438\u043c \u043e\u0431\u043b\u0430\u0434\u043d\u0430\u043d\u043d\u044f\u043c, \u0435\u043a\u0432\u0456\u043f\u043e\u0442\u0435\u043d\u0446\u0456\u0430\u043b\u044c\u043d\u0456 \u0437'\u0454\u0434\u043d\u0430\u043d\u043d\u044f \u0456 \u0442.\u0434.), \u0442\u0430\u043a \u0456 \u0432\u0438\u043f\u0440\u043e\u043c\u0456\u043d\u044e\u0432\u0430\u043d\u0438\u043c \u0441\u043f\u043e\u0441\u043e\u0431\u043e\u043c, \u044f\u043a\u0449\u043e \u0432\u0456\u0434\u0441\u0442\u0430\u043d\u044c \u043c\u0456\u0436 \u043d\u0438\u043c\u0438 \u043d\u0435\u0432\u0435\u043b\u0438\u043a\u0430. \u041c\u0435\u0442\u043e\u044e \u0435\u043b\u0435\u043a\u0442\u0440\u043e\u043c\u0430\u0433\u043d\u0456\u0442\u043d\u043e\u0457 \u0441\u0443\u043c\u0456\u0441\u043d\u043e\u0441\u0442\u0456 (\u0415\u041c\u0421) \u0454 \u043f\u0456\u0434\u0442\u0440\u0438\u043c\u043a\u0430 \u0440\u0456\u0432\u043d\u0456\u0432 \u0432\u0438\u043f\u0440\u043e\u043c\u0456\u043d\u044e\u0432\u0430\u043d\u043d\u044f \u0437\u0430\u0432\u0430\u0434, \u0430 \u0442\u0430\u043a\u043e\u0436 \u0440\u0456\u0432\u043d\u0456\u0432 \u0441\u0442\u0456\u0439\u043a\u043e\u0441\u0442\u0456 \u0434\u043e \u0437\u0430\u0432\u0430\u0434 \u0434\u043e \u0442\u0430\u043a\u043e\u0457 \u043c\u0456\u0440\u0438, \u044f\u043a\u0430 \u0437\u0430\u0431\u0435\u0437\u043f\u0435\u0447\u0443\u0454 \u0431\u0435\u0437\u0432\u0456\u0434\u043c\u043e\u0432\u043d\u0443 \u0440\u043e\u0431\u043e\u0442\u0443....&nbsp;<a href=\"https:\/\/icrpolska.com\/ua\/certyfikacja-wyrobow\/emc-2014-30-ue-kompatybilnosc-elektromagnetyczna\/\" rel=\"bookmark\">\u0427\u0438\u0442\u0430\u0442\u0438 \u0434\u0430\u043b\u0456 \"<span class=\"screen-reader-text\">EMC 2014\/30\/EU - \u0435\u043b\u0435\u043a\u0442\u0440\u043e\u043c\u0430\u0433\u043d\u0456\u0442\u043d\u0430 \u0441\u0443\u043c\u0456\u0441\u043d\u0456\u0441\u0442\u044c<\/span><\/a><\/p>","protected":false},"author":1,"featured_media":1170,"parent":211,"menu_order":0,"comment_status":"closed","ping_status":"closed","template":"","meta":{"neve_meta_sidebar":"","neve_meta_container":"","neve_meta_enable_content_width":"off","neve_meta_content_width":70,"neve_meta_title_alignment":"","neve_meta_author_avatar":"","neve_post_elements_order":"","neve_meta_disable_header":"","neve_meta_disable_footer":"","neve_meta_disable_title":"","footnotes":""},"class_list":["post-2019","page","type-page","status-publish","has-post-thumbnail","hentry"],"yoast_head":"<!-- This site is optimized with the Yoast SEO plugin v27.3 - https:\/\/yoast.com\/product\/yoast-seo-wordpress\/ -->\n<title>EMC 2014\/30\/UE \u2013 kompatybilno\u015b\u0107 elektromagnetyczna - ICR POLSKA - badania i certyfikacja<\/title>\n<meta name=\"robots\" content=\"index, follow, max-snippet:-1, max-image-preview:large, max-video-preview:-1\" \/>\n<link rel=\"canonical\" href=\"https:\/\/icrpolska.com\/ua\/certyfikacja-wyrobow\/emc-2014-30-ue-kompatybilnosc-elektromagnetyczna\/\" \/>\n<meta property=\"og:locale\" content=\"uk_UA\" \/>\n<meta property=\"og:type\" content=\"article\" \/>\n<meta property=\"og:title\" content=\"EMC 2014\/30\/UE \u2013 kompatybilno\u015b\u0107 elektromagnetyczna - ICR POLSKA - badania i certyfikacja\" \/>\n<meta property=\"og:description\" content=\"Wszystkie urz\u0105dzenia lub instalacje elektryczne i elektroniczne oddzia\u0142uj\u0105 na siebie zar\u00f3wno w spos\u00f3b przewodzony (sie\u0107 zasilaj\u0105ca, po\u0142\u0105czenia z urz\u0105dzeniami peryferyjnymi, po\u0142\u0105czenia wyr\u00f3wnawcze itp.) jak r\u00f3wnie\u017c w spos\u00f3b promieniowany, je\u017celi odleg\u0142o\u015b\u0107 mi\u0119dzy nimi jest niewielka. Celem kompatybilno\u015bci elektromagnetycznej (EMC) jest utrzymanie poziom\u00f3w emisji zaburze\u0144, jak i poziom\u00f3w odporno\u015bci na zaburzenia w stopniu pozwalaj\u0105cym na bezawaryjn\u0105 wsp\u00f3\u0142prac\u0119.&hellip;&nbsp;\u0427\u0438\u0442\u0430\u0442\u0438 \u0434\u0430\u043b\u0456 &raquo;EMC 2014\/30\/UE \u2013 kompatybilno\u015b\u0107 elektromagnetyczna\" \/>\n<meta property=\"og:url\" content=\"https:\/\/icrpolska.com\/ua\/certyfikacja-wyrobow\/emc-2014-30-ue-kompatybilnosc-elektromagnetyczna\/\" \/>\n<meta property=\"og:site_name\" content=\"ICR POLSKA - badania i certyfikacja\" \/>\n<meta property=\"article:modified_time\" content=\"2025-06-11T07:25:57+00:00\" \/>\n<meta name=\"twitter:card\" content=\"summary_large_image\" \/>\n<meta name=\"twitter:label1\" content=\"\u041f\u0440\u0438\u0431\u043b. \u0447\u0430\u0441 \u0447\u0438\u0442\u0430\u043d\u043d\u044f\" \/>\n\t<meta name=\"twitter:data1\" content=\"2 \u0445\u0432\u0438\u043b\u0438\u043d\u0438\" \/>\n<script type=\"application\/ld+json\" class=\"yoast-schema-graph\">{\"@context\":\"https:\\\/\\\/schema.org\",\"@graph\":[{\"@type\":\"WebPage\",\"@id\":\"https:\\\/\\\/icrpolska.com\\\/certyfikacja-wyrobow\\\/emc-2014-30-ue-kompatybilnosc-elektromagnetyczna\\\/\",\"url\":\"https:\\\/\\\/icrpolska.com\\\/certyfikacja-wyrobow\\\/emc-2014-30-ue-kompatybilnosc-elektromagnetyczna\\\/\",\"name\":\"EMC 2014\\\/30\\\/UE \u2013 kompatybilno\u015b\u0107 elektromagnetyczna - ICR POLSKA - badania i certyfikacja\",\"isPartOf\":{\"@id\":\"https:\\\/\\\/icrpolska.com\\\/#website\"},\"primaryImageOfPage\":{\"@id\":\"https:\\\/\\\/icrpolska.com\\\/certyfikacja-wyrobow\\\/emc-2014-30-ue-kompatybilnosc-elektromagnetyczna\\\/#primaryimage\"},\"image\":{\"@id\":\"https:\\\/\\\/icrpolska.com\\\/certyfikacja-wyrobow\\\/emc-2014-30-ue-kompatybilnosc-elektromagnetyczna\\\/#primaryimage\"},\"thumbnailUrl\":\"\",\"datePublished\":\"2019-05-28T10:59:50+00:00\",\"dateModified\":\"2025-06-11T07:25:57+00:00\",\"breadcrumb\":{\"@id\":\"https:\\\/\\\/icrpolska.com\\\/certyfikacja-wyrobow\\\/emc-2014-30-ue-kompatybilnosc-elektromagnetyczna\\\/#breadcrumb\"},\"inLanguage\":\"uk\",\"potentialAction\":[{\"@type\":\"ReadAction\",\"target\":[\"https:\\\/\\\/icrpolska.com\\\/certyfikacja-wyrobow\\\/emc-2014-30-ue-kompatybilnosc-elektromagnetyczna\\\/\"]}]},{\"@type\":\"ImageObject\",\"inLanguage\":\"uk\",\"@id\":\"https:\\\/\\\/icrpolska.com\\\/certyfikacja-wyrobow\\\/emc-2014-30-ue-kompatybilnosc-elektromagnetyczna\\\/#primaryimage\",\"url\":\"\",\"contentUrl\":\"\"},{\"@type\":\"BreadcrumbList\",\"@id\":\"https:\\\/\\\/icrpolska.com\\\/certyfikacja-wyrobow\\\/emc-2014-30-ue-kompatybilnosc-elektromagnetyczna\\\/#breadcrumb\",\"itemListElement\":[{\"@type\":\"ListItem\",\"position\":1,\"name\":\"Strona g\u0142\u00f3wna\",\"item\":\"https:\\\/\\\/icrpolska.com\\\/\"},{\"@type\":\"ListItem\",\"position\":2,\"name\":\"Certyfikacja wyrob\u00f3w\",\"item\":\"https:\\\/\\\/icrpolska.com\\\/certyfikacja-wyrobow\\\/\"},{\"@type\":\"ListItem\",\"position\":3,\"name\":\"EMC 2014\\\/30\\\/UE \u2013 kompatybilno\u015b\u0107 elektromagnetyczna\"}]},{\"@type\":\"WebSite\",\"@id\":\"https:\\\/\\\/icrpolska.com\\\/#website\",\"url\":\"https:\\\/\\\/icrpolska.com\\\/\",\"name\":\"ICR POLSKA - badania i certyfikacja\",\"description\":\"CE certification, CE certificate, ISO certificate, RED testing, product testing and certification, electrical product testing, medical device testing, ATEX, IECEx, FCC, product certification, EMC testing, machinery certification, CE machines, training, electronic product testing, testing 2014\\\/53\\\/EU, drone certification, ISO 13485 certificate, ISO 9001 certificate, NC RfG, CPR\",\"publisher\":{\"@id\":\"https:\\\/\\\/icrpolska.com\\\/#\\\/schema\\\/person\\\/8601820fc0521fc7bf75ae141134fbfd\"},\"potentialAction\":[{\"@type\":\"SearchAction\",\"target\":{\"@type\":\"EntryPoint\",\"urlTemplate\":\"https:\\\/\\\/icrpolska.com\\\/?s={search_term_string}\"},\"query-input\":{\"@type\":\"PropertyValueSpecification\",\"valueRequired\":true,\"valueName\":\"search_term_string\"}}],\"inLanguage\":\"uk\"},{\"@type\":[\"Person\",\"Organization\"],\"@id\":\"https:\\\/\\\/icrpolska.com\\\/#\\\/schema\\\/person\\\/8601820fc0521fc7bf75ae141134fbfd\",\"name\":\"admin\",\"image\":{\"@type\":\"ImageObject\",\"inLanguage\":\"uk\",\"@id\":\"https:\\\/\\\/icrpolska.com\\\/wp-content\\\/uploads\\\/2019\\\/05\\\/cropped-logo-icr.32f04ad5-1-1.png\",\"url\":\"https:\\\/\\\/icrpolska.com\\\/wp-content\\\/uploads\\\/2019\\\/05\\\/cropped-logo-icr.32f04ad5-1-1.png\",\"contentUrl\":\"https:\\\/\\\/icrpolska.com\\\/wp-content\\\/uploads\\\/2019\\\/05\\\/cropped-logo-icr.32f04ad5-1-1.png\",\"width\":400,\"height\":148,\"caption\":\"admin\"},\"logo\":{\"@id\":\"https:\\\/\\\/icrpolska.com\\\/wp-content\\\/uploads\\\/2019\\\/05\\\/cropped-logo-icr.32f04ad5-1-1.png\"}}]}<\/script>\n<!-- \/ Yoast SEO plugin. -->","yoast_head_json":{"title":"EMC 2014\/30\/EU - \u0435\u043b\u0435\u043a\u0442\u0440\u043e\u043c\u0430\u0433\u043d\u0456\u0442\u043d\u0430 \u0441\u0443\u043c\u0456\u0441\u043d\u0456\u0441\u0442\u044c - ICR POLAND - \u0432\u0438\u043f\u0440\u043e\u0431\u0443\u0432\u0430\u043d\u043d\u044f \u0442\u0430 \u0441\u0435\u0440\u0442\u0438\u0444\u0456\u043a\u0430\u0446\u0456\u044f","robots":{"index":"index","follow":"follow","max-snippet":"max-snippet:-1","max-image-preview":"max-image-preview:large","max-video-preview":"max-video-preview:-1"},"canonical":"https:\/\/icrpolska.com\/ua\/certyfikacja-wyrobow\/emc-2014-30-ue-kompatybilnosc-elektromagnetyczna\/","og_locale":"uk_UA","og_type":"article","og_title":"EMC 2014\/30\/UE \u2013 kompatybilno\u015b\u0107 elektromagnetyczna - ICR POLSKA - badania i certyfikacja","og_description":"Wszystkie urz\u0105dzenia lub instalacje elektryczne i elektroniczne oddzia\u0142uj\u0105 na siebie zar\u00f3wno w spos\u00f3b przewodzony (sie\u0107 zasilaj\u0105ca, po\u0142\u0105czenia z urz\u0105dzeniami peryferyjnymi, po\u0142\u0105czenia wyr\u00f3wnawcze itp.) jak r\u00f3wnie\u017c w spos\u00f3b promieniowany, je\u017celi odleg\u0142o\u015b\u0107 mi\u0119dzy nimi jest niewielka. Celem kompatybilno\u015bci elektromagnetycznej (EMC) jest utrzymanie poziom\u00f3w emisji zaburze\u0144, jak i poziom\u00f3w odporno\u015bci na zaburzenia w stopniu pozwalaj\u0105cym na bezawaryjn\u0105 wsp\u00f3\u0142prac\u0119.&hellip;&nbsp;\u0427\u0438\u0442\u0430\u0442\u0438 \u0434\u0430\u043b\u0456 &raquo;EMC 2014\/30\/UE \u2013 kompatybilno\u015b\u0107 elektromagnetyczna","og_url":"https:\/\/icrpolska.com\/ua\/certyfikacja-wyrobow\/emc-2014-30-ue-kompatybilnosc-elektromagnetyczna\/","og_site_name":"ICR POLSKA - badania i certyfikacja","article_modified_time":"2025-06-11T07:25:57+00:00","twitter_card":"summary_large_image","twitter_misc":{"\u041f\u0440\u0438\u0431\u043b. \u0447\u0430\u0441 \u0447\u0438\u0442\u0430\u043d\u043d\u044f":"2 \u0445\u0432\u0438\u043b\u0438\u043d\u0438"},"schema":{"@context":"https:\/\/schema.org","@graph":[{"@type":"WebPage","@id":"https:\/\/icrpolska.com\/certyfikacja-wyrobow\/emc-2014-30-ue-kompatybilnosc-elektromagnetyczna\/","url":"https:\/\/icrpolska.com\/certyfikacja-wyrobow\/emc-2014-30-ue-kompatybilnosc-elektromagnetyczna\/","name":"EMC 2014\/30\/EU - \u0435\u043b\u0435\u043a\u0442\u0440\u043e\u043c\u0430\u0433\u043d\u0456\u0442\u043d\u0430 \u0441\u0443\u043c\u0456\u0441\u043d\u0456\u0441\u0442\u044c - ICR POLAND - \u0432\u0438\u043f\u0440\u043e\u0431\u0443\u0432\u0430\u043d\u043d\u044f \u0442\u0430 \u0441\u0435\u0440\u0442\u0438\u0444\u0456\u043a\u0430\u0446\u0456\u044f","isPartOf":{"@id":"https:\/\/icrpolska.com\/#website"},"primaryImageOfPage":{"@id":"https:\/\/icrpolska.com\/certyfikacja-wyrobow\/emc-2014-30-ue-kompatybilnosc-elektromagnetyczna\/#primaryimage"},"image":{"@id":"https:\/\/icrpolska.com\/certyfikacja-wyrobow\/emc-2014-30-ue-kompatybilnosc-elektromagnetyczna\/#primaryimage"},"thumbnailUrl":"","datePublished":"2019-05-28T10:59:50+00:00","dateModified":"2025-06-11T07:25:57+00:00","breadcrumb":{"@id":"https:\/\/icrpolska.com\/certyfikacja-wyrobow\/emc-2014-30-ue-kompatybilnosc-elektromagnetyczna\/#breadcrumb"},"inLanguage":"uk","potentialAction":[{"@type":"ReadAction","target":["https:\/\/icrpolska.com\/certyfikacja-wyrobow\/emc-2014-30-ue-kompatybilnosc-elektromagnetyczna\/"]}]},{"@type":"ImageObject","inLanguage":"uk","@id":"https:\/\/icrpolska.com\/certyfikacja-wyrobow\/emc-2014-30-ue-kompatybilnosc-elektromagnetyczna\/#primaryimage","url":"","contentUrl":""},{"@type":"BreadcrumbList","@id":"https:\/\/icrpolska.com\/certyfikacja-wyrobow\/emc-2014-30-ue-kompatybilnosc-elektromagnetyczna\/#breadcrumb","itemListElement":[{"@type":"ListItem","position":1,"name":"Strona g\u0142\u00f3wna","item":"https:\/\/icrpolska.com\/"},{"@type":"ListItem","position":2,"name":"Certyfikacja wyrob\u00f3w","item":"https:\/\/icrpolska.com\/certyfikacja-wyrobow\/"},{"@type":"ListItem","position":3,"name":"EMC 2014\/30\/UE \u2013 kompatybilno\u015b\u0107 elektromagnetyczna"}]},{"@type":"WebSite","@id":"https:\/\/icrpolska.com\/#website","url":"https:\/\/icrpolska.com\/","name":"ICR POLAND - \u0442\u0435\u0441\u0442\u0443\u0432\u0430\u043d\u043d\u044f \u0442\u0430 \u0441\u0435\u0440\u0442\u0438\u0444\u0456\u043a\u0430\u0446\u0456\u044f","description":"\u0421\u0435\u0440\u0442\u0438\u0444\u0456\u043a\u0430\u0446\u0456\u044f CE, \u0441\u0435\u0440\u0442\u0438\u0444\u0456\u043a\u0430\u0442 CE, \u0441\u0435\u0440\u0442\u0438\u0444\u0456\u043a\u0430\u0442 ISO, \u0432\u0438\u043f\u0440\u043e\u0431\u0443\u0432\u0430\u043d\u043d\u044f RED, \u0432\u0438\u043f\u0440\u043e\u0431\u0443\u0432\u0430\u043d\u043d\u044f \u0442\u0430 \u0441\u0435\u0440\u0442\u0438\u0444\u0456\u043a\u0430\u0446\u0456\u044f \u043f\u0440\u043e\u0434\u0443\u043a\u0446\u0456\u0457, \u0432\u0438\u043f\u0440\u043e\u0431\u0443\u0432\u0430\u043d\u043d\u044f \u0435\u043b\u0435\u043a\u0442\u0440\u043e\u0442\u0435\u0445\u043d\u0456\u0447\u043d\u0438\u0445 \u0432\u0438\u0440\u043e\u0431\u0456\u0432, \u0432\u0438\u043f\u0440\u043e\u0431\u0443\u0432\u0430\u043d\u043d\u044f \u043c\u0435\u0434\u0438\u0447\u043d\u0438\u0445 \u0432\u0438\u0440\u043e\u0431\u0456\u0432, ATEX, IECEx, FCC, \u0441\u0435\u0440\u0442\u0438\u0444\u0456\u043a\u0430\u0446\u0456\u044f \u043f\u0440\u043e\u0434\u0443\u043a\u0446\u0456\u0457, \u0432\u0438\u043f\u0440\u043e\u0431\u0443\u0432\u0430\u043d\u043d\u044f \u0415\u041c\u0421, \u0441\u0435\u0440\u0442\u0438\u0444\u0456\u043a\u0430\u0446\u0456\u044f \u043c\u0430\u0448\u0438\u043d, \u043c\u0430\u0448\u0438\u043d\u0438 CE, \u043d\u0430\u0432\u0447\u0430\u043d\u043d\u044f, \u0432\u0438\u043f\u0440\u043e\u0431\u0443\u0432\u0430\u043d\u043d\u044f \u0435\u043b\u0435\u043a\u0442\u0440\u043e\u043d\u043d\u0438\u0445 \u0432\u0438\u0440\u043e\u0431\u0456\u0432, \u0432\u0438\u043f\u0440\u043e\u0431\u0443\u0432\u0430\u043d\u043d\u044f 2014\/53\/EU, \u0441\u0435\u0440\u0442\u0438\u0444\u0456\u043a\u0430\u0446\u0456\u044f \u0431\u0435\u0437\u043f\u0456\u043b\u043e\u0442\u043d\u0438\u043a\u0456\u0432, \u0441\u0435\u0440\u0442\u0438\u0444\u0456\u043a\u0430\u0442 ISO 13485, \u0441\u0435\u0440\u0442\u0438\u0444\u0456\u043a\u0430\u0442 ISO 9001, NC RfG, CPR","publisher":{"@id":"https:\/\/icrpolska.com\/#\/schema\/person\/8601820fc0521fc7bf75ae141134fbfd"},"potentialAction":[{"@type":"SearchAction","target":{"@type":"EntryPoint","urlTemplate":"https:\/\/icrpolska.com\/?s={search_term_string}"},"query-input":{"@type":"PropertyValueSpecification","valueRequired":true,"valueName":"search_term_string"}}],"inLanguage":"uk"},{"@type":["Person","Organization"],"@id":"https:\/\/icrpolska.com\/#\/schema\/person\/8601820fc0521fc7bf75ae141134fbfd","name":"\u0430\u0434\u043c\u0456\u043d\u0456\u0441\u0442\u0440\u0430\u0442\u043e\u0440","image":{"@type":"ImageObject","inLanguage":"uk","@id":"https:\/\/icrpolska.com\/wp-content\/uploads\/2019\/05\/cropped-logo-icr.32f04ad5-1-1.png","url":"https:\/\/icrpolska.com\/wp-content\/uploads\/2019\/05\/cropped-logo-icr.32f04ad5-1-1.png","contentUrl":"https:\/\/icrpolska.com\/wp-content\/uploads\/2019\/05\/cropped-logo-icr.32f04ad5-1-1.png","width":400,"height":148,"caption":"admin"},"logo":{"@id":"https:\/\/icrpolska.com\/wp-content\/uploads\/2019\/05\/cropped-logo-icr.32f04ad5-1-1.png"}}]}},"_links":{"self":[{"href":"https:\/\/icrpolska.com\/ua\/wp-json\/wp\/v2\/pages\/2019","targetHints":{"allow":["GET"]}}],"collection":[{"href":"https:\/\/icrpolska.com\/ua\/wp-json\/wp\/v2\/pages"}],"about":[{"href":"https:\/\/icrpolska.com\/ua\/wp-json\/wp\/v2\/types\/page"}],"author":[{"embeddable":true,"href":"https:\/\/icrpolska.com\/ua\/wp-json\/wp\/v2\/users\/1"}],"replies":[{"embeddable":true,"href":"https:\/\/icrpolska.com\/ua\/wp-json\/wp\/v2\/comments?post=2019"}],"version-history":[{"count":16,"href":"https:\/\/icrpolska.com\/ua\/wp-json\/wp\/v2\/pages\/2019\/revisions"}],"predecessor-version":[{"id":17178,"href":"https:\/\/icrpolska.com\/ua\/wp-json\/wp\/v2\/pages\/2019\/revisions\/17178"}],"up":[{"embeddable":true,"href":"https:\/\/icrpolska.com\/ua\/wp-json\/wp\/v2\/pages\/211"}],"wp:featuredmedia":[{"embeddable":true,"href":"https:\/\/icrpolska.com\/ua\/wp-json\/"}],"wp:attachment":[{"href":"https:\/\/icrpolska.com\/ua\/wp-json\/wp\/v2\/media?parent=2019"}],"curies":[{"name":"wp","href":"https:\/\/api.w.org\/{rel}","templated":true}]}}