{"id":7513,"date":"2023-01-05T19:21:41","date_gmt":"2023-01-05T18:21:41","guid":{"rendered":"https:\/\/icrpolska.com\/?page_id=7513"},"modified":"2026-01-16T14:40:02","modified_gmt":"2026-01-16T13:40:02","slug":"nc_rfg","status":"publish","type":"page","link":"https:\/\/icrpolska.com\/ua\/certyfikacja-wyrobow\/nc_rfg\/","title":{"rendered":"NC RfG"},"content":{"rendered":"<p><strong>\u041c\u0435\u0440\u0435\u0436\u0435\u0432\u0438\u0439 \u043a\u043e\u0434\u0435\u043a\u0441 - \u041f\u0456\u0434\u043a\u043b\u044e\u0447\u0435\u043d\u043d\u044f \u0433\u0435\u043d\u0435\u0440\u0443\u044e\u0447\u0438\u0445 \u0443\u0441\u0442\u0430\u043d\u043e\u0432\u043e\u043a \u0434\u043e \u0435\u043b\u0435\u043a\u0442\u0440\u0438\u0447\u043d\u0438\u0445 \u043c\u0435\u0440\u0435\u0436<\/strong><\/p>\n<p>\u0417 1 \u0442\u0440\u0430\u0432\u043d\u044f 2022 \u0440\u043e\u043a\u0443 \u0432\u0438\u043c\u0430\u0433\u0430\u0454\u0442\u044c\u0441\u044f \u043e\u0431\u043e\u0432'\u044f\u0437\u043a\u043e\u0432\u0435 \u0432\u0438\u043a\u043e\u0440\u0438\u0441\u0442\u0430\u043d\u043d\u044f \u0441\u0435\u0440\u0442\u0438\u0444\u0456\u043a\u0430\u0442\u0430 \u0432\u0456\u0434\u043f\u043e\u0432\u0456\u0434\u043d\u043e\u0441\u0442\u0456:<\/p>\n<ol>\n<li>\u0420\u0435\u0433\u043b\u0430\u043c\u0435\u043d\u0442 \u041a\u043e\u043c\u0456\u0441\u0456\u0457 (\u0404\u0421) 2016\/631 \u0432\u0456\u0434 14 \u043a\u0432\u0456\u0442\u043d\u044f 2016 \u0440\u043e\u043a\u0443, \u0449\u043e \u0432\u0441\u0442\u0430\u043d\u043e\u0432\u043b\u044e\u0454 \u041c\u0435\u0440\u0435\u0436\u0435\u0432\u0438\u0439 \u043a\u043e\u0434\u0435\u043a\u0441 \u0449\u043e\u0434\u043e \u0432\u0438\u043c\u043e\u0433 \u0434\u043e \u043f\u0456\u0434\u043a\u043b\u044e\u0447\u0435\u043d\u043d\u044f \u0433\u0435\u043d\u0435\u0440\u0443\u044e\u0447\u0438\u0445 \u0443\u0441\u0442\u0430\u043d\u043e\u0432\u043e\u043a \u0434\u043e \u043c\u0435\u0440\u0435\u0436\u0456 (OJ EU L 112\/1 \u0432\u0456\u0434 27.4.2016),<\/li>\n<li>\u0412\u0438\u043c\u043e\u0433\u0438 \u0437\u0430\u0433\u0430\u043b\u044c\u043d\u043e\u0433\u043e \u0437\u0430\u0441\u0442\u043e\u0441\u0443\u0432\u0430\u043d\u043d\u044f, \u0449\u043e \u0432\u0438\u043f\u043b\u0438\u0432\u0430\u044e\u0442\u044c \u0437 \u0420\u0435\u0433\u043b\u0430\u043c\u0435\u043d\u0442\u0443 \u041a\u043e\u043c\u0456\u0441\u0456\u0457 \u0404\u0421 2016\/631 \u0432\u0456\u0434 14 \u043a\u0432\u0456\u0442\u043d\u044f 2016 \u0440\u043e\u043a\u0443, \u044f\u043a\u0438\u043c \u0432\u0441\u0442\u0430\u043d\u043e\u0432\u043b\u044e\u0454\u0442\u044c\u0441\u044f \u043c\u0435\u0440\u0435\u0436\u0435\u0432\u0438\u0439 \u043a\u043e\u0434\u0435\u043a\u0441 \u0449\u043e\u0434\u043e \u0432\u0438\u043c\u043e\u0433 \u0434\u043e \u043f\u0456\u0434\u043a\u043b\u044e\u0447\u0435\u043d\u043d\u044f \u0433\u0435\u043d\u0435\u0440\u0443\u044e\u0447\u0438\u0445 \u043e\u0431'\u0454\u043a\u0442\u0456\u0432 \u0434\u043e \u043c\u0435\u0440\u0435\u0436\u0456, \u0437\u0430\u0442\u0432\u0435\u0440\u0434\u0436\u0435\u043d\u043e\u0433\u043e \u0440\u0456\u0448\u0435\u043d\u043d\u044f\u043c \u0413\u043e\u043b\u043e\u0432\u0438 \u0423\u043f\u0440\u0430\u0432\u043b\u0456\u043d\u043d\u044f \u0440\u0435\u0433\u0443\u043b\u044e\u0432\u0430\u043d\u043d\u044f \u0435\u043d\u0435\u0440\u0433\u0435\u0442\u0438\u043a\u0438.<\/li>\n<\/ol>\n<p>ICR Poland, \u043d\u0430 \u043e\u0441\u043d\u043e\u0432\u0456 \u0430\u043a\u0440\u0435\u0434\u0438\u0442\u0430\u0446\u0456\u0457 AC197, \u043d\u0430\u0434\u0430\u043d\u043e\u0457 PCA, \u0454 \u043e\u0440\u0433\u0430\u043d\u043e\u043c \u0441\u0435\u0440\u0442\u0438\u0444\u0456\u043a\u0430\u0446\u0456\u0457, \u044f\u043a\u0438\u0439 \u043c\u0430\u0454 \u043a\u043e\u043c\u043f\u0435\u0442\u0435\u043d\u0446\u0456\u044e \u043e\u0446\u0456\u043d\u044e\u0432\u0430\u0442\u0438 \u0433\u0435\u043d\u0435\u0440\u0443\u044e\u0447\u0456 \u043e\u0434\u0438\u043d\u0438\u0446\u0456 \u0432\u0456\u0434\u043f\u043e\u0432\u0456\u0434\u043d\u043e \u0434\u043e \u0432\u0438\u0449\u0435\u0437\u0430\u0437\u043d\u0430\u0447\u0435\u043d\u0438\u0445 \u0432\u0438\u043c\u043e\u0433.<\/p>\n<p>\u041d\u0430\u0448\u0456 \u0441\u0435\u0440\u0442\u0438\u0444\u0456\u043a\u0430\u0442\u0438 \u0432\u0438\u0434\u0430\u044e\u0442\u044c\u0441\u044f \u043d\u0430 \u043f\u0456\u0434\u0441\u0442\u0430\u0432\u0456 \u043f\u0440\u043e\u0433\u0440\u0430\u043c\u0438 \u0441\u0435\u0440\u0442\u0438\u0444\u0456\u043a\u0430\u0446\u0456\u0457, \u0449\u043e \u0432\u0456\u0434\u043f\u043e\u0432\u0456\u0434\u0430\u0454 \u0434\u043e\u043a\u0443\u043c\u0435\u043d\u0442\u0443 PTPiREE \u201e\u0423\u043c\u043e\u0432\u0438 \u0442\u0430 \u043f\u0440\u043e\u0446\u0435\u0434\u0443\u0440\u0438 \u0432\u0438\u043a\u043e\u0440\u0438\u0441\u0442\u0430\u043d\u043d\u044f \u0441\u0435\u0440\u0442\u0438\u0444\u0456\u043a\u0430\u0442\u0456\u0432 \u0443 \u043f\u0440\u043e\u0446\u0435\u0441\u0456 \u043f\u0456\u0434\u043a\u043b\u044e\u0447\u0435\u043d\u043d\u044f \u043c\u043e\u0434\u0443\u043b\u0456\u0432 \u0432\u0438\u0440\u043e\u0431\u043d\u0438\u0446\u0442\u0432\u0430 \u0435\u043d\u0435\u0440\u0433\u0456\u0457 \u0434\u043e \u0435\u043b\u0435\u043a\u0442\u0440\u043e\u0435\u043d\u0435\u0440\u0433\u0435\u0442\u0438\u0447\u043d\u0438\u0445 \u043c\u0435\u0440\u0435\u0436\u201d \u2013 \u0432\u0435\u0440\u0441\u0456\u044f 1.3 \u0432\u0456\u0434 1 \u0436\u043e\u0432\u0442\u043d\u044f 2024 \u0440\u043e\u043a\u0443.<\/p>\n<p>\u041c\u0438 \u0437\u0430\u043f\u0440\u043e\u0448\u0443\u0454\u043c\u043e \u0432\u0438\u0440\u043e\u0431\u043d\u0438\u043a\u0456\u0432 \u0442\u0430 \u0456\u043c\u043f\u043e\u0440\u0442\u0435\u0440\u0456\u0432 \u043c\u043e\u0434\u0443\u043b\u0456\u0432 \u0433\u0435\u043d\u0435\u0440\u0430\u0446\u0456\u0457 \u0435\u043b\u0435\u043a\u0442\u0440\u043e\u0435\u043d\u0435\u0440\u0433\u0456\u0457 \u0441\u043a\u043e\u0440\u0438\u0441\u0442\u0430\u0442\u0438\u0441\u044f \u043d\u0430\u0448\u0438\u043c\u0438 \u043f\u043e\u0441\u043b\u0443\u0433\u0430\u043c\u0438, \u0449\u043e\u0431 \u043f\u0440\u043e\u043f\u043e\u043d\u043e\u0432\u0430\u043d\u0456 \u043f\u0440\u043e\u0434\u0443\u043a\u0442\u0438 \u043c\u043e\u0433\u043b\u0438 \u0431\u0443\u0442\u0438 \u043f\u0456\u0434\u043a\u043b\u044e\u0447\u0435\u043d\u0456 \u0434\u043e \u0435\u043b\u0435\u043a\u0442\u0440\u043e\u043c\u0435\u0440\u0435\u0436 \u043d\u0430 \u0442\u0435\u0440\u0438\u0442\u043e\u0440\u0456\u0457 \u0404\u0421.<\/p>\n<p><img decoding=\"async\" class=\"alignnone wp-image-3362\" src=\"http:\/\/icrpolska.com\/wp-content\/uploads\/2019\/06\/Email-icon-e1560506652454.png\" alt=\"\" width=\"28\" height=\"20\" \/> <a href=\"mailto:icrpolska@icrqa.com?subject=NC_RfG%20Certificate&amp;body=I%20plan%20to%20certificate%20for%20NC_RfG.%0APlease,%20contact%20me%20to%20more%20information.%0A\">\u0417\u0432\u0435\u0440\u043d\u0456\u0442\u044c\u0441\u044f \u0434\u043e ICR \u041f\u043e\u043b\u044c\u0449\u0430<\/a><\/p>\n<p>\u041f\u043e\u0441\u0442\u0430\u0432\u0442\u0435 \u0441\u043e\u0431\u0456 \u0437\u0430 \u043c\u0435\u0442\u0443 \u0431\u0443\u0442\u0438 \u043f\u0440\u0438\u043d\u0430\u0439\u043c\u043d\u0456 \u043d\u0430 \u043a\u0440\u043e\u043a \u043f\u043e\u043f\u0435\u0440\u0435\u0434\u0443 \u043a\u043e\u043d\u043a\u0443\u0440\u0435\u043d\u0442\u0456\u0432.<\/p>\n<p><a href=\"https:\/\/icrpolska.com\/wp-content\/uploads\/2019\/06\/Program-oceny-zgodno\u015bci-w-zakresie-ATEX.pdf\" target=\"_blank\" rel=\"noopener noreferrer\"><img decoding=\"async\" class=\"alignnone wp-image-2679\" src=\"https:\/\/icrpolska.com\/wp-content\/uploads\/2019\/06\/adobe.jpg\" alt=\"\" width=\"20\" height=\"21\" srcset=\"https:\/\/icrpolska.com\/wp-content\/uploads\/2019\/06\/adobe.jpg 218w, https:\/\/icrpolska.com\/wp-content\/uploads\/2019\/06\/adobe-150x150.jpg 150w\" sizes=\"(max-width: 20px) 100vw, 20px\" \/> <\/a><a href=\"https:\/\/icrpolska.com\/wp-content\/uploads\/2025\/06\/PC-P-07-10-6-Program-oceny-zgodnosci-sieci-energetyczne.pdf\" target=\"_blank\" rel=\"noopener\">\u041f\u0440\u043e\u0433\u0440\u0430\u043c\u0430 \u043e\u0446\u0456\u043d\u043a\u0438 \u0432\u0456\u0434\u043f\u043e\u0432\u0456\u0434\u043d\u043e\u0441\u0442\u0456 \u043e\u0431\u043b\u0430\u0434\u043d\u0430\u043d\u043d\u044f \u0437 NC RfG (EU) 2016\/631<\/a><\/p>\n<p><a href=\"https:\/\/icrpolska.com\/wp-content\/uploads\/2022\/11\/F-P-07-01-1-1-wniosek-o-przeprowadzenie-oceny-sprzetu-2016-631.docx\" target=\"_blank\" rel=\"noopener\"><img decoding=\"async\" class=\"alignnone wp-image-2678\" src=\"https:\/\/icrpolska.com\/wp-content\/uploads\/2019\/06\/word.jpg\" sizes=\"(max-width: 20px) 100vw, 20px\" srcset=\"https:\/\/icrpolska.com\/wp-content\/uploads\/2019\/06\/word.jpg 208w, https:\/\/icrpolska.com\/wp-content\/uploads\/2019\/06\/word-150x150.jpg 150w\" alt=\"\" width=\"20\" height=\"20\" \/><\/a> <a href=\"https:\/\/icrpolska.com\/wp-content\/uploads\/2026\/01\/F-P-07-01-1-3-wniosek-o-przeprowadzenie-oceny-sprzetu-2016-631.docx\" target=\"_blank\" rel=\"noopener\">\u0417\u0430\u044f\u0432\u043a\u0430 \u043d\u0430 \u043e\u0446\u0456\u043d\u043a\u0443 \u043e\u0431\u043b\u0430\u0434\u043d\u0430\u043d\u043d\u044f (\u0420\u0435\u0433\u043b\u0430\u043c\u0435\u043d\u0442 (\u0404\u0421) 2016\/631)<\/a><\/p>","protected":false},"excerpt":{"rendered":"<p>\u0417 1 \u0442\u0440\u0430\u0432\u043d\u044f 2022 \u0440\u043e\u043a\u0443 \u043e\u0431\u043e\u0432'\u044f\u0437\u043a\u043e\u0432\u0438\u043c \u0454 \u0432\u0438\u043a\u043e\u0440\u0438\u0441\u0442\u0430\u043d\u043d\u044f \u0441\u0435\u0440\u0442\u0438\u0444\u0456\u043a\u0430\u0442\u0443, \u0449\u043e \u043f\u0456\u0434\u0442\u0432\u0435\u0440\u0434\u0436\u0443\u0454 \u0432\u0456\u0434\u043f\u043e\u0432\u0456\u0434\u043d\u0456\u0441\u0442\u044c \u0432\u0438\u043c\u043e\u0433\u0430\u043c \u0434\u043e \u043f\u0456\u0434\u043a\u043b\u044e\u0447\u0435\u043d\u043d\u044f \u0433\u0435\u043d\u0435\u0440\u0443\u044e\u0447\u0438\u0445 \u0443\u0441\u0442\u0430\u043d\u043e\u0432\u043e\u043a \u0434\u043e \u0435\u043b\u0435\u043a\u0442\u0440\u043e\u043c\u0435\u0440\u0435\u0436\u0456: \u0420\u0435\u0433\u043b\u0430\u043c\u0435\u043d\u0442\u0443 \u041a\u043e\u043c\u0456\u0441\u0456\u0457 (\u0404\u0421) 2016\/631 \u0432\u0456\u0434 14 \u043a\u0432\u0456\u0442\u043d\u044f 2016 \u0440\u043e\u043a\u0443, \u0449\u043e \u0432\u0441\u0442\u0430\u043d\u043e\u0432\u043b\u044e\u0454 \u041c\u0435\u0440\u0435\u0436\u0435\u0432\u0438\u0439 \u043a\u043e\u0434\u0435\u043a\u0441 \u0449\u043e\u0434\u043e \u0432\u0438\u043c\u043e\u0433 \u0434\u043e \u043f\u0456\u0434\u043a\u043b\u044e\u0447\u0435\u043d\u043d\u044f \u0433\u0435\u043d\u0435\u0440\u0443\u044e\u0447\u0438\u0445 \u0443\u0441\u0442\u0430\u043d\u043e\u0432\u043e\u043a \u0434\u043e \u0435\u043b\u0435\u043a\u0442\u0440\u043e\u043c\u0435\u0440\u0435\u0436\u0456 (OJ EU L 112\/1 \u0432\u0456\u0434 27.4.2016), \u0417\u0430\u0433\u0430\u043b\u044c\u043d\u0438\u043c \u0432\u0438\u043c\u043e\u0433\u0430\u043c \u0434\u043e \u0437\u0430\u0441\u0442\u043e\u0441\u0443\u0432\u0430\u043d\u043d\u044f \u0437\u0433\u0456\u0434\u043d\u043e \u0437 \u0420\u0435\u0433\u043b\u0430\u043c\u0435\u043d\u0442\u043e\u043c.&nbsp;<a href=\"https:\/\/icrpolska.com\/ua\/certyfikacja-wyrobow\/nc_rfg\/\" rel=\"bookmark\">\u0427\u0438\u0442\u0430\u0442\u0438 \u0434\u0430\u043b\u0456 \"<span class=\"screen-reader-text\">NC RfG<\/span><\/a><\/p>","protected":false},"author":2,"featured_media":0,"parent":211,"menu_order":0,"comment_status":"closed","ping_status":"closed","template":"","meta":{"neve_meta_sidebar":"left","neve_meta_container":"","neve_meta_enable_content_width":"off","neve_meta_content_width":100,"neve_meta_title_alignment":"","neve_meta_author_avatar":"","neve_post_elements_order":"","neve_meta_disable_header":"","neve_meta_disable_footer":"","neve_meta_disable_title":"","footnotes":""},"class_list":["post-7513","page","type-page","status-publish","hentry"],"yoast_head":"<!-- This site is optimized with the Yoast SEO plugin v27.3 - https:\/\/yoast.com\/product\/yoast-seo-wordpress\/ -->\n<title>NC RfG - ICR POLSKA - badania i certyfikacja<\/title>\n<meta name=\"robots\" content=\"index, follow, max-snippet:-1, max-image-preview:large, max-video-preview:-1\" \/>\n<link rel=\"canonical\" href=\"https:\/\/icrpolska.com\/ua\/certyfikacja-wyrobow\/nc_rfg\/\" \/>\n<meta property=\"og:locale\" content=\"uk_UA\" \/>\n<meta property=\"og:type\" content=\"article\" \/>\n<meta property=\"og:title\" content=\"NC RfG - ICR POLSKA - badania i certyfikacja\" \/>\n<meta property=\"og:description\" content=\"Kodeks sieciowy &#8211; przy\u0142\u0105czanie jednostek wytw\u00f3rczych do sieci elektroenergetycznych Od 1 maja 2022 r. jest wymagane obligatoryjne stosowanie certyfikatu potwierdzaj\u0105cego spe\u0142nienie: Rozporz\u0105dzenia Komisji (UE) 2016\/631 z dnia 14 kwietnia 2016 r. ustanawiaj\u0105cego kodeks sieci dotycz\u0105cy wymog\u00f3w w zakresie przy\u0142\u0105czenia jednostek wytw\u00f3rczych do sieci (Dz.U. UE L 112\/1 z 27.4.2016), Wymog\u00f3w Og\u00f3lnego Stosowania wynikaj\u0105cych z rozporz\u0105dzenia&hellip;&nbsp;\u0427\u0438\u0442\u0430\u0442\u0438 \u0434\u0430\u043b\u0456 &raquo;NC RfG\" \/>\n<meta property=\"og:url\" content=\"https:\/\/icrpolska.com\/ua\/certyfikacja-wyrobow\/nc_rfg\/\" \/>\n<meta property=\"og:site_name\" content=\"ICR POLSKA - badania i certyfikacja\" \/>\n<meta property=\"article:modified_time\" content=\"2026-01-16T13:40:02+00:00\" \/>\n<meta property=\"og:image\" content=\"https:\/\/icrpolska.com\/wp-content\/uploads\/2019\/06\/Email-icon-e1560506652454.png\" \/>\n\t<meta property=\"og:image:width\" content=\"35\" \/>\n\t<meta property=\"og:image:height\" content=\"25\" \/>\n\t<meta property=\"og:image:type\" content=\"image\/png\" \/>\n<meta name=\"twitter:card\" content=\"summary_large_image\" \/>\n<meta name=\"twitter:label1\" content=\"\u041f\u0440\u0438\u0431\u043b. \u0447\u0430\u0441 \u0447\u0438\u0442\u0430\u043d\u043d\u044f\" \/>\n\t<meta name=\"twitter:data1\" content=\"2 \u0445\u0432\u0438\u043b\u0438\u043d\u0438\" \/>\n<script type=\"application\/ld+json\" class=\"yoast-schema-graph\">{\"@context\":\"https:\\\/\\\/schema.org\",\"@graph\":[{\"@type\":\"WebPage\",\"@id\":\"https:\\\/\\\/icrpolska.com\\\/certyfikacja-wyrobow\\\/nc_rfg\\\/\",\"url\":\"https:\\\/\\\/icrpolska.com\\\/certyfikacja-wyrobow\\\/nc_rfg\\\/\",\"name\":\"NC RfG - ICR POLSKA - badania i certyfikacja\",\"isPartOf\":{\"@id\":\"https:\\\/\\\/icrpolska.com\\\/#website\"},\"primaryImageOfPage\":{\"@id\":\"https:\\\/\\\/icrpolska.com\\\/certyfikacja-wyrobow\\\/nc_rfg\\\/#primaryimage\"},\"image\":{\"@id\":\"https:\\\/\\\/icrpolska.com\\\/certyfikacja-wyrobow\\\/nc_rfg\\\/#primaryimage\"},\"thumbnailUrl\":\"http:\\\/\\\/icrpolska.com\\\/wp-content\\\/uploads\\\/2019\\\/06\\\/Email-icon-e1560506652454.png\",\"datePublished\":\"2023-01-05T18:21:41+00:00\",\"dateModified\":\"2026-01-16T13:40:02+00:00\",\"breadcrumb\":{\"@id\":\"https:\\\/\\\/icrpolska.com\\\/certyfikacja-wyrobow\\\/nc_rfg\\\/#breadcrumb\"},\"inLanguage\":\"uk\",\"potentialAction\":[{\"@type\":\"ReadAction\",\"target\":[\"https:\\\/\\\/icrpolska.com\\\/certyfikacja-wyrobow\\\/nc_rfg\\\/\"]}]},{\"@type\":\"ImageObject\",\"inLanguage\":\"uk\",\"@id\":\"https:\\\/\\\/icrpolska.com\\\/certyfikacja-wyrobow\\\/nc_rfg\\\/#primaryimage\",\"url\":\"http:\\\/\\\/icrpolska.com\\\/wp-content\\\/uploads\\\/2019\\\/06\\\/Email-icon-e1560506652454.png\",\"contentUrl\":\"http:\\\/\\\/icrpolska.com\\\/wp-content\\\/uploads\\\/2019\\\/06\\\/Email-icon-e1560506652454.png\"},{\"@type\":\"BreadcrumbList\",\"@id\":\"https:\\\/\\\/icrpolska.com\\\/certyfikacja-wyrobow\\\/nc_rfg\\\/#breadcrumb\",\"itemListElement\":[{\"@type\":\"ListItem\",\"position\":1,\"name\":\"Strona g\u0142\u00f3wna\",\"item\":\"https:\\\/\\\/icrpolska.com\\\/\"},{\"@type\":\"ListItem\",\"position\":2,\"name\":\"Certyfikacja wyrob\u00f3w\",\"item\":\"https:\\\/\\\/icrpolska.com\\\/certyfikacja-wyrobow\\\/\"},{\"@type\":\"ListItem\",\"position\":3,\"name\":\"NC RfG\"}]},{\"@type\":\"WebSite\",\"@id\":\"https:\\\/\\\/icrpolska.com\\\/#website\",\"url\":\"https:\\\/\\\/icrpolska.com\\\/\",\"name\":\"ICR POLSKA - badania i certyfikacja\",\"description\":\"CE certification, CE certificate, ISO certificate, RED testing, product testing and certification, electrical product testing, medical device testing, ATEX, IECEx, FCC, product certification, EMC testing, machinery certification, CE machines, training, electronic product testing, testing 2014\\\/53\\\/EU, drone certification, ISO 13485 certificate, ISO 9001 certificate, NC RfG, CPR\",\"publisher\":{\"@id\":\"https:\\\/\\\/icrpolska.com\\\/#\\\/schema\\\/person\\\/8601820fc0521fc7bf75ae141134fbfd\"},\"potentialAction\":[{\"@type\":\"SearchAction\",\"target\":{\"@type\":\"EntryPoint\",\"urlTemplate\":\"https:\\\/\\\/icrpolska.com\\\/?s={search_term_string}\"},\"query-input\":{\"@type\":\"PropertyValueSpecification\",\"valueRequired\":true,\"valueName\":\"search_term_string\"}}],\"inLanguage\":\"uk\"},{\"@type\":[\"Person\",\"Organization\"],\"@id\":\"https:\\\/\\\/icrpolska.com\\\/#\\\/schema\\\/person\\\/8601820fc0521fc7bf75ae141134fbfd\",\"name\":\"admin\",\"image\":{\"@type\":\"ImageObject\",\"inLanguage\":\"uk\",\"@id\":\"https:\\\/\\\/icrpolska.com\\\/wp-content\\\/uploads\\\/2019\\\/05\\\/cropped-logo-icr.32f04ad5-1-1.png\",\"url\":\"https:\\\/\\\/icrpolska.com\\\/wp-content\\\/uploads\\\/2019\\\/05\\\/cropped-logo-icr.32f04ad5-1-1.png\",\"contentUrl\":\"https:\\\/\\\/icrpolska.com\\\/wp-content\\\/uploads\\\/2019\\\/05\\\/cropped-logo-icr.32f04ad5-1-1.png\",\"width\":400,\"height\":148,\"caption\":\"admin\"},\"logo\":{\"@id\":\"https:\\\/\\\/icrpolska.com\\\/wp-content\\\/uploads\\\/2019\\\/05\\\/cropped-logo-icr.32f04ad5-1-1.png\"}}]}<\/script>\n<!-- \/ Yoast SEO plugin. -->","yoast_head_json":{"title":"NC RfG - ICR POLAND - \u0432\u0438\u043f\u0440\u043e\u0431\u0443\u0432\u0430\u043d\u043d\u044f \u0442\u0430 \u0441\u0435\u0440\u0442\u0438\u0444\u0456\u043a\u0430\u0446\u0456\u044f","robots":{"index":"index","follow":"follow","max-snippet":"max-snippet:-1","max-image-preview":"max-image-preview:large","max-video-preview":"max-video-preview:-1"},"canonical":"https:\/\/icrpolska.com\/ua\/certyfikacja-wyrobow\/nc_rfg\/","og_locale":"uk_UA","og_type":"article","og_title":"NC RfG - ICR POLSKA - badania i certyfikacja","og_description":"Kodeks sieciowy &#8211; przy\u0142\u0105czanie jednostek wytw\u00f3rczych do sieci elektroenergetycznych Od 1 maja 2022 r. jest wymagane obligatoryjne stosowanie certyfikatu potwierdzaj\u0105cego spe\u0142nienie: Rozporz\u0105dzenia Komisji (UE) 2016\/631 z dnia 14 kwietnia 2016 r. ustanawiaj\u0105cego kodeks sieci dotycz\u0105cy wymog\u00f3w w zakresie przy\u0142\u0105czenia jednostek wytw\u00f3rczych do sieci (Dz.U. UE L 112\/1 z 27.4.2016), Wymog\u00f3w Og\u00f3lnego Stosowania wynikaj\u0105cych z rozporz\u0105dzenia&hellip;&nbsp;\u0427\u0438\u0442\u0430\u0442\u0438 \u0434\u0430\u043b\u0456 &raquo;NC RfG","og_url":"https:\/\/icrpolska.com\/ua\/certyfikacja-wyrobow\/nc_rfg\/","og_site_name":"ICR POLSKA - badania i certyfikacja","article_modified_time":"2026-01-16T13:40:02+00:00","og_image":[{"width":35,"height":25,"url":"https:\/\/icrpolska.com\/wp-content\/uploads\/2019\/06\/Email-icon-e1560506652454.png","type":"image\/png"}],"twitter_card":"summary_large_image","twitter_misc":{"\u041f\u0440\u0438\u0431\u043b. \u0447\u0430\u0441 \u0447\u0438\u0442\u0430\u043d\u043d\u044f":"2 \u0445\u0432\u0438\u043b\u0438\u043d\u0438"},"schema":{"@context":"https:\/\/schema.org","@graph":[{"@type":"WebPage","@id":"https:\/\/icrpolska.com\/certyfikacja-wyrobow\/nc_rfg\/","url":"https:\/\/icrpolska.com\/certyfikacja-wyrobow\/nc_rfg\/","name":"NC RfG - ICR POLAND - \u0432\u0438\u043f\u0440\u043e\u0431\u0443\u0432\u0430\u043d\u043d\u044f \u0442\u0430 \u0441\u0435\u0440\u0442\u0438\u0444\u0456\u043a\u0430\u0446\u0456\u044f","isPartOf":{"@id":"https:\/\/icrpolska.com\/#website"},"primaryImageOfPage":{"@id":"https:\/\/icrpolska.com\/certyfikacja-wyrobow\/nc_rfg\/#primaryimage"},"image":{"@id":"https:\/\/icrpolska.com\/certyfikacja-wyrobow\/nc_rfg\/#primaryimage"},"thumbnailUrl":"http:\/\/icrpolska.com\/wp-content\/uploads\/2019\/06\/Email-icon-e1560506652454.png","datePublished":"2023-01-05T18:21:41+00:00","dateModified":"2026-01-16T13:40:02+00:00","breadcrumb":{"@id":"https:\/\/icrpolska.com\/certyfikacja-wyrobow\/nc_rfg\/#breadcrumb"},"inLanguage":"uk","potentialAction":[{"@type":"ReadAction","target":["https:\/\/icrpolska.com\/certyfikacja-wyrobow\/nc_rfg\/"]}]},{"@type":"ImageObject","inLanguage":"uk","@id":"https:\/\/icrpolska.com\/certyfikacja-wyrobow\/nc_rfg\/#primaryimage","url":"http:\/\/icrpolska.com\/wp-content\/uploads\/2019\/06\/Email-icon-e1560506652454.png","contentUrl":"http:\/\/icrpolska.com\/wp-content\/uploads\/2019\/06\/Email-icon-e1560506652454.png"},{"@type":"BreadcrumbList","@id":"https:\/\/icrpolska.com\/certyfikacja-wyrobow\/nc_rfg\/#breadcrumb","itemListElement":[{"@type":"ListItem","position":1,"name":"Strona g\u0142\u00f3wna","item":"https:\/\/icrpolska.com\/"},{"@type":"ListItem","position":2,"name":"Certyfikacja wyrob\u00f3w","item":"https:\/\/icrpolska.com\/certyfikacja-wyrobow\/"},{"@type":"ListItem","position":3,"name":"NC RfG"}]},{"@type":"WebSite","@id":"https:\/\/icrpolska.com\/#website","url":"https:\/\/icrpolska.com\/","name":"ICR POLAND - \u0442\u0435\u0441\u0442\u0443\u0432\u0430\u043d\u043d\u044f \u0442\u0430 \u0441\u0435\u0440\u0442\u0438\u0444\u0456\u043a\u0430\u0446\u0456\u044f","description":"\u0421\u0435\u0440\u0442\u0438\u0444\u0456\u043a\u0430\u0446\u0456\u044f CE, \u0441\u0435\u0440\u0442\u0438\u0444\u0456\u043a\u0430\u0442 CE, \u0441\u0435\u0440\u0442\u0438\u0444\u0456\u043a\u0430\u0442 ISO, \u0432\u0438\u043f\u0440\u043e\u0431\u0443\u0432\u0430\u043d\u043d\u044f RED, \u0432\u0438\u043f\u0440\u043e\u0431\u0443\u0432\u0430\u043d\u043d\u044f \u0442\u0430 \u0441\u0435\u0440\u0442\u0438\u0444\u0456\u043a\u0430\u0446\u0456\u044f \u043f\u0440\u043e\u0434\u0443\u043a\u0446\u0456\u0457, \u0432\u0438\u043f\u0440\u043e\u0431\u0443\u0432\u0430\u043d\u043d\u044f \u0435\u043b\u0435\u043a\u0442\u0440\u043e\u0442\u0435\u0445\u043d\u0456\u0447\u043d\u0438\u0445 \u0432\u0438\u0440\u043e\u0431\u0456\u0432, \u0432\u0438\u043f\u0440\u043e\u0431\u0443\u0432\u0430\u043d\u043d\u044f \u043c\u0435\u0434\u0438\u0447\u043d\u0438\u0445 \u0432\u0438\u0440\u043e\u0431\u0456\u0432, ATEX, IECEx, FCC, \u0441\u0435\u0440\u0442\u0438\u0444\u0456\u043a\u0430\u0446\u0456\u044f \u043f\u0440\u043e\u0434\u0443\u043a\u0446\u0456\u0457, \u0432\u0438\u043f\u0440\u043e\u0431\u0443\u0432\u0430\u043d\u043d\u044f \u0415\u041c\u0421, \u0441\u0435\u0440\u0442\u0438\u0444\u0456\u043a\u0430\u0446\u0456\u044f \u043c\u0430\u0448\u0438\u043d, \u043c\u0430\u0448\u0438\u043d\u0438 CE, \u043d\u0430\u0432\u0447\u0430\u043d\u043d\u044f, \u0432\u0438\u043f\u0440\u043e\u0431\u0443\u0432\u0430\u043d\u043d\u044f \u0435\u043b\u0435\u043a\u0442\u0440\u043e\u043d\u043d\u0438\u0445 \u0432\u0438\u0440\u043e\u0431\u0456\u0432, \u0432\u0438\u043f\u0440\u043e\u0431\u0443\u0432\u0430\u043d\u043d\u044f 2014\/53\/EU, \u0441\u0435\u0440\u0442\u0438\u0444\u0456\u043a\u0430\u0446\u0456\u044f \u0431\u0435\u0437\u043f\u0456\u043b\u043e\u0442\u043d\u0438\u043a\u0456\u0432, \u0441\u0435\u0440\u0442\u0438\u0444\u0456\u043a\u0430\u0442 ISO 13485, \u0441\u0435\u0440\u0442\u0438\u0444\u0456\u043a\u0430\u0442 ISO 9001, NC RfG, CPR","publisher":{"@id":"https:\/\/icrpolska.com\/#\/schema\/person\/8601820fc0521fc7bf75ae141134fbfd"},"potentialAction":[{"@type":"SearchAction","target":{"@type":"EntryPoint","urlTemplate":"https:\/\/icrpolska.com\/?s={search_term_string}"},"query-input":{"@type":"PropertyValueSpecification","valueRequired":true,"valueName":"search_term_string"}}],"inLanguage":"uk"},{"@type":["Person","Organization"],"@id":"https:\/\/icrpolska.com\/#\/schema\/person\/8601820fc0521fc7bf75ae141134fbfd","name":"\u0430\u0434\u043c\u0456\u043d\u0456\u0441\u0442\u0440\u0430\u0442\u043e\u0440","image":{"@type":"ImageObject","inLanguage":"uk","@id":"https:\/\/icrpolska.com\/wp-content\/uploads\/2019\/05\/cropped-logo-icr.32f04ad5-1-1.png","url":"https:\/\/icrpolska.com\/wp-content\/uploads\/2019\/05\/cropped-logo-icr.32f04ad5-1-1.png","contentUrl":"https:\/\/icrpolska.com\/wp-content\/uploads\/2019\/05\/cropped-logo-icr.32f04ad5-1-1.png","width":400,"height":148,"caption":"admin"},"logo":{"@id":"https:\/\/icrpolska.com\/wp-content\/uploads\/2019\/05\/cropped-logo-icr.32f04ad5-1-1.png"}}]}},"_links":{"self":[{"href":"https:\/\/icrpolska.com\/ua\/wp-json\/wp\/v2\/pages\/7513","targetHints":{"allow":["GET"]}}],"collection":[{"href":"https:\/\/icrpolska.com\/ua\/wp-json\/wp\/v2\/pages"}],"about":[{"href":"https:\/\/icrpolska.com\/ua\/wp-json\/wp\/v2\/types\/page"}],"author":[{"embeddable":true,"href":"https:\/\/icrpolska.com\/ua\/wp-json\/wp\/v2\/users\/2"}],"replies":[{"embeddable":true,"href":"https:\/\/icrpolska.com\/ua\/wp-json\/wp\/v2\/comments?post=7513"}],"version-history":[{"count":20,"href":"https:\/\/icrpolska.com\/ua\/wp-json\/wp\/v2\/pages\/7513\/revisions"}],"predecessor-version":[{"id":17352,"href":"https:\/\/icrpolska.com\/ua\/wp-json\/wp\/v2\/pages\/7513\/revisions\/17352"}],"up":[{"embeddable":true,"href":"https:\/\/icrpolska.com\/ua\/wp-json\/wp\/v2\/pages\/211"}],"wp:attachment":[{"href":"https:\/\/icrpolska.com\/ua\/wp-json\/wp\/v2\/media?parent=7513"}],"curies":[{"name":"wp","href":"https:\/\/api.w.org\/{rel}","templated":true}]}}